{"id":238502,"date":"2023-11-13T15:11:44","date_gmt":"2023-11-13T13:11:44","guid":{"rendered":"https:\/\/evolve-fitness.eu\/product\/evolve-double-monkey-bar-1100-mm-1800-mm-2\/"},"modified":"2026-04-23T09:53:56","modified_gmt":"2026-04-23T06:53:56","slug":"evolve-double-monkey-bar-1100-mm-1800-mm-2","status":"publish","type":"product","link":"https:\/\/evolve-fitness.eu\/it\/prodotto\/evolve-double-monkey-bar-1100-mm-1800-mm-2\/","title":{"rendered":"Evolve Double Monkey Bar &#8211; 1100 mm \/ 1800 mm"},"content":{"rendered":"\n<section class=\"wp-block-group alignfull has-lightgray-background-color has-background is-layout-constrained wp-block-group-is-layout-constrained\">\n<div class=\"wp-block-columns alignwide is-layout-flex wp-container-core-columns-is-layout-2edb0647 wp-block-columns-is-layout-flex\" style=\"margin-top:0;margin-bottom:0\">\n<div class=\"wp-block-column is-layout-flow wp-block-column-is-layout-flow\" style=\"flex-basis:33.33%\"><\/div>\n\n\n\n<div class=\"wp-block-column is-layout-flow wp-block-column-is-layout-flow\" style=\"flex-basis:66.66%\"><\/div>\n<\/div>\n<\/section>\n","protected":false},"excerpt":{"rendered":"<p>Vylep\u0161ete sv\u016fj tr\u00e9nink s dvojitou opi\u010d\u00ed ty\u010d\u00ed Evolve v d\u00e9lk\u00e1ch 1100 mm nebo 1800 mm. Il Tyto ty\u010de jsou ur\u010deny pro soupravy Evolve a pozvednou v\u00e1\u0161 funk\u010dn\u00ed, crossfitov\u00fd, skupinov\u00fd nebo individu\u00e1ln\u00ed tr\u00e9nink. La barra robusta da 32 mm e la compatibilit\u00e0 con il terreno di lavoro di Evolve Double Monkey Bar ti permetteranno di fare un salto nel mondo del fitness. Cena za kus. Zlep\u0161ete svou kondici je\u0161t\u011b dnes.    <\/p>\n","protected":false},"featured_media":0,"template":"","meta":{"_acf_changed":false,"inline_featured_image":false},"product_brand":[],"product_cat":[13032],"product_tag":[],"class_list":{"0":"post-238502","1":"product","2":"type-product","3":"status-publish","5":"product_cat-hyrox-gear","7":"first","8":"instock","9":"shipping-taxable","10":"purchasable","11":"product-type-simple"},"acf":{"long_title":"","subtitle":"","specifications":null,"product_frequently_asked_questions":null},"yoast_head":"<!-- This site is optimized with the Yoast SEO plugin v27.4 - https:\/\/yoast.com\/product\/yoast-seo-wordpress\/ -->\n<title>Evolve Double Monkey Bar - 1100 mm \/ 1800 mm - Evolve<\/title>\n<meta name=\"robots\" content=\"index, follow, max-snippet:-1, max-image-preview:large, max-video-preview:-1\" \/>\n<link rel=\"canonical\" href=\"https:\/\/evolve-fitness.eu\/it\/prodotto\/evolve-double-monkey-bar-1100-mm-1800-mm-2\/\" \/>\n<meta property=\"og:locale\" content=\"it_IT\" \/>\n<meta property=\"og:type\" content=\"article\" \/>\n<meta property=\"og:title\" content=\"Evolve Double Monkey Bar - 1100 mm \/ 1800 mm - Evolve\" \/>\n<meta property=\"og:url\" content=\"https:\/\/evolve-fitness.eu\/it\/prodotto\/evolve-double-monkey-bar-1100-mm-1800-mm-2\/\" \/>\n<meta property=\"og:site_name\" content=\"Evolve\" \/>\n<meta property=\"article:publisher\" content=\"https:\/\/www.facebook.com\/EvolveFitnessEurope\" \/>\n<meta property=\"article:modified_time\" content=\"2026-04-23T06:53:56+00:00\" \/>\n<meta name=\"twitter:card\" content=\"summary_large_image\" \/>\n<script type=\"application\/ld+json\" class=\"yoast-schema-graph\">{\"@context\":\"https:\\\/\\\/schema.org\",\"@graph\":[{\"@type\":\"WebPage\",\"@id\":\"https:\\\/\\\/evolve-fitness.eu\\\/it\\\/prodotto\\\/evolve-double-monkey-bar-1100-mm-1800-mm-2\\\/\",\"url\":\"https:\\\/\\\/evolve-fitness.eu\\\/it\\\/prodotto\\\/evolve-double-monkey-bar-1100-mm-1800-mm-2\\\/\",\"name\":\"Evolve Double Monkey Bar - 1100 mm \\\/ 1800 mm - Evolve\",\"isPartOf\":{\"@id\":\"https:\\\/\\\/evolve-fitness.eu\\\/it\\\/#website\"},\"datePublished\":\"2023-11-13T13:11:44+00:00\",\"dateModified\":\"2026-04-23T06:53:56+00:00\",\"breadcrumb\":{\"@id\":\"https:\\\/\\\/evolve-fitness.eu\\\/it\\\/prodotto\\\/evolve-double-monkey-bar-1100-mm-1800-mm-2\\\/#breadcrumb\"},\"inLanguage\":\"it-IT\",\"potentialAction\":[{\"@type\":\"ReadAction\",\"target\":[\"https:\\\/\\\/evolve-fitness.eu\\\/it\\\/prodotto\\\/evolve-double-monkey-bar-1100-mm-1800-mm-2\\\/\"]}]},{\"@type\":\"BreadcrumbList\",\"@id\":\"https:\\\/\\\/evolve-fitness.eu\\\/it\\\/prodotto\\\/evolve-double-monkey-bar-1100-mm-1800-mm-2\\\/#breadcrumb\",\"itemListElement\":[{\"@type\":\"ListItem\",\"position\":1,\"name\":\"Home\",\"item\":\"https:\\\/\\\/evolve-fitness.eu\\\/it\\\/\"},{\"@type\":\"ListItem\",\"position\":2,\"name\":\"Prodotti\",\"item\":\"https:\\\/\\\/evolve-fitness.eu\\\/it\\\/shop\\\/\"},{\"@type\":\"ListItem\",\"position\":3,\"name\":\"Evolve Double Monkey Bar &#8211; 1100 mm \\\/ 1800 mm\"}]},{\"@type\":\"WebSite\",\"@id\":\"https:\\\/\\\/evolve-fitness.eu\\\/it\\\/#website\",\"url\":\"https:\\\/\\\/evolve-fitness.eu\\\/it\\\/\",\"name\":\"Evolve\",\"description\":\"Your Evolved Gear Arrived\",\"publisher\":{\"@id\":\"https:\\\/\\\/evolve-fitness.eu\\\/it\\\/#organization\"},\"potentialAction\":[{\"@type\":\"SearchAction\",\"target\":{\"@type\":\"EntryPoint\",\"urlTemplate\":\"https:\\\/\\\/evolve-fitness.eu\\\/it\\\/?s={search_term_string}\"},\"query-input\":{\"@type\":\"PropertyValueSpecification\",\"valueRequired\":true,\"valueName\":\"search_term_string\"}}],\"inLanguage\":\"it-IT\"},{\"@type\":\"Organization\",\"@id\":\"https:\\\/\\\/evolve-fitness.eu\\\/it\\\/#organization\",\"name\":\"Evolve\",\"url\":\"https:\\\/\\\/evolve-fitness.eu\\\/it\\\/\",\"logo\":{\"@type\":\"ImageObject\",\"inLanguage\":\"it-IT\",\"@id\":\"https:\\\/\\\/evolve-fitness.eu\\\/it\\\/#\\\/schema\\\/logo\\\/image\\\/\",\"url\":\"https:\\\/\\\/evolve-fitness.eu\\\/wp-content\\\/uploads\\\/2023\\\/05\\\/Evolve-logo.svg\",\"contentUrl\":\"https:\\\/\\\/evolve-fitness.eu\\\/wp-content\\\/uploads\\\/2023\\\/05\\\/Evolve-logo.svg\",\"width\":176,\"height\":20,\"caption\":\"Evolve\"},\"image\":{\"@id\":\"https:\\\/\\\/evolve-fitness.eu\\\/it\\\/#\\\/schema\\\/logo\\\/image\\\/\"},\"sameAs\":[\"https:\\\/\\\/www.facebook.com\\\/EvolveFitnessEurope\"]}]}<\/script>\n<!-- \/ Yoast SEO plugin. -->","yoast_head_json":{"title":"Evolve Double Monkey Bar - 1100 mm \/ 1800 mm - Evolve","robots":{"index":"index","follow":"follow","max-snippet":"max-snippet:-1","max-image-preview":"max-image-preview:large","max-video-preview":"max-video-preview:-1"},"canonical":"https:\/\/evolve-fitness.eu\/it\/prodotto\/evolve-double-monkey-bar-1100-mm-1800-mm-2\/","og_locale":"it_IT","og_type":"article","og_title":"Evolve Double Monkey Bar - 1100 mm \/ 1800 mm - Evolve","og_url":"https:\/\/evolve-fitness.eu\/it\/prodotto\/evolve-double-monkey-bar-1100-mm-1800-mm-2\/","og_site_name":"Evolve","article_publisher":"https:\/\/www.facebook.com\/EvolveFitnessEurope","article_modified_time":"2026-04-23T06:53:56+00:00","twitter_card":"summary_large_image","schema":{"@context":"https:\/\/schema.org","@graph":[{"@type":"WebPage","@id":"https:\/\/evolve-fitness.eu\/it\/prodotto\/evolve-double-monkey-bar-1100-mm-1800-mm-2\/","url":"https:\/\/evolve-fitness.eu\/it\/prodotto\/evolve-double-monkey-bar-1100-mm-1800-mm-2\/","name":"Evolve Double Monkey Bar - 1100 mm \/ 1800 mm - Evolve","isPartOf":{"@id":"https:\/\/evolve-fitness.eu\/it\/#website"},"datePublished":"2023-11-13T13:11:44+00:00","dateModified":"2026-04-23T06:53:56+00:00","breadcrumb":{"@id":"https:\/\/evolve-fitness.eu\/it\/prodotto\/evolve-double-monkey-bar-1100-mm-1800-mm-2\/#breadcrumb"},"inLanguage":"it-IT","potentialAction":[{"@type":"ReadAction","target":["https:\/\/evolve-fitness.eu\/it\/prodotto\/evolve-double-monkey-bar-1100-mm-1800-mm-2\/"]}]},{"@type":"BreadcrumbList","@id":"https:\/\/evolve-fitness.eu\/it\/prodotto\/evolve-double-monkey-bar-1100-mm-1800-mm-2\/#breadcrumb","itemListElement":[{"@type":"ListItem","position":1,"name":"Home","item":"https:\/\/evolve-fitness.eu\/it\/"},{"@type":"ListItem","position":2,"name":"Prodotti","item":"https:\/\/evolve-fitness.eu\/it\/shop\/"},{"@type":"ListItem","position":3,"name":"Evolve Double Monkey Bar &#8211; 1100 mm \/ 1800 mm"}]},{"@type":"WebSite","@id":"https:\/\/evolve-fitness.eu\/it\/#website","url":"https:\/\/evolve-fitness.eu\/it\/","name":"Evolve","description":"Your Evolved Gear Arrived","publisher":{"@id":"https:\/\/evolve-fitness.eu\/it\/#organization"},"potentialAction":[{"@type":"SearchAction","target":{"@type":"EntryPoint","urlTemplate":"https:\/\/evolve-fitness.eu\/it\/?s={search_term_string}"},"query-input":{"@type":"PropertyValueSpecification","valueRequired":true,"valueName":"search_term_string"}}],"inLanguage":"it-IT"},{"@type":"Organization","@id":"https:\/\/evolve-fitness.eu\/it\/#organization","name":"Evolve","url":"https:\/\/evolve-fitness.eu\/it\/","logo":{"@type":"ImageObject","inLanguage":"it-IT","@id":"https:\/\/evolve-fitness.eu\/it\/#\/schema\/logo\/image\/","url":"https:\/\/evolve-fitness.eu\/wp-content\/uploads\/2023\/05\/Evolve-logo.svg","contentUrl":"https:\/\/evolve-fitness.eu\/wp-content\/uploads\/2023\/05\/Evolve-logo.svg","width":176,"height":20,"caption":"Evolve"},"image":{"@id":"https:\/\/evolve-fitness.eu\/it\/#\/schema\/logo\/image\/"},"sameAs":["https:\/\/www.facebook.com\/EvolveFitnessEurope"]}]}},"_links":{"self":[{"href":"https:\/\/evolve-fitness.eu\/it\/wp-json\/wp\/v2\/product\/238502","targetHints":{"allow":["GET"]}}],"collection":[{"href":"https:\/\/evolve-fitness.eu\/it\/wp-json\/wp\/v2\/product"}],"about":[{"href":"https:\/\/evolve-fitness.eu\/it\/wp-json\/wp\/v2\/types\/product"}],"wp:attachment":[{"href":"https:\/\/evolve-fitness.eu\/it\/wp-json\/wp\/v2\/media?parent=238502"}],"wp:term":[{"taxonomy":"product_brand","embeddable":true,"href":"https:\/\/evolve-fitness.eu\/it\/wp-json\/wp\/v2\/product_brand?post=238502"},{"taxonomy":"product_cat","embeddable":true,"href":"https:\/\/evolve-fitness.eu\/it\/wp-json\/wp\/v2\/product_cat?post=238502"},{"taxonomy":"product_tag","embeddable":true,"href":"https:\/\/evolve-fitness.eu\/it\/wp-json\/wp\/v2\/product_tag?post=238502"}],"curies":[{"name":"wp","href":"https:\/\/api.w.org\/{rel}","templated":true}]}}