{"id":238512,"date":"2023-11-14T06:45:22","date_gmt":"2023-11-14T04:45:22","guid":{"rendered":"https:\/\/evolve-fitness.eu\/product\/evolve-kettlebells-in-gomma-4-14-kg-2\/"},"modified":"2026-04-23T09:54:14","modified_gmt":"2026-04-23T06:54:14","slug":"evolve-kettlebells-in-gomma-4-14-kg-2","status":"publish","type":"product","link":"https:\/\/evolve-fitness.eu\/it\/prodotto\/evolve-kettlebells-in-gomma-4-14-kg-2\/","title":{"rendered":"Evolve Kettlebells in gomma 4-14 kg"},"content":{"rendered":"\n<section class=\"wp-block-group alignfull has-lightgray-background-color has-background is-layout-constrained wp-block-group-is-layout-constrained\">\n<div class=\"wp-block-columns alignwide is-layout-flex wp-container-core-columns-is-layout-2edb0647 wp-block-columns-is-layout-flex\" style=\"margin-top:0;margin-bottom:0\">\n<div class=\"wp-block-column is-layout-flow wp-block-column-is-layout-flow\" style=\"flex-basis:33.33%\"><\/div>\n\n\n\n<div class=\"wp-block-column is-layout-flow wp-block-column-is-layout-flow\" style=\"flex-basis:66.66%\"><\/div>\n<\/div>\n<\/section>\n\n<section class=\"wp-block-group alignfull black-content has-white-color has-darkgray-background-color has-text-color has-background is-layout-constrained wp-block-group-is-layout-constrained\" style=\"padding-top:var(--wp--preset--spacing--section-bottom);padding-bottom:var(--wp--preset--spacing--section-bottom)\">\n<div class=\"wp-block-columns alignwide mobile-reverse is-layout-flex wp-container-core-columns-is-layout-ca64bf2d wp-block-columns-is-layout-flex\" style=\"margin-bottom:var(--wp--preset--spacing--side-padding)\">\n<div class=\"wp-block-column is-vertically-aligned-center is-layout-flow wp-block-column-is-layout-flow\">\n<h3 class=\"wp-block-heading\" style=\"margin-bottom:var(--wp--preset--spacing--h-3-bottom)\"><strong>Durabilit\u00e0 excep\u021bional\u0103<\/strong><\/h3>\n\n\n\n<p><strong><em><strong><em><strong><em>Longevit\u00e0 \u0219i rezisten\u021b\u0103<\/em><\/strong><\/em><\/strong><\/em><\/strong><\/p>\n\n\n\n<p>Fiecare kettlebell Evolve \u00ee\u0219i \u00eencepe via\u021ba ca un aliaj metalic robust turnat, promi\u021b\u00e2nd longevitate \u0219i rezisten\u021b\u0103 la uzur\u0103. Proiettate con meticolosit\u00e0, queste kettlebells rizistano il coroziune \u0219i deformano, asigur\u00e2ndu-se c\u0103 \u00ee\u0219i p\u0103streaz\u0103 starea impecabil\u0103 antrenament dup\u0103 antrenament. L&#8217;area di precisione garantisce un equilibrio eccellente o un&#8217;accurata dimensionalit\u00e0, per cui \u00e8 possibile raggiungere un livello di qualit\u00e0 superiore per le scuole di sport professionale, le bazele militari, gli hotel, i centri di riabilitazione e i centri di fitness a domicilio.  <\/p>\n<\/div>\n\n\n\n<div class=\"wp-block-column is-vertically-aligned-center is-layout-flow wp-block-column-is-layout-flow\">\n<figure class=\"wp-block-image alignright size-full is-resized is-style-rounded\"><img loading=\"lazy\" decoding=\"async\" width=\"680\" height=\"600\" src=\"https:\/\/evolve-fitness.eu\/wp-content\/uploads\/2023\/11\/Evolve-Rubber-Kettlebells.png\" alt=\"\" class=\"wp-image-5697\" style=\"object-fit:cover;width:680px;height:600px\" srcset=\"https:\/\/evolve-fitness.eu\/wp-content\/uploads\/2023\/11\/Evolve-Rubber-Kettlebells.png 680w, https:\/\/evolve-fitness.eu\/wp-content\/uploads\/2023\/11\/Evolve-Rubber-Kettlebells-300x265.png 300w, https:\/\/evolve-fitness.eu\/wp-content\/uploads\/2023\/11\/Evolve-Rubber-Kettlebells-170x150.png 170w, https:\/\/evolve-fitness.eu\/wp-content\/uploads\/2023\/11\/Evolve-Rubber-Kettlebells-600x529.png 600w, https:\/\/evolve-fitness.eu\/wp-content\/uploads\/2023\/11\/Evolve-Rubber-Kettlebells-150x132.png 150w\" sizes=\"auto, (max-width: 680px) 100vw, 680px\" \/><\/figure>\n<\/div>\n<\/div>\n\n\n\n<div class=\"wp-block-columns alignwide is-layout-flex wp-container-core-columns-is-layout-c45ee707 wp-block-columns-is-layout-flex\" style=\"margin-bottom:var(--wp--preset--spacing--side-padding);padding-top:var(--wp--preset--spacing--side-padding)\">\n<div class=\"wp-block-column is-vertically-aligned-center is-layout-flow wp-block-column-is-layout-flow\">\n<figure class=\"wp-block-image size-full is-resized is-style-rounded\"><img loading=\"lazy\" decoding=\"async\" width=\"1920\" height=\"1280\" src=\"https:\/\/evolve-fitness.eu\/wp-content\/uploads\/2023\/11\/EV-KB-RB-Evolve-Rubber-Kettlebells-4-14-kg-5.jpg\" alt=\"\" class=\"wp-image-150739\" style=\"object-fit:cover;width:680px;height:600px\" srcset=\"https:\/\/evolve-fitness.eu\/wp-content\/uploads\/2023\/11\/EV-KB-RB-Evolve-Rubber-Kettlebells-4-14-kg-5.jpg 1920w, https:\/\/evolve-fitness.eu\/wp-content\/uploads\/2023\/11\/EV-KB-RB-Evolve-Rubber-Kettlebells-4-14-kg-5-300x200.jpg 300w, https:\/\/evolve-fitness.eu\/wp-content\/uploads\/2023\/11\/EV-KB-RB-Evolve-Rubber-Kettlebells-4-14-kg-5-225x150.jpg 225w, https:\/\/evolve-fitness.eu\/wp-content\/uploads\/2023\/11\/EV-KB-RB-Evolve-Rubber-Kettlebells-4-14-kg-5-600x400.jpg 600w, https:\/\/evolve-fitness.eu\/wp-content\/uploads\/2023\/11\/EV-KB-RB-Evolve-Rubber-Kettlebells-4-14-kg-5-1024x683.jpg 1024w, https:\/\/evolve-fitness.eu\/wp-content\/uploads\/2023\/11\/EV-KB-RB-Evolve-Rubber-Kettlebells-4-14-kg-5-150x100.jpg 150w, https:\/\/evolve-fitness.eu\/wp-content\/uploads\/2023\/11\/EV-KB-RB-Evolve-Rubber-Kettlebells-4-14-kg-5-768x512.jpg 768w, https:\/\/evolve-fitness.eu\/wp-content\/uploads\/2023\/11\/EV-KB-RB-Evolve-Rubber-Kettlebells-4-14-kg-5-1536x1024.jpg 1536w\" sizes=\"auto, (max-width: 1920px) 100vw, 1920px\" \/><\/figure>\n<\/div>\n\n\n\n<div class=\"wp-block-column is-vertically-aligned-center is-layout-flow wp-block-column-is-layout-flow\">\n<h3 class=\"wp-block-heading\" style=\"margin-bottom:var(--wp--preset--spacing--h-3-bottom)\"><strong><strong>Func\u021bionalitate avansat\u0103<\/strong><\/strong><\/h3>\n\n\n\n<p><strong><em><strong><em><strong><em>Durabilit\u00e0<\/em><\/strong><\/em><\/strong><\/em><\/strong> <em><strong>\u0219i protec\u021bii<\/strong><\/em><\/p>\n\n\n\n<p>\u00cenveli\u0219ul de cauciuc al kettlebells Evolve este mai mult dec\u00e2t o simpl\u0103 alegere estetic\u0103. Aceasta spore\u0219te semnificativ durabilitatea acestora, protejeaz\u0103 podeaua \u0219i echipamentul \u00eempotriva deterior\u0103rii \u0219i reduce substan\u021bial zgomotul \u00een timpul antrenamentelor. Suprafa\u021ba texturat\u0103 nu numai c\u0103 este u\u0219or de cur\u0103\u021bat, dar ofer\u0103 \u0219i o aderen\u021b\u0103 sigur\u0103 \u0219i antiderapant\u0103, esen\u021bial\u0103 pentru siguran\u021b\u0103 \u00een timpul sesiunilor intense de antrenament. Inoltre, grazie al marchio di greutate in rilievo \u0219i t\u0103iate cu laser, selectarea kettlebellului potrivit pentru antrenamentul dvs. este o joac\u0103 de copii.    <\/p>\n<\/div>\n<\/div>\n\n\n\n<div class=\"wp-block-columns alignwide are-vertically-aligned-center mobile-reverse is-layout-flex wp-container-core-columns-is-layout-e8158c2f wp-block-columns-is-layout-flex\" style=\"padding-top:var(--wp--preset--spacing--side-padding)\">\n<div class=\"wp-block-column is-vertically-aligned-center is-layout-flow wp-block-column-is-layout-flow\">\n<h3 class=\"wp-block-heading\" style=\"margin-bottom:var(--wp--preset--spacing--h-3-bottom)\"><strong><strong><strong>Versatilit\u00e0 per migliorare il livello di fitness<\/strong><\/strong><\/strong><\/h3>\n\n\n\n<p><strong><em><strong><em><strong>Calitate \u0219i valoare<\/strong><\/em><\/strong><\/em><\/strong><\/p>\n\n\n\n<p>Se desideri un allenamento individuale, di gruppo, funzionale o CrossFit, le kettlebell di Evolve sono adatte a te. La gamma di kettlebell divers\u0103, che varia in funzione delle dimensioni, del diametro e della grandezza del corpo, permette di allineare i kettlebellul perfetti per i nevoili dumneavoastr\u0103 di antrenament. Disponibili in greut\u0103\u021bi da 4 kg a 14 kg, le kettlebell sono in grado di stabilizzare il carico, eliminare la cl\u0103tinarea \u0219i e migliorare l&#8217;esperienza di allenamento.  <\/p>\n<\/div>\n\n\n\n<div class=\"wp-block-column is-vertically-aligned-center is-layout-flow wp-block-column-is-layout-flow\">\n<figure class=\"wp-block-image alignright size-full is-resized is-style-rounded\"><img loading=\"lazy\" decoding=\"async\" width=\"680\" height=\"600\" src=\"https:\/\/evolve-fitness.eu\/wp-content\/uploads\/2023\/11\/Evolve-Rubber-Kettlebells-3.png\" alt=\"\" class=\"wp-image-5701\" style=\"object-fit:cover;width:680px;height:600px\" srcset=\"https:\/\/evolve-fitness.eu\/wp-content\/uploads\/2023\/11\/Evolve-Rubber-Kettlebells-3.png 680w, https:\/\/evolve-fitness.eu\/wp-content\/uploads\/2023\/11\/Evolve-Rubber-Kettlebells-3-300x265.png 300w, https:\/\/evolve-fitness.eu\/wp-content\/uploads\/2023\/11\/Evolve-Rubber-Kettlebells-3-170x150.png 170w, https:\/\/evolve-fitness.eu\/wp-content\/uploads\/2023\/11\/Evolve-Rubber-Kettlebells-3-600x529.png 600w, https:\/\/evolve-fitness.eu\/wp-content\/uploads\/2023\/11\/Evolve-Rubber-Kettlebells-3-150x132.png 150w\" sizes=\"auto, (max-width: 680px) 100vw, 680px\" \/><\/figure>\n<\/div>\n<\/div>\n\n\n\n<p class=\"has-text-align-center has-medium-font-size\"><strong>Descoperi\u021bi diferen\u021ba Evolve \u0219i transforma\u021bi-v\u0103 c\u0103l\u0103toria de fitness cua gama noastr\u0103 de kettlebells din cauciuc. Per coloro che apprezzano la calitatea \u0219i la performan\u021ba, le ganterele Evolve sono parti di ricambio che si concentrano su un&#8217;attivit\u00e0 obbiettiva e su condizioni da rispettare.   <\/strong><\/p>\n<\/section>\n","protected":false},"excerpt":{"rendered":"<p>Kettlebells con acoperire di cauciuc Evolve, trasformati in un solido metallo. Le kettlebell-ului Baza plat\u0103 asigur\u0103 o stabilitate maxim\u0103, \u00een timp ce m\u00e2nerele antiderapante permit\u0103 o prindere ferm\u0103 \u00een timpul exerci\u021biilor. In funzione di un bollitore a vapore, il diametro del corpo del bollitore variaz\u0103. \u00cenveli\u0219ul de cauciuc nu numai c\u0103 asigur\u0103 o func\u021bionare silen\u021bioas\u0103, dar protejeaz\u0103 \u0219i metalul de deterior\u0103ri, zg\u00e2rieturi \u0219i rugin\u0103.   <\/p>\n","protected":false},"featured_media":0,"template":"","meta":{"_acf_changed":false,"inline_featured_image":false},"product_brand":[],"product_cat":[13032],"product_tag":[],"class_list":{"0":"post-238512","1":"product","2":"type-product","3":"status-publish","5":"product_cat-hyrox-gear","7":"first","8":"instock","9":"shipping-taxable","10":"purchasable","11":"product-type-simple"},"acf":{"long_title":"","subtitle":"","specifications":null,"product_frequently_asked_questions":null},"yoast_head":"<!-- This site is optimized with the Yoast SEO plugin v27.4 - https:\/\/yoast.com\/product\/yoast-seo-wordpress\/ -->\n<title>Evolve Kettlebells in gomma 4-14 kg - Evolve<\/title>\n<meta name=\"robots\" content=\"index, follow, max-snippet:-1, max-image-preview:large, max-video-preview:-1\" \/>\n<link rel=\"canonical\" href=\"https:\/\/evolve-fitness.eu\/it\/prodotto\/evolve-kettlebells-in-gomma-4-14-kg-2\/\" \/>\n<meta property=\"og:locale\" content=\"it_IT\" \/>\n<meta property=\"og:type\" content=\"article\" \/>\n<meta property=\"og:title\" content=\"Evolve Kettlebells in gomma 4-14 kg - Evolve\" \/>\n<meta property=\"og:url\" content=\"https:\/\/evolve-fitness.eu\/it\/prodotto\/evolve-kettlebells-in-gomma-4-14-kg-2\/\" \/>\n<meta property=\"og:site_name\" content=\"Evolve\" \/>\n<meta property=\"article:publisher\" content=\"https:\/\/www.facebook.com\/EvolveFitnessEurope\" \/>\n<meta property=\"article:modified_time\" content=\"2026-04-23T06:54:14+00:00\" \/>\n<meta property=\"og:image\" content=\"https:\/\/evolve-fitness.eu\/wp-content\/uploads\/2023\/11\/Evolve-Rubber-Kettlebells.png\" \/>\n\t<meta property=\"og:image:width\" content=\"680\" \/>\n\t<meta property=\"og:image:height\" content=\"600\" \/>\n\t<meta property=\"og:image:type\" content=\"image\/png\" \/>\n<meta name=\"twitter:card\" content=\"summary_large_image\" \/>\n<script type=\"application\/ld+json\" class=\"yoast-schema-graph\">{\"@context\":\"https:\\\/\\\/schema.org\",\"@graph\":[{\"@type\":\"WebPage\",\"@id\":\"https:\\\/\\\/evolve-fitness.eu\\\/it\\\/prodotto\\\/evolve-kettlebells-in-gomma-4-14-kg-2\\\/\",\"url\":\"https:\\\/\\\/evolve-fitness.eu\\\/it\\\/prodotto\\\/evolve-kettlebells-in-gomma-4-14-kg-2\\\/\",\"name\":\"Evolve Kettlebells in gomma 4-14 kg - Evolve\",\"isPartOf\":{\"@id\":\"https:\\\/\\\/evolve-fitness.eu\\\/it\\\/#website\"},\"primaryImageOfPage\":{\"@id\":\"https:\\\/\\\/evolve-fitness.eu\\\/it\\\/prodotto\\\/evolve-kettlebells-in-gomma-4-14-kg-2\\\/#primaryimage\"},\"image\":{\"@id\":\"https:\\\/\\\/evolve-fitness.eu\\\/it\\\/prodotto\\\/evolve-kettlebells-in-gomma-4-14-kg-2\\\/#primaryimage\"},\"thumbnailUrl\":\"https:\\\/\\\/evolve-fitness.eu\\\/wp-content\\\/uploads\\\/2023\\\/11\\\/Evolve-Rubber-Kettlebells.png\",\"datePublished\":\"2023-11-14T04:45:22+00:00\",\"dateModified\":\"2026-04-23T06:54:14+00:00\",\"breadcrumb\":{\"@id\":\"https:\\\/\\\/evolve-fitness.eu\\\/it\\\/prodotto\\\/evolve-kettlebells-in-gomma-4-14-kg-2\\\/#breadcrumb\"},\"inLanguage\":\"it-IT\",\"potentialAction\":[{\"@type\":\"ReadAction\",\"target\":[\"https:\\\/\\\/evolve-fitness.eu\\\/it\\\/prodotto\\\/evolve-kettlebells-in-gomma-4-14-kg-2\\\/\"]}]},{\"@type\":\"ImageObject\",\"inLanguage\":\"it-IT\",\"@id\":\"https:\\\/\\\/evolve-fitness.eu\\\/it\\\/prodotto\\\/evolve-kettlebells-in-gomma-4-14-kg-2\\\/#primaryimage\",\"url\":\"https:\\\/\\\/evolve-fitness.eu\\\/wp-content\\\/uploads\\\/2023\\\/11\\\/Evolve-Rubber-Kettlebells.png\",\"contentUrl\":\"https:\\\/\\\/evolve-fitness.eu\\\/wp-content\\\/uploads\\\/2023\\\/11\\\/Evolve-Rubber-Kettlebells.png\"},{\"@type\":\"BreadcrumbList\",\"@id\":\"https:\\\/\\\/evolve-fitness.eu\\\/it\\\/prodotto\\\/evolve-kettlebells-in-gomma-4-14-kg-2\\\/#breadcrumb\",\"itemListElement\":[{\"@type\":\"ListItem\",\"position\":1,\"name\":\"Home\",\"item\":\"https:\\\/\\\/evolve-fitness.eu\\\/it\\\/\"},{\"@type\":\"ListItem\",\"position\":2,\"name\":\"Prodotti\",\"item\":\"https:\\\/\\\/evolve-fitness.eu\\\/it\\\/shop\\\/\"},{\"@type\":\"ListItem\",\"position\":3,\"name\":\"Evolve Kettlebells in gomma 4-14 kg\"}]},{\"@type\":\"WebSite\",\"@id\":\"https:\\\/\\\/evolve-fitness.eu\\\/it\\\/#website\",\"url\":\"https:\\\/\\\/evolve-fitness.eu\\\/it\\\/\",\"name\":\"Evolve\",\"description\":\"Your Evolved Gear Arrived\",\"publisher\":{\"@id\":\"https:\\\/\\\/evolve-fitness.eu\\\/it\\\/#organization\"},\"potentialAction\":[{\"@type\":\"SearchAction\",\"target\":{\"@type\":\"EntryPoint\",\"urlTemplate\":\"https:\\\/\\\/evolve-fitness.eu\\\/it\\\/?s={search_term_string}\"},\"query-input\":{\"@type\":\"PropertyValueSpecification\",\"valueRequired\":true,\"valueName\":\"search_term_string\"}}],\"inLanguage\":\"it-IT\"},{\"@type\":\"Organization\",\"@id\":\"https:\\\/\\\/evolve-fitness.eu\\\/it\\\/#organization\",\"name\":\"Evolve\",\"url\":\"https:\\\/\\\/evolve-fitness.eu\\\/it\\\/\",\"logo\":{\"@type\":\"ImageObject\",\"inLanguage\":\"it-IT\",\"@id\":\"https:\\\/\\\/evolve-fitness.eu\\\/it\\\/#\\\/schema\\\/logo\\\/image\\\/\",\"url\":\"https:\\\/\\\/evolve-fitness.eu\\\/wp-content\\\/uploads\\\/2023\\\/05\\\/Evolve-logo.svg\",\"contentUrl\":\"https:\\\/\\\/evolve-fitness.eu\\\/wp-content\\\/uploads\\\/2023\\\/05\\\/Evolve-logo.svg\",\"width\":176,\"height\":20,\"caption\":\"Evolve\"},\"image\":{\"@id\":\"https:\\\/\\\/evolve-fitness.eu\\\/it\\\/#\\\/schema\\\/logo\\\/image\\\/\"},\"sameAs\":[\"https:\\\/\\\/www.facebook.com\\\/EvolveFitnessEurope\"]}]}<\/script>\n<!-- \/ Yoast SEO plugin. -->","yoast_head_json":{"title":"Evolve Kettlebells in gomma 4-14 kg - Evolve","robots":{"index":"index","follow":"follow","max-snippet":"max-snippet:-1","max-image-preview":"max-image-preview:large","max-video-preview":"max-video-preview:-1"},"canonical":"https:\/\/evolve-fitness.eu\/it\/prodotto\/evolve-kettlebells-in-gomma-4-14-kg-2\/","og_locale":"it_IT","og_type":"article","og_title":"Evolve Kettlebells in gomma 4-14 kg - Evolve","og_url":"https:\/\/evolve-fitness.eu\/it\/prodotto\/evolve-kettlebells-in-gomma-4-14-kg-2\/","og_site_name":"Evolve","article_publisher":"https:\/\/www.facebook.com\/EvolveFitnessEurope","article_modified_time":"2026-04-23T06:54:14+00:00","og_image":[{"width":680,"height":600,"url":"https:\/\/evolve-fitness.eu\/wp-content\/uploads\/2023\/11\/Evolve-Rubber-Kettlebells.png","type":"image\/png"}],"twitter_card":"summary_large_image","schema":{"@context":"https:\/\/schema.org","@graph":[{"@type":"WebPage","@id":"https:\/\/evolve-fitness.eu\/it\/prodotto\/evolve-kettlebells-in-gomma-4-14-kg-2\/","url":"https:\/\/evolve-fitness.eu\/it\/prodotto\/evolve-kettlebells-in-gomma-4-14-kg-2\/","name":"Evolve Kettlebells in gomma 4-14 kg - Evolve","isPartOf":{"@id":"https:\/\/evolve-fitness.eu\/it\/#website"},"primaryImageOfPage":{"@id":"https:\/\/evolve-fitness.eu\/it\/prodotto\/evolve-kettlebells-in-gomma-4-14-kg-2\/#primaryimage"},"image":{"@id":"https:\/\/evolve-fitness.eu\/it\/prodotto\/evolve-kettlebells-in-gomma-4-14-kg-2\/#primaryimage"},"thumbnailUrl":"https:\/\/evolve-fitness.eu\/wp-content\/uploads\/2023\/11\/Evolve-Rubber-Kettlebells.png","datePublished":"2023-11-14T04:45:22+00:00","dateModified":"2026-04-23T06:54:14+00:00","breadcrumb":{"@id":"https:\/\/evolve-fitness.eu\/it\/prodotto\/evolve-kettlebells-in-gomma-4-14-kg-2\/#breadcrumb"},"inLanguage":"it-IT","potentialAction":[{"@type":"ReadAction","target":["https:\/\/evolve-fitness.eu\/it\/prodotto\/evolve-kettlebells-in-gomma-4-14-kg-2\/"]}]},{"@type":"ImageObject","inLanguage":"it-IT","@id":"https:\/\/evolve-fitness.eu\/it\/prodotto\/evolve-kettlebells-in-gomma-4-14-kg-2\/#primaryimage","url":"https:\/\/evolve-fitness.eu\/wp-content\/uploads\/2023\/11\/Evolve-Rubber-Kettlebells.png","contentUrl":"https:\/\/evolve-fitness.eu\/wp-content\/uploads\/2023\/11\/Evolve-Rubber-Kettlebells.png"},{"@type":"BreadcrumbList","@id":"https:\/\/evolve-fitness.eu\/it\/prodotto\/evolve-kettlebells-in-gomma-4-14-kg-2\/#breadcrumb","itemListElement":[{"@type":"ListItem","position":1,"name":"Home","item":"https:\/\/evolve-fitness.eu\/it\/"},{"@type":"ListItem","position":2,"name":"Prodotti","item":"https:\/\/evolve-fitness.eu\/it\/shop\/"},{"@type":"ListItem","position":3,"name":"Evolve Kettlebells in gomma 4-14 kg"}]},{"@type":"WebSite","@id":"https:\/\/evolve-fitness.eu\/it\/#website","url":"https:\/\/evolve-fitness.eu\/it\/","name":"Evolve","description":"Your Evolved Gear Arrived","publisher":{"@id":"https:\/\/evolve-fitness.eu\/it\/#organization"},"potentialAction":[{"@type":"SearchAction","target":{"@type":"EntryPoint","urlTemplate":"https:\/\/evolve-fitness.eu\/it\/?s={search_term_string}"},"query-input":{"@type":"PropertyValueSpecification","valueRequired":true,"valueName":"search_term_string"}}],"inLanguage":"it-IT"},{"@type":"Organization","@id":"https:\/\/evolve-fitness.eu\/it\/#organization","name":"Evolve","url":"https:\/\/evolve-fitness.eu\/it\/","logo":{"@type":"ImageObject","inLanguage":"it-IT","@id":"https:\/\/evolve-fitness.eu\/it\/#\/schema\/logo\/image\/","url":"https:\/\/evolve-fitness.eu\/wp-content\/uploads\/2023\/05\/Evolve-logo.svg","contentUrl":"https:\/\/evolve-fitness.eu\/wp-content\/uploads\/2023\/05\/Evolve-logo.svg","width":176,"height":20,"caption":"Evolve"},"image":{"@id":"https:\/\/evolve-fitness.eu\/it\/#\/schema\/logo\/image\/"},"sameAs":["https:\/\/www.facebook.com\/EvolveFitnessEurope"]}]}},"_links":{"self":[{"href":"https:\/\/evolve-fitness.eu\/it\/wp-json\/wp\/v2\/product\/238512","targetHints":{"allow":["GET"]}}],"collection":[{"href":"https:\/\/evolve-fitness.eu\/it\/wp-json\/wp\/v2\/product"}],"about":[{"href":"https:\/\/evolve-fitness.eu\/it\/wp-json\/wp\/v2\/types\/product"}],"wp:attachment":[{"href":"https:\/\/evolve-fitness.eu\/it\/wp-json\/wp\/v2\/media?parent=238512"}],"wp:term":[{"taxonomy":"product_brand","embeddable":true,"href":"https:\/\/evolve-fitness.eu\/it\/wp-json\/wp\/v2\/product_brand?post=238512"},{"taxonomy":"product_cat","embeddable":true,"href":"https:\/\/evolve-fitness.eu\/it\/wp-json\/wp\/v2\/product_cat?post=238512"},{"taxonomy":"product_tag","embeddable":true,"href":"https:\/\/evolve-fitness.eu\/it\/wp-json\/wp\/v2\/product_tag?post=238512"}],"curies":[{"name":"wp","href":"https:\/\/api.w.org\/{rel}","templated":true}]}}