{"id":238547,"date":"2023-11-22T07:18:34","date_gmt":"2023-11-22T05:18:34","guid":{"rendered":"https:\/\/evolve-fitness.eu\/product\/evolve-enotni-dvojni-vertikalni-pritrdilni-element-za-shranjevanje-dumbbellov-za-5-parov\/"},"modified":"2026-04-23T09:55:46","modified_gmt":"2026-04-23T06:55:46","slug":"evolve-enotni-dvojni-vertikalni-pritrdilni-element-za-shranjevanje-dumbbellov-za-5-parov","status":"publish","type":"product","link":"https:\/\/evolve-fitness.eu\/it\/prodotto\/evolve-enotni-dvojni-vertikalni-pritrdilni-element-za-shranjevanje-dumbbellov-za-5-parov\/","title":{"rendered":"Evolve Enotni \/ dvojni vertikalni pritrdilni element za shranjevanje dumbbellov za 5 parov"},"content":{"rendered":"\n<section class=\"wp-block-group alignfull has-lightgray-background-color has-background is-layout-constrained wp-block-group-is-layout-constrained\">\n<div class=\"wp-block-columns alignwide is-layout-flex wp-container-core-columns-is-layout-2edb0647 wp-block-columns-is-layout-flex\" style=\"margin-top:0;margin-bottom:0\">\n<div class=\"wp-block-column is-layout-flow wp-block-column-is-layout-flow\" style=\"flex-basis:33.33%\"><\/div>\n\n\n\n<div class=\"wp-block-column is-layout-flow wp-block-column-is-layout-flow\" style=\"flex-basis:66.66%\"><\/div>\n<\/div>\n<\/section>\n","protected":false},"excerpt":{"rendered":"<p>Pove\u010dajte u\u010dinkovitost svoje telovadnice z Evolve enojnim \/ dvojnim navpi\u010dnim nastavkom za shranjevanje dumbbellov, ki je zasnovan za 5 parov. Ta re\u0161itev za var\u010devanje s prostorom spreminja pravila igre za organizirano in dostopno shranjevanje dumbbellov. Navpi\u010dna zasnova ne le optimizira prostor na tleh, temve\u010d tudi omogo\u010da hiter in enostaven dostop do \u010dinel. Ta pritrdilni element je izdelan za vzdr\u017eljivost in enostavno uporabo ter se brez te\u017eav pove\u017ee z va\u0161o telovadnico Evolve. Izbolj\u0161ajte svojo vadbeno izku\u0161njo tako, da so hantle lepo shranjene in takoj na voljo za naslednji niz, tako da je vsaka vadba nemotena in u\u010dinkovita. Nadgradite organizacijo svoje telovadnice z Evolve enojnim \/ dvojnim navpi\u010dnim nastavkom za shranjevanje dumbbellov in izkusite udobje prostora za vadbo brez nereda.     <\/p>\n","protected":false},"featured_media":0,"template":"","meta":{"_acf_changed":false,"inline_featured_image":false},"product_brand":[],"product_cat":[13246],"product_tag":[],"class_list":{"0":"post-238547","1":"product","2":"type-product","3":"status-publish","5":"product_cat-be-kategorijos","7":"first","8":"instock","9":"shipping-taxable","10":"purchasable","11":"product-type-simple"},"acf":{"long_title":"","subtitle":"","specifications":null},"yoast_head":"<!-- This site is optimized with the Yoast SEO plugin v27.4 - https:\/\/yoast.com\/product\/yoast-seo-wordpress\/ -->\n<title>Evolve Enotni \/ dvojni vertikalni pritrdilni element za shranjevanje dumbbellov za 5 parov - Evolve<\/title>\n<meta name=\"robots\" content=\"index, follow, max-snippet:-1, max-image-preview:large, max-video-preview:-1\" \/>\n<link rel=\"canonical\" href=\"https:\/\/evolve-fitness.eu\/it\/prodotto\/evolve-enotni-dvojni-vertikalni-pritrdilni-element-za-shranjevanje-dumbbellov-za-5-parov\/\" \/>\n<meta property=\"og:locale\" content=\"it_IT\" \/>\n<meta property=\"og:type\" content=\"article\" \/>\n<meta property=\"og:title\" content=\"Evolve Enotni \/ dvojni vertikalni pritrdilni element za shranjevanje dumbbellov za 5 parov - Evolve\" \/>\n<meta property=\"og:url\" content=\"https:\/\/evolve-fitness.eu\/it\/prodotto\/evolve-enotni-dvojni-vertikalni-pritrdilni-element-za-shranjevanje-dumbbellov-za-5-parov\/\" \/>\n<meta property=\"og:site_name\" content=\"Evolve\" \/>\n<meta property=\"article:publisher\" content=\"https:\/\/www.facebook.com\/EvolveFitnessEurope\" \/>\n<meta property=\"article:modified_time\" content=\"2026-04-23T06:55:46+00:00\" \/>\n<meta name=\"twitter:card\" content=\"summary_large_image\" \/>\n<script type=\"application\/ld+json\" class=\"yoast-schema-graph\">{\"@context\":\"https:\\\/\\\/schema.org\",\"@graph\":[{\"@type\":\"WebPage\",\"@id\":\"https:\\\/\\\/evolve-fitness.eu\\\/it\\\/prodotto\\\/evolve-enotni-dvojni-vertikalni-pritrdilni-element-za-shranjevanje-dumbbellov-za-5-parov\\\/\",\"url\":\"https:\\\/\\\/evolve-fitness.eu\\\/it\\\/prodotto\\\/evolve-enotni-dvojni-vertikalni-pritrdilni-element-za-shranjevanje-dumbbellov-za-5-parov\\\/\",\"name\":\"Evolve Enotni \\\/ dvojni vertikalni pritrdilni element za shranjevanje dumbbellov za 5 parov - Evolve\",\"isPartOf\":{\"@id\":\"https:\\\/\\\/evolve-fitness.eu\\\/it\\\/#website\"},\"datePublished\":\"2023-11-22T05:18:34+00:00\",\"dateModified\":\"2026-04-23T06:55:46+00:00\",\"breadcrumb\":{\"@id\":\"https:\\\/\\\/evolve-fitness.eu\\\/it\\\/prodotto\\\/evolve-enotni-dvojni-vertikalni-pritrdilni-element-za-shranjevanje-dumbbellov-za-5-parov\\\/#breadcrumb\"},\"inLanguage\":\"it-IT\",\"potentialAction\":[{\"@type\":\"ReadAction\",\"target\":[\"https:\\\/\\\/evolve-fitness.eu\\\/it\\\/prodotto\\\/evolve-enotni-dvojni-vertikalni-pritrdilni-element-za-shranjevanje-dumbbellov-za-5-parov\\\/\"]}]},{\"@type\":\"BreadcrumbList\",\"@id\":\"https:\\\/\\\/evolve-fitness.eu\\\/it\\\/prodotto\\\/evolve-enotni-dvojni-vertikalni-pritrdilni-element-za-shranjevanje-dumbbellov-za-5-parov\\\/#breadcrumb\",\"itemListElement\":[{\"@type\":\"ListItem\",\"position\":1,\"name\":\"Home\",\"item\":\"https:\\\/\\\/evolve-fitness.eu\\\/it\\\/\"},{\"@type\":\"ListItem\",\"position\":2,\"name\":\"Prodotti\",\"item\":\"https:\\\/\\\/evolve-fitness.eu\\\/it\\\/shop\\\/\"},{\"@type\":\"ListItem\",\"position\":3,\"name\":\"Evolve Enotni \\\/ dvojni vertikalni pritrdilni element za shranjevanje dumbbellov za 5 parov\"}]},{\"@type\":\"WebSite\",\"@id\":\"https:\\\/\\\/evolve-fitness.eu\\\/it\\\/#website\",\"url\":\"https:\\\/\\\/evolve-fitness.eu\\\/it\\\/\",\"name\":\"Evolve\",\"description\":\"Your Evolved Gear Arrived\",\"publisher\":{\"@id\":\"https:\\\/\\\/evolve-fitness.eu\\\/it\\\/#organization\"},\"potentialAction\":[{\"@type\":\"SearchAction\",\"target\":{\"@type\":\"EntryPoint\",\"urlTemplate\":\"https:\\\/\\\/evolve-fitness.eu\\\/it\\\/?s={search_term_string}\"},\"query-input\":{\"@type\":\"PropertyValueSpecification\",\"valueRequired\":true,\"valueName\":\"search_term_string\"}}],\"inLanguage\":\"it-IT\"},{\"@type\":\"Organization\",\"@id\":\"https:\\\/\\\/evolve-fitness.eu\\\/it\\\/#organization\",\"name\":\"Evolve\",\"url\":\"https:\\\/\\\/evolve-fitness.eu\\\/it\\\/\",\"logo\":{\"@type\":\"ImageObject\",\"inLanguage\":\"it-IT\",\"@id\":\"https:\\\/\\\/evolve-fitness.eu\\\/it\\\/#\\\/schema\\\/logo\\\/image\\\/\",\"url\":\"https:\\\/\\\/evolve-fitness.eu\\\/wp-content\\\/uploads\\\/2023\\\/05\\\/Evolve-logo.svg\",\"contentUrl\":\"https:\\\/\\\/evolve-fitness.eu\\\/wp-content\\\/uploads\\\/2023\\\/05\\\/Evolve-logo.svg\",\"width\":176,\"height\":20,\"caption\":\"Evolve\"},\"image\":{\"@id\":\"https:\\\/\\\/evolve-fitness.eu\\\/it\\\/#\\\/schema\\\/logo\\\/image\\\/\"},\"sameAs\":[\"https:\\\/\\\/www.facebook.com\\\/EvolveFitnessEurope\"]}]}<\/script>\n<!-- \/ Yoast SEO plugin. -->","yoast_head_json":{"title":"Evolve Enotni \/ dvojni vertikalni pritrdilni element za shranjevanje dumbbellov za 5 parov - Evolve","robots":{"index":"index","follow":"follow","max-snippet":"max-snippet:-1","max-image-preview":"max-image-preview:large","max-video-preview":"max-video-preview:-1"},"canonical":"https:\/\/evolve-fitness.eu\/it\/prodotto\/evolve-enotni-dvojni-vertikalni-pritrdilni-element-za-shranjevanje-dumbbellov-za-5-parov\/","og_locale":"it_IT","og_type":"article","og_title":"Evolve Enotni \/ dvojni vertikalni pritrdilni element za shranjevanje dumbbellov za 5 parov - Evolve","og_url":"https:\/\/evolve-fitness.eu\/it\/prodotto\/evolve-enotni-dvojni-vertikalni-pritrdilni-element-za-shranjevanje-dumbbellov-za-5-parov\/","og_site_name":"Evolve","article_publisher":"https:\/\/www.facebook.com\/EvolveFitnessEurope","article_modified_time":"2026-04-23T06:55:46+00:00","twitter_card":"summary_large_image","schema":{"@context":"https:\/\/schema.org","@graph":[{"@type":"WebPage","@id":"https:\/\/evolve-fitness.eu\/it\/prodotto\/evolve-enotni-dvojni-vertikalni-pritrdilni-element-za-shranjevanje-dumbbellov-za-5-parov\/","url":"https:\/\/evolve-fitness.eu\/it\/prodotto\/evolve-enotni-dvojni-vertikalni-pritrdilni-element-za-shranjevanje-dumbbellov-za-5-parov\/","name":"Evolve Enotni \/ dvojni vertikalni pritrdilni element za shranjevanje dumbbellov za 5 parov - Evolve","isPartOf":{"@id":"https:\/\/evolve-fitness.eu\/it\/#website"},"datePublished":"2023-11-22T05:18:34+00:00","dateModified":"2026-04-23T06:55:46+00:00","breadcrumb":{"@id":"https:\/\/evolve-fitness.eu\/it\/prodotto\/evolve-enotni-dvojni-vertikalni-pritrdilni-element-za-shranjevanje-dumbbellov-za-5-parov\/#breadcrumb"},"inLanguage":"it-IT","potentialAction":[{"@type":"ReadAction","target":["https:\/\/evolve-fitness.eu\/it\/prodotto\/evolve-enotni-dvojni-vertikalni-pritrdilni-element-za-shranjevanje-dumbbellov-za-5-parov\/"]}]},{"@type":"BreadcrumbList","@id":"https:\/\/evolve-fitness.eu\/it\/prodotto\/evolve-enotni-dvojni-vertikalni-pritrdilni-element-za-shranjevanje-dumbbellov-za-5-parov\/#breadcrumb","itemListElement":[{"@type":"ListItem","position":1,"name":"Home","item":"https:\/\/evolve-fitness.eu\/it\/"},{"@type":"ListItem","position":2,"name":"Prodotti","item":"https:\/\/evolve-fitness.eu\/it\/shop\/"},{"@type":"ListItem","position":3,"name":"Evolve Enotni \/ dvojni vertikalni pritrdilni element za shranjevanje dumbbellov za 5 parov"}]},{"@type":"WebSite","@id":"https:\/\/evolve-fitness.eu\/it\/#website","url":"https:\/\/evolve-fitness.eu\/it\/","name":"Evolve","description":"Your Evolved Gear Arrived","publisher":{"@id":"https:\/\/evolve-fitness.eu\/it\/#organization"},"potentialAction":[{"@type":"SearchAction","target":{"@type":"EntryPoint","urlTemplate":"https:\/\/evolve-fitness.eu\/it\/?s={search_term_string}"},"query-input":{"@type":"PropertyValueSpecification","valueRequired":true,"valueName":"search_term_string"}}],"inLanguage":"it-IT"},{"@type":"Organization","@id":"https:\/\/evolve-fitness.eu\/it\/#organization","name":"Evolve","url":"https:\/\/evolve-fitness.eu\/it\/","logo":{"@type":"ImageObject","inLanguage":"it-IT","@id":"https:\/\/evolve-fitness.eu\/it\/#\/schema\/logo\/image\/","url":"https:\/\/evolve-fitness.eu\/wp-content\/uploads\/2023\/05\/Evolve-logo.svg","contentUrl":"https:\/\/evolve-fitness.eu\/wp-content\/uploads\/2023\/05\/Evolve-logo.svg","width":176,"height":20,"caption":"Evolve"},"image":{"@id":"https:\/\/evolve-fitness.eu\/it\/#\/schema\/logo\/image\/"},"sameAs":["https:\/\/www.facebook.com\/EvolveFitnessEurope"]}]}},"_links":{"self":[{"href":"https:\/\/evolve-fitness.eu\/it\/wp-json\/wp\/v2\/product\/238547","targetHints":{"allow":["GET"]}}],"collection":[{"href":"https:\/\/evolve-fitness.eu\/it\/wp-json\/wp\/v2\/product"}],"about":[{"href":"https:\/\/evolve-fitness.eu\/it\/wp-json\/wp\/v2\/types\/product"}],"wp:attachment":[{"href":"https:\/\/evolve-fitness.eu\/it\/wp-json\/wp\/v2\/media?parent=238547"}],"wp:term":[{"taxonomy":"product_brand","embeddable":true,"href":"https:\/\/evolve-fitness.eu\/it\/wp-json\/wp\/v2\/product_brand?post=238547"},{"taxonomy":"product_cat","embeddable":true,"href":"https:\/\/evolve-fitness.eu\/it\/wp-json\/wp\/v2\/product_cat?post=238547"},{"taxonomy":"product_tag","embeddable":true,"href":"https:\/\/evolve-fitness.eu\/it\/wp-json\/wp\/v2\/product_tag?post=238547"}],"curies":[{"name":"wp","href":"https:\/\/api.w.org\/{rel}","templated":true}]}}