{"id":238552,"date":"2023-11-24T08:36:20","date_gmt":"2023-11-24T06:36:20","guid":{"rendered":"https:\/\/evolve-fitness.eu\/product\/recumbent-commerciale-evolve-serie-ultra-2\/"},"modified":"2026-04-23T09:56:32","modified_gmt":"2026-04-23T06:56:32","slug":"recumbent-commerciale-evolve-serie-ultra-2","status":"publish","type":"product","link":"https:\/\/evolve-fitness.eu\/it\/prodotto\/recumbent-commerciale-evolve-serie-ultra-2\/","title":{"rendered":"Recumbent commerciale Evolve Serie Ultra"},"content":{"rendered":"\n<section class=\"wp-block-group alignfull has-lightgray-background-color has-background is-layout-constrained wp-block-group-is-layout-constrained\">\n<div class=\"wp-block-columns alignwide is-layout-flex wp-container-core-columns-is-layout-2edb0647 wp-block-columns-is-layout-flex\" style=\"margin-top:0;margin-bottom:0\">\n<div class=\"wp-block-column is-layout-flow wp-block-column-is-layout-flow\" style=\"flex-basis:33.33%\"><\/div>\n\n\n\n<div class=\"wp-block-column is-layout-flow wp-block-column-is-layout-flow\" style=\"flex-basis:66.66%\"><\/div>\n<\/div>\n<\/section>\n\n<section class=\"wp-block-group alignfull black-content has-white-color has-darkgray-background-color has-text-color has-background is-layout-constrained wp-block-group-is-layout-constrained\" style=\"padding-top:var(--wp--preset--spacing--section-bottom);padding-bottom:var(--wp--preset--spacing--section-bottom)\">\n<div class=\"wp-block-columns alignwide is-layout-flex wp-container-core-columns-is-layout-c45ee707 wp-block-columns-is-layout-flex\" style=\"margin-bottom:var(--wp--preset--spacing--side-padding);padding-top:var(--wp--preset--spacing--side-padding)\">\n<div class=\"wp-block-column is-vertically-aligned-center is-layout-flow wp-block-column-is-layout-flow\">\n<h3 class=\"wp-block-heading\" style=\"margin-bottom:var(--wp--preset--spacing--h-3-bottom)\"><strong>Video estetici di Dru\u017einski  <\/strong><\/h3>\n\n\n\n<p><strong><em><strong><strong><strong>U\u010dinkovitost v komercialni kardio opremi<\/strong><\/strong><\/strong><\/em><\/strong><\/p>\n\n\n\n<p>Serija Ultra podjetja Evolve utele\u0161a poseben dru\u017einski videz, prilagojen dinami\u010dnemu okolju kompleksnih komercialnih telovadnic. Z gladkimi linijami, sodobnim dizajnom in vrhunskimi zaklju\u010dki se vsak kos iz serije Ultra brezhibno povezuje in ustvarja celostno estetiko v celotnem fitnesu. Con un&#8217;ampia gamma di accessori, come ad esempio le eliptike e i kolesa, il vsak stroj iz\u017eareva prefinjenost e funkcionalnost ter izbolj\u0161a vzdu\u0161je v telovadnici. I LED-zaslonov di \u017eivahnih sono ergonomskih ro\u010dajev in nastavljivih funkcij za vse ljubitelje telovadbe.   <\/p>\n<\/div>\n\n\n\n<div class=\"wp-block-column is-vertically-aligned-center is-layout-flow wp-block-column-is-layout-flow\">\n<figure class=\"wp-block-video\"><video height=\"1080\" style=\"aspect-ratio: 1920 \/ 1080;\" width=\"1920\" autoplay=\"\" controls=\"\" loop=\"\" muted=\"\" src=\"https:\/\/evolve-fitness.eu\/wp-content\/uploads\/2024\/04\/Evolve-Ultra-Series-Family-Look.mp4\"><\/video><\/figure>\n<\/div>\n<\/div>\n\n\n\n<div class=\"wp-block-columns alignwide mobile-reverse is-layout-flex wp-container-core-columns-is-layout-ca64bf2d wp-block-columns-is-layout-flex\" style=\"margin-bottom:var(--wp--preset--spacing--side-padding)\">\n<div class=\"wp-block-column is-vertically-aligned-center is-layout-flow wp-block-column-is-layout-flow\">\n<figure class=\"wp-block-video\"><video height=\"1080\" style=\"aspect-ratio: 1920 \/ 1080;\" width=\"1920\" autoplay=\"\" controls=\"\" loop=\"\" muted=\"\" src=\"https:\/\/evolve-fitness.eu\/wp-content\/uploads\/2024\/04\/Final-Recumbent-bike-Web-HD.mp4\"><\/video><\/figure>\n<\/div>\n\n\n\n<div class=\"wp-block-column is-vertically-aligned-center is-layout-flow wp-block-column-is-layout-flow\">\n<h3 class=\"wp-block-heading\" style=\"margin-bottom:var(--wp--preset--spacing--h-3-bottom)\"><strong><strong><strong>Predstavljamo serijo Evolve Ultra <\/strong><\/strong><\/strong>kardio<\/h3>\n\n\n\n<p><strong><em>Stile in stabilit\u00e0  <\/em><\/strong><\/p>\n\n\n\n<p>Predstavljamo vam komercialni sobni kolesar Evolve Ultra Series UL-156, va\u0161o vstopnico za neprekosljivo kardio izku\u0161njo. Ta fitnes oprema, zasnovana natan\u010dno in prefinjeno, na novo opredeljuje va\u0161o vadbo. Njegov presenetljiv okvir v \u010drni barvi Sandy Black va\u0161i telovadnici ne doda le pridiha elegance, temve\u010d tudi ozna\u010duje vrhunsko kakovost in izdelavo.  <\/p>\n\n\n\n<p><em>Za popolno izku\u0161njo omogo\u010dite zvok v upravljanju igralca.<\/em><\/p>\n<\/div>\n<\/div>\n\n\n\n<div class=\"wp-block-columns alignwide mobile-reverse is-layout-flex wp-container-core-columns-is-layout-ca64bf2d wp-block-columns-is-layout-flex\" style=\"margin-bottom:var(--wp--preset--spacing--side-padding)\">\n<div class=\"wp-block-column is-vertically-aligned-center is-layout-flow wp-block-column-is-layout-flow\">\n<h3 class=\"wp-block-heading\" style=\"margin-bottom:var(--wp--preset--spacing--h-3-bottom)\"><strong>Bicicletta reclinabile Evolve Serie Ultra<\/strong><\/h3>\n\n\n\n<p><strong><em><strong><strong><strong><strong><strong>Najvi\u0161ja izku\u0161nja vadbe<\/strong><\/strong><\/strong><\/strong><\/strong><\/em><\/strong><\/p>\n\n\n\n<p>Evolve Ultra Series UL-156 Commercial Recumbent Bike ponuja udobje in zmogljivost ter spreminja va\u0161o vadbeno rutino. Se non hai ancora una sede ergonomica, puoi pedalare su una sedia a rotelle o su una sedia a rotelle. Nastavljiv sede\u017e in krmilo omogo\u010data prilagojeno no\u0161enje, kar je primerno za uporabnike vseh velikosti in tipov postave. Z intuitivnim upravljanjem in uporabniku prijaznim vmesnikom je navigacija med razli\u010dnimi programmi vadbe in stopnjami upora enostavna.   <\/p>\n<\/div>\n\n\n\n<div class=\"wp-block-column is-vertically-aligned-center is-layout-flow wp-block-column-is-layout-flow\">\n<figure class=\"wp-block-video\"><video height=\"1080\" style=\"aspect-ratio: 1920 \/ 1080;\" width=\"1920\" autoplay=\"\" controls=\"\" loop=\"\" muted=\"\" src=\"https:\/\/evolve-fitness.eu\/wp-content\/uploads\/2024\/04\/Evolve-Ultra-Series-Commercial-Recumbent-bike.mp4\"><\/video><\/figure>\n<\/div>\n<\/div>\n\n\n\n<div class=\"wp-block-columns alignwide mobile-reverse is-layout-flex wp-container-core-columns-is-layout-ca64bf2d wp-block-columns-is-layout-flex\" style=\"margin-bottom:var(--wp--preset--spacing--side-padding)\">\n<div class=\"wp-block-column is-vertically-aligned-center is-layout-flow wp-block-column-is-layout-flow\">\n<figure class=\"wp-block-image size-full is-resized\"><img loading=\"lazy\" decoding=\"async\" width=\"1920\" height=\"1080\" src=\"https:\/\/evolve-fitness.eu\/wp-content\/uploads\/2023\/11\/7.png\" alt=\"\" class=\"wp-image-7102\" style=\"object-fit:cover;width:680px;height:600px\" srcset=\"https:\/\/evolve-fitness.eu\/wp-content\/uploads\/2023\/11\/7.png 1920w, https:\/\/evolve-fitness.eu\/wp-content\/uploads\/2023\/11\/7-300x169.png 300w, https:\/\/evolve-fitness.eu\/wp-content\/uploads\/2023\/11\/7-267x150.png 267w, https:\/\/evolve-fitness.eu\/wp-content\/uploads\/2023\/11\/7-600x338.png 600w, https:\/\/evolve-fitness.eu\/wp-content\/uploads\/2023\/11\/7-1024x576.png 1024w, https:\/\/evolve-fitness.eu\/wp-content\/uploads\/2023\/11\/7-150x84.png 150w, https:\/\/evolve-fitness.eu\/wp-content\/uploads\/2023\/11\/7-768x432.png 768w, https:\/\/evolve-fitness.eu\/wp-content\/uploads\/2023\/11\/7-1536x864.png 1536w\" sizes=\"auto, (max-width: 1920px) 100vw, 1920px\" \/><\/figure>\n<\/div>\n\n\n\n<div class=\"wp-block-column is-vertically-aligned-center is-layout-flow wp-block-column-is-layout-flow\">\n<h3 class=\"wp-block-heading\" style=\"margin-bottom:var(--wp--preset--spacing--h-3-bottom)\"><strong>Uspe\u0161nost in vzdr\u017eljivost<\/strong><\/h3>\n\n\n\n<p><strong><em><strong><strong><strong><strong><strong>Za optimalno delovanje<\/strong><\/strong><\/strong><\/strong><\/strong><\/em><\/strong><\/p>\n\n\n\n<p>UL-156 se pona\u0161a z aluminijastim sede\u017eem, ki zagotavlja vzdr\u017eljivost in stabilnost, ki ju potrebujete med vadbo. Napredni zavorni sistem EMS zagotavlja natan\u010den nadzor upora, vztrajnik s te\u017eo 10 kg*265 mm pa zagotavlja gladko in u\u010dinkovito pedaliranje. Dodatki, ki dopolnjujejo okvir, so izdelani v \u010drni barvi, kar ustvarja celovit in eleganten videz. I pedali da 9\/16&#8243; e i passanti da 400 mm del PJ8 sono in grado di sostenere un peso di 200 kg, mentre il pedale \u00e8 in grado di fermare i teleschermi.   <\/p>\n<\/div>\n<\/div>\n\n\n\n<div class=\"wp-block-columns alignwide is-layout-flex wp-container-core-columns-is-layout-c45ee707 wp-block-columns-is-layout-flex\" style=\"margin-bottom:var(--wp--preset--spacing--side-padding);padding-top:var(--wp--preset--spacing--side-padding)\">\n<div class=\"wp-block-column is-vertically-aligned-center is-layout-flow wp-block-column-is-layout-flow\">\n<h3 class=\"wp-block-heading\" style=\"margin-bottom:var(--wp--preset--spacing--h-3-bottom)\"><strong>Najsodobnej\u0161a tehnologija  <\/strong><\/h3>\n\n\n\n<p><strong><em><strong><strong><strong>Konzola TFT<\/strong><\/strong><\/strong><\/em><\/strong><\/p>\n\n\n\n<p>Il modello UL-156 je najsodobnej\u0161a 15,6-pal\u010dna konzola TFT. Il televisore \u00e8 dotato di un sistema di controllo della temperatura e di un sistema di controllo della temperatura che permette di visualizzare le funzioni di un dispositivo di controllo della temperatura e di un sistema di controllo della temperatura. Il prek povezave Bluetooth se brez te\u017eav pove\u017eite s priljubljenimi aplikacijami za fitnes, kot sta Kinomap in Zwift, in si zagotovite poglobljeno vadbo. Vgrajene aplikacije, kot so Google Chrome, Facebook, Netflix, Amazon Video, Amazon Shopping, Spotify, YouTube, Twitter in Instagram, vas bodo med vadbo zabavale.   <\/p>\n<\/div>\n\n\n\n<div class=\"wp-block-column is-vertically-aligned-center is-layout-flow wp-block-column-is-layout-flow\">\n<figure class=\"wp-block-video\"><video height=\"600\" style=\"aspect-ratio: 680 \/ 600;\" width=\"680\" autoplay=\"\" controls=\"\" loop=\"\" muted=\"\" src=\"https:\/\/evolve-fitness.eu\/wp-content\/uploads\/2023\/11\/Evolve-Ultra-cardio-console-full.mp4\"><\/video><\/figure>\n<\/div>\n<\/div>\n\n\n\n<div class=\"wp-block-columns alignwide is-layout-flex wp-container-core-columns-is-layout-c45ee707 wp-block-columns-is-layout-flex\" style=\"margin-bottom:var(--wp--preset--spacing--side-padding);padding-top:var(--wp--preset--spacing--side-padding)\">\n<div class=\"wp-block-column is-vertically-aligned-center is-layout-flow wp-block-column-is-layout-flow\">\n<figure class=\"wp-block-video\"><video height=\"1080\" style=\"aspect-ratio: 1920 \/ 1080;\" width=\"1920\" autoplay=\"\" controls=\"\" loop=\"\" muted=\"\" src=\"https:\/\/evolve-fitness.eu\/wp-content\/uploads\/2023\/11\/EV-RB-UL-156-Evolve-Ultra-Series-Recumbent-Bike-With-3D.mp4\"><\/video><\/figure>\n<\/div>\n\n\n\n<div class=\"wp-block-column is-vertically-aligned-center is-layout-flow wp-block-column-is-layout-flow\">\n<h3 class=\"wp-block-heading\" style=\"margin-bottom:var(--wp--preset--spacing--h-3-bottom)\"><strong><strong><strong>Uporabniku prijazno oblikovanje  <\/strong><\/strong><\/strong><\/h3>\n\n\n\n<p><strong><em>In prostorsko u\u010dinkovit<\/em><\/strong><\/p>\n\n\n\n<p>UL-156 z velikostjo nastavitev 1725 x 75 x 122 mm in neto\/bruto te\u017eo 75\/83 kg zagotavlja stabilno platformo za vadbo, ne da bi zavzel preve\u010d prostora. Vklju\u010duje tudi priro\u010dno dr\u017ealo za steklenico vode, ki zagotavlja, da boste med seanso ostali hidrirani. <\/p>\n<\/div>\n<\/div>\n\n\n\n<div class=\"wp-block-columns alignwide are-vertically-aligned-center mobile-reverse is-layout-flex wp-container-core-columns-is-layout-e8158c2f wp-block-columns-is-layout-flex\" style=\"padding-top:var(--wp--preset--spacing--side-padding)\">\n<div class=\"wp-block-column is-vertically-aligned-center is-layout-flow wp-block-column-is-layout-flow\">\n<h3 class=\"wp-block-heading\" style=\"margin-bottom:var(--wp--preset--spacing--h-3-bottom)\"><strong><strong><strong>Zabava in povezljivost<\/strong><\/strong><\/strong><\/h3>\n\n\n\n<p><strong><em><strong><strong>Izjemna zmogljivost<\/strong><\/strong><\/em><\/strong><\/p>\n\n\n\n<p>L&#8217;UL-156 \u00e8 un sistema di controllo degli impulsi che si trovano nelle vicinanze. Ima vgrajene zvo\u010dnike in vhod za polnjenje USB, tako da lahko med vadbo u\u017eivate v najljub\u0161i glasbi in polnite svoje naprave. La bicicletta reclinabile Evolve Ultra Series UL-156 \u00e8 un prodotto di qualit\u00e0, che si adatta alle esigenze di tutti i giorni e che \u00e8 in grado di offrire un&#8217;ampia gamma di servizi di fitness. Z napravo UL-156 izbolj\u0161ajte svojo vadbo in naredite korak bli\u017eje svojim ciljem na podro\u010dju telesne pripravljenosti.   <\/p>\n<\/div>\n\n\n\n<div class=\"wp-block-column is-vertically-aligned-center is-layout-flow wp-block-column-is-layout-flow\">\n<figure class=\"wp-block-image size-full\"><img loading=\"lazy\" decoding=\"async\" width=\"680\" height=\"600\" src=\"https:\/\/evolve-fitness.eu\/wp-content\/uploads\/2023\/11\/Dizainas-be-pavadinimo-9.png\" alt=\"\" class=\"wp-image-7106\" srcset=\"https:\/\/evolve-fitness.eu\/wp-content\/uploads\/2023\/11\/Dizainas-be-pavadinimo-9.png 680w, https:\/\/evolve-fitness.eu\/wp-content\/uploads\/2023\/11\/Dizainas-be-pavadinimo-9-300x265.png 300w, https:\/\/evolve-fitness.eu\/wp-content\/uploads\/2023\/11\/Dizainas-be-pavadinimo-9-170x150.png 170w, https:\/\/evolve-fitness.eu\/wp-content\/uploads\/2023\/11\/Dizainas-be-pavadinimo-9-600x529.png 600w, https:\/\/evolve-fitness.eu\/wp-content\/uploads\/2023\/11\/Dizainas-be-pavadinimo-9-150x132.png 150w\" sizes=\"auto, (max-width: 680px) 100vw, 680px\" \/><\/figure>\n<\/div>\n<\/div>\n\n\n\n<figure class=\"wp-block-video\"><video height=\"496\" style=\"aspect-ratio: 1908 \/ 496;\" width=\"1908\" autoplay=\"\" loop=\"\" muted=\"\" src=\"https:\/\/evolve-fitness.eu\/wp-content\/uploads\/2023\/11\/Ultra-site-apps.mp4\"><\/video><\/figure>\n<\/section>\n","protected":false},"excerpt":{"rendered":"<p>Do\u017eivite vrhunsko kardio vadbo s komercialnim sobnim kolesom Evolve Ultra Series UL-156. Elegante okvir Sandy Black, trpe\u017ena aluminijasta sede\u017ena ograja in napredna zavora sistema EMS zagotavljajo slog in zmogljivost. Z vztrajnikom 10 kg*265 mm, najve\u010djo te\u017eo uporabnika 200 kg in priro\u010dnimi funkcijami, kot je dr\u017ealo za steklenico vode, je zasnovan za vse ravni telesne pripravljenosti. Il display TFT da 15,6-pal\u010dna se prek povezave Bluetooth pove\u017ee z aplikacijami, kot sta Kinomap in Zwift, ter vklju\u010duje vgrajene aplikacije, kot sta Google Chrome in Netflix. S senzorjem utripa na ro\u010daju, zvo\u010dniki in polnilnim priklju\u010dkom USB ostanite med vadbo zabavni in povezani. Z napravo UL-156 na novo opredelite svojo kardio izku\u0161njo.     <\/p>\n","protected":false},"featured_media":0,"template":"","meta":{"_acf_changed":false,"inline_featured_image":false},"product_brand":[],"product_cat":[13032],"product_tag":[],"class_list":{"0":"post-238552","1":"product","2":"type-product","3":"status-publish","5":"product_cat-hyrox-gear","7":"first","8":"instock","9":"shipping-taxable","10":"purchasable","11":"product-type-simple"},"acf":{"long_title":"","subtitle":"","specifications":null,"product_frequently_asked_questions":null},"yoast_head":"<!-- This site is optimized with the Yoast SEO plugin v27.4 - https:\/\/yoast.com\/product\/yoast-seo-wordpress\/ -->\n<title>Recumbent commerciale Evolve Serie Ultra - Evolve<\/title>\n<meta name=\"robots\" content=\"index, follow, max-snippet:-1, max-image-preview:large, max-video-preview:-1\" \/>\n<link rel=\"canonical\" href=\"https:\/\/evolve-fitness.eu\/it\/prodotto\/recumbent-commerciale-evolve-serie-ultra-2\/\" \/>\n<meta property=\"og:locale\" content=\"it_IT\" \/>\n<meta property=\"og:type\" content=\"article\" \/>\n<meta property=\"og:title\" content=\"Recumbent commerciale Evolve Serie Ultra - Evolve\" \/>\n<meta property=\"og:url\" content=\"https:\/\/evolve-fitness.eu\/it\/prodotto\/recumbent-commerciale-evolve-serie-ultra-2\/\" \/>\n<meta property=\"og:site_name\" content=\"Evolve\" \/>\n<meta property=\"article:publisher\" content=\"https:\/\/www.facebook.com\/EvolveFitnessEurope\" \/>\n<meta property=\"article:modified_time\" content=\"2026-04-23T06:56:32+00:00\" \/>\n<meta property=\"og:image\" content=\"https:\/\/evolve-fitness.eu\/wp-content\/uploads\/2023\/11\/7.png\" \/>\n\t<meta property=\"og:image:width\" content=\"1920\" \/>\n\t<meta property=\"og:image:height\" content=\"1080\" \/>\n\t<meta property=\"og:image:type\" content=\"image\/png\" \/>\n<meta name=\"twitter:card\" content=\"summary_large_image\" \/>\n<script type=\"application\/ld+json\" class=\"yoast-schema-graph\">{\"@context\":\"https:\\\/\\\/schema.org\",\"@graph\":[{\"@type\":\"WebPage\",\"@id\":\"https:\\\/\\\/evolve-fitness.eu\\\/it\\\/prodotto\\\/recumbent-commerciale-evolve-serie-ultra-2\\\/\",\"url\":\"https:\\\/\\\/evolve-fitness.eu\\\/it\\\/prodotto\\\/recumbent-commerciale-evolve-serie-ultra-2\\\/\",\"name\":\"Recumbent commerciale Evolve Serie Ultra - Evolve\",\"isPartOf\":{\"@id\":\"https:\\\/\\\/evolve-fitness.eu\\\/it\\\/#website\"},\"primaryImageOfPage\":{\"@id\":\"https:\\\/\\\/evolve-fitness.eu\\\/it\\\/prodotto\\\/recumbent-commerciale-evolve-serie-ultra-2\\\/#primaryimage\"},\"image\":{\"@id\":\"https:\\\/\\\/evolve-fitness.eu\\\/it\\\/prodotto\\\/recumbent-commerciale-evolve-serie-ultra-2\\\/#primaryimage\"},\"thumbnailUrl\":\"https:\\\/\\\/evolve-fitness.eu\\\/wp-content\\\/uploads\\\/2023\\\/11\\\/7.png\",\"datePublished\":\"2023-11-24T06:36:20+00:00\",\"dateModified\":\"2026-04-23T06:56:32+00:00\",\"breadcrumb\":{\"@id\":\"https:\\\/\\\/evolve-fitness.eu\\\/it\\\/prodotto\\\/recumbent-commerciale-evolve-serie-ultra-2\\\/#breadcrumb\"},\"inLanguage\":\"it-IT\",\"potentialAction\":[{\"@type\":\"ReadAction\",\"target\":[\"https:\\\/\\\/evolve-fitness.eu\\\/it\\\/prodotto\\\/recumbent-commerciale-evolve-serie-ultra-2\\\/\"]}]},{\"@type\":\"ImageObject\",\"inLanguage\":\"it-IT\",\"@id\":\"https:\\\/\\\/evolve-fitness.eu\\\/it\\\/prodotto\\\/recumbent-commerciale-evolve-serie-ultra-2\\\/#primaryimage\",\"url\":\"https:\\\/\\\/evolve-fitness.eu\\\/wp-content\\\/uploads\\\/2023\\\/11\\\/7.png\",\"contentUrl\":\"https:\\\/\\\/evolve-fitness.eu\\\/wp-content\\\/uploads\\\/2023\\\/11\\\/7.png\"},{\"@type\":\"BreadcrumbList\",\"@id\":\"https:\\\/\\\/evolve-fitness.eu\\\/it\\\/prodotto\\\/recumbent-commerciale-evolve-serie-ultra-2\\\/#breadcrumb\",\"itemListElement\":[{\"@type\":\"ListItem\",\"position\":1,\"name\":\"Home\",\"item\":\"https:\\\/\\\/evolve-fitness.eu\\\/it\\\/\"},{\"@type\":\"ListItem\",\"position\":2,\"name\":\"Prodotti\",\"item\":\"https:\\\/\\\/evolve-fitness.eu\\\/it\\\/shop\\\/\"},{\"@type\":\"ListItem\",\"position\":3,\"name\":\"Recumbent commerciale Evolve Serie Ultra\"}]},{\"@type\":\"WebSite\",\"@id\":\"https:\\\/\\\/evolve-fitness.eu\\\/it\\\/#website\",\"url\":\"https:\\\/\\\/evolve-fitness.eu\\\/it\\\/\",\"name\":\"Evolve\",\"description\":\"Your Evolved Gear Arrived\",\"publisher\":{\"@id\":\"https:\\\/\\\/evolve-fitness.eu\\\/it\\\/#organization\"},\"potentialAction\":[{\"@type\":\"SearchAction\",\"target\":{\"@type\":\"EntryPoint\",\"urlTemplate\":\"https:\\\/\\\/evolve-fitness.eu\\\/it\\\/?s={search_term_string}\"},\"query-input\":{\"@type\":\"PropertyValueSpecification\",\"valueRequired\":true,\"valueName\":\"search_term_string\"}}],\"inLanguage\":\"it-IT\"},{\"@type\":\"Organization\",\"@id\":\"https:\\\/\\\/evolve-fitness.eu\\\/it\\\/#organization\",\"name\":\"Evolve\",\"url\":\"https:\\\/\\\/evolve-fitness.eu\\\/it\\\/\",\"logo\":{\"@type\":\"ImageObject\",\"inLanguage\":\"it-IT\",\"@id\":\"https:\\\/\\\/evolve-fitness.eu\\\/it\\\/#\\\/schema\\\/logo\\\/image\\\/\",\"url\":\"https:\\\/\\\/evolve-fitness.eu\\\/wp-content\\\/uploads\\\/2023\\\/05\\\/Evolve-logo.svg\",\"contentUrl\":\"https:\\\/\\\/evolve-fitness.eu\\\/wp-content\\\/uploads\\\/2023\\\/05\\\/Evolve-logo.svg\",\"width\":176,\"height\":20,\"caption\":\"Evolve\"},\"image\":{\"@id\":\"https:\\\/\\\/evolve-fitness.eu\\\/it\\\/#\\\/schema\\\/logo\\\/image\\\/\"},\"sameAs\":[\"https:\\\/\\\/www.facebook.com\\\/EvolveFitnessEurope\"]}]}<\/script>\n<!-- \/ Yoast SEO plugin. -->","yoast_head_json":{"title":"Recumbent commerciale Evolve Serie Ultra - Evolve","robots":{"index":"index","follow":"follow","max-snippet":"max-snippet:-1","max-image-preview":"max-image-preview:large","max-video-preview":"max-video-preview:-1"},"canonical":"https:\/\/evolve-fitness.eu\/it\/prodotto\/recumbent-commerciale-evolve-serie-ultra-2\/","og_locale":"it_IT","og_type":"article","og_title":"Recumbent commerciale Evolve Serie Ultra - Evolve","og_url":"https:\/\/evolve-fitness.eu\/it\/prodotto\/recumbent-commerciale-evolve-serie-ultra-2\/","og_site_name":"Evolve","article_publisher":"https:\/\/www.facebook.com\/EvolveFitnessEurope","article_modified_time":"2026-04-23T06:56:32+00:00","og_image":[{"width":1920,"height":1080,"url":"https:\/\/evolve-fitness.eu\/wp-content\/uploads\/2023\/11\/7.png","type":"image\/png"}],"twitter_card":"summary_large_image","schema":{"@context":"https:\/\/schema.org","@graph":[{"@type":"WebPage","@id":"https:\/\/evolve-fitness.eu\/it\/prodotto\/recumbent-commerciale-evolve-serie-ultra-2\/","url":"https:\/\/evolve-fitness.eu\/it\/prodotto\/recumbent-commerciale-evolve-serie-ultra-2\/","name":"Recumbent commerciale Evolve Serie Ultra - Evolve","isPartOf":{"@id":"https:\/\/evolve-fitness.eu\/it\/#website"},"primaryImageOfPage":{"@id":"https:\/\/evolve-fitness.eu\/it\/prodotto\/recumbent-commerciale-evolve-serie-ultra-2\/#primaryimage"},"image":{"@id":"https:\/\/evolve-fitness.eu\/it\/prodotto\/recumbent-commerciale-evolve-serie-ultra-2\/#primaryimage"},"thumbnailUrl":"https:\/\/evolve-fitness.eu\/wp-content\/uploads\/2023\/11\/7.png","datePublished":"2023-11-24T06:36:20+00:00","dateModified":"2026-04-23T06:56:32+00:00","breadcrumb":{"@id":"https:\/\/evolve-fitness.eu\/it\/prodotto\/recumbent-commerciale-evolve-serie-ultra-2\/#breadcrumb"},"inLanguage":"it-IT","potentialAction":[{"@type":"ReadAction","target":["https:\/\/evolve-fitness.eu\/it\/prodotto\/recumbent-commerciale-evolve-serie-ultra-2\/"]}]},{"@type":"ImageObject","inLanguage":"it-IT","@id":"https:\/\/evolve-fitness.eu\/it\/prodotto\/recumbent-commerciale-evolve-serie-ultra-2\/#primaryimage","url":"https:\/\/evolve-fitness.eu\/wp-content\/uploads\/2023\/11\/7.png","contentUrl":"https:\/\/evolve-fitness.eu\/wp-content\/uploads\/2023\/11\/7.png"},{"@type":"BreadcrumbList","@id":"https:\/\/evolve-fitness.eu\/it\/prodotto\/recumbent-commerciale-evolve-serie-ultra-2\/#breadcrumb","itemListElement":[{"@type":"ListItem","position":1,"name":"Home","item":"https:\/\/evolve-fitness.eu\/it\/"},{"@type":"ListItem","position":2,"name":"Prodotti","item":"https:\/\/evolve-fitness.eu\/it\/shop\/"},{"@type":"ListItem","position":3,"name":"Recumbent commerciale Evolve Serie Ultra"}]},{"@type":"WebSite","@id":"https:\/\/evolve-fitness.eu\/it\/#website","url":"https:\/\/evolve-fitness.eu\/it\/","name":"Evolve","description":"Your Evolved Gear Arrived","publisher":{"@id":"https:\/\/evolve-fitness.eu\/it\/#organization"},"potentialAction":[{"@type":"SearchAction","target":{"@type":"EntryPoint","urlTemplate":"https:\/\/evolve-fitness.eu\/it\/?s={search_term_string}"},"query-input":{"@type":"PropertyValueSpecification","valueRequired":true,"valueName":"search_term_string"}}],"inLanguage":"it-IT"},{"@type":"Organization","@id":"https:\/\/evolve-fitness.eu\/it\/#organization","name":"Evolve","url":"https:\/\/evolve-fitness.eu\/it\/","logo":{"@type":"ImageObject","inLanguage":"it-IT","@id":"https:\/\/evolve-fitness.eu\/it\/#\/schema\/logo\/image\/","url":"https:\/\/evolve-fitness.eu\/wp-content\/uploads\/2023\/05\/Evolve-logo.svg","contentUrl":"https:\/\/evolve-fitness.eu\/wp-content\/uploads\/2023\/05\/Evolve-logo.svg","width":176,"height":20,"caption":"Evolve"},"image":{"@id":"https:\/\/evolve-fitness.eu\/it\/#\/schema\/logo\/image\/"},"sameAs":["https:\/\/www.facebook.com\/EvolveFitnessEurope"]}]}},"_links":{"self":[{"href":"https:\/\/evolve-fitness.eu\/it\/wp-json\/wp\/v2\/product\/238552","targetHints":{"allow":["GET"]}}],"collection":[{"href":"https:\/\/evolve-fitness.eu\/it\/wp-json\/wp\/v2\/product"}],"about":[{"href":"https:\/\/evolve-fitness.eu\/it\/wp-json\/wp\/v2\/types\/product"}],"wp:attachment":[{"href":"https:\/\/evolve-fitness.eu\/it\/wp-json\/wp\/v2\/media?parent=238552"}],"wp:term":[{"taxonomy":"product_brand","embeddable":true,"href":"https:\/\/evolve-fitness.eu\/it\/wp-json\/wp\/v2\/product_brand?post=238552"},{"taxonomy":"product_cat","embeddable":true,"href":"https:\/\/evolve-fitness.eu\/it\/wp-json\/wp\/v2\/product_cat?post=238552"},{"taxonomy":"product_tag","embeddable":true,"href":"https:\/\/evolve-fitness.eu\/it\/wp-json\/wp\/v2\/product_tag?post=238552"}],"curies":[{"name":"wp","href":"https:\/\/api.w.org\/{rel}","templated":true}]}}