{"id":238676,"date":"2023-08-23T14:26:48","date_gmt":"2023-08-23T11:26:48","guid":{"rendered":"https:\/\/evolve-fitness.eu\/product\/lat-pulldown-selettorizzato-della-serie-evolve-prime-2\/"},"modified":"2026-04-23T10:06:27","modified_gmt":"2026-04-23T07:06:27","slug":"lat-pulldown-selettorizzato-della-serie-evolve-prime-2","status":"publish","type":"product","link":"https:\/\/evolve-fitness.eu\/it\/prodotto\/lat-pulldown-selettorizzato-della-serie-evolve-prime-2\/","title":{"rendered":"Lat Pulldown selettorizzato della serie Evolve Prime"},"content":{"rendered":"\n<section class=\"wp-block-group alignfull has-lightgray-background-color has-background is-layout-constrained wp-block-group-is-layout-constrained\">\n<div class=\"wp-block-columns alignwide is-layout-flex wp-container-core-columns-is-layout-2edb0647 wp-block-columns-is-layout-flex\" style=\"margin-top:0;margin-bottom:0\">\n<div class=\"wp-block-column is-layout-flow wp-block-column-is-layout-flow\" style=\"flex-basis:33.33%\"><\/div>\n\n\n\n<div class=\"wp-block-column is-layout-flow wp-block-column-is-layout-flow\" style=\"flex-basis:66.66%\"><\/div>\n<\/div>\n<\/section>\n\n<section class=\"wp-block-group alignfull black-content has-white-color has-darkgray-background-color has-text-color has-background is-layout-constrained wp-block-group-is-layout-constrained\" style=\"padding-top:var(--wp--preset--spacing--section-bottom);padding-bottom:var(--wp--preset--spacing--section-bottom)\">\n<section class=\"wp-block-group alignfull black-content has-white-color has-darkgray-background-color has-text-color has-background is-layout-constrained wp-block-group-is-layout-constrained\" style=\"padding-top:var(--wp--preset--spacing--section-bottom);padding-bottom:var(--wp--preset--spacing--section-bottom)\">\n<div class=\"wp-block-columns alignwide mobile-reverse is-layout-flex wp-container-core-columns-is-layout-ca64bf2d wp-block-columns-is-layout-flex\" style=\"margin-bottom:var(--wp--preset--spacing--side-padding)\">\n<div class=\"wp-block-column is-vertically-aligned-center is-layout-flow wp-block-column-is-layout-flow\">\n<h3 class=\"wp-block-heading\" style=\"margin-bottom:var(--wp--preset--spacing--h-3-bottom)\">Revolu\u021bioneaz\u0103-\u021bi antrenamentele<\/h3>\n\n\n\n<p><em><strong>Ma\u0219ini selec\u021bionate din seria Evolve Prime<\/strong><\/em><\/p>\n\n\n\n<p style=\"margin-bottom:var(--wp--preset--spacing--tb-section-padding)\">Ridica\u021bi-v\u0103 c\u0103l\u0103toria de fitness cu aparatele selectorizate Evolve Prime Series. Progettati per essere sempre efficienti, questi apparecchi offrono una gamma di caratteristiche che permettono di migliorare la routine dell&#8217;esercizio fisico. Se le scarpe sono regolari, gli utilizzatori possono personalizzare le loro strutture per garantire il massimo comfort. Ma\u0219inile se m\u00e2ndresc cu un cadru oval extrem de durabil, oferind at\u00e2t un design elegant, c\u00e2t \u0219i o longevitate potrivit\u0103 pentru mediile comerciale. O baz\u0103 tapi\u021bat\u0103 confortabil\u0103 asigur\u0103 stabilitate \u00een timpul antrenamentelor, \u00een timp ce m\u00e2nerele antiderapante, designul cu turn cu profil redus, dimensiunea compact\u0103 \u0219i culorile personalizabile ale cadrului \u0219i tapi\u021beriei adaug\u0103 o not\u0103 de stil s\u0103lii dvs. de sport. Descoperi\u021bi mi\u0219carea unilateral\u0103 \u0219i bra\u021bele cu ax\u0103 convergent\u0103 care ofer\u0103 o experien\u021b\u0103 de antrenament natural\u0103 \u0219i echilibrat\u0103.      <\/p>\n\n\n\n<h3 class=\"wp-block-heading\" style=\"margin-bottom:var(--wp--preset--spacing--h-3-bottom)\">Excelen\u021b\u0103 ergonomica<\/h3>\n\n\n\n<p><strong><em>Adatta il corpo di una persona che non ha bisogno di essere usata.<\/em><\/strong><\/p>\n\n\n\n<p>Le noastre di for\u021b\u0103 selezionate sono realizzate con un design ergonomico che rispetta l&#8217;anatomia del corpo umano. Acest lucru asigur\u0103 pozi\u021bionarea corect\u0103 a corpului \u0219i stabilizeaz\u0103 articula\u021biile \u00een timpul antrenamentului. Le m\u00e2nerele sono acoperite con un materiale antiderapante, che garantisce la stabilit\u00e0 massima dell&#8217;antrenamento. Scaunele \u0219i sp\u0103tarele reglabile le permit utilizatorilor s\u0103 g\u0103seasc\u0103 pozi\u021bia perfect\u0103 de antrenament, \u00een func\u021bie de nevoile lor individuale. Le maglie da reglare, vopsite all&#8217;interno del culoare ro\u0219ie aprins\u0103, sono da identificare e da utilizzare.    <\/p>\n<\/div>\n\n\n\n<div class=\"wp-block-column is-vertically-aligned-center is-layout-flow wp-block-column-is-layout-flow\">\n<figure class=\"wp-block-image size-large is-resized is-style-rounded\"><img loading=\"lazy\" decoding=\"async\" src=\"https:\/\/evolve-fitness.eu\/wp-content\/uploads\/2023\/08\/3-4-edited.jpg\" alt=\"\" class=\"wp-image-2841\" style=\"width:684px;height:684px\" width=\"684\" height=\"684\" srcset=\"https:\/\/evolve-fitness.eu\/wp-content\/uploads\/2023\/08\/3-4-edited.jpg 1536w, https:\/\/evolve-fitness.eu\/wp-content\/uploads\/2023\/08\/3-4-edited-300x300.jpg 300w, https:\/\/evolve-fitness.eu\/wp-content\/uploads\/2023\/08\/3-4-edited-150x150.jpg 150w, https:\/\/evolve-fitness.eu\/wp-content\/uploads\/2023\/08\/3-4-edited-600x600.jpg 600w, https:\/\/evolve-fitness.eu\/wp-content\/uploads\/2023\/08\/3-4-edited-1024x1024.jpg 1024w, https:\/\/evolve-fitness.eu\/wp-content\/uploads\/2023\/08\/3-4-edited-768x768.jpg 768w\" sizes=\"auto, (max-width: 684px) 100vw, 684px\" \/><\/figure>\n<\/div>\n<\/div>\n<\/section>\n\n\n\n<section class=\"wp-block-group alignfull black-content has-white-color has-darkgray-background-color has-text-color has-background is-layout-constrained wp-block-group-is-layout-constrained\" style=\"padding-top:var(--wp--preset--spacing--section-bottom);padding-bottom:var(--wp--preset--spacing--section-bottom)\">\n<div class=\"wp-block-columns alignwide mobile-reverse is-layout-flex wp-container-core-columns-is-layout-ca64bf2d wp-block-columns-is-layout-flex\" style=\"margin-bottom:var(--wp--preset--spacing--side-padding)\">\n<div class=\"wp-block-column is-vertically-aligned-center is-layout-flow wp-block-column-is-layout-flow\">\n<figure class=\"wp-block-image size-large is-resized is-style-rounded\"><img loading=\"lazy\" decoding=\"async\" src=\"https:\/\/evolve-fitness.eu\/wp-content\/uploads\/2023\/08\/13-2-767x1024.jpg\" alt=\"\" class=\"wp-image-2363\" style=\"width:594px;height:794px\" width=\"594\" height=\"794\" srcset=\"https:\/\/evolve-fitness.eu\/wp-content\/uploads\/2023\/08\/13-2-767x1024.jpg 767w, https:\/\/evolve-fitness.eu\/wp-content\/uploads\/2023\/08\/13-2-300x401.jpg 300w, https:\/\/evolve-fitness.eu\/wp-content\/uploads\/2023\/08\/13-2-112x150.jpg 112w, https:\/\/evolve-fitness.eu\/wp-content\/uploads\/2023\/08\/13-2-600x801.jpg 600w, https:\/\/evolve-fitness.eu\/wp-content\/uploads\/2023\/08\/13-2-225x300.jpg 225w, https:\/\/evolve-fitness.eu\/wp-content\/uploads\/2023\/08\/13-2-768x1026.jpg 768w, https:\/\/evolve-fitness.eu\/wp-content\/uploads\/2023\/08\/13-2.jpg 864w\" sizes=\"auto, (max-width: 594px) 100vw, 594px\" \/><\/figure>\n<\/div>\n\n\n\n<div class=\"wp-block-column is-vertically-aligned-center is-layout-flow wp-block-column-is-layout-flow\">\n<h3 class=\"wp-block-heading\" style=\"margin-bottom:var(--wp--preset--spacing--h-3-bottom)\">Siguran\u021b\u0103 \u0219i simplitate<\/h3>\n\n\n\n<p><strong><em>Ajust\u0103ri f\u0103r\u0103 efort<\/em><\/strong><\/p>\n\n\n\n<p style=\"margin-bottom:var(--wp--preset--spacing--tb-section-padding)\">Siguran\u021ba este primordial\u0103, motiv pentru care stivele de greut\u0103\u021bi ale tuturor aparatelor de for\u021b\u0103 selectorizate sunt complet acoperite cu capace de plastic opac. Acest lucru nu numai c\u0103 spore\u0219te siguran\u021ba antrenamentului, dar ofer\u0103 \u0219i un aspect atractiv. Schimbarea rezisten\u021bei este foarte u\u0219oar\u0103 &#8211; pur \u0219i simplu glisa\u021bi \u0219tiftul \u00een stiva de greutate dorit\u0103. La piastra di fissaggio \u00e8 protetta da uno strato di materiale di riempimento che protegge la coroziune.   <\/p>\n\n\n\n<h3 class=\"wp-block-heading\" style=\"margin-bottom:var(--wp--preset--spacing--h-3-bottom)\">Multifunzionale<\/h3>\n\n\n\n<p><strong><em>Comoditate la \u00eendem\u00e2na dumneavoastr\u0103<\/em><\/strong><\/p>\n\n\n\n<p>I Compartimentele de depozitare \u00eencorporate permettono di utilizzare gli utilizzatori di s\u0103 \u021bin\u0103 la \u00eendem\u00e2n\u0103 obiecte esen\u021biale, precum sticle de ap\u0103, playere muzicale sau telefoane mobile. Pl\u0103cu\u021bele informative descriu grupurile de mu\u0219chi pe care le vizeaz\u0103 fiecare antrenor, oferind pozi\u021bionarea corect\u0103 a corpului \u0219i \u00eendrumarea mi\u0219c\u0103rilor pentru a se asigura c\u0103 exerci\u021biile sunt efectuate corect. Bra\u021bele cu ax\u0103 convergent\u0103 imit\u0103 mi\u0219c\u0103rile naturale, iar mi\u0219carea unilateral\u0103 a m\u00e2nerului permite angajarea mu\u0219chilor \u021binti\u021bi, fie c\u0103 se utilizeaz\u0103 una sau ambele m\u00e2ini, promov\u00e2nd puterea cu simetrie \u0219i echilibru.  <\/p>\n<\/div>\n<\/div>\n<\/section>\n\n\n\n<section class=\"wp-block-group alignfull black-content has-white-color has-darkgray-background-color has-text-color has-background is-layout-constrained wp-block-group-is-layout-constrained\" style=\"padding-top:var(--wp--preset--spacing--section-bottom);padding-bottom:var(--wp--preset--spacing--section-bottom)\">\n<div class=\"wp-block-columns alignwide mobile-reverse is-layout-flex wp-container-core-columns-is-layout-ca64bf2d wp-block-columns-is-layout-flex\" style=\"margin-bottom:var(--wp--preset--spacing--side-padding)\">\n<div class=\"wp-block-column is-vertically-aligned-center is-layout-flow wp-block-column-is-layout-flow\">\n<h3 class=\"wp-block-heading\" style=\"margin-bottom:var(--wp--preset--spacing--h-3-bottom)\">Confort somptuos<\/h3>\n\n\n\n<p><strong><em>Tapi\u021berie de sus\u021binere<\/em><\/strong><\/p>\n\n\n\n<p style=\"margin-bottom:var(--wp--preset--spacing--tb-section-padding)\">Siguran\u021ba este primordial\u0103, motiv pentru care stivele de greut\u0103\u021bi ale tuturor aparatelor de for\u021b\u0103 selectorizate sunt complet acoperite cu capace de plastic opac. Acest lucru nu numai c\u0103 spore\u0219te siguran\u021ba antrenamentului, dar ofer\u0103 \u0219i un aspect atractiv. Schimbarea rezisten\u021bei este foarte u\u0219oar\u0103 &#8211; pur \u0219i simplu glisa\u021bi \u0219tiftul \u00een stiva de greutate dorit\u0103. La piastra di fissaggio \u00e8 protetta da uno strato di materiale di riempimento che protegge la coroziune.   <\/p>\n\n\n\n<h3 class=\"wp-block-heading\" style=\"margin-bottom:var(--wp--preset--spacing--h-3-bottom)\">Costruito per durare<\/h3>\n\n\n\n<p><strong><em>Cadru robusto<\/em><\/strong><\/p>\n\n\n\n<p>Realizzato in tuburi ovali sudati \u0219i acoperite cu pulbere, il cadrul nu este doar extrem de durabil, ci \u0219i rezistent la rugin\u0103. Fie c\u0103 sunte\u021bi un utilizator casnic \u00een c\u0103utarea calit\u0103\u021bii, fie c\u0103 sunte\u021bi o sal\u0103 de gimnastic\u0103 profesional\u0103 sau o unitate comercial\u0103 de fitness, inclusiv baze militare, hoteluri, pensiuni \u0219i centre de reabilitare, aceste aparate sunt concepute pentru a v\u0103 satisface a\u0219tept\u0103rile. <\/p>\n\n\n\n<p> <\/p>\n\n\n\n<div class=\"wp-block-columns is-layout-flex wp-container-core-columns-is-layout-9d6595d7 wp-block-columns-is-layout-flex\">\n<div class=\"wp-block-column is-layout-flow wp-block-column-is-layout-flow\">\n<div class=\"wp-block-columns is-layout-flex wp-container-core-columns-is-layout-9d6595d7 wp-block-columns-is-layout-flex\">\n<div class=\"wp-block-column is-layout-flow wp-block-column-is-layout-flow\"><\/div>\n<\/div>\n<\/div>\n<\/div>\n\n\n\n<h3 class=\"wp-block-heading\" style=\"margin-bottom:var(--wp--preset--spacing--h-3-bottom)\">Ideale per i professionisti<\/h3>\n\n\n\n<p><strong><em>Personalizza\u021bi-v\u0103 sala de sport<\/em><\/strong><\/p>\n\n\n\n<p>L&#8217;immagine di marc\u0103 a s\u0103lii dvs. de sport con echipamente care se potrivesc cu stilul dvs. Quando si comanda l&#8217;echipamentul Evolve, si pu\u00f2 scegliere lo schema di culori all&#8217;interno di un&#8217;abitazione. \u0219i vom personaliza culorile cadrului \u0219i ale tapi\u021beriei pentru a se potrivi spa\u021biului dvs. Sperimenta\u021bi solu\u021bia pe care o a\u0219tepta\u021bi &#8211; echipamente de fitness personalizate \u00een func\u021bie de nevoile dumneavoastr\u0103. Ottieni un&#8217;attrezzatura per il fitness di alta qualit\u00e0, che ti permetta di risparmiare sul medio commerciale e di completare lo schema culinario all&#8217;interno.     <\/p>\n<\/div>\n\n\n\n<div class=\"wp-block-column is-vertically-aligned-center is-layout-flow wp-block-column-is-layout-flow\">\n<figure class=\"wp-block-image size-large is-resized is-style-rounded\"><img loading=\"lazy\" decoding=\"async\" src=\"https:\/\/evolve-fitness.eu\/wp-content\/uploads\/2023\/08\/33-edited.jpg\" alt=\"\" class=\"wp-image-2843\" style=\"width:572px;height:763px\" width=\"572\" height=\"763\" srcset=\"https:\/\/evolve-fitness.eu\/wp-content\/uploads\/2023\/08\/33-edited.jpg 648w, https:\/\/evolve-fitness.eu\/wp-content\/uploads\/2023\/08\/33-edited-300x400.jpg 300w, https:\/\/evolve-fitness.eu\/wp-content\/uploads\/2023\/08\/33-edited-113x150.jpg 113w, https:\/\/evolve-fitness.eu\/wp-content\/uploads\/2023\/08\/33-edited-600x800.jpg 600w, https:\/\/evolve-fitness.eu\/wp-content\/uploads\/2023\/08\/33-edited-225x300.jpg 225w\" sizes=\"auto, (max-width: 572px) 100vw, 572px\" \/><\/figure>\n<\/div>\n<\/div>\n<\/section>\n<\/section>\n","protected":false},"excerpt":{"rendered":"<p>Ridica\u021bi-v\u0103 antrenamentele cu Evolve PR-213 Selectorized Lat Pulldown. Progettato per garantire il comfort e la sicurezza, \u00e8 costruito in modo ergonomico e con una forma coretta. Le caratteristiche sono regolari e sono un&#8217;ottima alternativa per chi vuole vivere in modo sano. Il centro di lunga durata, la spa\u021biul de depozitare \u00eencorporat \u0219i culorile personalizzabile \u00eel fac ideale per l&#8217;uz comercial. Ridica\u021bi spa\u021biul de fitness con Evolve PR-213.    <\/p>\n","protected":false},"featured_media":0,"template":"","meta":{"_acf_changed":false,"inline_featured_image":false},"product_brand":[],"product_cat":[13032],"product_tag":[],"class_list":{"0":"post-238676","1":"product","2":"type-product","3":"status-publish","5":"product_cat-hyrox-gear","7":"first","8":"instock","9":"shipping-taxable","10":"purchasable","11":"product-type-simple"},"acf":{"long_title":"","subtitle":"","specifications":null,"product_frequently_asked_questions":null},"yoast_head":"<!-- This site is optimized with the Yoast SEO plugin v27.4 - https:\/\/yoast.com\/product\/yoast-seo-wordpress\/ -->\n<title>Lat Pulldown selettorizzato della serie Evolve Prime - Evolve<\/title>\n<meta name=\"robots\" content=\"index, follow, max-snippet:-1, max-image-preview:large, max-video-preview:-1\" \/>\n<link rel=\"canonical\" href=\"https:\/\/evolve-fitness.eu\/it\/prodotto\/lat-pulldown-selettorizzato-della-serie-evolve-prime-2\/\" \/>\n<meta property=\"og:locale\" content=\"it_IT\" \/>\n<meta property=\"og:type\" content=\"article\" \/>\n<meta property=\"og:title\" content=\"Lat Pulldown selettorizzato della serie Evolve Prime - Evolve\" \/>\n<meta property=\"og:url\" content=\"https:\/\/evolve-fitness.eu\/it\/prodotto\/lat-pulldown-selettorizzato-della-serie-evolve-prime-2\/\" \/>\n<meta property=\"og:site_name\" content=\"Evolve\" \/>\n<meta property=\"article:publisher\" content=\"https:\/\/www.facebook.com\/EvolveFitnessEurope\" \/>\n<meta property=\"article:modified_time\" content=\"2026-04-23T07:06:27+00:00\" \/>\n<meta property=\"og:image\" content=\"https:\/\/evolve-fitness.eu\/wp-content\/uploads\/2023\/08\/3-4-edited.jpg\" \/>\n\t<meta property=\"og:image:width\" content=\"1536\" \/>\n\t<meta property=\"og:image:height\" content=\"1536\" \/>\n\t<meta property=\"og:image:type\" content=\"image\/jpeg\" \/>\n<meta name=\"twitter:card\" content=\"summary_large_image\" \/>\n<script type=\"application\/ld+json\" class=\"yoast-schema-graph\">{\"@context\":\"https:\\\/\\\/schema.org\",\"@graph\":[{\"@type\":\"WebPage\",\"@id\":\"https:\\\/\\\/evolve-fitness.eu\\\/it\\\/prodotto\\\/lat-pulldown-selettorizzato-della-serie-evolve-prime-2\\\/\",\"url\":\"https:\\\/\\\/evolve-fitness.eu\\\/it\\\/prodotto\\\/lat-pulldown-selettorizzato-della-serie-evolve-prime-2\\\/\",\"name\":\"Lat Pulldown selettorizzato della serie Evolve Prime - Evolve\",\"isPartOf\":{\"@id\":\"https:\\\/\\\/evolve-fitness.eu\\\/it\\\/#website\"},\"primaryImageOfPage\":{\"@id\":\"https:\\\/\\\/evolve-fitness.eu\\\/it\\\/prodotto\\\/lat-pulldown-selettorizzato-della-serie-evolve-prime-2\\\/#primaryimage\"},\"image\":{\"@id\":\"https:\\\/\\\/evolve-fitness.eu\\\/it\\\/prodotto\\\/lat-pulldown-selettorizzato-della-serie-evolve-prime-2\\\/#primaryimage\"},\"thumbnailUrl\":\"https:\\\/\\\/evolve-fitness.eu\\\/wp-content\\\/uploads\\\/2023\\\/08\\\/3-4-edited.jpg\",\"datePublished\":\"2023-08-23T11:26:48+00:00\",\"dateModified\":\"2026-04-23T07:06:27+00:00\",\"breadcrumb\":{\"@id\":\"https:\\\/\\\/evolve-fitness.eu\\\/it\\\/prodotto\\\/lat-pulldown-selettorizzato-della-serie-evolve-prime-2\\\/#breadcrumb\"},\"inLanguage\":\"it-IT\",\"potentialAction\":[{\"@type\":\"ReadAction\",\"target\":[\"https:\\\/\\\/evolve-fitness.eu\\\/it\\\/prodotto\\\/lat-pulldown-selettorizzato-della-serie-evolve-prime-2\\\/\"]}]},{\"@type\":\"ImageObject\",\"inLanguage\":\"it-IT\",\"@id\":\"https:\\\/\\\/evolve-fitness.eu\\\/it\\\/prodotto\\\/lat-pulldown-selettorizzato-della-serie-evolve-prime-2\\\/#primaryimage\",\"url\":\"https:\\\/\\\/evolve-fitness.eu\\\/wp-content\\\/uploads\\\/2023\\\/08\\\/3-4-edited.jpg\",\"contentUrl\":\"https:\\\/\\\/evolve-fitness.eu\\\/wp-content\\\/uploads\\\/2023\\\/08\\\/3-4-edited.jpg\"},{\"@type\":\"BreadcrumbList\",\"@id\":\"https:\\\/\\\/evolve-fitness.eu\\\/it\\\/prodotto\\\/lat-pulldown-selettorizzato-della-serie-evolve-prime-2\\\/#breadcrumb\",\"itemListElement\":[{\"@type\":\"ListItem\",\"position\":1,\"name\":\"Home\",\"item\":\"https:\\\/\\\/evolve-fitness.eu\\\/it\\\/\"},{\"@type\":\"ListItem\",\"position\":2,\"name\":\"Prodotti\",\"item\":\"https:\\\/\\\/evolve-fitness.eu\\\/it\\\/shop\\\/\"},{\"@type\":\"ListItem\",\"position\":3,\"name\":\"Lat Pulldown selettorizzato della serie Evolve Prime\"}]},{\"@type\":\"WebSite\",\"@id\":\"https:\\\/\\\/evolve-fitness.eu\\\/it\\\/#website\",\"url\":\"https:\\\/\\\/evolve-fitness.eu\\\/it\\\/\",\"name\":\"Evolve\",\"description\":\"Your Evolved Gear Arrived\",\"publisher\":{\"@id\":\"https:\\\/\\\/evolve-fitness.eu\\\/it\\\/#organization\"},\"potentialAction\":[{\"@type\":\"SearchAction\",\"target\":{\"@type\":\"EntryPoint\",\"urlTemplate\":\"https:\\\/\\\/evolve-fitness.eu\\\/it\\\/?s={search_term_string}\"},\"query-input\":{\"@type\":\"PropertyValueSpecification\",\"valueRequired\":true,\"valueName\":\"search_term_string\"}}],\"inLanguage\":\"it-IT\"},{\"@type\":\"Organization\",\"@id\":\"https:\\\/\\\/evolve-fitness.eu\\\/it\\\/#organization\",\"name\":\"Evolve\",\"url\":\"https:\\\/\\\/evolve-fitness.eu\\\/it\\\/\",\"logo\":{\"@type\":\"ImageObject\",\"inLanguage\":\"it-IT\",\"@id\":\"https:\\\/\\\/evolve-fitness.eu\\\/it\\\/#\\\/schema\\\/logo\\\/image\\\/\",\"url\":\"https:\\\/\\\/evolve-fitness.eu\\\/wp-content\\\/uploads\\\/2023\\\/05\\\/Evolve-logo.svg\",\"contentUrl\":\"https:\\\/\\\/evolve-fitness.eu\\\/wp-content\\\/uploads\\\/2023\\\/05\\\/Evolve-logo.svg\",\"width\":176,\"height\":20,\"caption\":\"Evolve\"},\"image\":{\"@id\":\"https:\\\/\\\/evolve-fitness.eu\\\/it\\\/#\\\/schema\\\/logo\\\/image\\\/\"},\"sameAs\":[\"https:\\\/\\\/www.facebook.com\\\/EvolveFitnessEurope\"]}]}<\/script>\n<!-- \/ Yoast SEO plugin. -->","yoast_head_json":{"title":"Lat Pulldown selettorizzato della serie Evolve Prime - Evolve","robots":{"index":"index","follow":"follow","max-snippet":"max-snippet:-1","max-image-preview":"max-image-preview:large","max-video-preview":"max-video-preview:-1"},"canonical":"https:\/\/evolve-fitness.eu\/it\/prodotto\/lat-pulldown-selettorizzato-della-serie-evolve-prime-2\/","og_locale":"it_IT","og_type":"article","og_title":"Lat Pulldown selettorizzato della serie Evolve Prime - Evolve","og_url":"https:\/\/evolve-fitness.eu\/it\/prodotto\/lat-pulldown-selettorizzato-della-serie-evolve-prime-2\/","og_site_name":"Evolve","article_publisher":"https:\/\/www.facebook.com\/EvolveFitnessEurope","article_modified_time":"2026-04-23T07:06:27+00:00","og_image":[{"width":1536,"height":1536,"url":"https:\/\/evolve-fitness.eu\/wp-content\/uploads\/2023\/08\/3-4-edited.jpg","type":"image\/jpeg"}],"twitter_card":"summary_large_image","schema":{"@context":"https:\/\/schema.org","@graph":[{"@type":"WebPage","@id":"https:\/\/evolve-fitness.eu\/it\/prodotto\/lat-pulldown-selettorizzato-della-serie-evolve-prime-2\/","url":"https:\/\/evolve-fitness.eu\/it\/prodotto\/lat-pulldown-selettorizzato-della-serie-evolve-prime-2\/","name":"Lat Pulldown selettorizzato della serie Evolve Prime - Evolve","isPartOf":{"@id":"https:\/\/evolve-fitness.eu\/it\/#website"},"primaryImageOfPage":{"@id":"https:\/\/evolve-fitness.eu\/it\/prodotto\/lat-pulldown-selettorizzato-della-serie-evolve-prime-2\/#primaryimage"},"image":{"@id":"https:\/\/evolve-fitness.eu\/it\/prodotto\/lat-pulldown-selettorizzato-della-serie-evolve-prime-2\/#primaryimage"},"thumbnailUrl":"https:\/\/evolve-fitness.eu\/wp-content\/uploads\/2023\/08\/3-4-edited.jpg","datePublished":"2023-08-23T11:26:48+00:00","dateModified":"2026-04-23T07:06:27+00:00","breadcrumb":{"@id":"https:\/\/evolve-fitness.eu\/it\/prodotto\/lat-pulldown-selettorizzato-della-serie-evolve-prime-2\/#breadcrumb"},"inLanguage":"it-IT","potentialAction":[{"@type":"ReadAction","target":["https:\/\/evolve-fitness.eu\/it\/prodotto\/lat-pulldown-selettorizzato-della-serie-evolve-prime-2\/"]}]},{"@type":"ImageObject","inLanguage":"it-IT","@id":"https:\/\/evolve-fitness.eu\/it\/prodotto\/lat-pulldown-selettorizzato-della-serie-evolve-prime-2\/#primaryimage","url":"https:\/\/evolve-fitness.eu\/wp-content\/uploads\/2023\/08\/3-4-edited.jpg","contentUrl":"https:\/\/evolve-fitness.eu\/wp-content\/uploads\/2023\/08\/3-4-edited.jpg"},{"@type":"BreadcrumbList","@id":"https:\/\/evolve-fitness.eu\/it\/prodotto\/lat-pulldown-selettorizzato-della-serie-evolve-prime-2\/#breadcrumb","itemListElement":[{"@type":"ListItem","position":1,"name":"Home","item":"https:\/\/evolve-fitness.eu\/it\/"},{"@type":"ListItem","position":2,"name":"Prodotti","item":"https:\/\/evolve-fitness.eu\/it\/shop\/"},{"@type":"ListItem","position":3,"name":"Lat Pulldown selettorizzato della serie Evolve Prime"}]},{"@type":"WebSite","@id":"https:\/\/evolve-fitness.eu\/it\/#website","url":"https:\/\/evolve-fitness.eu\/it\/","name":"Evolve","description":"Your Evolved Gear Arrived","publisher":{"@id":"https:\/\/evolve-fitness.eu\/it\/#organization"},"potentialAction":[{"@type":"SearchAction","target":{"@type":"EntryPoint","urlTemplate":"https:\/\/evolve-fitness.eu\/it\/?s={search_term_string}"},"query-input":{"@type":"PropertyValueSpecification","valueRequired":true,"valueName":"search_term_string"}}],"inLanguage":"it-IT"},{"@type":"Organization","@id":"https:\/\/evolve-fitness.eu\/it\/#organization","name":"Evolve","url":"https:\/\/evolve-fitness.eu\/it\/","logo":{"@type":"ImageObject","inLanguage":"it-IT","@id":"https:\/\/evolve-fitness.eu\/it\/#\/schema\/logo\/image\/","url":"https:\/\/evolve-fitness.eu\/wp-content\/uploads\/2023\/05\/Evolve-logo.svg","contentUrl":"https:\/\/evolve-fitness.eu\/wp-content\/uploads\/2023\/05\/Evolve-logo.svg","width":176,"height":20,"caption":"Evolve"},"image":{"@id":"https:\/\/evolve-fitness.eu\/it\/#\/schema\/logo\/image\/"},"sameAs":["https:\/\/www.facebook.com\/EvolveFitnessEurope"]}]}},"_links":{"self":[{"href":"https:\/\/evolve-fitness.eu\/it\/wp-json\/wp\/v2\/product\/238676","targetHints":{"allow":["GET"]}}],"collection":[{"href":"https:\/\/evolve-fitness.eu\/it\/wp-json\/wp\/v2\/product"}],"about":[{"href":"https:\/\/evolve-fitness.eu\/it\/wp-json\/wp\/v2\/types\/product"}],"wp:attachment":[{"href":"https:\/\/evolve-fitness.eu\/it\/wp-json\/wp\/v2\/media?parent=238676"}],"wp:term":[{"taxonomy":"product_brand","embeddable":true,"href":"https:\/\/evolve-fitness.eu\/it\/wp-json\/wp\/v2\/product_brand?post=238676"},{"taxonomy":"product_cat","embeddable":true,"href":"https:\/\/evolve-fitness.eu\/it\/wp-json\/wp\/v2\/product_cat?post=238676"},{"taxonomy":"product_tag","embeddable":true,"href":"https:\/\/evolve-fitness.eu\/it\/wp-json\/wp\/v2\/product_tag?post=238676"}],"curies":[{"name":"wp","href":"https:\/\/api.w.org\/{rel}","templated":true}]}}