{"id":31008,"date":"2024-01-30T09:01:32","date_gmt":"2024-01-30T09:01:32","guid":{"rendered":"https:\/\/evolve-fitness.eu\/product\/panca-piana-serie-evolve-econ\/"},"modified":"2026-04-07T13:36:49","modified_gmt":"2026-04-07T10:36:49","slug":"panca-piana-serie-evolve-econ","status":"publish","type":"product","link":"https:\/\/evolve-fitness.eu\/it\/prodotto\/panca-piana-serie-evolve-econ\/","title":{"rendered":"Panca piana serie Evolve Econ (EC-050)"},"content":{"rendered":"\n<section class=\"wp-block-group alignfull has-lightgray-background-color has-background is-layout-constrained wp-block-group-is-layout-constrained\">\n<div class=\"wp-block-columns alignwide is-layout-flex wp-container-core-columns-is-layout-2edb0647 wp-block-columns-is-layout-flex\" style=\"margin-top:0;margin-bottom:0\">\n<div class=\"wp-block-column is-layout-flow wp-block-column-is-layout-flow\" style=\"flex-basis:33.33%\"><\/div>\n\n\n\n<div class=\"wp-block-column is-layout-flow wp-block-column-is-layout-flow\" style=\"flex-basis:66.66%\"><\/div>\n<\/div>\n<\/section>\n\n<section class=\"wp-block-group alignfull black-content has-white-color has-darkgray-background-color has-text-color has-background is-layout-constrained wp-block-group-is-layout-constrained\" style=\"padding-top:var(--wp--preset--spacing--section-bottom);padding-bottom:var(--wp--preset--spacing--section-bottom)\">\n<div class=\"wp-block-columns alignwide mobile-reverse is-layout-flex wp-container-core-columns-is-layout-ca64bf2d wp-block-columns-is-layout-flex\" style=\"margin-bottom:var(--wp--preset--spacing--side-padding)\">\n<div class=\"wp-block-column is-vertically-aligned-center is-layout-flow wp-block-column-is-layout-flow\">\n<h3 class=\"wp-block-heading\" style=\"margin-bottom:var(--wp--preset--spacing--h-3-bottom)\"><strong>Utilit\u00e0 versatile<\/strong><\/h3>\n\n\n\n<p><strong><em><strong>Una base per numerosi allenamenti<\/strong><\/em><\/strong><\/p>\n\n\n\n<p style=\"margin-bottom:var(--wp--preset--spacing--tb-section-padding)\">La panca piana Evolve Econ Series \u00e8 un&#8217;attrezzatura robusta e affidabile, progettata per un&#8217;ampia gamma di esercizi con i pesi. \u00c8 ideale per esercizi come la distensione su panca, le serie di manubri e vari movimenti con il peso corporeo, che coinvolgono i muscoli della parte superiore del corpo, del core e anche delle gambe, se usati in modo creativo. La sua semplicit\u00e0 e stabilit\u00e0 lo rendono un pezzo fondamentale per qualsiasi regime di fitness, adatto agli utenti che desiderano costruire forza e muscoli in pi\u00f9 aree del corpo.<\/p>\n<\/div>\n\n\n\n<div class=\"wp-block-column is-vertically-aligned-center is-layout-flow wp-block-column-is-layout-flow\">\n<figure class=\"wp-block-video\"><video height=\"1080\" style=\"aspect-ratio: 1920 \/ 1080;\" width=\"1920\" autoplay=\"\" controls=\"\" loop=\"\" muted=\"\" src=\"https:\/\/evolve-fitness.eu\/wp-content\/uploads\/2024\/01\/Evolve-Econ-Series-Flat-Bench-video.mp4\"><\/video><\/figure>\n<\/div>\n<\/div>\n\n\n\n<div class=\"wp-block-columns alignwide is-layout-flex wp-container-core-columns-is-layout-c45ee707 wp-block-columns-is-layout-flex\" style=\"margin-bottom:var(--wp--preset--spacing--side-padding);padding-top:var(--wp--preset--spacing--side-padding)\">\n<div class=\"wp-block-column is-vertically-aligned-center is-layout-flow wp-block-column-is-layout-flow\">\n<figure class=\"wp-block-image size-large\"><img loading=\"lazy\" decoding=\"async\" width=\"1024\" height=\"683\" src=\"https:\/\/evolve-fitness.eu\/wp-content\/uploads\/2024\/01\/EV-BN-EC-050-Evolve-Econ-Series-Flat-Bench-6-1-1024x683.jpg\" alt=\"EV-BN-EC-050\" class=\"wp-image-128604\" srcset=\"https:\/\/evolve-fitness.eu\/wp-content\/uploads\/2024\/01\/EV-BN-EC-050-Evolve-Econ-Series-Flat-Bench-6-1-1024x683.jpg 1024w, https:\/\/evolve-fitness.eu\/wp-content\/uploads\/2024\/01\/EV-BN-EC-050-Evolve-Econ-Series-Flat-Bench-6-1-300x200.jpg 300w, https:\/\/evolve-fitness.eu\/wp-content\/uploads\/2024\/01\/EV-BN-EC-050-Evolve-Econ-Series-Flat-Bench-6-1-225x150.jpg 225w, https:\/\/evolve-fitness.eu\/wp-content\/uploads\/2024\/01\/EV-BN-EC-050-Evolve-Econ-Series-Flat-Bench-6-1-600x400.jpg 600w, https:\/\/evolve-fitness.eu\/wp-content\/uploads\/2024\/01\/EV-BN-EC-050-Evolve-Econ-Series-Flat-Bench-6-1-150x100.jpg 150w, https:\/\/evolve-fitness.eu\/wp-content\/uploads\/2024\/01\/EV-BN-EC-050-Evolve-Econ-Series-Flat-Bench-6-1-768x512.jpg 768w, https:\/\/evolve-fitness.eu\/wp-content\/uploads\/2024\/01\/EV-BN-EC-050-Evolve-Econ-Series-Flat-Bench-6-1-1536x1024.jpg 1536w, https:\/\/evolve-fitness.eu\/wp-content\/uploads\/2024\/01\/EV-BN-EC-050-Evolve-Econ-Series-Flat-Bench-6-1-2048x1365.jpg 2048w\" sizes=\"auto, (max-width: 1024px) 100vw, 1024px\" \/><\/figure>\n<\/div>\n\n\n\n<div class=\"wp-block-column is-vertically-aligned-center is-layout-flow wp-block-column-is-layout-flow\">\n<h3 class=\"wp-block-heading\" style=\"margin-bottom:var(--wp--preset--spacing--h-3-bottom)\"><strong>Design efficiente dal punto di vista dello spazio<\/strong><\/h3>\n\n\n\n<p><strong><em> <strong>Massimizza lo spazio per l&#8217;allenamento<\/strong><\/em><\/strong><\/p>\n\n\n\n<p>La panca piana della serie Evolve Econ \u00e8 progettata con una struttura robusta e duratura, che garantisce durata e affidabilit\u00e0 per un uso prolungato. Il suo design robusto supporta allenamenti rigorosi, rendendola un&#8217;aggiunta preziosa a qualsiasi routine di fitness per chi cerca una panca affidabile.<\/p>\n<\/div>\n<\/div>\n\n\n\n<div class=\"wp-block-columns alignwide is-layout-flex wp-container-core-columns-is-layout-c45ee707 wp-block-columns-is-layout-flex\" style=\"margin-bottom:var(--wp--preset--spacing--side-padding);padding-top:var(--wp--preset--spacing--side-padding)\">\n<div class=\"wp-block-column is-vertically-aligned-center is-layout-flow wp-block-column-is-layout-flow\">\n<h3 class=\"wp-block-heading\" style=\"margin-bottom:var(--wp--preset--spacing--h-3-bottom)\"><strong>Comfort ottimale<\/strong><\/h3>\n\n\n\n<p><strong><em><strong>Progettato tenendo conto del comfort dell&#8217;utente<\/strong><\/em><\/strong><\/p>\n\n\n\n<p style=\"margin-bottom:var(--wp--preset--spacing--tb-section-padding)\">Dotata di una spessa imbottitura in schiuma ad alta densit\u00e0, la panca offre un comfort superiore durante gli allenamenti, consentendo agli utenti di concentrarsi sulla forma e sulle prestazioni senza distrazioni. Utilizza un rivestimento in pelle di alta qualit\u00e0, resistente e confortevole, che offre una superficie stabile e antiscivolo per i vari esercizi. Questo materiale garantisce longevit\u00e0 e facilit\u00e0 di manutenzione, rendendolo adatto ad ambienti di allenamento intensivi.<\/p>\n<\/div>\n\n\n\n<div class=\"wp-block-column is-vertically-aligned-center is-layout-flow wp-block-column-is-layout-flow\">\n<figure class=\"wp-block-image size-large\"><img loading=\"lazy\" decoding=\"async\" width=\"1024\" height=\"683\" src=\"https:\/\/evolve-fitness.eu\/wp-content\/uploads\/2024\/01\/EV-BN-EC-050-Evolve-Econ-Series-Flat-Bench-7-1-1024x683.jpg\" alt=\"EV-BN-EC-050\" class=\"wp-image-128629\" srcset=\"https:\/\/evolve-fitness.eu\/wp-content\/uploads\/2024\/01\/EV-BN-EC-050-Evolve-Econ-Series-Flat-Bench-7-1-1024x683.jpg 1024w, https:\/\/evolve-fitness.eu\/wp-content\/uploads\/2024\/01\/EV-BN-EC-050-Evolve-Econ-Series-Flat-Bench-7-1-300x200.jpg 300w, https:\/\/evolve-fitness.eu\/wp-content\/uploads\/2024\/01\/EV-BN-EC-050-Evolve-Econ-Series-Flat-Bench-7-1-225x150.jpg 225w, https:\/\/evolve-fitness.eu\/wp-content\/uploads\/2024\/01\/EV-BN-EC-050-Evolve-Econ-Series-Flat-Bench-7-1-600x400.jpg 600w, https:\/\/evolve-fitness.eu\/wp-content\/uploads\/2024\/01\/EV-BN-EC-050-Evolve-Econ-Series-Flat-Bench-7-1-150x100.jpg 150w, https:\/\/evolve-fitness.eu\/wp-content\/uploads\/2024\/01\/EV-BN-EC-050-Evolve-Econ-Series-Flat-Bench-7-1-768x512.jpg 768w, https:\/\/evolve-fitness.eu\/wp-content\/uploads\/2024\/01\/EV-BN-EC-050-Evolve-Econ-Series-Flat-Bench-7-1-1536x1024.jpg 1536w, https:\/\/evolve-fitness.eu\/wp-content\/uploads\/2024\/01\/EV-BN-EC-050-Evolve-Econ-Series-Flat-Bench-7-1-2048x1365.jpg 2048w\" sizes=\"auto, (max-width: 1024px) 100vw, 1024px\" \/><\/figure>\n<\/div>\n<\/div>\n\n\n\n<div class=\"wp-block-columns alignwide is-layout-flex wp-container-core-columns-is-layout-c45ee707 wp-block-columns-is-layout-flex\" style=\"margin-bottom:var(--wp--preset--spacing--side-padding);padding-top:var(--wp--preset--spacing--side-padding)\">\n<div class=\"wp-block-column is-vertically-aligned-center is-layout-flow wp-block-column-is-layout-flow\">\n<figure class=\"wp-block-image size-large\"><img loading=\"lazy\" decoding=\"async\" width=\"683\" height=\"1024\" src=\"https:\/\/evolve-fitness.eu\/wp-content\/uploads\/2024\/01\/EV-BN-EC-050-Evolve-Econ-Series-Flat-Bench-8-1-683x1024.jpg\" alt=\"\" class=\"wp-image-128655\" srcset=\"https:\/\/evolve-fitness.eu\/wp-content\/uploads\/2024\/01\/EV-BN-EC-050-Evolve-Econ-Series-Flat-Bench-8-1-683x1024.jpg 683w, https:\/\/evolve-fitness.eu\/wp-content\/uploads\/2024\/01\/EV-BN-EC-050-Evolve-Econ-Series-Flat-Bench-8-1-300x450.jpg 300w, https:\/\/evolve-fitness.eu\/wp-content\/uploads\/2024\/01\/EV-BN-EC-050-Evolve-Econ-Series-Flat-Bench-8-1-100x150.jpg 100w, https:\/\/evolve-fitness.eu\/wp-content\/uploads\/2024\/01\/EV-BN-EC-050-Evolve-Econ-Series-Flat-Bench-8-1-600x900.jpg 600w, https:\/\/evolve-fitness.eu\/wp-content\/uploads\/2024\/01\/EV-BN-EC-050-Evolve-Econ-Series-Flat-Bench-8-1-200x300.jpg 200w, https:\/\/evolve-fitness.eu\/wp-content\/uploads\/2024\/01\/EV-BN-EC-050-Evolve-Econ-Series-Flat-Bench-8-1-768x1152.jpg 768w, https:\/\/evolve-fitness.eu\/wp-content\/uploads\/2024\/01\/EV-BN-EC-050-Evolve-Econ-Series-Flat-Bench-8-1-1024x1536.jpg 1024w, https:\/\/evolve-fitness.eu\/wp-content\/uploads\/2024\/01\/EV-BN-EC-050-Evolve-Econ-Series-Flat-Bench-8-1-1365x2048.jpg 1365w, https:\/\/evolve-fitness.eu\/wp-content\/uploads\/2024\/01\/EV-BN-EC-050-Evolve-Econ-Series-Flat-Bench-8-1.jpg 1373w\" sizes=\"auto, (max-width: 683px) 100vw, 683px\" \/><\/figure>\n<\/div>\n\n\n\n<div class=\"wp-block-column is-vertically-aligned-center is-layout-flow wp-block-column-is-layout-flow\">\n<h3 class=\"wp-block-heading\" style=\"margin-bottom:var(--wp--preset--spacing--h-3-bottom)\"><strong><strong><strong><strong>Manutenzione semplice<\/strong><\/strong><\/strong><\/strong><\/h3>\n\n\n\n<p><strong><em>Costruito per la comodit\u00e0<\/em><\/strong><\/p>\n\n\n\n<p>Il design elegante e minimalista della panca non solo \u00e8 bello da vedere, ma \u00e8 anche facile da pulire e da mantenere, assicurando che rimanga in ottime condizioni con il minimo sforzo. Le gambe sono dotate di coperture in plastica, progettate per proteggere il pavimento da graffi e danni durante l&#8217;uso. Questo accorgimento garantisce che la panca possa essere utilizzata in modo sicuro su diverse superfici senza compromettere le condizioni dello spazio di allenamento.<\/p>\n<\/div>\n<\/div>\n\n\n\n<div class=\"wp-block-columns alignwide is-layout-flex wp-container-core-columns-is-layout-c45ee707 wp-block-columns-is-layout-flex\" style=\"margin-bottom:var(--wp--preset--spacing--side-padding);padding-top:var(--wp--preset--spacing--side-padding)\">\n<div class=\"wp-block-column is-vertically-aligned-center is-layout-flow wp-block-column-is-layout-flow\">\n<h3 class=\"wp-block-heading\" style=\"margin-bottom:var(--wp--preset--spacing--h-3-bottom)\"><strong>Costruzione robusta<\/strong><\/h3>\n\n\n\n<p><strong><strong><em>Progettato per la stabilit\u00e0<\/em><\/strong><\/strong><\/p>\n\n\n\n<p style=\"margin-bottom:var(--wp--preset--spacing--tb-section-padding)\">La panca \u00e8 costruita in acciaio di alta qualit\u00e0, in modo da poter sopportare un uso intenso e fornire una base stabile per una variet\u00e0 di esercizi, rendendola un&#8217;attrezzatura affidabile per qualsiasi appassionato di fitness. La sua costruzione \u00e8 nota per la sua resistenza e durata, in modo da poter sopportare le esigenze di un uso intenso e costante. Questo rende la panca una scelta eccellente sia per gli ambienti domestici che per le palestre commerciali, dove l&#8217;affidabilit\u00e0 \u00e8 fondamentale.<\/p>\n<\/div>\n\n\n\n<div class=\"wp-block-column is-vertically-aligned-center is-layout-flow wp-block-column-is-layout-flow\">\n<figure class=\"wp-block-image size-large\"><img loading=\"lazy\" decoding=\"async\" width=\"683\" height=\"1024\" src=\"https:\/\/evolve-fitness.eu\/wp-content\/uploads\/2024\/01\/EV-BN-EC-050-Evolve-Econ-Series-Flat-Bench-9-1-683x1024.jpg\" alt=\"\" class=\"wp-image-128680\" srcset=\"https:\/\/evolve-fitness.eu\/wp-content\/uploads\/2024\/01\/EV-BN-EC-050-Evolve-Econ-Series-Flat-Bench-9-1-683x1024.jpg 683w, https:\/\/evolve-fitness.eu\/wp-content\/uploads\/2024\/01\/EV-BN-EC-050-Evolve-Econ-Series-Flat-Bench-9-1-300x450.jpg 300w, https:\/\/evolve-fitness.eu\/wp-content\/uploads\/2024\/01\/EV-BN-EC-050-Evolve-Econ-Series-Flat-Bench-9-1-100x150.jpg 100w, https:\/\/evolve-fitness.eu\/wp-content\/uploads\/2024\/01\/EV-BN-EC-050-Evolve-Econ-Series-Flat-Bench-9-1-600x900.jpg 600w, https:\/\/evolve-fitness.eu\/wp-content\/uploads\/2024\/01\/EV-BN-EC-050-Evolve-Econ-Series-Flat-Bench-9-1-200x300.jpg 200w, https:\/\/evolve-fitness.eu\/wp-content\/uploads\/2024\/01\/EV-BN-EC-050-Evolve-Econ-Series-Flat-Bench-9-1-768x1152.jpg 768w, https:\/\/evolve-fitness.eu\/wp-content\/uploads\/2024\/01\/EV-BN-EC-050-Evolve-Econ-Series-Flat-Bench-9-1-1024x1536.jpg 1024w, https:\/\/evolve-fitness.eu\/wp-content\/uploads\/2024\/01\/EV-BN-EC-050-Evolve-Econ-Series-Flat-Bench-9-1-1365x2048.jpg 1365w, https:\/\/evolve-fitness.eu\/wp-content\/uploads\/2024\/01\/EV-BN-EC-050-Evolve-Econ-Series-Flat-Bench-9-1.jpg 1373w\" sizes=\"auto, (max-width: 683px) 100vw, 683px\" \/><\/figure>\n<\/div>\n<\/div>\n<\/section>\n","protected":false},"excerpt":{"rendered":"<p>La panca piana Evolve Econ Series, EC-050, \u00e8 progettata per garantire durata e stabilit\u00e0, fornendo una solida base per un&#8217;ampia gamma di esercizi di sollevamento pesi. Il suo design compatto ed efficiente lo inserisce perfettamente in qualsiasi spazio di allenamento, rendendolo una scelta ideale sia per le palestre domestiche che per le strutture commerciali. Questa panca \u00e8 costruita per supportare routine di allenamento rigorose, offrendo comfort e affidabilit\u00e0 agli utenti che si dedicano alla forza e al fitness.<\/p>\n","protected":false},"featured_media":31020,"template":"","meta":{"_acf_changed":false,"inline_featured_image":false},"product_brand":[],"product_cat":[1369,1372],"product_tag":[],"class_list":{"0":"post-31008","1":"product","2":"type-product","3":"status-publish","4":"has-post-thumbnail","6":"product_cat-panchine","7":"product_cat-panche-della-serie-econ","9":"first","10":"instock","11":"shipping-taxable","12":"purchasable","13":"product-type-simple"},"acf":{"long_title":"Panca piana serie Evolve Econ (EC-050)","subtitle":"","specifications":[{"label":"SKU","text_value":"EV-BN-EC-050","icon":"x"},{"label":"Lunghezza","text_value":"1200 mm","icon":"x"},{"label":"Larghezza","text_value":"550 mm","icon":"x"},{"label":"Altezza","text_value":"475 mm","icon":"x"},{"label":"Peso","text_value":"25 kg","icon":"x"},{"label":"Peso massimo dell'utente","text_value":"180 kg","icon":"x"},{"label":"Imbottitura spessa","text_value":"","icon":"v"},{"label":"Protezioni per pavimenti durevoli","text_value":"","icon":"v"},{"label":"Garanzia","text_value":"2 anni","icon":"x"}]},"yoast_head":"<!-- This site is optimized with the Yoast SEO plugin v27.4 - https:\/\/yoast.com\/product\/yoast-seo-wordpress\/ -->\n<title>Panca piana serie Evolve Econ (EC-050) - Evolve<\/title>\n<meta name=\"robots\" content=\"index, follow, max-snippet:-1, max-image-preview:large, max-video-preview:-1\" \/>\n<link rel=\"canonical\" href=\"https:\/\/evolve-fitness.eu\/it\/prodotto\/panca-piana-serie-evolve-econ\/\" \/>\n<meta property=\"og:locale\" content=\"it_IT\" \/>\n<meta property=\"og:type\" content=\"article\" \/>\n<meta property=\"og:title\" content=\"Panca piana serie Evolve Econ (EC-050) - Evolve\" \/>\n<meta property=\"og:url\" content=\"https:\/\/evolve-fitness.eu\/it\/prodotto\/panca-piana-serie-evolve-econ\/\" \/>\n<meta property=\"og:site_name\" content=\"Evolve\" \/>\n<meta property=\"article:publisher\" content=\"https:\/\/www.facebook.com\/EvolveFitnessEurope\" \/>\n<meta property=\"article:modified_time\" content=\"2026-04-07T10:36:49+00:00\" \/>\n<meta property=\"og:image\" content=\"https:\/\/evolve-fitness.eu\/wp-content\/uploads\/2024\/01\/EV-BN-EC-050-Evolve-Econ-Series-Flat-Bench-1.png\" \/>\n\t<meta property=\"og:image:width\" content=\"680\" \/>\n\t<meta property=\"og:image:height\" content=\"600\" \/>\n\t<meta property=\"og:image:type\" content=\"image\/png\" \/>\n<meta name=\"twitter:card\" content=\"summary_large_image\" \/>\n<script type=\"application\/ld+json\" class=\"yoast-schema-graph\">{\"@context\":\"https:\\\/\\\/schema.org\",\"@graph\":[{\"@type\":\"WebPage\",\"@id\":\"https:\\\/\\\/evolve-fitness.eu\\\/it\\\/prodotto\\\/panca-piana-serie-evolve-econ\\\/\",\"url\":\"https:\\\/\\\/evolve-fitness.eu\\\/it\\\/prodotto\\\/panca-piana-serie-evolve-econ\\\/\",\"name\":\"Panca piana serie Evolve Econ (EC-050) - Evolve\",\"isPartOf\":{\"@id\":\"https:\\\/\\\/evolve-fitness.eu\\\/it\\\/#website\"},\"primaryImageOfPage\":{\"@id\":\"https:\\\/\\\/evolve-fitness.eu\\\/it\\\/prodotto\\\/panca-piana-serie-evolve-econ\\\/#primaryimage\"},\"image\":{\"@id\":\"https:\\\/\\\/evolve-fitness.eu\\\/it\\\/prodotto\\\/panca-piana-serie-evolve-econ\\\/#primaryimage\"},\"thumbnailUrl\":\"https:\\\/\\\/evolve-fitness.eu\\\/wp-content\\\/uploads\\\/2024\\\/01\\\/EV-BN-EC-050-Evolve-Econ-Series-Flat-Bench-1.png\",\"datePublished\":\"2024-01-30T09:01:32+00:00\",\"dateModified\":\"2026-04-07T10:36:49+00:00\",\"breadcrumb\":{\"@id\":\"https:\\\/\\\/evolve-fitness.eu\\\/it\\\/prodotto\\\/panca-piana-serie-evolve-econ\\\/#breadcrumb\"},\"inLanguage\":\"it-IT\",\"potentialAction\":[{\"@type\":\"ReadAction\",\"target\":[\"https:\\\/\\\/evolve-fitness.eu\\\/it\\\/prodotto\\\/panca-piana-serie-evolve-econ\\\/\"]}]},{\"@type\":\"ImageObject\",\"inLanguage\":\"it-IT\",\"@id\":\"https:\\\/\\\/evolve-fitness.eu\\\/it\\\/prodotto\\\/panca-piana-serie-evolve-econ\\\/#primaryimage\",\"url\":\"https:\\\/\\\/evolve-fitness.eu\\\/wp-content\\\/uploads\\\/2024\\\/01\\\/EV-BN-EC-050-Evolve-Econ-Series-Flat-Bench-1.png\",\"contentUrl\":\"https:\\\/\\\/evolve-fitness.eu\\\/wp-content\\\/uploads\\\/2024\\\/01\\\/EV-BN-EC-050-Evolve-Econ-Series-Flat-Bench-1.png\",\"width\":680,\"height\":600,\"caption\":\"EV-BN-EC-050\"},{\"@type\":\"BreadcrumbList\",\"@id\":\"https:\\\/\\\/evolve-fitness.eu\\\/it\\\/prodotto\\\/panca-piana-serie-evolve-econ\\\/#breadcrumb\",\"itemListElement\":[{\"@type\":\"ListItem\",\"position\":1,\"name\":\"Home\",\"item\":\"https:\\\/\\\/evolve-fitness.eu\\\/it\\\/\"},{\"@type\":\"ListItem\",\"position\":2,\"name\":\"Prodotti\",\"item\":\"https:\\\/\\\/evolve-fitness.eu\\\/it\\\/shop\\\/\"},{\"@type\":\"ListItem\",\"position\":3,\"name\":\"Panca piana serie Evolve Econ (EC-050)\"}]},{\"@type\":\"WebSite\",\"@id\":\"https:\\\/\\\/evolve-fitness.eu\\\/it\\\/#website\",\"url\":\"https:\\\/\\\/evolve-fitness.eu\\\/it\\\/\",\"name\":\"Evolve\",\"description\":\"Your Evolved Gear Arrived\",\"publisher\":{\"@id\":\"https:\\\/\\\/evolve-fitness.eu\\\/it\\\/#organization\"},\"potentialAction\":[{\"@type\":\"SearchAction\",\"target\":{\"@type\":\"EntryPoint\",\"urlTemplate\":\"https:\\\/\\\/evolve-fitness.eu\\\/it\\\/?s={search_term_string}\"},\"query-input\":{\"@type\":\"PropertyValueSpecification\",\"valueRequired\":true,\"valueName\":\"search_term_string\"}}],\"inLanguage\":\"it-IT\"},{\"@type\":\"Organization\",\"@id\":\"https:\\\/\\\/evolve-fitness.eu\\\/it\\\/#organization\",\"name\":\"Evolve\",\"url\":\"https:\\\/\\\/evolve-fitness.eu\\\/it\\\/\",\"logo\":{\"@type\":\"ImageObject\",\"inLanguage\":\"it-IT\",\"@id\":\"https:\\\/\\\/evolve-fitness.eu\\\/it\\\/#\\\/schema\\\/logo\\\/image\\\/\",\"url\":\"https:\\\/\\\/evolve-fitness.eu\\\/wp-content\\\/uploads\\\/2023\\\/05\\\/Evolve-logo.svg\",\"contentUrl\":\"https:\\\/\\\/evolve-fitness.eu\\\/wp-content\\\/uploads\\\/2023\\\/05\\\/Evolve-logo.svg\",\"width\":176,\"height\":20,\"caption\":\"Evolve\"},\"image\":{\"@id\":\"https:\\\/\\\/evolve-fitness.eu\\\/it\\\/#\\\/schema\\\/logo\\\/image\\\/\"},\"sameAs\":[\"https:\\\/\\\/www.facebook.com\\\/EvolveFitnessEurope\"]}]}<\/script>\n<!-- \/ Yoast SEO plugin. -->","yoast_head_json":{"title":"Panca piana serie Evolve Econ (EC-050) - Evolve","robots":{"index":"index","follow":"follow","max-snippet":"max-snippet:-1","max-image-preview":"max-image-preview:large","max-video-preview":"max-video-preview:-1"},"canonical":"https:\/\/evolve-fitness.eu\/it\/prodotto\/panca-piana-serie-evolve-econ\/","og_locale":"it_IT","og_type":"article","og_title":"Panca piana serie Evolve Econ (EC-050) - Evolve","og_url":"https:\/\/evolve-fitness.eu\/it\/prodotto\/panca-piana-serie-evolve-econ\/","og_site_name":"Evolve","article_publisher":"https:\/\/www.facebook.com\/EvolveFitnessEurope","article_modified_time":"2026-04-07T10:36:49+00:00","og_image":[{"width":680,"height":600,"url":"https:\/\/evolve-fitness.eu\/wp-content\/uploads\/2024\/01\/EV-BN-EC-050-Evolve-Econ-Series-Flat-Bench-1.png","type":"image\/png"}],"twitter_card":"summary_large_image","schema":{"@context":"https:\/\/schema.org","@graph":[{"@type":"WebPage","@id":"https:\/\/evolve-fitness.eu\/it\/prodotto\/panca-piana-serie-evolve-econ\/","url":"https:\/\/evolve-fitness.eu\/it\/prodotto\/panca-piana-serie-evolve-econ\/","name":"Panca piana serie Evolve Econ (EC-050) - Evolve","isPartOf":{"@id":"https:\/\/evolve-fitness.eu\/it\/#website"},"primaryImageOfPage":{"@id":"https:\/\/evolve-fitness.eu\/it\/prodotto\/panca-piana-serie-evolve-econ\/#primaryimage"},"image":{"@id":"https:\/\/evolve-fitness.eu\/it\/prodotto\/panca-piana-serie-evolve-econ\/#primaryimage"},"thumbnailUrl":"https:\/\/evolve-fitness.eu\/wp-content\/uploads\/2024\/01\/EV-BN-EC-050-Evolve-Econ-Series-Flat-Bench-1.png","datePublished":"2024-01-30T09:01:32+00:00","dateModified":"2026-04-07T10:36:49+00:00","breadcrumb":{"@id":"https:\/\/evolve-fitness.eu\/it\/prodotto\/panca-piana-serie-evolve-econ\/#breadcrumb"},"inLanguage":"it-IT","potentialAction":[{"@type":"ReadAction","target":["https:\/\/evolve-fitness.eu\/it\/prodotto\/panca-piana-serie-evolve-econ\/"]}]},{"@type":"ImageObject","inLanguage":"it-IT","@id":"https:\/\/evolve-fitness.eu\/it\/prodotto\/panca-piana-serie-evolve-econ\/#primaryimage","url":"https:\/\/evolve-fitness.eu\/wp-content\/uploads\/2024\/01\/EV-BN-EC-050-Evolve-Econ-Series-Flat-Bench-1.png","contentUrl":"https:\/\/evolve-fitness.eu\/wp-content\/uploads\/2024\/01\/EV-BN-EC-050-Evolve-Econ-Series-Flat-Bench-1.png","width":680,"height":600,"caption":"EV-BN-EC-050"},{"@type":"BreadcrumbList","@id":"https:\/\/evolve-fitness.eu\/it\/prodotto\/panca-piana-serie-evolve-econ\/#breadcrumb","itemListElement":[{"@type":"ListItem","position":1,"name":"Home","item":"https:\/\/evolve-fitness.eu\/it\/"},{"@type":"ListItem","position":2,"name":"Prodotti","item":"https:\/\/evolve-fitness.eu\/it\/shop\/"},{"@type":"ListItem","position":3,"name":"Panca piana serie Evolve Econ (EC-050)"}]},{"@type":"WebSite","@id":"https:\/\/evolve-fitness.eu\/it\/#website","url":"https:\/\/evolve-fitness.eu\/it\/","name":"Evolve","description":"Your Evolved Gear Arrived","publisher":{"@id":"https:\/\/evolve-fitness.eu\/it\/#organization"},"potentialAction":[{"@type":"SearchAction","target":{"@type":"EntryPoint","urlTemplate":"https:\/\/evolve-fitness.eu\/it\/?s={search_term_string}"},"query-input":{"@type":"PropertyValueSpecification","valueRequired":true,"valueName":"search_term_string"}}],"inLanguage":"it-IT"},{"@type":"Organization","@id":"https:\/\/evolve-fitness.eu\/it\/#organization","name":"Evolve","url":"https:\/\/evolve-fitness.eu\/it\/","logo":{"@type":"ImageObject","inLanguage":"it-IT","@id":"https:\/\/evolve-fitness.eu\/it\/#\/schema\/logo\/image\/","url":"https:\/\/evolve-fitness.eu\/wp-content\/uploads\/2023\/05\/Evolve-logo.svg","contentUrl":"https:\/\/evolve-fitness.eu\/wp-content\/uploads\/2023\/05\/Evolve-logo.svg","width":176,"height":20,"caption":"Evolve"},"image":{"@id":"https:\/\/evolve-fitness.eu\/it\/#\/schema\/logo\/image\/"},"sameAs":["https:\/\/www.facebook.com\/EvolveFitnessEurope"]}]}},"_links":{"self":[{"href":"https:\/\/evolve-fitness.eu\/it\/wp-json\/wp\/v2\/product\/31008","targetHints":{"allow":["GET"]}}],"collection":[{"href":"https:\/\/evolve-fitness.eu\/it\/wp-json\/wp\/v2\/product"}],"about":[{"href":"https:\/\/evolve-fitness.eu\/it\/wp-json\/wp\/v2\/types\/product"}],"wp:featuredmedia":[{"embeddable":true,"href":"https:\/\/evolve-fitness.eu\/it\/wp-json\/wp\/v2\/media\/31020"}],"wp:attachment":[{"href":"https:\/\/evolve-fitness.eu\/it\/wp-json\/wp\/v2\/media?parent=31008"}],"wp:term":[{"taxonomy":"product_brand","embeddable":true,"href":"https:\/\/evolve-fitness.eu\/it\/wp-json\/wp\/v2\/product_brand?post=31008"},{"taxonomy":"product_cat","embeddable":true,"href":"https:\/\/evolve-fitness.eu\/it\/wp-json\/wp\/v2\/product_cat?post=31008"},{"taxonomy":"product_tag","embeddable":true,"href":"https:\/\/evolve-fitness.eu\/it\/wp-json\/wp\/v2\/product_tag?post=31008"}],"curies":[{"name":"wp","href":"https:\/\/api.w.org\/{rel}","templated":true}]}}