{"id":32359,"date":"2023-08-31T10:42:23","date_gmt":"2023-08-31T10:42:23","guid":{"rendered":"https:\/\/evolve-fitness.eu\/product\/serie-evolve-ultra-selezionata-per-le-flessioni-e-le-remate\/"},"modified":"2026-03-26T10:27:09","modified_gmt":"2026-03-26T08:27:09","slug":"serie-evolve-ultra-selezionata-per-le-flessioni-e-le-remate","status":"publish","type":"product","link":"https:\/\/evolve-fitness.eu\/it\/prodotto\/serie-evolve-ultra-selezionata-per-le-flessioni-e-le-remate\/","title":{"rendered":"Serie Ultra di Evolve selezionata per le flessioni e le remate (UL-260)"},"content":{"rendered":"\n<section class=\"wp-block-group alignfull has-lightgray-background-color has-background is-layout-constrained wp-block-group-is-layout-constrained\">\n<div class=\"wp-block-columns alignwide is-layout-flex wp-container-core-columns-is-layout-2edb0647 wp-block-columns-is-layout-flex\" style=\"margin-top:0;margin-bottom:0\">\n<div class=\"wp-block-column is-layout-flow wp-block-column-is-layout-flow\" style=\"flex-basis:33.33%\"><\/div>\n\n\n\n<div class=\"wp-block-column is-layout-flow wp-block-column-is-layout-flow\" style=\"flex-basis:66.66%\"><\/div>\n<\/div>\n<\/section>\n\n<section class=\"wp-block-group alignfull black-content has-white-color has-darkgray-background-color has-text-color has-background is-layout-constrained wp-block-group-is-layout-constrained\" style=\"padding-top:var(--wp--preset--spacing--section-bottom);padding-bottom:var(--wp--preset--spacing--section-bottom)\">\n<div class=\"wp-block-columns alignwide mobile-reverse is-layout-flex wp-container-core-columns-is-layout-ca64bf2d wp-block-columns-is-layout-flex\" style=\"margin-bottom:var(--wp--preset--spacing--side-padding)\">\n<div class=\"wp-block-column is-vertically-aligned-center is-layout-flow wp-block-column-is-layout-flow\">\n<h3 class=\"wp-block-heading\">Benvenuti nella serie Ultra<\/h3>\n\n\n\n<p><strong><em>Conoscete le nostre apparecchiature della serie Ultra con un tour 3D 360 allo stato dell&#8217;arte<\/em><\/strong><\/p>\n\n\n\n<p>Evolve Ultra Series Selectorized Pulldown \/ Row \u00e8 una macchina per la forza commerciale di qualit\u00e0 superiore, progettata per garantire comfort, prestazioni e versatilit\u00e0 di allenamento. Dotata di un supporto ergonomico, di una regolazione facile per utenti di diverse taglie, di una finitura resistente verniciata a polvere e di cavi di alta qualit\u00e0, offre un funzionamento fluido e un&#8217;affidabilit\u00e0 duratura negli ambienti delle palestre professionali. <\/p>\n<\/div>\n\n\n\n<div class=\"wp-block-column is-vertically-aligned-center is-layout-flow wp-block-column-is-layout-flow\">\n<figure class=\"wp-block-video\"><video height=\"1080\" style=\"aspect-ratio: 1920 \/ 1080;\" width=\"1920\" autoplay=\"\" controls=\"\" loop=\"\" muted=\"\" src=\"https:\/\/evolve-fitness.eu\/wp-content\/uploads\/2023\/08\/Evolve-Ultra-Series-Selectorized-Pulldown-Row.mp4\"><\/video><\/figure>\n<\/div>\n<\/div>\n\n\n\n<div class=\"wp-block-columns alignwide mobile-reverse is-layout-flex wp-container-core-columns-is-layout-ca64bf2d wp-block-columns-is-layout-flex\" style=\"margin-bottom:var(--wp--preset--spacing--side-padding)\">\n<div class=\"wp-block-column is-vertically-aligned-center is-layout-flow wp-block-column-is-layout-flow\">\n<figure class=\"wp-block-image size-large is-style-rounded\"><img loading=\"lazy\" decoding=\"async\" width=\"738\" height=\"1024\" src=\"https:\/\/evolve-fitness.eu\/wp-content\/uploads\/2023\/08\/A7_03083-Copy-738x1024.jpg\" alt=\"\" class=\"wp-image-226000\" srcset=\"https:\/\/evolve-fitness.eu\/wp-content\/uploads\/2023\/08\/A7_03083-Copy-738x1024.jpg 738w, https:\/\/evolve-fitness.eu\/wp-content\/uploads\/2023\/08\/A7_03083-Copy-216x300.jpg 216w, https:\/\/evolve-fitness.eu\/wp-content\/uploads\/2023\/08\/A7_03083-Copy-108x150.jpg 108w, https:\/\/evolve-fitness.eu\/wp-content\/uploads\/2023\/08\/A7_03083-Copy-768x1066.jpg 768w, https:\/\/evolve-fitness.eu\/wp-content\/uploads\/2023\/08\/A7_03083-Copy-1106x1536.jpg 1106w, https:\/\/evolve-fitness.eu\/wp-content\/uploads\/2023\/08\/A7_03083-Copy-1475x2048.jpg 1475w, https:\/\/evolve-fitness.eu\/wp-content\/uploads\/2023\/08\/A7_03083-Copy-300x416.jpg 300w, https:\/\/evolve-fitness.eu\/wp-content\/uploads\/2023\/08\/A7_03083-Copy-600x833.jpg 600w, https:\/\/evolve-fitness.eu\/wp-content\/uploads\/2023\/08\/A7_03083-Copy.jpg 1777w\" sizes=\"auto, (max-width: 738px) 100vw, 738px\" \/><\/figure>\n<\/div>\n\n\n\n<div class=\"wp-block-column is-vertically-aligned-center is-layout-flow wp-block-column-is-layout-flow\">\n<h3 class=\"wp-block-heading\" style=\"margin-bottom:var(--wp--preset--spacing--h-3-bottom)\">La sicurezza incontra lo stile<\/h3>\n\n\n\n<p><strong><em>Coprire completamente il coperchio della pila dei pesi<\/em><\/strong><\/p>\n\n\n\n<p>La sicurezza e l&#8217;estetica sono essenziali per ogni proprietario di palestra e imprenditore del fitness, e la Serie Evolve Ultra le offre entrambe grazie alla copertura completa della pila dei pesi. Progettata per migliorare la sicurezza degli utenti, aiutare a prevenire gli incidenti e mantenere un ambiente di allenamento pulito e professionale, questa caratteristica rafforza anche l&#8217;aspetto elegante e moderno della macchina. \u00c8 la soluzione ideale per le strutture fitness che apprezzano il design, la sicurezza e la funzionalit\u00e0 a lungo termine.  <\/p>\n<\/div>\n<\/div>\n\n\n\n<div class=\"wp-block-columns alignwide is-layout-flex wp-container-core-columns-is-layout-c45ee707 wp-block-columns-is-layout-flex\" style=\"margin-bottom:var(--wp--preset--spacing--side-padding);padding-top:var(--wp--preset--spacing--side-padding)\">\n<div class=\"wp-block-column is-vertically-aligned-center is-layout-flow wp-block-column-is-layout-flow\">\n<h3 class=\"wp-block-heading\" style=\"margin-bottom:var(--wp--preset--spacing--h-3-bottom)\"><strong>Impugnature ottimali<\/strong><\/h3>\n\n\n\n<p><strong><em><strong><em><strong><em>Elevare l&#8217;esperienza del fitness<\/em><\/strong><\/em><\/strong><\/em><\/strong><\/p>\n\n\n\n<p style=\"margin-bottom:var(--wp--preset--spacing--tb-section-padding)\">Attirare e fidelizzare i clienti \u00e8 una priorit\u00e0 fondamentale per tutti i proprietari di palestre e i gestori di strutture fitness. La Serie Evolve Ultra \u00e8 dotata di impugnature ergonomiche che garantiscono un comfort e una sicurezza superiori durante tutto l&#8217;allenamento. Questa migliore esperienza d&#8217;uso aiuta a mantenere i clienti coinvolti, motivati e impegnati a raggiungere i loro obiettivi di fitness nella tua struttura.  <\/p>\n<\/div>\n\n\n\n<div class=\"wp-block-column is-vertically-aligned-center is-layout-flow wp-block-column-is-layout-flow\">\n<figure class=\"wp-block-image size-large\"><img loading=\"lazy\" decoding=\"async\" width=\"1024\" height=\"1024\" src=\"https:\/\/evolve-fitness.eu\/wp-content\/uploads\/2023\/08\/EV-SC-UL-260-Evolve-Ultra-Series-Selectorized-Pulldown-Row_PNG2-1024x1024.png\" alt=\"EV-SC-UL-260\" class=\"wp-image-10174\" srcset=\"https:\/\/evolve-fitness.eu\/wp-content\/uploads\/2023\/08\/EV-SC-UL-260-Evolve-Ultra-Series-Selectorized-Pulldown-Row_PNG2-1024x1024.png 1024w, https:\/\/evolve-fitness.eu\/wp-content\/uploads\/2023\/08\/EV-SC-UL-260-Evolve-Ultra-Series-Selectorized-Pulldown-Row_PNG2-300x300.png 300w, https:\/\/evolve-fitness.eu\/wp-content\/uploads\/2023\/08\/EV-SC-UL-260-Evolve-Ultra-Series-Selectorized-Pulldown-Row_PNG2-150x150.png 150w, https:\/\/evolve-fitness.eu\/wp-content\/uploads\/2023\/08\/EV-SC-UL-260-Evolve-Ultra-Series-Selectorized-Pulldown-Row_PNG2-600x600.png 600w, https:\/\/evolve-fitness.eu\/wp-content\/uploads\/2023\/08\/EV-SC-UL-260-Evolve-Ultra-Series-Selectorized-Pulldown-Row_PNG2-768x768.png 768w, https:\/\/evolve-fitness.eu\/wp-content\/uploads\/2023\/08\/EV-SC-UL-260-Evolve-Ultra-Series-Selectorized-Pulldown-Row_PNG2-1536x1536.png 1536w, https:\/\/evolve-fitness.eu\/wp-content\/uploads\/2023\/08\/EV-SC-UL-260-Evolve-Ultra-Series-Selectorized-Pulldown-Row_PNG2.png 1920w\" sizes=\"auto, (max-width: 1024px) 100vw, 1024px\" \/><\/figure>\n<\/div>\n<\/div>\n\n\n\n<div class=\"wp-block-columns alignwide are-vertically-aligned-center mobile-reverse is-layout-flex wp-container-core-columns-is-layout-e8158c2f wp-block-columns-is-layout-flex\" style=\"padding-top:var(--wp--preset--spacing--side-padding)\">\n<div class=\"wp-block-column is-vertically-aligned-center is-layout-flow wp-block-column-is-layout-flow\">\n<figure class=\"wp-block-video\"><video height=\"1080\" style=\"aspect-ratio: 1920 \/ 1080;\" width=\"1920\" autoplay=\"\" controls=\"\" loop=\"\" muted=\"\" src=\"https:\/\/evolve-fitness.eu\/wp-content\/uploads\/2023\/08\/UL-040-Weight-Stack.mp4\"><\/video><\/figure>\n<\/div>\n\n\n\n<div class=\"wp-block-column is-vertically-aligned-center is-layout-flow wp-block-column-is-layout-flow\">\n<h3 class=\"wp-block-heading\" style=\"margin-bottom:var(--wp--preset--spacing--h-3-bottom)\"><strong>Pila di pesi<\/strong><\/h3>\n\n\n\n<p><strong><em><strong><em>Elevare l&#8217;esperienza del fitness<\/em><\/strong><\/em><\/strong><\/p>\n\n\n\n<p style=\"margin-bottom:var(--wp--preset--spacing--tb-section-padding)\">La macchina per curl bicipiti selettorizzata della Serie Ultra di Evolve \u00e8 dotata di una pila di pesi da 122,5 kg, con la possibilit\u00e0 di passare a 152 kg per gli utenti che desiderano una maggiore intensit\u00e0 di allenamento. La pila dei pesi, completamente chiusa, aumenta la sicurezza durante gli allenamenti e contribuisce all&#8217;aspetto pulito, moderno e professionale della macchina. <br\/><\/p>\n<\/div>\n<\/div>\n\n\n\n<div class=\"wp-block-columns alignwide is-layout-flex wp-container-core-columns-is-layout-c45ee707 wp-block-columns-is-layout-flex\" style=\"margin-bottom:var(--wp--preset--spacing--side-padding);padding-top:var(--wp--preset--spacing--side-padding)\">\n<div class=\"wp-block-column is-vertically-aligned-center is-layout-flow wp-block-column-is-layout-flow\">\n<h3 class=\"wp-block-heading\" style=\"margin-bottom:var(--wp--preset--spacing--h-3-bottom)\">Telaio con doppia verniciatura a polvere<\/h3>\n\n\n\n<p><strong><em>Prevenzione dei danni<\/em><\/strong><\/p>\n\n\n\n<p style=\"margin-bottom:var(--wp--preset--spacing--tb-section-padding)\">Le macchine per la forza della Serie Evolve Ultra sono dotate di un telaio verniciato a polvere elettrostatica in nero perlato opaco che unisce un&#8217;estetica di alto livello a una durata eccezionale. La raffinata finitura opaca conferisce a ogni macchina un aspetto elegante e professionale, mentre le sue propriet\u00e0 antiattrito, anticorrosione e antigraffio garantiscono prestazioni affidabili a lungo termine in ambienti fitness esigenti. <br\/><br\/><\/p>\n<\/div>\n\n\n\n<div class=\"wp-block-column is-vertically-aligned-center is-layout-flow wp-block-column-is-layout-flow\">\n<figure class=\"wp-block-video\"><video height=\"720\" style=\"aspect-ratio: 1280 \/ 720;\" width=\"1280\" autoplay=\"\" controls=\"\" loop=\"\" muted=\"\" src=\"https:\/\/evolve-fitness.eu\/wp-content\/uploads\/2023\/10\/Evolve-Double-powder-coated-Frame.mp4\"><\/video><\/figure>\n<\/div>\n<\/div>\n\n\n\n<div class=\"wp-block-columns alignwide is-layout-flex wp-container-core-columns-is-layout-c45ee707 wp-block-columns-is-layout-flex\" style=\"margin-bottom:var(--wp--preset--spacing--side-padding);padding-top:var(--wp--preset--spacing--side-padding)\">\n<div class=\"wp-block-column is-vertically-aligned-center is-layout-flow wp-block-column-is-layout-flow\">\n<figure class=\"wp-block-video\"><video height=\"720\" style=\"aspect-ratio: 1280 \/ 720;\" width=\"1280\" autoplay=\"\" controls=\"\" loop=\"\" muted=\"\" src=\"https:\/\/evolve-fitness.eu\/wp-content\/uploads\/2023\/10\/Evolve-cable.mp4\"><\/video><\/figure>\n<\/div>\n\n\n\n<div class=\"wp-block-column is-vertically-aligned-center is-layout-flow wp-block-column-is-layout-flow\">\n<h3 class=\"wp-block-heading\" style=\"margin-bottom:var(--wp--preset--spacing--h-3-bottom)\">Cavo<\/h3>\n\n\n\n<p><strong><em>Qualit\u00e0 superiore<\/em><\/strong><\/p>\n\n\n\n<p style=\"margin-bottom:var(--wp--preset--spacing--tb-section-padding)\">Le macchine della Serie Ultra di Evolve utilizzano cavi di qualit\u00e0 superiore progettati per garantire resistenza, durata e prestazioni eccezionali. Ogni cavo presenta sei fili principali, ognuno dei quali \u00e8 composto da 19 fili intrecciati, un rivestimento in poliammide 12 (PA12) e un diametro di 5 mm. Con una forza di rottura di 9000 kN, questi cavi sono costruiti per garantire un&#8217;affidabilit\u00e0 eccezionale e prestazioni a lungo termine in ambienti fitness esigenti.  <\/p>\n\n\n\n<p style=\"margin-bottom:var(--wp--preset--spacing--tb-section-padding)\">Sia che si tratti di eseguire curl per bicipiti, pressioni sul petto, lat pulldown o altri esercizi di forza, il sistema di cavi ad alte prestazioni garantisce un movimento fluido e una resistenza costante per ogni ripetizione. Questo contribuisce a creare un&#8217;esperienza di allenamento controllata, efficace e confortevole. <\/p>\n<\/div>\n<\/div>\n<\/section>\n","protected":false},"excerpt":{"rendered":"<p>Elevate la vostra esperienza in palestra con la serie Evolve Ultra selezionata di pulldown\/alzate, UL-260.<br \/>\nGodetevi il movimento indipendente delle braccia per allenamenti dinamici, mentre la copertura del pacco pesi garantisce sicurezza e stile.<br \/>\nGrazie a caratteristiche incentrate sull&#8217;utente, come la regolazione del sedile con una sola mano e le impugnature ottimali, l&#8217;UL-260 offre comfort ed efficienza.<br \/>\nTrasformate la vostra palestra con questa macchina elegante e innovativa.   <\/p>\n","protected":false},"featured_media":134940,"template":"","meta":{"_acf_changed":false,"inline_featured_image":false},"product_brand":[],"product_cat":[3856,2821],"product_tag":[],"class_list":{"0":"post-32359","1":"product","2":"type-product","3":"status-publish","4":"has-post-thumbnail","6":"product_cat-macchine-selettive-della-serie-ultra","7":"product_cat-macchine-selezionate","9":"first","10":"instock","11":"virtual","12":"purchasable","13":"product-type-simple"},"acf":{"long_title":"Serie Ultra di Evolve selezionata per le flessioni e le remate (UL-260)","subtitle":"","specifications":[{"label":"SKU","text_value":"EV-SC-UL-260","icon":"x"},{"label":"Dimensioni","text_value":"1985 x 1475 x 2247 mm","icon":"x"},{"label":"Peso","text_value":"152 kg","icon":"x"},{"label":"Pila di pesi","text_value":"122,5 kg","icon":"x"},{"label":"Piastra di peso superiore","text_value":"2 x 2,5 kg","icon":"x"},{"label":"Peso massimo dell'utente","text_value":"180 kg","icon":"x"},{"label":"Spessore del telaio","text_value":"3 mm","icon":"x"},{"label":"Piastra di peso superiore","text_value":"","icon":"v"},{"label":"Perno magnetico per la pila dei pesi","text_value":"","icon":"v"},{"label":"Cartello con istruzioni per la formazione","text_value":"2 anni","icon":"v"},{"label":"Pila di pesi ricoperta","text_value":"","icon":"v"},{"label":"Protezioni per pavimenti durevoli","text_value":"","icon":"v"},{"label":"Vernice anticorrosione","text_value":"2 anni","icon":"v"},{"label":"Imbottitura spessa rivestita in pelle PU","text_value":"","icon":"v"},{"label":"Cavo in nylon","text_value":"","icon":"v"},{"label":"Maniglie antiscivolo  ","text_value":"","icon":"v"},{"label":"Borraccia e custodia per accessori","text_value":"","icon":"v"},{"label":"Garanzia  ","text_value":"2 anni","icon":"x"}],"product_frequently_asked_questions":null},"yoast_head":"<!-- This site is optimized with the Yoast SEO plugin v27.4 - https:\/\/yoast.com\/product\/yoast-seo-wordpress\/ -->\n<title>Serie Ultra di Evolve selezionata per le flessioni e le remate (UL-260) - Evolve<\/title>\n<meta name=\"description\" content=\"Elevate la vostra esperienza in palestra con la serie Evolve Ultra selezionata di pulldown\/alzate, UL-260. Goditi il movimento indipendente delle braccia\" \/>\n<meta name=\"robots\" content=\"index, follow, max-snippet:-1, max-image-preview:large, max-video-preview:-1\" \/>\n<link rel=\"canonical\" href=\"https:\/\/evolve-fitness.eu\/it\/prodotto\/serie-evolve-ultra-selezionata-per-le-flessioni-e-le-remate\/\" \/>\n<meta property=\"og:locale\" content=\"it_IT\" \/>\n<meta property=\"og:type\" content=\"article\" \/>\n<meta property=\"og:title\" content=\"Serie Ultra di Evolve selezionata per le flessioni e le remate (UL-260) - Evolve\" \/>\n<meta property=\"og:description\" content=\"Elevate la vostra esperienza in palestra con la serie Evolve Ultra selezionata di pulldown\/alzate, UL-260. Goditi il movimento indipendente delle braccia\" \/>\n<meta property=\"og:url\" content=\"https:\/\/evolve-fitness.eu\/it\/prodotto\/serie-evolve-ultra-selezionata-per-le-flessioni-e-le-remate\/\" \/>\n<meta property=\"og:site_name\" content=\"Evolve\" \/>\n<meta property=\"article:publisher\" content=\"https:\/\/www.facebook.com\/EvolveFitnessEurope\" \/>\n<meta property=\"article:modified_time\" content=\"2026-03-26T08:27:09+00:00\" \/>\n<meta property=\"og:image\" content=\"https:\/\/evolve-fitness.eu\/wp-content\/uploads\/2024\/06\/EV-SC-UL-260-Evolve-Ultra-Series-Selectorized-Pulldown-Row-5-1024x1024.png\" \/>\n\t<meta property=\"og:image:width\" content=\"1024\" \/>\n\t<meta property=\"og:image:height\" content=\"1024\" \/>\n\t<meta property=\"og:image:type\" content=\"image\/png\" \/>\n<meta name=\"twitter:card\" content=\"summary_large_image\" \/>\n<script type=\"application\/ld+json\" class=\"yoast-schema-graph\">{\"@context\":\"https:\\\/\\\/schema.org\",\"@graph\":[{\"@type\":\"WebPage\",\"@id\":\"https:\\\/\\\/evolve-fitness.eu\\\/it\\\/prodotto\\\/serie-evolve-ultra-selezionata-per-le-flessioni-e-le-remate\\\/\",\"url\":\"https:\\\/\\\/evolve-fitness.eu\\\/it\\\/prodotto\\\/serie-evolve-ultra-selezionata-per-le-flessioni-e-le-remate\\\/\",\"name\":\"Serie Ultra di Evolve selezionata per le flessioni e le remate (UL-260) - Evolve\",\"isPartOf\":{\"@id\":\"https:\\\/\\\/evolve-fitness.eu\\\/it\\\/#website\"},\"primaryImageOfPage\":{\"@id\":\"https:\\\/\\\/evolve-fitness.eu\\\/it\\\/prodotto\\\/serie-evolve-ultra-selezionata-per-le-flessioni-e-le-remate\\\/#primaryimage\"},\"image\":{\"@id\":\"https:\\\/\\\/evolve-fitness.eu\\\/it\\\/prodotto\\\/serie-evolve-ultra-selezionata-per-le-flessioni-e-le-remate\\\/#primaryimage\"},\"thumbnailUrl\":\"https:\\\/\\\/evolve-fitness.eu\\\/wp-content\\\/uploads\\\/2024\\\/06\\\/EV-SC-UL-260-Evolve-Ultra-Series-Selectorized-Pulldown-Row-5.png\",\"datePublished\":\"2023-08-31T10:42:23+00:00\",\"dateModified\":\"2026-03-26T08:27:09+00:00\",\"description\":\"Elevate la vostra esperienza in palestra con la serie Evolve Ultra selezionata di pulldown\\\/alzate, UL-260. Goditi il movimento indipendente delle braccia\",\"breadcrumb\":{\"@id\":\"https:\\\/\\\/evolve-fitness.eu\\\/it\\\/prodotto\\\/serie-evolve-ultra-selezionata-per-le-flessioni-e-le-remate\\\/#breadcrumb\"},\"inLanguage\":\"it-IT\",\"potentialAction\":[{\"@type\":\"ReadAction\",\"target\":[\"https:\\\/\\\/evolve-fitness.eu\\\/it\\\/prodotto\\\/serie-evolve-ultra-selezionata-per-le-flessioni-e-le-remate\\\/\"]}]},{\"@type\":\"ImageObject\",\"inLanguage\":\"it-IT\",\"@id\":\"https:\\\/\\\/evolve-fitness.eu\\\/it\\\/prodotto\\\/serie-evolve-ultra-selezionata-per-le-flessioni-e-le-remate\\\/#primaryimage\",\"url\":\"https:\\\/\\\/evolve-fitness.eu\\\/wp-content\\\/uploads\\\/2024\\\/06\\\/EV-SC-UL-260-Evolve-Ultra-Series-Selectorized-Pulldown-Row-5.png\",\"contentUrl\":\"https:\\\/\\\/evolve-fitness.eu\\\/wp-content\\\/uploads\\\/2024\\\/06\\\/EV-SC-UL-260-Evolve-Ultra-Series-Selectorized-Pulldown-Row-5.png\",\"width\":1920,\"height\":1920},{\"@type\":\"BreadcrumbList\",\"@id\":\"https:\\\/\\\/evolve-fitness.eu\\\/it\\\/prodotto\\\/serie-evolve-ultra-selezionata-per-le-flessioni-e-le-remate\\\/#breadcrumb\",\"itemListElement\":[{\"@type\":\"ListItem\",\"position\":1,\"name\":\"Home\",\"item\":\"https:\\\/\\\/evolve-fitness.eu\\\/it\\\/\"},{\"@type\":\"ListItem\",\"position\":2,\"name\":\"Prodotti\",\"item\":\"https:\\\/\\\/evolve-fitness.eu\\\/it\\\/shop\\\/\"},{\"@type\":\"ListItem\",\"position\":3,\"name\":\"Serie Ultra di Evolve selezionata per le flessioni e le remate (UL-260)\"}]},{\"@type\":\"WebSite\",\"@id\":\"https:\\\/\\\/evolve-fitness.eu\\\/it\\\/#website\",\"url\":\"https:\\\/\\\/evolve-fitness.eu\\\/it\\\/\",\"name\":\"Evolve\",\"description\":\"Your Evolved Gear Arrived\",\"publisher\":{\"@id\":\"https:\\\/\\\/evolve-fitness.eu\\\/it\\\/#organization\"},\"potentialAction\":[{\"@type\":\"SearchAction\",\"target\":{\"@type\":\"EntryPoint\",\"urlTemplate\":\"https:\\\/\\\/evolve-fitness.eu\\\/it\\\/?s={search_term_string}\"},\"query-input\":{\"@type\":\"PropertyValueSpecification\",\"valueRequired\":true,\"valueName\":\"search_term_string\"}}],\"inLanguage\":\"it-IT\"},{\"@type\":\"Organization\",\"@id\":\"https:\\\/\\\/evolve-fitness.eu\\\/it\\\/#organization\",\"name\":\"Evolve\",\"url\":\"https:\\\/\\\/evolve-fitness.eu\\\/it\\\/\",\"logo\":{\"@type\":\"ImageObject\",\"inLanguage\":\"it-IT\",\"@id\":\"https:\\\/\\\/evolve-fitness.eu\\\/it\\\/#\\\/schema\\\/logo\\\/image\\\/\",\"url\":\"https:\\\/\\\/evolve-fitness.eu\\\/wp-content\\\/uploads\\\/2023\\\/05\\\/Evolve-logo.svg\",\"contentUrl\":\"https:\\\/\\\/evolve-fitness.eu\\\/wp-content\\\/uploads\\\/2023\\\/05\\\/Evolve-logo.svg\",\"width\":176,\"height\":20,\"caption\":\"Evolve\"},\"image\":{\"@id\":\"https:\\\/\\\/evolve-fitness.eu\\\/it\\\/#\\\/schema\\\/logo\\\/image\\\/\"},\"sameAs\":[\"https:\\\/\\\/www.facebook.com\\\/EvolveFitnessEurope\"]}]}<\/script>\n<!-- \/ Yoast SEO plugin. -->","yoast_head_json":{"title":"Serie Ultra di Evolve selezionata per le flessioni e le remate (UL-260) - Evolve","description":"Elevate la vostra esperienza in palestra con la serie Evolve Ultra selezionata di pulldown\/alzate, UL-260. Goditi il movimento indipendente delle braccia","robots":{"index":"index","follow":"follow","max-snippet":"max-snippet:-1","max-image-preview":"max-image-preview:large","max-video-preview":"max-video-preview:-1"},"canonical":"https:\/\/evolve-fitness.eu\/it\/prodotto\/serie-evolve-ultra-selezionata-per-le-flessioni-e-le-remate\/","og_locale":"it_IT","og_type":"article","og_title":"Serie Ultra di Evolve selezionata per le flessioni e le remate (UL-260) - Evolve","og_description":"Elevate la vostra esperienza in palestra con la serie Evolve Ultra selezionata di pulldown\/alzate, UL-260. Goditi il movimento indipendente delle braccia","og_url":"https:\/\/evolve-fitness.eu\/it\/prodotto\/serie-evolve-ultra-selezionata-per-le-flessioni-e-le-remate\/","og_site_name":"Evolve","article_publisher":"https:\/\/www.facebook.com\/EvolveFitnessEurope","article_modified_time":"2026-03-26T08:27:09+00:00","og_image":[{"width":1024,"height":1024,"url":"https:\/\/evolve-fitness.eu\/wp-content\/uploads\/2024\/06\/EV-SC-UL-260-Evolve-Ultra-Series-Selectorized-Pulldown-Row-5-1024x1024.png","type":"image\/png"}],"twitter_card":"summary_large_image","schema":{"@context":"https:\/\/schema.org","@graph":[{"@type":"WebPage","@id":"https:\/\/evolve-fitness.eu\/it\/prodotto\/serie-evolve-ultra-selezionata-per-le-flessioni-e-le-remate\/","url":"https:\/\/evolve-fitness.eu\/it\/prodotto\/serie-evolve-ultra-selezionata-per-le-flessioni-e-le-remate\/","name":"Serie Ultra di Evolve selezionata per le flessioni e le remate (UL-260) - Evolve","isPartOf":{"@id":"https:\/\/evolve-fitness.eu\/it\/#website"},"primaryImageOfPage":{"@id":"https:\/\/evolve-fitness.eu\/it\/prodotto\/serie-evolve-ultra-selezionata-per-le-flessioni-e-le-remate\/#primaryimage"},"image":{"@id":"https:\/\/evolve-fitness.eu\/it\/prodotto\/serie-evolve-ultra-selezionata-per-le-flessioni-e-le-remate\/#primaryimage"},"thumbnailUrl":"https:\/\/evolve-fitness.eu\/wp-content\/uploads\/2024\/06\/EV-SC-UL-260-Evolve-Ultra-Series-Selectorized-Pulldown-Row-5.png","datePublished":"2023-08-31T10:42:23+00:00","dateModified":"2026-03-26T08:27:09+00:00","description":"Elevate la vostra esperienza in palestra con la serie Evolve Ultra selezionata di pulldown\/alzate, UL-260. Goditi il movimento indipendente delle braccia","breadcrumb":{"@id":"https:\/\/evolve-fitness.eu\/it\/prodotto\/serie-evolve-ultra-selezionata-per-le-flessioni-e-le-remate\/#breadcrumb"},"inLanguage":"it-IT","potentialAction":[{"@type":"ReadAction","target":["https:\/\/evolve-fitness.eu\/it\/prodotto\/serie-evolve-ultra-selezionata-per-le-flessioni-e-le-remate\/"]}]},{"@type":"ImageObject","inLanguage":"it-IT","@id":"https:\/\/evolve-fitness.eu\/it\/prodotto\/serie-evolve-ultra-selezionata-per-le-flessioni-e-le-remate\/#primaryimage","url":"https:\/\/evolve-fitness.eu\/wp-content\/uploads\/2024\/06\/EV-SC-UL-260-Evolve-Ultra-Series-Selectorized-Pulldown-Row-5.png","contentUrl":"https:\/\/evolve-fitness.eu\/wp-content\/uploads\/2024\/06\/EV-SC-UL-260-Evolve-Ultra-Series-Selectorized-Pulldown-Row-5.png","width":1920,"height":1920},{"@type":"BreadcrumbList","@id":"https:\/\/evolve-fitness.eu\/it\/prodotto\/serie-evolve-ultra-selezionata-per-le-flessioni-e-le-remate\/#breadcrumb","itemListElement":[{"@type":"ListItem","position":1,"name":"Home","item":"https:\/\/evolve-fitness.eu\/it\/"},{"@type":"ListItem","position":2,"name":"Prodotti","item":"https:\/\/evolve-fitness.eu\/it\/shop\/"},{"@type":"ListItem","position":3,"name":"Serie Ultra di Evolve selezionata per le flessioni e le remate (UL-260)"}]},{"@type":"WebSite","@id":"https:\/\/evolve-fitness.eu\/it\/#website","url":"https:\/\/evolve-fitness.eu\/it\/","name":"Evolve","description":"Your Evolved Gear Arrived","publisher":{"@id":"https:\/\/evolve-fitness.eu\/it\/#organization"},"potentialAction":[{"@type":"SearchAction","target":{"@type":"EntryPoint","urlTemplate":"https:\/\/evolve-fitness.eu\/it\/?s={search_term_string}"},"query-input":{"@type":"PropertyValueSpecification","valueRequired":true,"valueName":"search_term_string"}}],"inLanguage":"it-IT"},{"@type":"Organization","@id":"https:\/\/evolve-fitness.eu\/it\/#organization","name":"Evolve","url":"https:\/\/evolve-fitness.eu\/it\/","logo":{"@type":"ImageObject","inLanguage":"it-IT","@id":"https:\/\/evolve-fitness.eu\/it\/#\/schema\/logo\/image\/","url":"https:\/\/evolve-fitness.eu\/wp-content\/uploads\/2023\/05\/Evolve-logo.svg","contentUrl":"https:\/\/evolve-fitness.eu\/wp-content\/uploads\/2023\/05\/Evolve-logo.svg","width":176,"height":20,"caption":"Evolve"},"image":{"@id":"https:\/\/evolve-fitness.eu\/it\/#\/schema\/logo\/image\/"},"sameAs":["https:\/\/www.facebook.com\/EvolveFitnessEurope"]}]}},"_links":{"self":[{"href":"https:\/\/evolve-fitness.eu\/it\/wp-json\/wp\/v2\/product\/32359","targetHints":{"allow":["GET"]}}],"collection":[{"href":"https:\/\/evolve-fitness.eu\/it\/wp-json\/wp\/v2\/product"}],"about":[{"href":"https:\/\/evolve-fitness.eu\/it\/wp-json\/wp\/v2\/types\/product"}],"wp:featuredmedia":[{"embeddable":true,"href":"https:\/\/evolve-fitness.eu\/it\/wp-json\/wp\/v2\/media\/134940"}],"wp:attachment":[{"href":"https:\/\/evolve-fitness.eu\/it\/wp-json\/wp\/v2\/media?parent=32359"}],"wp:term":[{"taxonomy":"product_brand","embeddable":true,"href":"https:\/\/evolve-fitness.eu\/it\/wp-json\/wp\/v2\/product_brand?post=32359"},{"taxonomy":"product_cat","embeddable":true,"href":"https:\/\/evolve-fitness.eu\/it\/wp-json\/wp\/v2\/product_cat?post=32359"},{"taxonomy":"product_tag","embeddable":true,"href":"https:\/\/evolve-fitness.eu\/it\/wp-json\/wp\/v2\/product_tag?post=32359"}],"curies":[{"name":"wp","href":"https:\/\/api.w.org\/{rel}","templated":true}]}}