{"id":33494,"date":"2024-02-28T11:43:15","date_gmt":"2024-02-28T11:43:15","guid":{"rendered":"https:\/\/evolve-fitness.eu\/product\/serie-evolve-ultra-lat-pull-down\/"},"modified":"2026-03-26T10:44:55","modified_gmt":"2026-03-26T08:44:55","slug":"serie-evolve-ultra-lat-pull-down","status":"publish","type":"product","link":"https:\/\/evolve-fitness.eu\/it\/prodotto\/serie-evolve-ultra-lat-pull-down\/","title":{"rendered":"Evolve Ultra Series Lat Pull Down"},"content":{"rendered":"\n<section class=\"wp-block-group alignfull has-lightgray-background-color has-background is-layout-constrained wp-block-group-is-layout-constrained\">\n<div class=\"wp-block-columns alignwide is-layout-flex wp-container-core-columns-is-layout-2edb0647 wp-block-columns-is-layout-flex\" style=\"margin-top:0;margin-bottom:0\">\n<div class=\"wp-block-column is-layout-flow wp-block-column-is-layout-flow\" style=\"flex-basis:33.33%\"><\/div>\n\n\n\n<div class=\"wp-block-column is-layout-flow wp-block-column-is-layout-flow\" style=\"flex-basis:66.66%\"><\/div>\n<\/div>\n<\/section>\n\n<section class=\"wp-block-group alignfull black-content has-white-color has-darkgray-background-color has-text-color has-background is-layout-constrained wp-block-group-is-layout-constrained\" style=\"padding-top:var(--wp--preset--spacing--section-bottom);padding-bottom:var(--wp--preset--spacing--section-bottom)\">\n<div class=\"wp-block-columns alignwide are-vertically-aligned-center mobile-reverse is-layout-flex wp-container-core-columns-is-layout-e8158c2f wp-block-columns-is-layout-flex\" style=\"padding-top:var(--wp--preset--spacing--side-padding)\">\n<div class=\"wp-block-column is-vertically-aligned-center is-layout-flow wp-block-column-is-layout-flow\">\n<h3 class=\"wp-block-heading\" style=\"margin-bottom:var(--wp--preset--spacing--h-3-bottom)\"><strong>Piastra di peso superiore<\/strong><\/h3>\n\n\n\n<p><strong><em><strong><em>Estende la resistenza massima<\/em><\/strong><\/em><\/strong><\/p>\n\n\n\n<p>La pressa per spalle selettiva Evolve Ultra Series \u00e8 dotata di due piastre di peso superiore da 2,5 kg che hanno un duplice scopo: migliorare le prestazioni dell&#8217;attrezzo. In primo luogo, estende la resistenza massima che la macchina pu\u00f2 offrire, consentendo agli utenti di sfidare ulteriormente se stessi nei loro allenamenti.<br\/>Inoltre, queste piastre di peso aggiuntive offrono un vantaggio unico, consentendo agli utenti di effettuare incrementi pi\u00f9 piccoli e pi\u00f9 precisi nella regolazione della resistenza, con ogni piastra che fornisce un aumento di 2,5 kg. Questa precisione nella selezione della resistenza permette agli individui di regolare con precisione i loro allenamenti per soddisfare le loro esigenze e i loro obiettivi specifici, assicurando che ogni sessione di allenamento sia personalizzata per ottimizzare i risultati.<\/p>\n<\/div>\n\n\n\n<div class=\"wp-block-column is-vertically-aligned-center is-layout-flow wp-block-column-is-layout-flow\">\n<figure class=\"wp-block-image size-full\"><img loading=\"lazy\" decoding=\"async\" width=\"768\" height=\"779\" src=\"https:\/\/evolve-fitness.eu\/wp-content\/uploads\/2024\/01\/plate.webp\" alt=\"\" class=\"wp-image-9942\" srcset=\"https:\/\/evolve-fitness.eu\/wp-content\/uploads\/2024\/01\/plate.webp 768w, https:\/\/evolve-fitness.eu\/wp-content\/uploads\/2024\/01\/plate-300x304.webp 300w, https:\/\/evolve-fitness.eu\/wp-content\/uploads\/2024\/01\/plate-148x150.webp 148w, https:\/\/evolve-fitness.eu\/wp-content\/uploads\/2024\/01\/plate-600x609.webp 600w, https:\/\/evolve-fitness.eu\/wp-content\/uploads\/2024\/01\/plate-296x300.webp 296w\" sizes=\"auto, (max-width: 768px) 100vw, 768px\" \/><\/figure>\n<\/div>\n<\/div>\n\n\n\n<div class=\"wp-block-columns alignwide are-vertically-aligned-center mobile-reverse is-layout-flex wp-container-core-columns-is-layout-e8158c2f wp-block-columns-is-layout-flex\" style=\"padding-top:var(--wp--preset--spacing--side-padding)\">\n<div class=\"wp-block-column is-vertically-aligned-center is-layout-flow wp-block-column-is-layout-flow\">\n<div class=\"wp-block-columns alignwide are-vertically-aligned-center mobile-reverse is-layout-flex wp-container-core-columns-is-layout-e8158c2f wp-block-columns-is-layout-flex\" style=\"padding-top:var(--wp--preset--spacing--side-padding)\">\n<div class=\"wp-block-column is-vertically-aligned-center is-layout-flow wp-block-column-is-layout-flow\">\n<figure class=\"wp-block-video\"><video height=\"1080\" style=\"aspect-ratio: 1920 \/ 1080;\" width=\"1920\" autoplay=\"\" controls=\"\" loop=\"\" muted=\"\" src=\"https:\/\/evolve-fitness.eu\/wp-content\/uploads\/2023\/08\/UL-040-Weight-Stack.mp4\"><\/video><\/figure>\n<\/div>\n\n\n\n<div class=\"wp-block-column is-vertically-aligned-center is-layout-flow wp-block-column-is-layout-flow\">\n<h3 class=\"wp-block-heading\" style=\"margin-bottom:var(--wp--preset--spacing--h-3-bottom)\"><strong>Pila di pesi<\/strong><\/h3>\n\n\n\n<p><strong><em><strong><em>Personalizza e aggiungi<\/em><\/strong><\/em><\/strong><\/p>\n\n\n\n<p>La pressa per le spalle selettiva Evolve Ultra Series \u00e8 dotata di un livello di resistenza di 85 kg, ma hai anche la possibilit\u00e0 di personalizzarla e aggiungerla a 122,5 kg per un allenamento ancora pi\u00f9 impegnativo. La pila di pesi completamente chiusa garantisce la sicurezza dei tuoi esercizi.<\/p>\n<\/div>\n<\/div>\n<\/div>\n<\/div>\n\n\n\n<div class=\"wp-block-columns alignwide are-vertically-aligned-center mobile-reverse is-layout-flex wp-container-core-columns-is-layout-e8158c2f wp-block-columns-is-layout-flex\" style=\"padding-top:var(--wp--preset--spacing--side-padding)\">\n<div class=\"wp-block-column is-vertically-aligned-center is-layout-flow wp-block-column-is-layout-flow\">\n<h3 class=\"wp-block-heading\" style=\"margin-bottom:var(--wp--preset--spacing--h-3-bottom)\"><strong>Cavo<\/strong><\/h3>\n\n\n\n<p><strong><em><strong><em>Qualit\u00e0 superiore<\/em><\/strong><\/em><\/strong><\/p>\n\n\n\n<p>Le macchine della serie Evolve Ultra utilizzano cavi di qualit\u00e0 superiore, con sei fili principali e ogni filo \u00e8 composto da 19 fili attorcigliati insieme, materiale poliammide 12 (PA12) e un diametro di 5 mm. Questi cavi sono progettati per garantire resistenza e durata, con una forza di rottura di 9000 kN, che li rende la scelta preferita per le applicazioni in cui sono necessarie affidabilit\u00e0, durata e prestazioni eccezionali.Quando si passa da un esercizio all&#8217;altro, che si tratti di bicipiti curl, chest press, lat pulldown o qualsiasi altra attivit\u00e0 di potenziamento, le prestazioni eccezionali dei cavi della serie Evolve Ultra garantiscono movimenti fluidi e una resistenza costante, favorendo un&#8217;esperienza di allenamento efficace e piacevole.<\/p>\n<\/div>\n\n\n\n<div class=\"wp-block-column is-vertically-aligned-center is-layout-flow wp-block-column-is-layout-flow\">\n<figure class=\"wp-block-video\"><video height=\"720\" style=\"aspect-ratio: 1280 \/ 720;\" width=\"1280\" autoplay=\"\" controls=\"\" loop=\"\" muted=\"\" src=\"https:\/\/evolve-fitness.eu\/wp-content\/uploads\/2023\/10\/Evolve-cable.mp4\"><\/video><\/figure>\n<\/div>\n<\/div>\n\n\n\n<div class=\"wp-block-columns alignwide are-vertically-aligned-center mobile-reverse is-layout-flex wp-container-core-columns-is-layout-e8158c2f wp-block-columns-is-layout-flex\" style=\"padding-top:var(--wp--preset--spacing--side-padding)\">\n<div class=\"wp-block-column is-vertically-aligned-center is-layout-flow wp-block-column-is-layout-flow\">\n<figure class=\"wp-block-video\"><video height=\"720\" style=\"aspect-ratio: 1280 \/ 720;\" width=\"1280\" autoplay=\"\" controls=\"\" loop=\"\" muted=\"\" src=\"https:\/\/evolve-fitness.eu\/wp-content\/uploads\/2023\/10\/Evolve-Double-powder-coated-Frame.mp4\"><\/video><\/figure>\n<\/div>\n\n\n\n<div class=\"wp-block-column is-vertically-aligned-center is-layout-flow wp-block-column-is-layout-flow\">\n<h3 class=\"wp-block-heading\" style=\"margin-bottom:var(--wp--preset--spacing--h-3-bottom)\"><strong>Doppia verniciatura a polvere<\/strong><\/h3>\n\n\n\n<p><strong><em><strong><em>Verniciato a polvere elettrostatica<\/em><\/strong><\/em><\/strong><\/p>\n\n\n\n<p>Le macchine di forza della Serie Evolve Ultra, con telaio verniciato a polvere elettrostatica in nero perlato opaco, sono un esempio di forma e funzionalit\u00e0. Il suo fascino estetico \u00e8 esaltato dalla finitura nera opaca, mentre le sue caratteristiche pratiche, tra cui la resistenza all&#8217;attrito, le propriet\u00e0 anticorrosione e la resistenza ai graffi, ne fanno un compagno di fitness affidabile e duraturo.<\/p>\n\n\n\n<p><strong><em>Protezioni per pavimenti in gomma per impieghi gravosi<\/em><\/strong><\/p>\n\n\n\n<p>I robusti piedini in gomma della Serie Evolve Ultra fungono da scudi protettivi per evitare potenziali danni ai pavimenti. Questi piedini in gomma per impieghi gravosi sono progettati per salvaguardare le superfici del tuo pavimento da eventuali danni che potrebbero verificarsi durante l&#8217;uso. Inoltre, questi piedini in gomma non solo offrono protezione ma contribuiscono anche alla stabilit\u00e0.<\/p>\n<\/div>\n<\/div>\n<\/section>\n","protected":false},"excerpt":{"rendered":"<p>Vi presentiamo l&#8217;apice dell&#8217;allenamento per la forza della parte superiore del corpo: l&#8217;Evolve Ultra Series Lat Pull Down, UL-280. Progettata per migliorare l&#8217;esperienza di allenamento, questa macchina combina una tecnologia all&#8217;avanguardia con una precisione ergonomica, offrendo prestazioni e risultati senza precedenti. Che si tratti di scolpire la schiena a V, rafforzare le spalle o migliorare la potenza generale della parte superiore del corpo, la Lat Pull Down di Evolve Ultra Series offre gli strumenti e la versatilit\u00e0 necessari per raggiungere i propri obiettivi. Grazie al design intuitivo e alle funzioni regolabili, gli utenti di tutti i livelli di fitness possono personalizzare l&#8217;allenamento, garantendo la massima efficacia e il massimo comfort. Progettata per durare nel tempo e realizzata con materiali di prima qualit\u00e0, questa macchina \u00e8 costruita per resistere ai rigori di sessioni di allenamento intense, diventando una risorsa affidabile in qualsiasi palestra o impianto domestico.    <\/p>\n","protected":false},"featured_media":142371,"template":"","meta":{"_acf_changed":false,"inline_featured_image":false},"product_brand":[],"product_cat":[2821,3856],"product_tag":[],"class_list":{"0":"post-33494","1":"product","2":"type-product","3":"status-publish","4":"has-post-thumbnail","6":"product_cat-macchine-selezionate","7":"product_cat-macchine-selettive-della-serie-ultra","9":"first","10":"instock","11":"shipping-taxable","12":"purchasable","13":"product-type-simple"},"acf":{"long_title":"Evolve Ultra Series Lat Pull Down","subtitle":"","specifications":[{"label":"SKU","text_value":"EV-SC-UL-280","icon":"x"},{"label":"Dimensioni","text_value":"1538 x 1204 x 2154 mm","icon":"x"},{"label":"Peso","text_value":"265 kg","icon":"x"},{"label":"Pila di pesi","text_value":"110 kg","icon":"x"},{"label":"Peso massimo  ","text_value":"117,5 kg","icon":"x"},{"label":"Peso massimo dell'utente","text_value":"180 kg","icon":"x"},{"label":"Spessore del telaio","text_value":"3 mm","icon":"x"},{"label":"Piastra di peso superiore","text_value":"3 mm","icon":"v"},{"label":"Posizione di allenamento regolabile","text_value":"","icon":"v"},{"label":"Perno magnetico per la pila dei pesi","text_value":"","icon":"v"},{"label":"Cartello con istruzioni per la formazione","text_value":"","icon":"v"},{"label":"Pile di peso avvolte","text_value":"2 anni","icon":"v"},{"label":"Protezioni per pavimenti durevoli","text_value":"","icon":"v"},{"label":"Vernice anticorrosione","text_value":"","icon":"v"},{"label":"Imbottitura spessa rivestita in pelle PU","text_value":"","icon":"v"},{"label":"Cavo in nylon","text_value":"","icon":"v"},{"label":"Maniglie antiscivolo","text_value":"","icon":"v"},{"label":"Borraccia e custodia per accessori","text_value":"","icon":"v"},{"label":"Garanzia","text_value":"2 anni","icon":"x"}]},"yoast_head":"<!-- This site is optimized with the Yoast SEO plugin v26.6 - https:\/\/yoast.com\/wordpress\/plugins\/seo\/ -->\n<title>Evolve Ultra Series Lat Pull Down - Evolve<\/title>\n<meta name=\"robots\" content=\"index, follow, max-snippet:-1, max-image-preview:large, max-video-preview:-1\" \/>\n<link rel=\"canonical\" href=\"https:\/\/evolve-fitness.eu\/it\/prodotto\/serie-evolve-ultra-lat-pull-down\/\" \/>\n<meta property=\"og:locale\" content=\"it_IT\" \/>\n<meta property=\"og:type\" content=\"article\" \/>\n<meta property=\"og:title\" content=\"Evolve Ultra Series Lat Pull Down - Evolve\" \/>\n<meta property=\"og:url\" content=\"https:\/\/evolve-fitness.eu\/it\/prodotto\/serie-evolve-ultra-lat-pull-down\/\" \/>\n<meta property=\"og:site_name\" content=\"Evolve\" \/>\n<meta property=\"article:publisher\" content=\"https:\/\/www.facebook.com\/EvolveFitnessEurope\" \/>\n<meta property=\"article:modified_time\" content=\"2026-03-26T08:44:55+00:00\" \/>\n<meta property=\"og:image\" content=\"https:\/\/evolve-fitness.eu\/wp-content\/uploads\/2024\/02\/EV-SC-UL-280-1.png\" \/>\n\t<meta property=\"og:image:width\" content=\"600\" \/>\n\t<meta property=\"og:image:height\" content=\"529\" \/>\n\t<meta property=\"og:image:type\" content=\"image\/png\" \/>\n<meta name=\"twitter:card\" content=\"summary_large_image\" \/>\n<script type=\"application\/ld+json\" class=\"yoast-schema-graph\">{\"@context\":\"https:\/\/schema.org\",\"@graph\":[{\"@type\":\"WebPage\",\"@id\":\"https:\/\/evolve-fitness.eu\/it\/prodotto\/serie-evolve-ultra-lat-pull-down\/\",\"url\":\"https:\/\/evolve-fitness.eu\/it\/prodotto\/serie-evolve-ultra-lat-pull-down\/\",\"name\":\"Evolve Ultra Series Lat Pull Down - Evolve\",\"isPartOf\":{\"@id\":\"https:\/\/evolve-fitness.eu\/it\/#website\"},\"primaryImageOfPage\":{\"@id\":\"https:\/\/evolve-fitness.eu\/it\/prodotto\/serie-evolve-ultra-lat-pull-down\/#primaryimage\"},\"image\":{\"@id\":\"https:\/\/evolve-fitness.eu\/it\/prodotto\/serie-evolve-ultra-lat-pull-down\/#primaryimage\"},\"thumbnailUrl\":\"https:\/\/evolve-fitness.eu\/wp-content\/uploads\/2024\/02\/EV-SC-UL-280-1.png\",\"datePublished\":\"2024-02-28T11:43:15+00:00\",\"dateModified\":\"2026-03-26T08:44:55+00:00\",\"breadcrumb\":{\"@id\":\"https:\/\/evolve-fitness.eu\/it\/prodotto\/serie-evolve-ultra-lat-pull-down\/#breadcrumb\"},\"inLanguage\":\"it-IT\",\"potentialAction\":[{\"@type\":\"ReadAction\",\"target\":[\"https:\/\/evolve-fitness.eu\/it\/prodotto\/serie-evolve-ultra-lat-pull-down\/\"]}]},{\"@type\":\"ImageObject\",\"inLanguage\":\"it-IT\",\"@id\":\"https:\/\/evolve-fitness.eu\/it\/prodotto\/serie-evolve-ultra-lat-pull-down\/#primaryimage\",\"url\":\"https:\/\/evolve-fitness.eu\/wp-content\/uploads\/2024\/02\/EV-SC-UL-280-1.png\",\"contentUrl\":\"https:\/\/evolve-fitness.eu\/wp-content\/uploads\/2024\/02\/EV-SC-UL-280-1.png\",\"width\":600,\"height\":529},{\"@type\":\"BreadcrumbList\",\"@id\":\"https:\/\/evolve-fitness.eu\/it\/prodotto\/serie-evolve-ultra-lat-pull-down\/#breadcrumb\",\"itemListElement\":[{\"@type\":\"ListItem\",\"position\":1,\"name\":\"Home\",\"item\":\"https:\/\/evolve-fitness.eu\/it\/\"},{\"@type\":\"ListItem\",\"position\":2,\"name\":\"Prodotti\",\"item\":\"https:\/\/evolve-fitness.eu\/it\/shop\/\"},{\"@type\":\"ListItem\",\"position\":3,\"name\":\"Evolve Ultra Series Lat Pull Down\"}]},{\"@type\":\"WebSite\",\"@id\":\"https:\/\/evolve-fitness.eu\/it\/#website\",\"url\":\"https:\/\/evolve-fitness.eu\/it\/\",\"name\":\"Evolve\",\"description\":\"Your Evolved Gear Arrived\",\"publisher\":{\"@id\":\"https:\/\/evolve-fitness.eu\/it\/#organization\"},\"potentialAction\":[{\"@type\":\"SearchAction\",\"target\":{\"@type\":\"EntryPoint\",\"urlTemplate\":\"https:\/\/evolve-fitness.eu\/it\/?s={search_term_string}\"},\"query-input\":{\"@type\":\"PropertyValueSpecification\",\"valueRequired\":true,\"valueName\":\"search_term_string\"}}],\"inLanguage\":\"it-IT\"},{\"@type\":\"Organization\",\"@id\":\"https:\/\/evolve-fitness.eu\/it\/#organization\",\"name\":\"Evolve\",\"url\":\"https:\/\/evolve-fitness.eu\/it\/\",\"logo\":{\"@type\":\"ImageObject\",\"inLanguage\":\"it-IT\",\"@id\":\"https:\/\/evolve-fitness.eu\/it\/#\/schema\/logo\/image\/\",\"url\":\"https:\/\/evolve-fitness.eu\/wp-content\/uploads\/2023\/05\/Evolve-logo.svg\",\"contentUrl\":\"https:\/\/evolve-fitness.eu\/wp-content\/uploads\/2023\/05\/Evolve-logo.svg\",\"width\":176,\"height\":20,\"caption\":\"Evolve\"},\"image\":{\"@id\":\"https:\/\/evolve-fitness.eu\/it\/#\/schema\/logo\/image\/\"},\"sameAs\":[\"https:\/\/www.facebook.com\/EvolveFitnessEurope\"]}]}<\/script>\n<!-- \/ Yoast SEO plugin. -->","yoast_head_json":{"title":"Evolve Ultra Series Lat Pull Down - Evolve","robots":{"index":"index","follow":"follow","max-snippet":"max-snippet:-1","max-image-preview":"max-image-preview:large","max-video-preview":"max-video-preview:-1"},"canonical":"https:\/\/evolve-fitness.eu\/it\/prodotto\/serie-evolve-ultra-lat-pull-down\/","og_locale":"it_IT","og_type":"article","og_title":"Evolve Ultra Series Lat Pull Down - Evolve","og_url":"https:\/\/evolve-fitness.eu\/it\/prodotto\/serie-evolve-ultra-lat-pull-down\/","og_site_name":"Evolve","article_publisher":"https:\/\/www.facebook.com\/EvolveFitnessEurope","article_modified_time":"2026-03-26T08:44:55+00:00","og_image":[{"width":600,"height":529,"url":"https:\/\/evolve-fitness.eu\/wp-content\/uploads\/2024\/02\/EV-SC-UL-280-1.png","type":"image\/png"}],"twitter_card":"summary_large_image","schema":{"@context":"https:\/\/schema.org","@graph":[{"@type":"WebPage","@id":"https:\/\/evolve-fitness.eu\/it\/prodotto\/serie-evolve-ultra-lat-pull-down\/","url":"https:\/\/evolve-fitness.eu\/it\/prodotto\/serie-evolve-ultra-lat-pull-down\/","name":"Evolve Ultra Series Lat Pull Down - Evolve","isPartOf":{"@id":"https:\/\/evolve-fitness.eu\/it\/#website"},"primaryImageOfPage":{"@id":"https:\/\/evolve-fitness.eu\/it\/prodotto\/serie-evolve-ultra-lat-pull-down\/#primaryimage"},"image":{"@id":"https:\/\/evolve-fitness.eu\/it\/prodotto\/serie-evolve-ultra-lat-pull-down\/#primaryimage"},"thumbnailUrl":"https:\/\/evolve-fitness.eu\/wp-content\/uploads\/2024\/02\/EV-SC-UL-280-1.png","datePublished":"2024-02-28T11:43:15+00:00","dateModified":"2026-03-26T08:44:55+00:00","breadcrumb":{"@id":"https:\/\/evolve-fitness.eu\/it\/prodotto\/serie-evolve-ultra-lat-pull-down\/#breadcrumb"},"inLanguage":"it-IT","potentialAction":[{"@type":"ReadAction","target":["https:\/\/evolve-fitness.eu\/it\/prodotto\/serie-evolve-ultra-lat-pull-down\/"]}]},{"@type":"ImageObject","inLanguage":"it-IT","@id":"https:\/\/evolve-fitness.eu\/it\/prodotto\/serie-evolve-ultra-lat-pull-down\/#primaryimage","url":"https:\/\/evolve-fitness.eu\/wp-content\/uploads\/2024\/02\/EV-SC-UL-280-1.png","contentUrl":"https:\/\/evolve-fitness.eu\/wp-content\/uploads\/2024\/02\/EV-SC-UL-280-1.png","width":600,"height":529},{"@type":"BreadcrumbList","@id":"https:\/\/evolve-fitness.eu\/it\/prodotto\/serie-evolve-ultra-lat-pull-down\/#breadcrumb","itemListElement":[{"@type":"ListItem","position":1,"name":"Home","item":"https:\/\/evolve-fitness.eu\/it\/"},{"@type":"ListItem","position":2,"name":"Prodotti","item":"https:\/\/evolve-fitness.eu\/it\/shop\/"},{"@type":"ListItem","position":3,"name":"Evolve Ultra Series Lat Pull Down"}]},{"@type":"WebSite","@id":"https:\/\/evolve-fitness.eu\/it\/#website","url":"https:\/\/evolve-fitness.eu\/it\/","name":"Evolve","description":"Your Evolved Gear Arrived","publisher":{"@id":"https:\/\/evolve-fitness.eu\/it\/#organization"},"potentialAction":[{"@type":"SearchAction","target":{"@type":"EntryPoint","urlTemplate":"https:\/\/evolve-fitness.eu\/it\/?s={search_term_string}"},"query-input":{"@type":"PropertyValueSpecification","valueRequired":true,"valueName":"search_term_string"}}],"inLanguage":"it-IT"},{"@type":"Organization","@id":"https:\/\/evolve-fitness.eu\/it\/#organization","name":"Evolve","url":"https:\/\/evolve-fitness.eu\/it\/","logo":{"@type":"ImageObject","inLanguage":"it-IT","@id":"https:\/\/evolve-fitness.eu\/it\/#\/schema\/logo\/image\/","url":"https:\/\/evolve-fitness.eu\/wp-content\/uploads\/2023\/05\/Evolve-logo.svg","contentUrl":"https:\/\/evolve-fitness.eu\/wp-content\/uploads\/2023\/05\/Evolve-logo.svg","width":176,"height":20,"caption":"Evolve"},"image":{"@id":"https:\/\/evolve-fitness.eu\/it\/#\/schema\/logo\/image\/"},"sameAs":["https:\/\/www.facebook.com\/EvolveFitnessEurope"]}]}},"_links":{"self":[{"href":"https:\/\/evolve-fitness.eu\/it\/wp-json\/wp\/v2\/product\/33494","targetHints":{"allow":["GET"]}}],"collection":[{"href":"https:\/\/evolve-fitness.eu\/it\/wp-json\/wp\/v2\/product"}],"about":[{"href":"https:\/\/evolve-fitness.eu\/it\/wp-json\/wp\/v2\/types\/product"}],"wp:featuredmedia":[{"embeddable":true,"href":"https:\/\/evolve-fitness.eu\/it\/wp-json\/wp\/v2\/media\/142371"}],"wp:attachment":[{"href":"https:\/\/evolve-fitness.eu\/it\/wp-json\/wp\/v2\/media?parent=33494"}],"wp:term":[{"taxonomy":"product_brand","embeddable":true,"href":"https:\/\/evolve-fitness.eu\/it\/wp-json\/wp\/v2\/product_brand?post=33494"},{"taxonomy":"product_cat","embeddable":true,"href":"https:\/\/evolve-fitness.eu\/it\/wp-json\/wp\/v2\/product_cat?post=33494"},{"taxonomy":"product_tag","embeddable":true,"href":"https:\/\/evolve-fitness.eu\/it\/wp-json\/wp\/v2\/product_tag?post=33494"}],"curies":[{"name":"wp","href":"https:\/\/api.w.org\/{rel}","templated":true}]}}