{"id":35340,"date":"2023-08-30T08:30:48","date_gmt":"2023-08-30T08:30:48","guid":{"rendered":"https:\/\/evolve-fitness.eu\/product\/evolve-ultra-series-selektorisierte-beinpresse-hack-squat\/"},"modified":"2024-03-15T11:47:49","modified_gmt":"2024-03-15T11:47:49","slug":"evolve-ultra-series-selektorisierte-beinpresse-hack-squat","status":"publish","type":"product","link":"https:\/\/evolve-fitness.eu\/it\/prodotto\/evolve-ultra-series-selektorisierte-beinpresse-hack-squat\/","title":{"rendered":"Evolve Ultra Series Selektorisierte Beinpresse \/ Hack Squat"},"content":{"rendered":"","protected":false},"excerpt":{"rendered":"<p>Portate il movimento nel vostro fitnessstudio con Evolve Ultra Series UL-160 Leg-Press\/Hack Squat selettorizzato. Scoprite il comfort, l&#8217;efficienza e la sicurezza grazie a un&#8217;ampia libert\u00e0 di movimento, a un rivestimento in pelle e a un rivestimento in materassino. M\u00fchelose \u00dcberg\u00e4nge grazie a Einhand-Sitzverstellung. Definite gli allenamenti in modo nuovo e convincete i clienti.<\/p>\n","protected":false},"featured_media":0,"template":"","meta":{"_acf_changed":false,"inline_featured_image":false},"product_brand":[],"product_cat":[17],"product_tag":[],"class_list":{"0":"post-35340","1":"product","2":"type-product","3":"status-publish","5":"product_cat-be-kategorijos","7":"first","8":"instock","9":"virtual","10":"purchasable","11":"product-type-simple"},"acf":{"long_title":"Evolve Ultra Series Selektorisierte Beinpresse \/ Hack Squat","subtitle":"","specifications":[{"label":"SKU","text_value":"EV-SC-UL-160","icon":"x"},{"label":"Peso","text_value":"217 kg","icon":"x"},{"label":"Garanzia  ","text_value":"2 anni","icon":"x"},{"label":"Gewichtsstapel","text_value":"145 kg","icon":"x"},{"label":"Abmessungen","text_value":"1983 x 1022 x 1602 mm","icon":"x"},{"label":"Protezione contro le corrosioni","text_value":"","icon":"v"},{"label":"Plakat con crediti scolastici","text_value":"","icon":"v"},{"label":"Posizione di lavoro","text_value":"","icon":"v"},{"label":"Bodenschoner Langlebige","text_value":"","icon":"v"},{"label":"Pannello di vetro per la pulizia","text_value":"","icon":"v"}]},"yoast_head":"<!-- This site is optimized with the Yoast SEO plugin v27.4 - https:\/\/yoast.com\/product\/yoast-seo-wordpress\/ -->\n<title>Evolve Ultra Series Selektorisierte Beinpresse \/ Hack Squat - Evolve<\/title>\n<meta name=\"robots\" content=\"index, follow, max-snippet:-1, max-image-preview:large, max-video-preview:-1\" \/>\n<link rel=\"canonical\" href=\"https:\/\/evolve-fitness.eu\/it\/prodotto\/evolve-ultra-series-selektorisierte-beinpresse-hack-squat\/\" \/>\n<meta property=\"og:locale\" content=\"it_IT\" \/>\n<meta property=\"og:type\" content=\"article\" \/>\n<meta property=\"og:title\" content=\"Evolve Ultra Series Selektorisierte Beinpresse \/ Hack Squat - Evolve\" \/>\n<meta property=\"og:url\" content=\"https:\/\/evolve-fitness.eu\/it\/prodotto\/evolve-ultra-series-selektorisierte-beinpresse-hack-squat\/\" \/>\n<meta property=\"og:site_name\" content=\"Evolve\" \/>\n<meta property=\"article:publisher\" content=\"https:\/\/www.facebook.com\/EvolveFitnessEurope\" \/>\n<meta property=\"article:modified_time\" content=\"2024-03-15T11:47:49+00:00\" \/>\n<meta name=\"twitter:card\" content=\"summary_large_image\" \/>\n<script type=\"application\/ld+json\" class=\"yoast-schema-graph\">{\"@context\":\"https:\\\/\\\/schema.org\",\"@graph\":[{\"@type\":\"WebPage\",\"@id\":\"https:\\\/\\\/evolve-fitness.eu\\\/it\\\/prodotto\\\/evolve-ultra-series-selektorisierte-beinpresse-hack-squat\\\/\",\"url\":\"https:\\\/\\\/evolve-fitness.eu\\\/it\\\/prodotto\\\/evolve-ultra-series-selektorisierte-beinpresse-hack-squat\\\/\",\"name\":\"Evolve Ultra Series Selektorisierte Beinpresse \\\/ Hack Squat - Evolve\",\"isPartOf\":{\"@id\":\"https:\\\/\\\/evolve-fitness.eu\\\/it\\\/#website\"},\"datePublished\":\"2023-08-30T08:30:48+00:00\",\"dateModified\":\"2024-03-15T11:47:49+00:00\",\"breadcrumb\":{\"@id\":\"https:\\\/\\\/evolve-fitness.eu\\\/it\\\/prodotto\\\/evolve-ultra-series-selektorisierte-beinpresse-hack-squat\\\/#breadcrumb\"},\"inLanguage\":\"it-IT\",\"potentialAction\":[{\"@type\":\"ReadAction\",\"target\":[\"https:\\\/\\\/evolve-fitness.eu\\\/it\\\/prodotto\\\/evolve-ultra-series-selektorisierte-beinpresse-hack-squat\\\/\"]}]},{\"@type\":\"BreadcrumbList\",\"@id\":\"https:\\\/\\\/evolve-fitness.eu\\\/it\\\/prodotto\\\/evolve-ultra-series-selektorisierte-beinpresse-hack-squat\\\/#breadcrumb\",\"itemListElement\":[{\"@type\":\"ListItem\",\"position\":1,\"name\":\"Home\",\"item\":\"https:\\\/\\\/evolve-fitness.eu\\\/it\\\/\"},{\"@type\":\"ListItem\",\"position\":2,\"name\":\"Prodotti\",\"item\":\"https:\\\/\\\/evolve-fitness.eu\\\/it\\\/shop\\\/\"},{\"@type\":\"ListItem\",\"position\":3,\"name\":\"Evolve Ultra Series Selektorisierte Beinpresse \\\/ Hack Squat\"}]},{\"@type\":\"WebSite\",\"@id\":\"https:\\\/\\\/evolve-fitness.eu\\\/it\\\/#website\",\"url\":\"https:\\\/\\\/evolve-fitness.eu\\\/it\\\/\",\"name\":\"Evolve\",\"description\":\"Your Evolved Gear Arrived\",\"publisher\":{\"@id\":\"https:\\\/\\\/evolve-fitness.eu\\\/it\\\/#organization\"},\"potentialAction\":[{\"@type\":\"SearchAction\",\"target\":{\"@type\":\"EntryPoint\",\"urlTemplate\":\"https:\\\/\\\/evolve-fitness.eu\\\/it\\\/?s={search_term_string}\"},\"query-input\":{\"@type\":\"PropertyValueSpecification\",\"valueRequired\":true,\"valueName\":\"search_term_string\"}}],\"inLanguage\":\"it-IT\"},{\"@type\":\"Organization\",\"@id\":\"https:\\\/\\\/evolve-fitness.eu\\\/it\\\/#organization\",\"name\":\"Evolve\",\"url\":\"https:\\\/\\\/evolve-fitness.eu\\\/it\\\/\",\"logo\":{\"@type\":\"ImageObject\",\"inLanguage\":\"it-IT\",\"@id\":\"https:\\\/\\\/evolve-fitness.eu\\\/it\\\/#\\\/schema\\\/logo\\\/image\\\/\",\"url\":\"https:\\\/\\\/evolve-fitness.eu\\\/wp-content\\\/uploads\\\/2023\\\/05\\\/Evolve-logo.svg\",\"contentUrl\":\"https:\\\/\\\/evolve-fitness.eu\\\/wp-content\\\/uploads\\\/2023\\\/05\\\/Evolve-logo.svg\",\"width\":176,\"height\":20,\"caption\":\"Evolve\"},\"image\":{\"@id\":\"https:\\\/\\\/evolve-fitness.eu\\\/it\\\/#\\\/schema\\\/logo\\\/image\\\/\"},\"sameAs\":[\"https:\\\/\\\/www.facebook.com\\\/EvolveFitnessEurope\"]}]}<\/script>\n<!-- \/ Yoast SEO plugin. -->","yoast_head_json":{"title":"Evolve Ultra Series Selektorisierte Beinpresse \/ Hack Squat - Evolve","robots":{"index":"index","follow":"follow","max-snippet":"max-snippet:-1","max-image-preview":"max-image-preview:large","max-video-preview":"max-video-preview:-1"},"canonical":"https:\/\/evolve-fitness.eu\/it\/prodotto\/evolve-ultra-series-selektorisierte-beinpresse-hack-squat\/","og_locale":"it_IT","og_type":"article","og_title":"Evolve Ultra Series Selektorisierte Beinpresse \/ Hack Squat - Evolve","og_url":"https:\/\/evolve-fitness.eu\/it\/prodotto\/evolve-ultra-series-selektorisierte-beinpresse-hack-squat\/","og_site_name":"Evolve","article_publisher":"https:\/\/www.facebook.com\/EvolveFitnessEurope","article_modified_time":"2024-03-15T11:47:49+00:00","twitter_card":"summary_large_image","schema":{"@context":"https:\/\/schema.org","@graph":[{"@type":"WebPage","@id":"https:\/\/evolve-fitness.eu\/it\/prodotto\/evolve-ultra-series-selektorisierte-beinpresse-hack-squat\/","url":"https:\/\/evolve-fitness.eu\/it\/prodotto\/evolve-ultra-series-selektorisierte-beinpresse-hack-squat\/","name":"Evolve Ultra Series Selektorisierte Beinpresse \/ Hack Squat - Evolve","isPartOf":{"@id":"https:\/\/evolve-fitness.eu\/it\/#website"},"datePublished":"2023-08-30T08:30:48+00:00","dateModified":"2024-03-15T11:47:49+00:00","breadcrumb":{"@id":"https:\/\/evolve-fitness.eu\/it\/prodotto\/evolve-ultra-series-selektorisierte-beinpresse-hack-squat\/#breadcrumb"},"inLanguage":"it-IT","potentialAction":[{"@type":"ReadAction","target":["https:\/\/evolve-fitness.eu\/it\/prodotto\/evolve-ultra-series-selektorisierte-beinpresse-hack-squat\/"]}]},{"@type":"BreadcrumbList","@id":"https:\/\/evolve-fitness.eu\/it\/prodotto\/evolve-ultra-series-selektorisierte-beinpresse-hack-squat\/#breadcrumb","itemListElement":[{"@type":"ListItem","position":1,"name":"Home","item":"https:\/\/evolve-fitness.eu\/it\/"},{"@type":"ListItem","position":2,"name":"Prodotti","item":"https:\/\/evolve-fitness.eu\/it\/shop\/"},{"@type":"ListItem","position":3,"name":"Evolve Ultra Series Selektorisierte Beinpresse \/ Hack Squat"}]},{"@type":"WebSite","@id":"https:\/\/evolve-fitness.eu\/it\/#website","url":"https:\/\/evolve-fitness.eu\/it\/","name":"Evolve","description":"Your Evolved Gear Arrived","publisher":{"@id":"https:\/\/evolve-fitness.eu\/it\/#organization"},"potentialAction":[{"@type":"SearchAction","target":{"@type":"EntryPoint","urlTemplate":"https:\/\/evolve-fitness.eu\/it\/?s={search_term_string}"},"query-input":{"@type":"PropertyValueSpecification","valueRequired":true,"valueName":"search_term_string"}}],"inLanguage":"it-IT"},{"@type":"Organization","@id":"https:\/\/evolve-fitness.eu\/it\/#organization","name":"Evolve","url":"https:\/\/evolve-fitness.eu\/it\/","logo":{"@type":"ImageObject","inLanguage":"it-IT","@id":"https:\/\/evolve-fitness.eu\/it\/#\/schema\/logo\/image\/","url":"https:\/\/evolve-fitness.eu\/wp-content\/uploads\/2023\/05\/Evolve-logo.svg","contentUrl":"https:\/\/evolve-fitness.eu\/wp-content\/uploads\/2023\/05\/Evolve-logo.svg","width":176,"height":20,"caption":"Evolve"},"image":{"@id":"https:\/\/evolve-fitness.eu\/it\/#\/schema\/logo\/image\/"},"sameAs":["https:\/\/www.facebook.com\/EvolveFitnessEurope"]}]}},"_links":{"self":[{"href":"https:\/\/evolve-fitness.eu\/it\/wp-json\/wp\/v2\/product\/35340","targetHints":{"allow":["GET"]}}],"collection":[{"href":"https:\/\/evolve-fitness.eu\/it\/wp-json\/wp\/v2\/product"}],"about":[{"href":"https:\/\/evolve-fitness.eu\/it\/wp-json\/wp\/v2\/types\/product"}],"wp:attachment":[{"href":"https:\/\/evolve-fitness.eu\/it\/wp-json\/wp\/v2\/media?parent=35340"}],"wp:term":[{"taxonomy":"product_brand","embeddable":true,"href":"https:\/\/evolve-fitness.eu\/it\/wp-json\/wp\/v2\/product_brand?post=35340"},{"taxonomy":"product_cat","embeddable":true,"href":"https:\/\/evolve-fitness.eu\/it\/wp-json\/wp\/v2\/product_cat?post=35340"},{"taxonomy":"product_tag","embeddable":true,"href":"https:\/\/evolve-fitness.eu\/it\/wp-json\/wp\/v2\/product_tag?post=35340"}],"curies":[{"name":"wp","href":"https:\/\/api.w.org\/{rel}","templated":true}]}}