{"id":42593,"date":"2023-09-13T15:19:36","date_gmt":"2023-09-13T15:19:36","guid":{"rendered":"https:\/\/evolve-fitness.eu\/product\/evolvere-lo-step-aerobico\/"},"modified":"2025-11-14T10:59:43","modified_gmt":"2025-11-14T08:59:43","slug":"evolvere-lo-step-aerobico","status":"publish","type":"product","link":"https:\/\/evolve-fitness.eu\/it\/prodotto\/evolvere-lo-step-aerobico\/","title":{"rendered":"Evolvere lo step aerobico"},"content":{"rendered":"\n<section class=\"wp-block-group alignfull has-lightgray-background-color has-background is-layout-constrained wp-block-group-is-layout-constrained\">\n<div class=\"wp-block-columns alignwide is-layout-flex wp-container-core-columns-is-layout-2edb0647 wp-block-columns-is-layout-flex\" style=\"margin-top:0;margin-bottom:0\">\n<div class=\"wp-block-column is-layout-flow wp-block-column-is-layout-flow\" style=\"flex-basis:33.33%\"><\/div>\n\n\n\n<div class=\"wp-block-column is-layout-flow wp-block-column-is-layout-flow\" style=\"flex-basis:66.66%\"><\/div>\n<\/div>\n<\/section>\n\n<section class=\"wp-block-group alignfull black-content has-white-color has-darkgray-background-color has-text-color has-background is-layout-constrained wp-block-group-is-layout-constrained\" style=\"padding-top:var(--wp--preset--spacing--section-bottom);padding-bottom:var(--wp--preset--spacing--section-bottom)\">\n<div class=\"wp-block-columns alignwide mobile-reverse is-layout-flex wp-container-core-columns-is-layout-ca64bf2d wp-block-columns-is-layout-flex\" style=\"margin-bottom:var(--wp--preset--spacing--side-padding)\">\n<div class=\"wp-block-column is-vertically-aligned-center is-layout-flow wp-block-column-is-layout-flow\">\n<h3 class=\"wp-block-heading\" style=\"margin-bottom:var(--wp--preset--spacing--h-3-bottom)\"><strong>Evolvere lo step aerobico<\/strong><\/h3>\n\n\n\n<p><strong><em>Strumento versatile per l&#8217;allenamento cardio e di forza<\/em><\/strong><\/p>\n\n\n\n<p style=\"margin-bottom:var(--wp--preset--spacing--tb-section-padding)\">L&#8217;Evolve Aerobic Step \u00e8 uno strumento di fitness essenziale, progettato per migliorare le tue routine di allenamento cardio e di forza. Perfetto per la step aerobica, aiuta a migliorare la salute cardiovascolare, a tonificare i muscoli e ad aumentare la resistenza. \u00c8 ottimo anche per gli esercizi di forza come step-up e flessioni in pendenza, che riguardano le gambe e la parte superiore del corpo.<\/p>\n<\/div>\n\n\n\n<div class=\"wp-block-column is-vertically-aligned-center is-layout-flow wp-block-column-is-layout-flow\">\n<figure class=\"wp-block-image size-large\"><img loading=\"lazy\" decoding=\"async\" width=\"1024\" height=\"683\" src=\"https:\/\/evolve-fitness.eu\/wp-content\/uploads\/2023\/09\/A7_05605-1-1-1024x683.png\" alt=\"\" class=\"wp-image-211575\" srcset=\"https:\/\/evolve-fitness.eu\/wp-content\/uploads\/2023\/09\/A7_05605-1-1-1024x683.png 1024w, https:\/\/evolve-fitness.eu\/wp-content\/uploads\/2023\/09\/A7_05605-1-1-300x200.png 300w, https:\/\/evolve-fitness.eu\/wp-content\/uploads\/2023\/09\/A7_05605-1-1-150x100.png 150w, https:\/\/evolve-fitness.eu\/wp-content\/uploads\/2023\/09\/A7_05605-1-1-768x512.png 768w, https:\/\/evolve-fitness.eu\/wp-content\/uploads\/2023\/09\/A7_05605-1-1-1536x1024.png 1536w, https:\/\/evolve-fitness.eu\/wp-content\/uploads\/2023\/09\/A7_05605-1-1-2048x1365.png 2048w, https:\/\/evolve-fitness.eu\/wp-content\/uploads\/2023\/09\/A7_05605-1-1-600x400.png 600w, https:\/\/evolve-fitness.eu\/wp-content\/uploads\/2023\/09\/A7_05605-1-1-225x150.png 225w\" sizes=\"auto, (max-width: 1024px) 100vw, 1024px\" \/><\/figure>\n<\/div>\n<\/div>\n<\/section>\n","protected":false},"excerpt":{"rendered":"<p>Vi presentiamo l&#8217;Evolve Aerobic Step, il vostro compagno di fitness per eccellenza. Con tre altezze regolabili (15 cm, 20 cm e 25 cm), questo step si adatta a diverse intensit\u00e0 di esercizio. La superficie strutturata antiscivolo garantisce stabilit\u00e0 e sicurezza durante l&#8217;allenamento. Sia che si tratti di una palestra commerciale o di una casa, il suo design compatto \u00e8 efficiente dal punto di vista dello spazio. Inoltre, \u00e8 facile da pulire, anche dopo sessioni ad alta intensit\u00e0. Elevate la vostra routine di fitness con l&#8217;Evolve Aerobic Step.<\/p>\n","protected":false},"featured_media":211565,"template":"","meta":{"_acf_changed":false,"inline_featured_image":false},"product_brand":[],"product_cat":[2928],"product_tag":[],"class_list":{"0":"post-42593","1":"product","2":"type-product","3":"status-publish","4":"has-post-thumbnail","6":"product_cat-studio-it","8":"first","9":"instock","10":"virtual","11":"purchasable","12":"product-type-simple"},"acf":{"long_title":"Evolvere lo step aerobico","subtitle":"","specifications":[{"label":"SKU","text_value":"EV-GT-AS-002","icon":"x"},{"label":"Lunghezza","text_value":"90 cm","icon":"x"},{"label":"Larghezza","text_value":"35 cm","icon":"x"},{"label":"Tre opzioni di altezza","text_value":"15 cm \/ 20 cm \/ 25 cm","icon":"x"},{"label":"Peso","text_value":"8 kg","icon":"x"},{"label":"Superficie strutturata in rilievo","text_value":"","icon":"x"},{"label":"Dimensioni compatte","text_value":"","icon":"v"},{"label":"Superficie facile da pulire","text_value":"","icon":"v"},{"label":"","text_value":"","icon":"v"}]},"yoast_head":"<!-- This site is optimized with the Yoast SEO plugin v27.4 - https:\/\/yoast.com\/product\/yoast-seo-wordpress\/ -->\n<title>Evolvere lo step aerobico - Evolve<\/title>\n<meta name=\"description\" content=\"Vi presentiamo l&#039;Evolve Aerobic Step, il vostro compagno di fitness per eccellenza. Con tre altezze regolabili (15 cm, 20 cm e 25 cm).\" \/>\n<meta name=\"robots\" content=\"index, follow, max-snippet:-1, max-image-preview:large, max-video-preview:-1\" \/>\n<link rel=\"canonical\" href=\"https:\/\/evolve-fitness.eu\/it\/prodotto\/evolvere-lo-step-aerobico\/\" \/>\n<meta property=\"og:locale\" content=\"it_IT\" \/>\n<meta property=\"og:type\" content=\"article\" \/>\n<meta property=\"og:title\" content=\"Evolvere lo step aerobico - Evolve\" \/>\n<meta property=\"og:description\" content=\"Vi presentiamo l&#039;Evolve Aerobic Step, il vostro compagno di fitness per eccellenza. Con tre altezze regolabili (15 cm, 20 cm e 25 cm).\" \/>\n<meta property=\"og:url\" content=\"https:\/\/evolve-fitness.eu\/it\/prodotto\/evolvere-lo-step-aerobico\/\" \/>\n<meta property=\"og:site_name\" content=\"Evolve\" \/>\n<meta property=\"article:publisher\" content=\"https:\/\/www.facebook.com\/EvolveFitnessEurope\" \/>\n<meta property=\"article:modified_time\" content=\"2025-11-14T08:59:43+00:00\" \/>\n<meta property=\"og:image\" content=\"https:\/\/evolve-fitness.eu\/wp-content\/uploads\/2023\/09\/A7_05605-1.png\" \/>\n\t<meta property=\"og:image:width\" content=\"2060\" \/>\n\t<meta property=\"og:image:height\" content=\"1373\" \/>\n\t<meta property=\"og:image:type\" content=\"image\/png\" \/>\n<meta name=\"twitter:card\" content=\"summary_large_image\" \/>\n<script type=\"application\/ld+json\" class=\"yoast-schema-graph\">{\"@context\":\"https:\\\/\\\/schema.org\",\"@graph\":[{\"@type\":\"WebPage\",\"@id\":\"https:\\\/\\\/evolve-fitness.eu\\\/it\\\/prodotto\\\/evolvere-lo-step-aerobico\\\/\",\"url\":\"https:\\\/\\\/evolve-fitness.eu\\\/it\\\/prodotto\\\/evolvere-lo-step-aerobico\\\/\",\"name\":\"Evolvere lo step aerobico - Evolve\",\"isPartOf\":{\"@id\":\"https:\\\/\\\/evolve-fitness.eu\\\/it\\\/#website\"},\"primaryImageOfPage\":{\"@id\":\"https:\\\/\\\/evolve-fitness.eu\\\/it\\\/prodotto\\\/evolvere-lo-step-aerobico\\\/#primaryimage\"},\"image\":{\"@id\":\"https:\\\/\\\/evolve-fitness.eu\\\/it\\\/prodotto\\\/evolvere-lo-step-aerobico\\\/#primaryimage\"},\"thumbnailUrl\":\"https:\\\/\\\/evolve-fitness.eu\\\/wp-content\\\/uploads\\\/2023\\\/09\\\/A7_05605-1.png\",\"datePublished\":\"2023-09-13T15:19:36+00:00\",\"dateModified\":\"2025-11-14T08:59:43+00:00\",\"description\":\"Vi presentiamo l'Evolve Aerobic Step, il vostro compagno di fitness per eccellenza. Con tre altezze regolabili (15 cm, 20 cm e 25 cm).\",\"breadcrumb\":{\"@id\":\"https:\\\/\\\/evolve-fitness.eu\\\/it\\\/prodotto\\\/evolvere-lo-step-aerobico\\\/#breadcrumb\"},\"inLanguage\":\"it-IT\",\"potentialAction\":[{\"@type\":\"ReadAction\",\"target\":[\"https:\\\/\\\/evolve-fitness.eu\\\/it\\\/prodotto\\\/evolvere-lo-step-aerobico\\\/\"]}]},{\"@type\":\"ImageObject\",\"inLanguage\":\"it-IT\",\"@id\":\"https:\\\/\\\/evolve-fitness.eu\\\/it\\\/prodotto\\\/evolvere-lo-step-aerobico\\\/#primaryimage\",\"url\":\"https:\\\/\\\/evolve-fitness.eu\\\/wp-content\\\/uploads\\\/2023\\\/09\\\/A7_05605-1.png\",\"contentUrl\":\"https:\\\/\\\/evolve-fitness.eu\\\/wp-content\\\/uploads\\\/2023\\\/09\\\/A7_05605-1.png\",\"width\":2060,\"height\":1373},{\"@type\":\"BreadcrumbList\",\"@id\":\"https:\\\/\\\/evolve-fitness.eu\\\/it\\\/prodotto\\\/evolvere-lo-step-aerobico\\\/#breadcrumb\",\"itemListElement\":[{\"@type\":\"ListItem\",\"position\":1,\"name\":\"Home\",\"item\":\"https:\\\/\\\/evolve-fitness.eu\\\/it\\\/\"},{\"@type\":\"ListItem\",\"position\":2,\"name\":\"Prodotti\",\"item\":\"https:\\\/\\\/evolve-fitness.eu\\\/it\\\/shop\\\/\"},{\"@type\":\"ListItem\",\"position\":3,\"name\":\"Evolvere lo step aerobico\"}]},{\"@type\":\"WebSite\",\"@id\":\"https:\\\/\\\/evolve-fitness.eu\\\/it\\\/#website\",\"url\":\"https:\\\/\\\/evolve-fitness.eu\\\/it\\\/\",\"name\":\"Evolve\",\"description\":\"Your Evolved Gear Arrived\",\"publisher\":{\"@id\":\"https:\\\/\\\/evolve-fitness.eu\\\/it\\\/#organization\"},\"potentialAction\":[{\"@type\":\"SearchAction\",\"target\":{\"@type\":\"EntryPoint\",\"urlTemplate\":\"https:\\\/\\\/evolve-fitness.eu\\\/it\\\/?s={search_term_string}\"},\"query-input\":{\"@type\":\"PropertyValueSpecification\",\"valueRequired\":true,\"valueName\":\"search_term_string\"}}],\"inLanguage\":\"it-IT\"},{\"@type\":\"Organization\",\"@id\":\"https:\\\/\\\/evolve-fitness.eu\\\/it\\\/#organization\",\"name\":\"Evolve\",\"url\":\"https:\\\/\\\/evolve-fitness.eu\\\/it\\\/\",\"logo\":{\"@type\":\"ImageObject\",\"inLanguage\":\"it-IT\",\"@id\":\"https:\\\/\\\/evolve-fitness.eu\\\/it\\\/#\\\/schema\\\/logo\\\/image\\\/\",\"url\":\"https:\\\/\\\/evolve-fitness.eu\\\/wp-content\\\/uploads\\\/2023\\\/05\\\/Evolve-logo.svg\",\"contentUrl\":\"https:\\\/\\\/evolve-fitness.eu\\\/wp-content\\\/uploads\\\/2023\\\/05\\\/Evolve-logo.svg\",\"width\":176,\"height\":20,\"caption\":\"Evolve\"},\"image\":{\"@id\":\"https:\\\/\\\/evolve-fitness.eu\\\/it\\\/#\\\/schema\\\/logo\\\/image\\\/\"},\"sameAs\":[\"https:\\\/\\\/www.facebook.com\\\/EvolveFitnessEurope\"]}]}<\/script>\n<!-- \/ Yoast SEO plugin. -->","yoast_head_json":{"title":"Evolvere lo step aerobico - Evolve","description":"Vi presentiamo l'Evolve Aerobic Step, il vostro compagno di fitness per eccellenza. Con tre altezze regolabili (15 cm, 20 cm e 25 cm).","robots":{"index":"index","follow":"follow","max-snippet":"max-snippet:-1","max-image-preview":"max-image-preview:large","max-video-preview":"max-video-preview:-1"},"canonical":"https:\/\/evolve-fitness.eu\/it\/prodotto\/evolvere-lo-step-aerobico\/","og_locale":"it_IT","og_type":"article","og_title":"Evolvere lo step aerobico - Evolve","og_description":"Vi presentiamo l'Evolve Aerobic Step, il vostro compagno di fitness per eccellenza. Con tre altezze regolabili (15 cm, 20 cm e 25 cm).","og_url":"https:\/\/evolve-fitness.eu\/it\/prodotto\/evolvere-lo-step-aerobico\/","og_site_name":"Evolve","article_publisher":"https:\/\/www.facebook.com\/EvolveFitnessEurope","article_modified_time":"2025-11-14T08:59:43+00:00","og_image":[{"width":2060,"height":1373,"url":"https:\/\/evolve-fitness.eu\/wp-content\/uploads\/2023\/09\/A7_05605-1.png","type":"image\/png"}],"twitter_card":"summary_large_image","schema":{"@context":"https:\/\/schema.org","@graph":[{"@type":"WebPage","@id":"https:\/\/evolve-fitness.eu\/it\/prodotto\/evolvere-lo-step-aerobico\/","url":"https:\/\/evolve-fitness.eu\/it\/prodotto\/evolvere-lo-step-aerobico\/","name":"Evolvere lo step aerobico - Evolve","isPartOf":{"@id":"https:\/\/evolve-fitness.eu\/it\/#website"},"primaryImageOfPage":{"@id":"https:\/\/evolve-fitness.eu\/it\/prodotto\/evolvere-lo-step-aerobico\/#primaryimage"},"image":{"@id":"https:\/\/evolve-fitness.eu\/it\/prodotto\/evolvere-lo-step-aerobico\/#primaryimage"},"thumbnailUrl":"https:\/\/evolve-fitness.eu\/wp-content\/uploads\/2023\/09\/A7_05605-1.png","datePublished":"2023-09-13T15:19:36+00:00","dateModified":"2025-11-14T08:59:43+00:00","description":"Vi presentiamo l'Evolve Aerobic Step, il vostro compagno di fitness per eccellenza. Con tre altezze regolabili (15 cm, 20 cm e 25 cm).","breadcrumb":{"@id":"https:\/\/evolve-fitness.eu\/it\/prodotto\/evolvere-lo-step-aerobico\/#breadcrumb"},"inLanguage":"it-IT","potentialAction":[{"@type":"ReadAction","target":["https:\/\/evolve-fitness.eu\/it\/prodotto\/evolvere-lo-step-aerobico\/"]}]},{"@type":"ImageObject","inLanguage":"it-IT","@id":"https:\/\/evolve-fitness.eu\/it\/prodotto\/evolvere-lo-step-aerobico\/#primaryimage","url":"https:\/\/evolve-fitness.eu\/wp-content\/uploads\/2023\/09\/A7_05605-1.png","contentUrl":"https:\/\/evolve-fitness.eu\/wp-content\/uploads\/2023\/09\/A7_05605-1.png","width":2060,"height":1373},{"@type":"BreadcrumbList","@id":"https:\/\/evolve-fitness.eu\/it\/prodotto\/evolvere-lo-step-aerobico\/#breadcrumb","itemListElement":[{"@type":"ListItem","position":1,"name":"Home","item":"https:\/\/evolve-fitness.eu\/it\/"},{"@type":"ListItem","position":2,"name":"Prodotti","item":"https:\/\/evolve-fitness.eu\/it\/shop\/"},{"@type":"ListItem","position":3,"name":"Evolvere lo step aerobico"}]},{"@type":"WebSite","@id":"https:\/\/evolve-fitness.eu\/it\/#website","url":"https:\/\/evolve-fitness.eu\/it\/","name":"Evolve","description":"Your Evolved Gear Arrived","publisher":{"@id":"https:\/\/evolve-fitness.eu\/it\/#organization"},"potentialAction":[{"@type":"SearchAction","target":{"@type":"EntryPoint","urlTemplate":"https:\/\/evolve-fitness.eu\/it\/?s={search_term_string}"},"query-input":{"@type":"PropertyValueSpecification","valueRequired":true,"valueName":"search_term_string"}}],"inLanguage":"it-IT"},{"@type":"Organization","@id":"https:\/\/evolve-fitness.eu\/it\/#organization","name":"Evolve","url":"https:\/\/evolve-fitness.eu\/it\/","logo":{"@type":"ImageObject","inLanguage":"it-IT","@id":"https:\/\/evolve-fitness.eu\/it\/#\/schema\/logo\/image\/","url":"https:\/\/evolve-fitness.eu\/wp-content\/uploads\/2023\/05\/Evolve-logo.svg","contentUrl":"https:\/\/evolve-fitness.eu\/wp-content\/uploads\/2023\/05\/Evolve-logo.svg","width":176,"height":20,"caption":"Evolve"},"image":{"@id":"https:\/\/evolve-fitness.eu\/it\/#\/schema\/logo\/image\/"},"sameAs":["https:\/\/www.facebook.com\/EvolveFitnessEurope"]}]}},"_links":{"self":[{"href":"https:\/\/evolve-fitness.eu\/it\/wp-json\/wp\/v2\/product\/42593","targetHints":{"allow":["GET"]}}],"collection":[{"href":"https:\/\/evolve-fitness.eu\/it\/wp-json\/wp\/v2\/product"}],"about":[{"href":"https:\/\/evolve-fitness.eu\/it\/wp-json\/wp\/v2\/types\/product"}],"wp:featuredmedia":[{"embeddable":true,"href":"https:\/\/evolve-fitness.eu\/it\/wp-json\/wp\/v2\/media\/211565"}],"wp:attachment":[{"href":"https:\/\/evolve-fitness.eu\/it\/wp-json\/wp\/v2\/media?parent=42593"}],"wp:term":[{"taxonomy":"product_brand","embeddable":true,"href":"https:\/\/evolve-fitness.eu\/it\/wp-json\/wp\/v2\/product_brand?post=42593"},{"taxonomy":"product_cat","embeddable":true,"href":"https:\/\/evolve-fitness.eu\/it\/wp-json\/wp\/v2\/product_cat?post=42593"},{"taxonomy":"product_tag","embeddable":true,"href":"https:\/\/evolve-fitness.eu\/it\/wp-json\/wp\/v2\/product_tag?post=42593"}],"curies":[{"name":"wp","href":"https:\/\/api.w.org\/{rel}","templated":true}]}}