{"id":43858,"date":"2023-09-15T06:41:38","date_gmt":"2023-09-15T06:41:38","guid":{"rendered":"https:\/\/evolve-fitness.eu\/product\/evolve-soft-plyo-box-3-in-1\/"},"modified":"2025-01-27T13:23:13","modified_gmt":"2025-01-27T13:23:13","slug":"evolve-soft-plyo-box-3-in-1","status":"publish","type":"product","link":"https:\/\/evolve-fitness.eu\/it\/prodotto\/evolve-soft-plyo-box-3-in-1\/","title":{"rendered":"Evolve Soft Plyo Box 3 in 1"},"content":{"rendered":"\n<section class=\"wp-block-group alignfull has-lightgray-background-color has-background is-layout-constrained wp-block-group-is-layout-constrained\">\n<div class=\"wp-block-columns alignwide is-layout-flex wp-container-core-columns-is-layout-2edb0647 wp-block-columns-is-layout-flex\" style=\"margin-top:0;margin-bottom:0\">\n<div class=\"wp-block-column is-layout-flow wp-block-column-is-layout-flow\" style=\"flex-basis:33.33%\"><\/div>\n\n\n\n<div class=\"wp-block-column is-layout-flow wp-block-column-is-layout-flow\" style=\"flex-basis:66.66%\"><\/div>\n<\/div>\n<\/section>\n\n<section class=\"wp-block-group alignfull black-content has-white-color has-darkgray-background-color has-text-color has-background is-layout-constrained wp-block-group-is-layout-constrained\" style=\"padding-top:var(--wp--preset--spacing--section-bottom);padding-bottom:var(--wp--preset--spacing--section-bottom)\">\n<div class=\"wp-block-columns alignwide is-layout-flex wp-container-core-columns-is-layout-c45ee707 wp-block-columns-is-layout-flex\" style=\"margin-bottom:var(--wp--preset--spacing--side-padding);padding-top:var(--wp--preset--spacing--side-padding)\">\n<div class=\"wp-block-column is-vertically-aligned-center is-layout-flow wp-block-column-is-layout-flow\">\n<figure class=\"wp-block-video\"><video height=\"1080\" style=\"aspect-ratio: 1920 \/ 1080;\" width=\"1920\" autoplay=\"\" controls=\"\" loop=\"\" muted=\"\" src=\"https:\/\/evolve-fitness.eu\/wp-content\/uploads\/2023\/09\/EV-PF-SP-300.mp4\"><\/video><\/figure>\n<\/div>\n\n\n\n<div class=\"wp-block-column is-vertically-aligned-center is-layout-constrained wp-block-column-is-layout-constrained\">\n<h3 class=\"wp-block-heading\" style=\"margin-bottom:var(--wp--preset--spacing--h-3-bottom)\">Plyo Box morbido 3 in 1  <\/h3>\n\n\n\n<p><strong><em><strong><em>Attrezzature per il fitness versatili<\/em><\/strong><\/em><\/strong><\/p>\n\n\n\n<p style=\"margin-bottom:var(--wp--preset--spacing--tb-section-padding)\">Tre altezze regolabili (51 cm, 61 cm, 76 cm) in un&#8217;unica confezione! \u00c8 progettato per una serie di esercizi come box jump, flessioni e affondi. Il prodotto \u00e8 dotato di un&#8217;anima in schiuma ad alta densit\u00e0 e di un rivestimento in PVC ad alta resistenza allo strappo con un elegante look in carbonio. Questo plyo box \u00e8 ideale sia per l&#8217;uso commerciale che per quello domestico e garantisce un allenamento che favorisce le articolazioni, proteggendo le anche, le ginocchia e le caviglie grazie alla sua superficie antiscivolo.<\/p>\n\n\n\n<h3 class=\"wp-block-heading\" style=\"margin-bottom:var(--wp--preset--spacing--h-3-bottom)\">look distintivo in carbonio<\/h3>\n\n\n\n<p><em><strong>Aggiunge alla funzionalit\u00e0 l&#8217;estetica<\/strong><\/em><\/p>\n\n\n\n<p>Questo design elegante, ottenuto grazie a un rivestimento in PVC ad alta resistenza allo strappo, non solo migliora l&#8217;aspetto visivo dell&#8217;apparecchiatura, ma contribuisce anche alla sua durata. Il look in carbonio gli conferisce un aspetto moderno e professionale, rendendolo adatto sia alle palestre domestiche che ai centri fitness commerciali, e la sua superficie antiscivolo garantisce la sicurezza anche durante gli allenamenti pi\u00f9 intensi.<\/p>\n<\/div>\n<\/div>\n\n\n\n<div class=\"wp-block-columns alignwide is-layout-flex wp-container-core-columns-is-layout-c45ee707 wp-block-columns-is-layout-flex\" style=\"margin-bottom:var(--wp--preset--spacing--side-padding);padding-top:var(--wp--preset--spacing--side-padding)\">\n<div class=\"wp-block-column is-vertically-aligned-center is-layout-flow wp-block-column-is-layout-flow\">\n<h3 class=\"wp-block-heading\" style=\"margin-bottom:var(--wp--preset--spacing--h-3-bottom)\">il tuo corpo \u00e8 tutto ci\u00f2 di cui hai bisogno<\/h3>\n\n\n\n<p>Ottimo per gli esercizi con i pesi corporei<\/p>\n\n\n\n<p>Il set di tappetini Evolve Soft Drop Pad \u00e8 ideale per migliorare le tue sessioni di allenamento con il peso corporeo, offrendo comfort e riducendo l&#8217;impatto. Ecco alcuni dei migliori esercizi da eseguire con questi cuscinetti:<\/p>\n\n\n\n<ol class=\"wp-block-list\">\n<li><strong>Push-Up<\/strong>: Riduce l&#8217;affaticamento del polso grazie all&#8217;ammortizzazione.<\/li>\n\n\n\n<li><strong>Burpees<\/strong>: Ammorbidisce l&#8217;atterraggio, riducendo al minimo il rumore e l&#8217;impatto.<\/li>\n\n\n\n<li><strong>Piani e variazioni<\/strong>: Fornisce una superficie stabile e confortevole per gli avambracci.<\/li>\n\n\n\n<li><strong>Mountain Climbers<\/strong>: Attenua l&#8217;impatto sulle articolazioni, consentendo movimenti pi\u00f9 fluidi.<\/li>\n\n\n\n<li><strong>Affondi<\/strong>: Ammortizza le ginocchia durante gli affondi profondi per migliorare il comfort e la forma fisica.<\/li>\n<\/ol>\n\n\n\n<p>Questi cuscinetti garantiscono un&#8217;esperienza di allenamento pi\u00f9 sicura e confortevole.<\/p>\n<\/div>\n\n\n\n<div class=\"wp-block-column is-vertically-aligned-center is-layout-flow wp-block-column-is-layout-flow\">\n<div class=\"wp-block-columns is-layout-flex wp-container-core-columns-is-layout-9d6595d7 wp-block-columns-is-layout-flex\">\n<div class=\"wp-block-column is-layout-flow wp-block-column-is-layout-flow\">\n<figure class=\"wp-block-video\"><video height=\"1080\" style=\"aspect-ratio: 1920 \/ 1080;\" width=\"1920\" autoplay=\"\" controls=\"\" loop=\"\" muted=\"\" src=\"https:\/\/evolve-fitness.eu\/wp-content\/uploads\/2024\/07\/5.mp4\"><\/video><\/figure>\n<\/div>\n<\/div>\n<\/div>\n<\/div>\n\n\n\n<div class=\"wp-block-columns alignwide is-layout-flex wp-container-core-columns-is-layout-c45ee707 wp-block-columns-is-layout-flex\" style=\"margin-bottom:var(--wp--preset--spacing--side-padding);padding-top:var(--wp--preset--spacing--side-padding)\">\n<div class=\"wp-block-column is-vertically-aligned-center is-layout-flow wp-block-column-is-layout-flow\">\n<figure class=\"wp-block-image size-large\"><img loading=\"lazy\" decoding=\"async\" width=\"1024\" height=\"683\" src=\"https:\/\/evolve-fitness.eu\/wp-content\/uploads\/2024\/01\/EV-PF-SP-300-51-76-1024x683.webp\" alt=\"EV-PF-SP-300\" class=\"wp-image-9784\" srcset=\"https:\/\/evolve-fitness.eu\/wp-content\/uploads\/2024\/01\/EV-PF-SP-300-51-76-1024x683.webp 1024w, https:\/\/evolve-fitness.eu\/wp-content\/uploads\/2024\/01\/EV-PF-SP-300-51-76-300x200.webp 300w, https:\/\/evolve-fitness.eu\/wp-content\/uploads\/2024\/01\/EV-PF-SP-300-51-76-225x150.webp 225w, https:\/\/evolve-fitness.eu\/wp-content\/uploads\/2024\/01\/EV-PF-SP-300-51-76-600x400.webp 600w, https:\/\/evolve-fitness.eu\/wp-content\/uploads\/2024\/01\/EV-PF-SP-300-51-76-150x100.webp 150w, https:\/\/evolve-fitness.eu\/wp-content\/uploads\/2024\/01\/EV-PF-SP-300-51-76-768x512.webp 768w, https:\/\/evolve-fitness.eu\/wp-content\/uploads\/2024\/01\/EV-PF-SP-300-51-76-1536x1024.webp 1536w, https:\/\/evolve-fitness.eu\/wp-content\/uploads\/2024\/01\/EV-PF-SP-300-51-76.webp 1920w\" sizes=\"auto, (max-width: 1024px) 100vw, 1024px\" \/><\/figure>\n<\/div>\n\n\n\n<div class=\"wp-block-column is-vertically-aligned-center is-layout-flow wp-block-column-is-layout-flow\">\n<h3 class=\"wp-block-heading\" style=\"margin-bottom:var(--wp--preset--spacing--h-3-bottom)\"><strong>Il vantaggio di tre diverse altezze in un&#8217;unica scatola<\/strong><\/h3>\n\n\n\n<p><strong><em><strong>Migliora la sua utilit\u00e0 per una serie di esercizi<\/strong><\/em><\/strong><\/p>\n\n\n\n<p>Questa versatilit\u00e0 consente agli utenti di aumentare progressivamente la difficolt\u00e0 degli allenamenti, adattandosi ai diversi livelli di forma fisica. \u00c8 particolarmente utile nell&#8217;allenamento pliometrico, in quanto contribuisce a migliorare la potenza, la velocit\u00e0 e il salto verticale. Le varie opzioni di altezza lo rendono adatto a un ampio pubblico, dai principianti agli atleti pi\u00f9 esperti.<\/p>\n<\/div>\n<\/div>\n<\/section>\n","protected":false},"excerpt":{"rendered":"<p>Vi presentiamo l&#8217;Evolve Soft Plyo Box 3-in-1: il vostro compagno di fitness per eccellenza! Tre altezze, un solo box: Con altezze regolabili di 51 cm (20&#8243;), 61 cm (24&#8243;) e 76 cm (30&#8243;), questo versatile plyo box \u00e8 perfetto per salti, flessioni, affondi, dip e altro ancora. Costruito per durare nel tempo: Progettato per uso commerciale, \u00e8 ideale per palestre domestiche, centri fitness professionali, basi militari, hotel, ostelli e centri di riabilitazione. Aggiornate la vostra routine di fitness con Evolve Soft Plyo Box 3-in-1 e fate evolvere i vostri allenamenti oggi stesso!<\/p>\n","protected":false},"featured_media":43884,"template":"","meta":{"_acf_changed":false,"inline_featured_image":false},"product_brand":[],"product_cat":[5263,2871],"product_tag":[],"class_list":{"0":"post-43858","1":"product","2":"type-product","3":"status-publish","4":"has-post-thumbnail","6":"product_cat-apparecchiature-funzionali","7":"product_cat-interdisciplinare-e-funzionale","9":"first","10":"instock","11":"virtual","12":"purchasable","13":"product-type-simple"},"acf":{"long_title":"Evolve Soft Plyo Box 3 in 1","subtitle":"","specifications":[{"label":"SKU","text_value":"EV-PF-SP-300","icon":"x"},{"label":"3 opzioni di altezza","text_value":"51 cm (20\"), 61 cm (24\"), 76 cm (30\").","icon":"x"},{"label":"Peso","text_value":"36 kg","icon":"x"},{"label":"Schiuma ad alta densit\u00e0","text_value":"","icon":"v"},{"label":"Una copertura in PVC ad alta resistenza allo strappo","text_value":"","icon":"v"},{"label":"Aspetto del carbonio","text_value":"","icon":"v"}]},"yoast_head":"<!-- This site is optimized with the Yoast SEO plugin v27.4 - https:\/\/yoast.com\/product\/yoast-seo-wordpress\/ -->\n<title>Evolve Soft Plyo Box 3 in 1 - Evolve<\/title>\n<meta name=\"robots\" content=\"index, follow, max-snippet:-1, max-image-preview:large, max-video-preview:-1\" \/>\n<link rel=\"canonical\" href=\"https:\/\/evolve-fitness.eu\/it\/prodotto\/evolve-soft-plyo-box-3-in-1\/\" \/>\n<meta property=\"og:locale\" content=\"it_IT\" \/>\n<meta property=\"og:type\" content=\"article\" \/>\n<meta property=\"og:title\" content=\"Evolve Soft Plyo Box 3 in 1 - Evolve\" \/>\n<meta property=\"og:url\" content=\"https:\/\/evolve-fitness.eu\/it\/prodotto\/evolve-soft-plyo-box-3-in-1\/\" \/>\n<meta property=\"og:site_name\" content=\"Evolve\" \/>\n<meta property=\"article:publisher\" content=\"https:\/\/www.facebook.com\/EvolveFitnessEurope\" \/>\n<meta property=\"article:modified_time\" content=\"2025-01-27T13:23:13+00:00\" \/>\n<meta property=\"og:image\" content=\"https:\/\/evolve-fitness.eu\/wp-content\/uploads\/2024\/01\/EV-PF-SP-300.webp\" \/>\n\t<meta property=\"og:image:width\" content=\"680\" \/>\n\t<meta property=\"og:image:height\" content=\"600\" \/>\n\t<meta property=\"og:image:type\" content=\"image\/webp\" \/>\n<meta name=\"twitter:card\" content=\"summary_large_image\" \/>\n<script type=\"application\/ld+json\" class=\"yoast-schema-graph\">{\"@context\":\"https:\\\/\\\/schema.org\",\"@graph\":[{\"@type\":\"WebPage\",\"@id\":\"https:\\\/\\\/evolve-fitness.eu\\\/it\\\/prodotto\\\/evolve-soft-plyo-box-3-in-1\\\/\",\"url\":\"https:\\\/\\\/evolve-fitness.eu\\\/it\\\/prodotto\\\/evolve-soft-plyo-box-3-in-1\\\/\",\"name\":\"Evolve Soft Plyo Box 3 in 1 - Evolve\",\"isPartOf\":{\"@id\":\"https:\\\/\\\/evolve-fitness.eu\\\/it\\\/#website\"},\"primaryImageOfPage\":{\"@id\":\"https:\\\/\\\/evolve-fitness.eu\\\/it\\\/prodotto\\\/evolve-soft-plyo-box-3-in-1\\\/#primaryimage\"},\"image\":{\"@id\":\"https:\\\/\\\/evolve-fitness.eu\\\/it\\\/prodotto\\\/evolve-soft-plyo-box-3-in-1\\\/#primaryimage\"},\"thumbnailUrl\":\"https:\\\/\\\/evolve-fitness.eu\\\/wp-content\\\/uploads\\\/2024\\\/01\\\/EV-PF-SP-300.webp\",\"datePublished\":\"2023-09-15T06:41:38+00:00\",\"dateModified\":\"2025-01-27T13:23:13+00:00\",\"breadcrumb\":{\"@id\":\"https:\\\/\\\/evolve-fitness.eu\\\/it\\\/prodotto\\\/evolve-soft-plyo-box-3-in-1\\\/#breadcrumb\"},\"inLanguage\":\"it-IT\",\"potentialAction\":[{\"@type\":\"ReadAction\",\"target\":[\"https:\\\/\\\/evolve-fitness.eu\\\/it\\\/prodotto\\\/evolve-soft-plyo-box-3-in-1\\\/\"]}]},{\"@type\":\"ImageObject\",\"inLanguage\":\"it-IT\",\"@id\":\"https:\\\/\\\/evolve-fitness.eu\\\/it\\\/prodotto\\\/evolve-soft-plyo-box-3-in-1\\\/#primaryimage\",\"url\":\"https:\\\/\\\/evolve-fitness.eu\\\/wp-content\\\/uploads\\\/2024\\\/01\\\/EV-PF-SP-300.webp\",\"contentUrl\":\"https:\\\/\\\/evolve-fitness.eu\\\/wp-content\\\/uploads\\\/2024\\\/01\\\/EV-PF-SP-300.webp\",\"width\":680,\"height\":600,\"caption\":\"EV-PF-SP-300\"},{\"@type\":\"BreadcrumbList\",\"@id\":\"https:\\\/\\\/evolve-fitness.eu\\\/it\\\/prodotto\\\/evolve-soft-plyo-box-3-in-1\\\/#breadcrumb\",\"itemListElement\":[{\"@type\":\"ListItem\",\"position\":1,\"name\":\"Home\",\"item\":\"https:\\\/\\\/evolve-fitness.eu\\\/it\\\/\"},{\"@type\":\"ListItem\",\"position\":2,\"name\":\"Prodotti\",\"item\":\"https:\\\/\\\/evolve-fitness.eu\\\/it\\\/shop\\\/\"},{\"@type\":\"ListItem\",\"position\":3,\"name\":\"Evolve Soft Plyo Box 3 in 1\"}]},{\"@type\":\"WebSite\",\"@id\":\"https:\\\/\\\/evolve-fitness.eu\\\/it\\\/#website\",\"url\":\"https:\\\/\\\/evolve-fitness.eu\\\/it\\\/\",\"name\":\"Evolve\",\"description\":\"Your Evolved Gear Arrived\",\"publisher\":{\"@id\":\"https:\\\/\\\/evolve-fitness.eu\\\/it\\\/#organization\"},\"potentialAction\":[{\"@type\":\"SearchAction\",\"target\":{\"@type\":\"EntryPoint\",\"urlTemplate\":\"https:\\\/\\\/evolve-fitness.eu\\\/it\\\/?s={search_term_string}\"},\"query-input\":{\"@type\":\"PropertyValueSpecification\",\"valueRequired\":true,\"valueName\":\"search_term_string\"}}],\"inLanguage\":\"it-IT\"},{\"@type\":\"Organization\",\"@id\":\"https:\\\/\\\/evolve-fitness.eu\\\/it\\\/#organization\",\"name\":\"Evolve\",\"url\":\"https:\\\/\\\/evolve-fitness.eu\\\/it\\\/\",\"logo\":{\"@type\":\"ImageObject\",\"inLanguage\":\"it-IT\",\"@id\":\"https:\\\/\\\/evolve-fitness.eu\\\/it\\\/#\\\/schema\\\/logo\\\/image\\\/\",\"url\":\"https:\\\/\\\/evolve-fitness.eu\\\/wp-content\\\/uploads\\\/2023\\\/05\\\/Evolve-logo.svg\",\"contentUrl\":\"https:\\\/\\\/evolve-fitness.eu\\\/wp-content\\\/uploads\\\/2023\\\/05\\\/Evolve-logo.svg\",\"width\":176,\"height\":20,\"caption\":\"Evolve\"},\"image\":{\"@id\":\"https:\\\/\\\/evolve-fitness.eu\\\/it\\\/#\\\/schema\\\/logo\\\/image\\\/\"},\"sameAs\":[\"https:\\\/\\\/www.facebook.com\\\/EvolveFitnessEurope\"]}]}<\/script>\n<!-- \/ Yoast SEO plugin. -->","yoast_head_json":{"title":"Evolve Soft Plyo Box 3 in 1 - Evolve","robots":{"index":"index","follow":"follow","max-snippet":"max-snippet:-1","max-image-preview":"max-image-preview:large","max-video-preview":"max-video-preview:-1"},"canonical":"https:\/\/evolve-fitness.eu\/it\/prodotto\/evolve-soft-plyo-box-3-in-1\/","og_locale":"it_IT","og_type":"article","og_title":"Evolve Soft Plyo Box 3 in 1 - Evolve","og_url":"https:\/\/evolve-fitness.eu\/it\/prodotto\/evolve-soft-plyo-box-3-in-1\/","og_site_name":"Evolve","article_publisher":"https:\/\/www.facebook.com\/EvolveFitnessEurope","article_modified_time":"2025-01-27T13:23:13+00:00","og_image":[{"width":680,"height":600,"url":"https:\/\/evolve-fitness.eu\/wp-content\/uploads\/2024\/01\/EV-PF-SP-300.webp","type":"image\/webp"}],"twitter_card":"summary_large_image","schema":{"@context":"https:\/\/schema.org","@graph":[{"@type":"WebPage","@id":"https:\/\/evolve-fitness.eu\/it\/prodotto\/evolve-soft-plyo-box-3-in-1\/","url":"https:\/\/evolve-fitness.eu\/it\/prodotto\/evolve-soft-plyo-box-3-in-1\/","name":"Evolve Soft Plyo Box 3 in 1 - Evolve","isPartOf":{"@id":"https:\/\/evolve-fitness.eu\/it\/#website"},"primaryImageOfPage":{"@id":"https:\/\/evolve-fitness.eu\/it\/prodotto\/evolve-soft-plyo-box-3-in-1\/#primaryimage"},"image":{"@id":"https:\/\/evolve-fitness.eu\/it\/prodotto\/evolve-soft-plyo-box-3-in-1\/#primaryimage"},"thumbnailUrl":"https:\/\/evolve-fitness.eu\/wp-content\/uploads\/2024\/01\/EV-PF-SP-300.webp","datePublished":"2023-09-15T06:41:38+00:00","dateModified":"2025-01-27T13:23:13+00:00","breadcrumb":{"@id":"https:\/\/evolve-fitness.eu\/it\/prodotto\/evolve-soft-plyo-box-3-in-1\/#breadcrumb"},"inLanguage":"it-IT","potentialAction":[{"@type":"ReadAction","target":["https:\/\/evolve-fitness.eu\/it\/prodotto\/evolve-soft-plyo-box-3-in-1\/"]}]},{"@type":"ImageObject","inLanguage":"it-IT","@id":"https:\/\/evolve-fitness.eu\/it\/prodotto\/evolve-soft-plyo-box-3-in-1\/#primaryimage","url":"https:\/\/evolve-fitness.eu\/wp-content\/uploads\/2024\/01\/EV-PF-SP-300.webp","contentUrl":"https:\/\/evolve-fitness.eu\/wp-content\/uploads\/2024\/01\/EV-PF-SP-300.webp","width":680,"height":600,"caption":"EV-PF-SP-300"},{"@type":"BreadcrumbList","@id":"https:\/\/evolve-fitness.eu\/it\/prodotto\/evolve-soft-plyo-box-3-in-1\/#breadcrumb","itemListElement":[{"@type":"ListItem","position":1,"name":"Home","item":"https:\/\/evolve-fitness.eu\/it\/"},{"@type":"ListItem","position":2,"name":"Prodotti","item":"https:\/\/evolve-fitness.eu\/it\/shop\/"},{"@type":"ListItem","position":3,"name":"Evolve Soft Plyo Box 3 in 1"}]},{"@type":"WebSite","@id":"https:\/\/evolve-fitness.eu\/it\/#website","url":"https:\/\/evolve-fitness.eu\/it\/","name":"Evolve","description":"Your Evolved Gear Arrived","publisher":{"@id":"https:\/\/evolve-fitness.eu\/it\/#organization"},"potentialAction":[{"@type":"SearchAction","target":{"@type":"EntryPoint","urlTemplate":"https:\/\/evolve-fitness.eu\/it\/?s={search_term_string}"},"query-input":{"@type":"PropertyValueSpecification","valueRequired":true,"valueName":"search_term_string"}}],"inLanguage":"it-IT"},{"@type":"Organization","@id":"https:\/\/evolve-fitness.eu\/it\/#organization","name":"Evolve","url":"https:\/\/evolve-fitness.eu\/it\/","logo":{"@type":"ImageObject","inLanguage":"it-IT","@id":"https:\/\/evolve-fitness.eu\/it\/#\/schema\/logo\/image\/","url":"https:\/\/evolve-fitness.eu\/wp-content\/uploads\/2023\/05\/Evolve-logo.svg","contentUrl":"https:\/\/evolve-fitness.eu\/wp-content\/uploads\/2023\/05\/Evolve-logo.svg","width":176,"height":20,"caption":"Evolve"},"image":{"@id":"https:\/\/evolve-fitness.eu\/it\/#\/schema\/logo\/image\/"},"sameAs":["https:\/\/www.facebook.com\/EvolveFitnessEurope"]}]}},"_links":{"self":[{"href":"https:\/\/evolve-fitness.eu\/it\/wp-json\/wp\/v2\/product\/43858","targetHints":{"allow":["GET"]}}],"collection":[{"href":"https:\/\/evolve-fitness.eu\/it\/wp-json\/wp\/v2\/product"}],"about":[{"href":"https:\/\/evolve-fitness.eu\/it\/wp-json\/wp\/v2\/types\/product"}],"wp:featuredmedia":[{"embeddable":true,"href":"https:\/\/evolve-fitness.eu\/it\/wp-json\/wp\/v2\/media\/43884"}],"wp:attachment":[{"href":"https:\/\/evolve-fitness.eu\/it\/wp-json\/wp\/v2\/media?parent=43858"}],"wp:term":[{"taxonomy":"product_brand","embeddable":true,"href":"https:\/\/evolve-fitness.eu\/it\/wp-json\/wp\/v2\/product_brand?post=43858"},{"taxonomy":"product_cat","embeddable":true,"href":"https:\/\/evolve-fitness.eu\/it\/wp-json\/wp\/v2\/product_cat?post=43858"},{"taxonomy":"product_tag","embeddable":true,"href":"https:\/\/evolve-fitness.eu\/it\/wp-json\/wp\/v2\/product_tag?post=43858"}],"curies":[{"name":"wp","href":"https:\/\/api.w.org\/{rel}","templated":true}]}}