{"id":44422,"date":"2023-09-15T08:13:23","date_gmt":"2023-09-15T08:13:23","guid":{"rendered":"https:\/\/evolve-fitness.eu\/product\/powerbag-della-serie-evolve-carbon-5-25-kg\/"},"modified":"2026-03-27T10:47:42","modified_gmt":"2026-03-27T08:47:42","slug":"powerbag-della-serie-evolve-carbon-5-25-kg","status":"publish","type":"product","link":"https:\/\/evolve-fitness.eu\/it\/prodotto\/powerbag-della-serie-evolve-carbon-5-25-kg\/","title":{"rendered":"Powerbag della serie Evolve Carbon 5-25 kg"},"content":{"rendered":"\n<section class=\"wp-block-group alignfull has-lightgray-background-color has-background is-layout-constrained wp-block-group-is-layout-constrained\">\n<div class=\"wp-block-columns alignwide is-layout-flex wp-container-core-columns-is-layout-2edb0647 wp-block-columns-is-layout-flex\" style=\"margin-top:0;margin-bottom:0\">\n<div class=\"wp-block-column is-layout-flow wp-block-column-is-layout-flow\" style=\"flex-basis:33.33%\"><\/div>\n\n\n\n<div class=\"wp-block-column is-layout-flow wp-block-column-is-layout-flow\" style=\"flex-basis:66.66%\"><\/div>\n<\/div>\n<\/section>\n\n<div class=\"wp-block-columns alignfull mobile-reverse has-black-background-color has-background is-layout-flex wp-container-core-columns-is-layout-ca64bf2d wp-block-columns-is-layout-flex\" style=\"margin-bottom:var(--wp--preset--spacing--side-padding)\">\n<div class=\"wp-block-column is-vertically-aligned-center is-layout-flow wp-block-column-is-layout-flow\">\n<figure class=\"wp-block-video\"><video height=\"1080\" style=\"aspect-ratio: 1920 \/ 1080;\" width=\"1920\" controls=\"\" src=\"https:\/\/evolve-fitness.eu\/wp-content\/uploads\/2023\/09\/8.mp4\"><\/video><\/figure>\n<\/div>\n\n\n\n<div class=\"wp-block-column is-vertically-aligned-center is-layout-flow wp-block-column-is-layout-flow\">\n<h3 class=\"wp-block-heading has-white-color has-text-color\" style=\"margin-bottom:var(--wp--preset--spacing--h-3-bottom)\"><strong><strong><strong><strong><strong><strong><strong>TRASVERSALE E FUNZIONALE<\/strong><\/strong><\/strong><\/strong><\/strong><\/strong><\/strong><\/h3>\n\n\n\n<p>VERSATILE E RESISTENTE<\/p>\n\n\n\n<ul style=\"font-size:1.1rem;letter-spacing:0.02em\" class=\"wp-block-list has-white-color has-text-color\">\n<li><strong>Attrezzature multifunzionali durevoli:<\/strong> Le nostre attrezzature interfunzionali, meticolosamente progettate, sono costruite per resistere alle esigenze di sessioni di allenamento quotidiane e intensive.<\/li>\n\n\n\n<li><strong>Lo spazio ideale per l&#8217;allenamento:<\/strong> Elevate il vostro percorso di fitness incorporando la nostra vasta gamma di accessori nel vostro spazio di allenamento, rendendolo un centro per un esaltante allenamento di tutto il corpo.<\/li>\n\n\n\n<li><strong>Design incentrato sull&#8217;utente:<\/strong> Provate la differenza con un&#8217;attrezzatura meticolosamente realizzata pensando all&#8217;utente, per garantire sessioni di allenamento efficaci, confortevoli e sicure.<\/li>\n\n\n\n<li><strong>Pacchetti di attrezzature:<\/strong> Esplorate i nostri pacchetti completi di attrezzature che semplificano il processo di allestimento della vostra palestra. Con tutto il necessario per un allenamento di Cross Training o funzionale, raggiungere i vostri obiettivi di fitness non \u00e8 mai stato cos\u00ec facile.<\/li>\n<\/ul>\n\n\n\n<p><\/p>\n\n\n\n<p class=\"has-white-color has-text-color\"><strong>Rinnovate il vostro spazio per l&#8217;allenamento e raggiungete un nuovo livello di fitness con le nostre attrezzature multifunzionali robuste e facili da usare.<\/strong><\/p>\n<\/div>\n<\/div>\n","protected":false},"excerpt":{"rendered":"<p>Elevate la vostra routine di allenamento con le Powerbag della serie Evolve Carbon, disponibili in una gamma di pesi da 5 kg a 25 kg. Queste Powerbag sono molto pi\u00f9 di un normale attrezzo da palestra: sono state progettate per dare stile e funzionalit\u00e0 al vostro regime di fitness. Caratterizzate da una superficie in PVC Carbon all&#8217;avanguardia che non solo \u00e8 facile da pulire ma offre anche una presa sicura, queste Powerbag vantano un design elegante e moderno che si adatta a qualsiasi ambiente di palestra. All&#8217;interno, una morbida fodera ammortizza gli urti durante gli esercizi, garantendo sicurezza e mantenimento della forma. Adatte a un uso intenso e commerciale, queste Powerbag sono versatili e si rivolgono a utenti di tutti i livelli di fitness per attivit\u00e0 cardio, funzionali, crossfit e altro ancora. Con cuciture rinforzate, maniglie antiscivolo e prese d&#8217;aria, queste Powerbag sono costruite per durare nel tempo e rappresentano la scelta ideale sia per gli utenti domestici che per le palestre professionali. Migliorate il vostro gioco di fitness con le Powerbag della serie Evolve Carbon e sperimentate i vantaggi di un&#8217;attrezzatura per l&#8217;allenamento versatile e di alta qualit\u00e0.<\/p>\n","protected":false},"featured_media":44423,"template":"","meta":{"_acf_changed":false,"inline_featured_image":false},"product_brand":[],"product_cat":[5263,13032,2871],"product_tag":[],"class_list":{"0":"post-44422","1":"product","2":"type-product","3":"status-publish","4":"has-post-thumbnail","6":"product_cat-apparecchiature-funzionali","7":"product_cat-hyrox-gear","8":"product_cat-interdisciplinare-e-funzionale","10":"first","11":"instock","12":"shipping-taxable","13":"purchasable","14":"product-type-variable"},"acf":{"long_title":"Powerbag della serie Evolve Carbon 5-25 kg","subtitle":"","specifications":[{"label":"SKU","text_value":"EV-PB-CS","icon":"x"},{"label":"Disponibile in","text_value":"5 kg \/ 10 kg \/ 15 kg \/ 20 kg \/ 25 kg","icon":"x"},{"label":"Le prese d'aria riducono la pressione interna","text_value":"","icon":"v"},{"label":"Cerniera e 3 cinghie in velcro per una maggiore durata.","text_value":"","icon":"v"},{"label":"La fodera in schiuma traspirante ad alta densit\u00e0 mantiene la forma","text_value":"","icon":"v"},{"label":"Superficie high-tech, durbale e facile da pulire Carbon look","text_value":"","icon":"v"},{"label":"3 impugnature morbide e antiscivolo per variare gli esercizi","text_value":"","icon":"v"},{"label":"Cuciture rinforzate con doppia cucitura","text_value":"","icon":"v"},{"label":"L'interno del sacchetto \u00e8 riempito di sabbia","text_value":"","icon":"v"},{"label":"Materiale in carbonio","text_value":"","icon":"v"},{"label":"Garanzia","text_value":"2 anni","icon":"x"}]},"yoast_head":"<!-- This site is optimized with the Yoast SEO plugin v27.4 - https:\/\/yoast.com\/product\/yoast-seo-wordpress\/ -->\n<title>Powerbag della serie Evolve Carbon 5-25 kg - Evolve<\/title>\n<meta name=\"robots\" content=\"index, follow, max-snippet:-1, max-image-preview:large, max-video-preview:-1\" \/>\n<link rel=\"canonical\" href=\"https:\/\/evolve-fitness.eu\/it\/prodotto\/powerbag-della-serie-evolve-carbon-5-25-kg\/\" \/>\n<meta property=\"og:locale\" content=\"it_IT\" \/>\n<meta property=\"og:type\" content=\"article\" \/>\n<meta property=\"og:title\" content=\"Powerbag della serie Evolve Carbon 5-25 kg - Evolve\" \/>\n<meta property=\"og:url\" content=\"https:\/\/evolve-fitness.eu\/it\/prodotto\/powerbag-della-serie-evolve-carbon-5-25-kg\/\" \/>\n<meta property=\"og:site_name\" content=\"Evolve\" \/>\n<meta property=\"article:publisher\" content=\"https:\/\/www.facebook.com\/EvolveFitnessEurope\" \/>\n<meta property=\"article:modified_time\" content=\"2026-03-27T08:47:42+00:00\" \/>\n<meta property=\"og:image\" content=\"https:\/\/evolve-fitness.eu\/wp-content\/uploads\/2023\/09\/Evolve-Carbon-Series-Powerbags.png\" \/>\n\t<meta property=\"og:image:width\" content=\"680\" \/>\n\t<meta property=\"og:image:height\" content=\"600\" \/>\n\t<meta property=\"og:image:type\" content=\"image\/png\" \/>\n<meta name=\"twitter:card\" content=\"summary_large_image\" \/>\n<script type=\"application\/ld+json\" class=\"yoast-schema-graph\">{\"@context\":\"https:\\\/\\\/schema.org\",\"@graph\":[{\"@type\":\"WebPage\",\"@id\":\"https:\\\/\\\/evolve-fitness.eu\\\/it\\\/prodotto\\\/powerbag-della-serie-evolve-carbon-5-25-kg\\\/\",\"url\":\"https:\\\/\\\/evolve-fitness.eu\\\/it\\\/prodotto\\\/powerbag-della-serie-evolve-carbon-5-25-kg\\\/\",\"name\":\"Powerbag della serie Evolve Carbon 5-25 kg - Evolve\",\"isPartOf\":{\"@id\":\"https:\\\/\\\/evolve-fitness.eu\\\/it\\\/#website\"},\"primaryImageOfPage\":{\"@id\":\"https:\\\/\\\/evolve-fitness.eu\\\/it\\\/prodotto\\\/powerbag-della-serie-evolve-carbon-5-25-kg\\\/#primaryimage\"},\"image\":{\"@id\":\"https:\\\/\\\/evolve-fitness.eu\\\/it\\\/prodotto\\\/powerbag-della-serie-evolve-carbon-5-25-kg\\\/#primaryimage\"},\"thumbnailUrl\":\"https:\\\/\\\/evolve-fitness.eu\\\/wp-content\\\/uploads\\\/2023\\\/09\\\/Evolve-Carbon-Series-Powerbags.png\",\"datePublished\":\"2023-09-15T08:13:23+00:00\",\"dateModified\":\"2026-03-27T08:47:42+00:00\",\"breadcrumb\":{\"@id\":\"https:\\\/\\\/evolve-fitness.eu\\\/it\\\/prodotto\\\/powerbag-della-serie-evolve-carbon-5-25-kg\\\/#breadcrumb\"},\"inLanguage\":\"it-IT\",\"potentialAction\":[{\"@type\":\"ReadAction\",\"target\":[\"https:\\\/\\\/evolve-fitness.eu\\\/it\\\/prodotto\\\/powerbag-della-serie-evolve-carbon-5-25-kg\\\/\"]}]},{\"@type\":\"ImageObject\",\"inLanguage\":\"it-IT\",\"@id\":\"https:\\\/\\\/evolve-fitness.eu\\\/it\\\/prodotto\\\/powerbag-della-serie-evolve-carbon-5-25-kg\\\/#primaryimage\",\"url\":\"https:\\\/\\\/evolve-fitness.eu\\\/wp-content\\\/uploads\\\/2023\\\/09\\\/Evolve-Carbon-Series-Powerbags.png\",\"contentUrl\":\"https:\\\/\\\/evolve-fitness.eu\\\/wp-content\\\/uploads\\\/2023\\\/09\\\/Evolve-Carbon-Series-Powerbags.png\",\"width\":680,\"height\":600,\"caption\":\"EV-PB-CS\"},{\"@type\":\"BreadcrumbList\",\"@id\":\"https:\\\/\\\/evolve-fitness.eu\\\/it\\\/prodotto\\\/powerbag-della-serie-evolve-carbon-5-25-kg\\\/#breadcrumb\",\"itemListElement\":[{\"@type\":\"ListItem\",\"position\":1,\"name\":\"Home\",\"item\":\"https:\\\/\\\/evolve-fitness.eu\\\/it\\\/\"},{\"@type\":\"ListItem\",\"position\":2,\"name\":\"Prodotti\",\"item\":\"https:\\\/\\\/evolve-fitness.eu\\\/it\\\/shop\\\/\"},{\"@type\":\"ListItem\",\"position\":3,\"name\":\"Powerbag della serie Evolve Carbon 5-25 kg\"}]},{\"@type\":\"WebSite\",\"@id\":\"https:\\\/\\\/evolve-fitness.eu\\\/it\\\/#website\",\"url\":\"https:\\\/\\\/evolve-fitness.eu\\\/it\\\/\",\"name\":\"Evolve\",\"description\":\"Your Evolved Gear Arrived\",\"publisher\":{\"@id\":\"https:\\\/\\\/evolve-fitness.eu\\\/it\\\/#organization\"},\"potentialAction\":[{\"@type\":\"SearchAction\",\"target\":{\"@type\":\"EntryPoint\",\"urlTemplate\":\"https:\\\/\\\/evolve-fitness.eu\\\/it\\\/?s={search_term_string}\"},\"query-input\":{\"@type\":\"PropertyValueSpecification\",\"valueRequired\":true,\"valueName\":\"search_term_string\"}}],\"inLanguage\":\"it-IT\"},{\"@type\":\"Organization\",\"@id\":\"https:\\\/\\\/evolve-fitness.eu\\\/it\\\/#organization\",\"name\":\"Evolve\",\"url\":\"https:\\\/\\\/evolve-fitness.eu\\\/it\\\/\",\"logo\":{\"@type\":\"ImageObject\",\"inLanguage\":\"it-IT\",\"@id\":\"https:\\\/\\\/evolve-fitness.eu\\\/it\\\/#\\\/schema\\\/logo\\\/image\\\/\",\"url\":\"https:\\\/\\\/evolve-fitness.eu\\\/wp-content\\\/uploads\\\/2023\\\/05\\\/Evolve-logo.svg\",\"contentUrl\":\"https:\\\/\\\/evolve-fitness.eu\\\/wp-content\\\/uploads\\\/2023\\\/05\\\/Evolve-logo.svg\",\"width\":176,\"height\":20,\"caption\":\"Evolve\"},\"image\":{\"@id\":\"https:\\\/\\\/evolve-fitness.eu\\\/it\\\/#\\\/schema\\\/logo\\\/image\\\/\"},\"sameAs\":[\"https:\\\/\\\/www.facebook.com\\\/EvolveFitnessEurope\"]}]}<\/script>\n<!-- \/ Yoast SEO plugin. -->","yoast_head_json":{"title":"Powerbag della serie Evolve Carbon 5-25 kg - Evolve","robots":{"index":"index","follow":"follow","max-snippet":"max-snippet:-1","max-image-preview":"max-image-preview:large","max-video-preview":"max-video-preview:-1"},"canonical":"https:\/\/evolve-fitness.eu\/it\/prodotto\/powerbag-della-serie-evolve-carbon-5-25-kg\/","og_locale":"it_IT","og_type":"article","og_title":"Powerbag della serie Evolve Carbon 5-25 kg - Evolve","og_url":"https:\/\/evolve-fitness.eu\/it\/prodotto\/powerbag-della-serie-evolve-carbon-5-25-kg\/","og_site_name":"Evolve","article_publisher":"https:\/\/www.facebook.com\/EvolveFitnessEurope","article_modified_time":"2026-03-27T08:47:42+00:00","og_image":[{"width":680,"height":600,"url":"https:\/\/evolve-fitness.eu\/wp-content\/uploads\/2023\/09\/Evolve-Carbon-Series-Powerbags.png","type":"image\/png"}],"twitter_card":"summary_large_image","schema":{"@context":"https:\/\/schema.org","@graph":[{"@type":"WebPage","@id":"https:\/\/evolve-fitness.eu\/it\/prodotto\/powerbag-della-serie-evolve-carbon-5-25-kg\/","url":"https:\/\/evolve-fitness.eu\/it\/prodotto\/powerbag-della-serie-evolve-carbon-5-25-kg\/","name":"Powerbag della serie Evolve Carbon 5-25 kg - Evolve","isPartOf":{"@id":"https:\/\/evolve-fitness.eu\/it\/#website"},"primaryImageOfPage":{"@id":"https:\/\/evolve-fitness.eu\/it\/prodotto\/powerbag-della-serie-evolve-carbon-5-25-kg\/#primaryimage"},"image":{"@id":"https:\/\/evolve-fitness.eu\/it\/prodotto\/powerbag-della-serie-evolve-carbon-5-25-kg\/#primaryimage"},"thumbnailUrl":"https:\/\/evolve-fitness.eu\/wp-content\/uploads\/2023\/09\/Evolve-Carbon-Series-Powerbags.png","datePublished":"2023-09-15T08:13:23+00:00","dateModified":"2026-03-27T08:47:42+00:00","breadcrumb":{"@id":"https:\/\/evolve-fitness.eu\/it\/prodotto\/powerbag-della-serie-evolve-carbon-5-25-kg\/#breadcrumb"},"inLanguage":"it-IT","potentialAction":[{"@type":"ReadAction","target":["https:\/\/evolve-fitness.eu\/it\/prodotto\/powerbag-della-serie-evolve-carbon-5-25-kg\/"]}]},{"@type":"ImageObject","inLanguage":"it-IT","@id":"https:\/\/evolve-fitness.eu\/it\/prodotto\/powerbag-della-serie-evolve-carbon-5-25-kg\/#primaryimage","url":"https:\/\/evolve-fitness.eu\/wp-content\/uploads\/2023\/09\/Evolve-Carbon-Series-Powerbags.png","contentUrl":"https:\/\/evolve-fitness.eu\/wp-content\/uploads\/2023\/09\/Evolve-Carbon-Series-Powerbags.png","width":680,"height":600,"caption":"EV-PB-CS"},{"@type":"BreadcrumbList","@id":"https:\/\/evolve-fitness.eu\/it\/prodotto\/powerbag-della-serie-evolve-carbon-5-25-kg\/#breadcrumb","itemListElement":[{"@type":"ListItem","position":1,"name":"Home","item":"https:\/\/evolve-fitness.eu\/it\/"},{"@type":"ListItem","position":2,"name":"Prodotti","item":"https:\/\/evolve-fitness.eu\/it\/shop\/"},{"@type":"ListItem","position":3,"name":"Powerbag della serie Evolve Carbon 5-25 kg"}]},{"@type":"WebSite","@id":"https:\/\/evolve-fitness.eu\/it\/#website","url":"https:\/\/evolve-fitness.eu\/it\/","name":"Evolve","description":"Your Evolved Gear Arrived","publisher":{"@id":"https:\/\/evolve-fitness.eu\/it\/#organization"},"potentialAction":[{"@type":"SearchAction","target":{"@type":"EntryPoint","urlTemplate":"https:\/\/evolve-fitness.eu\/it\/?s={search_term_string}"},"query-input":{"@type":"PropertyValueSpecification","valueRequired":true,"valueName":"search_term_string"}}],"inLanguage":"it-IT"},{"@type":"Organization","@id":"https:\/\/evolve-fitness.eu\/it\/#organization","name":"Evolve","url":"https:\/\/evolve-fitness.eu\/it\/","logo":{"@type":"ImageObject","inLanguage":"it-IT","@id":"https:\/\/evolve-fitness.eu\/it\/#\/schema\/logo\/image\/","url":"https:\/\/evolve-fitness.eu\/wp-content\/uploads\/2023\/05\/Evolve-logo.svg","contentUrl":"https:\/\/evolve-fitness.eu\/wp-content\/uploads\/2023\/05\/Evolve-logo.svg","width":176,"height":20,"caption":"Evolve"},"image":{"@id":"https:\/\/evolve-fitness.eu\/it\/#\/schema\/logo\/image\/"},"sameAs":["https:\/\/www.facebook.com\/EvolveFitnessEurope"]}]}},"_links":{"self":[{"href":"https:\/\/evolve-fitness.eu\/it\/wp-json\/wp\/v2\/product\/44422","targetHints":{"allow":["GET"]}}],"collection":[{"href":"https:\/\/evolve-fitness.eu\/it\/wp-json\/wp\/v2\/product"}],"about":[{"href":"https:\/\/evolve-fitness.eu\/it\/wp-json\/wp\/v2\/types\/product"}],"wp:featuredmedia":[{"embeddable":true,"href":"https:\/\/evolve-fitness.eu\/it\/wp-json\/wp\/v2\/media\/44423"}],"wp:attachment":[{"href":"https:\/\/evolve-fitness.eu\/it\/wp-json\/wp\/v2\/media?parent=44422"}],"wp:term":[{"taxonomy":"product_brand","embeddable":true,"href":"https:\/\/evolve-fitness.eu\/it\/wp-json\/wp\/v2\/product_brand?post=44422"},{"taxonomy":"product_cat","embeddable":true,"href":"https:\/\/evolve-fitness.eu\/it\/wp-json\/wp\/v2\/product_cat?post=44422"},{"taxonomy":"product_tag","embeddable":true,"href":"https:\/\/evolve-fitness.eu\/it\/wp-json\/wp\/v2\/product_tag?post=44422"}],"curies":[{"name":"wp","href":"https:\/\/api.w.org\/{rel}","templated":true}]}}