{"id":48025,"date":"2023-11-15T06:30:48","date_gmt":"2023-11-15T06:30:48","guid":{"rendered":"https:\/\/evolve-fitness.eu\/product\/rack-orizzontale-per-manubri-evolve-10-paia\/"},"modified":"2026-03-26T20:18:04","modified_gmt":"2026-03-26T18:18:04","slug":"rack-orizzontale-per-manubri-evolve-10-paia","status":"publish","type":"product","link":"https:\/\/evolve-fitness.eu\/it\/prodotto\/rack-orizzontale-per-manubri-evolve-10-paia\/","title":{"rendered":"Rack orizzontale per manubri Evolve &#8211; 10 paia"},"content":{"rendered":"\n<section class=\"wp-block-group alignfull has-lightgray-background-color has-background is-layout-constrained wp-block-group-is-layout-constrained\">\n<div class=\"wp-block-columns alignwide is-layout-flex wp-container-core-columns-is-layout-2edb0647 wp-block-columns-is-layout-flex\" style=\"margin-top:0;margin-bottom:0\">\n<div class=\"wp-block-column is-layout-flow wp-block-column-is-layout-flow\" style=\"flex-basis:33.33%\"><\/div>\n\n\n\n<div class=\"wp-block-column is-layout-flow wp-block-column-is-layout-flow\" style=\"flex-basis:66.66%\"><\/div>\n<\/div>\n<\/section>\n\n<section class=\"wp-block-group alignfull black-content has-white-color has-darkgray-background-color has-text-color has-background is-layout-constrained wp-block-group-is-layout-constrained\" style=\"padding-top:var(--wp--preset--spacing--section-bottom);padding-bottom:var(--wp--preset--spacing--section-bottom)\">\n<div class=\"wp-block-columns alignwide mobile-reverse is-layout-flex wp-container-core-columns-is-layout-ca64bf2d wp-block-columns-is-layout-flex\" style=\"margin-bottom:var(--wp--preset--spacing--side-padding)\">\n<div class=\"wp-block-column is-vertically-aligned-center is-layout-flow wp-block-column-is-layout-flow\">\n<h3 class=\"wp-block-heading\" style=\"margin-bottom:var(--wp--preset--spacing--h-3-bottom)\"><strong><strong><strong><strong>Costruzione durevole e robusta:<\/strong><\/strong><\/strong><\/strong><\/h3>\n\n\n\n<p>Realizzata in metallo per impieghi gravosi, la rastrelliera orizzontale per manubri Evolve garantisce longevit\u00e0 e resistenza. La sua tecnologia di verniciatura a polvere di qualit\u00e0 superiore non solo conferisce un&#8217;estetica decisa, ma protegge anche da graffi e ruggine. La rastrelliera \u00e8 stata progettata per resistere ai rigori di una palestra commerciale ad alto utilizzo, rendendola una scelta affidabile per qualsiasi ambiente di fitness.<\/p>\n<\/div>\n\n\n\n<div class=\"wp-block-column is-vertically-aligned-center is-layout-flow wp-block-column-is-layout-flow\">\n<figure class=\"wp-block-video\"><video height=\"1080\" style=\"aspect-ratio: 1920 \/ 1080;\" width=\"1920\" autoplay=\"\" controls=\"\" loop=\"\" muted=\"\" src=\"https:\/\/evolve-fitness.eu\/wp-content\/uploads\/2023\/11\/EV-RS-DR-100-video.mp4\"><\/video><\/figure>\n<\/div>\n<\/div>\n\n\n\n<div class=\"wp-block-columns alignwide is-layout-flex wp-container-core-columns-is-layout-c45ee707 wp-block-columns-is-layout-flex\" style=\"margin-bottom:var(--wp--preset--spacing--side-padding);padding-top:var(--wp--preset--spacing--side-padding)\">\n<div class=\"wp-block-column is-vertically-aligned-center is-layout-flow wp-block-column-is-layout-flow\">\n<figure class=\"wp-block-video\"><video height=\"1080\" style=\"aspect-ratio: 1920 \/ 1080;\" width=\"1920\" autoplay=\"\" controls=\"\" loop=\"\" muted=\"\" src=\"https:\/\/evolve-fitness.eu\/wp-content\/uploads\/2023\/11\/EV-RS-DR-100-weights.mp4\"><\/video><\/figure>\n<\/div>\n\n\n\n<div class=\"wp-block-column is-vertically-aligned-center is-layout-constrained wp-block-column-is-layout-constrained\">\n<h3 class=\"wp-block-heading\" style=\"margin-bottom:var(--wp--preset--spacing--h-3-bottom)\"><strong><strong><strong>Design funzionale e facile da usare:<\/strong><\/strong><\/strong><\/h3>\n\n\n\n<p>La rastrelliera \u00e8 dotata di coperture in gomma sui piedi per evitare danni al pavimento e garantire la massima stabilit\u00e0. Per una maggiore sicurezza, i piedi possono essere montati a terra. Le culle, realizzate in materiale protettivo, aiutano a prevenire le scheggiature sulle impugnature dei manubri e riducono il rischio di graffi. Il design angolato facilita il posizionamento e la rimozione dei manubri, migliorando l&#8217;efficienza delle sessioni di allenamento.<\/p>\n<\/div>\n<\/div>\n\n\n\n<div class=\"wp-block-columns alignwide is-layout-flex wp-container-core-columns-is-layout-c45ee707 wp-block-columns-is-layout-flex\" style=\"margin-bottom:var(--wp--preset--spacing--side-padding);padding-top:var(--wp--preset--spacing--side-padding)\">\n<div class=\"wp-block-column is-vertically-aligned-center is-layout-constrained wp-block-column-is-layout-constrained\">\n<h3 class=\"wp-block-heading\" style=\"margin-bottom:var(--wp--preset--spacing--h-3-bottom)\"><strong><strong><strong><strong>Comoda soluzione di stoccaggio:<\/strong><\/strong><\/strong><\/strong><\/h3>\n\n\n\n<p>Il design a due livelli di Evolve Rack non solo consente di risparmiare spazio prezioso sul pavimento, ma aiuta anche a organizzare i manubri in modo ordinato. Questa disposizione garantisce che le attrezzature siano facilmente accessibili e possano essere organizzate per peso, semplificando il processo di selezione per gli utenti. Inoltre, la struttura montabile del rack consente ai proprietari di palestre di creare una soluzione di stoccaggio modulare personalizzata, adatta alle loro specifiche esigenze di spazio.<\/p>\n<\/div>\n\n\n\n<div class=\"wp-block-column is-vertically-aligned-center is-layout-flow wp-block-column-is-layout-flow\">\n<figure class=\"wp-block-video\"><video height=\"720\" style=\"aspect-ratio: 1280 \/ 720;\" width=\"1280\" autoplay=\"\" controls=\"\" loop=\"\" muted=\"\" src=\"https:\/\/evolve-fitness.eu\/wp-content\/uploads\/2023\/11\/Evolve-Horizontal-Dumbbell-Rack-.mp4\"><\/video><\/figure>\n<\/div>\n<\/div>\n<\/section>\n","protected":false},"excerpt":{"rendered":"<p>La rastrelliera orizzontale per manubri Evolve \u00e8 molto pi\u00f9 di una semplice soluzione di stoccaggio: \u00e8 un investimento nella durata e nella funzionalit\u00e0 della vostra palestra. La struttura robusta, il design facile da usare e la comoda capacit\u00e0 di stoccaggio ne fanno la scelta ideale per qualsiasi centro fitness che voglia massimizzare lo spazio e l&#8217;efficienza. Sia che si tratti di una palestra domestica o di un ambiente commerciale, il rack Evolve promette di essere un&#8217;aggiunta duratura e preziosa alla vostra attrezzatura per il fitness.<\/p>\n","protected":false},"featured_media":175912,"template":"","meta":{"_acf_changed":false,"inline_featured_image":false},"product_brand":[],"product_cat":[1460,2891],"product_tag":[],"class_list":{"0":"post-48025","1":"product","2":"type-product","3":"status-publish","4":"has-post-thumbnail","6":"product_cat-pesi-liberi","7":"product_cat-cremagliere-e-soluzioni-di-stoccaggio","9":"first","10":"instock","11":"shipping-taxable","12":"purchasable","13":"product-type-simple"},"acf":{"long_title":"Rack per manubri orizzontale Evolve  ","subtitle":"","specifications":[{"label":"SKU","text_value":"EV-RS-DR-100","icon":"x"},{"label":"Dimensioni","text_value":"2450 x 710 x 740 mm","icon":"v"},{"label":"Peso","text_value":"60 kg","icon":"x"},{"label":"Garanzia","text_value":"2 anni","icon":"v"},{"label":"Carico massimo","text_value":"1200 kg","icon":"x"},{"label":"Culle angolate e antiscivolo per una maggiore facilit\u00e0 d'uso","text_value":"","icon":"v"},{"label":"Rivestimento protettivo dei piedini in gomma per la sicurezza del pavimento","text_value":"","icon":"v"},{"label":"Design montabile per configurazioni personalizzabili","text_value":"","icon":"v"},{"label":"Telaio resistente e verniciato a polvere per una maggiore durata.","text_value":"","icon":"v"},{"label":"Capacit\u00e0","text_value":"10 paia di manubri","icon":"x"}]},"yoast_head":"<!-- This site is optimized with the Yoast SEO plugin v26.6 - https:\/\/yoast.com\/wordpress\/plugins\/seo\/ -->\n<title>Rack orizzontale per manubri Evolve - 10 paia - Evolve<\/title>\n<meta name=\"robots\" content=\"index, follow, max-snippet:-1, max-image-preview:large, max-video-preview:-1\" \/>\n<link rel=\"canonical\" href=\"https:\/\/evolve-fitness.eu\/it\/prodotto\/rack-orizzontale-per-manubri-evolve-10-paia\/\" \/>\n<meta property=\"og:locale\" content=\"it_IT\" \/>\n<meta property=\"og:type\" content=\"article\" \/>\n<meta property=\"og:title\" content=\"Rack orizzontale per manubri Evolve - 10 paia - Evolve\" \/>\n<meta property=\"og:url\" content=\"https:\/\/evolve-fitness.eu\/it\/prodotto\/rack-orizzontale-per-manubri-evolve-10-paia\/\" \/>\n<meta property=\"og:site_name\" content=\"Evolve\" \/>\n<meta property=\"article:publisher\" content=\"https:\/\/www.facebook.com\/EvolveFitnessEurope\" \/>\n<meta property=\"article:modified_time\" content=\"2026-03-26T18:18:04+00:00\" \/>\n<meta property=\"og:image\" content=\"https:\/\/evolve-fitness.eu\/wp-content\/uploads\/2023\/11\/EV-RS-DR-100-Evolve-Horizontal-Dumbbell-Rack-10-pairs-PNG.png\" \/>\n\t<meta property=\"og:image:width\" content=\"800\" \/>\n\t<meta property=\"og:image:height\" content=\"800\" \/>\n\t<meta property=\"og:image:type\" content=\"image\/png\" \/>\n<meta name=\"twitter:card\" content=\"summary_large_image\" \/>\n<script type=\"application\/ld+json\" class=\"yoast-schema-graph\">{\"@context\":\"https:\/\/schema.org\",\"@graph\":[{\"@type\":\"WebPage\",\"@id\":\"https:\/\/evolve-fitness.eu\/it\/prodotto\/rack-orizzontale-per-manubri-evolve-10-paia\/\",\"url\":\"https:\/\/evolve-fitness.eu\/it\/prodotto\/rack-orizzontale-per-manubri-evolve-10-paia\/\",\"name\":\"Rack orizzontale per manubri Evolve - 10 paia - Evolve\",\"isPartOf\":{\"@id\":\"https:\/\/evolve-fitness.eu\/it\/#website\"},\"primaryImageOfPage\":{\"@id\":\"https:\/\/evolve-fitness.eu\/it\/prodotto\/rack-orizzontale-per-manubri-evolve-10-paia\/#primaryimage\"},\"image\":{\"@id\":\"https:\/\/evolve-fitness.eu\/it\/prodotto\/rack-orizzontale-per-manubri-evolve-10-paia\/#primaryimage\"},\"thumbnailUrl\":\"https:\/\/evolve-fitness.eu\/wp-content\/uploads\/2023\/11\/EV-RS-DR-100-Evolve-Horizontal-Dumbbell-Rack-10-pairs-PNG.png\",\"datePublished\":\"2023-11-15T06:30:48+00:00\",\"dateModified\":\"2026-03-26T18:18:04+00:00\",\"breadcrumb\":{\"@id\":\"https:\/\/evolve-fitness.eu\/it\/prodotto\/rack-orizzontale-per-manubri-evolve-10-paia\/#breadcrumb\"},\"inLanguage\":\"it-IT\",\"potentialAction\":[{\"@type\":\"ReadAction\",\"target\":[\"https:\/\/evolve-fitness.eu\/it\/prodotto\/rack-orizzontale-per-manubri-evolve-10-paia\/\"]}]},{\"@type\":\"ImageObject\",\"inLanguage\":\"it-IT\",\"@id\":\"https:\/\/evolve-fitness.eu\/it\/prodotto\/rack-orizzontale-per-manubri-evolve-10-paia\/#primaryimage\",\"url\":\"https:\/\/evolve-fitness.eu\/wp-content\/uploads\/2023\/11\/EV-RS-DR-100-Evolve-Horizontal-Dumbbell-Rack-10-pairs-PNG.png\",\"contentUrl\":\"https:\/\/evolve-fitness.eu\/wp-content\/uploads\/2023\/11\/EV-RS-DR-100-Evolve-Horizontal-Dumbbell-Rack-10-pairs-PNG.png\",\"width\":800,\"height\":800,\"caption\":\"EV-RS-DR-100\"},{\"@type\":\"BreadcrumbList\",\"@id\":\"https:\/\/evolve-fitness.eu\/it\/prodotto\/rack-orizzontale-per-manubri-evolve-10-paia\/#breadcrumb\",\"itemListElement\":[{\"@type\":\"ListItem\",\"position\":1,\"name\":\"Home\",\"item\":\"https:\/\/evolve-fitness.eu\/it\/\"},{\"@type\":\"ListItem\",\"position\":2,\"name\":\"Prodotti\",\"item\":\"https:\/\/evolve-fitness.eu\/it\/shop\/\"},{\"@type\":\"ListItem\",\"position\":3,\"name\":\"Rack orizzontale per manubri Evolve &#8211; 10 paia\"}]},{\"@type\":\"WebSite\",\"@id\":\"https:\/\/evolve-fitness.eu\/it\/#website\",\"url\":\"https:\/\/evolve-fitness.eu\/it\/\",\"name\":\"Evolve\",\"description\":\"Your Evolved Gear Arrived\",\"publisher\":{\"@id\":\"https:\/\/evolve-fitness.eu\/it\/#organization\"},\"potentialAction\":[{\"@type\":\"SearchAction\",\"target\":{\"@type\":\"EntryPoint\",\"urlTemplate\":\"https:\/\/evolve-fitness.eu\/it\/?s={search_term_string}\"},\"query-input\":{\"@type\":\"PropertyValueSpecification\",\"valueRequired\":true,\"valueName\":\"search_term_string\"}}],\"inLanguage\":\"it-IT\"},{\"@type\":\"Organization\",\"@id\":\"https:\/\/evolve-fitness.eu\/it\/#organization\",\"name\":\"Evolve\",\"url\":\"https:\/\/evolve-fitness.eu\/it\/\",\"logo\":{\"@type\":\"ImageObject\",\"inLanguage\":\"it-IT\",\"@id\":\"https:\/\/evolve-fitness.eu\/it\/#\/schema\/logo\/image\/\",\"url\":\"https:\/\/evolve-fitness.eu\/wp-content\/uploads\/2023\/05\/Evolve-logo.svg\",\"contentUrl\":\"https:\/\/evolve-fitness.eu\/wp-content\/uploads\/2023\/05\/Evolve-logo.svg\",\"width\":176,\"height\":20,\"caption\":\"Evolve\"},\"image\":{\"@id\":\"https:\/\/evolve-fitness.eu\/it\/#\/schema\/logo\/image\/\"},\"sameAs\":[\"https:\/\/www.facebook.com\/EvolveFitnessEurope\"]}]}<\/script>\n<!-- \/ Yoast SEO plugin. -->","yoast_head_json":{"title":"Rack orizzontale per manubri Evolve - 10 paia - Evolve","robots":{"index":"index","follow":"follow","max-snippet":"max-snippet:-1","max-image-preview":"max-image-preview:large","max-video-preview":"max-video-preview:-1"},"canonical":"https:\/\/evolve-fitness.eu\/it\/prodotto\/rack-orizzontale-per-manubri-evolve-10-paia\/","og_locale":"it_IT","og_type":"article","og_title":"Rack orizzontale per manubri Evolve - 10 paia - Evolve","og_url":"https:\/\/evolve-fitness.eu\/it\/prodotto\/rack-orizzontale-per-manubri-evolve-10-paia\/","og_site_name":"Evolve","article_publisher":"https:\/\/www.facebook.com\/EvolveFitnessEurope","article_modified_time":"2026-03-26T18:18:04+00:00","og_image":[{"width":800,"height":800,"url":"https:\/\/evolve-fitness.eu\/wp-content\/uploads\/2023\/11\/EV-RS-DR-100-Evolve-Horizontal-Dumbbell-Rack-10-pairs-PNG.png","type":"image\/png"}],"twitter_card":"summary_large_image","schema":{"@context":"https:\/\/schema.org","@graph":[{"@type":"WebPage","@id":"https:\/\/evolve-fitness.eu\/it\/prodotto\/rack-orizzontale-per-manubri-evolve-10-paia\/","url":"https:\/\/evolve-fitness.eu\/it\/prodotto\/rack-orizzontale-per-manubri-evolve-10-paia\/","name":"Rack orizzontale per manubri Evolve - 10 paia - Evolve","isPartOf":{"@id":"https:\/\/evolve-fitness.eu\/it\/#website"},"primaryImageOfPage":{"@id":"https:\/\/evolve-fitness.eu\/it\/prodotto\/rack-orizzontale-per-manubri-evolve-10-paia\/#primaryimage"},"image":{"@id":"https:\/\/evolve-fitness.eu\/it\/prodotto\/rack-orizzontale-per-manubri-evolve-10-paia\/#primaryimage"},"thumbnailUrl":"https:\/\/evolve-fitness.eu\/wp-content\/uploads\/2023\/11\/EV-RS-DR-100-Evolve-Horizontal-Dumbbell-Rack-10-pairs-PNG.png","datePublished":"2023-11-15T06:30:48+00:00","dateModified":"2026-03-26T18:18:04+00:00","breadcrumb":{"@id":"https:\/\/evolve-fitness.eu\/it\/prodotto\/rack-orizzontale-per-manubri-evolve-10-paia\/#breadcrumb"},"inLanguage":"it-IT","potentialAction":[{"@type":"ReadAction","target":["https:\/\/evolve-fitness.eu\/it\/prodotto\/rack-orizzontale-per-manubri-evolve-10-paia\/"]}]},{"@type":"ImageObject","inLanguage":"it-IT","@id":"https:\/\/evolve-fitness.eu\/it\/prodotto\/rack-orizzontale-per-manubri-evolve-10-paia\/#primaryimage","url":"https:\/\/evolve-fitness.eu\/wp-content\/uploads\/2023\/11\/EV-RS-DR-100-Evolve-Horizontal-Dumbbell-Rack-10-pairs-PNG.png","contentUrl":"https:\/\/evolve-fitness.eu\/wp-content\/uploads\/2023\/11\/EV-RS-DR-100-Evolve-Horizontal-Dumbbell-Rack-10-pairs-PNG.png","width":800,"height":800,"caption":"EV-RS-DR-100"},{"@type":"BreadcrumbList","@id":"https:\/\/evolve-fitness.eu\/it\/prodotto\/rack-orizzontale-per-manubri-evolve-10-paia\/#breadcrumb","itemListElement":[{"@type":"ListItem","position":1,"name":"Home","item":"https:\/\/evolve-fitness.eu\/it\/"},{"@type":"ListItem","position":2,"name":"Prodotti","item":"https:\/\/evolve-fitness.eu\/it\/shop\/"},{"@type":"ListItem","position":3,"name":"Rack orizzontale per manubri Evolve &#8211; 10 paia"}]},{"@type":"WebSite","@id":"https:\/\/evolve-fitness.eu\/it\/#website","url":"https:\/\/evolve-fitness.eu\/it\/","name":"Evolve","description":"Your Evolved Gear Arrived","publisher":{"@id":"https:\/\/evolve-fitness.eu\/it\/#organization"},"potentialAction":[{"@type":"SearchAction","target":{"@type":"EntryPoint","urlTemplate":"https:\/\/evolve-fitness.eu\/it\/?s={search_term_string}"},"query-input":{"@type":"PropertyValueSpecification","valueRequired":true,"valueName":"search_term_string"}}],"inLanguage":"it-IT"},{"@type":"Organization","@id":"https:\/\/evolve-fitness.eu\/it\/#organization","name":"Evolve","url":"https:\/\/evolve-fitness.eu\/it\/","logo":{"@type":"ImageObject","inLanguage":"it-IT","@id":"https:\/\/evolve-fitness.eu\/it\/#\/schema\/logo\/image\/","url":"https:\/\/evolve-fitness.eu\/wp-content\/uploads\/2023\/05\/Evolve-logo.svg","contentUrl":"https:\/\/evolve-fitness.eu\/wp-content\/uploads\/2023\/05\/Evolve-logo.svg","width":176,"height":20,"caption":"Evolve"},"image":{"@id":"https:\/\/evolve-fitness.eu\/it\/#\/schema\/logo\/image\/"},"sameAs":["https:\/\/www.facebook.com\/EvolveFitnessEurope"]}]}},"_links":{"self":[{"href":"https:\/\/evolve-fitness.eu\/it\/wp-json\/wp\/v2\/product\/48025","targetHints":{"allow":["GET"]}}],"collection":[{"href":"https:\/\/evolve-fitness.eu\/it\/wp-json\/wp\/v2\/product"}],"about":[{"href":"https:\/\/evolve-fitness.eu\/it\/wp-json\/wp\/v2\/types\/product"}],"wp:featuredmedia":[{"embeddable":true,"href":"https:\/\/evolve-fitness.eu\/it\/wp-json\/wp\/v2\/media\/175912"}],"wp:attachment":[{"href":"https:\/\/evolve-fitness.eu\/it\/wp-json\/wp\/v2\/media?parent=48025"}],"wp:term":[{"taxonomy":"product_brand","embeddable":true,"href":"https:\/\/evolve-fitness.eu\/it\/wp-json\/wp\/v2\/product_brand?post=48025"},{"taxonomy":"product_cat","embeddable":true,"href":"https:\/\/evolve-fitness.eu\/it\/wp-json\/wp\/v2\/product_cat?post=48025"},{"taxonomy":"product_tag","embeddable":true,"href":"https:\/\/evolve-fitness.eu\/it\/wp-json\/wp\/v2\/product_tag?post=48025"}],"curies":[{"name":"wp","href":"https:\/\/api.w.org\/{rel}","templated":true}]}}