{"id":50319,"date":"2023-09-11T08:41:36","date_gmt":"2023-09-11T08:41:36","guid":{"rendered":"https:\/\/evolve-fitness.eu\/product\/serie-ultra-di-evolve-con-carico-a-piastra-e-fila-bassa\/"},"modified":"2026-03-31T08:39:50","modified_gmt":"2026-03-31T05:39:50","slug":"serie-ultra-di-evolve-con-carico-a-piastra-e-fila-bassa","status":"publish","type":"product","link":"https:\/\/evolve-fitness.eu\/it\/prodotto\/serie-ultra-di-evolve-con-carico-a-piastra-e-fila-bassa\/","title":{"rendered":"Serie Ultra di Evolve con carico a piastra e fila bassa"},"content":{"rendered":"\n<section class=\"wp-block-group alignfull has-lightgray-background-color has-background is-layout-constrained wp-block-group-is-layout-constrained\">\n<div class=\"wp-block-columns alignwide is-layout-flex wp-container-core-columns-is-layout-2edb0647 wp-block-columns-is-layout-flex\" style=\"margin-top:0;margin-bottom:0\">\n<div class=\"wp-block-column is-layout-flow wp-block-column-is-layout-flow\" style=\"flex-basis:33.33%\"><\/div>\n\n\n\n<div class=\"wp-block-column is-layout-flow wp-block-column-is-layout-flow\" style=\"flex-basis:66.66%\"><\/div>\n<\/div>\n<\/section>\n\n<section class=\"wp-block-group alignfull black-content has-white-color has-darkgray-background-color has-text-color has-background is-layout-constrained wp-block-group-is-layout-constrained\" style=\"padding-top:var(--wp--preset--spacing--section-bottom);padding-bottom:var(--wp--preset--spacing--section-bottom)\">\n<section class=\"wp-block-group alignfull black-content has-white-color has-darkgray-background-color has-text-color has-background is-layout-constrained wp-block-group-is-layout-constrained\" style=\"padding-top:var(--wp--preset--spacing--section-bottom);padding-bottom:var(--wp--preset--spacing--section-bottom)\">\n<div class=\"wp-block-columns alignwide mobile-reverse is-layout-flex wp-container-core-columns-is-layout-ca64bf2d wp-block-columns-is-layout-flex\" style=\"margin-bottom:var(--wp--preset--spacing--side-padding)\">\n<div class=\"wp-block-column is-vertically-aligned-center is-layout-flow wp-block-column-is-layout-flow\">\n<h3 class=\"wp-block-heading\" style=\"margin-bottom:var(--wp--preset--spacing--h-3-bottom)\"><strong><strong><strong><strong><strong><strong>Coinvolgimento muscolare mirato<\/strong><\/strong><\/strong><\/strong><\/strong><\/strong><\/h3>\n\n\n\n<p><strong><em><strong><strong><strong><strong>Attivazione focalizzata della schiena<\/strong><\/strong><\/strong><\/strong><\/em><\/strong><\/p>\n\n\n\n<p style=\"margin-bottom:var(--wp--preset--spacing--tb-section-padding)\">L&#8217;attrezzo UL-040 con carico su piastra della serie Ultra di Evolve \u00e8 stato progettato per colpire i principali muscoli della schiena, tra cui il latissimus dorsi, i romboidi e il trapezio medio. Grazie al suo design specializzato, questa macchina garantisce un&#8217;attivazione precisa dei muscoli della schiena, favorendo uno sviluppo equilibrato e la forza delle aree interessate.<\/p>\n\n\n\n<h3 class=\"wp-block-heading\" style=\"margin-bottom:var(--wp--preset--spacing--h-3-bottom)\"><strong><strong><strong><strong><strong><strong><strong><strong>Resistenza regolabile<\/strong><\/strong><\/strong><\/strong><\/strong><\/strong><\/strong><\/strong><\/h3>\n\n\n\n<p><strong><em><strong><strong><strong><strong><strong><strong>Pile di peso personalizzabili<\/strong><\/strong><\/strong><\/strong><\/strong><\/strong><\/em><\/strong><\/p>\n\n\n\n<p>Gli utenti possono facilmente regolare i livelli di resistenza aggiungendo o rimuovendo le piastre di peso, consentendo allenamenti su misura per soddisfare i livelli di forma fisica e gli obiettivi di allenamento individuali. Se gli utenti mirano alla resistenza muscolare, all&#8217;ipertrofia o all&#8217;aumento della forza, la funzione di resistenza regolabile consente un allenamento flessibile per soddisfare diversi obiettivi di fitness.<\/p>\n<\/div>\n\n\n\n<div class=\"wp-block-column is-vertically-aligned-center is-layout-flow wp-block-column-is-layout-flow\">\n<figure class=\"wp-block-video\"><video height=\"2000\" style=\"aspect-ratio: 2000 \/ 2000;\" width=\"2000\" autoplay=\"\" controls=\"\" loop=\"\" muted=\"\" src=\"https:\/\/evolve-fitness.eu\/wp-content\/uploads\/2023\/09\/EV-PL-UL-040-Evolve-Ultra-Series-Plate-Loaded-Low-Row-1.mp4\"><\/video><\/figure>\n<\/div>\n<\/div>\n\n\n\n<div class=\"wp-block-columns alignwide mobile-reverse is-layout-flex wp-container-core-columns-is-layout-ca64bf2d wp-block-columns-is-layout-flex\" style=\"margin-bottom:var(--wp--preset--spacing--side-padding)\">\n<div class=\"wp-block-column is-vertically-aligned-center is-layout-flow wp-block-column-is-layout-flow\">\n<figure class=\"wp-block-image size-large\"><img loading=\"lazy\" decoding=\"async\" width=\"1024\" height=\"1024\" src=\"https:\/\/evolve-fitness.eu\/wp-content\/uploads\/2023\/09\/EV-PL-UL-040-Evolve-Ultra-Series-Plate-Loaded-Low-Row-7-1-1024x1024.jpg\" alt=\"\" class=\"wp-image-194697\" srcset=\"https:\/\/evolve-fitness.eu\/wp-content\/uploads\/2023\/09\/EV-PL-UL-040-Evolve-Ultra-Series-Plate-Loaded-Low-Row-7-1-1024x1024.jpg 1024w, https:\/\/evolve-fitness.eu\/wp-content\/uploads\/2023\/09\/EV-PL-UL-040-Evolve-Ultra-Series-Plate-Loaded-Low-Row-7-1-300x300.jpg 300w, https:\/\/evolve-fitness.eu\/wp-content\/uploads\/2023\/09\/EV-PL-UL-040-Evolve-Ultra-Series-Plate-Loaded-Low-Row-7-1-150x150.jpg 150w, https:\/\/evolve-fitness.eu\/wp-content\/uploads\/2023\/09\/EV-PL-UL-040-Evolve-Ultra-Series-Plate-Loaded-Low-Row-7-1-768x768.jpg 768w, https:\/\/evolve-fitness.eu\/wp-content\/uploads\/2023\/09\/EV-PL-UL-040-Evolve-Ultra-Series-Plate-Loaded-Low-Row-7-1-1536x1536.jpg 1536w, https:\/\/evolve-fitness.eu\/wp-content\/uploads\/2023\/09\/EV-PL-UL-040-Evolve-Ultra-Series-Plate-Loaded-Low-Row-7-1-600x600.jpg 600w, https:\/\/evolve-fitness.eu\/wp-content\/uploads\/2023\/09\/EV-PL-UL-040-Evolve-Ultra-Series-Plate-Loaded-Low-Row-7-1.jpg 2000w\" sizes=\"auto, (max-width: 1024px) 100vw, 1024px\" \/><\/figure>\n<\/div>\n\n\n\n<div class=\"wp-block-column is-vertically-aligned-center is-layout-flow wp-block-column-is-layout-flow\">\n<h3 class=\"wp-block-heading\" style=\"margin-bottom:var(--wp--preset--spacing--h-3-bottom)\"><strong><strong><strong><strong><strong>Design confortevole<\/strong><\/strong><\/strong><\/strong><\/strong><\/h3>\n\n\n\n<p><strong><strong><strong><em>Imbottitura e maniglie ergonomiche<\/em><\/strong><\/strong><\/strong><\/p>\n\n\n\n<p style=\"margin-bottom:var(--wp--preset--spacing--tb-section-padding)\">Progettato per garantire il comfort dell&#8217;utente, il Low Row \u00e8 dotato di cuscinetti e maniglie ergonomiche che favoriscono il corretto allineamento del corpo e il sostegno durante gli allenamenti. Migliora il comfort e la personalizzazione dell&#8217;utente, riducendo il rischio di affaticamento o disagio durante gli esercizi per la schiena.<\/p>\n<\/div>\n<\/div>\n\n\n\n<div class=\"wp-block-columns alignwide mobile-reverse is-layout-flex wp-container-core-columns-is-layout-ca64bf2d wp-block-columns-is-layout-flex\" style=\"margin-bottom:var(--wp--preset--spacing--side-padding)\">\n<div class=\"wp-block-column is-vertically-aligned-center is-layout-flow wp-block-column-is-layout-flow\">\n<h3 class=\"wp-block-heading\" style=\"margin-bottom:var(--wp--preset--spacing--h-3-bottom)\"><strong><strong><strong><strong><strong>Durata e stabilit\u00e0<\/strong><\/strong><\/strong><\/strong><\/strong><\/h3>\n\n\n\n<p><strong><em><strong><strong><strong><strong><strong><strong><strong><strong>Telaio robusto<\/strong><\/strong><\/strong><\/strong><\/strong><\/strong><\/strong><\/strong><\/em><\/strong><\/p>\n\n\n\n<p style=\"margin-bottom:var(--wp--preset--spacing--tb-section-padding)\">Costruita con materiali resistenti e ingegneria di precisione, la serie Evolve Ultra Plate Loaded Low Row garantisce durata e affidabilit\u00e0, adatta sia agli ambienti domestici che alle palestre commerciali. Il suo robusto telaio garantisce stabilit\u00e0 e sicurezza durante gli allenamenti pi\u00f9 intensi, consentendo agli utenti di eseguire esercizi per la schiena con fiducia e senza compromessi.<\/p>\n<\/div>\n\n\n\n<div class=\"wp-block-column is-vertically-aligned-center is-layout-flow wp-block-column-is-layout-flow\">\n<figure class=\"wp-block-image size-large\"><img loading=\"lazy\" decoding=\"async\" width=\"1024\" height=\"1024\" src=\"https:\/\/evolve-fitness.eu\/wp-content\/uploads\/2023\/09\/EV-PL-UL-040-Evolve-Ultra-Series-Plate-Loaded-Low-Row-8-1-1024x1024.jpg\" alt=\"\" class=\"wp-image-194722\" srcset=\"https:\/\/evolve-fitness.eu\/wp-content\/uploads\/2023\/09\/EV-PL-UL-040-Evolve-Ultra-Series-Plate-Loaded-Low-Row-8-1-1024x1024.jpg 1024w, https:\/\/evolve-fitness.eu\/wp-content\/uploads\/2023\/09\/EV-PL-UL-040-Evolve-Ultra-Series-Plate-Loaded-Low-Row-8-1-300x300.jpg 300w, https:\/\/evolve-fitness.eu\/wp-content\/uploads\/2023\/09\/EV-PL-UL-040-Evolve-Ultra-Series-Plate-Loaded-Low-Row-8-1-150x150.jpg 150w, https:\/\/evolve-fitness.eu\/wp-content\/uploads\/2023\/09\/EV-PL-UL-040-Evolve-Ultra-Series-Plate-Loaded-Low-Row-8-1-768x768.jpg 768w, https:\/\/evolve-fitness.eu\/wp-content\/uploads\/2023\/09\/EV-PL-UL-040-Evolve-Ultra-Series-Plate-Loaded-Low-Row-8-1-1536x1536.jpg 1536w, https:\/\/evolve-fitness.eu\/wp-content\/uploads\/2023\/09\/EV-PL-UL-040-Evolve-Ultra-Series-Plate-Loaded-Low-Row-8-1-600x600.jpg 600w, https:\/\/evolve-fitness.eu\/wp-content\/uploads\/2023\/09\/EV-PL-UL-040-Evolve-Ultra-Series-Plate-Loaded-Low-Row-8-1.jpg 2000w\" sizes=\"auto, (max-width: 1024px) 100vw, 1024px\" \/><\/figure>\n<\/div>\n<\/div>\n\n\n\n<div class=\"wp-block-columns alignwide mobile-reverse is-layout-flex wp-container-core-columns-is-layout-ca64bf2d wp-block-columns-is-layout-flex\" style=\"margin-bottom:var(--wp--preset--spacing--side-padding)\">\n<div class=\"wp-block-column is-vertically-aligned-center is-layout-flow wp-block-column-is-layout-flow\">\n<figure class=\"wp-block-image size-large\"><img loading=\"lazy\" decoding=\"async\" width=\"1024\" height=\"1024\" src=\"https:\/\/evolve-fitness.eu\/wp-content\/uploads\/2023\/09\/EV-PL-UL-040-Evolve-Ultra-Series-Plate-Loaded-Low-Row-5-1-1024x1024.jpg\" alt=\"\" class=\"wp-image-194748\" srcset=\"https:\/\/evolve-fitness.eu\/wp-content\/uploads\/2023\/09\/EV-PL-UL-040-Evolve-Ultra-Series-Plate-Loaded-Low-Row-5-1-1024x1024.jpg 1024w, https:\/\/evolve-fitness.eu\/wp-content\/uploads\/2023\/09\/EV-PL-UL-040-Evolve-Ultra-Series-Plate-Loaded-Low-Row-5-1-300x300.jpg 300w, https:\/\/evolve-fitness.eu\/wp-content\/uploads\/2023\/09\/EV-PL-UL-040-Evolve-Ultra-Series-Plate-Loaded-Low-Row-5-1-150x150.jpg 150w, https:\/\/evolve-fitness.eu\/wp-content\/uploads\/2023\/09\/EV-PL-UL-040-Evolve-Ultra-Series-Plate-Loaded-Low-Row-5-1-768x768.jpg 768w, https:\/\/evolve-fitness.eu\/wp-content\/uploads\/2023\/09\/EV-PL-UL-040-Evolve-Ultra-Series-Plate-Loaded-Low-Row-5-1-1536x1536.jpg 1536w, https:\/\/evolve-fitness.eu\/wp-content\/uploads\/2023\/09\/EV-PL-UL-040-Evolve-Ultra-Series-Plate-Loaded-Low-Row-5-1-600x600.jpg 600w, https:\/\/evolve-fitness.eu\/wp-content\/uploads\/2023\/09\/EV-PL-UL-040-Evolve-Ultra-Series-Plate-Loaded-Low-Row-5-1.jpg 2000w\" sizes=\"auto, (max-width: 1024px) 100vw, 1024px\" \/><\/figure>\n<\/div>\n\n\n\n<div class=\"wp-block-column is-vertically-aligned-center is-layout-flow wp-block-column-is-layout-flow\">\n<h3 class=\"wp-block-heading\" style=\"margin-bottom:var(--wp--preset--spacing--h-3-bottom)\"><strong><strong><strong><strong><strong><strong><strong><strong>Ingombro ridotto<\/strong><\/strong><\/strong><\/strong><\/strong><\/strong><\/strong><\/strong><\/h3>\n\n\n\n<p><strong><em>Design efficiente dal punto di vista dello spazio<\/em><\/strong><\/p>\n\n\n\n<p>Nonostante la sua funzionalit\u00e0, il Low Row ha un ingombro ridotto che lo rende adatto a chi ha uno spazio limitato per allenarsi. Il suo design snello massimizza l&#8217;efficienza dello spazio senza sacrificare la funzionalit\u00e0, garantendo un&#8217;area di allenamento efficiente per sessioni di back training efficaci.<\/p>\n<\/div>\n<\/div>\n<\/section>\n<\/section>\n","protected":false},"excerpt":{"rendered":"<p>Elevate la vostra palestra con l&#8217;Evolve Ultra Series Plate Loaded Low Row UL-040. Progettato per l&#8217;uso commerciale, \u00e8 perfetto per la muscolatura della schiena. Con un robusto telaio in acciaio, maniglie antiscivolo e 4 barre portapesi integrate, combina durata, sicurezza e praticit\u00e0. \u00c8 possibile anche personalizzarne i colori per adattarli al marchio della palestra. Questa macchina promuove la postura corretta, la stabilit\u00e0 articolare e il movimento unilaterale delle braccia, rendendola un&#8217;aggiunta versatile a qualsiasi centro fitness. Potenziate la vostra palestra con l&#8217;Evolve Low Row.<\/p>\n","protected":false},"featured_media":108256,"template":"","meta":{"_acf_changed":false,"inline_featured_image":false},"product_brand":[],"product_cat":[4880,4881],"product_tag":[],"class_list":{"0":"post-50319","1":"product","2":"type-product","3":"status-publish","4":"has-post-thumbnail","6":"product_cat-macchine-a-piastre","7":"product_cat-macchine-con-carico-a-piastra-della-serie-ultra","9":"first","10":"instock","11":"virtual","12":"purchasable","13":"product-type-simple"},"acf":{"long_title":"Serie Evolve Ultra con carico a piastra per file basse, UL-040","subtitle":"","specifications":[{"label":"SKU","text_value":"EV-PL-UL-040","icon":"x"},{"label":"Dimensioni","text_value":"1550 x 1280 x 1690 mm","icon":"x"},{"label":"Peso  ","text_value":"131 kg","icon":"x"},{"label":"Max. carico  ","text_value":"300 kg","icon":"x"},{"label":"Pioli per riporre le piastre dei pesi","text_value":"4","icon":"v"},{"label":"Spessore del telaio","text_value":"3 mm","icon":"x"},{"label":"Resistenza","text_value":"Il caricamento delle piastre di peso con un manicotto da 51 mm avviene su due supporti, in modo indipendente per ogni braccio.","icon":"x"},{"label":"Sedile regolabile verticalmente","text_value":"","icon":"v"},{"label":"Il meccanismo di regolazione del sedile \u00e8 dotato di un ammortizzatore integrato che assiste il movimento di sollevamento del sedile.","text_value":"","icon":"v"},{"label":"Le maniglie si muovono indipendentemente l'una dall'altra","text_value":"","icon":"v"},{"label":"Movimento unilaterale del braccio","text_value":"","icon":"v"},{"label":"Imbottitura spessa rivestita in pelle sintetica antibatterica","text_value":"","icon":"v"},{"label":"Maniglie di regolazione dai colori vivaci per una facile identificazione","text_value":"","icon":"v"},{"label":"Telaio aperto per un facile accesso","text_value":"","icon":"v"},{"label":"Protezioni per pavimenti durevoli","text_value":"","icon":"v"},{"label":"Maniglie antiscivolo","text_value":"","icon":"v"},{"label":"Struttura in metallo senza spigoli vivi","text_value":"","icon":"v"},{"label":"Vernice anticorrosione","text_value":"","icon":"v"},{"label":"Garanzia  ","text_value":"2 anni","icon":"x"}]},"yoast_head":"<!-- This site is optimized with the Yoast SEO plugin v27.4 - https:\/\/yoast.com\/product\/yoast-seo-wordpress\/ -->\n<title>Serie Ultra di Evolve con carico a piastra e fila bassa - Evolve<\/title>\n<meta name=\"robots\" content=\"index, follow, max-snippet:-1, max-image-preview:large, max-video-preview:-1\" \/>\n<link rel=\"canonical\" href=\"https:\/\/evolve-fitness.eu\/it\/prodotto\/serie-ultra-di-evolve-con-carico-a-piastra-e-fila-bassa\/\" \/>\n<meta property=\"og:locale\" content=\"it_IT\" \/>\n<meta property=\"og:type\" content=\"article\" \/>\n<meta property=\"og:title\" content=\"Serie Ultra di Evolve con carico a piastra e fila bassa - Evolve\" \/>\n<meta property=\"og:url\" content=\"https:\/\/evolve-fitness.eu\/it\/prodotto\/serie-ultra-di-evolve-con-carico-a-piastra-e-fila-bassa\/\" \/>\n<meta property=\"og:site_name\" content=\"Evolve\" \/>\n<meta property=\"article:publisher\" content=\"https:\/\/www.facebook.com\/EvolveFitnessEurope\" \/>\n<meta property=\"article:modified_time\" content=\"2026-03-31T05:39:50+00:00\" \/>\n<meta property=\"og:image\" content=\"https:\/\/evolve-fitness.eu\/wp-content\/uploads\/2023\/09\/EV-PL-UL-040-Evolve-Ultra-Series-Plate-Loaded-Low-Row-1.png\" \/>\n\t<meta property=\"og:image:width\" content=\"680\" \/>\n\t<meta property=\"og:image:height\" content=\"600\" \/>\n\t<meta property=\"og:image:type\" content=\"image\/png\" \/>\n<meta name=\"twitter:card\" content=\"summary_large_image\" \/>\n<script type=\"application\/ld+json\" class=\"yoast-schema-graph\">{\"@context\":\"https:\\\/\\\/schema.org\",\"@graph\":[{\"@type\":\"WebPage\",\"@id\":\"https:\\\/\\\/evolve-fitness.eu\\\/it\\\/prodotto\\\/serie-ultra-di-evolve-con-carico-a-piastra-e-fila-bassa\\\/\",\"url\":\"https:\\\/\\\/evolve-fitness.eu\\\/it\\\/prodotto\\\/serie-ultra-di-evolve-con-carico-a-piastra-e-fila-bassa\\\/\",\"name\":\"Serie Ultra di Evolve con carico a piastra e fila bassa - Evolve\",\"isPartOf\":{\"@id\":\"https:\\\/\\\/evolve-fitness.eu\\\/it\\\/#website\"},\"primaryImageOfPage\":{\"@id\":\"https:\\\/\\\/evolve-fitness.eu\\\/it\\\/prodotto\\\/serie-ultra-di-evolve-con-carico-a-piastra-e-fila-bassa\\\/#primaryimage\"},\"image\":{\"@id\":\"https:\\\/\\\/evolve-fitness.eu\\\/it\\\/prodotto\\\/serie-ultra-di-evolve-con-carico-a-piastra-e-fila-bassa\\\/#primaryimage\"},\"thumbnailUrl\":\"https:\\\/\\\/evolve-fitness.eu\\\/wp-content\\\/uploads\\\/2023\\\/09\\\/EV-PL-UL-040-Evolve-Ultra-Series-Plate-Loaded-Low-Row-1.png\",\"datePublished\":\"2023-09-11T08:41:36+00:00\",\"dateModified\":\"2026-03-31T05:39:50+00:00\",\"breadcrumb\":{\"@id\":\"https:\\\/\\\/evolve-fitness.eu\\\/it\\\/prodotto\\\/serie-ultra-di-evolve-con-carico-a-piastra-e-fila-bassa\\\/#breadcrumb\"},\"inLanguage\":\"it-IT\",\"potentialAction\":[{\"@type\":\"ReadAction\",\"target\":[\"https:\\\/\\\/evolve-fitness.eu\\\/it\\\/prodotto\\\/serie-ultra-di-evolve-con-carico-a-piastra-e-fila-bassa\\\/\"]}]},{\"@type\":\"ImageObject\",\"inLanguage\":\"it-IT\",\"@id\":\"https:\\\/\\\/evolve-fitness.eu\\\/it\\\/prodotto\\\/serie-ultra-di-evolve-con-carico-a-piastra-e-fila-bassa\\\/#primaryimage\",\"url\":\"https:\\\/\\\/evolve-fitness.eu\\\/wp-content\\\/uploads\\\/2023\\\/09\\\/EV-PL-UL-040-Evolve-Ultra-Series-Plate-Loaded-Low-Row-1.png\",\"contentUrl\":\"https:\\\/\\\/evolve-fitness.eu\\\/wp-content\\\/uploads\\\/2023\\\/09\\\/EV-PL-UL-040-Evolve-Ultra-Series-Plate-Loaded-Low-Row-1.png\",\"width\":680,\"height\":600,\"caption\":\"EV-PL-UL-040\"},{\"@type\":\"BreadcrumbList\",\"@id\":\"https:\\\/\\\/evolve-fitness.eu\\\/it\\\/prodotto\\\/serie-ultra-di-evolve-con-carico-a-piastra-e-fila-bassa\\\/#breadcrumb\",\"itemListElement\":[{\"@type\":\"ListItem\",\"position\":1,\"name\":\"Home\",\"item\":\"https:\\\/\\\/evolve-fitness.eu\\\/it\\\/\"},{\"@type\":\"ListItem\",\"position\":2,\"name\":\"Prodotti\",\"item\":\"https:\\\/\\\/evolve-fitness.eu\\\/it\\\/shop\\\/\"},{\"@type\":\"ListItem\",\"position\":3,\"name\":\"Serie Ultra di Evolve con carico a piastra e fila bassa\"}]},{\"@type\":\"WebSite\",\"@id\":\"https:\\\/\\\/evolve-fitness.eu\\\/it\\\/#website\",\"url\":\"https:\\\/\\\/evolve-fitness.eu\\\/it\\\/\",\"name\":\"Evolve\",\"description\":\"Your Evolved Gear Arrived\",\"publisher\":{\"@id\":\"https:\\\/\\\/evolve-fitness.eu\\\/it\\\/#organization\"},\"potentialAction\":[{\"@type\":\"SearchAction\",\"target\":{\"@type\":\"EntryPoint\",\"urlTemplate\":\"https:\\\/\\\/evolve-fitness.eu\\\/it\\\/?s={search_term_string}\"},\"query-input\":{\"@type\":\"PropertyValueSpecification\",\"valueRequired\":true,\"valueName\":\"search_term_string\"}}],\"inLanguage\":\"it-IT\"},{\"@type\":\"Organization\",\"@id\":\"https:\\\/\\\/evolve-fitness.eu\\\/it\\\/#organization\",\"name\":\"Evolve\",\"url\":\"https:\\\/\\\/evolve-fitness.eu\\\/it\\\/\",\"logo\":{\"@type\":\"ImageObject\",\"inLanguage\":\"it-IT\",\"@id\":\"https:\\\/\\\/evolve-fitness.eu\\\/it\\\/#\\\/schema\\\/logo\\\/image\\\/\",\"url\":\"https:\\\/\\\/evolve-fitness.eu\\\/wp-content\\\/uploads\\\/2023\\\/05\\\/Evolve-logo.svg\",\"contentUrl\":\"https:\\\/\\\/evolve-fitness.eu\\\/wp-content\\\/uploads\\\/2023\\\/05\\\/Evolve-logo.svg\",\"width\":176,\"height\":20,\"caption\":\"Evolve\"},\"image\":{\"@id\":\"https:\\\/\\\/evolve-fitness.eu\\\/it\\\/#\\\/schema\\\/logo\\\/image\\\/\"},\"sameAs\":[\"https:\\\/\\\/www.facebook.com\\\/EvolveFitnessEurope\"]}]}<\/script>\n<!-- \/ Yoast SEO plugin. -->","yoast_head_json":{"title":"Serie Ultra di Evolve con carico a piastra e fila bassa - Evolve","robots":{"index":"index","follow":"follow","max-snippet":"max-snippet:-1","max-image-preview":"max-image-preview:large","max-video-preview":"max-video-preview:-1"},"canonical":"https:\/\/evolve-fitness.eu\/it\/prodotto\/serie-ultra-di-evolve-con-carico-a-piastra-e-fila-bassa\/","og_locale":"it_IT","og_type":"article","og_title":"Serie Ultra di Evolve con carico a piastra e fila bassa - Evolve","og_url":"https:\/\/evolve-fitness.eu\/it\/prodotto\/serie-ultra-di-evolve-con-carico-a-piastra-e-fila-bassa\/","og_site_name":"Evolve","article_publisher":"https:\/\/www.facebook.com\/EvolveFitnessEurope","article_modified_time":"2026-03-31T05:39:50+00:00","og_image":[{"width":680,"height":600,"url":"https:\/\/evolve-fitness.eu\/wp-content\/uploads\/2023\/09\/EV-PL-UL-040-Evolve-Ultra-Series-Plate-Loaded-Low-Row-1.png","type":"image\/png"}],"twitter_card":"summary_large_image","schema":{"@context":"https:\/\/schema.org","@graph":[{"@type":"WebPage","@id":"https:\/\/evolve-fitness.eu\/it\/prodotto\/serie-ultra-di-evolve-con-carico-a-piastra-e-fila-bassa\/","url":"https:\/\/evolve-fitness.eu\/it\/prodotto\/serie-ultra-di-evolve-con-carico-a-piastra-e-fila-bassa\/","name":"Serie Ultra di Evolve con carico a piastra e fila bassa - Evolve","isPartOf":{"@id":"https:\/\/evolve-fitness.eu\/it\/#website"},"primaryImageOfPage":{"@id":"https:\/\/evolve-fitness.eu\/it\/prodotto\/serie-ultra-di-evolve-con-carico-a-piastra-e-fila-bassa\/#primaryimage"},"image":{"@id":"https:\/\/evolve-fitness.eu\/it\/prodotto\/serie-ultra-di-evolve-con-carico-a-piastra-e-fila-bassa\/#primaryimage"},"thumbnailUrl":"https:\/\/evolve-fitness.eu\/wp-content\/uploads\/2023\/09\/EV-PL-UL-040-Evolve-Ultra-Series-Plate-Loaded-Low-Row-1.png","datePublished":"2023-09-11T08:41:36+00:00","dateModified":"2026-03-31T05:39:50+00:00","breadcrumb":{"@id":"https:\/\/evolve-fitness.eu\/it\/prodotto\/serie-ultra-di-evolve-con-carico-a-piastra-e-fila-bassa\/#breadcrumb"},"inLanguage":"it-IT","potentialAction":[{"@type":"ReadAction","target":["https:\/\/evolve-fitness.eu\/it\/prodotto\/serie-ultra-di-evolve-con-carico-a-piastra-e-fila-bassa\/"]}]},{"@type":"ImageObject","inLanguage":"it-IT","@id":"https:\/\/evolve-fitness.eu\/it\/prodotto\/serie-ultra-di-evolve-con-carico-a-piastra-e-fila-bassa\/#primaryimage","url":"https:\/\/evolve-fitness.eu\/wp-content\/uploads\/2023\/09\/EV-PL-UL-040-Evolve-Ultra-Series-Plate-Loaded-Low-Row-1.png","contentUrl":"https:\/\/evolve-fitness.eu\/wp-content\/uploads\/2023\/09\/EV-PL-UL-040-Evolve-Ultra-Series-Plate-Loaded-Low-Row-1.png","width":680,"height":600,"caption":"EV-PL-UL-040"},{"@type":"BreadcrumbList","@id":"https:\/\/evolve-fitness.eu\/it\/prodotto\/serie-ultra-di-evolve-con-carico-a-piastra-e-fila-bassa\/#breadcrumb","itemListElement":[{"@type":"ListItem","position":1,"name":"Home","item":"https:\/\/evolve-fitness.eu\/it\/"},{"@type":"ListItem","position":2,"name":"Prodotti","item":"https:\/\/evolve-fitness.eu\/it\/shop\/"},{"@type":"ListItem","position":3,"name":"Serie Ultra di Evolve con carico a piastra e fila bassa"}]},{"@type":"WebSite","@id":"https:\/\/evolve-fitness.eu\/it\/#website","url":"https:\/\/evolve-fitness.eu\/it\/","name":"Evolve","description":"Your Evolved Gear Arrived","publisher":{"@id":"https:\/\/evolve-fitness.eu\/it\/#organization"},"potentialAction":[{"@type":"SearchAction","target":{"@type":"EntryPoint","urlTemplate":"https:\/\/evolve-fitness.eu\/it\/?s={search_term_string}"},"query-input":{"@type":"PropertyValueSpecification","valueRequired":true,"valueName":"search_term_string"}}],"inLanguage":"it-IT"},{"@type":"Organization","@id":"https:\/\/evolve-fitness.eu\/it\/#organization","name":"Evolve","url":"https:\/\/evolve-fitness.eu\/it\/","logo":{"@type":"ImageObject","inLanguage":"it-IT","@id":"https:\/\/evolve-fitness.eu\/it\/#\/schema\/logo\/image\/","url":"https:\/\/evolve-fitness.eu\/wp-content\/uploads\/2023\/05\/Evolve-logo.svg","contentUrl":"https:\/\/evolve-fitness.eu\/wp-content\/uploads\/2023\/05\/Evolve-logo.svg","width":176,"height":20,"caption":"Evolve"},"image":{"@id":"https:\/\/evolve-fitness.eu\/it\/#\/schema\/logo\/image\/"},"sameAs":["https:\/\/www.facebook.com\/EvolveFitnessEurope"]}]}},"_links":{"self":[{"href":"https:\/\/evolve-fitness.eu\/it\/wp-json\/wp\/v2\/product\/50319","targetHints":{"allow":["GET"]}}],"collection":[{"href":"https:\/\/evolve-fitness.eu\/it\/wp-json\/wp\/v2\/product"}],"about":[{"href":"https:\/\/evolve-fitness.eu\/it\/wp-json\/wp\/v2\/types\/product"}],"wp:featuredmedia":[{"embeddable":true,"href":"https:\/\/evolve-fitness.eu\/it\/wp-json\/wp\/v2\/media\/108256"}],"wp:attachment":[{"href":"https:\/\/evolve-fitness.eu\/it\/wp-json\/wp\/v2\/media?parent=50319"}],"wp:term":[{"taxonomy":"product_brand","embeddable":true,"href":"https:\/\/evolve-fitness.eu\/it\/wp-json\/wp\/v2\/product_brand?post=50319"},{"taxonomy":"product_cat","embeddable":true,"href":"https:\/\/evolve-fitness.eu\/it\/wp-json\/wp\/v2\/product_cat?post=50319"},{"taxonomy":"product_tag","embeddable":true,"href":"https:\/\/evolve-fitness.eu\/it\/wp-json\/wp\/v2\/product_tag?post=50319"}],"curies":[{"name":"wp","href":"https:\/\/api.w.org\/{rel}","templated":true}]}}