{"id":69389,"date":"2023-11-21T08:34:05","date_gmt":"2023-11-21T08:34:05","guid":{"rendered":"https:\/\/evolve-fitness.eu\/product\/manubrio-olimpico-evolve-prime-series-220-cm-20-kg\/"},"modified":"2026-04-09T15:25:43","modified_gmt":"2026-04-09T12:25:43","slug":"manubrio-olimpico-evolve-prime-series-220-cm-20-kg","status":"publish","type":"product","link":"https:\/\/evolve-fitness.eu\/it\/prodotto\/manubrio-olimpico-evolve-prime-series-220-cm-20-kg\/","title":{"rendered":"Barra olimpica Evolve Prime Series &#8211; 220 cm \/ 20 kg (PR-220)"},"content":{"rendered":"\n<section class=\"wp-block-group alignfull has-lightgray-background-color has-background is-layout-constrained wp-block-group-is-layout-constrained\">\n<div class=\"wp-block-columns alignwide is-layout-flex wp-container-core-columns-is-layout-2edb0647 wp-block-columns-is-layout-flex\" style=\"margin-top:0;margin-bottom:0\">\n<div class=\"wp-block-column is-layout-flow wp-block-column-is-layout-flow\" style=\"flex-basis:33.33%\"><\/div>\n\n\n\n<div class=\"wp-block-column is-layout-flow wp-block-column-is-layout-flow\" style=\"flex-basis:66.66%\"><\/div>\n<\/div>\n<\/section>\n","protected":false},"excerpt":{"rendered":"<p>Scoprite la barra olimpica Evolve Prime Series, un bilanciere da 220 cm e 20 kg realizzato per un uso domestico e commerciale rigoroso. Progettato con 6 cuscinetti a rullini e 2 a sfere e boccole in rame, garantisce durata e prestazioni uniformi. Con una capacit\u00e0 di carico massima di 1043 kg, questa barra ha un diametro della boccola della piastra di peso di \u00d850 mm e un diametro interno della barra di \u00d828 mm per una movimentazione confortevole. La finitura cromata ne esalta il design elegante e la durata. Ideale per i sollevamenti pesanti, \u00e8 dotato di una garanzia di 2 anni, che lo rende una scelta affidabile per gli atleti seri.<\/p>\n","protected":false},"featured_media":69394,"template":"","meta":{"_acf_changed":false,"inline_featured_image":false},"product_brand":[],"product_cat":[5016,13032,1460],"product_tag":[],"class_list":{"0":"post-69389","1":"product","2":"type-product","3":"status-publish","4":"has-post-thumbnail","6":"product_cat-bar-e-accessori","7":"product_cat-hyrox-gear","8":"product_cat-pesi-liberi","10":"first","11":"instock","12":"shipping-taxable","13":"purchasable","14":"product-type-simple"},"acf":{"long_title":"Barra olimpica Evolve Prime Series - 220 cm \/ 20 kg (PR-220)","subtitle":"","specifications":[{"label":"SKU","text_value":"EV-OB-PR-220","icon":"x"},{"label":"Lunghezza","text_value":"2200 mm","icon":"v"},{"label":"Peso","text_value":"20 kg","icon":"v"},{"label":"Carico massimo","text_value":"1043 kg","icon":"v"},{"label":"Diametro della boccola della piastra di peso","text_value":"\u00d8 50 mm","icon":"x"},{"label":"Diametro interno della barra","text_value":"\u00d8 28 mm","icon":"v"},{"label":"Orecchini di legno","text_value":"8","icon":"x"},{"label":"Boccole","text_value":"Cuscinetti a rullini e boccole","icon":"v"},{"label":"Lunghezza della boccola per i pesi","text_value":"415 mm","icon":"v"},{"label":"Profondit\u00e0 della zigrinatura della barra","text_value":"1,5 mm","icon":"v"},{"label":"Tipo di zigrinatura della barra","text_value":"FMI","icon":"v"},{"label":"Superficie interna della barra","text_value":"Cromo","icon":"v"},{"label":"Superficie del manicotto del peso della barra","text_value":"Cromo","icon":"v"},{"label":"Affilatura della zigrinatura della barra","text_value":"Affilato","icon":"v"},{"label":"Garanzia","text_value":"2 anni","icon":"v"}],"product_frequently_asked_questions":null},"yoast_head":"<!-- This site is optimized with the Yoast SEO plugin v27.4 - https:\/\/yoast.com\/product\/yoast-seo-wordpress\/ -->\n<title>Barra olimpica Evolve Prime Series - 220 cm \/ 20 kg (PR-220) - Evolve<\/title>\n<meta name=\"robots\" content=\"index, follow, max-snippet:-1, max-image-preview:large, max-video-preview:-1\" \/>\n<link rel=\"canonical\" href=\"https:\/\/evolve-fitness.eu\/it\/prodotto\/manubrio-olimpico-evolve-prime-series-220-cm-20-kg\/\" \/>\n<meta property=\"og:locale\" content=\"it_IT\" \/>\n<meta property=\"og:type\" content=\"article\" \/>\n<meta property=\"og:title\" content=\"Barra olimpica Evolve Prime Series - 220 cm \/ 20 kg (PR-220) - Evolve\" \/>\n<meta property=\"og:url\" content=\"https:\/\/evolve-fitness.eu\/it\/prodotto\/manubrio-olimpico-evolve-prime-series-220-cm-20-kg\/\" \/>\n<meta property=\"og:site_name\" content=\"Evolve\" \/>\n<meta property=\"article:publisher\" content=\"https:\/\/www.facebook.com\/EvolveFitnessEurope\" \/>\n<meta property=\"article:modified_time\" content=\"2026-04-09T12:25:43+00:00\" \/>\n<meta property=\"og:image\" content=\"https:\/\/evolve-fitness.eu\/wp-content\/uploads\/2023\/11\/Evolve-Prime-Series-Olympic-Women-Bar-201-cm-1.png\" \/>\n\t<meta property=\"og:image:width\" content=\"680\" \/>\n\t<meta property=\"og:image:height\" content=\"600\" \/>\n\t<meta property=\"og:image:type\" content=\"image\/png\" \/>\n<meta name=\"twitter:card\" content=\"summary_large_image\" \/>\n<script type=\"application\/ld+json\" class=\"yoast-schema-graph\">{\"@context\":\"https:\\\/\\\/schema.org\",\"@graph\":[{\"@type\":\"WebPage\",\"@id\":\"https:\\\/\\\/evolve-fitness.eu\\\/it\\\/prodotto\\\/manubrio-olimpico-evolve-prime-series-220-cm-20-kg\\\/\",\"url\":\"https:\\\/\\\/evolve-fitness.eu\\\/it\\\/prodotto\\\/manubrio-olimpico-evolve-prime-series-220-cm-20-kg\\\/\",\"name\":\"Barra olimpica Evolve Prime Series - 220 cm \\\/ 20 kg (PR-220) - Evolve\",\"isPartOf\":{\"@id\":\"https:\\\/\\\/evolve-fitness.eu\\\/it\\\/#website\"},\"primaryImageOfPage\":{\"@id\":\"https:\\\/\\\/evolve-fitness.eu\\\/it\\\/prodotto\\\/manubrio-olimpico-evolve-prime-series-220-cm-20-kg\\\/#primaryimage\"},\"image\":{\"@id\":\"https:\\\/\\\/evolve-fitness.eu\\\/it\\\/prodotto\\\/manubrio-olimpico-evolve-prime-series-220-cm-20-kg\\\/#primaryimage\"},\"thumbnailUrl\":\"https:\\\/\\\/evolve-fitness.eu\\\/wp-content\\\/uploads\\\/2023\\\/11\\\/Evolve-Prime-Series-Olympic-Women-Bar-201-cm-1.png\",\"datePublished\":\"2023-11-21T08:34:05+00:00\",\"dateModified\":\"2026-04-09T12:25:43+00:00\",\"breadcrumb\":{\"@id\":\"https:\\\/\\\/evolve-fitness.eu\\\/it\\\/prodotto\\\/manubrio-olimpico-evolve-prime-series-220-cm-20-kg\\\/#breadcrumb\"},\"inLanguage\":\"it-IT\",\"potentialAction\":[{\"@type\":\"ReadAction\",\"target\":[\"https:\\\/\\\/evolve-fitness.eu\\\/it\\\/prodotto\\\/manubrio-olimpico-evolve-prime-series-220-cm-20-kg\\\/\"]}]},{\"@type\":\"ImageObject\",\"inLanguage\":\"it-IT\",\"@id\":\"https:\\\/\\\/evolve-fitness.eu\\\/it\\\/prodotto\\\/manubrio-olimpico-evolve-prime-series-220-cm-20-kg\\\/#primaryimage\",\"url\":\"https:\\\/\\\/evolve-fitness.eu\\\/wp-content\\\/uploads\\\/2023\\\/11\\\/Evolve-Prime-Series-Olympic-Women-Bar-201-cm-1.png\",\"contentUrl\":\"https:\\\/\\\/evolve-fitness.eu\\\/wp-content\\\/uploads\\\/2023\\\/11\\\/Evolve-Prime-Series-Olympic-Women-Bar-201-cm-1.png\",\"width\":680,\"height\":600,\"caption\":\"EV-OB-PR-220\"},{\"@type\":\"BreadcrumbList\",\"@id\":\"https:\\\/\\\/evolve-fitness.eu\\\/it\\\/prodotto\\\/manubrio-olimpico-evolve-prime-series-220-cm-20-kg\\\/#breadcrumb\",\"itemListElement\":[{\"@type\":\"ListItem\",\"position\":1,\"name\":\"Home\",\"item\":\"https:\\\/\\\/evolve-fitness.eu\\\/it\\\/\"},{\"@type\":\"ListItem\",\"position\":2,\"name\":\"Prodotti\",\"item\":\"https:\\\/\\\/evolve-fitness.eu\\\/it\\\/shop\\\/\"},{\"@type\":\"ListItem\",\"position\":3,\"name\":\"Barra olimpica Evolve Prime Series &#8211; 220 cm \\\/ 20 kg (PR-220)\"}]},{\"@type\":\"WebSite\",\"@id\":\"https:\\\/\\\/evolve-fitness.eu\\\/it\\\/#website\",\"url\":\"https:\\\/\\\/evolve-fitness.eu\\\/it\\\/\",\"name\":\"Evolve\",\"description\":\"Your Evolved Gear Arrived\",\"publisher\":{\"@id\":\"https:\\\/\\\/evolve-fitness.eu\\\/it\\\/#organization\"},\"potentialAction\":[{\"@type\":\"SearchAction\",\"target\":{\"@type\":\"EntryPoint\",\"urlTemplate\":\"https:\\\/\\\/evolve-fitness.eu\\\/it\\\/?s={search_term_string}\"},\"query-input\":{\"@type\":\"PropertyValueSpecification\",\"valueRequired\":true,\"valueName\":\"search_term_string\"}}],\"inLanguage\":\"it-IT\"},{\"@type\":\"Organization\",\"@id\":\"https:\\\/\\\/evolve-fitness.eu\\\/it\\\/#organization\",\"name\":\"Evolve\",\"url\":\"https:\\\/\\\/evolve-fitness.eu\\\/it\\\/\",\"logo\":{\"@type\":\"ImageObject\",\"inLanguage\":\"it-IT\",\"@id\":\"https:\\\/\\\/evolve-fitness.eu\\\/it\\\/#\\\/schema\\\/logo\\\/image\\\/\",\"url\":\"https:\\\/\\\/evolve-fitness.eu\\\/wp-content\\\/uploads\\\/2023\\\/05\\\/Evolve-logo.svg\",\"contentUrl\":\"https:\\\/\\\/evolve-fitness.eu\\\/wp-content\\\/uploads\\\/2023\\\/05\\\/Evolve-logo.svg\",\"width\":176,\"height\":20,\"caption\":\"Evolve\"},\"image\":{\"@id\":\"https:\\\/\\\/evolve-fitness.eu\\\/it\\\/#\\\/schema\\\/logo\\\/image\\\/\"},\"sameAs\":[\"https:\\\/\\\/www.facebook.com\\\/EvolveFitnessEurope\"]}]}<\/script>\n<!-- \/ Yoast SEO plugin. -->","yoast_head_json":{"title":"Barra olimpica Evolve Prime Series - 220 cm \/ 20 kg (PR-220) - Evolve","robots":{"index":"index","follow":"follow","max-snippet":"max-snippet:-1","max-image-preview":"max-image-preview:large","max-video-preview":"max-video-preview:-1"},"canonical":"https:\/\/evolve-fitness.eu\/it\/prodotto\/manubrio-olimpico-evolve-prime-series-220-cm-20-kg\/","og_locale":"it_IT","og_type":"article","og_title":"Barra olimpica Evolve Prime Series - 220 cm \/ 20 kg (PR-220) - Evolve","og_url":"https:\/\/evolve-fitness.eu\/it\/prodotto\/manubrio-olimpico-evolve-prime-series-220-cm-20-kg\/","og_site_name":"Evolve","article_publisher":"https:\/\/www.facebook.com\/EvolveFitnessEurope","article_modified_time":"2026-04-09T12:25:43+00:00","og_image":[{"width":680,"height":600,"url":"https:\/\/evolve-fitness.eu\/wp-content\/uploads\/2023\/11\/Evolve-Prime-Series-Olympic-Women-Bar-201-cm-1.png","type":"image\/png"}],"twitter_card":"summary_large_image","schema":{"@context":"https:\/\/schema.org","@graph":[{"@type":"WebPage","@id":"https:\/\/evolve-fitness.eu\/it\/prodotto\/manubrio-olimpico-evolve-prime-series-220-cm-20-kg\/","url":"https:\/\/evolve-fitness.eu\/it\/prodotto\/manubrio-olimpico-evolve-prime-series-220-cm-20-kg\/","name":"Barra olimpica Evolve Prime Series - 220 cm \/ 20 kg (PR-220) - Evolve","isPartOf":{"@id":"https:\/\/evolve-fitness.eu\/it\/#website"},"primaryImageOfPage":{"@id":"https:\/\/evolve-fitness.eu\/it\/prodotto\/manubrio-olimpico-evolve-prime-series-220-cm-20-kg\/#primaryimage"},"image":{"@id":"https:\/\/evolve-fitness.eu\/it\/prodotto\/manubrio-olimpico-evolve-prime-series-220-cm-20-kg\/#primaryimage"},"thumbnailUrl":"https:\/\/evolve-fitness.eu\/wp-content\/uploads\/2023\/11\/Evolve-Prime-Series-Olympic-Women-Bar-201-cm-1.png","datePublished":"2023-11-21T08:34:05+00:00","dateModified":"2026-04-09T12:25:43+00:00","breadcrumb":{"@id":"https:\/\/evolve-fitness.eu\/it\/prodotto\/manubrio-olimpico-evolve-prime-series-220-cm-20-kg\/#breadcrumb"},"inLanguage":"it-IT","potentialAction":[{"@type":"ReadAction","target":["https:\/\/evolve-fitness.eu\/it\/prodotto\/manubrio-olimpico-evolve-prime-series-220-cm-20-kg\/"]}]},{"@type":"ImageObject","inLanguage":"it-IT","@id":"https:\/\/evolve-fitness.eu\/it\/prodotto\/manubrio-olimpico-evolve-prime-series-220-cm-20-kg\/#primaryimage","url":"https:\/\/evolve-fitness.eu\/wp-content\/uploads\/2023\/11\/Evolve-Prime-Series-Olympic-Women-Bar-201-cm-1.png","contentUrl":"https:\/\/evolve-fitness.eu\/wp-content\/uploads\/2023\/11\/Evolve-Prime-Series-Olympic-Women-Bar-201-cm-1.png","width":680,"height":600,"caption":"EV-OB-PR-220"},{"@type":"BreadcrumbList","@id":"https:\/\/evolve-fitness.eu\/it\/prodotto\/manubrio-olimpico-evolve-prime-series-220-cm-20-kg\/#breadcrumb","itemListElement":[{"@type":"ListItem","position":1,"name":"Home","item":"https:\/\/evolve-fitness.eu\/it\/"},{"@type":"ListItem","position":2,"name":"Prodotti","item":"https:\/\/evolve-fitness.eu\/it\/shop\/"},{"@type":"ListItem","position":3,"name":"Barra olimpica Evolve Prime Series &#8211; 220 cm \/ 20 kg (PR-220)"}]},{"@type":"WebSite","@id":"https:\/\/evolve-fitness.eu\/it\/#website","url":"https:\/\/evolve-fitness.eu\/it\/","name":"Evolve","description":"Your Evolved Gear Arrived","publisher":{"@id":"https:\/\/evolve-fitness.eu\/it\/#organization"},"potentialAction":[{"@type":"SearchAction","target":{"@type":"EntryPoint","urlTemplate":"https:\/\/evolve-fitness.eu\/it\/?s={search_term_string}"},"query-input":{"@type":"PropertyValueSpecification","valueRequired":true,"valueName":"search_term_string"}}],"inLanguage":"it-IT"},{"@type":"Organization","@id":"https:\/\/evolve-fitness.eu\/it\/#organization","name":"Evolve","url":"https:\/\/evolve-fitness.eu\/it\/","logo":{"@type":"ImageObject","inLanguage":"it-IT","@id":"https:\/\/evolve-fitness.eu\/it\/#\/schema\/logo\/image\/","url":"https:\/\/evolve-fitness.eu\/wp-content\/uploads\/2023\/05\/Evolve-logo.svg","contentUrl":"https:\/\/evolve-fitness.eu\/wp-content\/uploads\/2023\/05\/Evolve-logo.svg","width":176,"height":20,"caption":"Evolve"},"image":{"@id":"https:\/\/evolve-fitness.eu\/it\/#\/schema\/logo\/image\/"},"sameAs":["https:\/\/www.facebook.com\/EvolveFitnessEurope"]}]}},"_links":{"self":[{"href":"https:\/\/evolve-fitness.eu\/it\/wp-json\/wp\/v2\/product\/69389","targetHints":{"allow":["GET"]}}],"collection":[{"href":"https:\/\/evolve-fitness.eu\/it\/wp-json\/wp\/v2\/product"}],"about":[{"href":"https:\/\/evolve-fitness.eu\/it\/wp-json\/wp\/v2\/types\/product"}],"wp:featuredmedia":[{"embeddable":true,"href":"https:\/\/evolve-fitness.eu\/it\/wp-json\/wp\/v2\/media\/69394"}],"wp:attachment":[{"href":"https:\/\/evolve-fitness.eu\/it\/wp-json\/wp\/v2\/media?parent=69389"}],"wp:term":[{"taxonomy":"product_brand","embeddable":true,"href":"https:\/\/evolve-fitness.eu\/it\/wp-json\/wp\/v2\/product_brand?post=69389"},{"taxonomy":"product_cat","embeddable":true,"href":"https:\/\/evolve-fitness.eu\/it\/wp-json\/wp\/v2\/product_cat?post=69389"},{"taxonomy":"product_tag","embeddable":true,"href":"https:\/\/evolve-fitness.eu\/it\/wp-json\/wp\/v2\/product_tag?post=69389"}],"curies":[{"name":"wp","href":"https:\/\/api.w.org\/{rel}","templated":true}]}}