{"id":71389,"date":"2023-09-11T12:36:33","date_gmt":"2023-09-11T12:36:33","guid":{"rendered":"https:\/\/evolve-fitness.eu\/product\/squat-con-carico-su-piastra-della-serie-ultra-di-evolve\/"},"modified":"2024-03-25T08:48:40","modified_gmt":"2024-03-25T08:48:40","slug":"squat-con-carico-su-piastra-della-serie-ultra-di-evolve","status":"publish","type":"product","link":"https:\/\/evolve-fitness.eu\/it\/prodotto\/squat-con-carico-su-piastra-della-serie-ultra-di-evolve\/","title":{"rendered":"Squat con carico su piastra della serie Ultra di Evolve"},"content":{"rendered":"\n<section class=\"wp-block-group alignfull has-lightgray-background-color has-background is-layout-constrained wp-block-group-is-layout-constrained\">\n<div class=\"wp-block-columns alignwide is-layout-flex wp-container-core-columns-is-layout-2edb0647 wp-block-columns-is-layout-flex\" style=\"margin-top:0;margin-bottom:0\">\n<div class=\"wp-block-column is-layout-flow wp-block-column-is-layout-flow\" style=\"flex-basis:33.33%\"><\/div>\n\n\n\n<div class=\"wp-block-column is-layout-flow wp-block-column-is-layout-flow\" style=\"flex-basis:66.66%\"><\/div>\n<\/div>\n<\/section>\n\n<section class=\"wp-block-group alignfull black-content has-white-color has-darkgray-background-color has-text-color has-background is-layout-constrained wp-block-group-is-layout-constrained\" style=\"padding-top:var(--wp--preset--spacing--section-bottom);padding-bottom:var(--wp--preset--spacing--section-bottom)\">\n<section class=\"wp-block-group alignfull black-content has-white-color has-darkgray-background-color has-text-color has-background is-layout-constrained wp-block-group-is-layout-constrained\" style=\"padding-top:var(--wp--preset--spacing--section-bottom);padding-bottom:var(--wp--preset--spacing--section-bottom)\">\n<div class=\"wp-block-columns alignwide mobile-reverse is-layout-flex wp-container-core-columns-is-layout-ca64bf2d wp-block-columns-is-layout-flex\" style=\"margin-bottom:var(--wp--preset--spacing--side-padding)\">\n<div class=\"wp-block-column is-vertically-aligned-center is-layout-flow wp-block-column-is-layout-flow\">\n<h3 class=\"wp-block-heading\" style=\"margin-bottom:var(--wp--preset--spacing--h-3-bottom)\"><strong><strong><strong><strong><strong><strong><strong>Impegno muscolare mirato<\/strong><\/strong><\/strong><\/strong><\/strong><\/strong><\/strong><\/h3>\n\n\n\n<p><strong><em><strong><strong><strong><strong><strong>Movimento unilaterale del braccio (disponibile su alcune macchine)<\/strong><\/strong><\/strong><\/strong><\/strong><\/em><\/strong><\/p>\n\n\n\n<p>La macchina Evolve Ultra Series Plate Loaded Squat offre un allenamento completo per la parte inferiore del corpo, impegnando contemporaneamente i principali gruppi muscolari come quadricipiti, tendini, glutei e polpacci. Il suo design adattabile consente agli utenti di regolare i livelli di resistenza in base alla forza e agli obiettivi di fitness, rendendolo adatto a individui di tutti i livelli di fitness. Promuovendo una forma e una tecnica corrette, la macchina per lo squat aiuta a migliorare la forza, la stabilit\u00e0 e la funzionalit\u00e0 generale della parte inferiore del corpo. Il design ergonomico riduce al minimo le sollecitazioni sulla schiena e sulle articolazioni, garantendo un allenamento sicuro ed efficace. Grazie alla capacit\u00e0 di colpire pi\u00f9 gruppi muscolari con un unico movimento, la macchina per lo squat \u00e8 una scelta efficace per gli utenti che desiderano sviluppare la forza nella parte inferiore del corpo, aumentare la massa muscolare e migliorare i livelli generali di fitness.<\/p>\n<\/div>\n\n\n\n<div class=\"wp-block-column is-vertically-aligned-center is-layout-flow wp-block-column-is-layout-flow\">\n<figure class=\"wp-block-video\"><video height=\"2000\" style=\"aspect-ratio: 2000 \/ 2000;\" width=\"2000\" autoplay=\"\" controls=\"\" loop=\"\" muted=\"\" src=\"https:\/\/evolve-fitness.eu\/wp-content\/uploads\/2023\/09\/EV-PL-UL-210-Evolve-Ultra-Series-Plate-Loaded-Squat-1.mp4\"><\/video><\/figure>\n<\/div>\n<\/div>\n\n\n\n<div class=\"wp-block-columns alignwide mobile-reverse is-layout-flex wp-container-core-columns-is-layout-ca64bf2d wp-block-columns-is-layout-flex\" style=\"margin-bottom:var(--wp--preset--spacing--side-padding)\">\n<div class=\"wp-block-column is-vertically-aligned-center is-layout-flow wp-block-column-is-layout-flow\">\n<figure class=\"wp-block-image size-large\"><img loading=\"lazy\" decoding=\"async\" width=\"1024\" height=\"683\" src=\"https:\/\/evolve-fitness.eu\/wp-content\/uploads\/2023\/09\/A7_06534-1024x683.jpg\" alt=\"\" class=\"wp-image-8327\" srcset=\"https:\/\/evolve-fitness.eu\/wp-content\/uploads\/2023\/09\/A7_06534-1024x683.jpg 1024w, https:\/\/evolve-fitness.eu\/wp-content\/uploads\/2023\/09\/A7_06534-300x200.jpg 300w, https:\/\/evolve-fitness.eu\/wp-content\/uploads\/2023\/09\/A7_06534-225x150.jpg 225w, https:\/\/evolve-fitness.eu\/wp-content\/uploads\/2023\/09\/A7_06534-600x400.jpg 600w, https:\/\/evolve-fitness.eu\/wp-content\/uploads\/2023\/09\/A7_06534-150x100.jpg 150w, https:\/\/evolve-fitness.eu\/wp-content\/uploads\/2023\/09\/A7_06534-768x512.jpg 768w, https:\/\/evolve-fitness.eu\/wp-content\/uploads\/2023\/09\/A7_06534-1536x1024.jpg 1536w, https:\/\/evolve-fitness.eu\/wp-content\/uploads\/2023\/09\/A7_06534.jpg 1920w\" sizes=\"auto, (max-width: 1024px) 100vw, 1024px\" \/><\/figure>\n<\/div>\n\n\n\n<div class=\"wp-block-column is-vertically-aligned-center is-layout-flow wp-block-column-is-layout-flow\">\n<h3 class=\"wp-block-heading\" style=\"margin-bottom:var(--wp--preset--spacing--h-3-bottom)\"><strong><strong><strong><strong>Maniglie antiscivolo<\/strong><\/strong><\/strong><\/strong><\/h3>\n\n\n\n<p><strong><em><strong><strong><strong><strong><strong><strong><strong>Impugnatura sicura per una maggiore sicurezza<\/strong><\/strong><\/strong><\/strong><\/strong><\/strong><\/strong><\/em><\/strong><\/p>\n\n\n\n<p style=\"margin-bottom:var(--wp--preset--spacing--tb-section-padding)\">Alcune panche della serie Econ offrono una posizione di seduta regolabile, che consente di personalizzare l&#8217;allenamento per ottenere il massimo comfort e variet\u00e0 di esercizi.<\/p>\n\n\n\n<h3 class=\"wp-block-heading\" style=\"margin-bottom:var(--wp--preset--spacing--h-3-bottom)\"><strong><strong><strong><strong><strong><strong><strong><strong><strong><strong>Durata e stabilit\u00e0<\/strong><\/strong><\/strong><\/strong><\/strong><\/strong><\/strong><\/strong><\/strong><\/strong><\/h3>\n\n\n\n<p><strong><em><strong><strong><strong><strong><strong><strong><strong>Telaio robusto<\/strong><\/strong><\/strong><\/strong><\/strong><\/strong><\/strong><\/em><\/strong><\/p>\n\n\n\n<p>Il suo robusto telaio garantisce stabilit\u00e0 e sicurezza durante gli allenamenti, assicurando che gli utenti possano eseguire gli esercizi per i polpacci con fiducia e senza preoccuparsi della stabilit\u00e0 dell&#8217;attrezzatura. Il suo design snello massimizza l&#8217;efficienza dello spazio senza compromettere la funzionalit\u00e0, consentendo un&#8217;area di allenamento ottimizzata dedicata a un efficace allenamento dei polpacci.<\/p>\n<\/div>\n<\/div>\n\n\n\n<div class=\"wp-block-columns alignwide mobile-reverse is-layout-flex wp-container-core-columns-is-layout-ca64bf2d wp-block-columns-is-layout-flex\" style=\"margin-bottom:var(--wp--preset--spacing--side-padding)\">\n<div class=\"wp-block-column is-vertically-aligned-center is-layout-flow wp-block-column-is-layout-flow\">\n<h3 class=\"wp-block-heading\" style=\"margin-bottom:var(--wp--preset--spacing--h-3-bottom)\"><strong><strong><strong><strong><strong><strong><strong><strong><strong>Resistenza regolabile<\/strong><\/strong><\/strong><\/strong><\/strong><\/strong><\/strong><\/strong><\/strong><\/h3>\n\n\n\n<p><strong><em><strong><strong><strong><strong><strong><strong>Pile di peso personalizzabili<\/strong><\/strong><\/strong><\/strong><\/strong><\/strong><\/em><\/strong><\/p>\n\n\n\n<p>Gli utenti possono facilmente regolare i livelli di resistenza aggiungendo o rimuovendo le piastre di peso, consentendo allenamenti personalizzati che si adattano ai livelli di forza dei polpacci e alla progressione individuale. Che si tratti di aumentare la resistenza dei polpacci o di incrementare la forza, la resistenza regolabile offre la versatilit\u00e0 necessaria per adattarsi ai vari obiettivi di allenamento.<\/p>\n\n\n\n<p><\/p>\n\n\n\n<h3 class=\"wp-block-heading\" style=\"margin-bottom:var(--wp--preset--spacing--h-3-bottom)\"><strong><strong><strong><strong><strong><strong><strong><strong>Design confortevole<\/strong><\/strong><\/strong><\/strong><\/strong><\/strong><\/strong><\/strong><\/h3>\n\n\n\n<p><strong><em><strong><strong><strong><strong><strong><strong>Imbottitura e maniglie ergonomiche<\/strong><\/strong><\/strong><\/strong><\/strong><\/strong><\/em><\/strong><\/p>\n\n\n\n<p>Progettata pensando al comfort dell&#8217;utente, la macchina Seated Calf Raise \u00e8 dotata di cuscinetti e maniglie ergonomiche che favoriscono il corretto posizionamento delle gambe e il sostegno durante gli esercizi.<\/p>\n<\/div>\n\n\n\n<div class=\"wp-block-column is-vertically-aligned-center is-layout-flow wp-block-column-is-layout-flow\">\n<figure class=\"wp-block-image size-large\"><img loading=\"lazy\" decoding=\"async\" width=\"683\" height=\"1024\" src=\"https:\/\/evolve-fitness.eu\/wp-content\/uploads\/2023\/12\/A7_06544-683x1024.jpg\" alt=\"\" class=\"wp-image-8324\" srcset=\"https:\/\/evolve-fitness.eu\/wp-content\/uploads\/2023\/12\/A7_06544-683x1024.jpg 683w, https:\/\/evolve-fitness.eu\/wp-content\/uploads\/2023\/12\/A7_06544-300x450.jpg 300w, https:\/\/evolve-fitness.eu\/wp-content\/uploads\/2023\/12\/A7_06544-100x150.jpg 100w, https:\/\/evolve-fitness.eu\/wp-content\/uploads\/2023\/12\/A7_06544-600x900.jpg 600w, https:\/\/evolve-fitness.eu\/wp-content\/uploads\/2023\/12\/A7_06544-200x300.jpg 200w, https:\/\/evolve-fitness.eu\/wp-content\/uploads\/2023\/12\/A7_06544-768x1152.jpg 768w, https:\/\/evolve-fitness.eu\/wp-content\/uploads\/2023\/12\/A7_06544-1024x1536.jpg 1024w, https:\/\/evolve-fitness.eu\/wp-content\/uploads\/2023\/12\/A7_06544.jpg 1280w\" sizes=\"auto, (max-width: 683px) 100vw, 683px\" \/><\/figure>\n<\/div>\n<\/div>\n\n\n\n<div class=\"wp-block-columns alignwide mobile-reverse is-layout-flex wp-container-core-columns-is-layout-ca64bf2d wp-block-columns-is-layout-flex\" style=\"margin-bottom:var(--wp--preset--spacing--side-padding)\">\n<div class=\"wp-block-column is-vertically-aligned-center is-layout-flow wp-block-column-is-layout-flow\">\n<figure class=\"wp-block-image size-large\"><img loading=\"lazy\" decoding=\"async\" width=\"683\" height=\"1024\" src=\"https:\/\/evolve-fitness.eu\/wp-content\/uploads\/2023\/12\/A7_06526-683x1024.jpg\" alt=\"\" class=\"wp-image-8331\" srcset=\"https:\/\/evolve-fitness.eu\/wp-content\/uploads\/2023\/12\/A7_06526-683x1024.jpg 683w, https:\/\/evolve-fitness.eu\/wp-content\/uploads\/2023\/12\/A7_06526-300x450.jpg 300w, https:\/\/evolve-fitness.eu\/wp-content\/uploads\/2023\/12\/A7_06526-100x150.jpg 100w, https:\/\/evolve-fitness.eu\/wp-content\/uploads\/2023\/12\/A7_06526-600x900.jpg 600w, https:\/\/evolve-fitness.eu\/wp-content\/uploads\/2023\/12\/A7_06526-200x300.jpg 200w, https:\/\/evolve-fitness.eu\/wp-content\/uploads\/2023\/12\/A7_06526-768x1152.jpg 768w, https:\/\/evolve-fitness.eu\/wp-content\/uploads\/2023\/12\/A7_06526-1024x1536.jpg 1024w, https:\/\/evolve-fitness.eu\/wp-content\/uploads\/2023\/12\/A7_06526.jpg 1280w\" sizes=\"auto, (max-width: 683px) 100vw, 683px\" \/><\/figure>\n<\/div>\n\n\n\n<div class=\"wp-block-column is-vertically-aligned-center is-layout-flow wp-block-column-is-layout-flow\">\n<h3 class=\"wp-block-heading\" style=\"margin-bottom:var(--wp--preset--spacing--h-3-bottom)\"><strong><strong><strong><strong><strong><strong><strong><strong><strong>Ingombro ridotto<\/strong><\/strong><\/strong><\/strong><\/strong><\/strong><\/strong><\/strong><\/strong><\/h3>\n\n\n\n<p><strong><em><strong><strong><strong><strong><strong><strong>Design efficiente dal punto di vista dello spazio<\/strong><\/strong><\/strong><\/strong><\/strong><\/strong><\/em><\/strong><\/p>\n\n\n\n<p>Nonostante la sua funzionalit\u00e0, la macchina Standing Leg Curl mantiene un ingombro ridotto, che la rende adatta a chi ha uno spazio limitato per allenarsi. Il suo design snello massimizza l&#8217;efficienza dello spazio senza compromettere la funzionalit\u00e0, garantendo un&#8217;area di allenamento ottimizzata dedicata all&#8217;allenamento efficace dei tendini del ginocchio.<\/p>\n\n\n\n<p><\/p>\n\n\n\n<h3 class=\"wp-block-heading\" style=\"margin-bottom:var(--wp--preset--spacing--h-3-bottom)\"><strong><strong><strong><strong><strong><strong><strong><strong><strong>Finitura duratura<\/strong><\/strong><\/strong><\/strong><\/strong><\/strong><\/strong><\/strong><\/strong><\/h3>\n\n\n\n<p><strong><em><strong><strong><strong><strong><strong><strong>Tecnologia di spruzzatura elettrostatica di polveri termoindurenti<\/strong><\/strong><\/strong><\/strong><\/strong><\/strong><\/em><\/strong><\/p>\n\n\n\n<p>Le nostre macchine sono dotate di una tecnologia di spruzzatura elettrostatica di polveri termoindurenti che garantisce una finitura duratura. Questo rivestimento avanzato mantiene l&#8217;estetica dell&#8217;apparecchiatura nel tempo.<\/p>\n<\/div>\n<\/div>\n<\/section>\n<\/section>\n","protected":false},"excerpt":{"rendered":"<p>Elevate la vostra palestra con il Plate Loaded Squat della serie Ultra di Evolve. Questa centrale elettrica di livello commerciale offre un telaio in acciaio resistente, un design ergonomico con maniglie antiscivolo e un poggiapiedi sovradimensionato, e 4 pioli integrati per riporre le piastre di peso per una facile organizzazione. Inoltre, \u00e8 possibile personalizzare il colore per adattarlo al marchio della palestra. Con un&#8217;imbottitura confortevole, una garanzia di 2 anni e un carico massimo di 300 kg, \u00e8 la scelta perfetta per gli ambienti fitness professionali. Aggiornate la vostra palestra con la serie Evolve Ultra Squat.<\/p>\n","protected":false},"featured_media":113079,"template":"","meta":{"_acf_changed":false,"inline_featured_image":false},"product_brand":[],"product_cat":[4880,4881],"product_tag":[],"class_list":{"0":"post-71389","1":"product","2":"type-product","3":"status-publish","4":"has-post-thumbnail","6":"product_cat-macchine-a-piastre","7":"product_cat-macchine-con-carico-a-piastra-della-serie-ultra","9":"first","10":"instock","11":"virtual","12":"purchasable","13":"product-type-simple"},"acf":{"long_title":"Squat con carico su piastra della serie Ultra di Evolve, UL-210","subtitle":"","specifications":[{"label":"SKU","text_value":"EV-PL-UL-210","icon":"x"},{"label":"Dimensioni","text_value":"1680 x 1680 x 1604 mm","icon":"x"},{"label":"Peso","text_value":"162 kg","icon":"x"},{"label":"Garanzia  ","text_value":"2 anni","icon":"x"},{"label":"Max. carico  ","text_value":"300 kg","icon":"x"},{"label":"Conservazione delle piastre portapesi  ","text_value":"","icon":"x"},{"label":"Maniglie antiscivolo","text_value":"","icon":"x"},{"label":"Imbottitura spessa","text_value":"","icon":"v"},{"label":"Maniglia di posizione iniziale\/finale","text_value":"","icon":"v"},{"label":"Personalizzazione dei colori del telaio e del rivestimento","text_value":"","icon":"v"},{"label":"Poggiapiedi angolato e antiscivolo sovradimensionato","text_value":"","icon":"v"},{"label":"Protezioni per pavimenti durevoli","text_value":"","icon":"v"},{"label":"4 pioli per riporre le piastre portapesi","text_value":"","icon":"v"},{"label":"","text_value":"","icon":"v"},{"label":"","text_value":"","icon":"v"},{"label":"","text_value":"","icon":"v"},{"label":"","text_value":"","icon":"v"},{"label":"","text_value":"","icon":"x"}]},"yoast_head":"<!-- This site is optimized with the Yoast SEO plugin v27.4 - https:\/\/yoast.com\/product\/yoast-seo-wordpress\/ -->\n<title>Squat con carico su piastra della serie Ultra di Evolve - Evolve<\/title>\n<meta name=\"robots\" content=\"index, follow, max-snippet:-1, max-image-preview:large, max-video-preview:-1\" \/>\n<link rel=\"canonical\" href=\"https:\/\/evolve-fitness.eu\/it\/prodotto\/squat-con-carico-su-piastra-della-serie-ultra-di-evolve\/\" \/>\n<meta property=\"og:locale\" content=\"it_IT\" \/>\n<meta property=\"og:type\" content=\"article\" \/>\n<meta property=\"og:title\" content=\"Squat con carico su piastra della serie Ultra di Evolve - Evolve\" \/>\n<meta property=\"og:url\" content=\"https:\/\/evolve-fitness.eu\/it\/prodotto\/squat-con-carico-su-piastra-della-serie-ultra-di-evolve\/\" \/>\n<meta property=\"og:site_name\" content=\"Evolve\" \/>\n<meta property=\"article:publisher\" content=\"https:\/\/www.facebook.com\/EvolveFitnessEurope\" \/>\n<meta property=\"article:modified_time\" content=\"2024-03-25T08:48:40+00:00\" \/>\n<meta property=\"og:image\" content=\"https:\/\/evolve-fitness.eu\/wp-content\/uploads\/2023\/09\/EV-PL-UL-210-Evolve-Ultra-Series-Plate-Loaded-Squat-1.png\" \/>\n\t<meta property=\"og:image:width\" content=\"680\" \/>\n\t<meta property=\"og:image:height\" content=\"600\" \/>\n\t<meta property=\"og:image:type\" content=\"image\/png\" \/>\n<meta name=\"twitter:card\" content=\"summary_large_image\" \/>\n<script type=\"application\/ld+json\" class=\"yoast-schema-graph\">{\"@context\":\"https:\\\/\\\/schema.org\",\"@graph\":[{\"@type\":\"WebPage\",\"@id\":\"https:\\\/\\\/evolve-fitness.eu\\\/it\\\/prodotto\\\/squat-con-carico-su-piastra-della-serie-ultra-di-evolve\\\/\",\"url\":\"https:\\\/\\\/evolve-fitness.eu\\\/it\\\/prodotto\\\/squat-con-carico-su-piastra-della-serie-ultra-di-evolve\\\/\",\"name\":\"Squat con carico su piastra della serie Ultra di Evolve - Evolve\",\"isPartOf\":{\"@id\":\"https:\\\/\\\/evolve-fitness.eu\\\/it\\\/#website\"},\"primaryImageOfPage\":{\"@id\":\"https:\\\/\\\/evolve-fitness.eu\\\/it\\\/prodotto\\\/squat-con-carico-su-piastra-della-serie-ultra-di-evolve\\\/#primaryimage\"},\"image\":{\"@id\":\"https:\\\/\\\/evolve-fitness.eu\\\/it\\\/prodotto\\\/squat-con-carico-su-piastra-della-serie-ultra-di-evolve\\\/#primaryimage\"},\"thumbnailUrl\":\"https:\\\/\\\/evolve-fitness.eu\\\/wp-content\\\/uploads\\\/2023\\\/09\\\/EV-PL-UL-210-Evolve-Ultra-Series-Plate-Loaded-Squat-1.png\",\"datePublished\":\"2023-09-11T12:36:33+00:00\",\"dateModified\":\"2024-03-25T08:48:40+00:00\",\"breadcrumb\":{\"@id\":\"https:\\\/\\\/evolve-fitness.eu\\\/it\\\/prodotto\\\/squat-con-carico-su-piastra-della-serie-ultra-di-evolve\\\/#breadcrumb\"},\"inLanguage\":\"it-IT\",\"potentialAction\":[{\"@type\":\"ReadAction\",\"target\":[\"https:\\\/\\\/evolve-fitness.eu\\\/it\\\/prodotto\\\/squat-con-carico-su-piastra-della-serie-ultra-di-evolve\\\/\"]}]},{\"@type\":\"ImageObject\",\"inLanguage\":\"it-IT\",\"@id\":\"https:\\\/\\\/evolve-fitness.eu\\\/it\\\/prodotto\\\/squat-con-carico-su-piastra-della-serie-ultra-di-evolve\\\/#primaryimage\",\"url\":\"https:\\\/\\\/evolve-fitness.eu\\\/wp-content\\\/uploads\\\/2023\\\/09\\\/EV-PL-UL-210-Evolve-Ultra-Series-Plate-Loaded-Squat-1.png\",\"contentUrl\":\"https:\\\/\\\/evolve-fitness.eu\\\/wp-content\\\/uploads\\\/2023\\\/09\\\/EV-PL-UL-210-Evolve-Ultra-Series-Plate-Loaded-Squat-1.png\",\"width\":680,\"height\":600,\"caption\":\"EV-PL-UL-210\"},{\"@type\":\"BreadcrumbList\",\"@id\":\"https:\\\/\\\/evolve-fitness.eu\\\/it\\\/prodotto\\\/squat-con-carico-su-piastra-della-serie-ultra-di-evolve\\\/#breadcrumb\",\"itemListElement\":[{\"@type\":\"ListItem\",\"position\":1,\"name\":\"Home\",\"item\":\"https:\\\/\\\/evolve-fitness.eu\\\/it\\\/\"},{\"@type\":\"ListItem\",\"position\":2,\"name\":\"Prodotti\",\"item\":\"https:\\\/\\\/evolve-fitness.eu\\\/it\\\/shop\\\/\"},{\"@type\":\"ListItem\",\"position\":3,\"name\":\"Squat con carico su piastra della serie Ultra di Evolve\"}]},{\"@type\":\"WebSite\",\"@id\":\"https:\\\/\\\/evolve-fitness.eu\\\/it\\\/#website\",\"url\":\"https:\\\/\\\/evolve-fitness.eu\\\/it\\\/\",\"name\":\"Evolve\",\"description\":\"Your Evolved Gear Arrived\",\"publisher\":{\"@id\":\"https:\\\/\\\/evolve-fitness.eu\\\/it\\\/#organization\"},\"potentialAction\":[{\"@type\":\"SearchAction\",\"target\":{\"@type\":\"EntryPoint\",\"urlTemplate\":\"https:\\\/\\\/evolve-fitness.eu\\\/it\\\/?s={search_term_string}\"},\"query-input\":{\"@type\":\"PropertyValueSpecification\",\"valueRequired\":true,\"valueName\":\"search_term_string\"}}],\"inLanguage\":\"it-IT\"},{\"@type\":\"Organization\",\"@id\":\"https:\\\/\\\/evolve-fitness.eu\\\/it\\\/#organization\",\"name\":\"Evolve\",\"url\":\"https:\\\/\\\/evolve-fitness.eu\\\/it\\\/\",\"logo\":{\"@type\":\"ImageObject\",\"inLanguage\":\"it-IT\",\"@id\":\"https:\\\/\\\/evolve-fitness.eu\\\/it\\\/#\\\/schema\\\/logo\\\/image\\\/\",\"url\":\"https:\\\/\\\/evolve-fitness.eu\\\/wp-content\\\/uploads\\\/2023\\\/05\\\/Evolve-logo.svg\",\"contentUrl\":\"https:\\\/\\\/evolve-fitness.eu\\\/wp-content\\\/uploads\\\/2023\\\/05\\\/Evolve-logo.svg\",\"width\":176,\"height\":20,\"caption\":\"Evolve\"},\"image\":{\"@id\":\"https:\\\/\\\/evolve-fitness.eu\\\/it\\\/#\\\/schema\\\/logo\\\/image\\\/\"},\"sameAs\":[\"https:\\\/\\\/www.facebook.com\\\/EvolveFitnessEurope\"]}]}<\/script>\n<!-- \/ Yoast SEO plugin. -->","yoast_head_json":{"title":"Squat con carico su piastra della serie Ultra di Evolve - Evolve","robots":{"index":"index","follow":"follow","max-snippet":"max-snippet:-1","max-image-preview":"max-image-preview:large","max-video-preview":"max-video-preview:-1"},"canonical":"https:\/\/evolve-fitness.eu\/it\/prodotto\/squat-con-carico-su-piastra-della-serie-ultra-di-evolve\/","og_locale":"it_IT","og_type":"article","og_title":"Squat con carico su piastra della serie Ultra di Evolve - Evolve","og_url":"https:\/\/evolve-fitness.eu\/it\/prodotto\/squat-con-carico-su-piastra-della-serie-ultra-di-evolve\/","og_site_name":"Evolve","article_publisher":"https:\/\/www.facebook.com\/EvolveFitnessEurope","article_modified_time":"2024-03-25T08:48:40+00:00","og_image":[{"width":680,"height":600,"url":"https:\/\/evolve-fitness.eu\/wp-content\/uploads\/2023\/09\/EV-PL-UL-210-Evolve-Ultra-Series-Plate-Loaded-Squat-1.png","type":"image\/png"}],"twitter_card":"summary_large_image","schema":{"@context":"https:\/\/schema.org","@graph":[{"@type":"WebPage","@id":"https:\/\/evolve-fitness.eu\/it\/prodotto\/squat-con-carico-su-piastra-della-serie-ultra-di-evolve\/","url":"https:\/\/evolve-fitness.eu\/it\/prodotto\/squat-con-carico-su-piastra-della-serie-ultra-di-evolve\/","name":"Squat con carico su piastra della serie Ultra di Evolve - Evolve","isPartOf":{"@id":"https:\/\/evolve-fitness.eu\/it\/#website"},"primaryImageOfPage":{"@id":"https:\/\/evolve-fitness.eu\/it\/prodotto\/squat-con-carico-su-piastra-della-serie-ultra-di-evolve\/#primaryimage"},"image":{"@id":"https:\/\/evolve-fitness.eu\/it\/prodotto\/squat-con-carico-su-piastra-della-serie-ultra-di-evolve\/#primaryimage"},"thumbnailUrl":"https:\/\/evolve-fitness.eu\/wp-content\/uploads\/2023\/09\/EV-PL-UL-210-Evolve-Ultra-Series-Plate-Loaded-Squat-1.png","datePublished":"2023-09-11T12:36:33+00:00","dateModified":"2024-03-25T08:48:40+00:00","breadcrumb":{"@id":"https:\/\/evolve-fitness.eu\/it\/prodotto\/squat-con-carico-su-piastra-della-serie-ultra-di-evolve\/#breadcrumb"},"inLanguage":"it-IT","potentialAction":[{"@type":"ReadAction","target":["https:\/\/evolve-fitness.eu\/it\/prodotto\/squat-con-carico-su-piastra-della-serie-ultra-di-evolve\/"]}]},{"@type":"ImageObject","inLanguage":"it-IT","@id":"https:\/\/evolve-fitness.eu\/it\/prodotto\/squat-con-carico-su-piastra-della-serie-ultra-di-evolve\/#primaryimage","url":"https:\/\/evolve-fitness.eu\/wp-content\/uploads\/2023\/09\/EV-PL-UL-210-Evolve-Ultra-Series-Plate-Loaded-Squat-1.png","contentUrl":"https:\/\/evolve-fitness.eu\/wp-content\/uploads\/2023\/09\/EV-PL-UL-210-Evolve-Ultra-Series-Plate-Loaded-Squat-1.png","width":680,"height":600,"caption":"EV-PL-UL-210"},{"@type":"BreadcrumbList","@id":"https:\/\/evolve-fitness.eu\/it\/prodotto\/squat-con-carico-su-piastra-della-serie-ultra-di-evolve\/#breadcrumb","itemListElement":[{"@type":"ListItem","position":1,"name":"Home","item":"https:\/\/evolve-fitness.eu\/it\/"},{"@type":"ListItem","position":2,"name":"Prodotti","item":"https:\/\/evolve-fitness.eu\/it\/shop\/"},{"@type":"ListItem","position":3,"name":"Squat con carico su piastra della serie Ultra di Evolve"}]},{"@type":"WebSite","@id":"https:\/\/evolve-fitness.eu\/it\/#website","url":"https:\/\/evolve-fitness.eu\/it\/","name":"Evolve","description":"Your Evolved Gear Arrived","publisher":{"@id":"https:\/\/evolve-fitness.eu\/it\/#organization"},"potentialAction":[{"@type":"SearchAction","target":{"@type":"EntryPoint","urlTemplate":"https:\/\/evolve-fitness.eu\/it\/?s={search_term_string}"},"query-input":{"@type":"PropertyValueSpecification","valueRequired":true,"valueName":"search_term_string"}}],"inLanguage":"it-IT"},{"@type":"Organization","@id":"https:\/\/evolve-fitness.eu\/it\/#organization","name":"Evolve","url":"https:\/\/evolve-fitness.eu\/it\/","logo":{"@type":"ImageObject","inLanguage":"it-IT","@id":"https:\/\/evolve-fitness.eu\/it\/#\/schema\/logo\/image\/","url":"https:\/\/evolve-fitness.eu\/wp-content\/uploads\/2023\/05\/Evolve-logo.svg","contentUrl":"https:\/\/evolve-fitness.eu\/wp-content\/uploads\/2023\/05\/Evolve-logo.svg","width":176,"height":20,"caption":"Evolve"},"image":{"@id":"https:\/\/evolve-fitness.eu\/it\/#\/schema\/logo\/image\/"},"sameAs":["https:\/\/www.facebook.com\/EvolveFitnessEurope"]}]}},"_links":{"self":[{"href":"https:\/\/evolve-fitness.eu\/it\/wp-json\/wp\/v2\/product\/71389","targetHints":{"allow":["GET"]}}],"collection":[{"href":"https:\/\/evolve-fitness.eu\/it\/wp-json\/wp\/v2\/product"}],"about":[{"href":"https:\/\/evolve-fitness.eu\/it\/wp-json\/wp\/v2\/types\/product"}],"wp:featuredmedia":[{"embeddable":true,"href":"https:\/\/evolve-fitness.eu\/it\/wp-json\/wp\/v2\/media\/113079"}],"wp:attachment":[{"href":"https:\/\/evolve-fitness.eu\/it\/wp-json\/wp\/v2\/media?parent=71389"}],"wp:term":[{"taxonomy":"product_brand","embeddable":true,"href":"https:\/\/evolve-fitness.eu\/it\/wp-json\/wp\/v2\/product_brand?post=71389"},{"taxonomy":"product_cat","embeddable":true,"href":"https:\/\/evolve-fitness.eu\/it\/wp-json\/wp\/v2\/product_cat?post=71389"},{"taxonomy":"product_tag","embeddable":true,"href":"https:\/\/evolve-fitness.eu\/it\/wp-json\/wp\/v2\/product_tag?post=71389"}],"curies":[{"name":"wp","href":"https:\/\/api.w.org\/{rel}","templated":true}]}}