{"id":76198,"date":"2024-01-17T07:50:57","date_gmt":"2024-01-17T07:50:57","guid":{"rendered":"https:\/\/evolve-fitness.eu\/product\/macchina-per-cavi-evolve-ab-e-braccia\/"},"modified":"2025-02-07T12:17:33","modified_gmt":"2025-02-07T12:17:33","slug":"macchina-per-cavi-evolve-ab-e-braccia","status":"publish","type":"product","link":"https:\/\/evolve-fitness.eu\/it\/prodotto\/macchina-per-cavi-evolve-ab-e-braccia\/","title":{"rendered":"Macchina per cavi AB e per braccia Evolve Prime Series"},"content":{"rendered":"","protected":false},"excerpt":{"rendered":"<p>Trasformate i vostri allenamenti per il core e le braccia con Evolve AB and Arms Cable Machine, una soluzione di fitness all&#8217;avanguardia progettata per soddisfare sia i principianti che gli utenti pi\u00f9 esperti. Questa macchina innovativa \u00e8 il partner ideale per scolpire un addome forte e definito e braccia toniche. \u00c8 dotato di livelli di resistenza personalizzabili e di un design ergonomico, che assicurano un&#8217;esperienza di allenamento confortevole ed efficace. La Evolve AB and Arms Cable Machine \u00e8 perfetta per chi vuole migliorare la stabilit\u00e0 del core, migliorare la forza delle braccia e ottenere una definizione muscolare complessiva. Il suo design compatto e resistente lo rende un&#8217;ottima aggiunta a qualsiasi palestra domestica o centro fitness professionale. Sia che vogliate intensificare i vostri allenamenti o aggiungere variet\u00e0 alla vostra routine, la macchina Evolve offre versatilit\u00e0 e prestazioni senza pari. Migliorate il vostro gioco di fitness e raggiungete i risultati desiderati con la precisione e la qualit\u00e0 di Evolve.<\/p>\n","protected":false},"featured_media":76199,"template":"","meta":{"_acf_changed":false,"inline_featured_image":false},"product_brand":[],"product_cat":[2821,2822],"product_tag":[],"class_list":{"0":"post-76198","1":"product","2":"type-product","3":"status-publish","4":"has-post-thumbnail","6":"product_cat-macchine-selezionate","7":"product_cat-macchine-selezionate-prime-series","9":"first","10":"instock","11":"shipping-taxable","12":"purchasable","13":"product-type-simple"},"acf":{"long_title":"Macchina per cavi AB e per braccia Evolve Prime Series","subtitle":"","specifications":[{"label":"SKU","text_value":"EV-SC-CB-500","icon":"x"},{"label":"Peso massimo dell'utente","text_value":"180 kg","icon":"x"},{"label":"Spessore del telaio","text_value":"3 mm","icon":"x"},{"label":"Adesivo con le istruzioni per l'allenamento","text_value":"","icon":"x"},{"label":"Protezioni per pavimenti durevoli","text_value":"","icon":"x"},{"label":"Strato protettivo aggiuntivo per il rivestimento","text_value":"","icon":"x"},{"label":"Perno magnetico per la pila dei pesi","text_value":"","icon":"v"},{"label":"Garanzia  ","text_value":"2 anni","icon":"v"},{"label":"","text_value":"","icon":"v"},{"label":"","text_value":"","icon":"v"},{"label":"","text_value":"","icon":"v"},{"label":"","text_value":"","icon":"x"}]},"yoast_head":"<!-- This site is optimized with the Yoast SEO plugin v26.6 - https:\/\/yoast.com\/wordpress\/plugins\/seo\/ -->\n<title>Macchina per cavi AB e per braccia Evolve Prime Series - Evolve<\/title>\n<meta name=\"robots\" content=\"index, follow, max-snippet:-1, max-image-preview:large, max-video-preview:-1\" \/>\n<link rel=\"canonical\" href=\"https:\/\/evolve-fitness.eu\/it\/prodotto\/macchina-per-cavi-evolve-ab-e-braccia\/\" \/>\n<meta property=\"og:locale\" content=\"it_IT\" \/>\n<meta property=\"og:type\" content=\"article\" \/>\n<meta property=\"og:title\" content=\"Macchina per cavi AB e per braccia Evolve Prime Series - Evolve\" \/>\n<meta property=\"og:url\" content=\"https:\/\/evolve-fitness.eu\/it\/prodotto\/macchina-per-cavi-evolve-ab-e-braccia\/\" \/>\n<meta property=\"og:site_name\" content=\"Evolve\" \/>\n<meta property=\"article:publisher\" content=\"https:\/\/www.facebook.com\/EvolveFitnessEurope\" \/>\n<meta property=\"article:modified_time\" content=\"2025-02-07T12:17:33+00:00\" \/>\n<meta property=\"og:image\" content=\"https:\/\/evolve-fitness.eu\/wp-content\/uploads\/2024\/01\/EV-SC-CB-500-PNG.png\" \/>\n\t<meta property=\"og:image:width\" content=\"680\" \/>\n\t<meta property=\"og:image:height\" content=\"600\" \/>\n\t<meta property=\"og:image:type\" content=\"image\/png\" \/>\n<meta name=\"twitter:card\" content=\"summary_large_image\" \/>\n<script type=\"application\/ld+json\" class=\"yoast-schema-graph\">{\"@context\":\"https:\/\/schema.org\",\"@graph\":[{\"@type\":\"WebPage\",\"@id\":\"https:\/\/evolve-fitness.eu\/it\/prodotto\/macchina-per-cavi-evolve-ab-e-braccia\/\",\"url\":\"https:\/\/evolve-fitness.eu\/it\/prodotto\/macchina-per-cavi-evolve-ab-e-braccia\/\",\"name\":\"Macchina per cavi AB e per braccia Evolve Prime Series - Evolve\",\"isPartOf\":{\"@id\":\"https:\/\/evolve-fitness.eu\/it\/#website\"},\"primaryImageOfPage\":{\"@id\":\"https:\/\/evolve-fitness.eu\/it\/prodotto\/macchina-per-cavi-evolve-ab-e-braccia\/#primaryimage\"},\"image\":{\"@id\":\"https:\/\/evolve-fitness.eu\/it\/prodotto\/macchina-per-cavi-evolve-ab-e-braccia\/#primaryimage\"},\"thumbnailUrl\":\"https:\/\/evolve-fitness.eu\/wp-content\/uploads\/2024\/01\/EV-SC-CB-500-PNG.png\",\"datePublished\":\"2024-01-17T07:50:57+00:00\",\"dateModified\":\"2025-02-07T12:17:33+00:00\",\"breadcrumb\":{\"@id\":\"https:\/\/evolve-fitness.eu\/it\/prodotto\/macchina-per-cavi-evolve-ab-e-braccia\/#breadcrumb\"},\"inLanguage\":\"it-IT\",\"potentialAction\":[{\"@type\":\"ReadAction\",\"target\":[\"https:\/\/evolve-fitness.eu\/it\/prodotto\/macchina-per-cavi-evolve-ab-e-braccia\/\"]}]},{\"@type\":\"ImageObject\",\"inLanguage\":\"it-IT\",\"@id\":\"https:\/\/evolve-fitness.eu\/it\/prodotto\/macchina-per-cavi-evolve-ab-e-braccia\/#primaryimage\",\"url\":\"https:\/\/evolve-fitness.eu\/wp-content\/uploads\/2024\/01\/EV-SC-CB-500-PNG.png\",\"contentUrl\":\"https:\/\/evolve-fitness.eu\/wp-content\/uploads\/2024\/01\/EV-SC-CB-500-PNG.png\",\"width\":680,\"height\":600,\"caption\":\"EV-SC-CB-500\"},{\"@type\":\"BreadcrumbList\",\"@id\":\"https:\/\/evolve-fitness.eu\/it\/prodotto\/macchina-per-cavi-evolve-ab-e-braccia\/#breadcrumb\",\"itemListElement\":[{\"@type\":\"ListItem\",\"position\":1,\"name\":\"Home\",\"item\":\"https:\/\/evolve-fitness.eu\/it\/\"},{\"@type\":\"ListItem\",\"position\":2,\"name\":\"Prodotti\",\"item\":\"https:\/\/evolve-fitness.eu\/it\/shop\/\"},{\"@type\":\"ListItem\",\"position\":3,\"name\":\"Macchina per cavi AB e per braccia Evolve Prime Series\"}]},{\"@type\":\"WebSite\",\"@id\":\"https:\/\/evolve-fitness.eu\/it\/#website\",\"url\":\"https:\/\/evolve-fitness.eu\/it\/\",\"name\":\"Evolve\",\"description\":\"Your Evolved Gear Arrived\",\"publisher\":{\"@id\":\"https:\/\/evolve-fitness.eu\/it\/#organization\"},\"potentialAction\":[{\"@type\":\"SearchAction\",\"target\":{\"@type\":\"EntryPoint\",\"urlTemplate\":\"https:\/\/evolve-fitness.eu\/it\/?s={search_term_string}\"},\"query-input\":{\"@type\":\"PropertyValueSpecification\",\"valueRequired\":true,\"valueName\":\"search_term_string\"}}],\"inLanguage\":\"it-IT\"},{\"@type\":\"Organization\",\"@id\":\"https:\/\/evolve-fitness.eu\/it\/#organization\",\"name\":\"Evolve\",\"url\":\"https:\/\/evolve-fitness.eu\/it\/\",\"logo\":{\"@type\":\"ImageObject\",\"inLanguage\":\"it-IT\",\"@id\":\"https:\/\/evolve-fitness.eu\/it\/#\/schema\/logo\/image\/\",\"url\":\"https:\/\/evolve-fitness.eu\/wp-content\/uploads\/2023\/05\/Evolve-logo.svg\",\"contentUrl\":\"https:\/\/evolve-fitness.eu\/wp-content\/uploads\/2023\/05\/Evolve-logo.svg\",\"width\":176,\"height\":20,\"caption\":\"Evolve\"},\"image\":{\"@id\":\"https:\/\/evolve-fitness.eu\/it\/#\/schema\/logo\/image\/\"},\"sameAs\":[\"https:\/\/www.facebook.com\/EvolveFitnessEurope\"]}]}<\/script>\n<!-- \/ Yoast SEO plugin. -->","yoast_head_json":{"title":"Macchina per cavi AB e per braccia Evolve Prime Series - Evolve","robots":{"index":"index","follow":"follow","max-snippet":"max-snippet:-1","max-image-preview":"max-image-preview:large","max-video-preview":"max-video-preview:-1"},"canonical":"https:\/\/evolve-fitness.eu\/it\/prodotto\/macchina-per-cavi-evolve-ab-e-braccia\/","og_locale":"it_IT","og_type":"article","og_title":"Macchina per cavi AB e per braccia Evolve Prime Series - Evolve","og_url":"https:\/\/evolve-fitness.eu\/it\/prodotto\/macchina-per-cavi-evolve-ab-e-braccia\/","og_site_name":"Evolve","article_publisher":"https:\/\/www.facebook.com\/EvolveFitnessEurope","article_modified_time":"2025-02-07T12:17:33+00:00","og_image":[{"width":680,"height":600,"url":"https:\/\/evolve-fitness.eu\/wp-content\/uploads\/2024\/01\/EV-SC-CB-500-PNG.png","type":"image\/png"}],"twitter_card":"summary_large_image","schema":{"@context":"https:\/\/schema.org","@graph":[{"@type":"WebPage","@id":"https:\/\/evolve-fitness.eu\/it\/prodotto\/macchina-per-cavi-evolve-ab-e-braccia\/","url":"https:\/\/evolve-fitness.eu\/it\/prodotto\/macchina-per-cavi-evolve-ab-e-braccia\/","name":"Macchina per cavi AB e per braccia Evolve Prime Series - Evolve","isPartOf":{"@id":"https:\/\/evolve-fitness.eu\/it\/#website"},"primaryImageOfPage":{"@id":"https:\/\/evolve-fitness.eu\/it\/prodotto\/macchina-per-cavi-evolve-ab-e-braccia\/#primaryimage"},"image":{"@id":"https:\/\/evolve-fitness.eu\/it\/prodotto\/macchina-per-cavi-evolve-ab-e-braccia\/#primaryimage"},"thumbnailUrl":"https:\/\/evolve-fitness.eu\/wp-content\/uploads\/2024\/01\/EV-SC-CB-500-PNG.png","datePublished":"2024-01-17T07:50:57+00:00","dateModified":"2025-02-07T12:17:33+00:00","breadcrumb":{"@id":"https:\/\/evolve-fitness.eu\/it\/prodotto\/macchina-per-cavi-evolve-ab-e-braccia\/#breadcrumb"},"inLanguage":"it-IT","potentialAction":[{"@type":"ReadAction","target":["https:\/\/evolve-fitness.eu\/it\/prodotto\/macchina-per-cavi-evolve-ab-e-braccia\/"]}]},{"@type":"ImageObject","inLanguage":"it-IT","@id":"https:\/\/evolve-fitness.eu\/it\/prodotto\/macchina-per-cavi-evolve-ab-e-braccia\/#primaryimage","url":"https:\/\/evolve-fitness.eu\/wp-content\/uploads\/2024\/01\/EV-SC-CB-500-PNG.png","contentUrl":"https:\/\/evolve-fitness.eu\/wp-content\/uploads\/2024\/01\/EV-SC-CB-500-PNG.png","width":680,"height":600,"caption":"EV-SC-CB-500"},{"@type":"BreadcrumbList","@id":"https:\/\/evolve-fitness.eu\/it\/prodotto\/macchina-per-cavi-evolve-ab-e-braccia\/#breadcrumb","itemListElement":[{"@type":"ListItem","position":1,"name":"Home","item":"https:\/\/evolve-fitness.eu\/it\/"},{"@type":"ListItem","position":2,"name":"Prodotti","item":"https:\/\/evolve-fitness.eu\/it\/shop\/"},{"@type":"ListItem","position":3,"name":"Macchina per cavi AB e per braccia Evolve Prime Series"}]},{"@type":"WebSite","@id":"https:\/\/evolve-fitness.eu\/it\/#website","url":"https:\/\/evolve-fitness.eu\/it\/","name":"Evolve","description":"Your Evolved Gear Arrived","publisher":{"@id":"https:\/\/evolve-fitness.eu\/it\/#organization"},"potentialAction":[{"@type":"SearchAction","target":{"@type":"EntryPoint","urlTemplate":"https:\/\/evolve-fitness.eu\/it\/?s={search_term_string}"},"query-input":{"@type":"PropertyValueSpecification","valueRequired":true,"valueName":"search_term_string"}}],"inLanguage":"it-IT"},{"@type":"Organization","@id":"https:\/\/evolve-fitness.eu\/it\/#organization","name":"Evolve","url":"https:\/\/evolve-fitness.eu\/it\/","logo":{"@type":"ImageObject","inLanguage":"it-IT","@id":"https:\/\/evolve-fitness.eu\/it\/#\/schema\/logo\/image\/","url":"https:\/\/evolve-fitness.eu\/wp-content\/uploads\/2023\/05\/Evolve-logo.svg","contentUrl":"https:\/\/evolve-fitness.eu\/wp-content\/uploads\/2023\/05\/Evolve-logo.svg","width":176,"height":20,"caption":"Evolve"},"image":{"@id":"https:\/\/evolve-fitness.eu\/it\/#\/schema\/logo\/image\/"},"sameAs":["https:\/\/www.facebook.com\/EvolveFitnessEurope"]}]}},"_links":{"self":[{"href":"https:\/\/evolve-fitness.eu\/it\/wp-json\/wp\/v2\/product\/76198","targetHints":{"allow":["GET"]}}],"collection":[{"href":"https:\/\/evolve-fitness.eu\/it\/wp-json\/wp\/v2\/product"}],"about":[{"href":"https:\/\/evolve-fitness.eu\/it\/wp-json\/wp\/v2\/types\/product"}],"wp:featuredmedia":[{"embeddable":true,"href":"https:\/\/evolve-fitness.eu\/it\/wp-json\/wp\/v2\/media\/76199"}],"wp:attachment":[{"href":"https:\/\/evolve-fitness.eu\/it\/wp-json\/wp\/v2\/media?parent=76198"}],"wp:term":[{"taxonomy":"product_brand","embeddable":true,"href":"https:\/\/evolve-fitness.eu\/it\/wp-json\/wp\/v2\/product_brand?post=76198"},{"taxonomy":"product_cat","embeddable":true,"href":"https:\/\/evolve-fitness.eu\/it\/wp-json\/wp\/v2\/product_cat?post=76198"},{"taxonomy":"product_tag","embeddable":true,"href":"https:\/\/evolve-fitness.eu\/it\/wp-json\/wp\/v2\/product_tag?post=76198"}],"curies":[{"name":"wp","href":"https:\/\/api.w.org\/{rel}","templated":true}]}}