{"id":213186,"date":"2025-07-07T06:44:43","date_gmt":"2025-07-07T03:44:43","guid":{"rendered":"https:\/\/evolve-fitness.eu\/irengimas\/"},"modified":"2025-11-05T10:22:14","modified_gmt":"2025-11-05T08:22:14","slug":"irengimas","status":"publish","type":"page","link":"https:\/\/evolve-fitness.eu\/lt\/irengimas\/","title":{"rendered":"\u012erengimas"},"content":{"rendered":"\n<div class=\"wp-block-group h-full w-full installations-heroe has-darkgray-background-color has-background is-layout-constrained wp-container-core-group-is-layout-e566ce2e wp-block-group-is-layout-constrained\" style=\"margin-top:0;margin-bottom:0;padding-top:0;padding-right:0;padding-left:0\">\n<div class=\"wp-block-group alignfull h-full w-full flex-nowrap justify-end items-strech is-vertical is-content-justification-stretch is-nowrap is-layout-flex wp-container-core-group-is-layout-1e1e0099 wp-block-group-is-layout-flex\">\n<div class=\"wp-block-cover has-custom-content-position is-position-bottom-center mobile2x wp-container-content-9cfa9a5a\" style=\"min-height:20vw;aspect-ratio:unset;\"><video class=\"wp-block-cover__video-background intrinsic-ignore\" autoplay muted loop playsinline src=\"https:\/\/evolve-fitness.eu\/wp-content\/uploads\/2025\/08\/social-SQUARE-ansanaviciutes-lemong-gym.mp4\" data-object-fit=\"cover\"><\/video><span aria-hidden=\"true\" class=\"wp-block-cover__background has-background-dim-100 has-background-dim wp-block-cover__gradient-background has-background-gradient\" style=\"background:linear-gradient(180deg,rgba(237,237,237,0) 0%,rgb(22,22,23) 92%)\"><\/span><div class=\"wp-block-cover__inner-container is-layout-flow wp-block-cover-is-layout-flow\">\n<div class=\"wp-block-group alignwide is-content-justification-left is-layout-constrained wp-container-core-group-is-layout-8c890d92 wp-block-group-is-layout-constrained\">\n<h1 class=\"wp-block-heading alignwide has-white-color has-text-color has-link-color has-montserrat-font-family has-extra-large-title-font-size wp-elements-814a9146ccd106606f9ea387b66f37c5\" style=\"font-style:normal;font-weight:700\">\u012eRENGIMAS<\/h1>\n\n\n\n<p>Pristatymas ir montavimas &#8211; mes pasir\u016bpinsime jumis!<\/p>\n<\/div>\n<\/div><\/div>\n<\/div>\n<\/div>\n\n<section class=\"wp-block-group alignfull black-content has-white-color has-darkgray-background-color has-text-color has-background is-layout-constrained wp-block-group-is-layout-constrained\" style=\"padding-top:var(--wp--preset--spacing--section-title-bottom);padding-bottom:var(--wp--preset--spacing--section-bottom)\">\n<div class=\"wp-block-columns installations-div-p is-layout-flex wp-container-core-columns-is-layout-0bc94483 wp-block-columns-is-layout-flex\" style=\"margin-top:0;margin-bottom:var(--wp--preset--spacing--side-padding);padding-top:0;padding-right:0;padding-bottom:0;padding-left:0\">\n<div class=\"wp-block-column installations-div-inner-col is-layout-flow wp-block-column-is-layout-flow\" style=\"padding-top:0;padding-right:0;padding-bottom:0;padding-left:0\">\n<p style=\"padding-top:0;padding-right:0;padding-bottom:0;padding-left:0\">Mes pristatome. Mes montuojame. J\u016bs mokote.  <\/p>\n<\/div>\n<\/div>\n\n\n\n<div class=\"wp-block-columns alignwide mobile-reverse is-layout-flex wp-container-core-columns-is-layout-ca64bf2d wp-block-columns-is-layout-flex\" style=\"margin-bottom:var(--wp--preset--spacing--side-padding)\">\n<div class=\"wp-block-column is-vertically-aligned-center is-layout-flow wp-block-column-is-layout-flow\">\n<figure class=\"wp-block-video\"><video height=\"1080\" style=\"aspect-ratio: 1920 \/ 1080;\" width=\"1920\" controls=\"\" src=\"https:\/\/evolve-fitness.eu\/wp-content\/uploads\/2025\/08\/Lemon_GYM_HQ.mp4\"><\/video><\/figure>\n<\/div>\n\n\n\n<div class=\"wp-block-column is-vertically-aligned-center is-layout-flow wp-block-column-is-layout-flow\">\n<h3 class=\"wp-block-heading\" style=\"margin-bottom:var(--wp--preset--spacing--h-3-bottom)\">Visus sporto sal\u0117s sprendimus visoje Europoje<\/h3>\n\n\n\n<p>Si\u016blome profesionalias pristatymo, montavimo ir mokymo paslaugas visose Europos \u0161alyse. Nesvarbu, ar jums reikia vienos \u012frangos, ar visos sporto sal\u0117s \u012frangos, mes pasir\u016bpinsime procesu nuo planavimo iki surinkimo, kad gal\u0117tum\u0117te susitelkti \u012f treniruotes. <\/p>\n<\/div>\n<\/div>\n\n\n\n<div class=\"wp-block-columns alignwide is-layout-flex wp-container-core-columns-is-layout-ca64bf2d wp-block-columns-is-layout-flex\" style=\"margin-bottom:var(--wp--preset--spacing--side-padding)\">\n<div class=\"wp-block-column is-vertically-aligned-center is-layout-flow wp-block-column-is-layout-flow\" style=\"padding-top:var(--wp--preset--spacing--side-padding)\">\n<h3 class=\"wp-block-heading\" style=\"margin-bottom:var(--wp--preset--spacing--h-3-bottom)\"><strong><strong><strong><strong><strong><strong><strong>Nuo id\u0117jos iki realyb\u0117s<\/strong><\/strong><\/strong><\/strong><\/strong><\/strong><\/strong><\/h3>\n\n\n\n<p>Kiekvienas projektas prasideda nuo j\u016bs\u0173 poreiki\u0173 i\u0161klausymo. Nesvarbu, ar jau turite ai\u0161ki\u0105 vizij\u0105, ar tik id\u0117j\u0105, galime sukurti eskizus, parengti 2D techninius planus ir 3D vizualizacijas, kad gal\u0117tum\u0117te tiksliai pamatyti, kaip atrodys j\u016bs\u0173 \u012frenginys. Kai planas patvirtinamas, m\u016bs\u0173 montavimo komanda j\u012f \u012fgyvendina tiksliai ir su d\u0117mesiu detal\u0117ms.  <br\/><\/p>\n<\/div>\n\n\n\n<div class=\"wp-block-column is-vertically-aligned-center is-layout-flow wp-block-column-is-layout-flow\">\n<figure class=\"wp-block-video\"><video height=\"1440\" style=\"aspect-ratio: 2560 \/ 1440;\" width=\"2560\" controls=\"\" src=\"https:\/\/evolve-fitness.eu\/wp-content\/uploads\/2025\/08\/Evolve-Home-Systemss.mp4\"><\/video><\/figure>\n<\/div>\n<\/div>\n\n\n\n<div class=\"wp-block-columns alignwide mobile-reverse is-layout-flex wp-container-core-columns-is-layout-c45ee707 wp-block-columns-is-layout-flex\" style=\"margin-bottom:var(--wp--preset--spacing--side-padding);padding-top:var(--wp--preset--spacing--side-padding)\">\n<div class=\"wp-block-column is-vertically-aligned-center is-layout-flow wp-block-column-is-layout-flow\">\n<figure class=\"wp-block-image size-large is-style-default\"><img loading=\"lazy\" decoding=\"async\" width=\"1024\" height=\"576\" src=\"https:\/\/evolve-fitness.eu\/wp-content\/uploads\/2025\/08\/vlcsnap-2023-06-22-17h40m07s325-1024x576.png\" alt=\"\" class=\"wp-image-201949\" srcset=\"https:\/\/evolve-fitness.eu\/wp-content\/uploads\/2025\/08\/vlcsnap-2023-06-22-17h40m07s325-1024x576.png 1024w, https:\/\/evolve-fitness.eu\/wp-content\/uploads\/2025\/08\/vlcsnap-2023-06-22-17h40m07s325-300x169.png 300w, https:\/\/evolve-fitness.eu\/wp-content\/uploads\/2025\/08\/vlcsnap-2023-06-22-17h40m07s325-150x84.png 150w, https:\/\/evolve-fitness.eu\/wp-content\/uploads\/2025\/08\/vlcsnap-2023-06-22-17h40m07s325-768x432.png 768w, https:\/\/evolve-fitness.eu\/wp-content\/uploads\/2025\/08\/vlcsnap-2023-06-22-17h40m07s325-1536x864.png 1536w, https:\/\/evolve-fitness.eu\/wp-content\/uploads\/2025\/08\/vlcsnap-2023-06-22-17h40m07s325-2048x1152.png 2048w, https:\/\/evolve-fitness.eu\/wp-content\/uploads\/2025\/08\/vlcsnap-2023-06-22-17h40m07s325-600x338.png 600w, https:\/\/evolve-fitness.eu\/wp-content\/uploads\/2025\/08\/vlcsnap-2023-06-22-17h40m07s325-267x150.png 267w\" sizes=\"auto, (max-width: 1024px) 100vw, 1024px\" \/><\/figure>\n<\/div>\n\n\n\n<div class=\"wp-block-column is-vertically-aligned-center is-layout-flow wp-block-column-is-layout-flow\">\n<h3 class=\"wp-block-heading\" style=\"margin-bottom:var(--wp--preset--spacing--h-3-bottom)\"><strong><strong><strong><strong><strong><strong><strong><strong>Dirbame ne tik su kardio treniruot\u0117mis<\/strong><\/strong><\/strong><\/strong><\/strong><\/strong><\/strong><\/strong><\/h3>\n\n\n\n<p>Norite \u012frengti krep\u0161inio aik\u0161tel\u0119 arba lanko sistem\u0105? Galime atvykti \u012f viet\u0105 ir visk\u0105 \u012fgyvendinti. Reikia visi\u0161kai \u012frengti sporto sal\u0119 nuo nulio? Mes jums pad\u0117sime. M\u016bs\u0173 kompetencija apima \u012fvairi\u0105 treniruokli\u0173, sporto ir laisvalaikio \u012frang\u0105, tod\u0117l si\u016blome sprendimus, pritaikytus j\u016bs\u0173 erdvei ir reikalavimams.    <\/p>\n<\/div>\n<\/div>\n\n\n\n<div class=\"wp-block-columns alignwide is-layout-flex wp-container-core-columns-is-layout-ca64bf2d wp-block-columns-is-layout-flex\" style=\"margin-bottom:var(--wp--preset--spacing--side-padding)\">\n<div class=\"wp-block-column is-vertically-aligned-center is-layout-flow wp-block-column-is-layout-flow\" style=\"padding-top:var(--wp--preset--spacing--side-padding)\">\n<h3 class=\"wp-block-heading\" style=\"margin-bottom:var(--wp--preset--spacing--h-3-bottom)\"><strong><strong><strong><strong><strong><strong><strong><strong>Sprendimai visoje Europoje<\/strong><\/strong><\/strong><\/strong><\/strong><\/strong><\/strong><\/strong><\/h3>\n\n\n\n<p>M\u016bs\u0173 pristatymo ir montavimo paslaugos teikiamos visose Europos \u0161alyse. Nuo pavieni\u0173 treniruokli\u0173 iki piln\u0173 komercini\u0173 sporto sali\u0173, nuo priva\u010di\u0173 studij\u0173 iki sporto kompleks\u0173 &#8211; u\u017etikriname, kad kiekvienas projektas b\u016bt\u0173 vykdomas taip pat profesionaliai ir r\u016bpestingai. <br\/><\/p>\n<\/div>\n\n\n\n<div class=\"wp-block-column is-vertically-aligned-center is-layout-flow wp-block-column-is-layout-flow\">\n<figure class=\"wp-block-image size-large\"><img loading=\"lazy\" decoding=\"async\" width=\"1024\" height=\"683\" src=\"https:\/\/evolve-fitness.eu\/wp-content\/uploads\/2025\/08\/8-1024x683.jpg\" alt=\"\" class=\"wp-image-201974\" srcset=\"https:\/\/evolve-fitness.eu\/wp-content\/uploads\/2025\/08\/8-1024x683.jpg 1024w, https:\/\/evolve-fitness.eu\/wp-content\/uploads\/2025\/08\/8-300x200.jpg 300w, https:\/\/evolve-fitness.eu\/wp-content\/uploads\/2025\/08\/8-150x100.jpg 150w, https:\/\/evolve-fitness.eu\/wp-content\/uploads\/2025\/08\/8-768x512.jpg 768w, https:\/\/evolve-fitness.eu\/wp-content\/uploads\/2025\/08\/8-1536x1024.jpg 1536w, https:\/\/evolve-fitness.eu\/wp-content\/uploads\/2025\/08\/8-2048x1366.jpg 2048w, https:\/\/evolve-fitness.eu\/wp-content\/uploads\/2025\/08\/8-600x400.jpg 600w, https:\/\/evolve-fitness.eu\/wp-content\/uploads\/2025\/08\/8-225x150.jpg 225w\" sizes=\"auto, (max-width: 1024px) 100vw, 1024px\" \/><\/figure>\n<\/div>\n<\/div>\n\n\n\n<div class=\"wp-block-columns alignwide mobile-reverse is-layout-flex wp-container-core-columns-is-layout-c45ee707 wp-block-columns-is-layout-flex\" style=\"margin-bottom:var(--wp--preset--spacing--side-padding);padding-top:var(--wp--preset--spacing--side-padding)\">\n<div class=\"wp-block-column is-vertically-aligned-center is-layout-flow wp-block-column-is-layout-flow\">\n<figure class=\"wp-block-image size-large is-style-default\"><img loading=\"lazy\" decoding=\"async\" width=\"1024\" height=\"683\" src=\"https:\/\/evolve-fitness.eu\/wp-content\/uploads\/2025\/08\/Gym-Gardino-14-1024x683.jpg\" alt=\"\" class=\"wp-image-202024\" srcset=\"https:\/\/evolve-fitness.eu\/wp-content\/uploads\/2025\/08\/Gym-Gardino-14-1024x683.jpg 1024w, https:\/\/evolve-fitness.eu\/wp-content\/uploads\/2025\/08\/Gym-Gardino-14-300x200.jpg 300w, https:\/\/evolve-fitness.eu\/wp-content\/uploads\/2025\/08\/Gym-Gardino-14-150x100.jpg 150w, https:\/\/evolve-fitness.eu\/wp-content\/uploads\/2025\/08\/Gym-Gardino-14-768x512.jpg 768w, https:\/\/evolve-fitness.eu\/wp-content\/uploads\/2025\/08\/Gym-Gardino-14-1536x1024.jpg 1536w, https:\/\/evolve-fitness.eu\/wp-content\/uploads\/2025\/08\/Gym-Gardino-14-600x400.jpg 600w, https:\/\/evolve-fitness.eu\/wp-content\/uploads\/2025\/08\/Gym-Gardino-14-225x150.jpg 225w, https:\/\/evolve-fitness.eu\/wp-content\/uploads\/2025\/08\/Gym-Gardino-14.jpg 2048w\" sizes=\"auto, (max-width: 1024px) 100vw, 1024px\" \/><\/figure>\n<\/div>\n\n\n\n<div class=\"wp-block-column is-vertically-aligned-center is-layout-flow wp-block-column-is-layout-flow\">\n<h3 class=\"wp-block-heading\" style=\"margin-bottom:var(--wp--preset--spacing--h-3-bottom)\"><strong><strong><strong><strong><strong><strong><strong><strong>J\u016bs\u0173 projektas, m\u016bs\u0173 \u012fsipareigojimas<\/strong><\/strong><\/strong><\/strong><\/strong><\/strong><\/strong><\/strong><\/h3>\n\n\n\n<p>Nesvarbu, kokio dyd\u017eio ar sud\u0117tingumo, manome, kad kiekvienas \u012frenginys nusipelno asmeninio po\u017ei\u016brio. Deriname technines \u017einias, \u0161iuolaikines projektavimo priemones ir praktin\u0119 patirt\u012f, kad rezultatai pranokt\u0173 l\u016bkes\u010dius. <\/p>\n<\/div>\n<\/div>\n<\/section>\n","protected":false},"excerpt":{"rendered":"<p>Mes pristatome. Mes montuojame. J\u016bs mokote. Visus sporto sal\u0117s sprendimus visoje Europoje Si\u016blome profesionalias pristatymo, montavimo ir mokymo paslaugas visose Europos \u0161alyse. Nesvarbu, ar jums reikia vienos \u012frangos, ar visos sporto sal\u0117s \u012frangos, mes pasir\u016bpinsime procesu nuo planavimo iki surinkimo, kad gal\u0117tum\u0117te susitelkti \u012f treniruotes. Nuo id\u0117jos iki realyb\u0117s Kiekvienas projektas prasideda nuo j\u016bs\u0173 poreiki\u0173 [&hellip;]<\/p>\n","protected":false},"author":15,"featured_media":0,"parent":0,"menu_order":0,"comment_status":"closed","ping_status":"closed","template":"","meta":{"_acf_changed":false,"inline_featured_image":false,"footnotes":""},"class_list":["post-213186","page","type-page","status-publish","hentry"],"acf":[],"yoast_head":"<!-- This site is optimized with the Yoast SEO plugin v26.6 - https:\/\/yoast.com\/wordpress\/plugins\/seo\/ -->\n<title>\u012erengimas - Evolve<\/title>\n<meta name=\"description\" content=\"Pristatymo ir montavimo paslaugos teikiamos visose Europos \u0161alyse. Nuo pavieni\u0173 treniruokli\u0173 iki piln\u0173 komercini\u0173 treniruokli\u0173, vis\u0173 tip\u0173 treniruokli\u0173\" \/>\n<meta name=\"robots\" content=\"index, follow, max-snippet:-1, max-image-preview:large, max-video-preview:-1\" \/>\n<link rel=\"canonical\" href=\"https:\/\/evolve-fitness.eu\/lt\/irengimas\/\" \/>\n<meta property=\"og:locale\" content=\"lt_LT\" \/>\n<meta property=\"og:type\" content=\"article\" \/>\n<meta property=\"og:title\" content=\"\u012erengimas - Evolve\" \/>\n<meta property=\"og:description\" content=\"Pristatymo ir montavimo paslaugos teikiamos visose Europos \u0161alyse. Nuo pavieni\u0173 treniruokli\u0173 iki piln\u0173 komercini\u0173 treniruokli\u0173, vis\u0173 tip\u0173 treniruokli\u0173\" \/>\n<meta property=\"og:url\" content=\"https:\/\/evolve-fitness.eu\/lt\/irengimas\/\" \/>\n<meta property=\"og:site_name\" content=\"Evolve\" \/>\n<meta property=\"article:publisher\" content=\"https:\/\/www.facebook.com\/EvolveFitnessEurope\" \/>\n<meta property=\"article:modified_time\" content=\"2025-11-05T08:22:14+00:00\" \/>\n<meta property=\"og:image\" content=\"https:\/\/evolve-fitness.eu\/wp-content\/uploads\/2025\/08\/vlcsnap-2023-06-22-17h40m07s325-scaled.png\" \/>\n\t<meta property=\"og:image:width\" content=\"2560\" \/>\n\t<meta property=\"og:image:height\" content=\"1440\" \/>\n\t<meta property=\"og:image:type\" content=\"image\/png\" \/>\n<meta name=\"twitter:card\" content=\"summary_large_image\" \/>\n<script type=\"application\/ld+json\" class=\"yoast-schema-graph\">{\"@context\":\"https:\/\/schema.org\",\"@graph\":[{\"@type\":\"WebPage\",\"@id\":\"https:\/\/evolve-fitness.eu\/lt\/irengimas\/\",\"url\":\"https:\/\/evolve-fitness.eu\/lt\/irengimas\/\",\"name\":\"\u012erengimas - Evolve\",\"isPartOf\":{\"@id\":\"https:\/\/evolve-fitness.eu\/lt\/#website\"},\"primaryImageOfPage\":{\"@id\":\"https:\/\/evolve-fitness.eu\/lt\/irengimas\/#primaryimage\"},\"image\":{\"@id\":\"https:\/\/evolve-fitness.eu\/lt\/irengimas\/#primaryimage\"},\"thumbnailUrl\":\"https:\/\/evolve-fitness.eu\/wp-content\/uploads\/2025\/08\/vlcsnap-2023-06-22-17h40m07s325-1024x576.png\",\"datePublished\":\"2025-07-07T03:44:43+00:00\",\"dateModified\":\"2025-11-05T08:22:14+00:00\",\"description\":\"Pristatymo ir montavimo paslaugos teikiamos visose Europos \u0161alyse. Nuo pavieni\u0173 treniruokli\u0173 iki piln\u0173 komercini\u0173 treniruokli\u0173, vis\u0173 tip\u0173 treniruokli\u0173\",\"breadcrumb\":{\"@id\":\"https:\/\/evolve-fitness.eu\/lt\/irengimas\/#breadcrumb\"},\"inLanguage\":\"lt-LT\",\"potentialAction\":[{\"@type\":\"ReadAction\",\"target\":[\"https:\/\/evolve-fitness.eu\/lt\/irengimas\/\"]}]},{\"@type\":\"ImageObject\",\"inLanguage\":\"lt-LT\",\"@id\":\"https:\/\/evolve-fitness.eu\/lt\/irengimas\/#primaryimage\",\"url\":\"https:\/\/evolve-fitness.eu\/wp-content\/uploads\/2025\/08\/vlcsnap-2023-06-22-17h40m07s325-1024x576.png\",\"contentUrl\":\"https:\/\/evolve-fitness.eu\/wp-content\/uploads\/2025\/08\/vlcsnap-2023-06-22-17h40m07s325-1024x576.png\"},{\"@type\":\"BreadcrumbList\",\"@id\":\"https:\/\/evolve-fitness.eu\/lt\/irengimas\/#breadcrumb\",\"itemListElement\":[{\"@type\":\"ListItem\",\"position\":1,\"name\":\"Home\",\"item\":\"https:\/\/evolve-fitness.eu\/lt\/\"},{\"@type\":\"ListItem\",\"position\":2,\"name\":\"\u012erengimas\"}]},{\"@type\":\"WebSite\",\"@id\":\"https:\/\/evolve-fitness.eu\/lt\/#website\",\"url\":\"https:\/\/evolve-fitness.eu\/lt\/\",\"name\":\"Evolve\",\"description\":\"Your Evolved Gear Arrived\",\"publisher\":{\"@id\":\"https:\/\/evolve-fitness.eu\/lt\/#organization\"},\"potentialAction\":[{\"@type\":\"SearchAction\",\"target\":{\"@type\":\"EntryPoint\",\"urlTemplate\":\"https:\/\/evolve-fitness.eu\/lt\/?s={search_term_string}\"},\"query-input\":{\"@type\":\"PropertyValueSpecification\",\"valueRequired\":true,\"valueName\":\"search_term_string\"}}],\"inLanguage\":\"lt-LT\"},{\"@type\":\"Organization\",\"@id\":\"https:\/\/evolve-fitness.eu\/lt\/#organization\",\"name\":\"Evolve\",\"url\":\"https:\/\/evolve-fitness.eu\/lt\/\",\"logo\":{\"@type\":\"ImageObject\",\"inLanguage\":\"lt-LT\",\"@id\":\"https:\/\/evolve-fitness.eu\/lt\/#\/schema\/logo\/image\/\",\"url\":\"https:\/\/evolve-fitness.eu\/wp-content\/uploads\/2023\/05\/Evolve-logo.svg\",\"contentUrl\":\"https:\/\/evolve-fitness.eu\/wp-content\/uploads\/2023\/05\/Evolve-logo.svg\",\"width\":176,\"height\":20,\"caption\":\"Evolve\"},\"image\":{\"@id\":\"https:\/\/evolve-fitness.eu\/lt\/#\/schema\/logo\/image\/\"},\"sameAs\":[\"https:\/\/www.facebook.com\/EvolveFitnessEurope\"]}]}<\/script>\n<!-- \/ Yoast SEO plugin. -->","yoast_head_json":{"title":"\u012erengimas - Evolve","description":"Pristatymo ir montavimo paslaugos teikiamos visose Europos \u0161alyse. Nuo pavieni\u0173 treniruokli\u0173 iki piln\u0173 komercini\u0173 treniruokli\u0173, vis\u0173 tip\u0173 treniruokli\u0173","robots":{"index":"index","follow":"follow","max-snippet":"max-snippet:-1","max-image-preview":"max-image-preview:large","max-video-preview":"max-video-preview:-1"},"canonical":"https:\/\/evolve-fitness.eu\/lt\/irengimas\/","og_locale":"lt_LT","og_type":"article","og_title":"\u012erengimas - Evolve","og_description":"Pristatymo ir montavimo paslaugos teikiamos visose Europos \u0161alyse. Nuo pavieni\u0173 treniruokli\u0173 iki piln\u0173 komercini\u0173 treniruokli\u0173, vis\u0173 tip\u0173 treniruokli\u0173","og_url":"https:\/\/evolve-fitness.eu\/lt\/irengimas\/","og_site_name":"Evolve","article_publisher":"https:\/\/www.facebook.com\/EvolveFitnessEurope","article_modified_time":"2025-11-05T08:22:14+00:00","og_image":[{"width":2560,"height":1440,"url":"https:\/\/evolve-fitness.eu\/wp-content\/uploads\/2025\/08\/vlcsnap-2023-06-22-17h40m07s325-scaled.png","type":"image\/png"}],"twitter_card":"summary_large_image","schema":{"@context":"https:\/\/schema.org","@graph":[{"@type":"WebPage","@id":"https:\/\/evolve-fitness.eu\/lt\/irengimas\/","url":"https:\/\/evolve-fitness.eu\/lt\/irengimas\/","name":"\u012erengimas - Evolve","isPartOf":{"@id":"https:\/\/evolve-fitness.eu\/lt\/#website"},"primaryImageOfPage":{"@id":"https:\/\/evolve-fitness.eu\/lt\/irengimas\/#primaryimage"},"image":{"@id":"https:\/\/evolve-fitness.eu\/lt\/irengimas\/#primaryimage"},"thumbnailUrl":"https:\/\/evolve-fitness.eu\/wp-content\/uploads\/2025\/08\/vlcsnap-2023-06-22-17h40m07s325-1024x576.png","datePublished":"2025-07-07T03:44:43+00:00","dateModified":"2025-11-05T08:22:14+00:00","description":"Pristatymo ir montavimo paslaugos teikiamos visose Europos \u0161alyse. Nuo pavieni\u0173 treniruokli\u0173 iki piln\u0173 komercini\u0173 treniruokli\u0173, vis\u0173 tip\u0173 treniruokli\u0173","breadcrumb":{"@id":"https:\/\/evolve-fitness.eu\/lt\/irengimas\/#breadcrumb"},"inLanguage":"lt-LT","potentialAction":[{"@type":"ReadAction","target":["https:\/\/evolve-fitness.eu\/lt\/irengimas\/"]}]},{"@type":"ImageObject","inLanguage":"lt-LT","@id":"https:\/\/evolve-fitness.eu\/lt\/irengimas\/#primaryimage","url":"https:\/\/evolve-fitness.eu\/wp-content\/uploads\/2025\/08\/vlcsnap-2023-06-22-17h40m07s325-1024x576.png","contentUrl":"https:\/\/evolve-fitness.eu\/wp-content\/uploads\/2025\/08\/vlcsnap-2023-06-22-17h40m07s325-1024x576.png"},{"@type":"BreadcrumbList","@id":"https:\/\/evolve-fitness.eu\/lt\/irengimas\/#breadcrumb","itemListElement":[{"@type":"ListItem","position":1,"name":"Home","item":"https:\/\/evolve-fitness.eu\/lt\/"},{"@type":"ListItem","position":2,"name":"\u012erengimas"}]},{"@type":"WebSite","@id":"https:\/\/evolve-fitness.eu\/lt\/#website","url":"https:\/\/evolve-fitness.eu\/lt\/","name":"Evolve","description":"Your Evolved Gear Arrived","publisher":{"@id":"https:\/\/evolve-fitness.eu\/lt\/#organization"},"potentialAction":[{"@type":"SearchAction","target":{"@type":"EntryPoint","urlTemplate":"https:\/\/evolve-fitness.eu\/lt\/?s={search_term_string}"},"query-input":{"@type":"PropertyValueSpecification","valueRequired":true,"valueName":"search_term_string"}}],"inLanguage":"lt-LT"},{"@type":"Organization","@id":"https:\/\/evolve-fitness.eu\/lt\/#organization","name":"Evolve","url":"https:\/\/evolve-fitness.eu\/lt\/","logo":{"@type":"ImageObject","inLanguage":"lt-LT","@id":"https:\/\/evolve-fitness.eu\/lt\/#\/schema\/logo\/image\/","url":"https:\/\/evolve-fitness.eu\/wp-content\/uploads\/2023\/05\/Evolve-logo.svg","contentUrl":"https:\/\/evolve-fitness.eu\/wp-content\/uploads\/2023\/05\/Evolve-logo.svg","width":176,"height":20,"caption":"Evolve"},"image":{"@id":"https:\/\/evolve-fitness.eu\/lt\/#\/schema\/logo\/image\/"},"sameAs":["https:\/\/www.facebook.com\/EvolveFitnessEurope"]}]}},"_links":{"self":[{"href":"https:\/\/evolve-fitness.eu\/lt\/wp-json\/wp\/v2\/pages\/213186","targetHints":{"allow":["GET"]}}],"collection":[{"href":"https:\/\/evolve-fitness.eu\/lt\/wp-json\/wp\/v2\/pages"}],"about":[{"href":"https:\/\/evolve-fitness.eu\/lt\/wp-json\/wp\/v2\/types\/page"}],"author":[{"embeddable":true,"href":"https:\/\/evolve-fitness.eu\/lt\/wp-json\/wp\/v2\/users\/15"}],"replies":[{"embeddable":true,"href":"https:\/\/evolve-fitness.eu\/lt\/wp-json\/wp\/v2\/comments?post=213186"}],"version-history":[{"count":0,"href":"https:\/\/evolve-fitness.eu\/lt\/wp-json\/wp\/v2\/pages\/213186\/revisions"}],"wp:attachment":[{"href":"https:\/\/evolve-fitness.eu\/lt\/wp-json\/wp\/v2\/media?parent=213186"}],"curies":[{"name":"wp","href":"https:\/\/api.w.org\/{rel}","templated":true}]}}