{"id":101517,"date":"2023-09-11T07:14:18","date_gmt":"2023-09-11T07:14:18","guid":{"rendered":"https:\/\/evolve-fitness.eu\/product\/evolve-ultra-series-plattenbelastete-brustpresse\/"},"modified":"2023-09-11T07:14:18","modified_gmt":"2023-09-11T07:14:18","slug":"evolve-ultra-series-plattenbelastete-brustpresse","status":"publish","type":"product","link":"https:\/\/evolve-fitness.eu\/lt\/produktas\/evolve-ultra-series-plattenbelastete-brustpresse\/","title":{"rendered":"&#8222;Evolve Ultra Series&#8221; plattenbelastete Brustpresse"},"content":{"rendered":"","protected":false},"excerpt":{"rendered":"<p>Erh\u00f6hen Sie das Angebot in Ihrem Fitnessstudio mit der Evolve Ultra Series Plate Loaded Chest Press UL-010. Diese f\u00fcr kommerzielle Fitnesseinrichtungen konzipierte Brustpresse verf\u00fcgt \u00fcber einen robusten Stahlrahmen mit Rostschutz, 6 integrierte Hantelscheibenaufbewahrungsstifte und rutschfeste Griffe f\u00fcr mehr Sicherheit. Ergonomische Design, die unilaterale Armbewegung und die anpassbaren Farben machen ihn zu einer erstklassigen Wahl. Su 2 met\u0173 garantija yra ideali priemon\u0117 fitneso studijoms, kurios siekia gauti geriausius ir kokybi\u0161kiausius \u012frenginius. Erweitern Sie die Fitnessger\u00e4te in Ihrem Fitnessstudio mit dieser au\u00dfergew\u00f6hnlichen Brustpresse.  <\/p>\n","protected":false},"featured_media":0,"template":"","meta":{"_acf_changed":false,"inline_featured_image":false},"product_brand":[],"product_cat":[17],"product_tag":[],"class_list":{"0":"post-101517","1":"product","2":"type-product","3":"status-publish","5":"product_cat-be-kategorijos","7":"first","8":"instock","9":"virtual","10":"purchasable","11":"product-type-simple"},"acf":{"long_title":"\"Evolve Ultra Series\" plok\u0161t\u0117s kr\u016btin\u0117s spaudimas, UL-010","subtitle":"","specifications":[{"label":"SKU","text_value":"EV-PL-UL-010","icon":"x"},{"label":"Abmessungen","text_value":"1100 x 1690 x 1770 mm","icon":"x"},{"label":"Gewicht","text_value":"135 kg","icon":"x"},{"label":"Garantie  ","text_value":"2 metai","icon":"x"},{"label":"Did\u017eiausia. apkrautas  ","text_value":"300 kg","icon":"x"},{"label":"Hantelscheiben Aufbewahrung von Hantelscheiben","text_value":"","icon":"v"},{"label":"Dick gepolstert","text_value":"","icon":"v"},{"label":"Viena\u0161al\u0117 s\u0105junga (Unilaterale Armbewegung)","text_value":"","icon":"v"},{"label":"Sitzh\u00f6he einstellbar  ","text_value":"","icon":"v"},{"label":"Offener Rahmen f\u00fcr leichten Zugang","text_value":"","icon":"v"},{"label":"Langlebige Bodenschoner","text_value":"","icon":"v"},{"label":"Anti-Rutsch-Griffe","text_value":"","icon":"v"},{"label":"6 Stifte zur Aufbewahrung von Hantelscheiben","text_value":"","icon":"v"},{"label":"Rahmen- und Polsterfarben individuell anpassen","text_value":"","icon":"v"}]},"yoast_head":"<!-- This site is optimized with the Yoast SEO plugin v27.4 - https:\/\/yoast.com\/product\/yoast-seo-wordpress\/ -->\n<title>&quot;Evolve Ultra Series&quot; plattenbelastete Brustpresse - Evolve<\/title>\n<meta name=\"robots\" content=\"index, follow, max-snippet:-1, max-image-preview:large, max-video-preview:-1\" \/>\n<link rel=\"canonical\" href=\"https:\/\/evolve-fitness.eu\/lt\/produktas\/evolve-ultra-series-plattenbelastete-brustpresse\/\" \/>\n<meta property=\"og:locale\" content=\"lt_LT\" \/>\n<meta property=\"og:type\" content=\"article\" \/>\n<meta property=\"og:title\" content=\"&quot;Evolve Ultra Series&quot; plattenbelastete Brustpresse - Evolve\" \/>\n<meta property=\"og:url\" content=\"https:\/\/evolve-fitness.eu\/lt\/produktas\/evolve-ultra-series-plattenbelastete-brustpresse\/\" \/>\n<meta property=\"og:site_name\" content=\"Evolve\" \/>\n<meta property=\"article:publisher\" content=\"https:\/\/www.facebook.com\/EvolveFitnessEurope\" \/>\n<meta name=\"twitter:card\" content=\"summary_large_image\" \/>\n<script type=\"application\/ld+json\" class=\"yoast-schema-graph\">{\"@context\":\"https:\\\/\\\/schema.org\",\"@graph\":[{\"@type\":\"WebPage\",\"@id\":\"https:\\\/\\\/evolve-fitness.eu\\\/lt\\\/produktas\\\/evolve-ultra-series-plattenbelastete-brustpresse\\\/\",\"url\":\"https:\\\/\\\/evolve-fitness.eu\\\/lt\\\/produktas\\\/evolve-ultra-series-plattenbelastete-brustpresse\\\/\",\"name\":\"\\\"Evolve Ultra Series\\\" plattenbelastete Brustpresse - Evolve\",\"isPartOf\":{\"@id\":\"https:\\\/\\\/evolve-fitness.eu\\\/lt\\\/#website\"},\"datePublished\":\"2023-09-11T07:14:18+00:00\",\"breadcrumb\":{\"@id\":\"https:\\\/\\\/evolve-fitness.eu\\\/lt\\\/produktas\\\/evolve-ultra-series-plattenbelastete-brustpresse\\\/#breadcrumb\"},\"inLanguage\":\"lt-LT\",\"potentialAction\":[{\"@type\":\"ReadAction\",\"target\":[\"https:\\\/\\\/evolve-fitness.eu\\\/lt\\\/produktas\\\/evolve-ultra-series-plattenbelastete-brustpresse\\\/\"]}]},{\"@type\":\"BreadcrumbList\",\"@id\":\"https:\\\/\\\/evolve-fitness.eu\\\/lt\\\/produktas\\\/evolve-ultra-series-plattenbelastete-brustpresse\\\/#breadcrumb\",\"itemListElement\":[{\"@type\":\"ListItem\",\"position\":1,\"name\":\"Home\",\"item\":\"https:\\\/\\\/evolve-fitness.eu\\\/lt\\\/\"},{\"@type\":\"ListItem\",\"position\":2,\"name\":\"Produktai\",\"item\":\"https:\\\/\\\/evolve-fitness.eu\\\/lt\\\/shop\\\/\"},{\"@type\":\"ListItem\",\"position\":3,\"name\":\"&#8222;Evolve Ultra Series&#8221; plattenbelastete Brustpresse\"}]},{\"@type\":\"WebSite\",\"@id\":\"https:\\\/\\\/evolve-fitness.eu\\\/lt\\\/#website\",\"url\":\"https:\\\/\\\/evolve-fitness.eu\\\/lt\\\/\",\"name\":\"Evolve\",\"description\":\"Your Evolved Gear Arrived\",\"publisher\":{\"@id\":\"https:\\\/\\\/evolve-fitness.eu\\\/lt\\\/#organization\"},\"potentialAction\":[{\"@type\":\"SearchAction\",\"target\":{\"@type\":\"EntryPoint\",\"urlTemplate\":\"https:\\\/\\\/evolve-fitness.eu\\\/lt\\\/?s={search_term_string}\"},\"query-input\":{\"@type\":\"PropertyValueSpecification\",\"valueRequired\":true,\"valueName\":\"search_term_string\"}}],\"inLanguage\":\"lt-LT\"},{\"@type\":\"Organization\",\"@id\":\"https:\\\/\\\/evolve-fitness.eu\\\/lt\\\/#organization\",\"name\":\"Evolve\",\"url\":\"https:\\\/\\\/evolve-fitness.eu\\\/lt\\\/\",\"logo\":{\"@type\":\"ImageObject\",\"inLanguage\":\"lt-LT\",\"@id\":\"https:\\\/\\\/evolve-fitness.eu\\\/lt\\\/#\\\/schema\\\/logo\\\/image\\\/\",\"url\":\"https:\\\/\\\/evolve-fitness.eu\\\/wp-content\\\/uploads\\\/2023\\\/05\\\/Evolve-logo.svg\",\"contentUrl\":\"https:\\\/\\\/evolve-fitness.eu\\\/wp-content\\\/uploads\\\/2023\\\/05\\\/Evolve-logo.svg\",\"width\":176,\"height\":20,\"caption\":\"Evolve\"},\"image\":{\"@id\":\"https:\\\/\\\/evolve-fitness.eu\\\/lt\\\/#\\\/schema\\\/logo\\\/image\\\/\"},\"sameAs\":[\"https:\\\/\\\/www.facebook.com\\\/EvolveFitnessEurope\"]}]}<\/script>\n<!-- \/ Yoast SEO plugin. -->","yoast_head_json":{"title":"\"Evolve Ultra Series\" plattenbelastete Brustpresse - Evolve","robots":{"index":"index","follow":"follow","max-snippet":"max-snippet:-1","max-image-preview":"max-image-preview:large","max-video-preview":"max-video-preview:-1"},"canonical":"https:\/\/evolve-fitness.eu\/lt\/produktas\/evolve-ultra-series-plattenbelastete-brustpresse\/","og_locale":"lt_LT","og_type":"article","og_title":"\"Evolve Ultra Series\" plattenbelastete Brustpresse - Evolve","og_url":"https:\/\/evolve-fitness.eu\/lt\/produktas\/evolve-ultra-series-plattenbelastete-brustpresse\/","og_site_name":"Evolve","article_publisher":"https:\/\/www.facebook.com\/EvolveFitnessEurope","twitter_card":"summary_large_image","schema":{"@context":"https:\/\/schema.org","@graph":[{"@type":"WebPage","@id":"https:\/\/evolve-fitness.eu\/lt\/produktas\/evolve-ultra-series-plattenbelastete-brustpresse\/","url":"https:\/\/evolve-fitness.eu\/lt\/produktas\/evolve-ultra-series-plattenbelastete-brustpresse\/","name":"\"Evolve Ultra Series\" plattenbelastete Brustpresse - Evolve","isPartOf":{"@id":"https:\/\/evolve-fitness.eu\/lt\/#website"},"datePublished":"2023-09-11T07:14:18+00:00","breadcrumb":{"@id":"https:\/\/evolve-fitness.eu\/lt\/produktas\/evolve-ultra-series-plattenbelastete-brustpresse\/#breadcrumb"},"inLanguage":"lt-LT","potentialAction":[{"@type":"ReadAction","target":["https:\/\/evolve-fitness.eu\/lt\/produktas\/evolve-ultra-series-plattenbelastete-brustpresse\/"]}]},{"@type":"BreadcrumbList","@id":"https:\/\/evolve-fitness.eu\/lt\/produktas\/evolve-ultra-series-plattenbelastete-brustpresse\/#breadcrumb","itemListElement":[{"@type":"ListItem","position":1,"name":"Home","item":"https:\/\/evolve-fitness.eu\/lt\/"},{"@type":"ListItem","position":2,"name":"Produktai","item":"https:\/\/evolve-fitness.eu\/lt\/shop\/"},{"@type":"ListItem","position":3,"name":"&#8222;Evolve Ultra Series&#8221; plattenbelastete Brustpresse"}]},{"@type":"WebSite","@id":"https:\/\/evolve-fitness.eu\/lt\/#website","url":"https:\/\/evolve-fitness.eu\/lt\/","name":"Evolve","description":"Your Evolved Gear Arrived","publisher":{"@id":"https:\/\/evolve-fitness.eu\/lt\/#organization"},"potentialAction":[{"@type":"SearchAction","target":{"@type":"EntryPoint","urlTemplate":"https:\/\/evolve-fitness.eu\/lt\/?s={search_term_string}"},"query-input":{"@type":"PropertyValueSpecification","valueRequired":true,"valueName":"search_term_string"}}],"inLanguage":"lt-LT"},{"@type":"Organization","@id":"https:\/\/evolve-fitness.eu\/lt\/#organization","name":"Evolve","url":"https:\/\/evolve-fitness.eu\/lt\/","logo":{"@type":"ImageObject","inLanguage":"lt-LT","@id":"https:\/\/evolve-fitness.eu\/lt\/#\/schema\/logo\/image\/","url":"https:\/\/evolve-fitness.eu\/wp-content\/uploads\/2023\/05\/Evolve-logo.svg","contentUrl":"https:\/\/evolve-fitness.eu\/wp-content\/uploads\/2023\/05\/Evolve-logo.svg","width":176,"height":20,"caption":"Evolve"},"image":{"@id":"https:\/\/evolve-fitness.eu\/lt\/#\/schema\/logo\/image\/"},"sameAs":["https:\/\/www.facebook.com\/EvolveFitnessEurope"]}]}},"_links":{"self":[{"href":"https:\/\/evolve-fitness.eu\/lt\/wp-json\/wp\/v2\/product\/101517","targetHints":{"allow":["GET"]}}],"collection":[{"href":"https:\/\/evolve-fitness.eu\/lt\/wp-json\/wp\/v2\/product"}],"about":[{"href":"https:\/\/evolve-fitness.eu\/lt\/wp-json\/wp\/v2\/types\/product"}],"wp:attachment":[{"href":"https:\/\/evolve-fitness.eu\/lt\/wp-json\/wp\/v2\/media?parent=101517"}],"wp:term":[{"taxonomy":"product_brand","embeddable":true,"href":"https:\/\/evolve-fitness.eu\/lt\/wp-json\/wp\/v2\/product_brand?post=101517"},{"taxonomy":"product_cat","embeddable":true,"href":"https:\/\/evolve-fitness.eu\/lt\/wp-json\/wp\/v2\/product_cat?post=101517"},{"taxonomy":"product_tag","embeddable":true,"href":"https:\/\/evolve-fitness.eu\/lt\/wp-json\/wp\/v2\/product_tag?post=101517"}],"curies":[{"name":"wp","href":"https:\/\/api.w.org\/{rel}","templated":true}]}}