{"id":101524,"date":"2023-09-11T08:48:24","date_gmt":"2023-09-11T08:48:24","guid":{"rendered":"https:\/\/evolve-fitness.eu\/product\/evolve-ultra-series-plokstele-su-uzrasais-apie-rankas\/"},"modified":"2024-03-15T11:13:24","modified_gmt":"2024-03-15T11:13:24","slug":"evolve-ultra-series-plokstele-su-uzrasais-apie-rankas","status":"publish","type":"product","link":"https:\/\/evolve-fitness.eu\/lt\/produktas\/evolve-ultra-series-plokstele-su-uzrasais-apie-rankas\/","title":{"rendered":"&#8222;Evolve Ultra Series&#8221; plok\u0161tel\u0117 su u\u017era\u0161ais apie rankas"},"content":{"rendered":"","protected":false},"excerpt":{"rendered":"<p>&#8222;Evolve Ultra Series Plate Loaded Row UL-050 ist die perfekte Wahl f\u00fcr kommerzielle Fitnessstudios, die ein hochwertiges Ger\u00e4t f\u00fcr das R\u00fcckentraining suchen. Mit seinem robusten Stahlrahmen, den rutschfesten Griffen und der integrierten Hantelscheibenablage bietet er ein sicheres und effizientes Trainingserlebnis. Passen Sie die Farben des Rahmens und der Polsterung an die Marke Ihres Fitnessstudios an und genie\u00dfen Sie das ergonomische Design und die 2Jahres-Garantie. Mit dem Evolve Ultra Series Ruderger\u00e4t bringen Sie Schwung in Ihr Fitnessstudio.  <\/p>\n","protected":false},"featured_media":0,"template":"","meta":{"_acf_changed":false,"inline_featured_image":false},"product_brand":[],"product_cat":[17],"product_tag":[],"class_list":{"0":"post-101524","1":"product","2":"type-product","3":"status-publish","5":"product_cat-be-kategorijos","7":"first","8":"instock","9":"virtual","10":"purchasable","11":"product-type-simple"},"acf":{"long_title":"\"Evolve Ultra Series Platte belastet Reihe\", UL-050","subtitle":"","specifications":[{"label":"SKU","text_value":"EV-PL-UL-050","icon":"x"},{"label":"Abmessungen","text_value":"1480 x 1275 x 1240 mm","icon":"x"},{"label":"Gewicht  ","text_value":"124 kg","icon":"x"},{"label":"Garantie  ","text_value":"2 metai","icon":"x"},{"label":"Did\u017eiausia. apkrautas  ","text_value":"300 kg","icon":"x"},{"label":"Hantelscheiben Aufbewahrung von Hantelscheiben","text_value":"","icon":"v"},{"label":"Viena\u0161al\u0117 s\u0105junga (Unilaterale Armbewegung)","text_value":"","icon":"v"},{"label":"Dick gepolstert","text_value":"","icon":"v"},{"label":"Sitzh\u00f6he einstellbar","text_value":"","icon":"v"},{"label":"Langlebige Bodenschoner","text_value":"","icon":"v"},{"label":"2 Stifte zur Aufbewahrung von Hantelscheiben","text_value":"","icon":"v"},{"label":"Rahmen- und Polsterfarben individuell anpassen","text_value":"","icon":"v"},{"label":"Anti-Rutsch-Griffe","text_value":"","icon":"v"}]},"yoast_head":"<!-- This site is optimized with the Yoast SEO plugin v27.4 - https:\/\/yoast.com\/product\/yoast-seo-wordpress\/ -->\n<title>&quot;Evolve Ultra Series&quot; plok\u0161tel\u0117 su u\u017era\u0161ais apie rankas - Evolve<\/title>\n<meta name=\"robots\" content=\"index, follow, max-snippet:-1, max-image-preview:large, max-video-preview:-1\" \/>\n<link rel=\"canonical\" href=\"https:\/\/evolve-fitness.eu\/lt\/produktas\/evolve-ultra-series-plokstele-su-uzrasais-apie-rankas\/\" \/>\n<meta property=\"og:locale\" content=\"lt_LT\" \/>\n<meta property=\"og:type\" content=\"article\" \/>\n<meta property=\"og:title\" content=\"&quot;Evolve Ultra Series&quot; plok\u0161tel\u0117 su u\u017era\u0161ais apie rankas - Evolve\" \/>\n<meta property=\"og:url\" content=\"https:\/\/evolve-fitness.eu\/lt\/produktas\/evolve-ultra-series-plokstele-su-uzrasais-apie-rankas\/\" \/>\n<meta property=\"og:site_name\" content=\"Evolve\" \/>\n<meta property=\"article:publisher\" content=\"https:\/\/www.facebook.com\/EvolveFitnessEurope\" \/>\n<meta property=\"article:modified_time\" content=\"2024-03-15T11:13:24+00:00\" \/>\n<meta name=\"twitter:card\" content=\"summary_large_image\" \/>\n<script type=\"application\/ld+json\" class=\"yoast-schema-graph\">{\"@context\":\"https:\\\/\\\/schema.org\",\"@graph\":[{\"@type\":\"WebPage\",\"@id\":\"https:\\\/\\\/evolve-fitness.eu\\\/lt\\\/produktas\\\/evolve-ultra-series-plokstele-su-uzrasais-apie-rankas\\\/\",\"url\":\"https:\\\/\\\/evolve-fitness.eu\\\/lt\\\/produktas\\\/evolve-ultra-series-plokstele-su-uzrasais-apie-rankas\\\/\",\"name\":\"\\\"Evolve Ultra Series\\\" plok\u0161tel\u0117 su u\u017era\u0161ais apie rankas - Evolve\",\"isPartOf\":{\"@id\":\"https:\\\/\\\/evolve-fitness.eu\\\/lt\\\/#website\"},\"datePublished\":\"2023-09-11T08:48:24+00:00\",\"dateModified\":\"2024-03-15T11:13:24+00:00\",\"breadcrumb\":{\"@id\":\"https:\\\/\\\/evolve-fitness.eu\\\/lt\\\/produktas\\\/evolve-ultra-series-plokstele-su-uzrasais-apie-rankas\\\/#breadcrumb\"},\"inLanguage\":\"lt-LT\",\"potentialAction\":[{\"@type\":\"ReadAction\",\"target\":[\"https:\\\/\\\/evolve-fitness.eu\\\/lt\\\/produktas\\\/evolve-ultra-series-plokstele-su-uzrasais-apie-rankas\\\/\"]}]},{\"@type\":\"BreadcrumbList\",\"@id\":\"https:\\\/\\\/evolve-fitness.eu\\\/lt\\\/produktas\\\/evolve-ultra-series-plokstele-su-uzrasais-apie-rankas\\\/#breadcrumb\",\"itemListElement\":[{\"@type\":\"ListItem\",\"position\":1,\"name\":\"Home\",\"item\":\"https:\\\/\\\/evolve-fitness.eu\\\/lt\\\/\"},{\"@type\":\"ListItem\",\"position\":2,\"name\":\"Produktai\",\"item\":\"https:\\\/\\\/evolve-fitness.eu\\\/lt\\\/shop\\\/\"},{\"@type\":\"ListItem\",\"position\":3,\"name\":\"&#8222;Evolve Ultra Series&#8221; plok\u0161tel\u0117 su u\u017era\u0161ais apie rankas\"}]},{\"@type\":\"WebSite\",\"@id\":\"https:\\\/\\\/evolve-fitness.eu\\\/lt\\\/#website\",\"url\":\"https:\\\/\\\/evolve-fitness.eu\\\/lt\\\/\",\"name\":\"Evolve\",\"description\":\"Your Evolved Gear Arrived\",\"publisher\":{\"@id\":\"https:\\\/\\\/evolve-fitness.eu\\\/lt\\\/#organization\"},\"potentialAction\":[{\"@type\":\"SearchAction\",\"target\":{\"@type\":\"EntryPoint\",\"urlTemplate\":\"https:\\\/\\\/evolve-fitness.eu\\\/lt\\\/?s={search_term_string}\"},\"query-input\":{\"@type\":\"PropertyValueSpecification\",\"valueRequired\":true,\"valueName\":\"search_term_string\"}}],\"inLanguage\":\"lt-LT\"},{\"@type\":\"Organization\",\"@id\":\"https:\\\/\\\/evolve-fitness.eu\\\/lt\\\/#organization\",\"name\":\"Evolve\",\"url\":\"https:\\\/\\\/evolve-fitness.eu\\\/lt\\\/\",\"logo\":{\"@type\":\"ImageObject\",\"inLanguage\":\"lt-LT\",\"@id\":\"https:\\\/\\\/evolve-fitness.eu\\\/lt\\\/#\\\/schema\\\/logo\\\/image\\\/\",\"url\":\"https:\\\/\\\/evolve-fitness.eu\\\/wp-content\\\/uploads\\\/2023\\\/05\\\/Evolve-logo.svg\",\"contentUrl\":\"https:\\\/\\\/evolve-fitness.eu\\\/wp-content\\\/uploads\\\/2023\\\/05\\\/Evolve-logo.svg\",\"width\":176,\"height\":20,\"caption\":\"Evolve\"},\"image\":{\"@id\":\"https:\\\/\\\/evolve-fitness.eu\\\/lt\\\/#\\\/schema\\\/logo\\\/image\\\/\"},\"sameAs\":[\"https:\\\/\\\/www.facebook.com\\\/EvolveFitnessEurope\"]}]}<\/script>\n<!-- \/ Yoast SEO plugin. -->","yoast_head_json":{"title":"\"Evolve Ultra Series\" plok\u0161tel\u0117 su u\u017era\u0161ais apie rankas - Evolve","robots":{"index":"index","follow":"follow","max-snippet":"max-snippet:-1","max-image-preview":"max-image-preview:large","max-video-preview":"max-video-preview:-1"},"canonical":"https:\/\/evolve-fitness.eu\/lt\/produktas\/evolve-ultra-series-plokstele-su-uzrasais-apie-rankas\/","og_locale":"lt_LT","og_type":"article","og_title":"\"Evolve Ultra Series\" plok\u0161tel\u0117 su u\u017era\u0161ais apie rankas - Evolve","og_url":"https:\/\/evolve-fitness.eu\/lt\/produktas\/evolve-ultra-series-plokstele-su-uzrasais-apie-rankas\/","og_site_name":"Evolve","article_publisher":"https:\/\/www.facebook.com\/EvolveFitnessEurope","article_modified_time":"2024-03-15T11:13:24+00:00","twitter_card":"summary_large_image","schema":{"@context":"https:\/\/schema.org","@graph":[{"@type":"WebPage","@id":"https:\/\/evolve-fitness.eu\/lt\/produktas\/evolve-ultra-series-plokstele-su-uzrasais-apie-rankas\/","url":"https:\/\/evolve-fitness.eu\/lt\/produktas\/evolve-ultra-series-plokstele-su-uzrasais-apie-rankas\/","name":"\"Evolve Ultra Series\" plok\u0161tel\u0117 su u\u017era\u0161ais apie rankas - Evolve","isPartOf":{"@id":"https:\/\/evolve-fitness.eu\/lt\/#website"},"datePublished":"2023-09-11T08:48:24+00:00","dateModified":"2024-03-15T11:13:24+00:00","breadcrumb":{"@id":"https:\/\/evolve-fitness.eu\/lt\/produktas\/evolve-ultra-series-plokstele-su-uzrasais-apie-rankas\/#breadcrumb"},"inLanguage":"lt-LT","potentialAction":[{"@type":"ReadAction","target":["https:\/\/evolve-fitness.eu\/lt\/produktas\/evolve-ultra-series-plokstele-su-uzrasais-apie-rankas\/"]}]},{"@type":"BreadcrumbList","@id":"https:\/\/evolve-fitness.eu\/lt\/produktas\/evolve-ultra-series-plokstele-su-uzrasais-apie-rankas\/#breadcrumb","itemListElement":[{"@type":"ListItem","position":1,"name":"Home","item":"https:\/\/evolve-fitness.eu\/lt\/"},{"@type":"ListItem","position":2,"name":"Produktai","item":"https:\/\/evolve-fitness.eu\/lt\/shop\/"},{"@type":"ListItem","position":3,"name":"&#8222;Evolve Ultra Series&#8221; plok\u0161tel\u0117 su u\u017era\u0161ais apie rankas"}]},{"@type":"WebSite","@id":"https:\/\/evolve-fitness.eu\/lt\/#website","url":"https:\/\/evolve-fitness.eu\/lt\/","name":"Evolve","description":"Your Evolved Gear Arrived","publisher":{"@id":"https:\/\/evolve-fitness.eu\/lt\/#organization"},"potentialAction":[{"@type":"SearchAction","target":{"@type":"EntryPoint","urlTemplate":"https:\/\/evolve-fitness.eu\/lt\/?s={search_term_string}"},"query-input":{"@type":"PropertyValueSpecification","valueRequired":true,"valueName":"search_term_string"}}],"inLanguage":"lt-LT"},{"@type":"Organization","@id":"https:\/\/evolve-fitness.eu\/lt\/#organization","name":"Evolve","url":"https:\/\/evolve-fitness.eu\/lt\/","logo":{"@type":"ImageObject","inLanguage":"lt-LT","@id":"https:\/\/evolve-fitness.eu\/lt\/#\/schema\/logo\/image\/","url":"https:\/\/evolve-fitness.eu\/wp-content\/uploads\/2023\/05\/Evolve-logo.svg","contentUrl":"https:\/\/evolve-fitness.eu\/wp-content\/uploads\/2023\/05\/Evolve-logo.svg","width":176,"height":20,"caption":"Evolve"},"image":{"@id":"https:\/\/evolve-fitness.eu\/lt\/#\/schema\/logo\/image\/"},"sameAs":["https:\/\/www.facebook.com\/EvolveFitnessEurope"]}]}},"_links":{"self":[{"href":"https:\/\/evolve-fitness.eu\/lt\/wp-json\/wp\/v2\/product\/101524","targetHints":{"allow":["GET"]}}],"collection":[{"href":"https:\/\/evolve-fitness.eu\/lt\/wp-json\/wp\/v2\/product"}],"about":[{"href":"https:\/\/evolve-fitness.eu\/lt\/wp-json\/wp\/v2\/types\/product"}],"wp:attachment":[{"href":"https:\/\/evolve-fitness.eu\/lt\/wp-json\/wp\/v2\/media?parent=101524"}],"wp:term":[{"taxonomy":"product_brand","embeddable":true,"href":"https:\/\/evolve-fitness.eu\/lt\/wp-json\/wp\/v2\/product_brand?post=101524"},{"taxonomy":"product_cat","embeddable":true,"href":"https:\/\/evolve-fitness.eu\/lt\/wp-json\/wp\/v2\/product_cat?post=101524"},{"taxonomy":"product_tag","embeddable":true,"href":"https:\/\/evolve-fitness.eu\/lt\/wp-json\/wp\/v2\/product_tag?post=101524"}],"curies":[{"name":"wp","href":"https:\/\/api.w.org\/{rel}","templated":true}]}}