{"id":102761,"date":"2023-09-11T09:59:51","date_gmt":"2023-09-11T09:59:51","guid":{"rendered":"https:\/\/evolve-fitness.eu\/product\/evolve-ultra-series-ploksciu-pakrautas-atvirkstinis-koju-spaudimas-2\/"},"modified":"2023-09-11T09:59:51","modified_gmt":"2023-09-11T09:59:51","slug":"evolve-ultra-series-ploksciu-pakrautas-atvirkstinis-koju-spaudimas-2","status":"publish","type":"product","link":"https:\/\/evolve-fitness.eu\/lt\/produktas\/evolve-ultra-series-ploksciu-pakrautas-atvirkstinis-koju-spaudimas-2\/","title":{"rendered":"&#8222;Evolve Ultra Series&#8221; plok\u0161\u010di\u0173 pakrautas atvirk\u0161tinis koj\u0173 spaudimas"},"content":{"rendered":"","protected":false},"excerpt":{"rendered":"<p>Pagerinkite savo k\u016bno ir raumen\u0173 treniruotes su &#8222;Evolve Ultra Series&#8221; plok\u0161tele pakrautu atvirk\u0161tiniu koj\u0173 presu UL-080. Dieses kommerzielle Fitnessger\u00e4t verf\u00fcgt \u00fcber einen robusten Metallrahmen, eine rostfreie Beschichtung und ein ergonomisches Design mit \u00fcbergro\u00dfen, rutschfesten Fu\u00dfst\u00fctzen und einer verstellbaren R\u00fcckenlehne. Zu den Sicherheitsmerkmalen geh\u00f6rt ein Bremssystem, und Sie k\u00f6nnen die Farben an die \u00c4sthetik Ihrer Sporthalle anpassen. Diese Beinpresse mit Premium-Polsterung und 2 Jahren Garantie ist sowohl elegant als auch zuverl\u00e4ssig. Sie misst 2300 x 1430 x 1400 mm und wiegt 215 kg. Pagerinkite savo treniruo\u010di\u0173 rezultatus su Evolve Prime Series Leg Press treniruokliu.  <\/p>\n","protected":false},"featured_media":0,"template":"","meta":{"_acf_changed":false,"inline_featured_image":false},"product_brand":[],"product_cat":[17],"product_tag":[],"class_list":{"0":"post-102761","1":"product","2":"type-product","3":"status-publish","5":"product_cat-be-kategorijos","7":"first","8":"instock","9":"virtual","10":"purchasable","11":"product-type-simple"},"acf":{"long_title":"\"Evolve Ultra Series\" plok\u0161teli\u0173 pakrautas atvirk\u0161tinis koj\u0173 presas, UL-080","subtitle":"","specifications":[{"label":"SKU","text_value":"EV-PL-UL-080","icon":"x"},{"label":"Abmessungen","text_value":"2300 x 1430 x 1400 mm","icon":"x"},{"label":"Gewicht  ","text_value":"215 kg","icon":"x"},{"label":"Garantie  ","text_value":"2 metai","icon":"x"},{"label":"Leicht zu handhaben, rutschfeste Griffe f\u00fcr einfachen Zugang","text_value":"","icon":"v"},{"label":"Langlebige Bodenschoner","text_value":"","icon":"v"},{"label":"Metallkonstruktion","text_value":"","icon":"v"},{"label":"Verstellbare R\u00fcckenlehne","text_value":"","icon":"v"},{"label":"Mit einem Bremssystem f\u00fcr maximale Sicherheit","text_value":"","icon":"v"},{"label":"Polsteroberfl\u00e4che mit PU-Leder bezogen","text_value":"","icon":"v"},{"label":"Rahmen- und Polsterfarben individuell anpassen","text_value":"","icon":"v"}]},"yoast_head":"<!-- This site is optimized with the Yoast SEO plugin v26.6 - https:\/\/yoast.com\/wordpress\/plugins\/seo\/ -->\n<title>&quot;Evolve Ultra Series&quot; plok\u0161\u010di\u0173 pakrautas atvirk\u0161tinis koj\u0173 spaudimas - Evolve<\/title>\n<meta name=\"robots\" content=\"index, follow, max-snippet:-1, max-image-preview:large, max-video-preview:-1\" \/>\n<link rel=\"canonical\" href=\"https:\/\/evolve-fitness.eu\/lt\/produktas\/evolve-ultra-series-ploksciu-pakrautas-atvirkstinis-koju-spaudimas-2\/\" \/>\n<meta property=\"og:locale\" content=\"lt_LT\" \/>\n<meta property=\"og:type\" content=\"article\" \/>\n<meta property=\"og:title\" content=\"&quot;Evolve Ultra Series&quot; plok\u0161\u010di\u0173 pakrautas atvirk\u0161tinis koj\u0173 spaudimas - Evolve\" \/>\n<meta property=\"og:url\" content=\"https:\/\/evolve-fitness.eu\/lt\/produktas\/evolve-ultra-series-ploksciu-pakrautas-atvirkstinis-koju-spaudimas-2\/\" \/>\n<meta property=\"og:site_name\" content=\"Evolve\" \/>\n<meta property=\"article:publisher\" content=\"https:\/\/www.facebook.com\/EvolveFitnessEurope\" \/>\n<meta name=\"twitter:card\" content=\"summary_large_image\" \/>\n<script type=\"application\/ld+json\" class=\"yoast-schema-graph\">{\"@context\":\"https:\/\/schema.org\",\"@graph\":[{\"@type\":\"WebPage\",\"@id\":\"https:\/\/evolve-fitness.eu\/lt\/produktas\/evolve-ultra-series-ploksciu-pakrautas-atvirkstinis-koju-spaudimas-2\/\",\"url\":\"https:\/\/evolve-fitness.eu\/lt\/produktas\/evolve-ultra-series-ploksciu-pakrautas-atvirkstinis-koju-spaudimas-2\/\",\"name\":\"\\\"Evolve Ultra Series\\\" plok\u0161\u010di\u0173 pakrautas atvirk\u0161tinis koj\u0173 spaudimas - Evolve\",\"isPartOf\":{\"@id\":\"https:\/\/evolve-fitness.eu\/lt\/#website\"},\"datePublished\":\"2023-09-11T09:59:51+00:00\",\"breadcrumb\":{\"@id\":\"https:\/\/evolve-fitness.eu\/lt\/produktas\/evolve-ultra-series-ploksciu-pakrautas-atvirkstinis-koju-spaudimas-2\/#breadcrumb\"},\"inLanguage\":\"lt-LT\",\"potentialAction\":[{\"@type\":\"ReadAction\",\"target\":[\"https:\/\/evolve-fitness.eu\/lt\/produktas\/evolve-ultra-series-ploksciu-pakrautas-atvirkstinis-koju-spaudimas-2\/\"]}]},{\"@type\":\"BreadcrumbList\",\"@id\":\"https:\/\/evolve-fitness.eu\/lt\/produktas\/evolve-ultra-series-ploksciu-pakrautas-atvirkstinis-koju-spaudimas-2\/#breadcrumb\",\"itemListElement\":[{\"@type\":\"ListItem\",\"position\":1,\"name\":\"Home\",\"item\":\"https:\/\/evolve-fitness.eu\/lt\/\"},{\"@type\":\"ListItem\",\"position\":2,\"name\":\"Produktai\",\"item\":\"https:\/\/evolve-fitness.eu\/lt\/shop\/\"},{\"@type\":\"ListItem\",\"position\":3,\"name\":\"&#8222;Evolve Ultra Series&#8221; plok\u0161\u010di\u0173 pakrautas atvirk\u0161tinis koj\u0173 spaudimas\"}]},{\"@type\":\"WebSite\",\"@id\":\"https:\/\/evolve-fitness.eu\/lt\/#website\",\"url\":\"https:\/\/evolve-fitness.eu\/lt\/\",\"name\":\"Evolve\",\"description\":\"Your Evolved Gear Arrived\",\"publisher\":{\"@id\":\"https:\/\/evolve-fitness.eu\/lt\/#organization\"},\"potentialAction\":[{\"@type\":\"SearchAction\",\"target\":{\"@type\":\"EntryPoint\",\"urlTemplate\":\"https:\/\/evolve-fitness.eu\/lt\/?s={search_term_string}\"},\"query-input\":{\"@type\":\"PropertyValueSpecification\",\"valueRequired\":true,\"valueName\":\"search_term_string\"}}],\"inLanguage\":\"lt-LT\"},{\"@type\":\"Organization\",\"@id\":\"https:\/\/evolve-fitness.eu\/lt\/#organization\",\"name\":\"Evolve\",\"url\":\"https:\/\/evolve-fitness.eu\/lt\/\",\"logo\":{\"@type\":\"ImageObject\",\"inLanguage\":\"lt-LT\",\"@id\":\"https:\/\/evolve-fitness.eu\/lt\/#\/schema\/logo\/image\/\",\"url\":\"https:\/\/evolve-fitness.eu\/wp-content\/uploads\/2023\/05\/Evolve-logo.svg\",\"contentUrl\":\"https:\/\/evolve-fitness.eu\/wp-content\/uploads\/2023\/05\/Evolve-logo.svg\",\"width\":176,\"height\":20,\"caption\":\"Evolve\"},\"image\":{\"@id\":\"https:\/\/evolve-fitness.eu\/lt\/#\/schema\/logo\/image\/\"},\"sameAs\":[\"https:\/\/www.facebook.com\/EvolveFitnessEurope\"]}]}<\/script>\n<!-- \/ Yoast SEO plugin. -->","yoast_head_json":{"title":"\"Evolve Ultra Series\" plok\u0161\u010di\u0173 pakrautas atvirk\u0161tinis koj\u0173 spaudimas - Evolve","robots":{"index":"index","follow":"follow","max-snippet":"max-snippet:-1","max-image-preview":"max-image-preview:large","max-video-preview":"max-video-preview:-1"},"canonical":"https:\/\/evolve-fitness.eu\/lt\/produktas\/evolve-ultra-series-ploksciu-pakrautas-atvirkstinis-koju-spaudimas-2\/","og_locale":"lt_LT","og_type":"article","og_title":"\"Evolve Ultra Series\" plok\u0161\u010di\u0173 pakrautas atvirk\u0161tinis koj\u0173 spaudimas - Evolve","og_url":"https:\/\/evolve-fitness.eu\/lt\/produktas\/evolve-ultra-series-ploksciu-pakrautas-atvirkstinis-koju-spaudimas-2\/","og_site_name":"Evolve","article_publisher":"https:\/\/www.facebook.com\/EvolveFitnessEurope","twitter_card":"summary_large_image","schema":{"@context":"https:\/\/schema.org","@graph":[{"@type":"WebPage","@id":"https:\/\/evolve-fitness.eu\/lt\/produktas\/evolve-ultra-series-ploksciu-pakrautas-atvirkstinis-koju-spaudimas-2\/","url":"https:\/\/evolve-fitness.eu\/lt\/produktas\/evolve-ultra-series-ploksciu-pakrautas-atvirkstinis-koju-spaudimas-2\/","name":"\"Evolve Ultra Series\" plok\u0161\u010di\u0173 pakrautas atvirk\u0161tinis koj\u0173 spaudimas - Evolve","isPartOf":{"@id":"https:\/\/evolve-fitness.eu\/lt\/#website"},"datePublished":"2023-09-11T09:59:51+00:00","breadcrumb":{"@id":"https:\/\/evolve-fitness.eu\/lt\/produktas\/evolve-ultra-series-ploksciu-pakrautas-atvirkstinis-koju-spaudimas-2\/#breadcrumb"},"inLanguage":"lt-LT","potentialAction":[{"@type":"ReadAction","target":["https:\/\/evolve-fitness.eu\/lt\/produktas\/evolve-ultra-series-ploksciu-pakrautas-atvirkstinis-koju-spaudimas-2\/"]}]},{"@type":"BreadcrumbList","@id":"https:\/\/evolve-fitness.eu\/lt\/produktas\/evolve-ultra-series-ploksciu-pakrautas-atvirkstinis-koju-spaudimas-2\/#breadcrumb","itemListElement":[{"@type":"ListItem","position":1,"name":"Home","item":"https:\/\/evolve-fitness.eu\/lt\/"},{"@type":"ListItem","position":2,"name":"Produktai","item":"https:\/\/evolve-fitness.eu\/lt\/shop\/"},{"@type":"ListItem","position":3,"name":"&#8222;Evolve Ultra Series&#8221; plok\u0161\u010di\u0173 pakrautas atvirk\u0161tinis koj\u0173 spaudimas"}]},{"@type":"WebSite","@id":"https:\/\/evolve-fitness.eu\/lt\/#website","url":"https:\/\/evolve-fitness.eu\/lt\/","name":"Evolve","description":"Your Evolved Gear Arrived","publisher":{"@id":"https:\/\/evolve-fitness.eu\/lt\/#organization"},"potentialAction":[{"@type":"SearchAction","target":{"@type":"EntryPoint","urlTemplate":"https:\/\/evolve-fitness.eu\/lt\/?s={search_term_string}"},"query-input":{"@type":"PropertyValueSpecification","valueRequired":true,"valueName":"search_term_string"}}],"inLanguage":"lt-LT"},{"@type":"Organization","@id":"https:\/\/evolve-fitness.eu\/lt\/#organization","name":"Evolve","url":"https:\/\/evolve-fitness.eu\/lt\/","logo":{"@type":"ImageObject","inLanguage":"lt-LT","@id":"https:\/\/evolve-fitness.eu\/lt\/#\/schema\/logo\/image\/","url":"https:\/\/evolve-fitness.eu\/wp-content\/uploads\/2023\/05\/Evolve-logo.svg","contentUrl":"https:\/\/evolve-fitness.eu\/wp-content\/uploads\/2023\/05\/Evolve-logo.svg","width":176,"height":20,"caption":"Evolve"},"image":{"@id":"https:\/\/evolve-fitness.eu\/lt\/#\/schema\/logo\/image\/"},"sameAs":["https:\/\/www.facebook.com\/EvolveFitnessEurope"]}]}},"_links":{"self":[{"href":"https:\/\/evolve-fitness.eu\/lt\/wp-json\/wp\/v2\/product\/102761","targetHints":{"allow":["GET"]}}],"collection":[{"href":"https:\/\/evolve-fitness.eu\/lt\/wp-json\/wp\/v2\/product"}],"about":[{"href":"https:\/\/evolve-fitness.eu\/lt\/wp-json\/wp\/v2\/types\/product"}],"wp:attachment":[{"href":"https:\/\/evolve-fitness.eu\/lt\/wp-json\/wp\/v2\/media?parent=102761"}],"wp:term":[{"taxonomy":"product_brand","embeddable":true,"href":"https:\/\/evolve-fitness.eu\/lt\/wp-json\/wp\/v2\/product_brand?post=102761"},{"taxonomy":"product_cat","embeddable":true,"href":"https:\/\/evolve-fitness.eu\/lt\/wp-json\/wp\/v2\/product_cat?post=102761"},{"taxonomy":"product_tag","embeddable":true,"href":"https:\/\/evolve-fitness.eu\/lt\/wp-json\/wp\/v2\/product_tag?post=102761"}],"curies":[{"name":"wp","href":"https:\/\/api.w.org\/{rel}","templated":true}]}}