{"id":12854,"date":"2023-09-11T12:44:40","date_gmt":"2023-09-11T12:44:40","guid":{"rendered":"https:\/\/evolve-fitness.eu\/product\/evolve-prime-series-plokstes-pakrauta-smith-masina\/"},"modified":"2026-03-31T16:31:34","modified_gmt":"2026-03-31T13:31:34","slug":"evolve-prime-series-plokstes-pakrauta-smith-masina","status":"publish","type":"product","link":"https:\/\/evolve-fitness.eu\/lt\/produktas\/evolve-prime-series-plokstes-pakrauta-smith-masina\/","title":{"rendered":"&#8222;Evolve Prime Series&#8221; plok\u0161t\u0117s pakrauta Smith ma\u0161ina"},"content":{"rendered":"\n<section class=\"wp-block-group alignfull has-lightgray-background-color has-background is-layout-constrained wp-block-group-is-layout-constrained\">\n<div class=\"wp-block-columns alignwide is-layout-flex wp-container-core-columns-is-layout-2edb0647 wp-block-columns-is-layout-flex\" style=\"margin-top:0;margin-bottom:0\">\n<div class=\"wp-block-column is-layout-flow wp-block-column-is-layout-flow\" style=\"flex-basis:33.33%\"><\/div>\n\n\n\n<div class=\"wp-block-column is-layout-flow wp-block-column-is-layout-flow\" style=\"flex-basis:66.66%\"><\/div>\n<\/div>\n<\/section>\n\n<section class=\"wp-block-group alignfull black-content has-white-color has-darkgray-background-color has-text-color has-background is-layout-constrained wp-block-group-is-layout-constrained\" style=\"padding-top:var(--wp--preset--spacing--section-bottom);padding-bottom:var(--wp--preset--spacing--section-bottom)\">\n<h3 class=\"wp-block-heading has-text-align-center\"><strong><strong>EVOLIUCIONUOJA PLOK\u0160TEL\u0116 SU PAGRINDINE \u012eKROVA<\/strong><\/strong><\/h3>\n\n\n\n<p>&#8222;Evolve Plate Loaded Prime Series&#8221; gaminiuose meistri\u0161kumas yra standartas. Pagerinkite savo j\u0117gos treniruotes su treniruokliais, sukurtais patogiai, patvariai ir na\u0161iai. I\u0161nagrin\u0117kite vis\u0105 linij\u0105 \u0161iandien ir i\u0161 naujo apibr\u0117\u017ekite savo fitneso kelion\u0119.  <\/p>\n\n\n\n<section class=\"wp-block-group alignfull black-content has-white-color has-darkgray-background-color has-text-color has-background is-layout-constrained wp-block-group-is-layout-constrained\" style=\"padding-top:var(--wp--preset--spacing--section-bottom);padding-bottom:var(--wp--preset--spacing--section-bottom)\">\n<div class=\"wp-block-columns alignwide mobile-reverse is-layout-flex wp-container-core-columns-is-layout-ca64bf2d wp-block-columns-is-layout-flex\" style=\"margin-bottom:var(--wp--preset--spacing--side-padding)\">\n<div class=\"wp-block-column is-vertically-aligned-center is-layout-flow wp-block-column-is-layout-flow\">\n<h3 class=\"wp-block-heading\" style=\"margin-bottom:var(--wp--preset--spacing--h-3-bottom)\"><strong><strong><strong>I\u0161 naujo apibr\u0117\u017eta kompetencija<\/strong><\/strong><\/strong><\/h3>\n\n\n\n<p><strong><em><strong>Pristatome &#8222;Evolve Plate Loaded Prime&#8221; serij\u0105<\/strong><\/em><\/strong><\/p>\n\n\n\n<p style=\"margin-bottom:var(--wp--preset--spacing--tb-section-padding)\">Patirkite j\u0117gos treniruo\u010di\u0173 vir\u0161\u016bn\u0119 su &#8222;Evolve Plate Loaded Prime Series&#8221;. Kiekvienas \u0161ios linijos treniruoklis yra kruop\u0161\u010diai sukurtas taip, kad u\u017etikrint\u0173 puiki\u0105 treniruo\u010di\u0173 patirt\u012f, ir \u0161tai kod\u0117l.<\/p>\n\n\n\n<h3 class=\"wp-block-heading\" style=\"margin-bottom:var(--wp--preset--spacing--h-3-bottom)\"><strong><strong><strong><strong><strong>saugojimo sprendimai<\/strong><\/strong><\/strong><\/strong><\/strong><\/h3>\n\n\n\n<p><strong><em><strong><strong><strong>Did\u017eiausias erdv\u0117s efektyvumas<\/strong><\/strong><\/strong><\/em><\/strong><\/p>\n\n\n\n<p>I\u0161laikykite tvark\u0105 ir maksimaliai padidinkite erdv\u0117s efektyvum\u0105, naudodami <strong>svori\u0173 plok\u0161teli\u0173 laikymo kabliukus<\/strong>. Laikykite l\u0117k\u0161tes pasiekiamas, kad treniruo\u010di\u0173 aplinkoje neb\u016bt\u0173 netvarkos.<\/p>\n<\/div>\n\n\n\n<div class=\"wp-block-column is-vertically-aligned-center is-layout-flow wp-block-column-is-layout-flow\">\n<figure class=\"wp-block-image size-large\"><img loading=\"lazy\" decoding=\"async\" width=\"683\" height=\"1024\" src=\"https:\/\/evolve-fitness.eu\/wp-content\/uploads\/2023\/09\/EV-PL-PR-222-3-683x1024.jpg\" alt=\"EV-PL-PR-222\" class=\"wp-image-166257\" srcset=\"https:\/\/evolve-fitness.eu\/wp-content\/uploads\/2023\/09\/EV-PL-PR-222-3-683x1024.jpg 683w, https:\/\/evolve-fitness.eu\/wp-content\/uploads\/2023\/09\/EV-PL-PR-222-3-200x300.jpg 200w, https:\/\/evolve-fitness.eu\/wp-content\/uploads\/2023\/09\/EV-PL-PR-222-3-100x150.jpg 100w, https:\/\/evolve-fitness.eu\/wp-content\/uploads\/2023\/09\/EV-PL-PR-222-3-768x1152.jpg 768w, https:\/\/evolve-fitness.eu\/wp-content\/uploads\/2023\/09\/EV-PL-PR-222-3-1024x1536.jpg 1024w, https:\/\/evolve-fitness.eu\/wp-content\/uploads\/2023\/09\/EV-PL-PR-222-3-1365x2048.jpg 1365w, https:\/\/evolve-fitness.eu\/wp-content\/uploads\/2023\/09\/EV-PL-PR-222-3-300x450.jpg 300w, https:\/\/evolve-fitness.eu\/wp-content\/uploads\/2023\/09\/EV-PL-PR-222-3-600x900.jpg 600w, https:\/\/evolve-fitness.eu\/wp-content\/uploads\/2023\/09\/EV-PL-PR-222-3.jpg 1373w\" sizes=\"auto, (max-width: 683px) 100vw, 683px\" \/><\/figure>\n<\/div>\n<\/div>\n\n\n\n<div class=\"wp-block-columns alignwide mobile-reverse is-layout-flex wp-container-core-columns-is-layout-ca64bf2d wp-block-columns-is-layout-flex\" style=\"margin-bottom:var(--wp--preset--spacing--side-padding)\">\n<div class=\"wp-block-column is-vertically-aligned-center is-layout-flow wp-block-column-is-layout-flow\">\n<figure class=\"wp-block-image size-large\"><img loading=\"lazy\" decoding=\"async\" width=\"1024\" height=\"683\" src=\"https:\/\/evolve-fitness.eu\/wp-content\/uploads\/2023\/09\/A7_08342-1024x683.jpg\" alt=\"\" class=\"wp-image-8749\" srcset=\"https:\/\/evolve-fitness.eu\/wp-content\/uploads\/2023\/09\/A7_08342-1024x683.jpg 1024w, https:\/\/evolve-fitness.eu\/wp-content\/uploads\/2023\/09\/A7_08342-300x200.jpg 300w, https:\/\/evolve-fitness.eu\/wp-content\/uploads\/2023\/09\/A7_08342-225x150.jpg 225w, https:\/\/evolve-fitness.eu\/wp-content\/uploads\/2023\/09\/A7_08342-600x400.jpg 600w, https:\/\/evolve-fitness.eu\/wp-content\/uploads\/2023\/09\/A7_08342-150x100.jpg 150w, https:\/\/evolve-fitness.eu\/wp-content\/uploads\/2023\/09\/A7_08342-768x512.jpg 768w, https:\/\/evolve-fitness.eu\/wp-content\/uploads\/2023\/09\/A7_08342-1536x1024.jpg 1536w, https:\/\/evolve-fitness.eu\/wp-content\/uploads\/2023\/09\/A7_08342.jpg 1980w\" sizes=\"auto, (max-width: 1024px) 100vw, 1024px\" \/><\/figure>\n<\/div>\n\n\n\n<div class=\"wp-block-column is-vertically-aligned-center is-layout-flow wp-block-column-is-layout-flow\">\n<h3 class=\"wp-block-heading\" style=\"margin-bottom:var(--wp--preset--spacing--h-3-bottom)\"><strong><strong>Tikslinis raumen\u0173 \u012ftraukimas<\/strong><\/strong><\/h3>\n\n\n\n<p><strong>Lengvai naudojamos ry\u0161kios geltonos spalvos reguliavimo ranken\u0117l\u0117s<\/strong><\/p>\n\n\n\n<p style=\"margin-bottom:var(--wp--preset--spacing--tb-section-padding)\">Tiems, kurie ie\u0161ko universalumo, kai kurie &#8222;Prime&#8221; serijos treniruokliai si\u016blo <strong>vienpus\u012f rank\u0173 judes\u012f<\/strong>. \u0160i funkcija leid\u017eia efektyviai nukreipti d\u0117mes\u012f \u012f konkre\u010dias raumen\u0173 grupes ir pritaikyti treniruo\u010di\u0173 re\u017eim\u0105.<\/p>\n<\/div>\n<\/div>\n\n\n\n<div class=\"wp-block-columns alignwide mobile-reverse is-layout-flex wp-container-core-columns-is-layout-ca64bf2d wp-block-columns-is-layout-flex\" style=\"margin-bottom:var(--wp--preset--spacing--side-padding)\">\n<div class=\"wp-block-column is-vertically-aligned-center is-layout-flow wp-block-column-is-layout-flow\">\n<h3 class=\"wp-block-heading\" style=\"margin-bottom:var(--wp--preset--spacing--h-3-bottom)\"><strong><strong>Treniruot\u0117s be r\u016bpes\u010di\u0173<\/strong><\/strong><\/h3>\n\n\n\n<p><strong><em><strong><strong><strong><strong><strong>Atviras r\u0117mas, kad b\u016bt\u0173 lengva pasiekti<\/strong><\/strong><\/strong><\/strong><\/strong><\/em><\/strong><\/p>\n\n\n\n<p style=\"margin-bottom:var(--wp--preset--spacing--tb-section-padding)\">M\u016bs\u0173 treniruokli\u0173 atviro r\u0117mo konstrukcija u\u017etikrina lengv\u0105 prieig\u0105, tod\u0117l galite skland\u017eiai pereiti nuo vieno pratimo prie kito. Atsisveikinkite su nereikalingais r\u016bpes\u010diais ir sutelkite d\u0117mes\u012f \u012f treniruotes.<\/p>\n<\/div>\n\n\n\n<div class=\"wp-block-column is-vertically-aligned-center is-layout-flow wp-block-column-is-layout-flow\">\n<figure class=\"wp-block-image size-large\"><img loading=\"lazy\" decoding=\"async\" width=\"1024\" height=\"683\" src=\"https:\/\/evolve-fitness.eu\/wp-content\/uploads\/2023\/09\/A7_08345-1024x683.jpg\" alt=\"\" class=\"wp-image-8751\" srcset=\"https:\/\/evolve-fitness.eu\/wp-content\/uploads\/2023\/09\/A7_08345-1024x683.jpg 1024w, https:\/\/evolve-fitness.eu\/wp-content\/uploads\/2023\/09\/A7_08345-300x200.jpg 300w, https:\/\/evolve-fitness.eu\/wp-content\/uploads\/2023\/09\/A7_08345-225x150.jpg 225w, https:\/\/evolve-fitness.eu\/wp-content\/uploads\/2023\/09\/A7_08345-600x400.jpg 600w, https:\/\/evolve-fitness.eu\/wp-content\/uploads\/2023\/09\/A7_08345-150x100.jpg 150w, https:\/\/evolve-fitness.eu\/wp-content\/uploads\/2023\/09\/A7_08345-768x512.jpg 768w, https:\/\/evolve-fitness.eu\/wp-content\/uploads\/2023\/09\/A7_08345-1536x1024.jpg 1536w, https:\/\/evolve-fitness.eu\/wp-content\/uploads\/2023\/09\/A7_08345.jpg 1980w\" sizes=\"auto, (max-width: 1024px) 100vw, 1024px\" \/><\/figure>\n<\/div>\n<\/div>\n\n\n\n<div class=\"wp-block-columns alignwide mobile-reverse is-layout-flex wp-container-core-columns-is-layout-ca64bf2d wp-block-columns-is-layout-flex\" style=\"margin-bottom:var(--wp--preset--spacing--side-padding)\">\n<div class=\"wp-block-column is-vertically-aligned-center is-layout-flow wp-block-column-is-layout-flow\">\n<figure class=\"wp-block-image size-large\"><img loading=\"lazy\" decoding=\"async\" width=\"1024\" height=\"683\" src=\"https:\/\/evolve-fitness.eu\/wp-content\/uploads\/2023\/09\/A7_08357-1024x683.jpg\" alt=\"\" class=\"wp-image-8753\" srcset=\"https:\/\/evolve-fitness.eu\/wp-content\/uploads\/2023\/09\/A7_08357-1024x683.jpg 1024w, https:\/\/evolve-fitness.eu\/wp-content\/uploads\/2023\/09\/A7_08357-300x200.jpg 300w, https:\/\/evolve-fitness.eu\/wp-content\/uploads\/2023\/09\/A7_08357-225x150.jpg 225w, https:\/\/evolve-fitness.eu\/wp-content\/uploads\/2023\/09\/A7_08357-600x400.jpg 600w, https:\/\/evolve-fitness.eu\/wp-content\/uploads\/2023\/09\/A7_08357-150x100.jpg 150w, https:\/\/evolve-fitness.eu\/wp-content\/uploads\/2023\/09\/A7_08357-768x512.jpg 768w, https:\/\/evolve-fitness.eu\/wp-content\/uploads\/2023\/09\/A7_08357-1536x1024.jpg 1536w, https:\/\/evolve-fitness.eu\/wp-content\/uploads\/2023\/09\/A7_08357.jpg 1980w\" sizes=\"auto, (max-width: 1024px) 100vw, 1024px\" \/><\/figure>\n<\/div>\n\n\n\n<div class=\"wp-block-column is-vertically-aligned-center is-layout-flow wp-block-column-is-layout-flow\">\n<h3 class=\"wp-block-heading\" style=\"margin-bottom:var(--wp--preset--spacing--h-3-bottom)\"><strong><strong><strong>Ilgalaikis veikimas<\/strong><\/strong><\/strong><\/h3>\n\n\n\n<p><strong><em><strong><strong>Auk\u0161\u010diausios kokyb\u0117s, tvirta PU oda<\/strong><\/strong><\/em><\/strong><\/p>\n\n\n\n<p style=\"margin-bottom:var(--wp--preset--spacing--tb-section-padding)\">M\u016bs\u0173 \u012franga pagaminta i\u0161 <strong>auk\u0161\u010diausios kokyb\u0117s, didelio atsparumo PU odos<\/strong>, kuri sukurta taip, kad atlaikyt\u0173 net sunkiausias treniruotes. Jis ne tik puikiai atrodo, bet ir pasi\u017eymi ilgaam\u017ei\u0161kumu.<\/p>\n\n\n\n<h3 class=\"wp-block-heading\" style=\"margin-bottom:var(--wp--preset--spacing--h-3-bottom)\"><strong><strong><strong><strong><strong><strong><strong>Patvari apdaila<\/strong><\/strong><\/strong><\/strong><\/strong><\/strong><\/strong><\/h3>\n\n\n\n<p><strong><em><strong><strong><strong><strong><strong>Termoreaktyvi\u0173j\u0173 milteli\u0173 elektrostatinio pur\u0161kimo technologija<\/strong><\/strong><\/strong><\/strong><\/strong><\/em><\/strong><\/p>\n\n\n\n<p style=\"margin-bottom:var(--wp--preset--spacing--tb-section-padding)\">Patirkite patvari\u0105 apdail\u0105 naudodami m\u016bs\u0173 <strong>termoreaktyvi\u0173j\u0173 milteli\u0173 elektrostatinio pur\u0161kimo technologij\u0105<\/strong>. \u0160i pa\u017eangi danga u\u017etikrina, kad j\u016bs\u0173 \u012franga laikui b\u0117gant i\u0161likt\u0173 patraukli.<\/p>\n\n\n\n<h3 class=\"wp-block-heading\" style=\"margin-bottom:var(--wp--preset--spacing--h-3-bottom)\"><strong><strong><strong><strong>Sukurta, kad tarnaut\u0173 ilgai<\/strong><\/strong><\/strong><\/strong><\/h3>\n\n\n\n<p><strong><em><strong><strong><strong>Ner\u016bdijan\u010dio plieno var\u017etai ir ver\u017el\u0117s<\/strong><\/strong><\/strong><\/em><\/strong><\/p>\n\n\n\n<p style=\"margin-bottom:var(--wp--preset--spacing--tb-section-padding)\">&#8222;Prime&#8221; serija yra ilgaam\u017e\u0117, nes visi var\u017etai ir ver\u017el\u0117s pagaminti i\u0161 <strong>ner\u016bdijan\u010dio plieno<\/strong>. Tokia kokybi\u0161ka konstrukcija u\u017etikrina j\u016bs\u0173 \u012frangos ilgaam\u017ei\u0161kum\u0105.<\/p>\n<\/div>\n<\/div>\n<\/section>\n<\/section>\n","protected":false},"excerpt":{"rendered":"<p>Padidinkite savo sporto sal\u0117s na\u0161um\u0105 naudodami &#8222;Evolve Prime&#8221; serijos &#8222;Plate Loaded Smith Machine PR-222&#8221;. \u0160is tvirtas treniruoklis, skirtas komercin\u0117ms treniruokli\u0173 sal\u0117ms, suteikia galimyb\u0119 treniruoti vis\u0105 k\u016bn\u0105. Integruota \u0161tangos sistema u\u017etikrina stabilum\u0105, taisykling\u0105 laikysen\u0105 ir nedidel\u012f pradin\u012f svor\u012f, o tvirtas plieninis r\u0117mas, saugos priemon\u0117s ir \u0161e\u0161i svori\u0173 plok\u0161teli\u0173 laikymo kai\u0161\u010diai u\u017etikrina ilgaam\u017ei\u0161kum\u0105 ir organizuotum\u0105. \u0160is Smitho treniruoklis su 20 stryp\u0173 tvirtinimo ta\u0161k\u0173, reguliuojamo auk\u0161\u010dio apsaugin\u0117mis stotel\u0117mis ir eleganti\u0161ku dizainu yra geriausias pasirinkimas. Atnaujinkite savo sporto sal\u0119 jau \u0161iandien.<\/p>\n","protected":false},"featured_media":6431,"template":"","meta":{"_acf_changed":false,"inline_featured_image":false},"product_brand":[],"product_cat":[745,749],"product_tag":[],"class_list":{"0":"post-12854","1":"product","2":"type-product","3":"status-publish","4":"has-post-thumbnail","6":"product_cat-plokstelemis-kraunamos-masinos","7":"product_cat-prime-series-laisvu-svoriu","9":"first","10":"instock","11":"virtual","12":"purchasable","13":"product-type-simple"},"acf":{"long_title":"\"Evolve Prime Series\" plok\u0161t\u0117s pakrautas Smitho aparatas, PR-222","subtitle":"","specifications":[{"label":"SKU","text_value":"EV-PL-PR-222","icon":"x"},{"label":"Matmenys ","text_value":"2162 x 1573 x 2387 mm","icon":"x"},{"label":"Svoris  ","text_value":"197 kg","icon":"x"},{"label":"Did\u017eiausia. \u012fkelti  ","text_value":"300 kg","icon":"x"},{"label":"Smeigtukai svorio plok\u0161tei laikyti","text_value":"6","icon":"v"},{"label":"Stryp\u0173 tvirtinimo ta\u0161kai","text_value":"11","icon":"x"},{"label":"R\u0117mo storis","text_value":"3 mm","icon":"x"},{"label":"Pasiprie\u0161inimas","text_value":"pakraunant svorio plok\u0161tes su 51 mm \u012fvor\u0117s anga.","icon":"x"},{"label":"Integruotos reguliuojamo auk\u0161\u010dio saugos atramos","text_value":"","icon":"v"},{"label":"\u012emontuota atsvar\u0173 sistema, prijungta prie \u0161tangos trosu, suma\u017einanti pradin\u012f svor\u012f","text_value":"","icon":"v"},{"label":"Atsvaras","text_value":"","icon":"v"},{"label":"Integruoti saugos steb\u0117tojai","text_value":"","icon":"v"},{"label":"B\u0117giai su linijiniais guoliais","text_value":"","icon":"v"},{"label":"Svorio plok\u0161teli\u0173 laikymas  ","text_value":"","icon":"v"},{"label":"\u012emontuota juosta su apvadais","text_value":"2 metai","icon":"v"},{"label":"Antikoroziniai da\u017eai","text_value":"","icon":"v"},{"label":"Metalinis r\u0117mas be a\u0161tri\u0173 kra\u0161t\u0173","text_value":"","icon":"v"},{"label":"Patvarios grind\u0173 apsaugos priemon\u0117s","text_value":"","icon":"v"},{"label":"Garantija ","text_value":"2 metai","icon":"x"}]},"yoast_head":"<!-- This site is optimized with the Yoast SEO plugin v27.4 - https:\/\/yoast.com\/product\/yoast-seo-wordpress\/ -->\n<title>&quot;Evolve Prime Series&quot; plok\u0161t\u0117s pakrauta Smith ma\u0161ina - Evolve<\/title>\n<meta name=\"robots\" content=\"index, follow, max-snippet:-1, max-image-preview:large, max-video-preview:-1\" \/>\n<link rel=\"canonical\" href=\"https:\/\/evolve-fitness.eu\/lt\/produktas\/evolve-prime-series-plokstes-pakrauta-smith-masina\/\" \/>\n<meta property=\"og:locale\" content=\"lt_LT\" \/>\n<meta property=\"og:type\" content=\"article\" \/>\n<meta property=\"og:title\" content=\"&quot;Evolve Prime Series&quot; plok\u0161t\u0117s pakrauta Smith ma\u0161ina - Evolve\" \/>\n<meta property=\"og:url\" content=\"https:\/\/evolve-fitness.eu\/lt\/produktas\/evolve-prime-series-plokstes-pakrauta-smith-masina\/\" \/>\n<meta property=\"og:site_name\" content=\"Evolve\" \/>\n<meta property=\"article:publisher\" content=\"https:\/\/www.facebook.com\/EvolveFitnessEurope\" \/>\n<meta property=\"article:modified_time\" content=\"2026-03-31T13:31:34+00:00\" \/>\n<meta property=\"og:image\" content=\"https:\/\/evolve-fitness.eu\/wp-content\/uploads\/2023\/09\/EVOLVE-PL-PR-222.png\" \/>\n\t<meta property=\"og:image:width\" content=\"680\" \/>\n\t<meta property=\"og:image:height\" content=\"600\" \/>\n\t<meta property=\"og:image:type\" content=\"image\/png\" \/>\n<meta name=\"twitter:card\" content=\"summary_large_image\" \/>\n<script type=\"application\/ld+json\" class=\"yoast-schema-graph\">{\"@context\":\"https:\\\/\\\/schema.org\",\"@graph\":[{\"@type\":\"WebPage\",\"@id\":\"https:\\\/\\\/evolve-fitness.eu\\\/lt\\\/produktas\\\/evolve-prime-series-plokstes-pakrauta-smith-masina\\\/\",\"url\":\"https:\\\/\\\/evolve-fitness.eu\\\/lt\\\/produktas\\\/evolve-prime-series-plokstes-pakrauta-smith-masina\\\/\",\"name\":\"\\\"Evolve Prime Series\\\" plok\u0161t\u0117s pakrauta Smith ma\u0161ina - Evolve\",\"isPartOf\":{\"@id\":\"https:\\\/\\\/evolve-fitness.eu\\\/lt\\\/#website\"},\"primaryImageOfPage\":{\"@id\":\"https:\\\/\\\/evolve-fitness.eu\\\/lt\\\/produktas\\\/evolve-prime-series-plokstes-pakrauta-smith-masina\\\/#primaryimage\"},\"image\":{\"@id\":\"https:\\\/\\\/evolve-fitness.eu\\\/lt\\\/produktas\\\/evolve-prime-series-plokstes-pakrauta-smith-masina\\\/#primaryimage\"},\"thumbnailUrl\":\"https:\\\/\\\/evolve-fitness.eu\\\/wp-content\\\/uploads\\\/2023\\\/09\\\/EVOLVE-PL-PR-222.png\",\"datePublished\":\"2023-09-11T12:44:40+00:00\",\"dateModified\":\"2026-03-31T13:31:34+00:00\",\"breadcrumb\":{\"@id\":\"https:\\\/\\\/evolve-fitness.eu\\\/lt\\\/produktas\\\/evolve-prime-series-plokstes-pakrauta-smith-masina\\\/#breadcrumb\"},\"inLanguage\":\"lt-LT\",\"potentialAction\":[{\"@type\":\"ReadAction\",\"target\":[\"https:\\\/\\\/evolve-fitness.eu\\\/lt\\\/produktas\\\/evolve-prime-series-plokstes-pakrauta-smith-masina\\\/\"]}]},{\"@type\":\"ImageObject\",\"inLanguage\":\"lt-LT\",\"@id\":\"https:\\\/\\\/evolve-fitness.eu\\\/lt\\\/produktas\\\/evolve-prime-series-plokstes-pakrauta-smith-masina\\\/#primaryimage\",\"url\":\"https:\\\/\\\/evolve-fitness.eu\\\/wp-content\\\/uploads\\\/2023\\\/09\\\/EVOLVE-PL-PR-222.png\",\"contentUrl\":\"https:\\\/\\\/evolve-fitness.eu\\\/wp-content\\\/uploads\\\/2023\\\/09\\\/EVOLVE-PL-PR-222.png\",\"width\":680,\"height\":600,\"caption\":\"EV-PL-PR-222\"},{\"@type\":\"BreadcrumbList\",\"@id\":\"https:\\\/\\\/evolve-fitness.eu\\\/lt\\\/produktas\\\/evolve-prime-series-plokstes-pakrauta-smith-masina\\\/#breadcrumb\",\"itemListElement\":[{\"@type\":\"ListItem\",\"position\":1,\"name\":\"Home\",\"item\":\"https:\\\/\\\/evolve-fitness.eu\\\/lt\\\/\"},{\"@type\":\"ListItem\",\"position\":2,\"name\":\"Produktai\",\"item\":\"https:\\\/\\\/evolve-fitness.eu\\\/lt\\\/shop\\\/\"},{\"@type\":\"ListItem\",\"position\":3,\"name\":\"&#8220;Evolve Prime Series&#8221; plok\u0161t\u0117s pakrauta Smith ma\u0161ina\"}]},{\"@type\":\"WebSite\",\"@id\":\"https:\\\/\\\/evolve-fitness.eu\\\/lt\\\/#website\",\"url\":\"https:\\\/\\\/evolve-fitness.eu\\\/lt\\\/\",\"name\":\"Evolve\",\"description\":\"Your Evolved Gear Arrived\",\"publisher\":{\"@id\":\"https:\\\/\\\/evolve-fitness.eu\\\/lt\\\/#organization\"},\"potentialAction\":[{\"@type\":\"SearchAction\",\"target\":{\"@type\":\"EntryPoint\",\"urlTemplate\":\"https:\\\/\\\/evolve-fitness.eu\\\/lt\\\/?s={search_term_string}\"},\"query-input\":{\"@type\":\"PropertyValueSpecification\",\"valueRequired\":true,\"valueName\":\"search_term_string\"}}],\"inLanguage\":\"lt-LT\"},{\"@type\":\"Organization\",\"@id\":\"https:\\\/\\\/evolve-fitness.eu\\\/lt\\\/#organization\",\"name\":\"Evolve\",\"url\":\"https:\\\/\\\/evolve-fitness.eu\\\/lt\\\/\",\"logo\":{\"@type\":\"ImageObject\",\"inLanguage\":\"lt-LT\",\"@id\":\"https:\\\/\\\/evolve-fitness.eu\\\/lt\\\/#\\\/schema\\\/logo\\\/image\\\/\",\"url\":\"https:\\\/\\\/evolve-fitness.eu\\\/wp-content\\\/uploads\\\/2023\\\/05\\\/Evolve-logo.svg\",\"contentUrl\":\"https:\\\/\\\/evolve-fitness.eu\\\/wp-content\\\/uploads\\\/2023\\\/05\\\/Evolve-logo.svg\",\"width\":176,\"height\":20,\"caption\":\"Evolve\"},\"image\":{\"@id\":\"https:\\\/\\\/evolve-fitness.eu\\\/lt\\\/#\\\/schema\\\/logo\\\/image\\\/\"},\"sameAs\":[\"https:\\\/\\\/www.facebook.com\\\/EvolveFitnessEurope\"]}]}<\/script>\n<!-- \/ Yoast SEO plugin. -->","yoast_head_json":{"title":"\"Evolve Prime Series\" plok\u0161t\u0117s pakrauta Smith ma\u0161ina - Evolve","robots":{"index":"index","follow":"follow","max-snippet":"max-snippet:-1","max-image-preview":"max-image-preview:large","max-video-preview":"max-video-preview:-1"},"canonical":"https:\/\/evolve-fitness.eu\/lt\/produktas\/evolve-prime-series-plokstes-pakrauta-smith-masina\/","og_locale":"lt_LT","og_type":"article","og_title":"\"Evolve Prime Series\" plok\u0161t\u0117s pakrauta Smith ma\u0161ina - Evolve","og_url":"https:\/\/evolve-fitness.eu\/lt\/produktas\/evolve-prime-series-plokstes-pakrauta-smith-masina\/","og_site_name":"Evolve","article_publisher":"https:\/\/www.facebook.com\/EvolveFitnessEurope","article_modified_time":"2026-03-31T13:31:34+00:00","og_image":[{"width":680,"height":600,"url":"https:\/\/evolve-fitness.eu\/wp-content\/uploads\/2023\/09\/EVOLVE-PL-PR-222.png","type":"image\/png"}],"twitter_card":"summary_large_image","schema":{"@context":"https:\/\/schema.org","@graph":[{"@type":"WebPage","@id":"https:\/\/evolve-fitness.eu\/lt\/produktas\/evolve-prime-series-plokstes-pakrauta-smith-masina\/","url":"https:\/\/evolve-fitness.eu\/lt\/produktas\/evolve-prime-series-plokstes-pakrauta-smith-masina\/","name":"\"Evolve Prime Series\" plok\u0161t\u0117s pakrauta Smith ma\u0161ina - Evolve","isPartOf":{"@id":"https:\/\/evolve-fitness.eu\/lt\/#website"},"primaryImageOfPage":{"@id":"https:\/\/evolve-fitness.eu\/lt\/produktas\/evolve-prime-series-plokstes-pakrauta-smith-masina\/#primaryimage"},"image":{"@id":"https:\/\/evolve-fitness.eu\/lt\/produktas\/evolve-prime-series-plokstes-pakrauta-smith-masina\/#primaryimage"},"thumbnailUrl":"https:\/\/evolve-fitness.eu\/wp-content\/uploads\/2023\/09\/EVOLVE-PL-PR-222.png","datePublished":"2023-09-11T12:44:40+00:00","dateModified":"2026-03-31T13:31:34+00:00","breadcrumb":{"@id":"https:\/\/evolve-fitness.eu\/lt\/produktas\/evolve-prime-series-plokstes-pakrauta-smith-masina\/#breadcrumb"},"inLanguage":"lt-LT","potentialAction":[{"@type":"ReadAction","target":["https:\/\/evolve-fitness.eu\/lt\/produktas\/evolve-prime-series-plokstes-pakrauta-smith-masina\/"]}]},{"@type":"ImageObject","inLanguage":"lt-LT","@id":"https:\/\/evolve-fitness.eu\/lt\/produktas\/evolve-prime-series-plokstes-pakrauta-smith-masina\/#primaryimage","url":"https:\/\/evolve-fitness.eu\/wp-content\/uploads\/2023\/09\/EVOLVE-PL-PR-222.png","contentUrl":"https:\/\/evolve-fitness.eu\/wp-content\/uploads\/2023\/09\/EVOLVE-PL-PR-222.png","width":680,"height":600,"caption":"EV-PL-PR-222"},{"@type":"BreadcrumbList","@id":"https:\/\/evolve-fitness.eu\/lt\/produktas\/evolve-prime-series-plokstes-pakrauta-smith-masina\/#breadcrumb","itemListElement":[{"@type":"ListItem","position":1,"name":"Home","item":"https:\/\/evolve-fitness.eu\/lt\/"},{"@type":"ListItem","position":2,"name":"Produktai","item":"https:\/\/evolve-fitness.eu\/lt\/shop\/"},{"@type":"ListItem","position":3,"name":"&#8220;Evolve Prime Series&#8221; plok\u0161t\u0117s pakrauta Smith ma\u0161ina"}]},{"@type":"WebSite","@id":"https:\/\/evolve-fitness.eu\/lt\/#website","url":"https:\/\/evolve-fitness.eu\/lt\/","name":"Evolve","description":"Your Evolved Gear Arrived","publisher":{"@id":"https:\/\/evolve-fitness.eu\/lt\/#organization"},"potentialAction":[{"@type":"SearchAction","target":{"@type":"EntryPoint","urlTemplate":"https:\/\/evolve-fitness.eu\/lt\/?s={search_term_string}"},"query-input":{"@type":"PropertyValueSpecification","valueRequired":true,"valueName":"search_term_string"}}],"inLanguage":"lt-LT"},{"@type":"Organization","@id":"https:\/\/evolve-fitness.eu\/lt\/#organization","name":"Evolve","url":"https:\/\/evolve-fitness.eu\/lt\/","logo":{"@type":"ImageObject","inLanguage":"lt-LT","@id":"https:\/\/evolve-fitness.eu\/lt\/#\/schema\/logo\/image\/","url":"https:\/\/evolve-fitness.eu\/wp-content\/uploads\/2023\/05\/Evolve-logo.svg","contentUrl":"https:\/\/evolve-fitness.eu\/wp-content\/uploads\/2023\/05\/Evolve-logo.svg","width":176,"height":20,"caption":"Evolve"},"image":{"@id":"https:\/\/evolve-fitness.eu\/lt\/#\/schema\/logo\/image\/"},"sameAs":["https:\/\/www.facebook.com\/EvolveFitnessEurope"]}]}},"_links":{"self":[{"href":"https:\/\/evolve-fitness.eu\/lt\/wp-json\/wp\/v2\/product\/12854","targetHints":{"allow":["GET"]}}],"collection":[{"href":"https:\/\/evolve-fitness.eu\/lt\/wp-json\/wp\/v2\/product"}],"about":[{"href":"https:\/\/evolve-fitness.eu\/lt\/wp-json\/wp\/v2\/types\/product"}],"wp:featuredmedia":[{"embeddable":true,"href":"https:\/\/evolve-fitness.eu\/lt\/wp-json\/wp\/v2\/media\/6431"}],"wp:attachment":[{"href":"https:\/\/evolve-fitness.eu\/lt\/wp-json\/wp\/v2\/media?parent=12854"}],"wp:term":[{"taxonomy":"product_brand","embeddable":true,"href":"https:\/\/evolve-fitness.eu\/lt\/wp-json\/wp\/v2\/product_brand?post=12854"},{"taxonomy":"product_cat","embeddable":true,"href":"https:\/\/evolve-fitness.eu\/lt\/wp-json\/wp\/v2\/product_cat?post=12854"},{"taxonomy":"product_tag","embeddable":true,"href":"https:\/\/evolve-fitness.eu\/lt\/wp-json\/wp\/v2\/product_tag?post=12854"}],"curies":[{"name":"wp","href":"https:\/\/api.w.org\/{rel}","templated":true}]}}