{"id":12860,"date":"2023-09-11T12:29:23","date_gmt":"2023-09-11T12:29:23","guid":{"rendered":"https:\/\/evolve-fitness.eu\/product\/evolve-prime-series-power-rack\/"},"modified":"2024-02-28T12:23:16","modified_gmt":"2024-02-28T12:23:16","slug":"evolve-prime-series-power-rack","status":"publish","type":"product","link":"https:\/\/evolve-fitness.eu\/lt\/produktas\/evolve-prime-series-power-rack\/","title":{"rendered":"&#8222;Evolve Prime Series Power Rack"},"content":{"rendered":"\n<section class=\"wp-block-group alignfull has-lightgray-background-color has-background is-layout-constrained wp-block-group-is-layout-constrained\">\n<div class=\"wp-block-columns alignwide is-layout-flex wp-container-core-columns-is-layout-2edb0647 wp-block-columns-is-layout-flex\" style=\"margin-top:0;margin-bottom:0\">\n<div class=\"wp-block-column is-layout-flow wp-block-column-is-layout-flow\" style=\"flex-basis:33.33%\"><\/div>\n\n\n\n<div class=\"wp-block-column is-layout-flow wp-block-column-is-layout-flow\" style=\"flex-basis:66.66%\"><\/div>\n<\/div>\n<\/section>\n\n<section class=\"wp-block-group alignfull black-content has-white-color has-darkgray-background-color has-text-color has-background is-layout-constrained wp-block-group-is-layout-constrained\" style=\"padding-top:var(--wp--preset--spacing--section-bottom);padding-bottom:var(--wp--preset--spacing--section-bottom)\">\n<h3 class=\"wp-block-heading has-text-align-center\"><strong><strong>EVOLIUCIONUOJA PLOK\u0160TEL\u0116 SU PAGRINDINE \u012eKROVA<\/strong><\/strong><\/h3>\n\n\n\n<p>&#8222;Evolve Plate Loaded Prime Series&#8221; gaminiuose meistri\u0161kumas yra standartas. Pagerinkite savo j\u0117gos treniruotes su treniruokliais, sukurtais patogiai, patvariai ir na\u0161iai. I\u0161nagrin\u0117kite vis\u0105 linij\u0105 \u0161iandien ir i\u0161 naujo apibr\u0117\u017ekite savo fitneso kelion\u0119.<\/p>\n\n\n\n<section class=\"wp-block-group alignfull black-content has-white-color has-darkgray-background-color has-text-color has-background is-layout-constrained wp-block-group-is-layout-constrained\" style=\"padding-top:var(--wp--preset--spacing--section-bottom);padding-bottom:var(--wp--preset--spacing--section-bottom)\">\n<div class=\"wp-block-columns alignwide mobile-reverse is-layout-flex wp-container-core-columns-is-layout-ca64bf2d wp-block-columns-is-layout-flex\" style=\"margin-bottom:var(--wp--preset--spacing--side-padding)\">\n<div class=\"wp-block-column is-vertically-aligned-center is-layout-flow wp-block-column-is-layout-flow\">\n<h3 class=\"wp-block-heading\" style=\"margin-bottom:var(--wp--preset--spacing--h-3-bottom)\"><strong><strong><strong>I\u0161 naujo apibr\u0117\u017eta kompetencija<\/strong><\/strong><\/strong><\/h3>\n\n\n\n<p><strong><em><strong>Pristatome &#8222;Evolve Plate Loaded Prime&#8221; serij\u0105<\/strong><\/em><\/strong><\/p>\n\n\n\n<p style=\"margin-bottom:var(--wp--preset--spacing--tb-section-padding)\">Patirkite j\u0117gos treniruo\u010di\u0173 vir\u0161\u016bn\u0119 su &#8222;Evolve Plate Loaded Prime Series&#8221;. Kiekvienas \u0161ios linijos treniruoklis yra kruop\u0161\u010diai sukurtas taip, kad u\u017etikrint\u0173 puiki\u0105 treniruo\u010di\u0173 patirt\u012f, ir \u0161tai kod\u0117l.<\/p>\n\n\n\n<h3 class=\"wp-block-heading\" style=\"margin-bottom:var(--wp--preset--spacing--h-3-bottom)\"><strong><strong><strong><strong><strong>Storas apmu\u0161alas<\/strong><\/strong><\/strong><\/strong><\/strong><\/h3>\n\n\n\n<p><strong><em><strong><strong><strong>Didelis patogumas ir patvarumas<\/strong><\/strong><\/strong><\/em><\/strong><\/p>\n\n\n\n<p>I\u0161laikykite tvark\u0105 ir maksimaliai padidinkite erdv\u0117s efektyvum\u0105, naudodami <strong>svori\u0173 plok\u0161teli\u0173 laikymo kabliukus<\/strong>. Laikykite l\u0117k\u0161tes pasiekiamas, kad treniruo\u010di\u0173 aplinkoje neb\u016bt\u0173 netvarkos.<\/p>\n<\/div>\n\n\n\n<div class=\"wp-block-column is-vertically-aligned-center is-layout-flow wp-block-column-is-layout-flow\">\n<figure class=\"wp-block-image size-large is-resized is-style-rounded\"><img loading=\"lazy\" decoding=\"async\" src=\"https:\/\/evolve-fitness.eu\/wp-content\/uploads\/2023\/08\/EV-PL-EC-001-933x1024.jpg\" alt=\"\" class=\"wp-image-3399\" style=\"width:643px;height:706px\" width=\"643\" height=\"706\" srcset=\"https:\/\/evolve-fitness.eu\/wp-content\/uploads\/2023\/08\/EV-PL-EC-001-933x1024.jpg 933w, https:\/\/evolve-fitness.eu\/wp-content\/uploads\/2023\/08\/EV-PL-EC-001-300x329.jpg 300w, https:\/\/evolve-fitness.eu\/wp-content\/uploads\/2023\/08\/EV-PL-EC-001-137x150.jpg 137w, https:\/\/evolve-fitness.eu\/wp-content\/uploads\/2023\/08\/EV-PL-EC-001-600x659.jpg 600w, https:\/\/evolve-fitness.eu\/wp-content\/uploads\/2023\/08\/EV-PL-EC-001-273x300.jpg 273w, https:\/\/evolve-fitness.eu\/wp-content\/uploads\/2023\/08\/EV-PL-EC-001-768x843.jpg 768w, https:\/\/evolve-fitness.eu\/wp-content\/uploads\/2023\/08\/EV-PL-EC-001-1399x1536.jpg 1399w, https:\/\/evolve-fitness.eu\/wp-content\/uploads\/2023\/08\/EV-PL-EC-001.jpg 1760w\" sizes=\"auto, (max-width: 643px) 100vw, 643px\" \/><\/figure>\n<\/div>\n<\/div>\n\n\n\n<div class=\"wp-block-columns alignwide mobile-reverse is-layout-flex wp-container-core-columns-is-layout-ca64bf2d wp-block-columns-is-layout-flex\" style=\"margin-bottom:var(--wp--preset--spacing--side-padding)\">\n<div class=\"wp-block-column is-vertically-aligned-center is-layout-flow wp-block-column-is-layout-flow\">\n<figure class=\"wp-block-image alignleft size-large is-resized is-style-rounded\"><img loading=\"lazy\" decoding=\"async\" src=\"https:\/\/evolve-fitness.eu\/wp-content\/uploads\/2023\/08\/EV-PL-EC-003-edited.jpg\" alt=\"\" class=\"wp-image-3403\" style=\"width:744px;height:558px\" width=\"744\" height=\"558\" srcset=\"https:\/\/evolve-fitness.eu\/wp-content\/uploads\/2023\/08\/EV-PL-EC-003-edited.jpg 1908w, https:\/\/evolve-fitness.eu\/wp-content\/uploads\/2023\/08\/EV-PL-EC-003-edited-300x225.jpg 300w, https:\/\/evolve-fitness.eu\/wp-content\/uploads\/2023\/08\/EV-PL-EC-003-edited-200x150.jpg 200w, https:\/\/evolve-fitness.eu\/wp-content\/uploads\/2023\/08\/EV-PL-EC-003-edited-600x450.jpg 600w, https:\/\/evolve-fitness.eu\/wp-content\/uploads\/2023\/08\/EV-PL-EC-003-edited-1024x767.jpg 1024w, https:\/\/evolve-fitness.eu\/wp-content\/uploads\/2023\/08\/EV-PL-EC-003-edited-150x112.jpg 150w, https:\/\/evolve-fitness.eu\/wp-content\/uploads\/2023\/08\/EV-PL-EC-003-edited-768x576.jpg 768w, https:\/\/evolve-fitness.eu\/wp-content\/uploads\/2023\/08\/EV-PL-EC-003-edited-1536x1151.jpg 1536w\" sizes=\"auto, (max-width: 744px) 100vw, 744px\" \/><\/figure>\n<\/div>\n\n\n\n<div class=\"wp-block-column is-vertically-aligned-center is-layout-flow wp-block-column-is-layout-flow\">\n<h3 class=\"wp-block-heading\" style=\"margin-bottom:var(--wp--preset--spacing--h-3-bottom)\"><strong><strong>Tikslinis raumen\u0173 \u012ftraukimas<\/strong><\/strong><\/h3>\n\n\n\n<p><strong>Lengvai naudojamos ry\u0161kios geltonos spalvos reguliavimo ranken\u0117l\u0117s<\/strong><\/p>\n\n\n\n<p style=\"margin-bottom:var(--wp--preset--spacing--tb-section-padding)\">Tiems, kurie ie\u0161ko universalumo, kai kurie &#8222;Prime&#8221; serijos treniruokliai si\u016blo <strong>vienpus\u012f rank\u0173 judes\u012f<\/strong>. \u0160i funkcija leid\u017eia efektyviai nukreipti d\u0117mes\u012f \u012f konkre\u010dias raumen\u0173 grupes ir pritaikyti treniruo\u010di\u0173 re\u017eim\u0105.<\/p>\n\n\n\n<h3 class=\"wp-block-heading\" style=\"margin-bottom:var(--wp--preset--spacing--h-3-bottom)\"><strong><strong><strong>Reguliuojama s\u0117dimoji pad\u0117tis<\/strong><\/strong><\/strong><\/h3>\n\n\n\n<p><strong><em><strong><strong>Lengvai naudojamos ry\u0161kios geltonos spalvos reguliavimo ranken\u0117l\u0117s<\/strong><\/strong><\/em><\/strong><\/p>\n\n\n\n<p>M\u016bs\u0173 ma\u0161inos turi <strong>reguliuojam\u0105 s\u0117dim\u0105j\u0105 pad\u0117t\u012f<\/strong>, o reguliavimo ranken\u0117l\u0117s ir rankenos yra ry\u0161kios, lengvai matomos geltonos spalvos. \u0160is patogus dizainas u\u017etikrina, kad \u012frang\u0105 gal\u0117site greitai ir tiksliai nustatyti, taip pagerindami savo treniruo\u010di\u0173 patirt\u012f.<\/p>\n<\/div>\n<\/div>\n\n\n\n<div class=\"wp-block-columns alignwide mobile-reverse is-layout-flex wp-container-core-columns-is-layout-ca64bf2d wp-block-columns-is-layout-flex\" style=\"margin-bottom:var(--wp--preset--spacing--side-padding)\">\n<div class=\"wp-block-column is-vertically-aligned-center is-layout-flow wp-block-column-is-layout-flow\">\n<h3 class=\"wp-block-heading\" style=\"margin-bottom:var(--wp--preset--spacing--h-3-bottom)\"><strong><strong>Treniruot\u0117s be r\u016bpes\u010di\u0173<\/strong><\/strong><\/h3>\n\n\n\n<p><strong><em><strong><strong><strong><strong><strong>Atviras r\u0117mas, kad b\u016bt\u0173 lengva pasiekti<\/strong><\/strong><\/strong><\/strong><\/strong><\/em><\/strong><\/p>\n\n\n\n<p style=\"margin-bottom:var(--wp--preset--spacing--tb-section-padding)\">M\u016bs\u0173 treniruokli\u0173 atviro r\u0117mo konstrukcija u\u017etikrina lengv\u0105 prieig\u0105, tod\u0117l galite skland\u017eiai pereiti nuo vieno pratimo prie kito. Atsisveikinkite su nereikalingais r\u016bpes\u010diais ir sutelkite d\u0117mes\u012f \u012f treniruotes.<\/p>\n\n\n\n<h3 class=\"wp-block-heading\" style=\"margin-bottom:var(--wp--preset--spacing--h-3-bottom)\"><strong><strong><strong><strong>Neslystan\u010dios rankenos<\/strong><\/strong><\/strong><\/strong><\/h3>\n\n\n\n<p><strong><em><strong><strong>Saugus ir patikimas su\u0117mimas, u\u017etikrinantis saugum\u0105 ir pasitik\u0117jim\u0105<\/strong><\/strong><\/em><\/strong><\/p>\n\n\n\n<p>Teikite pirmenyb\u0119 saugumui ir pasitik\u0117jimui su m\u016bs\u0173 <strong>neslystan\u010diomis rankenomis<\/strong>. Jie u\u017etikrina saug\u0173 sukibim\u0105, tod\u0117l treniruo\u010di\u0173 metu suma\u017e\u0117ja nelaiming\u0173 atsitikim\u0173 rizika.<\/p>\n<\/div>\n\n\n\n<div class=\"wp-block-column is-vertically-aligned-center is-layout-flow wp-block-column-is-layout-flow\">\n<figure class=\"wp-block-image size-large is-resized is-style-rounded\"><img loading=\"lazy\" decoding=\"async\" src=\"https:\/\/evolve-fitness.eu\/wp-content\/uploads\/2023\/09\/EV-PL-PR-100-1024x1024.jpg\" alt=\"\" class=\"wp-image-3436\" style=\"object-fit:cover;width:578px;height:771px\" width=\"578\" height=\"771\"\/><\/figure>\n<\/div>\n<\/div>\n\n\n\n<div class=\"wp-block-columns alignwide mobile-reverse is-layout-flex wp-container-core-columns-is-layout-ca64bf2d wp-block-columns-is-layout-flex\" style=\"margin-bottom:var(--wp--preset--spacing--side-padding)\">\n<div class=\"wp-block-column is-vertically-aligned-center is-layout-flow wp-block-column-is-layout-flow\">\n<figure class=\"wp-block-image size-large is-resized is-style-rounded\"><img loading=\"lazy\" decoding=\"async\" src=\"https:\/\/evolve-fitness.eu\/wp-content\/uploads\/2023\/09\/EV-PL-PR-040-Low-Row-1024x1024.jpg\" alt=\"\" class=\"wp-image-3438\" style=\"object-fit:cover;width:672px;height:672px\" width=\"672\" height=\"672\" srcset=\"https:\/\/evolve-fitness.eu\/wp-content\/uploads\/2023\/09\/EV-PL-PR-040-Low-Row-1024x1024.jpg 1024w, https:\/\/evolve-fitness.eu\/wp-content\/uploads\/2023\/09\/EV-PL-PR-040-Low-Row-300x300.jpg 300w, https:\/\/evolve-fitness.eu\/wp-content\/uploads\/2023\/09\/EV-PL-PR-040-Low-Row-150x150.jpg 150w, https:\/\/evolve-fitness.eu\/wp-content\/uploads\/2023\/09\/EV-PL-PR-040-Low-Row-600x600.jpg 600w, https:\/\/evolve-fitness.eu\/wp-content\/uploads\/2023\/09\/EV-PL-PR-040-Low-Row-768x768.jpg 768w, https:\/\/evolve-fitness.eu\/wp-content\/uploads\/2023\/09\/EV-PL-PR-040-Low-Row-1536x1536.jpg 1536w, https:\/\/evolve-fitness.eu\/wp-content\/uploads\/2023\/09\/EV-PL-PR-040-Low-Row.jpg 2000w\" sizes=\"auto, (max-width: 672px) 100vw, 672px\" \/><\/figure>\n<\/div>\n\n\n\n<div class=\"wp-block-column is-vertically-aligned-center is-layout-flow wp-block-column-is-layout-flow\">\n<h3 class=\"wp-block-heading\" style=\"margin-bottom:var(--wp--preset--spacing--h-3-bottom)\"><strong><strong><strong>Ilgalaikis veikimas<\/strong><\/strong><\/strong><\/h3>\n\n\n\n<p><strong><em><strong><strong>Auk\u0161\u010diausios kokyb\u0117s, tvirta PU oda<\/strong><\/strong><\/em><\/strong><\/p>\n\n\n\n<p style=\"margin-bottom:var(--wp--preset--spacing--tb-section-padding)\">M\u016bs\u0173 \u012franga pagaminta i\u0161 <strong>auk\u0161\u010diausios kokyb\u0117s, didelio atsparumo PU odos<\/strong>, kuri sukurta taip, kad atlaikyt\u0173 net sunkiausias treniruotes. Jis ne tik puikiai atrodo, bet ir pasi\u017eymi ilgaam\u017ei\u0161kumu.<\/p>\n\n\n\n<h3 class=\"wp-block-heading\" style=\"margin-bottom:var(--wp--preset--spacing--h-3-bottom)\"><strong><strong><strong><strong><strong><strong><strong>Patvari apdaila<\/strong><\/strong><\/strong><\/strong><\/strong><\/strong><\/strong><\/h3>\n\n\n\n<p><strong><em><strong><strong><strong><strong><strong>Termoreaktyvi\u0173j\u0173 milteli\u0173 elektrostatinio pur\u0161kimo technologija<\/strong><\/strong><\/strong><\/strong><\/strong><\/em><\/strong><\/p>\n\n\n\n<p>Patirkite patvari\u0105 apdail\u0105 naudodami m\u016bs\u0173 <strong>termoreaktyvi\u0173j\u0173 milteli\u0173 elektrostatinio pur\u0161kimo technologij\u0105<\/strong>. \u0160i pa\u017eangi danga u\u017etikrina, kad j\u016bs\u0173 \u012franga laikui b\u0117gant i\u0161likt\u0173 patraukli.<\/p>\n\n\n\n<h3 class=\"wp-block-heading\" style=\"margin-bottom:var(--wp--preset--spacing--h-3-bottom)\"><strong><strong><strong><strong>Sukurta, kad tarnaut\u0173 ilgai<\/strong><\/strong><\/strong><\/strong><\/h3>\n\n\n\n<p><strong><em><strong><strong><strong>Ner\u016bdijan\u010dio plieno var\u017etai ir ver\u017el\u0117s<\/strong><\/strong><\/strong><\/em><\/strong><\/p>\n\n\n\n<p style=\"margin-bottom:var(--wp--preset--spacing--tb-section-padding)\">&#8222;Prime&#8221; serija yra ilgaam\u017e\u0117, nes visi var\u017etai ir ver\u017el\u0117s pagaminti i\u0161 <strong>ner\u016bdijan\u010dio plieno<\/strong>. Tokia kokybi\u0161ka konstrukcija u\u017etikrina j\u016bs\u0173 \u012frangos ilgaam\u017ei\u0161kum\u0105.<\/p>\n<\/div>\n<\/div>\n<\/section>\n<\/section>\n","protected":false},"excerpt":{"rendered":"<p>Pagerinkite savo fitneso \u017eaidim\u0105 su universaliu &#8222;Evolve Power Rack PR-209&#8221;. Sukurtas komerciniam tvirtumui, \u0161is j\u0117gos stovas yra kompakti\u0161kas, o treniruo\u010di\u0173 metu galima treniruoti vis\u0105 k\u016bn\u0105. Su reguliuojamais J formos kabliais, apsaugin\u0117mis steb\u0117jimo rankenomis ir prisitraukimo baru jis u\u017etikrina ir saugum\u0105, ir \u012fvairov\u0119. Stove yra a\u0161tuoni laikymo kai\u0161\u010diai \u012frangai tvarkyti, o patvarus, r\u016bdims atsparus r\u0117mas padengtas milteliniu b\u016bdu, kad b\u016bt\u0173 ilgaam\u017eis. Be to, jam suteikiama 2 met\u0173 garantija, tod\u0117l jis yra patikimas pasirinkimas bet kuriai sporto salei. Su &#8222;Evolve Power Rack PR-209&#8221; tapkite stipr\u016bs ir i\u0161likite organizuoti.<\/p>\n","protected":false},"featured_media":10958,"template":"","meta":{"_acf_changed":false,"inline_featured_image":false},"product_brand":[],"product_cat":[17],"product_tag":[],"class_list":{"0":"post-12860","1":"product","2":"type-product","3":"status-publish","4":"has-post-thumbnail","6":"product_cat-be-kategorijos","8":"first","9":"instock","10":"virtual","11":"purchasable","12":"product-type-simple"},"acf":{"long_title":"\"Evolve Prime Series\" plok\u0161t\u0117s pakrautas galios stovas","subtitle":"","specifications":[{"label":"Matmenys ","text_value":"1869 x 1724 x 2300 mm","icon":"x"},{"label":"Garantija ","text_value":"2 metai","icon":"x"},{"label":"Svorio plok\u0161teli\u0173 laikymas  ","text_value":"8 kai\u0161\u010diai","icon":"x"},{"label":"Reguliuojamo auk\u0161\u010dio J formos kabliai","text_value":"","icon":"v"},{"label":"\u012emontuoti 8 laikymo kabliukai","text_value":"","icon":"v"},{"label":"Gumin\u0117s grind\u0173 apsaugos","text_value":"","icon":"v"},{"label":"Apsaugin\u0117s steb\u0117tojo rankos","text_value":"","icon":"v"},{"label":"I\u0161traukti baras","text_value":"","icon":"v"},{"label":"Milteliais dengtas r\u0117mas","text_value":"","icon":"v"}]},"yoast_head":"<!-- This site is optimized with the Yoast SEO plugin v27.4 - https:\/\/yoast.com\/product\/yoast-seo-wordpress\/ -->\n<title>&quot;Evolve Prime Series Power Rack - Evolve<\/title>\n<meta name=\"robots\" content=\"index, follow, max-snippet:-1, max-image-preview:large, max-video-preview:-1\" \/>\n<link rel=\"canonical\" href=\"https:\/\/evolve-fitness.eu\/lt\/produktas\/evolve-prime-series-power-rack\/\" \/>\n<meta property=\"og:locale\" content=\"lt_LT\" \/>\n<meta property=\"og:type\" content=\"article\" \/>\n<meta property=\"og:title\" content=\"&quot;Evolve Prime Series Power Rack - Evolve\" \/>\n<meta property=\"og:url\" content=\"https:\/\/evolve-fitness.eu\/lt\/produktas\/evolve-prime-series-power-rack\/\" \/>\n<meta property=\"og:site_name\" content=\"Evolve\" \/>\n<meta property=\"article:publisher\" content=\"https:\/\/www.facebook.com\/EvolveFitnessEurope\" \/>\n<meta property=\"article:modified_time\" content=\"2024-02-28T12:23:16+00:00\" \/>\n<meta property=\"og:image\" content=\"https:\/\/evolve-fitness.eu\/wp-content\/uploads\/2023\/09\/Evolve-Prime-Series-Plate-Loaded-Power-Rack-PR-209.png\" \/>\n\t<meta property=\"og:image:width\" content=\"680\" \/>\n\t<meta property=\"og:image:height\" content=\"600\" \/>\n\t<meta property=\"og:image:type\" content=\"image\/png\" \/>\n<meta name=\"twitter:card\" content=\"summary_large_image\" \/>\n<script type=\"application\/ld+json\" class=\"yoast-schema-graph\">{\"@context\":\"https:\\\/\\\/schema.org\",\"@graph\":[{\"@type\":\"WebPage\",\"@id\":\"https:\\\/\\\/evolve-fitness.eu\\\/lt\\\/produktas\\\/evolve-prime-series-power-rack\\\/\",\"url\":\"https:\\\/\\\/evolve-fitness.eu\\\/lt\\\/produktas\\\/evolve-prime-series-power-rack\\\/\",\"name\":\"\\\"Evolve Prime Series Power Rack - Evolve\",\"isPartOf\":{\"@id\":\"https:\\\/\\\/evolve-fitness.eu\\\/lt\\\/#website\"},\"primaryImageOfPage\":{\"@id\":\"https:\\\/\\\/evolve-fitness.eu\\\/lt\\\/produktas\\\/evolve-prime-series-power-rack\\\/#primaryimage\"},\"image\":{\"@id\":\"https:\\\/\\\/evolve-fitness.eu\\\/lt\\\/produktas\\\/evolve-prime-series-power-rack\\\/#primaryimage\"},\"thumbnailUrl\":\"https:\\\/\\\/evolve-fitness.eu\\\/wp-content\\\/uploads\\\/2023\\\/09\\\/Evolve-Prime-Series-Plate-Loaded-Power-Rack-PR-209.png\",\"datePublished\":\"2023-09-11T12:29:23+00:00\",\"dateModified\":\"2024-02-28T12:23:16+00:00\",\"breadcrumb\":{\"@id\":\"https:\\\/\\\/evolve-fitness.eu\\\/lt\\\/produktas\\\/evolve-prime-series-power-rack\\\/#breadcrumb\"},\"inLanguage\":\"lt-LT\",\"potentialAction\":[{\"@type\":\"ReadAction\",\"target\":[\"https:\\\/\\\/evolve-fitness.eu\\\/lt\\\/produktas\\\/evolve-prime-series-power-rack\\\/\"]}]},{\"@type\":\"ImageObject\",\"inLanguage\":\"lt-LT\",\"@id\":\"https:\\\/\\\/evolve-fitness.eu\\\/lt\\\/produktas\\\/evolve-prime-series-power-rack\\\/#primaryimage\",\"url\":\"https:\\\/\\\/evolve-fitness.eu\\\/wp-content\\\/uploads\\\/2023\\\/09\\\/Evolve-Prime-Series-Plate-Loaded-Power-Rack-PR-209.png\",\"contentUrl\":\"https:\\\/\\\/evolve-fitness.eu\\\/wp-content\\\/uploads\\\/2023\\\/09\\\/Evolve-Prime-Series-Plate-Loaded-Power-Rack-PR-209.png\",\"width\":680,\"height\":600,\"caption\":\"EV-PL-PR-209\"},{\"@type\":\"BreadcrumbList\",\"@id\":\"https:\\\/\\\/evolve-fitness.eu\\\/lt\\\/produktas\\\/evolve-prime-series-power-rack\\\/#breadcrumb\",\"itemListElement\":[{\"@type\":\"ListItem\",\"position\":1,\"name\":\"Home\",\"item\":\"https:\\\/\\\/evolve-fitness.eu\\\/lt\\\/\"},{\"@type\":\"ListItem\",\"position\":2,\"name\":\"Produktai\",\"item\":\"https:\\\/\\\/evolve-fitness.eu\\\/lt\\\/shop\\\/\"},{\"@type\":\"ListItem\",\"position\":3,\"name\":\"&#8222;Evolve Prime Series Power Rack\"}]},{\"@type\":\"WebSite\",\"@id\":\"https:\\\/\\\/evolve-fitness.eu\\\/lt\\\/#website\",\"url\":\"https:\\\/\\\/evolve-fitness.eu\\\/lt\\\/\",\"name\":\"Evolve\",\"description\":\"Your Evolved Gear Arrived\",\"publisher\":{\"@id\":\"https:\\\/\\\/evolve-fitness.eu\\\/lt\\\/#organization\"},\"potentialAction\":[{\"@type\":\"SearchAction\",\"target\":{\"@type\":\"EntryPoint\",\"urlTemplate\":\"https:\\\/\\\/evolve-fitness.eu\\\/lt\\\/?s={search_term_string}\"},\"query-input\":{\"@type\":\"PropertyValueSpecification\",\"valueRequired\":true,\"valueName\":\"search_term_string\"}}],\"inLanguage\":\"lt-LT\"},{\"@type\":\"Organization\",\"@id\":\"https:\\\/\\\/evolve-fitness.eu\\\/lt\\\/#organization\",\"name\":\"Evolve\",\"url\":\"https:\\\/\\\/evolve-fitness.eu\\\/lt\\\/\",\"logo\":{\"@type\":\"ImageObject\",\"inLanguage\":\"lt-LT\",\"@id\":\"https:\\\/\\\/evolve-fitness.eu\\\/lt\\\/#\\\/schema\\\/logo\\\/image\\\/\",\"url\":\"https:\\\/\\\/evolve-fitness.eu\\\/wp-content\\\/uploads\\\/2023\\\/05\\\/Evolve-logo.svg\",\"contentUrl\":\"https:\\\/\\\/evolve-fitness.eu\\\/wp-content\\\/uploads\\\/2023\\\/05\\\/Evolve-logo.svg\",\"width\":176,\"height\":20,\"caption\":\"Evolve\"},\"image\":{\"@id\":\"https:\\\/\\\/evolve-fitness.eu\\\/lt\\\/#\\\/schema\\\/logo\\\/image\\\/\"},\"sameAs\":[\"https:\\\/\\\/www.facebook.com\\\/EvolveFitnessEurope\"]}]}<\/script>\n<!-- \/ Yoast SEO plugin. -->","yoast_head_json":{"title":"\"Evolve Prime Series Power Rack - Evolve","robots":{"index":"index","follow":"follow","max-snippet":"max-snippet:-1","max-image-preview":"max-image-preview:large","max-video-preview":"max-video-preview:-1"},"canonical":"https:\/\/evolve-fitness.eu\/lt\/produktas\/evolve-prime-series-power-rack\/","og_locale":"lt_LT","og_type":"article","og_title":"\"Evolve Prime Series Power Rack - Evolve","og_url":"https:\/\/evolve-fitness.eu\/lt\/produktas\/evolve-prime-series-power-rack\/","og_site_name":"Evolve","article_publisher":"https:\/\/www.facebook.com\/EvolveFitnessEurope","article_modified_time":"2024-02-28T12:23:16+00:00","og_image":[{"width":680,"height":600,"url":"https:\/\/evolve-fitness.eu\/wp-content\/uploads\/2023\/09\/Evolve-Prime-Series-Plate-Loaded-Power-Rack-PR-209.png","type":"image\/png"}],"twitter_card":"summary_large_image","schema":{"@context":"https:\/\/schema.org","@graph":[{"@type":"WebPage","@id":"https:\/\/evolve-fitness.eu\/lt\/produktas\/evolve-prime-series-power-rack\/","url":"https:\/\/evolve-fitness.eu\/lt\/produktas\/evolve-prime-series-power-rack\/","name":"\"Evolve Prime Series Power Rack - Evolve","isPartOf":{"@id":"https:\/\/evolve-fitness.eu\/lt\/#website"},"primaryImageOfPage":{"@id":"https:\/\/evolve-fitness.eu\/lt\/produktas\/evolve-prime-series-power-rack\/#primaryimage"},"image":{"@id":"https:\/\/evolve-fitness.eu\/lt\/produktas\/evolve-prime-series-power-rack\/#primaryimage"},"thumbnailUrl":"https:\/\/evolve-fitness.eu\/wp-content\/uploads\/2023\/09\/Evolve-Prime-Series-Plate-Loaded-Power-Rack-PR-209.png","datePublished":"2023-09-11T12:29:23+00:00","dateModified":"2024-02-28T12:23:16+00:00","breadcrumb":{"@id":"https:\/\/evolve-fitness.eu\/lt\/produktas\/evolve-prime-series-power-rack\/#breadcrumb"},"inLanguage":"lt-LT","potentialAction":[{"@type":"ReadAction","target":["https:\/\/evolve-fitness.eu\/lt\/produktas\/evolve-prime-series-power-rack\/"]}]},{"@type":"ImageObject","inLanguage":"lt-LT","@id":"https:\/\/evolve-fitness.eu\/lt\/produktas\/evolve-prime-series-power-rack\/#primaryimage","url":"https:\/\/evolve-fitness.eu\/wp-content\/uploads\/2023\/09\/Evolve-Prime-Series-Plate-Loaded-Power-Rack-PR-209.png","contentUrl":"https:\/\/evolve-fitness.eu\/wp-content\/uploads\/2023\/09\/Evolve-Prime-Series-Plate-Loaded-Power-Rack-PR-209.png","width":680,"height":600,"caption":"EV-PL-PR-209"},{"@type":"BreadcrumbList","@id":"https:\/\/evolve-fitness.eu\/lt\/produktas\/evolve-prime-series-power-rack\/#breadcrumb","itemListElement":[{"@type":"ListItem","position":1,"name":"Home","item":"https:\/\/evolve-fitness.eu\/lt\/"},{"@type":"ListItem","position":2,"name":"Produktai","item":"https:\/\/evolve-fitness.eu\/lt\/shop\/"},{"@type":"ListItem","position":3,"name":"&#8222;Evolve Prime Series Power Rack"}]},{"@type":"WebSite","@id":"https:\/\/evolve-fitness.eu\/lt\/#website","url":"https:\/\/evolve-fitness.eu\/lt\/","name":"Evolve","description":"Your Evolved Gear Arrived","publisher":{"@id":"https:\/\/evolve-fitness.eu\/lt\/#organization"},"potentialAction":[{"@type":"SearchAction","target":{"@type":"EntryPoint","urlTemplate":"https:\/\/evolve-fitness.eu\/lt\/?s={search_term_string}"},"query-input":{"@type":"PropertyValueSpecification","valueRequired":true,"valueName":"search_term_string"}}],"inLanguage":"lt-LT"},{"@type":"Organization","@id":"https:\/\/evolve-fitness.eu\/lt\/#organization","name":"Evolve","url":"https:\/\/evolve-fitness.eu\/lt\/","logo":{"@type":"ImageObject","inLanguage":"lt-LT","@id":"https:\/\/evolve-fitness.eu\/lt\/#\/schema\/logo\/image\/","url":"https:\/\/evolve-fitness.eu\/wp-content\/uploads\/2023\/05\/Evolve-logo.svg","contentUrl":"https:\/\/evolve-fitness.eu\/wp-content\/uploads\/2023\/05\/Evolve-logo.svg","width":176,"height":20,"caption":"Evolve"},"image":{"@id":"https:\/\/evolve-fitness.eu\/lt\/#\/schema\/logo\/image\/"},"sameAs":["https:\/\/www.facebook.com\/EvolveFitnessEurope"]}]}},"_links":{"self":[{"href":"https:\/\/evolve-fitness.eu\/lt\/wp-json\/wp\/v2\/product\/12860","targetHints":{"allow":["GET"]}}],"collection":[{"href":"https:\/\/evolve-fitness.eu\/lt\/wp-json\/wp\/v2\/product"}],"about":[{"href":"https:\/\/evolve-fitness.eu\/lt\/wp-json\/wp\/v2\/types\/product"}],"wp:featuredmedia":[{"embeddable":true,"href":"https:\/\/evolve-fitness.eu\/lt\/wp-json\/wp\/v2\/media\/10958"}],"wp:attachment":[{"href":"https:\/\/evolve-fitness.eu\/lt\/wp-json\/wp\/v2\/media?parent=12860"}],"wp:term":[{"taxonomy":"product_brand","embeddable":true,"href":"https:\/\/evolve-fitness.eu\/lt\/wp-json\/wp\/v2\/product_brand?post=12860"},{"taxonomy":"product_cat","embeddable":true,"href":"https:\/\/evolve-fitness.eu\/lt\/wp-json\/wp\/v2\/product_cat?post=12860"},{"taxonomy":"product_tag","embeddable":true,"href":"https:\/\/evolve-fitness.eu\/lt\/wp-json\/wp\/v2\/product_tag?post=12860"}],"curies":[{"name":"wp","href":"https:\/\/api.w.org\/{rel}","templated":true}]}}