{"id":12939,"date":"2023-09-13T15:19:36","date_gmt":"2023-09-13T15:19:36","guid":{"rendered":"https:\/\/evolve-fitness.eu\/product\/evolve-aerobic-step\/"},"modified":"2026-04-23T10:14:28","modified_gmt":"2026-04-23T07:14:28","slug":"evolve-aerobic-step","status":"publish","type":"product","link":"https:\/\/evolve-fitness.eu\/lt\/produktas\/evolve-aerobic-step\/","title":{"rendered":"&#8222;Evolve Aerobic Step"},"content":{"rendered":"\n<section class=\"wp-block-group alignfull has-lightgray-background-color has-background is-layout-constrained wp-block-group-is-layout-constrained\">\n<div class=\"wp-block-columns alignwide is-layout-flex wp-container-core-columns-is-layout-2edb0647 wp-block-columns-is-layout-flex\" style=\"margin-top:0;margin-bottom:0\">\n<div class=\"wp-block-column is-layout-flow wp-block-column-is-layout-flow\" style=\"flex-basis:33.33%\"><\/div>\n\n\n\n<div class=\"wp-block-column is-layout-flow wp-block-column-is-layout-flow\" style=\"flex-basis:66.66%\"><\/div>\n<\/div>\n<\/section>\n\n<section class=\"wp-block-group alignfull black-content has-white-color has-darkgray-background-color has-text-color has-background is-layout-constrained wp-block-group-is-layout-constrained\" style=\"padding-top:var(--wp--preset--spacing--section-bottom);padding-bottom:var(--wp--preset--spacing--section-bottom)\">\n<div class=\"wp-block-columns alignwide mobile-reverse is-layout-flex wp-container-core-columns-is-layout-ca64bf2d wp-block-columns-is-layout-flex\" style=\"margin-bottom:var(--wp--preset--spacing--side-padding)\">\n<div class=\"wp-block-column is-vertically-aligned-center is-layout-flow wp-block-column-is-layout-flow\">\n<h3 class=\"wp-block-heading\" style=\"margin-bottom:var(--wp--preset--spacing--h-3-bottom)\"><strong>&#8222;Evolve Aerobic Step<\/strong><\/h3>\n\n\n\n<p><strong><em>Universalus \u012frankis kardio ir j\u0117gos treniruot\u0117ms<\/em><\/strong><\/p>\n\n\n\n<p style=\"margin-bottom:var(--wp--preset--spacing--tb-section-padding)\">&#8222;Evolve Aerobic Step&#8221; yra svarbi treniruokli\u0173 priemon\u0117, skirta pagerinti j\u016bs\u0173 kardio ir j\u0117gos treniruotes. Puikiai tinka \u017eingsninei aerobikai, padeda gerinti \u0161irdies ir kraujagysli\u0173 sistemos sveikat\u0105, tonizuoti raumenis ir didinti i\u0161tverm\u0119. Jis taip pat puikiai tinka j\u0117gos pratimams, tokiems kaip pakopos ir pasvir\u0119 atsispaudimai, skirti kojoms ir vir\u0161utinei k\u016bno daliai.<\/p>\n<\/div>\n\n\n\n<div class=\"wp-block-column is-vertically-aligned-center is-layout-flow wp-block-column-is-layout-flow\">\n<figure class=\"wp-block-image size-large\"><img loading=\"lazy\" decoding=\"async\" width=\"1024\" height=\"683\" src=\"https:\/\/evolve-fitness.eu\/wp-content\/uploads\/2023\/09\/A7_05605-1-1-1024x683.png\" alt=\"\" class=\"wp-image-211575\" srcset=\"https:\/\/evolve-fitness.eu\/wp-content\/uploads\/2023\/09\/A7_05605-1-1-1024x683.png 1024w, https:\/\/evolve-fitness.eu\/wp-content\/uploads\/2023\/09\/A7_05605-1-1-300x200.png 300w, https:\/\/evolve-fitness.eu\/wp-content\/uploads\/2023\/09\/A7_05605-1-1-150x100.png 150w, https:\/\/evolve-fitness.eu\/wp-content\/uploads\/2023\/09\/A7_05605-1-1-768x512.png 768w, https:\/\/evolve-fitness.eu\/wp-content\/uploads\/2023\/09\/A7_05605-1-1-1536x1024.png 1536w, https:\/\/evolve-fitness.eu\/wp-content\/uploads\/2023\/09\/A7_05605-1-1-2048x1365.png 2048w, https:\/\/evolve-fitness.eu\/wp-content\/uploads\/2023\/09\/A7_05605-1-1-600x400.png 600w, https:\/\/evolve-fitness.eu\/wp-content\/uploads\/2023\/09\/A7_05605-1-1-225x150.png 225w\" sizes=\"auto, (max-width: 1024px) 100vw, 1024px\" \/><\/figure>\n<\/div>\n<\/div>\n<\/section>\n","protected":false},"excerpt":{"rendered":"<p>Pristatome &#8222;Evolve Aerobic Step&#8221; &#8211; geriausi\u0105 treniruokl\u012f. D\u0117l trij\u0173 reguliuojam\u0173 auk\u0161\u010di\u0173 (15 cm, 20 cm ir 25 cm) \u0161is laiptelis pritaikytas \u012fvairaus intensyvumo treniruot\u0117ms. Neslidus tekst\u016bruotas pavir\u0161ius u\u017etikrina stabilum\u0105 ir saugum\u0105 treniruo\u010di\u0173 metu. Nesvarbu, ar \u012frengin\u0117jate komercin\u0119 treniruokli\u0173 sal\u0119, ar namuose, jos kompakti\u0161kas dizainas u\u017eima nedaug vietos. Be to, j\u012f lengva valyti net po intensyvaus u\u017esi\u0117mimo. Su &#8222;Evolve Aerobic Step&#8221; pagerinsite savo treniruo\u010di\u0173 rutin\u0105.<\/p>\n","protected":false},"featured_media":211566,"template":"","meta":{"_acf_changed":false,"inline_featured_image":false},"product_brand":[],"product_cat":[756],"product_tag":[],"class_list":{"0":"post-12939","1":"product","2":"type-product","3":"status-publish","4":"has-post-thumbnail","6":"product_cat-studija","8":"first","9":"instock","10":"virtual","11":"purchasable","12":"product-type-simple"},"acf":{"long_title":"\"Evolve Aerobic Step","subtitle":"","specifications":[{"label":"SKU","text_value":"EV-GT-AS-002","icon":"x"},{"label":"Ilgis","text_value":"90 cm","icon":"x"},{"label":"Plotis","text_value":"35 cm","icon":"x"},{"label":"Trys auk\u0161\u010dio parinktys","text_value":"15 cm \/ 20 cm \/ 25 cm","icon":"x"},{"label":"Svoris","text_value":"8 kg","icon":"x"},{"label":"Maksimali apkrova","text_value":"200 kg","icon":"x"},{"label":"Pakeltas tekst\u016bruotas pavir\u0161ius","text_value":"","icon":"v"},{"label":"Kompakti\u0161kas dydis","text_value":"","icon":"v"},{"label":"Lengvai valomas pavir\u0161ius","text_value":"","icon":"v"}],"product_frequently_asked_questions":null},"yoast_head":"<!-- This site is optimized with the Yoast SEO plugin v27.4 - https:\/\/yoast.com\/product\/yoast-seo-wordpress\/ -->\n<title>&quot;Evolve Aerobic Step - Evolve<\/title>\n<meta name=\"description\" content=\"Pristatome &quot;Evolve Aerobic Step&quot; - geriausi\u0105 treniruokl\u012f. Trys reguliuojami auk\u0161\u010diai (15 cm, 20 cm ir 25 cm).\" \/>\n<meta name=\"robots\" content=\"index, follow, max-snippet:-1, max-image-preview:large, max-video-preview:-1\" \/>\n<link rel=\"canonical\" href=\"https:\/\/evolve-fitness.eu\/lt\/produktas\/evolve-aerobic-step\/\" \/>\n<meta property=\"og:locale\" content=\"lt_LT\" \/>\n<meta property=\"og:type\" content=\"article\" \/>\n<meta property=\"og:title\" content=\"&quot;Evolve Aerobic Step - Evolve\" \/>\n<meta property=\"og:description\" content=\"Pristatome &quot;Evolve Aerobic Step&quot; - geriausi\u0105 treniruokl\u012f. Trys reguliuojami auk\u0161\u010diai (15 cm, 20 cm ir 25 cm).\" \/>\n<meta property=\"og:url\" content=\"https:\/\/evolve-fitness.eu\/lt\/produktas\/evolve-aerobic-step\/\" \/>\n<meta property=\"og:site_name\" content=\"Evolve\" \/>\n<meta property=\"article:publisher\" content=\"https:\/\/www.facebook.com\/EvolveFitnessEurope\" \/>\n<meta property=\"article:modified_time\" content=\"2026-04-23T07:14:28+00:00\" \/>\n<meta property=\"og:image\" content=\"https:\/\/evolve-fitness.eu\/wp-content\/uploads\/2023\/09\/A7_05605-1.png\" \/>\n\t<meta property=\"og:image:width\" content=\"2060\" \/>\n\t<meta property=\"og:image:height\" content=\"1373\" \/>\n\t<meta property=\"og:image:type\" content=\"image\/png\" \/>\n<meta name=\"twitter:card\" content=\"summary_large_image\" \/>\n<script type=\"application\/ld+json\" class=\"yoast-schema-graph\">{\"@context\":\"https:\\\/\\\/schema.org\",\"@graph\":[{\"@type\":\"WebPage\",\"@id\":\"https:\\\/\\\/evolve-fitness.eu\\\/lt\\\/produktas\\\/evolve-aerobic-step\\\/\",\"url\":\"https:\\\/\\\/evolve-fitness.eu\\\/lt\\\/produktas\\\/evolve-aerobic-step\\\/\",\"name\":\"\\\"Evolve Aerobic Step - Evolve\",\"isPartOf\":{\"@id\":\"https:\\\/\\\/evolve-fitness.eu\\\/lt\\\/#website\"},\"primaryImageOfPage\":{\"@id\":\"https:\\\/\\\/evolve-fitness.eu\\\/lt\\\/produktas\\\/evolve-aerobic-step\\\/#primaryimage\"},\"image\":{\"@id\":\"https:\\\/\\\/evolve-fitness.eu\\\/lt\\\/produktas\\\/evolve-aerobic-step\\\/#primaryimage\"},\"thumbnailUrl\":\"https:\\\/\\\/evolve-fitness.eu\\\/wp-content\\\/uploads\\\/2023\\\/09\\\/A7_05605-1.png\",\"datePublished\":\"2023-09-13T15:19:36+00:00\",\"dateModified\":\"2026-04-23T07:14:28+00:00\",\"description\":\"Pristatome \\\"Evolve Aerobic Step\\\" - geriausi\u0105 treniruokl\u012f. Trys reguliuojami auk\u0161\u010diai (15 cm, 20 cm ir 25 cm).\",\"breadcrumb\":{\"@id\":\"https:\\\/\\\/evolve-fitness.eu\\\/lt\\\/produktas\\\/evolve-aerobic-step\\\/#breadcrumb\"},\"inLanguage\":\"lt-LT\",\"potentialAction\":[{\"@type\":\"ReadAction\",\"target\":[\"https:\\\/\\\/evolve-fitness.eu\\\/lt\\\/produktas\\\/evolve-aerobic-step\\\/\"]}]},{\"@type\":\"ImageObject\",\"inLanguage\":\"lt-LT\",\"@id\":\"https:\\\/\\\/evolve-fitness.eu\\\/lt\\\/produktas\\\/evolve-aerobic-step\\\/#primaryimage\",\"url\":\"https:\\\/\\\/evolve-fitness.eu\\\/wp-content\\\/uploads\\\/2023\\\/09\\\/A7_05605-1.png\",\"contentUrl\":\"https:\\\/\\\/evolve-fitness.eu\\\/wp-content\\\/uploads\\\/2023\\\/09\\\/A7_05605-1.png\",\"width\":2060,\"height\":1373},{\"@type\":\"BreadcrumbList\",\"@id\":\"https:\\\/\\\/evolve-fitness.eu\\\/lt\\\/produktas\\\/evolve-aerobic-step\\\/#breadcrumb\",\"itemListElement\":[{\"@type\":\"ListItem\",\"position\":1,\"name\":\"Home\",\"item\":\"https:\\\/\\\/evolve-fitness.eu\\\/lt\\\/\"},{\"@type\":\"ListItem\",\"position\":2,\"name\":\"Produktai\",\"item\":\"https:\\\/\\\/evolve-fitness.eu\\\/lt\\\/shop\\\/\"},{\"@type\":\"ListItem\",\"position\":3,\"name\":\"&#8220;Evolve Aerobic Step\"}]},{\"@type\":\"WebSite\",\"@id\":\"https:\\\/\\\/evolve-fitness.eu\\\/lt\\\/#website\",\"url\":\"https:\\\/\\\/evolve-fitness.eu\\\/lt\\\/\",\"name\":\"Evolve\",\"description\":\"Your Evolved Gear Arrived\",\"publisher\":{\"@id\":\"https:\\\/\\\/evolve-fitness.eu\\\/lt\\\/#organization\"},\"potentialAction\":[{\"@type\":\"SearchAction\",\"target\":{\"@type\":\"EntryPoint\",\"urlTemplate\":\"https:\\\/\\\/evolve-fitness.eu\\\/lt\\\/?s={search_term_string}\"},\"query-input\":{\"@type\":\"PropertyValueSpecification\",\"valueRequired\":true,\"valueName\":\"search_term_string\"}}],\"inLanguage\":\"lt-LT\"},{\"@type\":\"Organization\",\"@id\":\"https:\\\/\\\/evolve-fitness.eu\\\/lt\\\/#organization\",\"name\":\"Evolve\",\"url\":\"https:\\\/\\\/evolve-fitness.eu\\\/lt\\\/\",\"logo\":{\"@type\":\"ImageObject\",\"inLanguage\":\"lt-LT\",\"@id\":\"https:\\\/\\\/evolve-fitness.eu\\\/lt\\\/#\\\/schema\\\/logo\\\/image\\\/\",\"url\":\"https:\\\/\\\/evolve-fitness.eu\\\/wp-content\\\/uploads\\\/2023\\\/05\\\/Evolve-logo.svg\",\"contentUrl\":\"https:\\\/\\\/evolve-fitness.eu\\\/wp-content\\\/uploads\\\/2023\\\/05\\\/Evolve-logo.svg\",\"width\":176,\"height\":20,\"caption\":\"Evolve\"},\"image\":{\"@id\":\"https:\\\/\\\/evolve-fitness.eu\\\/lt\\\/#\\\/schema\\\/logo\\\/image\\\/\"},\"sameAs\":[\"https:\\\/\\\/www.facebook.com\\\/EvolveFitnessEurope\"]}]}<\/script>\n<!-- \/ Yoast SEO plugin. -->","yoast_head_json":{"title":"\"Evolve Aerobic Step - Evolve","description":"Pristatome \"Evolve Aerobic Step\" - geriausi\u0105 treniruokl\u012f. Trys reguliuojami auk\u0161\u010diai (15 cm, 20 cm ir 25 cm).","robots":{"index":"index","follow":"follow","max-snippet":"max-snippet:-1","max-image-preview":"max-image-preview:large","max-video-preview":"max-video-preview:-1"},"canonical":"https:\/\/evolve-fitness.eu\/lt\/produktas\/evolve-aerobic-step\/","og_locale":"lt_LT","og_type":"article","og_title":"\"Evolve Aerobic Step - Evolve","og_description":"Pristatome \"Evolve Aerobic Step\" - geriausi\u0105 treniruokl\u012f. Trys reguliuojami auk\u0161\u010diai (15 cm, 20 cm ir 25 cm).","og_url":"https:\/\/evolve-fitness.eu\/lt\/produktas\/evolve-aerobic-step\/","og_site_name":"Evolve","article_publisher":"https:\/\/www.facebook.com\/EvolveFitnessEurope","article_modified_time":"2026-04-23T07:14:28+00:00","og_image":[{"width":2060,"height":1373,"url":"https:\/\/evolve-fitness.eu\/wp-content\/uploads\/2023\/09\/A7_05605-1.png","type":"image\/png"}],"twitter_card":"summary_large_image","schema":{"@context":"https:\/\/schema.org","@graph":[{"@type":"WebPage","@id":"https:\/\/evolve-fitness.eu\/lt\/produktas\/evolve-aerobic-step\/","url":"https:\/\/evolve-fitness.eu\/lt\/produktas\/evolve-aerobic-step\/","name":"\"Evolve Aerobic Step - Evolve","isPartOf":{"@id":"https:\/\/evolve-fitness.eu\/lt\/#website"},"primaryImageOfPage":{"@id":"https:\/\/evolve-fitness.eu\/lt\/produktas\/evolve-aerobic-step\/#primaryimage"},"image":{"@id":"https:\/\/evolve-fitness.eu\/lt\/produktas\/evolve-aerobic-step\/#primaryimage"},"thumbnailUrl":"https:\/\/evolve-fitness.eu\/wp-content\/uploads\/2023\/09\/A7_05605-1.png","datePublished":"2023-09-13T15:19:36+00:00","dateModified":"2026-04-23T07:14:28+00:00","description":"Pristatome \"Evolve Aerobic Step\" - geriausi\u0105 treniruokl\u012f. Trys reguliuojami auk\u0161\u010diai (15 cm, 20 cm ir 25 cm).","breadcrumb":{"@id":"https:\/\/evolve-fitness.eu\/lt\/produktas\/evolve-aerobic-step\/#breadcrumb"},"inLanguage":"lt-LT","potentialAction":[{"@type":"ReadAction","target":["https:\/\/evolve-fitness.eu\/lt\/produktas\/evolve-aerobic-step\/"]}]},{"@type":"ImageObject","inLanguage":"lt-LT","@id":"https:\/\/evolve-fitness.eu\/lt\/produktas\/evolve-aerobic-step\/#primaryimage","url":"https:\/\/evolve-fitness.eu\/wp-content\/uploads\/2023\/09\/A7_05605-1.png","contentUrl":"https:\/\/evolve-fitness.eu\/wp-content\/uploads\/2023\/09\/A7_05605-1.png","width":2060,"height":1373},{"@type":"BreadcrumbList","@id":"https:\/\/evolve-fitness.eu\/lt\/produktas\/evolve-aerobic-step\/#breadcrumb","itemListElement":[{"@type":"ListItem","position":1,"name":"Home","item":"https:\/\/evolve-fitness.eu\/lt\/"},{"@type":"ListItem","position":2,"name":"Produktai","item":"https:\/\/evolve-fitness.eu\/lt\/shop\/"},{"@type":"ListItem","position":3,"name":"&#8220;Evolve Aerobic Step"}]},{"@type":"WebSite","@id":"https:\/\/evolve-fitness.eu\/lt\/#website","url":"https:\/\/evolve-fitness.eu\/lt\/","name":"Evolve","description":"Your Evolved Gear Arrived","publisher":{"@id":"https:\/\/evolve-fitness.eu\/lt\/#organization"},"potentialAction":[{"@type":"SearchAction","target":{"@type":"EntryPoint","urlTemplate":"https:\/\/evolve-fitness.eu\/lt\/?s={search_term_string}"},"query-input":{"@type":"PropertyValueSpecification","valueRequired":true,"valueName":"search_term_string"}}],"inLanguage":"lt-LT"},{"@type":"Organization","@id":"https:\/\/evolve-fitness.eu\/lt\/#organization","name":"Evolve","url":"https:\/\/evolve-fitness.eu\/lt\/","logo":{"@type":"ImageObject","inLanguage":"lt-LT","@id":"https:\/\/evolve-fitness.eu\/lt\/#\/schema\/logo\/image\/","url":"https:\/\/evolve-fitness.eu\/wp-content\/uploads\/2023\/05\/Evolve-logo.svg","contentUrl":"https:\/\/evolve-fitness.eu\/wp-content\/uploads\/2023\/05\/Evolve-logo.svg","width":176,"height":20,"caption":"Evolve"},"image":{"@id":"https:\/\/evolve-fitness.eu\/lt\/#\/schema\/logo\/image\/"},"sameAs":["https:\/\/www.facebook.com\/EvolveFitnessEurope"]}]}},"_links":{"self":[{"href":"https:\/\/evolve-fitness.eu\/lt\/wp-json\/wp\/v2\/product\/12939","targetHints":{"allow":["GET"]}}],"collection":[{"href":"https:\/\/evolve-fitness.eu\/lt\/wp-json\/wp\/v2\/product"}],"about":[{"href":"https:\/\/evolve-fitness.eu\/lt\/wp-json\/wp\/v2\/types\/product"}],"wp:featuredmedia":[{"embeddable":true,"href":"https:\/\/evolve-fitness.eu\/lt\/wp-json\/wp\/v2\/media\/211566"}],"wp:attachment":[{"href":"https:\/\/evolve-fitness.eu\/lt\/wp-json\/wp\/v2\/media?parent=12939"}],"wp:term":[{"taxonomy":"product_brand","embeddable":true,"href":"https:\/\/evolve-fitness.eu\/lt\/wp-json\/wp\/v2\/product_brand?post=12939"},{"taxonomy":"product_cat","embeddable":true,"href":"https:\/\/evolve-fitness.eu\/lt\/wp-json\/wp\/v2\/product_cat?post=12939"},{"taxonomy":"product_tag","embeddable":true,"href":"https:\/\/evolve-fitness.eu\/lt\/wp-json\/wp\/v2\/product_tag?post=12939"}],"curies":[{"name":"wp","href":"https:\/\/api.w.org\/{rel}","templated":true}]}}