{"id":13129,"date":"2023-09-15T06:41:38","date_gmt":"2023-09-15T06:41:38","guid":{"rendered":"https:\/\/evolve-fitness.eu\/product\/evolve-soft-plyo-box-3-in-1\/"},"modified":"2025-01-27T13:23:08","modified_gmt":"2025-01-27T13:23:08","slug":"evolve-soft-plyo-box-3-in-1","status":"publish","type":"product","link":"https:\/\/evolve-fitness.eu\/lt\/produktas\/evolve-soft-plyo-box-3-in-1\/","title":{"rendered":"&#8222;Evolve Soft Plyo Box 3-in-1"},"content":{"rendered":"\n<section class=\"wp-block-group alignfull has-lightgray-background-color has-background is-layout-constrained wp-block-group-is-layout-constrained\">\n<div class=\"wp-block-columns alignwide is-layout-flex wp-container-core-columns-is-layout-2edb0647 wp-block-columns-is-layout-flex\" style=\"margin-top:0;margin-bottom:0\">\n<div class=\"wp-block-column is-layout-flow wp-block-column-is-layout-flow\" style=\"flex-basis:33.33%\"><\/div>\n\n\n\n<div class=\"wp-block-column is-layout-flow wp-block-column-is-layout-flow\" style=\"flex-basis:66.66%\"><\/div>\n<\/div>\n<\/section>\n\n<section class=\"wp-block-group alignfull black-content has-white-color has-darkgray-background-color has-text-color has-background is-layout-constrained wp-block-group-is-layout-constrained\" style=\"padding-top:var(--wp--preset--spacing--section-bottom);padding-bottom:var(--wp--preset--spacing--section-bottom)\">\n<div class=\"wp-block-columns alignwide is-layout-flex wp-container-core-columns-is-layout-c45ee707 wp-block-columns-is-layout-flex\" style=\"margin-bottom:var(--wp--preset--spacing--side-padding);padding-top:var(--wp--preset--spacing--side-padding)\">\n<div class=\"wp-block-column is-vertically-aligned-center is-layout-flow wp-block-column-is-layout-flow\">\n<figure class=\"wp-block-video\"><video height=\"1080\" style=\"aspect-ratio: 1920 \/ 1080;\" width=\"1920\" autoplay=\"\" controls=\"\" loop=\"\" muted=\"\" src=\"https:\/\/evolve-fitness.eu\/wp-content\/uploads\/2023\/09\/EV-PF-SP-300.mp4\"><\/video><\/figure>\n<\/div>\n\n\n\n<div class=\"wp-block-column is-vertically-aligned-center is-layout-constrained wp-block-column-is-layout-constrained\">\n<h3 class=\"wp-block-heading\" style=\"margin-bottom:var(--wp--preset--spacing--h-3-bottom)\">Mink\u0161ta plyo d\u0117\u017e\u0117 &#8222;3-in-1  <\/h3>\n\n\n\n<p><strong><em><strong><em>Universali treniruokli\u0173 \u012franga<\/em><\/strong><\/em><\/strong><\/p>\n\n\n\n<p style=\"margin-bottom:var(--wp--preset--spacing--tb-section-padding)\">Vienoje d\u0117\u017eut\u0117je si\u016blomi trys reguliuojami auk\u0161\u010diai (51 cm, 61 cm, 76 cm)! Jis skirtas \u012fvairiems pratimams, pavyzd\u017eiui, \u0161uoliams su kartimi, atsispaudimams ir \u0161uoliukams. Gamin\u012f sudaro didelio tankio putplas\u010dio \u0161erdis ir didelio atsparumo ply\u0161imui PVC danga, turinti eleganti\u0161k\u0105 anglies i\u0161vaizd\u0105. \u0160i plyo d\u0117\u017e\u0117 idealiai tinka tiek komerciniam, tiek nam\u0173 naudojimui ir u\u017etikrina s\u0105nariams draugi\u0161kas treniruotes, apsaugodama klubus, kelius ir kulk\u0161nis d\u0117l neslystan\u010dio pavir\u0161iaus.<\/p>\n\n\n\n<h3 class=\"wp-block-heading\" style=\"margin-bottom:var(--wp--preset--spacing--h-3-bottom)\">i\u0161skirtin\u0117 anglies i\u0161vaizda<\/h3>\n\n\n\n<p><em><strong>Funkcionalumas papildytas estetiniu patrauklumu<\/strong><\/em><\/p>\n\n\n\n<p>\u0160is eleganti\u0161kas dizainas, i\u0161gautas naudojant didelio atsparumo ply\u0161imui PVC dang\u0105, ne tik pagerina vizualin\u012f \u012frangos vaizd\u0105, bet ir prisideda prie jos ilgaam\u017ei\u0161kumo. Karbono i\u0161vaizda suteikia jai moderni\u0105 ir profesionali\u0105 i\u0161vaizd\u0105, tod\u0117l ji tinka tiek nam\u0173 sporto sal\u0117ms, tiek komerciniams fitneso centrams, o neslystantis pavir\u0161ius u\u017etikrina saugum\u0105 net ir intensyvi\u0173 treniruo\u010di\u0173 metu.<\/p>\n<\/div>\n<\/div>\n\n\n\n<div class=\"wp-block-columns alignwide is-layout-flex wp-container-core-columns-is-layout-c45ee707 wp-block-columns-is-layout-flex\" style=\"margin-bottom:var(--wp--preset--spacing--side-padding);padding-top:var(--wp--preset--spacing--side-padding)\">\n<div class=\"wp-block-column is-vertically-aligned-center is-layout-flow wp-block-column-is-layout-flow\">\n<h3 class=\"wp-block-heading\" style=\"margin-bottom:var(--wp--preset--spacing--h-3-bottom)\">j\u016bs\u0173 k\u016bnas yra viskas, ko jums reikia.<\/h3>\n\n\n\n<p>Puikiai tinka k\u016bno mas\u0117s pratimams<\/p>\n\n\n\n<p>&#8222;Evolve&#8221; mink\u0161t\u0173j\u0173 pagalv\u0117li\u0173 rinkinys idealiai tinka k\u016bno mas\u0117s pratimams pagerinti, nes suteikia patogumo ir suma\u017eina sm\u016bg\u012f. \u0160tai keletas geriausi\u0173 pratim\u0173, kuriuos galima atlikti su \u0161iomis pagalv\u0117l\u0117mis:<\/p>\n\n\n\n<ol class=\"wp-block-list\">\n<li><strong>St\u016bmimo pratimai<\/strong>: Suma\u017eina rie\u0161o \u012ftamp\u0105 d\u0117l papildomos amortizacijos.<\/li>\n\n\n\n<li><strong>Burpees<\/strong>: Tai su\u0161velnina nusileidim\u0105, suma\u017eina triuk\u0161m\u0105 ir sm\u016bg\u012f.<\/li>\n\n\n\n<li><strong>Plok\u0161t\u0117s ir j\u0173 variacijos<\/strong>: Tai stabilus ir patogus pavir\u0161ius dilbiams.<\/li>\n\n\n\n<li><strong>Alpinistai<\/strong>: Lengvesnis poveikis s\u0105nariams, tod\u0117l judesiai tampa sklandesni.<\/li>\n\n\n\n<li><strong>\u0160uoliai \u012f priek\u012f<\/strong>: Padengia kelius atliekant gilius \u0161uolius, kad b\u016bt\u0173 patogiau ir geresn\u0117 forma.<\/li>\n<\/ol>\n\n\n\n<p>\u0160ios pagalv\u0117l\u0117s u\u017etikrina saugesn\u0119 ir patogesn\u0119 treniruot\u0119.<\/p>\n<\/div>\n\n\n\n<div class=\"wp-block-column is-vertically-aligned-center is-layout-flow wp-block-column-is-layout-flow\">\n<div class=\"wp-block-columns is-layout-flex wp-container-core-columns-is-layout-9d6595d7 wp-block-columns-is-layout-flex\">\n<div class=\"wp-block-column is-layout-flow wp-block-column-is-layout-flow\">\n<figure class=\"wp-block-video\"><video height=\"1080\" style=\"aspect-ratio: 1920 \/ 1080;\" width=\"1920\" autoplay=\"\" controls=\"\" loop=\"\" muted=\"\" src=\"https:\/\/evolve-fitness.eu\/wp-content\/uploads\/2024\/07\/5.mp4\"><\/video><\/figure>\n<\/div>\n<\/div>\n<\/div>\n<\/div>\n\n\n\n<div class=\"wp-block-columns alignwide is-layout-flex wp-container-core-columns-is-layout-c45ee707 wp-block-columns-is-layout-flex\" style=\"margin-bottom:var(--wp--preset--spacing--side-padding);padding-top:var(--wp--preset--spacing--side-padding)\">\n<div class=\"wp-block-column is-vertically-aligned-center is-layout-flow wp-block-column-is-layout-flow\">\n<figure class=\"wp-block-image size-large\"><img loading=\"lazy\" decoding=\"async\" width=\"1024\" height=\"683\" src=\"https:\/\/evolve-fitness.eu\/wp-content\/uploads\/2024\/01\/EV-PF-SP-300-51-76-1024x683.webp\" alt=\"EV-PF-SP-300\" class=\"wp-image-9784\" srcset=\"https:\/\/evolve-fitness.eu\/wp-content\/uploads\/2024\/01\/EV-PF-SP-300-51-76-1024x683.webp 1024w, https:\/\/evolve-fitness.eu\/wp-content\/uploads\/2024\/01\/EV-PF-SP-300-51-76-300x200.webp 300w, https:\/\/evolve-fitness.eu\/wp-content\/uploads\/2024\/01\/EV-PF-SP-300-51-76-225x150.webp 225w, https:\/\/evolve-fitness.eu\/wp-content\/uploads\/2024\/01\/EV-PF-SP-300-51-76-600x400.webp 600w, https:\/\/evolve-fitness.eu\/wp-content\/uploads\/2024\/01\/EV-PF-SP-300-51-76-150x100.webp 150w, https:\/\/evolve-fitness.eu\/wp-content\/uploads\/2024\/01\/EV-PF-SP-300-51-76-768x512.webp 768w, https:\/\/evolve-fitness.eu\/wp-content\/uploads\/2024\/01\/EV-PF-SP-300-51-76-1536x1024.webp 1536w, https:\/\/evolve-fitness.eu\/wp-content\/uploads\/2024\/01\/EV-PF-SP-300-51-76.webp 1920w\" sizes=\"auto, (max-width: 1024px) 100vw, 1024px\" \/><\/figure>\n<\/div>\n\n\n\n<div class=\"wp-block-column is-vertically-aligned-center is-layout-flow wp-block-column-is-layout-flow\">\n<h3 class=\"wp-block-heading\" style=\"margin-bottom:var(--wp--preset--spacing--h-3-bottom)\"><strong>trij\u0173 skirting\u0173 auk\u0161\u010di\u0173 vienoje d\u0117\u017e\u0117je privalumas<\/strong><\/h3>\n\n\n\n<p><strong><em><strong>Padidinti jo naudingum\u0105 atliekant \u012fvairius pratimus.<\/strong><\/em><\/strong><\/p>\n\n\n\n<p>\u0160is universalumas leid\u017eia naudotojams palaipsniui didinti treniruo\u010di\u0173 sud\u0117tingum\u0105, atsi\u017evelgiant \u012f skirtingus fizinio pasirengimo lygius. Jis ypa\u010d naudingas pliometrini\u0173 treniruo\u010di\u0173 metu, nes padeda didinti gali\u0105, greit\u012f ir vertikal\u0173 \u0161uol\u012f. D\u0117l \u012fvairaus auk\u0161\u010dio galimybi\u0173 jis tinka pla\u010diajai auditorijai &#8211; nuo pradedan\u010di\u0173j\u0173 iki pa\u017eengusi\u0173 sportinink\u0173.<\/p>\n<\/div>\n<\/div>\n<\/section>\n","protected":false},"excerpt":{"rendered":"<p>Pristatome &#8222;Evolve Soft Plyo Box 3-in-1&#8221;: j\u016bs\u0173 geriausias fitneso kompanionas! Trys auk\u0161\u010diai, viena d\u0117\u017e\u0117: \u0160i universali plyo d\u0117\u017e\u0117 puikiai tinka \u0161uoliams, atsispaudimams, atsispaudimams, i\u0161ky\u0161uliams, atsilenkimams ir kt. Sukurtas, kad b\u016bt\u0173 patvarus: Sukurtas komerciniam naudojimui, jis idealiai tinka nam\u0173 sporto sal\u0117ms, profesionaliems sporto centrams, karin\u0117ms baz\u0117ms, vie\u0161bu\u010diams, nakvyn\u0117s namams ir reabilitacijos centrams. Atnaujinkite savo treniruo\u010di\u0173 rutin\u0105 su &#8222;Evolve Soft Plyo Box 3-in-1&#8221; ir patobulinkite savo treniruotes jau \u0161iandien!<\/p>\n","protected":false},"featured_media":9766,"template":"","meta":{"_acf_changed":false,"inline_featured_image":false},"product_brand":[],"product_cat":[761,760],"product_tag":[],"class_list":{"0":"post-13129","1":"product","2":"type-product","3":"status-publish","4":"has-post-thumbnail","6":"product_cat-funkcine-iranga","7":"product_cat-kryzminis-ir-funkcinis","9":"first","10":"instock","11":"virtual","12":"purchasable","13":"product-type-simple"},"acf":{"long_title":"\"Evolve Soft Plyo Box 3-in-1","subtitle":"","specifications":[{"label":"SKU","text_value":"EV-PF-SP-300","icon":"x"},{"label":"3 auk\u0161\u010dio parinktys","text_value":"51 cm (20\"), 61 cm (24\"), 76 cm (30\").","icon":"x"},{"label":"Svoris","text_value":"36 kg","icon":"x"},{"label":"Didelio tankio putos","text_value":"","icon":"v"},{"label":"Didelio atsparumo ply\u0161imui PVC danga","text_value":"","icon":"v"},{"label":"Anglies i\u0161vaizda","text_value":"","icon":"v"}],"product_frequently_asked_questions":null},"yoast_head":"<!-- This site is optimized with the Yoast SEO plugin v27.4 - https:\/\/yoast.com\/product\/yoast-seo-wordpress\/ -->\n<title>&quot;Evolve Soft Plyo Box 3-in-1 - Evolve<\/title>\n<meta name=\"robots\" content=\"index, follow, max-snippet:-1, max-image-preview:large, max-video-preview:-1\" \/>\n<link rel=\"canonical\" href=\"https:\/\/evolve-fitness.eu\/lt\/produktas\/evolve-soft-plyo-box-3-in-1\/\" \/>\n<meta property=\"og:locale\" content=\"lt_LT\" \/>\n<meta property=\"og:type\" content=\"article\" \/>\n<meta property=\"og:title\" content=\"&quot;Evolve Soft Plyo Box 3-in-1 - Evolve\" \/>\n<meta property=\"og:url\" content=\"https:\/\/evolve-fitness.eu\/lt\/produktas\/evolve-soft-plyo-box-3-in-1\/\" \/>\n<meta property=\"og:site_name\" content=\"Evolve\" \/>\n<meta property=\"article:publisher\" content=\"https:\/\/www.facebook.com\/EvolveFitnessEurope\" \/>\n<meta property=\"article:modified_time\" content=\"2025-01-27T13:23:08+00:00\" \/>\n<meta property=\"og:image\" content=\"https:\/\/evolve-fitness.eu\/wp-content\/uploads\/2024\/01\/EV-PF-SP-300.webp\" \/>\n\t<meta property=\"og:image:width\" content=\"680\" \/>\n\t<meta property=\"og:image:height\" content=\"600\" \/>\n\t<meta property=\"og:image:type\" content=\"image\/webp\" \/>\n<meta name=\"twitter:card\" content=\"summary_large_image\" \/>\n<script type=\"application\/ld+json\" class=\"yoast-schema-graph\">{\"@context\":\"https:\\\/\\\/schema.org\",\"@graph\":[{\"@type\":\"WebPage\",\"@id\":\"https:\\\/\\\/evolve-fitness.eu\\\/lt\\\/produktas\\\/evolve-soft-plyo-box-3-in-1\\\/\",\"url\":\"https:\\\/\\\/evolve-fitness.eu\\\/lt\\\/produktas\\\/evolve-soft-plyo-box-3-in-1\\\/\",\"name\":\"\\\"Evolve Soft Plyo Box 3-in-1 - Evolve\",\"isPartOf\":{\"@id\":\"https:\\\/\\\/evolve-fitness.eu\\\/lt\\\/#website\"},\"primaryImageOfPage\":{\"@id\":\"https:\\\/\\\/evolve-fitness.eu\\\/lt\\\/produktas\\\/evolve-soft-plyo-box-3-in-1\\\/#primaryimage\"},\"image\":{\"@id\":\"https:\\\/\\\/evolve-fitness.eu\\\/lt\\\/produktas\\\/evolve-soft-plyo-box-3-in-1\\\/#primaryimage\"},\"thumbnailUrl\":\"https:\\\/\\\/evolve-fitness.eu\\\/wp-content\\\/uploads\\\/2024\\\/01\\\/EV-PF-SP-300.webp\",\"datePublished\":\"2023-09-15T06:41:38+00:00\",\"dateModified\":\"2025-01-27T13:23:08+00:00\",\"breadcrumb\":{\"@id\":\"https:\\\/\\\/evolve-fitness.eu\\\/lt\\\/produktas\\\/evolve-soft-plyo-box-3-in-1\\\/#breadcrumb\"},\"inLanguage\":\"lt-LT\",\"potentialAction\":[{\"@type\":\"ReadAction\",\"target\":[\"https:\\\/\\\/evolve-fitness.eu\\\/lt\\\/produktas\\\/evolve-soft-plyo-box-3-in-1\\\/\"]}]},{\"@type\":\"ImageObject\",\"inLanguage\":\"lt-LT\",\"@id\":\"https:\\\/\\\/evolve-fitness.eu\\\/lt\\\/produktas\\\/evolve-soft-plyo-box-3-in-1\\\/#primaryimage\",\"url\":\"https:\\\/\\\/evolve-fitness.eu\\\/wp-content\\\/uploads\\\/2024\\\/01\\\/EV-PF-SP-300.webp\",\"contentUrl\":\"https:\\\/\\\/evolve-fitness.eu\\\/wp-content\\\/uploads\\\/2024\\\/01\\\/EV-PF-SP-300.webp\",\"width\":680,\"height\":600,\"caption\":\"EV-PF-SP-300\"},{\"@type\":\"BreadcrumbList\",\"@id\":\"https:\\\/\\\/evolve-fitness.eu\\\/lt\\\/produktas\\\/evolve-soft-plyo-box-3-in-1\\\/#breadcrumb\",\"itemListElement\":[{\"@type\":\"ListItem\",\"position\":1,\"name\":\"Home\",\"item\":\"https:\\\/\\\/evolve-fitness.eu\\\/lt\\\/\"},{\"@type\":\"ListItem\",\"position\":2,\"name\":\"Produktai\",\"item\":\"https:\\\/\\\/evolve-fitness.eu\\\/lt\\\/shop\\\/\"},{\"@type\":\"ListItem\",\"position\":3,\"name\":\"&#8220;Evolve Soft Plyo Box 3-in-1\"}]},{\"@type\":\"WebSite\",\"@id\":\"https:\\\/\\\/evolve-fitness.eu\\\/lt\\\/#website\",\"url\":\"https:\\\/\\\/evolve-fitness.eu\\\/lt\\\/\",\"name\":\"Evolve\",\"description\":\"Your Evolved Gear Arrived\",\"publisher\":{\"@id\":\"https:\\\/\\\/evolve-fitness.eu\\\/lt\\\/#organization\"},\"potentialAction\":[{\"@type\":\"SearchAction\",\"target\":{\"@type\":\"EntryPoint\",\"urlTemplate\":\"https:\\\/\\\/evolve-fitness.eu\\\/lt\\\/?s={search_term_string}\"},\"query-input\":{\"@type\":\"PropertyValueSpecification\",\"valueRequired\":true,\"valueName\":\"search_term_string\"}}],\"inLanguage\":\"lt-LT\"},{\"@type\":\"Organization\",\"@id\":\"https:\\\/\\\/evolve-fitness.eu\\\/lt\\\/#organization\",\"name\":\"Evolve\",\"url\":\"https:\\\/\\\/evolve-fitness.eu\\\/lt\\\/\",\"logo\":{\"@type\":\"ImageObject\",\"inLanguage\":\"lt-LT\",\"@id\":\"https:\\\/\\\/evolve-fitness.eu\\\/lt\\\/#\\\/schema\\\/logo\\\/image\\\/\",\"url\":\"https:\\\/\\\/evolve-fitness.eu\\\/wp-content\\\/uploads\\\/2023\\\/05\\\/Evolve-logo.svg\",\"contentUrl\":\"https:\\\/\\\/evolve-fitness.eu\\\/wp-content\\\/uploads\\\/2023\\\/05\\\/Evolve-logo.svg\",\"width\":176,\"height\":20,\"caption\":\"Evolve\"},\"image\":{\"@id\":\"https:\\\/\\\/evolve-fitness.eu\\\/lt\\\/#\\\/schema\\\/logo\\\/image\\\/\"},\"sameAs\":[\"https:\\\/\\\/www.facebook.com\\\/EvolveFitnessEurope\"]}]}<\/script>\n<!-- \/ Yoast SEO plugin. -->","yoast_head_json":{"title":"\"Evolve Soft Plyo Box 3-in-1 - Evolve","robots":{"index":"index","follow":"follow","max-snippet":"max-snippet:-1","max-image-preview":"max-image-preview:large","max-video-preview":"max-video-preview:-1"},"canonical":"https:\/\/evolve-fitness.eu\/lt\/produktas\/evolve-soft-plyo-box-3-in-1\/","og_locale":"lt_LT","og_type":"article","og_title":"\"Evolve Soft Plyo Box 3-in-1 - Evolve","og_url":"https:\/\/evolve-fitness.eu\/lt\/produktas\/evolve-soft-plyo-box-3-in-1\/","og_site_name":"Evolve","article_publisher":"https:\/\/www.facebook.com\/EvolveFitnessEurope","article_modified_time":"2025-01-27T13:23:08+00:00","og_image":[{"width":680,"height":600,"url":"https:\/\/evolve-fitness.eu\/wp-content\/uploads\/2024\/01\/EV-PF-SP-300.webp","type":"image\/webp"}],"twitter_card":"summary_large_image","schema":{"@context":"https:\/\/schema.org","@graph":[{"@type":"WebPage","@id":"https:\/\/evolve-fitness.eu\/lt\/produktas\/evolve-soft-plyo-box-3-in-1\/","url":"https:\/\/evolve-fitness.eu\/lt\/produktas\/evolve-soft-plyo-box-3-in-1\/","name":"\"Evolve Soft Plyo Box 3-in-1 - Evolve","isPartOf":{"@id":"https:\/\/evolve-fitness.eu\/lt\/#website"},"primaryImageOfPage":{"@id":"https:\/\/evolve-fitness.eu\/lt\/produktas\/evolve-soft-plyo-box-3-in-1\/#primaryimage"},"image":{"@id":"https:\/\/evolve-fitness.eu\/lt\/produktas\/evolve-soft-plyo-box-3-in-1\/#primaryimage"},"thumbnailUrl":"https:\/\/evolve-fitness.eu\/wp-content\/uploads\/2024\/01\/EV-PF-SP-300.webp","datePublished":"2023-09-15T06:41:38+00:00","dateModified":"2025-01-27T13:23:08+00:00","breadcrumb":{"@id":"https:\/\/evolve-fitness.eu\/lt\/produktas\/evolve-soft-plyo-box-3-in-1\/#breadcrumb"},"inLanguage":"lt-LT","potentialAction":[{"@type":"ReadAction","target":["https:\/\/evolve-fitness.eu\/lt\/produktas\/evolve-soft-plyo-box-3-in-1\/"]}]},{"@type":"ImageObject","inLanguage":"lt-LT","@id":"https:\/\/evolve-fitness.eu\/lt\/produktas\/evolve-soft-plyo-box-3-in-1\/#primaryimage","url":"https:\/\/evolve-fitness.eu\/wp-content\/uploads\/2024\/01\/EV-PF-SP-300.webp","contentUrl":"https:\/\/evolve-fitness.eu\/wp-content\/uploads\/2024\/01\/EV-PF-SP-300.webp","width":680,"height":600,"caption":"EV-PF-SP-300"},{"@type":"BreadcrumbList","@id":"https:\/\/evolve-fitness.eu\/lt\/produktas\/evolve-soft-plyo-box-3-in-1\/#breadcrumb","itemListElement":[{"@type":"ListItem","position":1,"name":"Home","item":"https:\/\/evolve-fitness.eu\/lt\/"},{"@type":"ListItem","position":2,"name":"Produktai","item":"https:\/\/evolve-fitness.eu\/lt\/shop\/"},{"@type":"ListItem","position":3,"name":"&#8220;Evolve Soft Plyo Box 3-in-1"}]},{"@type":"WebSite","@id":"https:\/\/evolve-fitness.eu\/lt\/#website","url":"https:\/\/evolve-fitness.eu\/lt\/","name":"Evolve","description":"Your Evolved Gear Arrived","publisher":{"@id":"https:\/\/evolve-fitness.eu\/lt\/#organization"},"potentialAction":[{"@type":"SearchAction","target":{"@type":"EntryPoint","urlTemplate":"https:\/\/evolve-fitness.eu\/lt\/?s={search_term_string}"},"query-input":{"@type":"PropertyValueSpecification","valueRequired":true,"valueName":"search_term_string"}}],"inLanguage":"lt-LT"},{"@type":"Organization","@id":"https:\/\/evolve-fitness.eu\/lt\/#organization","name":"Evolve","url":"https:\/\/evolve-fitness.eu\/lt\/","logo":{"@type":"ImageObject","inLanguage":"lt-LT","@id":"https:\/\/evolve-fitness.eu\/lt\/#\/schema\/logo\/image\/","url":"https:\/\/evolve-fitness.eu\/wp-content\/uploads\/2023\/05\/Evolve-logo.svg","contentUrl":"https:\/\/evolve-fitness.eu\/wp-content\/uploads\/2023\/05\/Evolve-logo.svg","width":176,"height":20,"caption":"Evolve"},"image":{"@id":"https:\/\/evolve-fitness.eu\/lt\/#\/schema\/logo\/image\/"},"sameAs":["https:\/\/www.facebook.com\/EvolveFitnessEurope"]}]}},"_links":{"self":[{"href":"https:\/\/evolve-fitness.eu\/lt\/wp-json\/wp\/v2\/product\/13129","targetHints":{"allow":["GET"]}}],"collection":[{"href":"https:\/\/evolve-fitness.eu\/lt\/wp-json\/wp\/v2\/product"}],"about":[{"href":"https:\/\/evolve-fitness.eu\/lt\/wp-json\/wp\/v2\/types\/product"}],"wp:featuredmedia":[{"embeddable":true,"href":"https:\/\/evolve-fitness.eu\/lt\/wp-json\/wp\/v2\/media\/9766"}],"wp:attachment":[{"href":"https:\/\/evolve-fitness.eu\/lt\/wp-json\/wp\/v2\/media?parent=13129"}],"wp:term":[{"taxonomy":"product_brand","embeddable":true,"href":"https:\/\/evolve-fitness.eu\/lt\/wp-json\/wp\/v2\/product_brand?post=13129"},{"taxonomy":"product_cat","embeddable":true,"href":"https:\/\/evolve-fitness.eu\/lt\/wp-json\/wp\/v2\/product_cat?post=13129"},{"taxonomy":"product_tag","embeddable":true,"href":"https:\/\/evolve-fitness.eu\/lt\/wp-json\/wp\/v2\/product_tag?post=13129"}],"curies":[{"name":"wp","href":"https:\/\/api.w.org\/{rel}","templated":true}]}}