{"id":13410,"date":"2024-01-30T09:02:16","date_gmt":"2024-01-30T09:02:16","guid":{"rendered":"https:\/\/evolve-fitness.eu\/product\/evolve-econ-serijos-reguliuojamas-suolas\/"},"modified":"2026-04-07T13:37:30","modified_gmt":"2026-04-07T10:37:30","slug":"evolve-econ-serijos-reguliuojamas-suolas","status":"publish","type":"product","link":"https:\/\/evolve-fitness.eu\/lt\/produktas\/evolve-econ-serijos-reguliuojamas-suolas\/","title":{"rendered":"&#8222;Evolve Econ&#8221; serijos reguliuojamas suolas (EC-100)"},"content":{"rendered":"\n<section class=\"wp-block-group alignfull has-lightgray-background-color has-background is-layout-constrained wp-block-group-is-layout-constrained\">\n<div class=\"wp-block-columns alignwide is-layout-flex wp-container-core-columns-is-layout-2edb0647 wp-block-columns-is-layout-flex\" style=\"margin-top:0;margin-bottom:0\">\n<div class=\"wp-block-column is-layout-flow wp-block-column-is-layout-flow\" style=\"flex-basis:33.33%\"><\/div>\n\n\n\n<div class=\"wp-block-column is-layout-flow wp-block-column-is-layout-flow\" style=\"flex-basis:66.66%\"><\/div>\n<\/div>\n<\/section>\n\n<section class=\"wp-block-group alignfull black-content has-white-color has-darkgray-background-color has-text-color has-background is-layout-constrained wp-block-group-is-layout-constrained\" style=\"padding-top:var(--wp--preset--spacing--section-bottom);padding-bottom:var(--wp--preset--spacing--section-bottom)\">\n<div class=\"wp-block-columns alignwide mobile-reverse is-layout-flex wp-container-core-columns-is-layout-ca64bf2d wp-block-columns-is-layout-flex\" style=\"margin-bottom:var(--wp--preset--spacing--side-padding)\">\n<div class=\"wp-block-column is-vertically-aligned-center is-layout-flow wp-block-column-is-layout-flow\">\n<h3 class=\"wp-block-heading\" style=\"margin-bottom:var(--wp--preset--spacing--h-3-bottom)\">Reguliuojami nustatymai<\/h3>\n\n\n\n<p><strong><em><strong>Lankstumas kiekvienai treniruotei<\/strong><\/em><\/strong><\/p>\n\n\n\n<p style=\"margin-bottom:var(--wp--preset--spacing--tb-section-padding)\">\u0160iame suole yra kelios atlo\u0161o ir s\u0117dyn\u0117s pad\u0117tys, tod\u0117l j\u012f galima pritaikyti \u012fvairiems pratimams ir efektyviai treniruoti konkre\u010dias raumen\u0173 grupes.<\/p>\n<\/div>\n\n\n\n<div class=\"wp-block-column is-vertically-aligned-center is-layout-flow wp-block-column-is-layout-flow\">\n<figure class=\"wp-block-video\"><video height=\"1080\" style=\"aspect-ratio: 1920 \/ 1080;\" width=\"1920\" autoplay=\"\" controls=\"\" loop=\"\" muted=\"\" src=\"https:\/\/evolve-fitness.eu\/wp-content\/uploads\/2024\/01\/Evolve-Econ-Series-Adjustable-Bench-EC-100-V1.mp4\"><\/video><\/figure>\n<\/div>\n<\/div>\n\n\n\n<div class=\"wp-block-columns alignwide is-layout-flex wp-container-core-columns-is-layout-c45ee707 wp-block-columns-is-layout-flex\" style=\"margin-bottom:var(--wp--preset--spacing--side-padding);padding-top:var(--wp--preset--spacing--side-padding)\">\n<div class=\"wp-block-column is-vertically-aligned-center is-layout-flow wp-block-column-is-layout-flow\">\n<figure class=\"wp-block-image size-large\"><img loading=\"lazy\" decoding=\"async\" width=\"1024\" height=\"683\" src=\"https:\/\/evolve-fitness.eu\/wp-content\/uploads\/2024\/01\/EV-BN-EC-100-Evolve-Econ-Series-Adjustable-Bench-27-1024x683.jpg\" alt=\"\" class=\"wp-image-128203\" srcset=\"https:\/\/evolve-fitness.eu\/wp-content\/uploads\/2024\/01\/EV-BN-EC-100-Evolve-Econ-Series-Adjustable-Bench-27-1024x683.jpg 1024w, https:\/\/evolve-fitness.eu\/wp-content\/uploads\/2024\/01\/EV-BN-EC-100-Evolve-Econ-Series-Adjustable-Bench-27-300x200.jpg 300w, https:\/\/evolve-fitness.eu\/wp-content\/uploads\/2024\/01\/EV-BN-EC-100-Evolve-Econ-Series-Adjustable-Bench-27-225x150.jpg 225w, https:\/\/evolve-fitness.eu\/wp-content\/uploads\/2024\/01\/EV-BN-EC-100-Evolve-Econ-Series-Adjustable-Bench-27-600x400.jpg 600w, https:\/\/evolve-fitness.eu\/wp-content\/uploads\/2024\/01\/EV-BN-EC-100-Evolve-Econ-Series-Adjustable-Bench-27-150x100.jpg 150w, https:\/\/evolve-fitness.eu\/wp-content\/uploads\/2024\/01\/EV-BN-EC-100-Evolve-Econ-Series-Adjustable-Bench-27-768x512.jpg 768w, https:\/\/evolve-fitness.eu\/wp-content\/uploads\/2024\/01\/EV-BN-EC-100-Evolve-Econ-Series-Adjustable-Bench-27-1536x1024.jpg 1536w, https:\/\/evolve-fitness.eu\/wp-content\/uploads\/2024\/01\/EV-BN-EC-100-Evolve-Econ-Series-Adjustable-Bench-27-2048x1365.jpg 2048w\" sizes=\"auto, (max-width: 1024px) 100vw, 1024px\" \/><\/figure>\n<\/div>\n\n\n\n<div class=\"wp-block-column is-vertically-aligned-center is-layout-flow wp-block-column-is-layout-flow\">\n<h3 class=\"wp-block-heading\" style=\"margin-bottom:var(--wp--preset--spacing--h-3-bottom)\"><strong>Patvari sistema<\/strong><\/h3>\n\n\n\n<p><strong><em> <strong>Stabilumas atitinka tvirtum\u0105<\/strong><\/em><\/strong><\/p>\n\n\n\n<p>Pagamintas i\u0161 tvirt\u0173 med\u017eiag\u0173, jis u\u017etikrina ilgalaik\u012f patvarum\u0105 ir stabilum\u0105, padeda naudotojams atlikti intensyvias ir \u012fvairias treniruotes.<\/p>\n<\/div>\n<\/div>\n\n\n\n<div class=\"wp-block-columns alignwide is-layout-flex wp-container-core-columns-is-layout-c45ee707 wp-block-columns-is-layout-flex\" style=\"margin-bottom:var(--wp--preset--spacing--side-padding);padding-top:var(--wp--preset--spacing--side-padding)\">\n<div class=\"wp-block-column is-vertically-aligned-center is-layout-flow wp-block-column-is-layout-flow\">\n<h3 class=\"wp-block-heading\" style=\"margin-bottom:var(--wp--preset--spacing--h-3-bottom)\"><strong>Padidintas komfortas<\/strong><\/h3>\n\n\n\n<p><strong><em>Ergonomi\u0161kas dizainas optimaliam palaikymui<\/em><\/strong><\/p>\n\n\n\n<p style=\"margin-bottom:var(--wp--preset--spacing--tb-section-padding)\">&#8222;Evolve Econ&#8221; serijos reguliuojamas suoliukas yra universali treniruokli\u0173 \u012franga, skirta \u012fvairiems pratimams atlikti, tinkama tiek nam\u0173, tiek komercin\u0117ms sporto sal\u0117ms. J\u012f galima reguliuoti, kad b\u016bt\u0173 galima atlikti pratimus su pasvirusiu, \u017eem\u0117jan\u010diu ir plok\u0161\u010diu suolu, tod\u0117l jis puikiai tinka viso k\u016bno treniruot\u0117ms. J\u012f galima naudoti j\u0117gos treniruot\u0117ms, treniruojant kr\u016btin\u0117s, pe\u010di\u0173, nugaros ir \u0161erdies raumenis, atliekant \u012fvairias treniruotes &#8211; nuo suolelio spaudimo iki pratim\u0173 su hanteliais, stiprinant tiek vir\u0161utin\u0117s, tiek apatin\u0117s k\u016bno dalies j\u0117g\u0105.<\/p>\n<\/div>\n\n\n\n<div class=\"wp-block-column is-vertically-aligned-center is-layout-flow wp-block-column-is-layout-flow\">\n<figure class=\"wp-block-image size-large\"><img loading=\"lazy\" decoding=\"async\" width=\"1024\" height=\"683\" src=\"https:\/\/evolve-fitness.eu\/wp-content\/uploads\/2024\/01\/EV-BN-EC-100-Evolve-Econ-Series-Adjustable-Bench-26-1-1024x683.jpg\" alt=\"EV-BN-EC-100\" class=\"wp-image-128229\" srcset=\"https:\/\/evolve-fitness.eu\/wp-content\/uploads\/2024\/01\/EV-BN-EC-100-Evolve-Econ-Series-Adjustable-Bench-26-1-1024x683.jpg 1024w, https:\/\/evolve-fitness.eu\/wp-content\/uploads\/2024\/01\/EV-BN-EC-100-Evolve-Econ-Series-Adjustable-Bench-26-1-300x200.jpg 300w, https:\/\/evolve-fitness.eu\/wp-content\/uploads\/2024\/01\/EV-BN-EC-100-Evolve-Econ-Series-Adjustable-Bench-26-1-225x150.jpg 225w, https:\/\/evolve-fitness.eu\/wp-content\/uploads\/2024\/01\/EV-BN-EC-100-Evolve-Econ-Series-Adjustable-Bench-26-1-600x400.jpg 600w, https:\/\/evolve-fitness.eu\/wp-content\/uploads\/2024\/01\/EV-BN-EC-100-Evolve-Econ-Series-Adjustable-Bench-26-1-150x100.jpg 150w, https:\/\/evolve-fitness.eu\/wp-content\/uploads\/2024\/01\/EV-BN-EC-100-Evolve-Econ-Series-Adjustable-Bench-26-1-768x512.jpg 768w, https:\/\/evolve-fitness.eu\/wp-content\/uploads\/2024\/01\/EV-BN-EC-100-Evolve-Econ-Series-Adjustable-Bench-26-1-1536x1024.jpg 1536w, https:\/\/evolve-fitness.eu\/wp-content\/uploads\/2024\/01\/EV-BN-EC-100-Evolve-Econ-Series-Adjustable-Bench-26-1-2048x1365.jpg 2048w\" sizes=\"auto, (max-width: 1024px) 100vw, 1024px\" \/><\/figure>\n<\/div>\n<\/div>\n\n\n\n<div class=\"wp-block-columns alignwide is-layout-flex wp-container-core-columns-is-layout-c45ee707 wp-block-columns-is-layout-flex\" style=\"margin-bottom:var(--wp--preset--spacing--side-padding);padding-top:var(--wp--preset--spacing--side-padding)\">\n<div class=\"wp-block-column is-vertically-aligned-center is-layout-flow wp-block-column-is-layout-flow\">\n<figure class=\"wp-block-image size-large\"><img loading=\"lazy\" decoding=\"async\" width=\"1024\" height=\"683\" src=\"https:\/\/evolve-fitness.eu\/wp-content\/uploads\/2024\/01\/EV-BN-EC-100-Evolve-Econ-Series-Adjustable-Bench-22-1024x683.jpg\" alt=\"EV-BN-EC-100\" class=\"wp-image-128254\" srcset=\"https:\/\/evolve-fitness.eu\/wp-content\/uploads\/2024\/01\/EV-BN-EC-100-Evolve-Econ-Series-Adjustable-Bench-22-1024x683.jpg 1024w, https:\/\/evolve-fitness.eu\/wp-content\/uploads\/2024\/01\/EV-BN-EC-100-Evolve-Econ-Series-Adjustable-Bench-22-300x200.jpg 300w, https:\/\/evolve-fitness.eu\/wp-content\/uploads\/2024\/01\/EV-BN-EC-100-Evolve-Econ-Series-Adjustable-Bench-22-225x150.jpg 225w, https:\/\/evolve-fitness.eu\/wp-content\/uploads\/2024\/01\/EV-BN-EC-100-Evolve-Econ-Series-Adjustable-Bench-22-600x400.jpg 600w, https:\/\/evolve-fitness.eu\/wp-content\/uploads\/2024\/01\/EV-BN-EC-100-Evolve-Econ-Series-Adjustable-Bench-22-150x100.jpg 150w, https:\/\/evolve-fitness.eu\/wp-content\/uploads\/2024\/01\/EV-BN-EC-100-Evolve-Econ-Series-Adjustable-Bench-22-768x512.jpg 768w, https:\/\/evolve-fitness.eu\/wp-content\/uploads\/2024\/01\/EV-BN-EC-100-Evolve-Econ-Series-Adjustable-Bench-22-1536x1024.jpg 1536w, https:\/\/evolve-fitness.eu\/wp-content\/uploads\/2024\/01\/EV-BN-EC-100-Evolve-Econ-Series-Adjustable-Bench-22-2048x1365.jpg 2048w\" sizes=\"auto, (max-width: 1024px) 100vw, 1024px\" \/><\/figure>\n<\/div>\n\n\n\n<div class=\"wp-block-column is-vertically-aligned-center is-layout-flow wp-block-column-is-layout-flow\">\n<h3 class=\"wp-block-heading\" style=\"margin-bottom:var(--wp--preset--spacing--h-3-bottom)\"><strong><strong><strong><strong>Lengva prie\u017ei\u016bra<\/strong><\/strong><\/strong><\/strong><\/h3>\n\n\n\n<p><strong><em><strong><strong>Paprastumas ir lengvumas<\/strong><\/strong><\/em><\/strong><\/p>\n\n\n\n<p>&#8222;Evolve Econ&#8221; serijos reguliuojamame suole yra reguliavimo ratuko mechanizmas, skirtas skland\u017eiai ir lengvai keisti kampus ir pad\u0117tis. Tai leid\u017eia naudotojams greitai perjungti plok\u0161\u010di\u0105, pasvirus\u012f ar nuolyd\u012f, kad b\u016bt\u0173 galima atlikti \u012fvairius pratimus ir veiksmingai bei efektyviai veikti \u012fvairias raumen\u0173 grupes. Suoliuko med\u017eiagos ir konstrukcija palengvina valym\u0105 ir nereikalauja daug prie\u017ei\u016bros, tod\u0117l ilgainiui jis i\u0161lieka puikios b\u016bkl\u0117s.<\/p>\n<\/div>\n<\/div>\n\n\n\n<div class=\"wp-block-columns alignwide is-layout-flex wp-container-core-columns-is-layout-c45ee707 wp-block-columns-is-layout-flex\" style=\"margin-bottom:var(--wp--preset--spacing--side-padding);padding-top:var(--wp--preset--spacing--side-padding)\">\n<div class=\"wp-block-column is-vertically-aligned-center is-layout-flow wp-block-column-is-layout-flow\">\n<h3 class=\"wp-block-heading\" style=\"margin-bottom:var(--wp--preset--spacing--h-3-bottom)\"><strong><strong><strong><strong>Erdv\u0119 taupanti funkcija<\/strong><\/strong><\/strong><\/strong><\/h3>\n\n\n\n<p><strong><em><strong>Idealiai tinka ribotoms erdv\u0117ms<\/strong><\/em><\/strong><\/p>\n\n\n\n<p>&#8222;Evolve Econ&#8221; serijos reguliuojamas suolas turi transportavimo ratukus, tod\u0117l j\u012f galima lengviau ir patogiau perkelti. \u0160ie ratukai palengvina suoliuko jud\u0117jim\u0105 treniruo\u010di\u0173 erdv\u0117je, tod\u0117l prireikus suoliuk\u0105 galima lengvai perstatyti ar laikyti, nereikalaujant sunki\u0173 krovini\u0173 k\u0117limo ar dideli\u0173 fizini\u0173 pastang\u0173. \u0160i funkcija ypa\u010d naudinga \u012fvairios paskirties patalpose arba nam\u0173 sporto sal\u0117se, kur \u012frang\u0105 reikia da\u017enai perkelti, kad b\u016bt\u0173 galima u\u017esiimti kita veikla arba atlaisvinti erdv\u0119. Jo konstrukcija leid\u017eia lengvai reguliuoti ir laikyti, tod\u0117l jis puikiai tinka nam\u0173 sporto sal\u0117ms arba patalpoms, kuriose svarbiausia &#8211; efektyvumas.<\/p>\n<\/div>\n\n\n\n<div class=\"wp-block-column is-vertically-aligned-center is-layout-flow wp-block-column-is-layout-flow\">\n<figure class=\"wp-block-video\"><video height=\"1080\" style=\"aspect-ratio: 1920 \/ 1080;\" width=\"1920\" autoplay=\"\" controls=\"\" loop=\"\" muted=\"\" src=\"https:\/\/evolve-fitness.eu\/wp-content\/uploads\/2024\/01\/Evolve-Econ-Series-Adjustable-Bench-EC-100-V3.mp4\"><\/video><\/figure>\n<\/div>\n<\/div>\n<\/section>\n","protected":false},"excerpt":{"rendered":"<p>&#8222;Evolve Econ&#8221; serijos reguliuojamas suoliukas EC-100 yra universalus ir patvarus, jame galima keisti treniruo\u010di\u0173 polinkio ir nuolyd\u017eio nustatymus, kad treniruot\u0117s b\u016bt\u0173 \u012fvairesn\u0117s. Tvirta konstrukcija u\u017etikrina stabilum\u0105 atliekant intensyvius pratimus, o reguliuojamos funkcijos leid\u017eia tikslingai \u012ftraukti raumenis. \u0160is suoliukas idealiai tinka naudoti tiek namuose, tiek komerciniais tikslais &#8211; tai vertingas priedas prie bet kokios treniruo\u010di\u0173 rutinos, skirtas vis\u0173 lygi\u0173 sportininkams, siekiantiems maksimaliai padidinti treniruo\u010di\u0173 efektyvum\u0105.<\/p>\n","protected":false},"featured_media":128192,"template":"","meta":{"_acf_changed":false,"inline_featured_image":false},"product_brand":[],"product_cat":[775,774],"product_tag":[],"class_list":{"0":"post-13410","1":"product","2":"type-product","3":"status-publish","4":"has-post-thumbnail","6":"product_cat-econ-series-suoliukai","7":"product_cat-suoliukai","9":"first","10":"instock","11":"shipping-taxable","12":"purchasable","13":"product-type-simple"},"acf":{"long_title":"\"Evolve Econ\" serijos reguliuojamas suolas (EC-100)","subtitle":"","specifications":[{"label":"SKU","text_value":"EV-BN-EC-100","icon":"x"},{"label":"Ilgis","text_value":"1350 mm","icon":"x"},{"label":"Plotis","text_value":"650 mm","icon":"x"},{"label":"Maksimalus naudotojo svoris","text_value":"180 kg","icon":"x"},{"label":"Auk\u0161tis","text_value":"440 mm","icon":"x"},{"label":"Svoris","text_value":"50 kg","icon":"x"},{"label":"Maksimali apkrova","text_value":"300 kg","icon":"x"},{"label":"S\u0117dyn\u0117s atrama","text_value":"0\u00b0, 15\u00b0, 30\u00b0","icon":"x"},{"label":"Nugaros atrama","text_value":"15\u00b0, 30\u00b0, 40\u00b0, 60\u00b0, 75\u00b0, 85\u00b0  ","icon":"x"},{"label":"Nuo\u017eulnumas","text_value":"","icon":"v"},{"label":"Suma\u017e\u0117jimas","text_value":"","icon":"v"},{"label":"Storas apmu\u0161alas","text_value":"","icon":"v"},{"label":"Garantija","text_value":"2 metai","icon":"x"}]},"yoast_head":"<!-- This site is optimized with the Yoast SEO plugin v27.4 - https:\/\/yoast.com\/product\/yoast-seo-wordpress\/ -->\n<title>&quot;Evolve Econ&quot; serijos reguliuojamas suolas (EC-100) - Evolve<\/title>\n<meta name=\"robots\" content=\"index, follow, max-snippet:-1, max-image-preview:large, max-video-preview:-1\" \/>\n<link rel=\"canonical\" href=\"https:\/\/evolve-fitness.eu\/lt\/produktas\/evolve-econ-serijos-reguliuojamas-suolas\/\" \/>\n<meta property=\"og:locale\" content=\"lt_LT\" \/>\n<meta property=\"og:type\" content=\"article\" \/>\n<meta property=\"og:title\" content=\"&quot;Evolve Econ&quot; serijos reguliuojamas suolas (EC-100) - Evolve\" \/>\n<meta property=\"og:url\" content=\"https:\/\/evolve-fitness.eu\/lt\/produktas\/evolve-econ-serijos-reguliuojamas-suolas\/\" \/>\n<meta property=\"og:site_name\" content=\"Evolve\" \/>\n<meta property=\"article:publisher\" content=\"https:\/\/www.facebook.com\/EvolveFitnessEurope\" \/>\n<meta property=\"article:modified_time\" content=\"2026-04-07T10:37:30+00:00\" \/>\n<meta property=\"og:image\" content=\"https:\/\/evolve-fitness.eu\/wp-content\/uploads\/2024\/01\/EV-BN-EC-100-Evolve-Econ-Series-Adjustable-Bench-2.png\" \/>\n\t<meta property=\"og:image:width\" content=\"680\" \/>\n\t<meta property=\"og:image:height\" content=\"600\" \/>\n\t<meta property=\"og:image:type\" content=\"image\/png\" \/>\n<meta name=\"twitter:card\" content=\"summary_large_image\" \/>\n<script type=\"application\/ld+json\" class=\"yoast-schema-graph\">{\"@context\":\"https:\\\/\\\/schema.org\",\"@graph\":[{\"@type\":\"WebPage\",\"@id\":\"https:\\\/\\\/evolve-fitness.eu\\\/lt\\\/produktas\\\/evolve-econ-serijos-reguliuojamas-suolas\\\/\",\"url\":\"https:\\\/\\\/evolve-fitness.eu\\\/lt\\\/produktas\\\/evolve-econ-serijos-reguliuojamas-suolas\\\/\",\"name\":\"\\\"Evolve Econ\\\" serijos reguliuojamas suolas (EC-100) - Evolve\",\"isPartOf\":{\"@id\":\"https:\\\/\\\/evolve-fitness.eu\\\/lt\\\/#website\"},\"primaryImageOfPage\":{\"@id\":\"https:\\\/\\\/evolve-fitness.eu\\\/lt\\\/produktas\\\/evolve-econ-serijos-reguliuojamas-suolas\\\/#primaryimage\"},\"image\":{\"@id\":\"https:\\\/\\\/evolve-fitness.eu\\\/lt\\\/produktas\\\/evolve-econ-serijos-reguliuojamas-suolas\\\/#primaryimage\"},\"thumbnailUrl\":\"https:\\\/\\\/evolve-fitness.eu\\\/wp-content\\\/uploads\\\/2024\\\/01\\\/EV-BN-EC-100-Evolve-Econ-Series-Adjustable-Bench-2.png\",\"datePublished\":\"2024-01-30T09:02:16+00:00\",\"dateModified\":\"2026-04-07T10:37:30+00:00\",\"breadcrumb\":{\"@id\":\"https:\\\/\\\/evolve-fitness.eu\\\/lt\\\/produktas\\\/evolve-econ-serijos-reguliuojamas-suolas\\\/#breadcrumb\"},\"inLanguage\":\"lt-LT\",\"potentialAction\":[{\"@type\":\"ReadAction\",\"target\":[\"https:\\\/\\\/evolve-fitness.eu\\\/lt\\\/produktas\\\/evolve-econ-serijos-reguliuojamas-suolas\\\/\"]}]},{\"@type\":\"ImageObject\",\"inLanguage\":\"lt-LT\",\"@id\":\"https:\\\/\\\/evolve-fitness.eu\\\/lt\\\/produktas\\\/evolve-econ-serijos-reguliuojamas-suolas\\\/#primaryimage\",\"url\":\"https:\\\/\\\/evolve-fitness.eu\\\/wp-content\\\/uploads\\\/2024\\\/01\\\/EV-BN-EC-100-Evolve-Econ-Series-Adjustable-Bench-2.png\",\"contentUrl\":\"https:\\\/\\\/evolve-fitness.eu\\\/wp-content\\\/uploads\\\/2024\\\/01\\\/EV-BN-EC-100-Evolve-Econ-Series-Adjustable-Bench-2.png\",\"width\":680,\"height\":600,\"caption\":\"EV-BN-EC-100\"},{\"@type\":\"BreadcrumbList\",\"@id\":\"https:\\\/\\\/evolve-fitness.eu\\\/lt\\\/produktas\\\/evolve-econ-serijos-reguliuojamas-suolas\\\/#breadcrumb\",\"itemListElement\":[{\"@type\":\"ListItem\",\"position\":1,\"name\":\"Home\",\"item\":\"https:\\\/\\\/evolve-fitness.eu\\\/lt\\\/\"},{\"@type\":\"ListItem\",\"position\":2,\"name\":\"Produktai\",\"item\":\"https:\\\/\\\/evolve-fitness.eu\\\/lt\\\/shop\\\/\"},{\"@type\":\"ListItem\",\"position\":3,\"name\":\"&#8220;Evolve Econ&#8221; serijos reguliuojamas suolas (EC-100)\"}]},{\"@type\":\"WebSite\",\"@id\":\"https:\\\/\\\/evolve-fitness.eu\\\/lt\\\/#website\",\"url\":\"https:\\\/\\\/evolve-fitness.eu\\\/lt\\\/\",\"name\":\"Evolve\",\"description\":\"Your Evolved Gear Arrived\",\"publisher\":{\"@id\":\"https:\\\/\\\/evolve-fitness.eu\\\/lt\\\/#organization\"},\"potentialAction\":[{\"@type\":\"SearchAction\",\"target\":{\"@type\":\"EntryPoint\",\"urlTemplate\":\"https:\\\/\\\/evolve-fitness.eu\\\/lt\\\/?s={search_term_string}\"},\"query-input\":{\"@type\":\"PropertyValueSpecification\",\"valueRequired\":true,\"valueName\":\"search_term_string\"}}],\"inLanguage\":\"lt-LT\"},{\"@type\":\"Organization\",\"@id\":\"https:\\\/\\\/evolve-fitness.eu\\\/lt\\\/#organization\",\"name\":\"Evolve\",\"url\":\"https:\\\/\\\/evolve-fitness.eu\\\/lt\\\/\",\"logo\":{\"@type\":\"ImageObject\",\"inLanguage\":\"lt-LT\",\"@id\":\"https:\\\/\\\/evolve-fitness.eu\\\/lt\\\/#\\\/schema\\\/logo\\\/image\\\/\",\"url\":\"https:\\\/\\\/evolve-fitness.eu\\\/wp-content\\\/uploads\\\/2023\\\/05\\\/Evolve-logo.svg\",\"contentUrl\":\"https:\\\/\\\/evolve-fitness.eu\\\/wp-content\\\/uploads\\\/2023\\\/05\\\/Evolve-logo.svg\",\"width\":176,\"height\":20,\"caption\":\"Evolve\"},\"image\":{\"@id\":\"https:\\\/\\\/evolve-fitness.eu\\\/lt\\\/#\\\/schema\\\/logo\\\/image\\\/\"},\"sameAs\":[\"https:\\\/\\\/www.facebook.com\\\/EvolveFitnessEurope\"]}]}<\/script>\n<!-- \/ Yoast SEO plugin. -->","yoast_head_json":{"title":"\"Evolve Econ\" serijos reguliuojamas suolas (EC-100) - Evolve","robots":{"index":"index","follow":"follow","max-snippet":"max-snippet:-1","max-image-preview":"max-image-preview:large","max-video-preview":"max-video-preview:-1"},"canonical":"https:\/\/evolve-fitness.eu\/lt\/produktas\/evolve-econ-serijos-reguliuojamas-suolas\/","og_locale":"lt_LT","og_type":"article","og_title":"\"Evolve Econ\" serijos reguliuojamas suolas (EC-100) - Evolve","og_url":"https:\/\/evolve-fitness.eu\/lt\/produktas\/evolve-econ-serijos-reguliuojamas-suolas\/","og_site_name":"Evolve","article_publisher":"https:\/\/www.facebook.com\/EvolveFitnessEurope","article_modified_time":"2026-04-07T10:37:30+00:00","og_image":[{"width":680,"height":600,"url":"https:\/\/evolve-fitness.eu\/wp-content\/uploads\/2024\/01\/EV-BN-EC-100-Evolve-Econ-Series-Adjustable-Bench-2.png","type":"image\/png"}],"twitter_card":"summary_large_image","schema":{"@context":"https:\/\/schema.org","@graph":[{"@type":"WebPage","@id":"https:\/\/evolve-fitness.eu\/lt\/produktas\/evolve-econ-serijos-reguliuojamas-suolas\/","url":"https:\/\/evolve-fitness.eu\/lt\/produktas\/evolve-econ-serijos-reguliuojamas-suolas\/","name":"\"Evolve Econ\" serijos reguliuojamas suolas (EC-100) - Evolve","isPartOf":{"@id":"https:\/\/evolve-fitness.eu\/lt\/#website"},"primaryImageOfPage":{"@id":"https:\/\/evolve-fitness.eu\/lt\/produktas\/evolve-econ-serijos-reguliuojamas-suolas\/#primaryimage"},"image":{"@id":"https:\/\/evolve-fitness.eu\/lt\/produktas\/evolve-econ-serijos-reguliuojamas-suolas\/#primaryimage"},"thumbnailUrl":"https:\/\/evolve-fitness.eu\/wp-content\/uploads\/2024\/01\/EV-BN-EC-100-Evolve-Econ-Series-Adjustable-Bench-2.png","datePublished":"2024-01-30T09:02:16+00:00","dateModified":"2026-04-07T10:37:30+00:00","breadcrumb":{"@id":"https:\/\/evolve-fitness.eu\/lt\/produktas\/evolve-econ-serijos-reguliuojamas-suolas\/#breadcrumb"},"inLanguage":"lt-LT","potentialAction":[{"@type":"ReadAction","target":["https:\/\/evolve-fitness.eu\/lt\/produktas\/evolve-econ-serijos-reguliuojamas-suolas\/"]}]},{"@type":"ImageObject","inLanguage":"lt-LT","@id":"https:\/\/evolve-fitness.eu\/lt\/produktas\/evolve-econ-serijos-reguliuojamas-suolas\/#primaryimage","url":"https:\/\/evolve-fitness.eu\/wp-content\/uploads\/2024\/01\/EV-BN-EC-100-Evolve-Econ-Series-Adjustable-Bench-2.png","contentUrl":"https:\/\/evolve-fitness.eu\/wp-content\/uploads\/2024\/01\/EV-BN-EC-100-Evolve-Econ-Series-Adjustable-Bench-2.png","width":680,"height":600,"caption":"EV-BN-EC-100"},{"@type":"BreadcrumbList","@id":"https:\/\/evolve-fitness.eu\/lt\/produktas\/evolve-econ-serijos-reguliuojamas-suolas\/#breadcrumb","itemListElement":[{"@type":"ListItem","position":1,"name":"Home","item":"https:\/\/evolve-fitness.eu\/lt\/"},{"@type":"ListItem","position":2,"name":"Produktai","item":"https:\/\/evolve-fitness.eu\/lt\/shop\/"},{"@type":"ListItem","position":3,"name":"&#8220;Evolve Econ&#8221; serijos reguliuojamas suolas (EC-100)"}]},{"@type":"WebSite","@id":"https:\/\/evolve-fitness.eu\/lt\/#website","url":"https:\/\/evolve-fitness.eu\/lt\/","name":"Evolve","description":"Your Evolved Gear Arrived","publisher":{"@id":"https:\/\/evolve-fitness.eu\/lt\/#organization"},"potentialAction":[{"@type":"SearchAction","target":{"@type":"EntryPoint","urlTemplate":"https:\/\/evolve-fitness.eu\/lt\/?s={search_term_string}"},"query-input":{"@type":"PropertyValueSpecification","valueRequired":true,"valueName":"search_term_string"}}],"inLanguage":"lt-LT"},{"@type":"Organization","@id":"https:\/\/evolve-fitness.eu\/lt\/#organization","name":"Evolve","url":"https:\/\/evolve-fitness.eu\/lt\/","logo":{"@type":"ImageObject","inLanguage":"lt-LT","@id":"https:\/\/evolve-fitness.eu\/lt\/#\/schema\/logo\/image\/","url":"https:\/\/evolve-fitness.eu\/wp-content\/uploads\/2023\/05\/Evolve-logo.svg","contentUrl":"https:\/\/evolve-fitness.eu\/wp-content\/uploads\/2023\/05\/Evolve-logo.svg","width":176,"height":20,"caption":"Evolve"},"image":{"@id":"https:\/\/evolve-fitness.eu\/lt\/#\/schema\/logo\/image\/"},"sameAs":["https:\/\/www.facebook.com\/EvolveFitnessEurope"]}]}},"_links":{"self":[{"href":"https:\/\/evolve-fitness.eu\/lt\/wp-json\/wp\/v2\/product\/13410","targetHints":{"allow":["GET"]}}],"collection":[{"href":"https:\/\/evolve-fitness.eu\/lt\/wp-json\/wp\/v2\/product"}],"about":[{"href":"https:\/\/evolve-fitness.eu\/lt\/wp-json\/wp\/v2\/types\/product"}],"wp:featuredmedia":[{"embeddable":true,"href":"https:\/\/evolve-fitness.eu\/lt\/wp-json\/wp\/v2\/media\/128192"}],"wp:attachment":[{"href":"https:\/\/evolve-fitness.eu\/lt\/wp-json\/wp\/v2\/media?parent=13410"}],"wp:term":[{"taxonomy":"product_brand","embeddable":true,"href":"https:\/\/evolve-fitness.eu\/lt\/wp-json\/wp\/v2\/product_brand?post=13410"},{"taxonomy":"product_cat","embeddable":true,"href":"https:\/\/evolve-fitness.eu\/lt\/wp-json\/wp\/v2\/product_cat?post=13410"},{"taxonomy":"product_tag","embeddable":true,"href":"https:\/\/evolve-fitness.eu\/lt\/wp-json\/wp\/v2\/product_tag?post=13410"}],"curies":[{"name":"wp","href":"https:\/\/api.w.org\/{rel}","templated":true}]}}