{"id":13448,"date":"2024-01-30T09:01:32","date_gmt":"2024-01-30T09:01:32","guid":{"rendered":"https:\/\/evolve-fitness.eu\/product\/evolve-econ-serijos-plokscias-suoliukas\/"},"modified":"2026-04-07T13:36:49","modified_gmt":"2026-04-07T10:36:49","slug":"evolve-econ-serijos-plokscias-suoliukas","status":"publish","type":"product","link":"https:\/\/evolve-fitness.eu\/lt\/produktas\/evolve-econ-serijos-plokscias-suoliukas\/","title":{"rendered":"&#8222;Evolve Econ&#8221; serijos plok\u0161\u010dias suoliukas (EC-050)"},"content":{"rendered":"\n<section class=\"wp-block-group alignfull has-lightgray-background-color has-background is-layout-constrained wp-block-group-is-layout-constrained\">\n<div class=\"wp-block-columns alignwide is-layout-flex wp-container-core-columns-is-layout-2edb0647 wp-block-columns-is-layout-flex\" style=\"margin-top:0;margin-bottom:0\">\n<div class=\"wp-block-column is-layout-flow wp-block-column-is-layout-flow\" style=\"flex-basis:33.33%\"><\/div>\n\n\n\n<div class=\"wp-block-column is-layout-flow wp-block-column-is-layout-flow\" style=\"flex-basis:66.66%\"><\/div>\n<\/div>\n<\/section>\n\n<section class=\"wp-block-group alignfull black-content has-white-color has-darkgray-background-color has-text-color has-background is-layout-constrained wp-block-group-is-layout-constrained\" style=\"padding-top:var(--wp--preset--spacing--section-bottom);padding-bottom:var(--wp--preset--spacing--section-bottom)\">\n<div class=\"wp-block-columns alignwide mobile-reverse is-layout-flex wp-container-core-columns-is-layout-ca64bf2d wp-block-columns-is-layout-flex\" style=\"margin-bottom:var(--wp--preset--spacing--side-padding)\">\n<div class=\"wp-block-column is-vertically-aligned-center is-layout-flow wp-block-column-is-layout-flow\">\n<h3 class=\"wp-block-heading\" style=\"margin-bottom:var(--wp--preset--spacing--h-3-bottom)\"><strong>Universalus naudingumas<\/strong><\/h3>\n\n\n\n<p><strong><em><strong>Daugelio treniruo\u010di\u0173 pagrindas<\/strong><\/em><\/strong><\/p>\n\n\n\n<p style=\"margin-bottom:var(--wp--preset--spacing--tb-section-padding)\">&#8222;Evolve Econ Series Flat Bench&#8221; yra tvirtas ir patikimas treniruoklis, skirtas \u012fvairiems pratimams su svoriu atlikti. Jis idealiai tinka tokiems pratimams, kaip suolelio spaudimas, hanteli\u0173 rovimas ir \u012fvair\u016bs k\u016bno svorio judesiai, o k\u016brybi\u0161kai naudojant j\u012f galima treniruoti vir\u0161utin\u0117s k\u016bno dalies, \u0161erdies ir net koj\u0173 raumenis. D\u0117l savo paprastumo ir stabilumo tai yra pagrindinis bet kokio fitneso re\u017eimo elementas, tinkantis naudotojams, norintiems stiprinti j\u0117g\u0105 ir raumenis \u012fvairiose k\u016bno srityse.<\/p>\n<\/div>\n\n\n\n<div class=\"wp-block-column is-vertically-aligned-center is-layout-flow wp-block-column-is-layout-flow\">\n<figure class=\"wp-block-video\"><video height=\"1080\" style=\"aspect-ratio: 1920 \/ 1080;\" width=\"1920\" autoplay=\"\" controls=\"\" loop=\"\" muted=\"\" src=\"https:\/\/evolve-fitness.eu\/wp-content\/uploads\/2024\/01\/Evolve-Econ-Series-Flat-Bench-video.mp4\"><\/video><\/figure>\n<\/div>\n<\/div>\n\n\n\n<div class=\"wp-block-columns alignwide is-layout-flex wp-container-core-columns-is-layout-c45ee707 wp-block-columns-is-layout-flex\" style=\"margin-bottom:var(--wp--preset--spacing--side-padding);padding-top:var(--wp--preset--spacing--side-padding)\">\n<div class=\"wp-block-column is-vertically-aligned-center is-layout-flow wp-block-column-is-layout-flow\">\n<figure class=\"wp-block-image size-large\"><img loading=\"lazy\" decoding=\"async\" width=\"1024\" height=\"683\" src=\"https:\/\/evolve-fitness.eu\/wp-content\/uploads\/2024\/01\/EV-BN-EC-050-Evolve-Econ-Series-Flat-Bench-6-1-1024x683.jpg\" alt=\"EV-BN-EC-050\" class=\"wp-image-128604\" srcset=\"https:\/\/evolve-fitness.eu\/wp-content\/uploads\/2024\/01\/EV-BN-EC-050-Evolve-Econ-Series-Flat-Bench-6-1-1024x683.jpg 1024w, https:\/\/evolve-fitness.eu\/wp-content\/uploads\/2024\/01\/EV-BN-EC-050-Evolve-Econ-Series-Flat-Bench-6-1-300x200.jpg 300w, https:\/\/evolve-fitness.eu\/wp-content\/uploads\/2024\/01\/EV-BN-EC-050-Evolve-Econ-Series-Flat-Bench-6-1-225x150.jpg 225w, https:\/\/evolve-fitness.eu\/wp-content\/uploads\/2024\/01\/EV-BN-EC-050-Evolve-Econ-Series-Flat-Bench-6-1-600x400.jpg 600w, https:\/\/evolve-fitness.eu\/wp-content\/uploads\/2024\/01\/EV-BN-EC-050-Evolve-Econ-Series-Flat-Bench-6-1-150x100.jpg 150w, https:\/\/evolve-fitness.eu\/wp-content\/uploads\/2024\/01\/EV-BN-EC-050-Evolve-Econ-Series-Flat-Bench-6-1-768x512.jpg 768w, https:\/\/evolve-fitness.eu\/wp-content\/uploads\/2024\/01\/EV-BN-EC-050-Evolve-Econ-Series-Flat-Bench-6-1-1536x1024.jpg 1536w, https:\/\/evolve-fitness.eu\/wp-content\/uploads\/2024\/01\/EV-BN-EC-050-Evolve-Econ-Series-Flat-Bench-6-1-2048x1365.jpg 2048w\" sizes=\"auto, (max-width: 1024px) 100vw, 1024px\" \/><\/figure>\n<\/div>\n\n\n\n<div class=\"wp-block-column is-vertically-aligned-center is-layout-flow wp-block-column-is-layout-flow\">\n<h3 class=\"wp-block-heading\" style=\"margin-bottom:var(--wp--preset--spacing--h-3-bottom)\"><strong>Erdv\u0117s po\u017ei\u016briu efektyvus dizainas<\/strong><\/h3>\n\n\n\n<p><strong><em> <strong>Maksimaliai padidina treniruo\u010di\u0173 erdv\u0119<\/strong><\/em><\/strong><\/p>\n\n\n\n<p>&#8222;Evolve Econ&#8221; serijos plok\u0161\u010dias suolas sukurtas i\u0161 tvirtos, ilgaam\u017e\u0117s konstrukcijos, u\u017etikrinan\u010dios ilgaam\u017ei\u0161kum\u0105 ir patikimum\u0105, kad j\u012f b\u016bt\u0173 galima ilgai naudoti. Tvirta konstrukcija palaiko grie\u017etas treniruotes, tod\u0117l tai vertingas priedas prie bet kokios treniruo\u010di\u0173 programos tiems, kurie ie\u0161ko patikimo suoliuko.<\/p>\n<\/div>\n<\/div>\n\n\n\n<div class=\"wp-block-columns alignwide is-layout-flex wp-container-core-columns-is-layout-c45ee707 wp-block-columns-is-layout-flex\" style=\"margin-bottom:var(--wp--preset--spacing--side-padding);padding-top:var(--wp--preset--spacing--side-padding)\">\n<div class=\"wp-block-column is-vertically-aligned-center is-layout-flow wp-block-column-is-layout-flow\">\n<h3 class=\"wp-block-heading\" style=\"margin-bottom:var(--wp--preset--spacing--h-3-bottom)\"><strong>Optimalus komfortas<\/strong><\/h3>\n\n\n\n<p><strong><em><strong>Sukurta atsi\u017evelgiant \u012f naudotojo patogum\u0105<\/strong><\/em><\/strong><\/p>\n\n\n\n<p style=\"margin-bottom:var(--wp--preset--spacing--tb-section-padding)\">D\u0117l storo, didelio tankio put\u0173 pamink\u0161tinimo suoliukas treniruo\u010di\u0173 metu suteikia puik\u0173 komfort\u0105, tod\u0117l vartotojai gali susikoncentruoti \u012f savo form\u0105 ir rezultatus, nebla\u0161kydami d\u0117mesio. Jame naudojama auk\u0161tos kokyb\u0117s odos danga, kuri yra patvari ir patogi, u\u017etikrina stabil\u0173 ir neslid\u0173 pavir\u0161i\u0173 \u012fvairiems pratimams atlikti. \u0160i med\u017eiaga u\u017etikrina ilgaam\u017ei\u0161kum\u0105 ir lengv\u0105 prie\u017ei\u016br\u0105, tod\u0117l tinka intensyvi\u0173 treniruo\u010di\u0173 aplinkai.<\/p>\n<\/div>\n\n\n\n<div class=\"wp-block-column is-vertically-aligned-center is-layout-flow wp-block-column-is-layout-flow\">\n<figure class=\"wp-block-image size-large\"><img loading=\"lazy\" decoding=\"async\" width=\"1024\" height=\"683\" src=\"https:\/\/evolve-fitness.eu\/wp-content\/uploads\/2024\/01\/EV-BN-EC-050-Evolve-Econ-Series-Flat-Bench-7-1-1024x683.jpg\" alt=\"EV-BN-EC-050\" class=\"wp-image-128629\" srcset=\"https:\/\/evolve-fitness.eu\/wp-content\/uploads\/2024\/01\/EV-BN-EC-050-Evolve-Econ-Series-Flat-Bench-7-1-1024x683.jpg 1024w, https:\/\/evolve-fitness.eu\/wp-content\/uploads\/2024\/01\/EV-BN-EC-050-Evolve-Econ-Series-Flat-Bench-7-1-300x200.jpg 300w, https:\/\/evolve-fitness.eu\/wp-content\/uploads\/2024\/01\/EV-BN-EC-050-Evolve-Econ-Series-Flat-Bench-7-1-225x150.jpg 225w, https:\/\/evolve-fitness.eu\/wp-content\/uploads\/2024\/01\/EV-BN-EC-050-Evolve-Econ-Series-Flat-Bench-7-1-600x400.jpg 600w, https:\/\/evolve-fitness.eu\/wp-content\/uploads\/2024\/01\/EV-BN-EC-050-Evolve-Econ-Series-Flat-Bench-7-1-150x100.jpg 150w, https:\/\/evolve-fitness.eu\/wp-content\/uploads\/2024\/01\/EV-BN-EC-050-Evolve-Econ-Series-Flat-Bench-7-1-768x512.jpg 768w, https:\/\/evolve-fitness.eu\/wp-content\/uploads\/2024\/01\/EV-BN-EC-050-Evolve-Econ-Series-Flat-Bench-7-1-1536x1024.jpg 1536w, https:\/\/evolve-fitness.eu\/wp-content\/uploads\/2024\/01\/EV-BN-EC-050-Evolve-Econ-Series-Flat-Bench-7-1-2048x1365.jpg 2048w\" sizes=\"auto, (max-width: 1024px) 100vw, 1024px\" \/><\/figure>\n<\/div>\n<\/div>\n\n\n\n<div class=\"wp-block-columns alignwide is-layout-flex wp-container-core-columns-is-layout-c45ee707 wp-block-columns-is-layout-flex\" style=\"margin-bottom:var(--wp--preset--spacing--side-padding);padding-top:var(--wp--preset--spacing--side-padding)\">\n<div class=\"wp-block-column is-vertically-aligned-center is-layout-flow wp-block-column-is-layout-flow\">\n<figure class=\"wp-block-image size-large\"><img loading=\"lazy\" decoding=\"async\" width=\"683\" height=\"1024\" src=\"https:\/\/evolve-fitness.eu\/wp-content\/uploads\/2024\/01\/EV-BN-EC-050-Evolve-Econ-Series-Flat-Bench-8-1-683x1024.jpg\" alt=\"\" class=\"wp-image-128655\" srcset=\"https:\/\/evolve-fitness.eu\/wp-content\/uploads\/2024\/01\/EV-BN-EC-050-Evolve-Econ-Series-Flat-Bench-8-1-683x1024.jpg 683w, https:\/\/evolve-fitness.eu\/wp-content\/uploads\/2024\/01\/EV-BN-EC-050-Evolve-Econ-Series-Flat-Bench-8-1-300x450.jpg 300w, https:\/\/evolve-fitness.eu\/wp-content\/uploads\/2024\/01\/EV-BN-EC-050-Evolve-Econ-Series-Flat-Bench-8-1-100x150.jpg 100w, https:\/\/evolve-fitness.eu\/wp-content\/uploads\/2024\/01\/EV-BN-EC-050-Evolve-Econ-Series-Flat-Bench-8-1-600x900.jpg 600w, https:\/\/evolve-fitness.eu\/wp-content\/uploads\/2024\/01\/EV-BN-EC-050-Evolve-Econ-Series-Flat-Bench-8-1-200x300.jpg 200w, https:\/\/evolve-fitness.eu\/wp-content\/uploads\/2024\/01\/EV-BN-EC-050-Evolve-Econ-Series-Flat-Bench-8-1-768x1152.jpg 768w, https:\/\/evolve-fitness.eu\/wp-content\/uploads\/2024\/01\/EV-BN-EC-050-Evolve-Econ-Series-Flat-Bench-8-1-1024x1536.jpg 1024w, https:\/\/evolve-fitness.eu\/wp-content\/uploads\/2024\/01\/EV-BN-EC-050-Evolve-Econ-Series-Flat-Bench-8-1-1365x2048.jpg 1365w, https:\/\/evolve-fitness.eu\/wp-content\/uploads\/2024\/01\/EV-BN-EC-050-Evolve-Econ-Series-Flat-Bench-8-1.jpg 1373w\" sizes=\"auto, (max-width: 683px) 100vw, 683px\" \/><\/figure>\n<\/div>\n\n\n\n<div class=\"wp-block-column is-vertically-aligned-center is-layout-flow wp-block-column-is-layout-flow\">\n<h3 class=\"wp-block-heading\" style=\"margin-bottom:var(--wp--preset--spacing--h-3-bottom)\"><strong><strong><strong><strong>Lengva prie\u017ei\u016bra<\/strong><\/strong><\/strong><\/strong><\/h3>\n\n\n\n<p><strong><em>Sukurtas patogumui<\/em><\/strong><\/p>\n\n\n\n<p>Eleganti\u0161kas, minimalistinis suolo dizainas ne tik puikiai atrodo, bet j\u012f taip pat lengva valyti ir pri\u017ei\u016br\u0117ti, tod\u0117l jo b\u016bkl\u0117 i\u0161lieka puiki, \u012fdedant nedaug pastang\u0173. Kojos yra su plastikiniais dangteliais, skirtais grind\u0173 dangai apsaugoti nuo \u012fbr\u0117\u017eim\u0173 ir pa\u017eeidim\u0173 naudojimo metu. \u0160i apgalvota funkcija u\u017etikrina, kad suoliuk\u0105 b\u016bt\u0173 galima saugiai naudoti ant \u012fvairi\u0173 pavir\u0161i\u0173, nepakenkiant treniruo\u010di\u0173 erdv\u0117s b\u016bklei.<\/p>\n<\/div>\n<\/div>\n\n\n\n<div class=\"wp-block-columns alignwide is-layout-flex wp-container-core-columns-is-layout-c45ee707 wp-block-columns-is-layout-flex\" style=\"margin-bottom:var(--wp--preset--spacing--side-padding);padding-top:var(--wp--preset--spacing--side-padding)\">\n<div class=\"wp-block-column is-vertically-aligned-center is-layout-flow wp-block-column-is-layout-flow\">\n<h3 class=\"wp-block-heading\" style=\"margin-bottom:var(--wp--preset--spacing--h-3-bottom)\"><strong>Tvirta konstrukcija<\/strong><\/h3>\n\n\n\n<p><strong><strong><em>Sukurtas stabilumui u\u017etikrinti<\/em><\/strong><\/strong><\/p>\n\n\n\n<p style=\"margin-bottom:var(--wp--preset--spacing--tb-section-padding)\">Suoliukas pagamintas i\u0161 auk\u0161tos kokyb\u0117s plieno, tod\u0117l gali b\u016bti naudojamas intensyviai ir yra stabilus pagrindas \u012fvairiems pratimams atlikti, tod\u0117l yra patikima \u012franga bet kuriam fitneso entuziastui. Jis pagamintas d\u0117l savo tvirtumo ir ilgaam\u017ei\u0161kumo, tod\u0117l gali atlaikyti intensyvaus ir nuolatinio naudojimo reikalavimus. D\u0117l to \u0161is suoliukas yra puikus pasirinkimas tiek nam\u0173, tiek komercini\u0173 sporto sali\u0173 aplinkoje, kur svarbiausia &#8211; patikimumas.<\/p>\n<\/div>\n\n\n\n<div class=\"wp-block-column is-vertically-aligned-center is-layout-flow wp-block-column-is-layout-flow\">\n<figure class=\"wp-block-image size-large\"><img loading=\"lazy\" decoding=\"async\" width=\"683\" height=\"1024\" src=\"https:\/\/evolve-fitness.eu\/wp-content\/uploads\/2024\/01\/EV-BN-EC-050-Evolve-Econ-Series-Flat-Bench-9-1-683x1024.jpg\" alt=\"\" class=\"wp-image-128680\" srcset=\"https:\/\/evolve-fitness.eu\/wp-content\/uploads\/2024\/01\/EV-BN-EC-050-Evolve-Econ-Series-Flat-Bench-9-1-683x1024.jpg 683w, https:\/\/evolve-fitness.eu\/wp-content\/uploads\/2024\/01\/EV-BN-EC-050-Evolve-Econ-Series-Flat-Bench-9-1-300x450.jpg 300w, https:\/\/evolve-fitness.eu\/wp-content\/uploads\/2024\/01\/EV-BN-EC-050-Evolve-Econ-Series-Flat-Bench-9-1-100x150.jpg 100w, https:\/\/evolve-fitness.eu\/wp-content\/uploads\/2024\/01\/EV-BN-EC-050-Evolve-Econ-Series-Flat-Bench-9-1-600x900.jpg 600w, https:\/\/evolve-fitness.eu\/wp-content\/uploads\/2024\/01\/EV-BN-EC-050-Evolve-Econ-Series-Flat-Bench-9-1-200x300.jpg 200w, https:\/\/evolve-fitness.eu\/wp-content\/uploads\/2024\/01\/EV-BN-EC-050-Evolve-Econ-Series-Flat-Bench-9-1-768x1152.jpg 768w, https:\/\/evolve-fitness.eu\/wp-content\/uploads\/2024\/01\/EV-BN-EC-050-Evolve-Econ-Series-Flat-Bench-9-1-1024x1536.jpg 1024w, https:\/\/evolve-fitness.eu\/wp-content\/uploads\/2024\/01\/EV-BN-EC-050-Evolve-Econ-Series-Flat-Bench-9-1-1365x2048.jpg 1365w, https:\/\/evolve-fitness.eu\/wp-content\/uploads\/2024\/01\/EV-BN-EC-050-Evolve-Econ-Series-Flat-Bench-9-1.jpg 1373w\" sizes=\"auto, (max-width: 683px) 100vw, 683px\" \/><\/figure>\n<\/div>\n<\/div>\n<\/section>\n","protected":false},"excerpt":{"rendered":"<p>&#8222;Evolve Econ&#8221; serijos plok\u0161\u010dias suoliukas EC-050 sukurtas taip, kad b\u016bt\u0173 patvarus ir stabilus, tod\u0117l suteikia tvirt\u0105 pagrind\u0105 \u012fvairiems sunkiosios atletikos pratimams. Kompakti\u0161kas ir efektyvus dizainas u\u017etikrina, kad jis puikiai \u012fsilies \u012f bet koki\u0105 treniruo\u010di\u0173 erdv\u0119, tod\u0117l idealiai tinka tiek nam\u0173 sporto sal\u0117ms, tiek komercin\u0117ms patalpoms. \u0160is suoliukas sukurtas grie\u017etoms treniruot\u0117ms, tod\u0117l naudotojams, besir\u016bpinantiems j\u0117ga ir fitnesu, jis yra patogus ir patikimas.<\/p>\n","protected":false},"featured_media":10990,"template":"","meta":{"_acf_changed":false,"inline_featured_image":false},"product_brand":[],"product_cat":[775,774],"product_tag":[],"class_list":{"0":"post-13448","1":"product","2":"type-product","3":"status-publish","4":"has-post-thumbnail","6":"product_cat-econ-series-suoliukai","7":"product_cat-suoliukai","9":"first","10":"instock","11":"shipping-taxable","12":"purchasable","13":"product-type-simple"},"acf":{"long_title":"\"Evolve Econ\" serijos plok\u0161\u010dias suoliukas (EC-050)","subtitle":"","specifications":[{"label":"SKU","text_value":"EV-BN-EC-050","icon":"x"},{"label":"Ilgis","text_value":"1200 mm","icon":"x"},{"label":"Plotis","text_value":"550 mm","icon":"x"},{"label":"Auk\u0161tis","text_value":"475 mm","icon":"x"},{"label":"Svoris","text_value":"25 kg","icon":"x"},{"label":"Maksimalus naudotojo svoris","text_value":"180 kg","icon":"x"},{"label":"Storas apmu\u0161alas","text_value":"","icon":"v"},{"label":"Patvarios grind\u0173 apsaugos priemon\u0117s","text_value":"","icon":"v"},{"label":"Garantija","text_value":"2 metai","icon":"x"}],"product_frequently_asked_questions":null},"yoast_head":"<!-- This site is optimized with the Yoast SEO plugin v27.4 - https:\/\/yoast.com\/product\/yoast-seo-wordpress\/ -->\n<title>&quot;Evolve Econ&quot; serijos plok\u0161\u010dias suoliukas (EC-050) - Evolve<\/title>\n<meta name=\"robots\" content=\"index, follow, max-snippet:-1, max-image-preview:large, max-video-preview:-1\" \/>\n<link rel=\"canonical\" href=\"https:\/\/evolve-fitness.eu\/lt\/produktas\/evolve-econ-serijos-plokscias-suoliukas\/\" \/>\n<meta property=\"og:locale\" content=\"lt_LT\" \/>\n<meta property=\"og:type\" content=\"article\" \/>\n<meta property=\"og:title\" content=\"&quot;Evolve Econ&quot; serijos plok\u0161\u010dias suoliukas (EC-050) - Evolve\" \/>\n<meta property=\"og:url\" content=\"https:\/\/evolve-fitness.eu\/lt\/produktas\/evolve-econ-serijos-plokscias-suoliukas\/\" \/>\n<meta property=\"og:site_name\" content=\"Evolve\" \/>\n<meta property=\"article:publisher\" content=\"https:\/\/www.facebook.com\/EvolveFitnessEurope\" \/>\n<meta property=\"article:modified_time\" content=\"2026-04-07T10:36:49+00:00\" \/>\n<meta property=\"og:image\" content=\"https:\/\/evolve-fitness.eu\/wp-content\/uploads\/2024\/01\/EV-BN-EC-050-Evolve-Econ-Series-Flat-Bench-1.png\" \/>\n\t<meta property=\"og:image:width\" content=\"680\" \/>\n\t<meta property=\"og:image:height\" content=\"600\" \/>\n\t<meta property=\"og:image:type\" content=\"image\/png\" \/>\n<meta name=\"twitter:card\" content=\"summary_large_image\" \/>\n<script type=\"application\/ld+json\" class=\"yoast-schema-graph\">{\"@context\":\"https:\\\/\\\/schema.org\",\"@graph\":[{\"@type\":\"WebPage\",\"@id\":\"https:\\\/\\\/evolve-fitness.eu\\\/lt\\\/produktas\\\/evolve-econ-serijos-plokscias-suoliukas\\\/\",\"url\":\"https:\\\/\\\/evolve-fitness.eu\\\/lt\\\/produktas\\\/evolve-econ-serijos-plokscias-suoliukas\\\/\",\"name\":\"\\\"Evolve Econ\\\" serijos plok\u0161\u010dias suoliukas (EC-050) - Evolve\",\"isPartOf\":{\"@id\":\"https:\\\/\\\/evolve-fitness.eu\\\/lt\\\/#website\"},\"primaryImageOfPage\":{\"@id\":\"https:\\\/\\\/evolve-fitness.eu\\\/lt\\\/produktas\\\/evolve-econ-serijos-plokscias-suoliukas\\\/#primaryimage\"},\"image\":{\"@id\":\"https:\\\/\\\/evolve-fitness.eu\\\/lt\\\/produktas\\\/evolve-econ-serijos-plokscias-suoliukas\\\/#primaryimage\"},\"thumbnailUrl\":\"https:\\\/\\\/evolve-fitness.eu\\\/wp-content\\\/uploads\\\/2024\\\/01\\\/EV-BN-EC-050-Evolve-Econ-Series-Flat-Bench-1.png\",\"datePublished\":\"2024-01-30T09:01:32+00:00\",\"dateModified\":\"2026-04-07T10:36:49+00:00\",\"breadcrumb\":{\"@id\":\"https:\\\/\\\/evolve-fitness.eu\\\/lt\\\/produktas\\\/evolve-econ-serijos-plokscias-suoliukas\\\/#breadcrumb\"},\"inLanguage\":\"lt-LT\",\"potentialAction\":[{\"@type\":\"ReadAction\",\"target\":[\"https:\\\/\\\/evolve-fitness.eu\\\/lt\\\/produktas\\\/evolve-econ-serijos-plokscias-suoliukas\\\/\"]}]},{\"@type\":\"ImageObject\",\"inLanguage\":\"lt-LT\",\"@id\":\"https:\\\/\\\/evolve-fitness.eu\\\/lt\\\/produktas\\\/evolve-econ-serijos-plokscias-suoliukas\\\/#primaryimage\",\"url\":\"https:\\\/\\\/evolve-fitness.eu\\\/wp-content\\\/uploads\\\/2024\\\/01\\\/EV-BN-EC-050-Evolve-Econ-Series-Flat-Bench-1.png\",\"contentUrl\":\"https:\\\/\\\/evolve-fitness.eu\\\/wp-content\\\/uploads\\\/2024\\\/01\\\/EV-BN-EC-050-Evolve-Econ-Series-Flat-Bench-1.png\",\"width\":680,\"height\":600,\"caption\":\"EV-BN-EC-050\"},{\"@type\":\"BreadcrumbList\",\"@id\":\"https:\\\/\\\/evolve-fitness.eu\\\/lt\\\/produktas\\\/evolve-econ-serijos-plokscias-suoliukas\\\/#breadcrumb\",\"itemListElement\":[{\"@type\":\"ListItem\",\"position\":1,\"name\":\"Home\",\"item\":\"https:\\\/\\\/evolve-fitness.eu\\\/lt\\\/\"},{\"@type\":\"ListItem\",\"position\":2,\"name\":\"Produktai\",\"item\":\"https:\\\/\\\/evolve-fitness.eu\\\/lt\\\/shop\\\/\"},{\"@type\":\"ListItem\",\"position\":3,\"name\":\"&#8220;Evolve Econ&#8221; serijos plok\u0161\u010dias suoliukas (EC-050)\"}]},{\"@type\":\"WebSite\",\"@id\":\"https:\\\/\\\/evolve-fitness.eu\\\/lt\\\/#website\",\"url\":\"https:\\\/\\\/evolve-fitness.eu\\\/lt\\\/\",\"name\":\"Evolve\",\"description\":\"Your Evolved Gear Arrived\",\"publisher\":{\"@id\":\"https:\\\/\\\/evolve-fitness.eu\\\/lt\\\/#organization\"},\"potentialAction\":[{\"@type\":\"SearchAction\",\"target\":{\"@type\":\"EntryPoint\",\"urlTemplate\":\"https:\\\/\\\/evolve-fitness.eu\\\/lt\\\/?s={search_term_string}\"},\"query-input\":{\"@type\":\"PropertyValueSpecification\",\"valueRequired\":true,\"valueName\":\"search_term_string\"}}],\"inLanguage\":\"lt-LT\"},{\"@type\":\"Organization\",\"@id\":\"https:\\\/\\\/evolve-fitness.eu\\\/lt\\\/#organization\",\"name\":\"Evolve\",\"url\":\"https:\\\/\\\/evolve-fitness.eu\\\/lt\\\/\",\"logo\":{\"@type\":\"ImageObject\",\"inLanguage\":\"lt-LT\",\"@id\":\"https:\\\/\\\/evolve-fitness.eu\\\/lt\\\/#\\\/schema\\\/logo\\\/image\\\/\",\"url\":\"https:\\\/\\\/evolve-fitness.eu\\\/wp-content\\\/uploads\\\/2023\\\/05\\\/Evolve-logo.svg\",\"contentUrl\":\"https:\\\/\\\/evolve-fitness.eu\\\/wp-content\\\/uploads\\\/2023\\\/05\\\/Evolve-logo.svg\",\"width\":176,\"height\":20,\"caption\":\"Evolve\"},\"image\":{\"@id\":\"https:\\\/\\\/evolve-fitness.eu\\\/lt\\\/#\\\/schema\\\/logo\\\/image\\\/\"},\"sameAs\":[\"https:\\\/\\\/www.facebook.com\\\/EvolveFitnessEurope\"]}]}<\/script>\n<!-- \/ Yoast SEO plugin. -->","yoast_head_json":{"title":"\"Evolve Econ\" serijos plok\u0161\u010dias suoliukas (EC-050) - Evolve","robots":{"index":"index","follow":"follow","max-snippet":"max-snippet:-1","max-image-preview":"max-image-preview:large","max-video-preview":"max-video-preview:-1"},"canonical":"https:\/\/evolve-fitness.eu\/lt\/produktas\/evolve-econ-serijos-plokscias-suoliukas\/","og_locale":"lt_LT","og_type":"article","og_title":"\"Evolve Econ\" serijos plok\u0161\u010dias suoliukas (EC-050) - Evolve","og_url":"https:\/\/evolve-fitness.eu\/lt\/produktas\/evolve-econ-serijos-plokscias-suoliukas\/","og_site_name":"Evolve","article_publisher":"https:\/\/www.facebook.com\/EvolveFitnessEurope","article_modified_time":"2026-04-07T10:36:49+00:00","og_image":[{"width":680,"height":600,"url":"https:\/\/evolve-fitness.eu\/wp-content\/uploads\/2024\/01\/EV-BN-EC-050-Evolve-Econ-Series-Flat-Bench-1.png","type":"image\/png"}],"twitter_card":"summary_large_image","schema":{"@context":"https:\/\/schema.org","@graph":[{"@type":"WebPage","@id":"https:\/\/evolve-fitness.eu\/lt\/produktas\/evolve-econ-serijos-plokscias-suoliukas\/","url":"https:\/\/evolve-fitness.eu\/lt\/produktas\/evolve-econ-serijos-plokscias-suoliukas\/","name":"\"Evolve Econ\" serijos plok\u0161\u010dias suoliukas (EC-050) - Evolve","isPartOf":{"@id":"https:\/\/evolve-fitness.eu\/lt\/#website"},"primaryImageOfPage":{"@id":"https:\/\/evolve-fitness.eu\/lt\/produktas\/evolve-econ-serijos-plokscias-suoliukas\/#primaryimage"},"image":{"@id":"https:\/\/evolve-fitness.eu\/lt\/produktas\/evolve-econ-serijos-plokscias-suoliukas\/#primaryimage"},"thumbnailUrl":"https:\/\/evolve-fitness.eu\/wp-content\/uploads\/2024\/01\/EV-BN-EC-050-Evolve-Econ-Series-Flat-Bench-1.png","datePublished":"2024-01-30T09:01:32+00:00","dateModified":"2026-04-07T10:36:49+00:00","breadcrumb":{"@id":"https:\/\/evolve-fitness.eu\/lt\/produktas\/evolve-econ-serijos-plokscias-suoliukas\/#breadcrumb"},"inLanguage":"lt-LT","potentialAction":[{"@type":"ReadAction","target":["https:\/\/evolve-fitness.eu\/lt\/produktas\/evolve-econ-serijos-plokscias-suoliukas\/"]}]},{"@type":"ImageObject","inLanguage":"lt-LT","@id":"https:\/\/evolve-fitness.eu\/lt\/produktas\/evolve-econ-serijos-plokscias-suoliukas\/#primaryimage","url":"https:\/\/evolve-fitness.eu\/wp-content\/uploads\/2024\/01\/EV-BN-EC-050-Evolve-Econ-Series-Flat-Bench-1.png","contentUrl":"https:\/\/evolve-fitness.eu\/wp-content\/uploads\/2024\/01\/EV-BN-EC-050-Evolve-Econ-Series-Flat-Bench-1.png","width":680,"height":600,"caption":"EV-BN-EC-050"},{"@type":"BreadcrumbList","@id":"https:\/\/evolve-fitness.eu\/lt\/produktas\/evolve-econ-serijos-plokscias-suoliukas\/#breadcrumb","itemListElement":[{"@type":"ListItem","position":1,"name":"Home","item":"https:\/\/evolve-fitness.eu\/lt\/"},{"@type":"ListItem","position":2,"name":"Produktai","item":"https:\/\/evolve-fitness.eu\/lt\/shop\/"},{"@type":"ListItem","position":3,"name":"&#8220;Evolve Econ&#8221; serijos plok\u0161\u010dias suoliukas (EC-050)"}]},{"@type":"WebSite","@id":"https:\/\/evolve-fitness.eu\/lt\/#website","url":"https:\/\/evolve-fitness.eu\/lt\/","name":"Evolve","description":"Your Evolved Gear Arrived","publisher":{"@id":"https:\/\/evolve-fitness.eu\/lt\/#organization"},"potentialAction":[{"@type":"SearchAction","target":{"@type":"EntryPoint","urlTemplate":"https:\/\/evolve-fitness.eu\/lt\/?s={search_term_string}"},"query-input":{"@type":"PropertyValueSpecification","valueRequired":true,"valueName":"search_term_string"}}],"inLanguage":"lt-LT"},{"@type":"Organization","@id":"https:\/\/evolve-fitness.eu\/lt\/#organization","name":"Evolve","url":"https:\/\/evolve-fitness.eu\/lt\/","logo":{"@type":"ImageObject","inLanguage":"lt-LT","@id":"https:\/\/evolve-fitness.eu\/lt\/#\/schema\/logo\/image\/","url":"https:\/\/evolve-fitness.eu\/wp-content\/uploads\/2023\/05\/Evolve-logo.svg","contentUrl":"https:\/\/evolve-fitness.eu\/wp-content\/uploads\/2023\/05\/Evolve-logo.svg","width":176,"height":20,"caption":"Evolve"},"image":{"@id":"https:\/\/evolve-fitness.eu\/lt\/#\/schema\/logo\/image\/"},"sameAs":["https:\/\/www.facebook.com\/EvolveFitnessEurope"]}]}},"_links":{"self":[{"href":"https:\/\/evolve-fitness.eu\/lt\/wp-json\/wp\/v2\/product\/13448","targetHints":{"allow":["GET"]}}],"collection":[{"href":"https:\/\/evolve-fitness.eu\/lt\/wp-json\/wp\/v2\/product"}],"about":[{"href":"https:\/\/evolve-fitness.eu\/lt\/wp-json\/wp\/v2\/types\/product"}],"wp:featuredmedia":[{"embeddable":true,"href":"https:\/\/evolve-fitness.eu\/lt\/wp-json\/wp\/v2\/media\/10990"}],"wp:attachment":[{"href":"https:\/\/evolve-fitness.eu\/lt\/wp-json\/wp\/v2\/media?parent=13448"}],"wp:term":[{"taxonomy":"product_brand","embeddable":true,"href":"https:\/\/evolve-fitness.eu\/lt\/wp-json\/wp\/v2\/product_brand?post=13448"},{"taxonomy":"product_cat","embeddable":true,"href":"https:\/\/evolve-fitness.eu\/lt\/wp-json\/wp\/v2\/product_cat?post=13448"},{"taxonomy":"product_tag","embeddable":true,"href":"https:\/\/evolve-fitness.eu\/lt\/wp-json\/wp\/v2\/product_tag?post=13448"}],"curies":[{"name":"wp","href":"https:\/\/api.w.org\/{rel}","templated":true}]}}