{"id":13526,"date":"2023-09-19T06:29:55","date_gmt":"2023-09-19T06:29:55","guid":{"rendered":"https:\/\/evolve-fitness.eu\/product\/evolve-econ-serijos-olimpinis-kritimo-suolelis\/"},"modified":"2025-08-26T10:57:04","modified_gmt":"2025-08-26T10:57:04","slug":"evolve-econ-serijos-olimpinis-kritimo-suolelis","status":"publish","type":"product","link":"https:\/\/evolve-fitness.eu\/lt\/produktas\/evolve-econ-serijos-olimpinis-kritimo-suolelis\/","title":{"rendered":"Evolve Econ Series kr\u016btin\u0117s spaudimo suoliukas su nuokalne, EC-511"},"content":{"rendered":"\n<section class=\"wp-block-group alignfull has-lightgray-background-color has-background is-layout-constrained wp-block-group-is-layout-constrained\">\n<div class=\"wp-block-columns alignwide is-layout-flex wp-container-core-columns-is-layout-2edb0647 wp-block-columns-is-layout-flex\" style=\"margin-top:0;margin-bottom:0\">\n<div class=\"wp-block-column is-layout-flow wp-block-column-is-layout-flow\" style=\"flex-basis:33.33%\"><\/div>\n\n\n\n<div class=\"wp-block-column is-layout-flow wp-block-column-is-layout-flow\" style=\"flex-basis:66.66%\"><\/div>\n<\/div>\n<\/section>\n\n\n\n<section class=\"wp-block-group alignfull black-content has-white-color has-darkgray-background-color has-text-color has-background is-layout-constrained wp-block-group-is-layout-constrained\" style=\"padding-top:var(--wp--preset--spacing--section-bottom);padding-bottom:var(--wp--preset--spacing--section-bottom)\">\n<h3 class=\"wp-block-heading has-text-align-center\" style=\"margin-bottom:var(--wp--preset--spacing--tb-section-padding)\"><strong><br>  <strong><br>    <strong>EVOLVE <\/strong><\/strong><\/strong>Econ serijos suoliukai<\/h3>\n\n\n\n<div class=\"wp-block-columns alignwide mobile-reverse is-layout-flex wp-container-core-columns-is-layout-ca64bf2d wp-block-columns-is-layout-flex\" style=\"margin-bottom:var(--wp--preset--spacing--side-padding)\">\n<div class=\"wp-block-column is-vertically-aligned-center is-layout-flow wp-block-column-is-layout-flow\">\n<h3 class=\"wp-block-heading\" style=\"margin-bottom:var(--wp--preset--spacing--h-3-bottom)\"><strong><strong><strong><strong><strong><strong>Auk\u0161tos kokyb\u0117s<\/strong><\/strong><\/strong><\/strong><\/strong><\/strong><\/h3>\n\n\n\n<p><strong><em><strong><strong><strong><strong>Patvarus dizainas<\/strong><\/strong><\/strong><\/strong><\/em><\/strong><\/p>\n\n\n\n<p style=\"margin-bottom:var(--wp--preset--spacing--tb-section-padding)\">M\u016bs\u0173 treniruokli\u0173 suoliukai pagaminti taip, kad b\u016bt\u0173 ilgaam\u017eiai, j\u0173 tvirtas metalinis r\u0117mas. Pa\u017eangi termoreaktyvi\u0173j\u0173 milteli\u0173 elektrostatinio pur\u0161kimo technologija ne tik suteikia pavir\u0161iui eleganti\u0161k\u0105 i\u0161vaizd\u0105, bet ir puikiai apsaugo nuo r\u016bd\u017ei\u0173. M\u016bs\u0173 Evolve suoliukai sukurti taip, kad atitikt\u0173 j\u016bs\u0173 poreikius, nesvarbu, ar sportuojate namuose, ar profesionalioje sporto sal\u0117je. Jie taip pat puikiai tinka komercin\u0117ms treniruokli\u0173 sal\u0117ms karin\u0117se baz\u0117se, vie\u0161bu\u010diuose, nakvyn\u0117s namuose ir reabilitacijos centruose.<\/p>\n\n\n\n<h3 class=\"wp-block-heading\" style=\"margin-bottom:var(--wp--preset--spacing--h-3-bottom)\"><strong><strong><strong><strong><strong><strong><strong><strong>I\u0161skirtinis funkcionalumas<\/strong><\/strong><\/strong><\/strong><\/strong><\/strong><\/strong><\/strong><\/h3>\n\n\n\n<p><strong><em><strong><strong><strong><strong><strong>PVC dang<\/strong><\/strong><\/strong><\/strong><\/strong>teliai<\/em><\/strong><\/p>\n\n\n\n<p>M\u016bs\u0173 suolai yra ne tik patvar\u016bs, bet ir maksimaliai funkcional\u016bs. Mink\u0161ti PVC dangteliai ant koj\u0173 apsaugo grindis ir u\u017etikrina stabilum\u0105 net ir intensyviausi\u0173 treniruo\u010di\u0173 metu. Evolve kr\u016btin\u0117s spaudimo suoliukas su nuokalne yra stabili platforma viso k\u016bno treniruot\u0117ms. Mink\u0161ti ir patog\u016bs apmu\u0161alai u\u017epildyti tankiomis, ilgaam\u017e\u0117mis putomis, kurios nepraranda savo formos. Be to, jis padengtas auk\u0161\u010diausios kokyb\u0117s, stipria PU oda, kad b\u016bt\u0173 patvaresnis.<\/p>\n<\/div>\n\n\n\n<div class=\"wp-block-column is-vertically-aligned-center is-layout-flow wp-block-column-is-layout-flow\">\n<figure class=\"wp-block-image size-full is-style-rounded\"><img loading=\"lazy\" decoding=\"async\" width=\"1080\" height=\"1080\" src=\"https:\/\/evolve-fitness.eu\/wp-content\/uploads\/2024\/06\/Dizainas-be-pavadinimo-4-2.png\" alt=\"\" class=\"wp-image-137248\" style=\"object-fit:cover\" srcset=\"https:\/\/evolve-fitness.eu\/wp-content\/uploads\/2024\/06\/Dizainas-be-pavadinimo-4-2.png 1080w, https:\/\/evolve-fitness.eu\/wp-content\/uploads\/2024\/06\/Dizainas-be-pavadinimo-4-2-300x300.png 300w, https:\/\/evolve-fitness.eu\/wp-content\/uploads\/2024\/06\/Dizainas-be-pavadinimo-4-2-150x150.png 150w, https:\/\/evolve-fitness.eu\/wp-content\/uploads\/2024\/06\/Dizainas-be-pavadinimo-4-2-600x600.png 600w, https:\/\/evolve-fitness.eu\/wp-content\/uploads\/2024\/06\/Dizainas-be-pavadinimo-4-2-1024x1024.png 1024w, https:\/\/evolve-fitness.eu\/wp-content\/uploads\/2024\/06\/Dizainas-be-pavadinimo-4-2-768x768.png 768w\" sizes=\"auto, (max-width: 1080px) 100vw, 1080px\" \/><\/figure>\n<\/div>\n<\/div>\n<\/section>\n","protected":false},"excerpt":{"rendered":"<p>Evolve Econ serijos EC-511 olimpinis nuolaidus suoliukas sukurtas siekiant u\u017etikrinti maksimali\u0105 treniruo\u010di\u0173 kokyb\u0119 ir patikimum\u0105 komercin\u0117se sporto sal\u0117se. Tvirtas plieninis r\u0117mas su antikorozine milteline danga garantuoja ilgaam\u017ei\u0161kum\u0105 net esant intensyviam naudojimui. Suoliukas apr\u016bpintas keliais \u0161tangos laikikliais, integruotais svori\u0173 laikikliais, neslystan\u010diomis PVC apsaugomis kojel\u0117se bei patogiu, i\u0161 tankios putos pagamintu pamink\u0161tinimu, padengtu patvaria PU oda. Maksimali apkrova \u2013 300 kg. Tai idealus sprendimas efektyvioms kr\u016btin\u0117s ir vir\u0161utin\u0117s k\u016bno dalies treniruot\u0117ms nuolaidioje pad\u0117tyje.<\/p>\n","protected":false},"featured_media":7062,"template":"","meta":{"_acf_changed":false,"inline_featured_image":false},"product_brand":[],"product_cat":[775,774],"product_tag":[778,777,782,779,620,837,783,648,780,784,781,776],"class_list":{"0":"post-13526","1":"product","2":"type-product","3":"status-publish","4":"has-post-thumbnail","6":"product_cat-econ-series-suoliukai","7":"product_cat-suoliukai","8":"product_tag-aukstos-kokybes","9":"product_tag-econ-lt","10":"product_tag-funkcionalumas","11":"product_tag-miltelinis-elektrostatinis-purskimas","12":"product_tag-namu-fitnesas","13":"product_tag-olimpinis-nuosmukis","14":"product_tag-patogus-apmusalai","15":"product_tag-patvarus","16":"product_tag-profesionali-sporto-sale","17":"product_tag-pu-oda","18":"product_tag-pvc-dangteliai","19":"product_tag-suoliukas","21":"first","22":"instock","23":"shipping-taxable","24":"purchasable","25":"product-type-simple"},"acf":{"long_title":"Evolve Econ Series kr\u016btin\u0117s spaudimo suoliukas su nuokalne, EC-511","subtitle":"","specifications":[{"label":"SKU","text_value":"EV-BN-EC-511","icon":"x"},{"label":"Paskirtis","text_value":"Komercinis","icon":"x"},{"label":"Koj\u0173 atramos reguliavimas","text_value":"","icon":"x"},{"label":"Garantija ","text_value":"2 metai","icon":"x"},{"label":"Svorio plok\u0161teli\u0173 laikikliai","text_value":"4 kai\u0161\u010diai","icon":"x"},{"label":"Maksimalus naudotojo svoris","text_value":"180 kg","icon":"x"},{"label":"Did\u017eiausia. \u012fkelti","text_value":"300 kg","icon":"x"},{"label":"R\u0117mo tipas","text_value":"Metalas be a\u0161tri\u0173 briaun\u0173, 3 mm storio","icon":"x"},{"label":"Apmu\u0161alai","text_value":"Padengtas PU oda","icon":"x"},{"label":"Apsauginiai antikoroziniai da\u017eai","text_value":"2 poros, u\u017edengtos plastiku","icon":"v"},{"label":"\u0160tang\u0173 laikikliai","text_value":"2 poros, u\u017edengtos plastiku","icon":"v"},{"label":"Montuojamas prie grind\u0173","text_value":"","icon":"v"},{"label":"2 poros baro laikikli\u0173","text_value":"","icon":"v"},{"label":"","text_value":"","icon":"x"},{"label":"","text_value":"","icon":"x"},{"label":"","text_value":"","icon":"x"}],"product_frequently_asked_questions":null},"yoast_head":"<!-- This site is optimized with the Yoast SEO plugin v27.4 - https:\/\/yoast.com\/product\/yoast-seo-wordpress\/ -->\n<title>Evolve Econ Series kr\u016btin\u0117s spaudimo suoliukas su nuokalne, EC-511 - Evolve<\/title>\n<meta name=\"robots\" content=\"index, follow, max-snippet:-1, max-image-preview:large, max-video-preview:-1\" \/>\n<link rel=\"canonical\" href=\"https:\/\/evolve-fitness.eu\/lt\/produktas\/evolve-econ-serijos-olimpinis-kritimo-suolelis\/\" \/>\n<meta property=\"og:locale\" content=\"lt_LT\" \/>\n<meta property=\"og:type\" content=\"article\" \/>\n<meta property=\"og:title\" content=\"Evolve Econ Series kr\u016btin\u0117s spaudimo suoliukas su nuokalne, EC-511 - Evolve\" \/>\n<meta property=\"og:url\" content=\"https:\/\/evolve-fitness.eu\/lt\/produktas\/evolve-econ-serijos-olimpinis-kritimo-suolelis\/\" \/>\n<meta property=\"og:site_name\" content=\"Evolve\" \/>\n<meta property=\"article:publisher\" content=\"https:\/\/www.facebook.com\/EvolveFitnessEurope\" \/>\n<meta property=\"article:modified_time\" content=\"2025-08-26T10:57:04+00:00\" \/>\n<meta property=\"og:image\" content=\"https:\/\/evolve-fitness.eu\/wp-content\/uploads\/2023\/09\/EVOLVE-BN-EC-511.png\" \/>\n\t<meta property=\"og:image:width\" content=\"680\" \/>\n\t<meta property=\"og:image:height\" content=\"600\" \/>\n\t<meta property=\"og:image:type\" content=\"image\/png\" \/>\n<meta name=\"twitter:card\" content=\"summary_large_image\" \/>\n<script type=\"application\/ld+json\" class=\"yoast-schema-graph\">{\"@context\":\"https:\\\/\\\/schema.org\",\"@graph\":[{\"@type\":\"WebPage\",\"@id\":\"https:\\\/\\\/evolve-fitness.eu\\\/lt\\\/produktas\\\/evolve-econ-serijos-olimpinis-kritimo-suolelis\\\/\",\"url\":\"https:\\\/\\\/evolve-fitness.eu\\\/lt\\\/produktas\\\/evolve-econ-serijos-olimpinis-kritimo-suolelis\\\/\",\"name\":\"Evolve Econ Series kr\u016btin\u0117s spaudimo suoliukas su nuokalne, EC-511 - Evolve\",\"isPartOf\":{\"@id\":\"https:\\\/\\\/evolve-fitness.eu\\\/lt\\\/#website\"},\"primaryImageOfPage\":{\"@id\":\"https:\\\/\\\/evolve-fitness.eu\\\/lt\\\/produktas\\\/evolve-econ-serijos-olimpinis-kritimo-suolelis\\\/#primaryimage\"},\"image\":{\"@id\":\"https:\\\/\\\/evolve-fitness.eu\\\/lt\\\/produktas\\\/evolve-econ-serijos-olimpinis-kritimo-suolelis\\\/#primaryimage\"},\"thumbnailUrl\":\"https:\\\/\\\/evolve-fitness.eu\\\/wp-content\\\/uploads\\\/2023\\\/09\\\/EVOLVE-BN-EC-511.png\",\"datePublished\":\"2023-09-19T06:29:55+00:00\",\"dateModified\":\"2025-08-26T10:57:04+00:00\",\"breadcrumb\":{\"@id\":\"https:\\\/\\\/evolve-fitness.eu\\\/lt\\\/produktas\\\/evolve-econ-serijos-olimpinis-kritimo-suolelis\\\/#breadcrumb\"},\"inLanguage\":\"lt-LT\",\"potentialAction\":[{\"@type\":\"ReadAction\",\"target\":[\"https:\\\/\\\/evolve-fitness.eu\\\/lt\\\/produktas\\\/evolve-econ-serijos-olimpinis-kritimo-suolelis\\\/\"]}]},{\"@type\":\"ImageObject\",\"inLanguage\":\"lt-LT\",\"@id\":\"https:\\\/\\\/evolve-fitness.eu\\\/lt\\\/produktas\\\/evolve-econ-serijos-olimpinis-kritimo-suolelis\\\/#primaryimage\",\"url\":\"https:\\\/\\\/evolve-fitness.eu\\\/wp-content\\\/uploads\\\/2023\\\/09\\\/EVOLVE-BN-EC-511.png\",\"contentUrl\":\"https:\\\/\\\/evolve-fitness.eu\\\/wp-content\\\/uploads\\\/2023\\\/09\\\/EVOLVE-BN-EC-511.png\",\"width\":680,\"height\":600,\"caption\":\"EV-BN-EC-511\"},{\"@type\":\"BreadcrumbList\",\"@id\":\"https:\\\/\\\/evolve-fitness.eu\\\/lt\\\/produktas\\\/evolve-econ-serijos-olimpinis-kritimo-suolelis\\\/#breadcrumb\",\"itemListElement\":[{\"@type\":\"ListItem\",\"position\":1,\"name\":\"Home\",\"item\":\"https:\\\/\\\/evolve-fitness.eu\\\/lt\\\/\"},{\"@type\":\"ListItem\",\"position\":2,\"name\":\"Produktai\",\"item\":\"https:\\\/\\\/evolve-fitness.eu\\\/lt\\\/shop\\\/\"},{\"@type\":\"ListItem\",\"position\":3,\"name\":\"Evolve Econ Series kr\u016btin\u0117s spaudimo suoliukas su nuokalne, EC-511\"}]},{\"@type\":\"WebSite\",\"@id\":\"https:\\\/\\\/evolve-fitness.eu\\\/lt\\\/#website\",\"url\":\"https:\\\/\\\/evolve-fitness.eu\\\/lt\\\/\",\"name\":\"Evolve\",\"description\":\"Your Evolved Gear Arrived\",\"publisher\":{\"@id\":\"https:\\\/\\\/evolve-fitness.eu\\\/lt\\\/#organization\"},\"potentialAction\":[{\"@type\":\"SearchAction\",\"target\":{\"@type\":\"EntryPoint\",\"urlTemplate\":\"https:\\\/\\\/evolve-fitness.eu\\\/lt\\\/?s={search_term_string}\"},\"query-input\":{\"@type\":\"PropertyValueSpecification\",\"valueRequired\":true,\"valueName\":\"search_term_string\"}}],\"inLanguage\":\"lt-LT\"},{\"@type\":\"Organization\",\"@id\":\"https:\\\/\\\/evolve-fitness.eu\\\/lt\\\/#organization\",\"name\":\"Evolve\",\"url\":\"https:\\\/\\\/evolve-fitness.eu\\\/lt\\\/\",\"logo\":{\"@type\":\"ImageObject\",\"inLanguage\":\"lt-LT\",\"@id\":\"https:\\\/\\\/evolve-fitness.eu\\\/lt\\\/#\\\/schema\\\/logo\\\/image\\\/\",\"url\":\"https:\\\/\\\/evolve-fitness.eu\\\/wp-content\\\/uploads\\\/2023\\\/05\\\/Evolve-logo.svg\",\"contentUrl\":\"https:\\\/\\\/evolve-fitness.eu\\\/wp-content\\\/uploads\\\/2023\\\/05\\\/Evolve-logo.svg\",\"width\":176,\"height\":20,\"caption\":\"Evolve\"},\"image\":{\"@id\":\"https:\\\/\\\/evolve-fitness.eu\\\/lt\\\/#\\\/schema\\\/logo\\\/image\\\/\"},\"sameAs\":[\"https:\\\/\\\/www.facebook.com\\\/EvolveFitnessEurope\"]}]}<\/script>\n<!-- \/ Yoast SEO plugin. -->","yoast_head_json":{"title":"Evolve Econ Series kr\u016btin\u0117s spaudimo suoliukas su nuokalne, EC-511 - Evolve","robots":{"index":"index","follow":"follow","max-snippet":"max-snippet:-1","max-image-preview":"max-image-preview:large","max-video-preview":"max-video-preview:-1"},"canonical":"https:\/\/evolve-fitness.eu\/lt\/produktas\/evolve-econ-serijos-olimpinis-kritimo-suolelis\/","og_locale":"lt_LT","og_type":"article","og_title":"Evolve Econ Series kr\u016btin\u0117s spaudimo suoliukas su nuokalne, EC-511 - Evolve","og_url":"https:\/\/evolve-fitness.eu\/lt\/produktas\/evolve-econ-serijos-olimpinis-kritimo-suolelis\/","og_site_name":"Evolve","article_publisher":"https:\/\/www.facebook.com\/EvolveFitnessEurope","article_modified_time":"2025-08-26T10:57:04+00:00","og_image":[{"width":680,"height":600,"url":"https:\/\/evolve-fitness.eu\/wp-content\/uploads\/2023\/09\/EVOLVE-BN-EC-511.png","type":"image\/png"}],"twitter_card":"summary_large_image","schema":{"@context":"https:\/\/schema.org","@graph":[{"@type":"WebPage","@id":"https:\/\/evolve-fitness.eu\/lt\/produktas\/evolve-econ-serijos-olimpinis-kritimo-suolelis\/","url":"https:\/\/evolve-fitness.eu\/lt\/produktas\/evolve-econ-serijos-olimpinis-kritimo-suolelis\/","name":"Evolve Econ Series kr\u016btin\u0117s spaudimo suoliukas su nuokalne, EC-511 - Evolve","isPartOf":{"@id":"https:\/\/evolve-fitness.eu\/lt\/#website"},"primaryImageOfPage":{"@id":"https:\/\/evolve-fitness.eu\/lt\/produktas\/evolve-econ-serijos-olimpinis-kritimo-suolelis\/#primaryimage"},"image":{"@id":"https:\/\/evolve-fitness.eu\/lt\/produktas\/evolve-econ-serijos-olimpinis-kritimo-suolelis\/#primaryimage"},"thumbnailUrl":"https:\/\/evolve-fitness.eu\/wp-content\/uploads\/2023\/09\/EVOLVE-BN-EC-511.png","datePublished":"2023-09-19T06:29:55+00:00","dateModified":"2025-08-26T10:57:04+00:00","breadcrumb":{"@id":"https:\/\/evolve-fitness.eu\/lt\/produktas\/evolve-econ-serijos-olimpinis-kritimo-suolelis\/#breadcrumb"},"inLanguage":"lt-LT","potentialAction":[{"@type":"ReadAction","target":["https:\/\/evolve-fitness.eu\/lt\/produktas\/evolve-econ-serijos-olimpinis-kritimo-suolelis\/"]}]},{"@type":"ImageObject","inLanguage":"lt-LT","@id":"https:\/\/evolve-fitness.eu\/lt\/produktas\/evolve-econ-serijos-olimpinis-kritimo-suolelis\/#primaryimage","url":"https:\/\/evolve-fitness.eu\/wp-content\/uploads\/2023\/09\/EVOLVE-BN-EC-511.png","contentUrl":"https:\/\/evolve-fitness.eu\/wp-content\/uploads\/2023\/09\/EVOLVE-BN-EC-511.png","width":680,"height":600,"caption":"EV-BN-EC-511"},{"@type":"BreadcrumbList","@id":"https:\/\/evolve-fitness.eu\/lt\/produktas\/evolve-econ-serijos-olimpinis-kritimo-suolelis\/#breadcrumb","itemListElement":[{"@type":"ListItem","position":1,"name":"Home","item":"https:\/\/evolve-fitness.eu\/lt\/"},{"@type":"ListItem","position":2,"name":"Produktai","item":"https:\/\/evolve-fitness.eu\/lt\/shop\/"},{"@type":"ListItem","position":3,"name":"Evolve Econ Series kr\u016btin\u0117s spaudimo suoliukas su nuokalne, EC-511"}]},{"@type":"WebSite","@id":"https:\/\/evolve-fitness.eu\/lt\/#website","url":"https:\/\/evolve-fitness.eu\/lt\/","name":"Evolve","description":"Your Evolved Gear Arrived","publisher":{"@id":"https:\/\/evolve-fitness.eu\/lt\/#organization"},"potentialAction":[{"@type":"SearchAction","target":{"@type":"EntryPoint","urlTemplate":"https:\/\/evolve-fitness.eu\/lt\/?s={search_term_string}"},"query-input":{"@type":"PropertyValueSpecification","valueRequired":true,"valueName":"search_term_string"}}],"inLanguage":"lt-LT"},{"@type":"Organization","@id":"https:\/\/evolve-fitness.eu\/lt\/#organization","name":"Evolve","url":"https:\/\/evolve-fitness.eu\/lt\/","logo":{"@type":"ImageObject","inLanguage":"lt-LT","@id":"https:\/\/evolve-fitness.eu\/lt\/#\/schema\/logo\/image\/","url":"https:\/\/evolve-fitness.eu\/wp-content\/uploads\/2023\/05\/Evolve-logo.svg","contentUrl":"https:\/\/evolve-fitness.eu\/wp-content\/uploads\/2023\/05\/Evolve-logo.svg","width":176,"height":20,"caption":"Evolve"},"image":{"@id":"https:\/\/evolve-fitness.eu\/lt\/#\/schema\/logo\/image\/"},"sameAs":["https:\/\/www.facebook.com\/EvolveFitnessEurope"]}]}},"_links":{"self":[{"href":"https:\/\/evolve-fitness.eu\/lt\/wp-json\/wp\/v2\/product\/13526","targetHints":{"allow":["GET"]}}],"collection":[{"href":"https:\/\/evolve-fitness.eu\/lt\/wp-json\/wp\/v2\/product"}],"about":[{"href":"https:\/\/evolve-fitness.eu\/lt\/wp-json\/wp\/v2\/types\/product"}],"wp:featuredmedia":[{"embeddable":true,"href":"https:\/\/evolve-fitness.eu\/lt\/wp-json\/wp\/v2\/media\/7062"}],"wp:attachment":[{"href":"https:\/\/evolve-fitness.eu\/lt\/wp-json\/wp\/v2\/media?parent=13526"}],"wp:term":[{"taxonomy":"product_brand","embeddable":true,"href":"https:\/\/evolve-fitness.eu\/lt\/wp-json\/wp\/v2\/product_brand?post=13526"},{"taxonomy":"product_cat","embeddable":true,"href":"https:\/\/evolve-fitness.eu\/lt\/wp-json\/wp\/v2\/product_cat?post=13526"},{"taxonomy":"product_tag","embeddable":true,"href":"https:\/\/evolve-fitness.eu\/lt\/wp-json\/wp\/v2\/product_tag?post=13526"}],"curies":[{"name":"wp","href":"https:\/\/api.w.org\/{rel}","templated":true}]}}