{"id":13536,"date":"2023-09-19T09:54:11","date_gmt":"2023-09-19T09:54:11","guid":{"rendered":"https:\/\/evolve-fitness.eu\/product\/evolve-prime-series-reguliuojamas-suoliukas\/"},"modified":"2026-04-01T09:15:26","modified_gmt":"2026-04-01T06:15:26","slug":"evolve-prime-series-reguliuojamas-suoliukas","status":"publish","type":"product","link":"https:\/\/evolve-fitness.eu\/lt\/produktas\/evolve-prime-series-reguliuojamas-suoliukas\/","title":{"rendered":"&#8222;Evolve Prime Series&#8221; reguliuojamas suoliukas"},"content":{"rendered":"\n<section class=\"wp-block-group alignfull has-lightgray-background-color has-background is-layout-constrained wp-block-group-is-layout-constrained\">\n<div class=\"wp-block-columns alignwide is-layout-flex wp-container-core-columns-is-layout-2edb0647 wp-block-columns-is-layout-flex\" style=\"margin-top:0;margin-bottom:0\">\n<div class=\"wp-block-column is-layout-flow wp-block-column-is-layout-flow\" style=\"flex-basis:33.33%\"><\/div>\n\n\n\n<div class=\"wp-block-column is-layout-flow wp-block-column-is-layout-flow\" style=\"flex-basis:66.66%\"><\/div>\n<\/div>\n<\/section>\n\n<section class=\"wp-block-group alignfull black-content has-white-color has-darkgray-background-color has-text-color has-background is-layout-constrained wp-block-group-is-layout-constrained\" style=\"padding-top:var(--wp--preset--spacing--section-bottom);padding-bottom:var(--wp--preset--spacing--section-bottom)\">\n<div class=\"wp-block-columns alignwide mobile-reverse is-layout-flex wp-container-core-columns-is-layout-ca64bf2d wp-block-columns-is-layout-flex\" style=\"margin-bottom:var(--wp--preset--spacing--side-padding)\">\n<div class=\"wp-block-column is-vertically-aligned-center is-layout-flow wp-block-column-is-layout-flow\">\n<h3 class=\"wp-block-heading\" style=\"margin-bottom:var(--wp--preset--spacing--h-3-bottom)\"><strong><strong><strong><strong><strong><strong><strong>Patvarus ir pritaikomas<\/strong><\/strong><\/strong><\/strong><\/strong><\/strong><\/strong><\/h3>\n\n\n\n<p><strong><em><strong><em><strong><strong><strong><strong><strong>Sporto suoliukai<\/strong><\/strong><\/strong><\/strong><\/strong><\/em><\/strong><\/em><\/strong><\/p>\n\n\n\n<p style=\"margin-bottom:var(--wp--preset--spacing--tb-section-padding)\">Pagerinkite savo treniruokli\u0173 sal\u0119 naudodami &#8222;Evolve&#8221; suoliukus. \u0160ie suolai pagaminti i\u0161 tvirto metalinio r\u0117mo, naudojant pa\u017eangiausi\u0105 termoreaktyvi\u0173j\u0173 milteli\u0173 elektrostatinio pur\u0161kimo technologij\u0105, tod\u0117l yra ilgaam\u017eiai. Tvirta konstrukcija u\u017etikrina, kad jie atlaikys nam\u0173 naudotoj\u0173, profesionali\u0173 sporto sali\u0173 ir komercini\u0173 treniruokli\u0173, \u012fskaitant karines bazes, vie\u0161bu\u010dius, nakvyn\u0117s namus ir reabilitacijos centrus, reikalavimus.<\/p>\n<\/div>\n\n\n\n<div class=\"wp-block-column is-vertically-aligned-center is-layout-flow wp-block-column-is-layout-flow\">\n<figure class=\"wp-block-video\"><video height=\"2160\" style=\"aspect-ratio: 3840 \/ 2160;\" width=\"3840\" autoplay=\"\" controls=\"\" loop=\"\" muted=\"\" src=\"https:\/\/evolve-fitness.eu\/wp-content\/uploads\/2023\/09\/1-2.mp4\"><\/video><\/figure>\n<\/div>\n<\/div>\n\n\n\n<div class=\"wp-block-columns alignwide is-layout-flex wp-container-core-columns-is-layout-c45ee707 wp-block-columns-is-layout-flex\" style=\"margin-bottom:var(--wp--preset--spacing--side-padding);padding-top:var(--wp--preset--spacing--side-padding)\">\n<div class=\"wp-block-column is-vertically-aligned-center is-layout-flow wp-block-column-is-layout-flow\">\n<figure class=\"wp-block-image size-large is-resized is-style-rounded\"><img loading=\"lazy\" decoding=\"async\" width=\"1024\" height=\"768\" src=\"https:\/\/evolve-fitness.eu\/wp-content\/uploads\/2023\/09\/Lemon-Gym-Saharova-15-1024x768.jpg\" alt=\"\" class=\"wp-image-4047\" style=\"object-fit:cover;width:680px;height:600px\" srcset=\"https:\/\/evolve-fitness.eu\/wp-content\/uploads\/2023\/09\/Lemon-Gym-Saharova-15-1024x768.jpg 1024w, https:\/\/evolve-fitness.eu\/wp-content\/uploads\/2023\/09\/Lemon-Gym-Saharova-15-300x225.jpg 300w, https:\/\/evolve-fitness.eu\/wp-content\/uploads\/2023\/09\/Lemon-Gym-Saharova-15-200x150.jpg 200w, https:\/\/evolve-fitness.eu\/wp-content\/uploads\/2023\/09\/Lemon-Gym-Saharova-15-600x450.jpg 600w, https:\/\/evolve-fitness.eu\/wp-content\/uploads\/2023\/09\/Lemon-Gym-Saharova-15-150x113.jpg 150w, https:\/\/evolve-fitness.eu\/wp-content\/uploads\/2023\/09\/Lemon-Gym-Saharova-15-768x576.jpg 768w, https:\/\/evolve-fitness.eu\/wp-content\/uploads\/2023\/09\/Lemon-Gym-Saharova-15-1536x1152.jpg 1536w, https:\/\/evolve-fitness.eu\/wp-content\/uploads\/2023\/09\/Lemon-Gym-Saharova-15.jpg 2048w\" sizes=\"auto, (max-width: 1024px) 100vw, 1024px\" \/><\/figure>\n<\/div>\n\n\n\n<div class=\"wp-block-column is-vertically-aligned-center is-layout-flow wp-block-column-is-layout-flow\">\n<h3 class=\"wp-block-heading\" style=\"margin-bottom:var(--wp--preset--spacing--h-3-bottom)\"><strong>Pritaikyta j\u016bs\u0173 prek\u0117s \u017eenklui<\/strong><\/h3>\n\n\n\n<p><strong><em><strong><em>Suderinkite savo interjero spalvin\u0119 schem\u0105<\/em><\/strong><\/em><\/strong><\/p>\n\n\n\n<p style=\"margin-bottom:var(--wp--preset--spacing--tb-section-padding)\">Pagerinkite savo sporto sal\u0117s \u012fvaizd\u012f pasirinkdami &#8222;Evolve&#8221; \u012frang\u0105. Si\u016blome pritaikymo galimybes, kad atitikt\u0173 j\u016bs\u0173 interjero spalvin\u0119 schem\u0105. Galite net pritaikyti r\u0117mo ir apmu\u0161al\u0173 spalvas, kad skland\u017eiai der\u0117t\u0173 prie j\u016bs\u0173 \u012fstaigos estetikos. \u012esigykite treniruokli\u0173 \u012frang\u0105, kurios lauk\u0117te &#8211; patvari\u0105, stiling\u0105 ir pritaikyt\u0105 konkretiems j\u016bs\u0173 poreikiams. Rinkit\u0117s &#8222;Evolve&#8221;, jei norite \u012fsigyti auk\u0161\u010diausios klas\u0117s treniruokli\u0173 \u012frang\u0105, kuri puikiai tinka komercin\u0117je aplinkoje ir papildo j\u016bs\u0173 dizaino vizij\u0105.<\/p>\n<\/div>\n<\/div>\n\n\n\n<div class=\"wp-block-columns alignwide is-layout-flex wp-container-core-columns-is-layout-c45ee707 wp-block-columns-is-layout-flex\" style=\"margin-bottom:var(--wp--preset--spacing--side-padding);padding-top:var(--wp--preset--spacing--side-padding)\">\n<div class=\"wp-block-column is-vertically-aligned-center is-layout-flow wp-block-column-is-layout-flow\">\n<h3 class=\"wp-block-heading\" style=\"margin-bottom:var(--wp--preset--spacing--h-3-bottom)\"><strong><strong><strong><strong><strong><strong><strong><strong>Funkcinis<\/strong> <strong>Stabilumas<\/strong><\/strong><\/strong><\/strong><\/strong><\/strong><\/strong><\/strong><\/h3>\n\n\n\n<p><strong><em><strong><em><strong><strong><strong><strong><strong><strong><em><strong><em><strong><strong><strong><strong><strong>PVC dangteliai<\/strong><\/strong><\/strong><\/strong><\/strong><\/em><\/strong><\/em><\/strong><\/strong><\/strong><\/strong><\/strong><\/strong><\/em><\/strong><\/em><\/strong><\/p>\n\n\n\n<p style=\"margin-bottom:var(--wp--preset--spacing--tb-section-padding)\">M\u016bs\u0173 &#8222;Evolve&#8221; suoliukai turi mink\u0161tas PVC dangas ant koj\u0173, kurios apsaugo j\u016bs\u0173 grindis ir u\u017etikrina i\u0161skirtin\u012f stabilum\u0105 net intensyviausi\u0173 treniruo\u010di\u0173 metu. Galite pasikliauti, kad \u0161ie suoliukai u\u017etikrins maksimal\u0173 stabilum\u0105 ir leis treniruotis visam k\u016bnui. Mink\u0161ti ir patog\u016bs apmu\u0161alai u\u017epildyti tankiomis, elastingomis putomis, kurios laikui b\u0117gant nepraranda savo formos. Be to, jis padengtas auk\u0161tos kokyb\u0117s, tvirta PU oda, kad b\u016bt\u0173 ilgaam\u017eis.<\/p>\n<\/div>\n\n\n\n<div class=\"wp-block-column is-vertically-aligned-center is-layout-flow wp-block-column-is-layout-flow\">\n<figure class=\"wp-block-video\"><video height=\"2160\" style=\"aspect-ratio: 3840 \/ 2160;\" width=\"3840\" autoplay=\"\" controls=\"\" loop=\"\" muted=\"\" src=\"https:\/\/evolve-fitness.eu\/wp-content\/uploads\/2023\/09\/2-1.mp4\"><\/video><\/figure>\n<\/div>\n<\/div>\n<\/section>\n","protected":false},"excerpt":{"rendered":"<p>&#8222;Evolve Prime Series&#8221; reguliuojamas suolas PR-204 yra auk\u0161tos kokyb\u0117s ir patvarus komercinis treniruokli\u0173 suolas. Jis turi tvirt\u0105 metalin\u012f r\u0117m\u0105, padengt\u0105 r\u016bdims atsparia danga, reguliuojamus kampus, kad b\u016bt\u0173 maksimaliai patogu, ir stabili\u0105 konstrukcij\u0105 su grind\u0173 apsaugomis. Suoliukas yra kompakti\u0161kas ir lengvai perne\u0161amas su transportavimo ratukais ir rankena. Patog\u016bs apmu\u0161alai u\u017epildyti tankiu putplas\u010diu ir aptraukti tvirta PU oda. Galite net pritaikyti jo spalvas, kad jos der\u0117t\u0173 prie j\u016bs\u0173 sporto sal\u0117s interjero. \u0160iam suoliukui suteikiama 2 met\u0173 garantija, o jo keliamoji galia &#8211; 280 kg, tod\u0117l \u0161is suoliukas yra puikus pasirinkimas profesionalioms treniruokli\u0173 sal\u0117ms.<\/p>\n","protected":false},"featured_media":7053,"template":"","meta":{"_acf_changed":true,"inline_featured_image":false},"product_brand":[],"product_cat":[805,774],"product_tag":[812,810,809,806,634,808,813,811,839,807,776,609],"class_list":{"0":"post-13536","1":"product","2":"type-product","3":"status-publish","4":"has-post-thumbnail","6":"product_cat-prime-serijos-suolai","7":"product_cat-suoliukai","8":"product_tag-dideles-apkrovos","9":"product_tag-didelio-tankio-putos","10":"product_tag-jegos-treniruotes","11":"product_tag-klubu-trauka","12":"product_tag-komercine-sporto-sale","13":"product_tag-komfortas","14":"product_tag-namu-sporto-sale","15":"product_tag-olimpinis-suoliukas","16":"product_tag-reguliuojamas-suolas","17":"product_tag-stiprumas","18":"product_tag-suoliukas","19":"product_tag-tikslumas","21":"first","22":"instock","23":"shipping-taxable","24":"purchasable","25":"product-type-simple"},"acf":{"long_title":"\"Evolve Prime Series\" reguliuojamas suolas, PR-204","subtitle":"","specifications":[{"label":"SKU","text_value":"EV-BN-PR-204","icon":"x"},{"label":"Matmenys","text_value":"1362 x 447 x 415 mm","icon":"x"},{"label":"Svoris  ","text_value":"37 kg","icon":"v"},{"label":"Did\u017eiausia. \u012fkelti  ","text_value":"280 kg","icon":"x"},{"label":"Reguliuojamos nugaros atramos pad\u0117tys","text_value":"9","icon":"x"},{"label":"Reguliuojamos s\u0117dyn\u0117s atramos pad\u0117tys","text_value":"4","icon":"x"},{"label":"Kampai","text_value":"0\u00b0 - 90\u00b0","icon":"x"},{"label":"R\u0117mo storis","text_value":"3 mm","icon":"x"},{"label":"Apmu\u0161al\u0173 storis","text_value":"6 cm","icon":"x"},{"label":"Lengvai naudojami reguliavimo mechanizmai","text_value":"","icon":"v"},{"label":"Plieninis r\u0117mas, padengtas milteliniu b\u016bdu dengta danga, atsparia nusid\u0117v\u0117jimui ir \u012fbr\u0117\u017eimams","text_value":"","icon":"v"},{"label":"Antikoroziniai da\u017eai","text_value":"","icon":"v"},{"label":"Patvarios grind\u0173 apsaugos priemon\u0117s","text_value":"","icon":"v"},{"label":"Transporto rankena","text_value":"","icon":"v"},{"label":"Transporto ratai","text_value":"2 metai","icon":"v"},{"label":"Garantija ","text_value":"2 metai","icon":"x"}]},"yoast_head":"<!-- This site is optimized with the Yoast SEO plugin v27.4 - https:\/\/yoast.com\/product\/yoast-seo-wordpress\/ -->\n<title>&quot;Evolve Prime Series&quot; reguliuojamas suoliukas - Evolve<\/title>\n<meta name=\"robots\" content=\"index, follow, max-snippet:-1, max-image-preview:large, max-video-preview:-1\" \/>\n<link rel=\"canonical\" href=\"https:\/\/evolve-fitness.eu\/lt\/produktas\/evolve-prime-series-reguliuojamas-suoliukas\/\" \/>\n<meta property=\"og:locale\" content=\"lt_LT\" \/>\n<meta property=\"og:type\" content=\"article\" \/>\n<meta property=\"og:title\" content=\"&quot;Evolve Prime Series&quot; reguliuojamas suoliukas - Evolve\" \/>\n<meta property=\"og:url\" content=\"https:\/\/evolve-fitness.eu\/lt\/produktas\/evolve-prime-series-reguliuojamas-suoliukas\/\" \/>\n<meta property=\"og:site_name\" content=\"Evolve\" \/>\n<meta property=\"article:publisher\" content=\"https:\/\/www.facebook.com\/EvolveFitnessEurope\" \/>\n<meta property=\"article:modified_time\" content=\"2026-04-01T06:15:26+00:00\" \/>\n<meta property=\"og:image\" content=\"https:\/\/evolve-fitness.eu\/wp-content\/uploads\/2023\/09\/EVOLVE-BN-PR-204.png\" \/>\n\t<meta property=\"og:image:width\" content=\"680\" \/>\n\t<meta property=\"og:image:height\" content=\"600\" \/>\n\t<meta property=\"og:image:type\" content=\"image\/png\" \/>\n<meta name=\"twitter:card\" content=\"summary_large_image\" \/>\n<script type=\"application\/ld+json\" class=\"yoast-schema-graph\">{\"@context\":\"https:\\\/\\\/schema.org\",\"@graph\":[{\"@type\":\"WebPage\",\"@id\":\"https:\\\/\\\/evolve-fitness.eu\\\/lt\\\/produktas\\\/evolve-prime-series-reguliuojamas-suoliukas\\\/\",\"url\":\"https:\\\/\\\/evolve-fitness.eu\\\/lt\\\/produktas\\\/evolve-prime-series-reguliuojamas-suoliukas\\\/\",\"name\":\"\\\"Evolve Prime Series\\\" reguliuojamas suoliukas - Evolve\",\"isPartOf\":{\"@id\":\"https:\\\/\\\/evolve-fitness.eu\\\/lt\\\/#website\"},\"primaryImageOfPage\":{\"@id\":\"https:\\\/\\\/evolve-fitness.eu\\\/lt\\\/produktas\\\/evolve-prime-series-reguliuojamas-suoliukas\\\/#primaryimage\"},\"image\":{\"@id\":\"https:\\\/\\\/evolve-fitness.eu\\\/lt\\\/produktas\\\/evolve-prime-series-reguliuojamas-suoliukas\\\/#primaryimage\"},\"thumbnailUrl\":\"https:\\\/\\\/evolve-fitness.eu\\\/wp-content\\\/uploads\\\/2023\\\/09\\\/EVOLVE-BN-PR-204.png\",\"datePublished\":\"2023-09-19T09:54:11+00:00\",\"dateModified\":\"2026-04-01T06:15:26+00:00\",\"breadcrumb\":{\"@id\":\"https:\\\/\\\/evolve-fitness.eu\\\/lt\\\/produktas\\\/evolve-prime-series-reguliuojamas-suoliukas\\\/#breadcrumb\"},\"inLanguage\":\"lt-LT\",\"potentialAction\":[{\"@type\":\"ReadAction\",\"target\":[\"https:\\\/\\\/evolve-fitness.eu\\\/lt\\\/produktas\\\/evolve-prime-series-reguliuojamas-suoliukas\\\/\"]}]},{\"@type\":\"ImageObject\",\"inLanguage\":\"lt-LT\",\"@id\":\"https:\\\/\\\/evolve-fitness.eu\\\/lt\\\/produktas\\\/evolve-prime-series-reguliuojamas-suoliukas\\\/#primaryimage\",\"url\":\"https:\\\/\\\/evolve-fitness.eu\\\/wp-content\\\/uploads\\\/2023\\\/09\\\/EVOLVE-BN-PR-204.png\",\"contentUrl\":\"https:\\\/\\\/evolve-fitness.eu\\\/wp-content\\\/uploads\\\/2023\\\/09\\\/EVOLVE-BN-PR-204.png\",\"width\":680,\"height\":600,\"caption\":\"EV-BN-PR-204\"},{\"@type\":\"BreadcrumbList\",\"@id\":\"https:\\\/\\\/evolve-fitness.eu\\\/lt\\\/produktas\\\/evolve-prime-series-reguliuojamas-suoliukas\\\/#breadcrumb\",\"itemListElement\":[{\"@type\":\"ListItem\",\"position\":1,\"name\":\"Home\",\"item\":\"https:\\\/\\\/evolve-fitness.eu\\\/lt\\\/\"},{\"@type\":\"ListItem\",\"position\":2,\"name\":\"Produktai\",\"item\":\"https:\\\/\\\/evolve-fitness.eu\\\/lt\\\/shop\\\/\"},{\"@type\":\"ListItem\",\"position\":3,\"name\":\"&#8220;Evolve Prime Series&#8221; reguliuojamas suoliukas\"}]},{\"@type\":\"WebSite\",\"@id\":\"https:\\\/\\\/evolve-fitness.eu\\\/lt\\\/#website\",\"url\":\"https:\\\/\\\/evolve-fitness.eu\\\/lt\\\/\",\"name\":\"Evolve\",\"description\":\"Your Evolved Gear Arrived\",\"publisher\":{\"@id\":\"https:\\\/\\\/evolve-fitness.eu\\\/lt\\\/#organization\"},\"potentialAction\":[{\"@type\":\"SearchAction\",\"target\":{\"@type\":\"EntryPoint\",\"urlTemplate\":\"https:\\\/\\\/evolve-fitness.eu\\\/lt\\\/?s={search_term_string}\"},\"query-input\":{\"@type\":\"PropertyValueSpecification\",\"valueRequired\":true,\"valueName\":\"search_term_string\"}}],\"inLanguage\":\"lt-LT\"},{\"@type\":\"Organization\",\"@id\":\"https:\\\/\\\/evolve-fitness.eu\\\/lt\\\/#organization\",\"name\":\"Evolve\",\"url\":\"https:\\\/\\\/evolve-fitness.eu\\\/lt\\\/\",\"logo\":{\"@type\":\"ImageObject\",\"inLanguage\":\"lt-LT\",\"@id\":\"https:\\\/\\\/evolve-fitness.eu\\\/lt\\\/#\\\/schema\\\/logo\\\/image\\\/\",\"url\":\"https:\\\/\\\/evolve-fitness.eu\\\/wp-content\\\/uploads\\\/2023\\\/05\\\/Evolve-logo.svg\",\"contentUrl\":\"https:\\\/\\\/evolve-fitness.eu\\\/wp-content\\\/uploads\\\/2023\\\/05\\\/Evolve-logo.svg\",\"width\":176,\"height\":20,\"caption\":\"Evolve\"},\"image\":{\"@id\":\"https:\\\/\\\/evolve-fitness.eu\\\/lt\\\/#\\\/schema\\\/logo\\\/image\\\/\"},\"sameAs\":[\"https:\\\/\\\/www.facebook.com\\\/EvolveFitnessEurope\"]}]}<\/script>\n<!-- \/ Yoast SEO plugin. -->","yoast_head_json":{"title":"\"Evolve Prime Series\" reguliuojamas suoliukas - Evolve","robots":{"index":"index","follow":"follow","max-snippet":"max-snippet:-1","max-image-preview":"max-image-preview:large","max-video-preview":"max-video-preview:-1"},"canonical":"https:\/\/evolve-fitness.eu\/lt\/produktas\/evolve-prime-series-reguliuojamas-suoliukas\/","og_locale":"lt_LT","og_type":"article","og_title":"\"Evolve Prime Series\" reguliuojamas suoliukas - Evolve","og_url":"https:\/\/evolve-fitness.eu\/lt\/produktas\/evolve-prime-series-reguliuojamas-suoliukas\/","og_site_name":"Evolve","article_publisher":"https:\/\/www.facebook.com\/EvolveFitnessEurope","article_modified_time":"2026-04-01T06:15:26+00:00","og_image":[{"width":680,"height":600,"url":"https:\/\/evolve-fitness.eu\/wp-content\/uploads\/2023\/09\/EVOLVE-BN-PR-204.png","type":"image\/png"}],"twitter_card":"summary_large_image","schema":{"@context":"https:\/\/schema.org","@graph":[{"@type":"WebPage","@id":"https:\/\/evolve-fitness.eu\/lt\/produktas\/evolve-prime-series-reguliuojamas-suoliukas\/","url":"https:\/\/evolve-fitness.eu\/lt\/produktas\/evolve-prime-series-reguliuojamas-suoliukas\/","name":"\"Evolve Prime Series\" reguliuojamas suoliukas - Evolve","isPartOf":{"@id":"https:\/\/evolve-fitness.eu\/lt\/#website"},"primaryImageOfPage":{"@id":"https:\/\/evolve-fitness.eu\/lt\/produktas\/evolve-prime-series-reguliuojamas-suoliukas\/#primaryimage"},"image":{"@id":"https:\/\/evolve-fitness.eu\/lt\/produktas\/evolve-prime-series-reguliuojamas-suoliukas\/#primaryimage"},"thumbnailUrl":"https:\/\/evolve-fitness.eu\/wp-content\/uploads\/2023\/09\/EVOLVE-BN-PR-204.png","datePublished":"2023-09-19T09:54:11+00:00","dateModified":"2026-04-01T06:15:26+00:00","breadcrumb":{"@id":"https:\/\/evolve-fitness.eu\/lt\/produktas\/evolve-prime-series-reguliuojamas-suoliukas\/#breadcrumb"},"inLanguage":"lt-LT","potentialAction":[{"@type":"ReadAction","target":["https:\/\/evolve-fitness.eu\/lt\/produktas\/evolve-prime-series-reguliuojamas-suoliukas\/"]}]},{"@type":"ImageObject","inLanguage":"lt-LT","@id":"https:\/\/evolve-fitness.eu\/lt\/produktas\/evolve-prime-series-reguliuojamas-suoliukas\/#primaryimage","url":"https:\/\/evolve-fitness.eu\/wp-content\/uploads\/2023\/09\/EVOLVE-BN-PR-204.png","contentUrl":"https:\/\/evolve-fitness.eu\/wp-content\/uploads\/2023\/09\/EVOLVE-BN-PR-204.png","width":680,"height":600,"caption":"EV-BN-PR-204"},{"@type":"BreadcrumbList","@id":"https:\/\/evolve-fitness.eu\/lt\/produktas\/evolve-prime-series-reguliuojamas-suoliukas\/#breadcrumb","itemListElement":[{"@type":"ListItem","position":1,"name":"Home","item":"https:\/\/evolve-fitness.eu\/lt\/"},{"@type":"ListItem","position":2,"name":"Produktai","item":"https:\/\/evolve-fitness.eu\/lt\/shop\/"},{"@type":"ListItem","position":3,"name":"&#8220;Evolve Prime Series&#8221; reguliuojamas suoliukas"}]},{"@type":"WebSite","@id":"https:\/\/evolve-fitness.eu\/lt\/#website","url":"https:\/\/evolve-fitness.eu\/lt\/","name":"Evolve","description":"Your Evolved Gear Arrived","publisher":{"@id":"https:\/\/evolve-fitness.eu\/lt\/#organization"},"potentialAction":[{"@type":"SearchAction","target":{"@type":"EntryPoint","urlTemplate":"https:\/\/evolve-fitness.eu\/lt\/?s={search_term_string}"},"query-input":{"@type":"PropertyValueSpecification","valueRequired":true,"valueName":"search_term_string"}}],"inLanguage":"lt-LT"},{"@type":"Organization","@id":"https:\/\/evolve-fitness.eu\/lt\/#organization","name":"Evolve","url":"https:\/\/evolve-fitness.eu\/lt\/","logo":{"@type":"ImageObject","inLanguage":"lt-LT","@id":"https:\/\/evolve-fitness.eu\/lt\/#\/schema\/logo\/image\/","url":"https:\/\/evolve-fitness.eu\/wp-content\/uploads\/2023\/05\/Evolve-logo.svg","contentUrl":"https:\/\/evolve-fitness.eu\/wp-content\/uploads\/2023\/05\/Evolve-logo.svg","width":176,"height":20,"caption":"Evolve"},"image":{"@id":"https:\/\/evolve-fitness.eu\/lt\/#\/schema\/logo\/image\/"},"sameAs":["https:\/\/www.facebook.com\/EvolveFitnessEurope"]}]}},"_links":{"self":[{"href":"https:\/\/evolve-fitness.eu\/lt\/wp-json\/wp\/v2\/product\/13536","targetHints":{"allow":["GET"]}}],"collection":[{"href":"https:\/\/evolve-fitness.eu\/lt\/wp-json\/wp\/v2\/product"}],"about":[{"href":"https:\/\/evolve-fitness.eu\/lt\/wp-json\/wp\/v2\/types\/product"}],"wp:featuredmedia":[{"embeddable":true,"href":"https:\/\/evolve-fitness.eu\/lt\/wp-json\/wp\/v2\/media\/7053"}],"wp:attachment":[{"href":"https:\/\/evolve-fitness.eu\/lt\/wp-json\/wp\/v2\/media?parent=13536"}],"wp:term":[{"taxonomy":"product_brand","embeddable":true,"href":"https:\/\/evolve-fitness.eu\/lt\/wp-json\/wp\/v2\/product_brand?post=13536"},{"taxonomy":"product_cat","embeddable":true,"href":"https:\/\/evolve-fitness.eu\/lt\/wp-json\/wp\/v2\/product_cat?post=13536"},{"taxonomy":"product_tag","embeddable":true,"href":"https:\/\/evolve-fitness.eu\/lt\/wp-json\/wp\/v2\/product_tag?post=13536"}],"curies":[{"name":"wp","href":"https:\/\/api.w.org\/{rel}","templated":true}]}}