{"id":13743,"date":"2023-10-05T13:30:10","date_gmt":"2023-10-05T13:30:10","guid":{"rendered":"https:\/\/evolve-fitness.eu\/product\/evolve-gumines-svarmenu-ploksteles-2-x-125-25-kg\/"},"modified":"2026-04-13T10:16:05","modified_gmt":"2026-04-13T07:16:05","slug":"evolve-gumines-svarmenu-ploksteles-2-x-125-25-kg","status":"publish","type":"product","link":"https:\/\/evolve-fitness.eu\/lt\/produktas\/evolve-gumines-svarmenu-ploksteles-2-x-125-25-kg\/","title":{"rendered":"&#8222;Evolve&#8221; gumin\u0117s svarmen\u0173 plok\u0161t\u0117s 1,25-25 kg (WP-RB)"},"content":{"rendered":"\n<section class=\"wp-block-group alignfull has-lightgray-background-color has-background is-layout-constrained wp-block-group-is-layout-constrained\">\n<div class=\"wp-block-columns alignwide is-layout-flex wp-container-core-columns-is-layout-2edb0647 wp-block-columns-is-layout-flex\" style=\"margin-top:0;margin-bottom:0\">\n<div class=\"wp-block-column is-layout-flow wp-block-column-is-layout-flow\" style=\"flex-basis:33.33%\"><\/div>\n\n\n\n<div class=\"wp-block-column is-layout-flow wp-block-column-is-layout-flow\" style=\"flex-basis:66.66%\"><\/div>\n<\/div>\n<\/section>\n\n<section class=\"wp-block-group alignfull black-content has-white-color has-darkgray-background-color has-text-color has-background is-layout-constrained wp-block-group-is-layout-constrained\" style=\"padding-top:var(--wp--preset--spacing--section-bottom);padding-bottom:var(--wp--preset--spacing--section-bottom)\">\n<div class=\"wp-block-columns alignwide is-layout-flex wp-container-core-columns-is-layout-c45ee707 wp-block-columns-is-layout-flex\" style=\"margin-bottom:var(--wp--preset--spacing--side-padding);padding-top:var(--wp--preset--spacing--side-padding)\">\n<div class=\"wp-block-column is-vertically-aligned-center is-layout-constrained wp-block-column-is-layout-constrained\">\n<h3 class=\"wp-block-heading\" style=\"margin-bottom:var(--wp--preset--spacing--h-3-bottom)\">LOGOTIPAS IR SVORIO NUORODA<\/h3>\n\n\n\n<p><strong><em><strong><em>Padidintas patvarumas<\/em><\/strong><\/em><\/strong><\/p>\n\n\n\n<p style=\"margin-bottom:var(--wp--preset--spacing--tb-section-padding)\">M\u016bs\u0173 logotipo ir svorio nurodymo sistemoje naudojami lazeriu i\u0161pjauti svorio skai\u010diai, tod\u0117l u\u017etikrinama nepriekai\u0161tinga i\u0161vaizda be spygli\u0173. Be to, \u0161ie skai\u010diai ir logotipas yra i\u0161 ilgalaikio uretano, tod\u0117l u\u017etikrinamos ry\u0161kios spalvos, kurios laikui b\u0117gant neblunka. Rinkit\u0117s mus, jei norite neprilygstamo patvarumo ir ai\u0161kumo, kai reikia nurodyti svor\u012f.<\/p>\n<\/div>\n\n\n\n<div class=\"wp-block-column is-vertically-aligned-center is-layout-flow wp-block-column-is-layout-flow\">\n<figure class=\"wp-block-video\"><video height=\"1080\" style=\"aspect-ratio: 1920 \/ 1080;\" width=\"1920\" autoplay=\"\" controls=\"\" loop=\"\" src=\"https:\/\/evolve-fitness.eu\/wp-content\/uploads\/2024\/01\/EV-WP-RB-Evolve.mp4\"><\/video><\/figure>\n<\/div>\n<\/div>\n\n\n\n<div class=\"wp-block-columns alignwide is-layout-flex wp-container-core-columns-is-layout-c45ee707 wp-block-columns-is-layout-flex\" style=\"margin-bottom:var(--wp--preset--spacing--side-padding);padding-top:var(--wp--preset--spacing--side-padding)\">\n<div class=\"wp-block-column is-vertically-aligned-center is-layout-flow wp-block-column-is-layout-flow\">\n<figure class=\"wp-block-image size-large\"><img loading=\"lazy\" decoding=\"async\" width=\"683\" height=\"1024\" src=\"https:\/\/evolve-fitness.eu\/wp-content\/uploads\/2024\/01\/EV-WP-RB-683x1024.jpg\" alt=\"EV-WP-RB\" class=\"wp-image-9815\" srcset=\"https:\/\/evolve-fitness.eu\/wp-content\/uploads\/2024\/01\/EV-WP-RB-683x1024.jpg 683w, https:\/\/evolve-fitness.eu\/wp-content\/uploads\/2024\/01\/EV-WP-RB-300x450.jpg 300w, https:\/\/evolve-fitness.eu\/wp-content\/uploads\/2024\/01\/EV-WP-RB-100x150.jpg 100w, https:\/\/evolve-fitness.eu\/wp-content\/uploads\/2024\/01\/EV-WP-RB-600x900.jpg 600w, https:\/\/evolve-fitness.eu\/wp-content\/uploads\/2024\/01\/EV-WP-RB-200x300.jpg 200w, https:\/\/evolve-fitness.eu\/wp-content\/uploads\/2024\/01\/EV-WP-RB-768x1152.jpg 768w, https:\/\/evolve-fitness.eu\/wp-content\/uploads\/2024\/01\/EV-WP-RB-1024x1536.jpg 1024w, https:\/\/evolve-fitness.eu\/wp-content\/uploads\/2024\/01\/EV-WP-RB.jpg 1280w\" sizes=\"auto, (max-width: 683px) 100vw, 683px\" \/><\/figure>\n<\/div>\n\n\n\n<div class=\"wp-block-column is-vertically-aligned-center is-layout-flow wp-block-column-is-layout-flow\">\n<h3 class=\"wp-block-heading\" style=\"margin-bottom:var(--wp--preset--spacing--h-3-bottom)\"><strong>FUNKCIONALUMAS<\/strong><\/h3>\n\n\n\n<p><strong><em><strong>Patvarumas, saugumas ir sukibimas viename<\/strong><\/em><\/strong><\/p>\n\n\n\n<p>\u0160ios svarmen\u0173 plok\u0161t\u0117s, suprojektuotos atsi\u017evelgiant \u012f did\u017eiausi\u0105 funkcionalum\u0105, yra padengtos patvaria guma, tod\u0117l apsaugo grindis ir \u012frang\u0105 nuo galim\u0173 pa\u017eeidim\u0173, o treniruo\u010di\u0173 triuk\u0161mas yra minimalus. J\u0173 tekst\u016bruotas pavir\u0161ius yra lengvai valomas, neslystantis, o sukibimas su pavir\u0161iumi yra i\u0161skirtinis ir u\u017etikrina saugum\u0105 net ir intensyviausi\u0173 treniruo\u010di\u0173 metu.<\/p>\n<\/div>\n<\/div>\n\n\n\n<div class=\"wp-block-columns alignwide is-layout-flex wp-container-core-columns-is-layout-c45ee707 wp-block-columns-is-layout-flex\" style=\"margin-bottom:var(--wp--preset--spacing--side-padding);padding-top:var(--wp--preset--spacing--side-padding)\">\n<div class=\"wp-block-column is-vertically-aligned-center is-layout-flow wp-block-column-is-layout-flow\">\n<h3 class=\"wp-block-heading\" style=\"margin-bottom:var(--wp--preset--spacing--h-3-bottom)\">pasiprie\u0161inimo reguliavimas be pastang\u0173<\/h3>\n\n\n\n<p><em><strong>Tiksliai pagamintas<\/strong><\/em><\/p>\n\n\n\n<p>Pagamintos i\u0161 patvarios ner\u016bdijan\u010dio plieno \u012fvor\u0117s ir precizi\u0161kai i\u0161lietos, \u0161ios plok\u0161tel\u0117s puikiai priglunda prie vis\u0173 olimpini\u0173 \u0161tang\u0173. D\u0117l ergonomi\u0161k\u0173 suapvalint\u0173 rankovi\u0173 antgali\u0173 svorius pakrauti ir i\u0161krauti lengva. Be to, d\u0117l trij\u0173 patogi\u0173 ranken\u0173 ir neslystan\u010dios gumos tekst\u016bros gal\u0117site tvirtai laikytis net ir atlikdami sud\u0117tingiausius pak\u0117limus. Pagerinkite savo treniruo\u010di\u0173 patirt\u012f naudodami m\u016bs\u0173 universalias ir patogias naudoti svori\u0173 l\u0117k\u0161tes.<\/p>\n<\/div>\n\n\n\n<div class=\"wp-block-column is-vertically-aligned-center is-layout-flow wp-block-column-is-layout-flow\">\n<div class=\"wp-block-columns is-layout-flex wp-container-core-columns-is-layout-9d6595d7 wp-block-columns-is-layout-flex\">\n<div class=\"wp-block-column is-layout-flow wp-block-column-is-layout-flow\">\n<figure class=\"wp-block-video\"><video height=\"1080\" style=\"aspect-ratio: 1920 \/ 1080;\" width=\"1920\" autoplay=\"\" controls=\"\" loop=\"\" muted=\"\" src=\"https:\/\/evolve-fitness.eu\/wp-content\/uploads\/2024\/01\/EV-WP-RB-Cut.mp4\"><\/video><\/figure>\n<\/div>\n<\/div>\n<\/div>\n<\/div>\n<\/section>\n","protected":false},"excerpt":{"rendered":"<p>Pagerinkite savo treniruotes su &#8222;Evolve&#8221; gumin\u0117mis svarmen\u0173 plok\u0161t\u0117mis<br \/>\nM\u016bs\u0173 &#8222;Evolve&#8221; gumin\u0117s svarmen\u0173 plok\u0161t\u0117s yra idealus pasirinkimas profesionalioms sporto sal\u0117ms ir nam\u0173 fitneso entuziastams. \u0160ios plok\u0161t\u0117s pagamintos i\u0161 auk\u0161tos kokyb\u0117s, bekvap\u0117s gumos, turi ner\u016bdijan\u010dias ner\u016bdijan\u010dio plieno \u012fvores ir yra \u012fvairaus svorio &#8211; nuo 1,25 kg iki 25 kg. D\u0117l i\u0161skirtinio patvarumo, tikslaus liejimo ir neslystan\u010dio dizaino jie puikiai tinka intensyvioms treniruot\u0117ms. Lengvai tvirtinamos prie olimpini\u0173 50 mm skersmens \u0161tang\u0173, \u0161ios plok\u0161tel\u0117s yra ne tik funkcionalios, bet ir stilingos, su lazeriu i\u0161pjautais svorio skai\u010diais ir ry\u0161kiu logotipu. Atnaujinkite savo treniruo\u010di\u0173 rutin\u0105 su &#8222;Evolve Weight Plates&#8221; \u0161iandien<\/p>\n","protected":false},"featured_media":4409,"template":"","meta":{"_acf_changed":false,"inline_featured_image":false},"product_brand":[],"product_cat":[499,500],"product_tag":[],"class_list":{"0":"post-13743","1":"product","2":"type-product","3":"status-publish","4":"has-post-thumbnail","6":"product_cat-laisvieji-svarmenys","7":"product_cat-svorio-plokstes","9":"first","10":"instock","11":"shipping-taxable","12":"purchasable","13":"product-type-variable"},"acf":{"long_title":"\"Evolve\" gumin\u0117s svarmen\u0173 plok\u0161t\u0117s 1,25-25 kg (WP-RB)","subtitle":"","specifications":[{"label":"SKU","text_value":"EV-WP-RB","icon":"x"},{"label":"1,25 kg plok\u0161t\u0117s skersmuo \/ storis","text_value":"160\/21 mm","icon":"x"},{"label":"1,25 kg plok\u0161t\u0117s skersmuo","text_value":"160 mm","icon":"x"},{"label":"1,25 kg plok\u0161t\u0117s storis","text_value":"21 mm","icon":"x"},{"label":"2,5 kg plok\u0161t\u0117s skersmuo","text_value":"200 mm","icon":"x"},{"label":"2,5 kg plok\u0161t\u0117s storis","text_value":"23 mm","icon":"x"},{"label":"5 kg plok\u0161t\u0117s skersmuo","text_value":"251 mm","icon":"x"},{"label":"5 kg plok\u0161t\u0117s storis","text_value":"31 mm","icon":"x"},{"label":"10 kg plok\u0161t\u0117s skersmuo","text_value":"318 mm","icon":"x"},{"label":"10 kg plok\u0161t\u0117s storis","text_value":"35 mm","icon":"x"},{"label":"15 kg plok\u0161t\u0117s skersmuo","text_value":"357 mm","icon":"x"},{"label":"15 kg plok\u0161t\u0117s storis","text_value":"41 mm","icon":"x"},{"label":"20 kg plok\u0161t\u0117s skersmuo","text_value":"397 mm","icon":"x"},{"label":"20 kg plok\u0161t\u0117s storis","text_value":"42 mm","icon":"x"},{"label":"25 kg plok\u0161t\u0117s skersmuo","text_value":"428 mm","icon":"x"},{"label":"25 kg plok\u0161t\u0117s storis","text_value":"43 mm","icon":"x"},{"label":"3 rankenos, kad b\u016bt\u0173 lengva pakrauti","text_value":"","icon":"v"},{"label":"Nuolat \u012fspausta svorio nuoroda","text_value":"","icon":"v"},{"label":"Neslystanti gumin\u0117 danga","text_value":"","icon":"v"},{"label":"Ner\u016bdijan\u010dio plieno \u012fvor\u0117 su u\u017eapvalintais galais","text_value":"","icon":"v"},{"label":"Spalvotas vartotojo logotipas","text_value":"","icon":"v"}]},"yoast_head":"<!-- This site is optimized with the Yoast SEO plugin v27.4 - https:\/\/yoast.com\/product\/yoast-seo-wordpress\/ -->\n<title>&quot;Evolve&quot; gumin\u0117s svarmen\u0173 plok\u0161t\u0117s 1,25-25 kg (WP-RB) - Evolve<\/title>\n<meta name=\"robots\" content=\"index, follow, max-snippet:-1, max-image-preview:large, max-video-preview:-1\" \/>\n<link rel=\"canonical\" href=\"https:\/\/evolve-fitness.eu\/lt\/produktas\/evolve-gumines-svarmenu-ploksteles-2-x-125-25-kg\/\" \/>\n<meta property=\"og:locale\" content=\"lt_LT\" \/>\n<meta property=\"og:type\" content=\"article\" \/>\n<meta property=\"og:title\" content=\"&quot;Evolve&quot; gumin\u0117s svarmen\u0173 plok\u0161t\u0117s 1,25-25 kg (WP-RB) - Evolve\" \/>\n<meta property=\"og:url\" content=\"https:\/\/evolve-fitness.eu\/lt\/produktas\/evolve-gumines-svarmenu-ploksteles-2-x-125-25-kg\/\" \/>\n<meta property=\"og:site_name\" content=\"Evolve\" \/>\n<meta property=\"article:publisher\" content=\"https:\/\/www.facebook.com\/EvolveFitnessEurope\" \/>\n<meta property=\"article:modified_time\" content=\"2026-04-13T07:16:05+00:00\" \/>\n<meta property=\"og:image\" content=\"https:\/\/evolve-fitness.eu\/wp-content\/uploads\/2023\/10\/Dizainas-be-pavadinimo.png\" \/>\n\t<meta property=\"og:image:width\" content=\"680\" \/>\n\t<meta property=\"og:image:height\" content=\"600\" \/>\n\t<meta property=\"og:image:type\" content=\"image\/png\" \/>\n<meta name=\"twitter:card\" content=\"summary_large_image\" \/>\n<script type=\"application\/ld+json\" class=\"yoast-schema-graph\">{\"@context\":\"https:\\\/\\\/schema.org\",\"@graph\":[{\"@type\":\"WebPage\",\"@id\":\"https:\\\/\\\/evolve-fitness.eu\\\/lt\\\/produktas\\\/evolve-gumines-svarmenu-ploksteles-2-x-125-25-kg\\\/\",\"url\":\"https:\\\/\\\/evolve-fitness.eu\\\/lt\\\/produktas\\\/evolve-gumines-svarmenu-ploksteles-2-x-125-25-kg\\\/\",\"name\":\"\\\"Evolve\\\" gumin\u0117s svarmen\u0173 plok\u0161t\u0117s 1,25-25 kg (WP-RB) - Evolve\",\"isPartOf\":{\"@id\":\"https:\\\/\\\/evolve-fitness.eu\\\/lt\\\/#website\"},\"primaryImageOfPage\":{\"@id\":\"https:\\\/\\\/evolve-fitness.eu\\\/lt\\\/produktas\\\/evolve-gumines-svarmenu-ploksteles-2-x-125-25-kg\\\/#primaryimage\"},\"image\":{\"@id\":\"https:\\\/\\\/evolve-fitness.eu\\\/lt\\\/produktas\\\/evolve-gumines-svarmenu-ploksteles-2-x-125-25-kg\\\/#primaryimage\"},\"thumbnailUrl\":\"https:\\\/\\\/evolve-fitness.eu\\\/wp-content\\\/uploads\\\/2023\\\/10\\\/Dizainas-be-pavadinimo.png\",\"datePublished\":\"2023-10-05T13:30:10+00:00\",\"dateModified\":\"2026-04-13T07:16:05+00:00\",\"breadcrumb\":{\"@id\":\"https:\\\/\\\/evolve-fitness.eu\\\/lt\\\/produktas\\\/evolve-gumines-svarmenu-ploksteles-2-x-125-25-kg\\\/#breadcrumb\"},\"inLanguage\":\"lt-LT\",\"potentialAction\":[{\"@type\":\"ReadAction\",\"target\":[\"https:\\\/\\\/evolve-fitness.eu\\\/lt\\\/produktas\\\/evolve-gumines-svarmenu-ploksteles-2-x-125-25-kg\\\/\"]}]},{\"@type\":\"ImageObject\",\"inLanguage\":\"lt-LT\",\"@id\":\"https:\\\/\\\/evolve-fitness.eu\\\/lt\\\/produktas\\\/evolve-gumines-svarmenu-ploksteles-2-x-125-25-kg\\\/#primaryimage\",\"url\":\"https:\\\/\\\/evolve-fitness.eu\\\/wp-content\\\/uploads\\\/2023\\\/10\\\/Dizainas-be-pavadinimo.png\",\"contentUrl\":\"https:\\\/\\\/evolve-fitness.eu\\\/wp-content\\\/uploads\\\/2023\\\/10\\\/Dizainas-be-pavadinimo.png\",\"width\":680,\"height\":600,\"caption\":\"EV-WP-RB\"},{\"@type\":\"BreadcrumbList\",\"@id\":\"https:\\\/\\\/evolve-fitness.eu\\\/lt\\\/produktas\\\/evolve-gumines-svarmenu-ploksteles-2-x-125-25-kg\\\/#breadcrumb\",\"itemListElement\":[{\"@type\":\"ListItem\",\"position\":1,\"name\":\"Home\",\"item\":\"https:\\\/\\\/evolve-fitness.eu\\\/lt\\\/\"},{\"@type\":\"ListItem\",\"position\":2,\"name\":\"Produktai\",\"item\":\"https:\\\/\\\/evolve-fitness.eu\\\/lt\\\/shop\\\/\"},{\"@type\":\"ListItem\",\"position\":3,\"name\":\"&#8220;Evolve&#8221; gumin\u0117s svarmen\u0173 plok\u0161t\u0117s 1,25-25 kg (WP-RB)\"}]},{\"@type\":\"WebSite\",\"@id\":\"https:\\\/\\\/evolve-fitness.eu\\\/lt\\\/#website\",\"url\":\"https:\\\/\\\/evolve-fitness.eu\\\/lt\\\/\",\"name\":\"Evolve\",\"description\":\"Your Evolved Gear Arrived\",\"publisher\":{\"@id\":\"https:\\\/\\\/evolve-fitness.eu\\\/lt\\\/#organization\"},\"potentialAction\":[{\"@type\":\"SearchAction\",\"target\":{\"@type\":\"EntryPoint\",\"urlTemplate\":\"https:\\\/\\\/evolve-fitness.eu\\\/lt\\\/?s={search_term_string}\"},\"query-input\":{\"@type\":\"PropertyValueSpecification\",\"valueRequired\":true,\"valueName\":\"search_term_string\"}}],\"inLanguage\":\"lt-LT\"},{\"@type\":\"Organization\",\"@id\":\"https:\\\/\\\/evolve-fitness.eu\\\/lt\\\/#organization\",\"name\":\"Evolve\",\"url\":\"https:\\\/\\\/evolve-fitness.eu\\\/lt\\\/\",\"logo\":{\"@type\":\"ImageObject\",\"inLanguage\":\"lt-LT\",\"@id\":\"https:\\\/\\\/evolve-fitness.eu\\\/lt\\\/#\\\/schema\\\/logo\\\/image\\\/\",\"url\":\"https:\\\/\\\/evolve-fitness.eu\\\/wp-content\\\/uploads\\\/2023\\\/05\\\/Evolve-logo.svg\",\"contentUrl\":\"https:\\\/\\\/evolve-fitness.eu\\\/wp-content\\\/uploads\\\/2023\\\/05\\\/Evolve-logo.svg\",\"width\":176,\"height\":20,\"caption\":\"Evolve\"},\"image\":{\"@id\":\"https:\\\/\\\/evolve-fitness.eu\\\/lt\\\/#\\\/schema\\\/logo\\\/image\\\/\"},\"sameAs\":[\"https:\\\/\\\/www.facebook.com\\\/EvolveFitnessEurope\"]}]}<\/script>\n<!-- \/ Yoast SEO plugin. -->","yoast_head_json":{"title":"\"Evolve\" gumin\u0117s svarmen\u0173 plok\u0161t\u0117s 1,25-25 kg (WP-RB) - Evolve","robots":{"index":"index","follow":"follow","max-snippet":"max-snippet:-1","max-image-preview":"max-image-preview:large","max-video-preview":"max-video-preview:-1"},"canonical":"https:\/\/evolve-fitness.eu\/lt\/produktas\/evolve-gumines-svarmenu-ploksteles-2-x-125-25-kg\/","og_locale":"lt_LT","og_type":"article","og_title":"\"Evolve\" gumin\u0117s svarmen\u0173 plok\u0161t\u0117s 1,25-25 kg (WP-RB) - Evolve","og_url":"https:\/\/evolve-fitness.eu\/lt\/produktas\/evolve-gumines-svarmenu-ploksteles-2-x-125-25-kg\/","og_site_name":"Evolve","article_publisher":"https:\/\/www.facebook.com\/EvolveFitnessEurope","article_modified_time":"2026-04-13T07:16:05+00:00","og_image":[{"width":680,"height":600,"url":"https:\/\/evolve-fitness.eu\/wp-content\/uploads\/2023\/10\/Dizainas-be-pavadinimo.png","type":"image\/png"}],"twitter_card":"summary_large_image","schema":{"@context":"https:\/\/schema.org","@graph":[{"@type":"WebPage","@id":"https:\/\/evolve-fitness.eu\/lt\/produktas\/evolve-gumines-svarmenu-ploksteles-2-x-125-25-kg\/","url":"https:\/\/evolve-fitness.eu\/lt\/produktas\/evolve-gumines-svarmenu-ploksteles-2-x-125-25-kg\/","name":"\"Evolve\" gumin\u0117s svarmen\u0173 plok\u0161t\u0117s 1,25-25 kg (WP-RB) - Evolve","isPartOf":{"@id":"https:\/\/evolve-fitness.eu\/lt\/#website"},"primaryImageOfPage":{"@id":"https:\/\/evolve-fitness.eu\/lt\/produktas\/evolve-gumines-svarmenu-ploksteles-2-x-125-25-kg\/#primaryimage"},"image":{"@id":"https:\/\/evolve-fitness.eu\/lt\/produktas\/evolve-gumines-svarmenu-ploksteles-2-x-125-25-kg\/#primaryimage"},"thumbnailUrl":"https:\/\/evolve-fitness.eu\/wp-content\/uploads\/2023\/10\/Dizainas-be-pavadinimo.png","datePublished":"2023-10-05T13:30:10+00:00","dateModified":"2026-04-13T07:16:05+00:00","breadcrumb":{"@id":"https:\/\/evolve-fitness.eu\/lt\/produktas\/evolve-gumines-svarmenu-ploksteles-2-x-125-25-kg\/#breadcrumb"},"inLanguage":"lt-LT","potentialAction":[{"@type":"ReadAction","target":["https:\/\/evolve-fitness.eu\/lt\/produktas\/evolve-gumines-svarmenu-ploksteles-2-x-125-25-kg\/"]}]},{"@type":"ImageObject","inLanguage":"lt-LT","@id":"https:\/\/evolve-fitness.eu\/lt\/produktas\/evolve-gumines-svarmenu-ploksteles-2-x-125-25-kg\/#primaryimage","url":"https:\/\/evolve-fitness.eu\/wp-content\/uploads\/2023\/10\/Dizainas-be-pavadinimo.png","contentUrl":"https:\/\/evolve-fitness.eu\/wp-content\/uploads\/2023\/10\/Dizainas-be-pavadinimo.png","width":680,"height":600,"caption":"EV-WP-RB"},{"@type":"BreadcrumbList","@id":"https:\/\/evolve-fitness.eu\/lt\/produktas\/evolve-gumines-svarmenu-ploksteles-2-x-125-25-kg\/#breadcrumb","itemListElement":[{"@type":"ListItem","position":1,"name":"Home","item":"https:\/\/evolve-fitness.eu\/lt\/"},{"@type":"ListItem","position":2,"name":"Produktai","item":"https:\/\/evolve-fitness.eu\/lt\/shop\/"},{"@type":"ListItem","position":3,"name":"&#8220;Evolve&#8221; gumin\u0117s svarmen\u0173 plok\u0161t\u0117s 1,25-25 kg (WP-RB)"}]},{"@type":"WebSite","@id":"https:\/\/evolve-fitness.eu\/lt\/#website","url":"https:\/\/evolve-fitness.eu\/lt\/","name":"Evolve","description":"Your Evolved Gear Arrived","publisher":{"@id":"https:\/\/evolve-fitness.eu\/lt\/#organization"},"potentialAction":[{"@type":"SearchAction","target":{"@type":"EntryPoint","urlTemplate":"https:\/\/evolve-fitness.eu\/lt\/?s={search_term_string}"},"query-input":{"@type":"PropertyValueSpecification","valueRequired":true,"valueName":"search_term_string"}}],"inLanguage":"lt-LT"},{"@type":"Organization","@id":"https:\/\/evolve-fitness.eu\/lt\/#organization","name":"Evolve","url":"https:\/\/evolve-fitness.eu\/lt\/","logo":{"@type":"ImageObject","inLanguage":"lt-LT","@id":"https:\/\/evolve-fitness.eu\/lt\/#\/schema\/logo\/image\/","url":"https:\/\/evolve-fitness.eu\/wp-content\/uploads\/2023\/05\/Evolve-logo.svg","contentUrl":"https:\/\/evolve-fitness.eu\/wp-content\/uploads\/2023\/05\/Evolve-logo.svg","width":176,"height":20,"caption":"Evolve"},"image":{"@id":"https:\/\/evolve-fitness.eu\/lt\/#\/schema\/logo\/image\/"},"sameAs":["https:\/\/www.facebook.com\/EvolveFitnessEurope"]}]}},"_links":{"self":[{"href":"https:\/\/evolve-fitness.eu\/lt\/wp-json\/wp\/v2\/product\/13743","targetHints":{"allow":["GET"]}}],"collection":[{"href":"https:\/\/evolve-fitness.eu\/lt\/wp-json\/wp\/v2\/product"}],"about":[{"href":"https:\/\/evolve-fitness.eu\/lt\/wp-json\/wp\/v2\/types\/product"}],"wp:featuredmedia":[{"embeddable":true,"href":"https:\/\/evolve-fitness.eu\/lt\/wp-json\/wp\/v2\/media\/4409"}],"wp:attachment":[{"href":"https:\/\/evolve-fitness.eu\/lt\/wp-json\/wp\/v2\/media?parent=13743"}],"wp:term":[{"taxonomy":"product_brand","embeddable":true,"href":"https:\/\/evolve-fitness.eu\/lt\/wp-json\/wp\/v2\/product_brand?post=13743"},{"taxonomy":"product_cat","embeddable":true,"href":"https:\/\/evolve-fitness.eu\/lt\/wp-json\/wp\/v2\/product_cat?post=13743"},{"taxonomy":"product_tag","embeddable":true,"href":"https:\/\/evolve-fitness.eu\/lt\/wp-json\/wp\/v2\/product_tag?post=13743"}],"curies":[{"name":"wp","href":"https:\/\/api.w.org\/{rel}","templated":true}]}}