{"id":13851,"date":"2024-01-17T11:24:36","date_gmt":"2024-01-17T11:24:36","guid":{"rendered":"https:\/\/evolve-fitness.eu\/product\/evolve-horizontalus-stangu-laikiklis-10-vnt\/"},"modified":"2026-04-09T15:59:53","modified_gmt":"2026-04-09T12:59:53","slug":"evolve-horizontalus-stangu-laikiklis-10-vnt","status":"publish","type":"product","link":"https:\/\/evolve-fitness.eu\/lt\/produktas\/evolve-horizontalus-stangu-laikiklis-10-vnt\/","title":{"rendered":"&#8222;Evolve&#8221; horizontalus \u0161tang\u0173 laikiklis (10 vnt.), (BR-100)"},"content":{"rendered":"","protected":false},"excerpt":{"rendered":"<p>Pristatome &#8222;Evolve&#8221; horizontal\u0173j\u012f \u0161tang\u0173 laikikl\u012f, kuris yra b\u016btinas priedas kiekvienai sporto salei, ie\u0161kan\u010diai i\u0161manaus ir erdv\u0119 taupan\u010dio \u0161tang\u0173 laikymo sprendimo. \u0160is tvirtas ir eleganti\u0161kas laikiklis sukurtas taip, kad sporto sal\u0117s grindys b\u016bt\u0173 \u0161varios, o \u0161tangos tvarkingos, prieinamos ir nepriekai\u0161tingos b\u016bkl\u0117s. &#8222;Evolve&#8221; horizontalus \u0161tang\u0173 laikiklis puikiai tinka tiek nam\u0173, tiek komercin\u0117ms sporto sal\u0117ms, nes si\u016blo kompakti\u0161k\u0105 ir eleganti\u0161k\u0105 b\u016bd\u0105 horizontaliai laikyti kelias \u0161tangas, taip maksimaliai padidindamas erdv\u0119 ir pagerindamas bendr\u0105 treniruo\u010di\u0173 vietos \u0161var\u0105 ir organizuotum\u0105. Pagamintas atsi\u017evelgiant \u012f patvarum\u0105, jis atlaiko nuolatinio naudojimo d\u0117v\u0117jim\u0105si, tod\u0117l yra patikima ir ilgaam\u017e\u0117 investicija. Patogus dizainas leid\u017eia lengvai u\u017ed\u0117ti ir paimti \u0161tangas, tod\u0117l treniruot\u0117s vyksta skland\u017eiai. Pasirink\u0119 &#8222;Evolve&#8221; horizontal\u0173 \u0161tang\u0173 laikikl\u012f ne tik optimizuosite savo erdv\u0119, bet ir padidinsite savo treniruo\u010di\u0173 aplinkos funkcionalum\u0105 ir profesionalum\u0105.     <\/p>\n","protected":false},"featured_media":10357,"template":"","meta":{"_acf_changed":false,"inline_featured_image":false},"product_brand":[],"product_cat":[499,828],"product_tag":[],"class_list":{"0":"post-13851","1":"product","2":"type-product","3":"status-publish","4":"has-post-thumbnail","6":"product_cat-laisvieji-svarmenys","7":"product_cat-stelazai-ir-saugojimo-sprendimai","9":"first","10":"instock","11":"shipping-taxable","12":"purchasable","13":"product-type-simple"},"acf":{"long_title":"\"Evolve\" horizontalus \u0161tang\u0173 laikiklis (10 vnt.), (BR-100)","subtitle":"","specifications":[{"label":"SKU","text_value":"EV-RS-BR-100","icon":"x"}],"product_frequently_asked_questions":null},"yoast_head":"<!-- This site is optimized with the Yoast SEO plugin v27.4 - https:\/\/yoast.com\/product\/yoast-seo-wordpress\/ -->\n<title>&quot;Evolve&quot; horizontalus \u0161tang\u0173 laikiklis (10 vnt.), (BR-100) - Evolve<\/title>\n<meta name=\"robots\" content=\"index, follow, max-snippet:-1, max-image-preview:large, max-video-preview:-1\" \/>\n<link rel=\"canonical\" href=\"https:\/\/evolve-fitness.eu\/lt\/produktas\/evolve-horizontalus-stangu-laikiklis-10-vnt\/\" \/>\n<meta property=\"og:locale\" content=\"lt_LT\" \/>\n<meta property=\"og:type\" content=\"article\" \/>\n<meta property=\"og:title\" content=\"&quot;Evolve&quot; horizontalus \u0161tang\u0173 laikiklis (10 vnt.), (BR-100) - Evolve\" \/>\n<meta property=\"og:url\" content=\"https:\/\/evolve-fitness.eu\/lt\/produktas\/evolve-horizontalus-stangu-laikiklis-10-vnt\/\" \/>\n<meta property=\"og:site_name\" content=\"Evolve\" \/>\n<meta property=\"article:publisher\" content=\"https:\/\/www.facebook.com\/EvolveFitnessEurope\" \/>\n<meta property=\"article:modified_time\" content=\"2026-04-09T12:59:53+00:00\" \/>\n<meta property=\"og:image\" content=\"https:\/\/evolve-fitness.eu\/wp-content\/uploads\/2024\/01\/EV-RS-BR-100-PNG.png\" \/>\n\t<meta property=\"og:image:width\" content=\"680\" \/>\n\t<meta property=\"og:image:height\" content=\"600\" \/>\n\t<meta property=\"og:image:type\" content=\"image\/png\" \/>\n<meta name=\"twitter:card\" content=\"summary_large_image\" \/>\n<script type=\"application\/ld+json\" class=\"yoast-schema-graph\">{\"@context\":\"https:\\\/\\\/schema.org\",\"@graph\":[{\"@type\":\"WebPage\",\"@id\":\"https:\\\/\\\/evolve-fitness.eu\\\/lt\\\/produktas\\\/evolve-horizontalus-stangu-laikiklis-10-vnt\\\/\",\"url\":\"https:\\\/\\\/evolve-fitness.eu\\\/lt\\\/produktas\\\/evolve-horizontalus-stangu-laikiklis-10-vnt\\\/\",\"name\":\"\\\"Evolve\\\" horizontalus \u0161tang\u0173 laikiklis (10 vnt.), (BR-100) - Evolve\",\"isPartOf\":{\"@id\":\"https:\\\/\\\/evolve-fitness.eu\\\/lt\\\/#website\"},\"primaryImageOfPage\":{\"@id\":\"https:\\\/\\\/evolve-fitness.eu\\\/lt\\\/produktas\\\/evolve-horizontalus-stangu-laikiklis-10-vnt\\\/#primaryimage\"},\"image\":{\"@id\":\"https:\\\/\\\/evolve-fitness.eu\\\/lt\\\/produktas\\\/evolve-horizontalus-stangu-laikiklis-10-vnt\\\/#primaryimage\"},\"thumbnailUrl\":\"https:\\\/\\\/evolve-fitness.eu\\\/wp-content\\\/uploads\\\/2024\\\/01\\\/EV-RS-BR-100-PNG.png\",\"datePublished\":\"2024-01-17T11:24:36+00:00\",\"dateModified\":\"2026-04-09T12:59:53+00:00\",\"breadcrumb\":{\"@id\":\"https:\\\/\\\/evolve-fitness.eu\\\/lt\\\/produktas\\\/evolve-horizontalus-stangu-laikiklis-10-vnt\\\/#breadcrumb\"},\"inLanguage\":\"lt-LT\",\"potentialAction\":[{\"@type\":\"ReadAction\",\"target\":[\"https:\\\/\\\/evolve-fitness.eu\\\/lt\\\/produktas\\\/evolve-horizontalus-stangu-laikiklis-10-vnt\\\/\"]}]},{\"@type\":\"ImageObject\",\"inLanguage\":\"lt-LT\",\"@id\":\"https:\\\/\\\/evolve-fitness.eu\\\/lt\\\/produktas\\\/evolve-horizontalus-stangu-laikiklis-10-vnt\\\/#primaryimage\",\"url\":\"https:\\\/\\\/evolve-fitness.eu\\\/wp-content\\\/uploads\\\/2024\\\/01\\\/EV-RS-BR-100-PNG.png\",\"contentUrl\":\"https:\\\/\\\/evolve-fitness.eu\\\/wp-content\\\/uploads\\\/2024\\\/01\\\/EV-RS-BR-100-PNG.png\",\"width\":680,\"height\":600,\"caption\":\"EV-RS-BR-100\"},{\"@type\":\"BreadcrumbList\",\"@id\":\"https:\\\/\\\/evolve-fitness.eu\\\/lt\\\/produktas\\\/evolve-horizontalus-stangu-laikiklis-10-vnt\\\/#breadcrumb\",\"itemListElement\":[{\"@type\":\"ListItem\",\"position\":1,\"name\":\"Home\",\"item\":\"https:\\\/\\\/evolve-fitness.eu\\\/lt\\\/\"},{\"@type\":\"ListItem\",\"position\":2,\"name\":\"Produktai\",\"item\":\"https:\\\/\\\/evolve-fitness.eu\\\/lt\\\/shop\\\/\"},{\"@type\":\"ListItem\",\"position\":3,\"name\":\"&#8222;Evolve&#8221; horizontalus \u0161tang\u0173 laikiklis (10 vnt.), (BR-100)\"}]},{\"@type\":\"WebSite\",\"@id\":\"https:\\\/\\\/evolve-fitness.eu\\\/lt\\\/#website\",\"url\":\"https:\\\/\\\/evolve-fitness.eu\\\/lt\\\/\",\"name\":\"Evolve\",\"description\":\"Your Evolved Gear Arrived\",\"publisher\":{\"@id\":\"https:\\\/\\\/evolve-fitness.eu\\\/lt\\\/#organization\"},\"potentialAction\":[{\"@type\":\"SearchAction\",\"target\":{\"@type\":\"EntryPoint\",\"urlTemplate\":\"https:\\\/\\\/evolve-fitness.eu\\\/lt\\\/?s={search_term_string}\"},\"query-input\":{\"@type\":\"PropertyValueSpecification\",\"valueRequired\":true,\"valueName\":\"search_term_string\"}}],\"inLanguage\":\"lt-LT\"},{\"@type\":\"Organization\",\"@id\":\"https:\\\/\\\/evolve-fitness.eu\\\/lt\\\/#organization\",\"name\":\"Evolve\",\"url\":\"https:\\\/\\\/evolve-fitness.eu\\\/lt\\\/\",\"logo\":{\"@type\":\"ImageObject\",\"inLanguage\":\"lt-LT\",\"@id\":\"https:\\\/\\\/evolve-fitness.eu\\\/lt\\\/#\\\/schema\\\/logo\\\/image\\\/\",\"url\":\"https:\\\/\\\/evolve-fitness.eu\\\/wp-content\\\/uploads\\\/2023\\\/05\\\/Evolve-logo.svg\",\"contentUrl\":\"https:\\\/\\\/evolve-fitness.eu\\\/wp-content\\\/uploads\\\/2023\\\/05\\\/Evolve-logo.svg\",\"width\":176,\"height\":20,\"caption\":\"Evolve\"},\"image\":{\"@id\":\"https:\\\/\\\/evolve-fitness.eu\\\/lt\\\/#\\\/schema\\\/logo\\\/image\\\/\"},\"sameAs\":[\"https:\\\/\\\/www.facebook.com\\\/EvolveFitnessEurope\"]}]}<\/script>\n<!-- \/ Yoast SEO plugin. -->","yoast_head_json":{"title":"\"Evolve\" horizontalus \u0161tang\u0173 laikiklis (10 vnt.), (BR-100) - Evolve","robots":{"index":"index","follow":"follow","max-snippet":"max-snippet:-1","max-image-preview":"max-image-preview:large","max-video-preview":"max-video-preview:-1"},"canonical":"https:\/\/evolve-fitness.eu\/lt\/produktas\/evolve-horizontalus-stangu-laikiklis-10-vnt\/","og_locale":"lt_LT","og_type":"article","og_title":"\"Evolve\" horizontalus \u0161tang\u0173 laikiklis (10 vnt.), (BR-100) - Evolve","og_url":"https:\/\/evolve-fitness.eu\/lt\/produktas\/evolve-horizontalus-stangu-laikiklis-10-vnt\/","og_site_name":"Evolve","article_publisher":"https:\/\/www.facebook.com\/EvolveFitnessEurope","article_modified_time":"2026-04-09T12:59:53+00:00","og_image":[{"width":680,"height":600,"url":"https:\/\/evolve-fitness.eu\/wp-content\/uploads\/2024\/01\/EV-RS-BR-100-PNG.png","type":"image\/png"}],"twitter_card":"summary_large_image","schema":{"@context":"https:\/\/schema.org","@graph":[{"@type":"WebPage","@id":"https:\/\/evolve-fitness.eu\/lt\/produktas\/evolve-horizontalus-stangu-laikiklis-10-vnt\/","url":"https:\/\/evolve-fitness.eu\/lt\/produktas\/evolve-horizontalus-stangu-laikiklis-10-vnt\/","name":"\"Evolve\" horizontalus \u0161tang\u0173 laikiklis (10 vnt.), (BR-100) - Evolve","isPartOf":{"@id":"https:\/\/evolve-fitness.eu\/lt\/#website"},"primaryImageOfPage":{"@id":"https:\/\/evolve-fitness.eu\/lt\/produktas\/evolve-horizontalus-stangu-laikiklis-10-vnt\/#primaryimage"},"image":{"@id":"https:\/\/evolve-fitness.eu\/lt\/produktas\/evolve-horizontalus-stangu-laikiklis-10-vnt\/#primaryimage"},"thumbnailUrl":"https:\/\/evolve-fitness.eu\/wp-content\/uploads\/2024\/01\/EV-RS-BR-100-PNG.png","datePublished":"2024-01-17T11:24:36+00:00","dateModified":"2026-04-09T12:59:53+00:00","breadcrumb":{"@id":"https:\/\/evolve-fitness.eu\/lt\/produktas\/evolve-horizontalus-stangu-laikiklis-10-vnt\/#breadcrumb"},"inLanguage":"lt-LT","potentialAction":[{"@type":"ReadAction","target":["https:\/\/evolve-fitness.eu\/lt\/produktas\/evolve-horizontalus-stangu-laikiklis-10-vnt\/"]}]},{"@type":"ImageObject","inLanguage":"lt-LT","@id":"https:\/\/evolve-fitness.eu\/lt\/produktas\/evolve-horizontalus-stangu-laikiklis-10-vnt\/#primaryimage","url":"https:\/\/evolve-fitness.eu\/wp-content\/uploads\/2024\/01\/EV-RS-BR-100-PNG.png","contentUrl":"https:\/\/evolve-fitness.eu\/wp-content\/uploads\/2024\/01\/EV-RS-BR-100-PNG.png","width":680,"height":600,"caption":"EV-RS-BR-100"},{"@type":"BreadcrumbList","@id":"https:\/\/evolve-fitness.eu\/lt\/produktas\/evolve-horizontalus-stangu-laikiklis-10-vnt\/#breadcrumb","itemListElement":[{"@type":"ListItem","position":1,"name":"Home","item":"https:\/\/evolve-fitness.eu\/lt\/"},{"@type":"ListItem","position":2,"name":"Produktai","item":"https:\/\/evolve-fitness.eu\/lt\/shop\/"},{"@type":"ListItem","position":3,"name":"&#8222;Evolve&#8221; horizontalus \u0161tang\u0173 laikiklis (10 vnt.), (BR-100)"}]},{"@type":"WebSite","@id":"https:\/\/evolve-fitness.eu\/lt\/#website","url":"https:\/\/evolve-fitness.eu\/lt\/","name":"Evolve","description":"Your Evolved Gear Arrived","publisher":{"@id":"https:\/\/evolve-fitness.eu\/lt\/#organization"},"potentialAction":[{"@type":"SearchAction","target":{"@type":"EntryPoint","urlTemplate":"https:\/\/evolve-fitness.eu\/lt\/?s={search_term_string}"},"query-input":{"@type":"PropertyValueSpecification","valueRequired":true,"valueName":"search_term_string"}}],"inLanguage":"lt-LT"},{"@type":"Organization","@id":"https:\/\/evolve-fitness.eu\/lt\/#organization","name":"Evolve","url":"https:\/\/evolve-fitness.eu\/lt\/","logo":{"@type":"ImageObject","inLanguage":"lt-LT","@id":"https:\/\/evolve-fitness.eu\/lt\/#\/schema\/logo\/image\/","url":"https:\/\/evolve-fitness.eu\/wp-content\/uploads\/2023\/05\/Evolve-logo.svg","contentUrl":"https:\/\/evolve-fitness.eu\/wp-content\/uploads\/2023\/05\/Evolve-logo.svg","width":176,"height":20,"caption":"Evolve"},"image":{"@id":"https:\/\/evolve-fitness.eu\/lt\/#\/schema\/logo\/image\/"},"sameAs":["https:\/\/www.facebook.com\/EvolveFitnessEurope"]}]}},"_links":{"self":[{"href":"https:\/\/evolve-fitness.eu\/lt\/wp-json\/wp\/v2\/product\/13851","targetHints":{"allow":["GET"]}}],"collection":[{"href":"https:\/\/evolve-fitness.eu\/lt\/wp-json\/wp\/v2\/product"}],"about":[{"href":"https:\/\/evolve-fitness.eu\/lt\/wp-json\/wp\/v2\/types\/product"}],"wp:featuredmedia":[{"embeddable":true,"href":"https:\/\/evolve-fitness.eu\/lt\/wp-json\/wp\/v2\/media\/10357"}],"wp:attachment":[{"href":"https:\/\/evolve-fitness.eu\/lt\/wp-json\/wp\/v2\/media?parent=13851"}],"wp:term":[{"taxonomy":"product_brand","embeddable":true,"href":"https:\/\/evolve-fitness.eu\/lt\/wp-json\/wp\/v2\/product_brand?post=13851"},{"taxonomy":"product_cat","embeddable":true,"href":"https:\/\/evolve-fitness.eu\/lt\/wp-json\/wp\/v2\/product_cat?post=13851"},{"taxonomy":"product_tag","embeddable":true,"href":"https:\/\/evolve-fitness.eu\/lt\/wp-json\/wp\/v2\/product_tag?post=13851"}],"curies":[{"name":"wp","href":"https:\/\/api.w.org\/{rel}","templated":true}]}}