{"id":13863,"date":"2024-01-17T10:03:12","date_gmt":"2024-01-17T10:03:12","guid":{"rendered":"https:\/\/evolve-fitness.eu\/product\/evolve-prime-series-dip-pull-up-station\/"},"modified":"2026-04-01T14:58:16","modified_gmt":"2026-04-01T11:58:16","slug":"evolve-prime-series-dip-pull-up-station","status":"publish","type":"product","link":"https:\/\/evolve-fitness.eu\/lt\/produktas\/evolve-prime-series-dip-pull-up-station\/","title":{"rendered":"&#8222;Evolve Prime Series Dip &amp; Pull Up Station&#8221; (PR-219)"},"content":{"rendered":"\n<section class=\"wp-block-group alignfull black-content has-white-color has-darkgray-background-color has-text-color has-background is-layout-constrained wp-block-group-is-layout-constrained\" style=\"padding-top:var(--wp--preset--spacing--section-bottom);padding-bottom:var(--wp--preset--spacing--section-bottom)\">\n<div class=\"wp-block-columns alignwide is-layout-flex wp-container-core-columns-is-layout-c45ee707 wp-block-columns-is-layout-flex\" style=\"margin-bottom:var(--wp--preset--spacing--side-padding);padding-top:var(--wp--preset--spacing--side-padding)\">\n<div class=\"wp-block-column is-vertically-aligned-center is-layout-constrained wp-block-column-is-layout-constrained\">\n<h3 class=\"wp-block-heading\" style=\"margin-bottom:var(--wp--preset--spacing--h-3-bottom)\"><strong><strong>daugiafunkcin\u0117 stotis<\/strong><\/strong><\/h3>\n\n\n\n<p><em>Universalus ir tvirtas fitneso \u012frankis<\/em><\/p>\n\n\n\n<p style=\"margin-bottom:var(--wp--preset--spacing--tb-section-padding)\">&#8222;Evolve Prime Series Dip &amp; Pull Up Station&#8221; yra universali ir tvirta treniruokli\u0173 stotel\u0117, skirta visapusi\u0161koms vir\u0161utin\u0117s k\u016bno dalies treniruot\u0117ms. \u0160ioje daugiafunkcin\u0117je stotyje naudotojai gali atlikti \u012ft\u016bpstus, prisitraukimus, pak\u0117limus ir koj\u0173 pak\u0117limus, taip pat treniruoti rankas, pe\u010dius, kr\u016btin\u0119 ir nugar\u0105. Idealiai tinka tiek nam\u0173, tiek komercin\u0117ms treniruokli\u0173 sal\u0117ms, nes yra pagamintas i\u0161 sunki\u0173j\u0173 med\u017eiag\u0173, u\u017etikrinan\u010di\u0173 ilgaam\u017ei\u0161kum\u0105 ir stabilum\u0105. Ergonomi\u0161ka konstrukcija pritaikyta \u012fvairaus \u016bgio ir fizinio pasirengimo \u017emon\u0117ms, tod\u0117l tinka visiems naudotojams.<\/p>\n<\/div>\n\n\n\n<div class=\"wp-block-column is-vertically-aligned-center is-layout-flow wp-block-column-is-layout-flow\">\n<figure class=\"wp-block-image size-full\"><img loading=\"lazy\" decoding=\"async\" width=\"1373\" height=\"2060\" src=\"https:\/\/evolve-fitness.eu\/wp-content\/uploads\/2024\/01\/EV-BN-PR-219.jpg\" alt=\"EV-BN-PR-219\" class=\"wp-image-160039\" srcset=\"https:\/\/evolve-fitness.eu\/wp-content\/uploads\/2024\/01\/EV-BN-PR-219.jpg 1373w, https:\/\/evolve-fitness.eu\/wp-content\/uploads\/2024\/01\/EV-BN-PR-219-200x300.jpg 200w, https:\/\/evolve-fitness.eu\/wp-content\/uploads\/2024\/01\/EV-BN-PR-219-683x1024.jpg 683w, https:\/\/evolve-fitness.eu\/wp-content\/uploads\/2024\/01\/EV-BN-PR-219-100x150.jpg 100w, https:\/\/evolve-fitness.eu\/wp-content\/uploads\/2024\/01\/EV-BN-PR-219-768x1152.jpg 768w, https:\/\/evolve-fitness.eu\/wp-content\/uploads\/2024\/01\/EV-BN-PR-219-1024x1536.jpg 1024w, https:\/\/evolve-fitness.eu\/wp-content\/uploads\/2024\/01\/EV-BN-PR-219-1365x2048.jpg 1365w, https:\/\/evolve-fitness.eu\/wp-content\/uploads\/2024\/01\/EV-BN-PR-219-300x450.jpg 300w, https:\/\/evolve-fitness.eu\/wp-content\/uploads\/2024\/01\/EV-BN-PR-219-600x900.jpg 600w\" sizes=\"auto, (max-width: 1373px) 100vw, 1373px\" \/><\/figure>\n<\/div>\n<\/div>\n<\/section>\n","protected":false},"excerpt":{"rendered":"<p>&#8222;Evolve Prime Series Dip &amp; Pull Up Station&#8221; yra b\u016btinas priedas prie bet kokio fitneso re\u017eimo, suteikiantis tvirt\u0105 platform\u0105 \u012fvairiems k\u016bno svorio pratimams atlikti. Sukurtas i\u0161 auk\u0161\u010diausios kokyb\u0117s med\u017eiag\u0173, jis pasi\u017eymi stabilumu ir patvarumu, tod\u0117l u\u017etikrina saugi\u0105 treniruo\u010di\u0173 aplink\u0105. Nesvarbu, ar \u0161i \u012franga skirta naudoti namuose, ar komerciniais tikslais, ji didina bendr\u0105 j\u0117g\u0105 ir kondicionavim\u0105, tod\u0117l yra vertinga sporto entuziastams.<\/p>\n","protected":false},"featured_media":10345,"template":"","meta":{"_acf_changed":false,"inline_featured_image":false},"product_brand":[],"product_cat":[805,774],"product_tag":[812,810,867,809,806,634,808,813,811,807,776,609],"class_list":{"0":"post-13863","1":"product","2":"type-product","3":"status-publish","4":"has-post-thumbnail","6":"product_cat-prime-serijos-suolai","7":"product_cat-suoliukai","8":"product_tag-dideles-apkrovos","9":"product_tag-didelio-tankio-putos","10":"product_tag-imerkimo-ir-istraukimo-stotis-lt","11":"product_tag-jegos-treniruotes","12":"product_tag-klubu-trauka","13":"product_tag-komercine-sporto-sale","14":"product_tag-komfortas","15":"product_tag-namu-sporto-sale","16":"product_tag-olimpinis-suoliukas","17":"product_tag-stiprumas","18":"product_tag-suoliukas","19":"product_tag-tikslumas","21":"first","22":"instock","23":"shipping-taxable","24":"purchasable","25":"product-type-simple"},"acf":{"long_title":"\"Evolve Prime Series Dip & Pull Up Station\" (PR-219)","subtitle":"","specifications":[{"label":"SKU","text_value":"EV-BN-PR-219","icon":"x"},{"label":"Matmenys","text_value":"1258 x 1190 x 2295 mm","icon":"x"},{"label":"Svoris","text_value":"85 kg","icon":"x"},{"label":"Maksimali apkrova","text_value":"180 kg","icon":"x"},{"label":"R\u0117mo storis","text_value":"3 mm","icon":"x"},{"label":"Vertikalios ir horizontalios lygiagre\u010dios rankenos","text_value":"","icon":"v"},{"label":"Siauros ir pla\u010dios pak\u0117limo juostos rankenos","text_value":"","icon":"v"},{"label":"Papildomos neslystan\u010dios pakopos, kad b\u016bt\u0173 lengviau prieiti prie pak\u0117limo juostos","text_value":"","icon":"v"},{"label":"Stabilus plieninis r\u0117mas su milteliniu b\u016bdu dengta apdaila, padengtas dilimui ir \u012fbr\u0117\u017eimams atsparia danga","text_value":"","icon":"v"},{"label":"Apmu\u0161al\u0173 storis","text_value":"6 cm","icon":"x"},{"label":"Neslystan\u010dios rankenos","text_value":"","icon":"v"},{"label":"Patvarios grind\u0173 apsaugos priemon\u0117s","text_value":"","icon":"v"},{"label":"Garantija","text_value":"2 metai","icon":"x"}]},"yoast_head":"<!-- This site is optimized with the Yoast SEO plugin v27.4 - https:\/\/yoast.com\/product\/yoast-seo-wordpress\/ -->\n<title>&quot;Evolve Prime Series Dip &amp; Pull Up Station&quot; (PR-219) - Evolve<\/title>\n<meta name=\"robots\" content=\"index, follow, max-snippet:-1, max-image-preview:large, max-video-preview:-1\" \/>\n<link rel=\"canonical\" href=\"https:\/\/evolve-fitness.eu\/lt\/produktas\/evolve-prime-series-dip-pull-up-station\/\" \/>\n<meta property=\"og:locale\" content=\"lt_LT\" \/>\n<meta property=\"og:type\" content=\"article\" \/>\n<meta property=\"og:title\" content=\"&quot;Evolve Prime Series Dip &amp; Pull Up Station&quot; (PR-219) - Evolve\" \/>\n<meta property=\"og:url\" content=\"https:\/\/evolve-fitness.eu\/lt\/produktas\/evolve-prime-series-dip-pull-up-station\/\" \/>\n<meta property=\"og:site_name\" content=\"Evolve\" \/>\n<meta property=\"article:publisher\" content=\"https:\/\/www.facebook.com\/EvolveFitnessEurope\" \/>\n<meta property=\"article:modified_time\" content=\"2026-04-01T11:58:16+00:00\" \/>\n<meta property=\"og:image\" content=\"https:\/\/evolve-fitness.eu\/wp-content\/uploads\/2024\/01\/EV-BN-PR-219-PNG.png\" \/>\n\t<meta property=\"og:image:width\" content=\"680\" \/>\n\t<meta property=\"og:image:height\" content=\"600\" \/>\n\t<meta property=\"og:image:type\" content=\"image\/png\" \/>\n<meta name=\"twitter:card\" content=\"summary_large_image\" \/>\n<script type=\"application\/ld+json\" class=\"yoast-schema-graph\">{\"@context\":\"https:\\\/\\\/schema.org\",\"@graph\":[{\"@type\":\"WebPage\",\"@id\":\"https:\\\/\\\/evolve-fitness.eu\\\/lt\\\/produktas\\\/evolve-prime-series-dip-pull-up-station\\\/\",\"url\":\"https:\\\/\\\/evolve-fitness.eu\\\/lt\\\/produktas\\\/evolve-prime-series-dip-pull-up-station\\\/\",\"name\":\"\\\"Evolve Prime Series Dip &amp; Pull Up Station\\\" (PR-219) - Evolve\",\"isPartOf\":{\"@id\":\"https:\\\/\\\/evolve-fitness.eu\\\/lt\\\/#website\"},\"primaryImageOfPage\":{\"@id\":\"https:\\\/\\\/evolve-fitness.eu\\\/lt\\\/produktas\\\/evolve-prime-series-dip-pull-up-station\\\/#primaryimage\"},\"image\":{\"@id\":\"https:\\\/\\\/evolve-fitness.eu\\\/lt\\\/produktas\\\/evolve-prime-series-dip-pull-up-station\\\/#primaryimage\"},\"thumbnailUrl\":\"https:\\\/\\\/evolve-fitness.eu\\\/wp-content\\\/uploads\\\/2024\\\/01\\\/EV-BN-PR-219-PNG.png\",\"datePublished\":\"2024-01-17T10:03:12+00:00\",\"dateModified\":\"2026-04-01T11:58:16+00:00\",\"breadcrumb\":{\"@id\":\"https:\\\/\\\/evolve-fitness.eu\\\/lt\\\/produktas\\\/evolve-prime-series-dip-pull-up-station\\\/#breadcrumb\"},\"inLanguage\":\"lt-LT\",\"potentialAction\":[{\"@type\":\"ReadAction\",\"target\":[\"https:\\\/\\\/evolve-fitness.eu\\\/lt\\\/produktas\\\/evolve-prime-series-dip-pull-up-station\\\/\"]}]},{\"@type\":\"ImageObject\",\"inLanguage\":\"lt-LT\",\"@id\":\"https:\\\/\\\/evolve-fitness.eu\\\/lt\\\/produktas\\\/evolve-prime-series-dip-pull-up-station\\\/#primaryimage\",\"url\":\"https:\\\/\\\/evolve-fitness.eu\\\/wp-content\\\/uploads\\\/2024\\\/01\\\/EV-BN-PR-219-PNG.png\",\"contentUrl\":\"https:\\\/\\\/evolve-fitness.eu\\\/wp-content\\\/uploads\\\/2024\\\/01\\\/EV-BN-PR-219-PNG.png\",\"width\":680,\"height\":600,\"caption\":\"EV-BN-PR-219\"},{\"@type\":\"BreadcrumbList\",\"@id\":\"https:\\\/\\\/evolve-fitness.eu\\\/lt\\\/produktas\\\/evolve-prime-series-dip-pull-up-station\\\/#breadcrumb\",\"itemListElement\":[{\"@type\":\"ListItem\",\"position\":1,\"name\":\"Home\",\"item\":\"https:\\\/\\\/evolve-fitness.eu\\\/lt\\\/\"},{\"@type\":\"ListItem\",\"position\":2,\"name\":\"Produktai\",\"item\":\"https:\\\/\\\/evolve-fitness.eu\\\/lt\\\/shop\\\/\"},{\"@type\":\"ListItem\",\"position\":3,\"name\":\"&#8220;Evolve Prime Series Dip &amp; Pull Up Station&#8221; (PR-219)\"}]},{\"@type\":\"WebSite\",\"@id\":\"https:\\\/\\\/evolve-fitness.eu\\\/lt\\\/#website\",\"url\":\"https:\\\/\\\/evolve-fitness.eu\\\/lt\\\/\",\"name\":\"Evolve\",\"description\":\"Your Evolved Gear Arrived\",\"publisher\":{\"@id\":\"https:\\\/\\\/evolve-fitness.eu\\\/lt\\\/#organization\"},\"potentialAction\":[{\"@type\":\"SearchAction\",\"target\":{\"@type\":\"EntryPoint\",\"urlTemplate\":\"https:\\\/\\\/evolve-fitness.eu\\\/lt\\\/?s={search_term_string}\"},\"query-input\":{\"@type\":\"PropertyValueSpecification\",\"valueRequired\":true,\"valueName\":\"search_term_string\"}}],\"inLanguage\":\"lt-LT\"},{\"@type\":\"Organization\",\"@id\":\"https:\\\/\\\/evolve-fitness.eu\\\/lt\\\/#organization\",\"name\":\"Evolve\",\"url\":\"https:\\\/\\\/evolve-fitness.eu\\\/lt\\\/\",\"logo\":{\"@type\":\"ImageObject\",\"inLanguage\":\"lt-LT\",\"@id\":\"https:\\\/\\\/evolve-fitness.eu\\\/lt\\\/#\\\/schema\\\/logo\\\/image\\\/\",\"url\":\"https:\\\/\\\/evolve-fitness.eu\\\/wp-content\\\/uploads\\\/2023\\\/05\\\/Evolve-logo.svg\",\"contentUrl\":\"https:\\\/\\\/evolve-fitness.eu\\\/wp-content\\\/uploads\\\/2023\\\/05\\\/Evolve-logo.svg\",\"width\":176,\"height\":20,\"caption\":\"Evolve\"},\"image\":{\"@id\":\"https:\\\/\\\/evolve-fitness.eu\\\/lt\\\/#\\\/schema\\\/logo\\\/image\\\/\"},\"sameAs\":[\"https:\\\/\\\/www.facebook.com\\\/EvolveFitnessEurope\"]}]}<\/script>\n<!-- \/ Yoast SEO plugin. -->","yoast_head_json":{"title":"\"Evolve Prime Series Dip &amp; Pull Up Station\" (PR-219) - Evolve","robots":{"index":"index","follow":"follow","max-snippet":"max-snippet:-1","max-image-preview":"max-image-preview:large","max-video-preview":"max-video-preview:-1"},"canonical":"https:\/\/evolve-fitness.eu\/lt\/produktas\/evolve-prime-series-dip-pull-up-station\/","og_locale":"lt_LT","og_type":"article","og_title":"\"Evolve Prime Series Dip &amp; Pull Up Station\" (PR-219) - Evolve","og_url":"https:\/\/evolve-fitness.eu\/lt\/produktas\/evolve-prime-series-dip-pull-up-station\/","og_site_name":"Evolve","article_publisher":"https:\/\/www.facebook.com\/EvolveFitnessEurope","article_modified_time":"2026-04-01T11:58:16+00:00","og_image":[{"width":680,"height":600,"url":"https:\/\/evolve-fitness.eu\/wp-content\/uploads\/2024\/01\/EV-BN-PR-219-PNG.png","type":"image\/png"}],"twitter_card":"summary_large_image","schema":{"@context":"https:\/\/schema.org","@graph":[{"@type":"WebPage","@id":"https:\/\/evolve-fitness.eu\/lt\/produktas\/evolve-prime-series-dip-pull-up-station\/","url":"https:\/\/evolve-fitness.eu\/lt\/produktas\/evolve-prime-series-dip-pull-up-station\/","name":"\"Evolve Prime Series Dip &amp; Pull Up Station\" (PR-219) - Evolve","isPartOf":{"@id":"https:\/\/evolve-fitness.eu\/lt\/#website"},"primaryImageOfPage":{"@id":"https:\/\/evolve-fitness.eu\/lt\/produktas\/evolve-prime-series-dip-pull-up-station\/#primaryimage"},"image":{"@id":"https:\/\/evolve-fitness.eu\/lt\/produktas\/evolve-prime-series-dip-pull-up-station\/#primaryimage"},"thumbnailUrl":"https:\/\/evolve-fitness.eu\/wp-content\/uploads\/2024\/01\/EV-BN-PR-219-PNG.png","datePublished":"2024-01-17T10:03:12+00:00","dateModified":"2026-04-01T11:58:16+00:00","breadcrumb":{"@id":"https:\/\/evolve-fitness.eu\/lt\/produktas\/evolve-prime-series-dip-pull-up-station\/#breadcrumb"},"inLanguage":"lt-LT","potentialAction":[{"@type":"ReadAction","target":["https:\/\/evolve-fitness.eu\/lt\/produktas\/evolve-prime-series-dip-pull-up-station\/"]}]},{"@type":"ImageObject","inLanguage":"lt-LT","@id":"https:\/\/evolve-fitness.eu\/lt\/produktas\/evolve-prime-series-dip-pull-up-station\/#primaryimage","url":"https:\/\/evolve-fitness.eu\/wp-content\/uploads\/2024\/01\/EV-BN-PR-219-PNG.png","contentUrl":"https:\/\/evolve-fitness.eu\/wp-content\/uploads\/2024\/01\/EV-BN-PR-219-PNG.png","width":680,"height":600,"caption":"EV-BN-PR-219"},{"@type":"BreadcrumbList","@id":"https:\/\/evolve-fitness.eu\/lt\/produktas\/evolve-prime-series-dip-pull-up-station\/#breadcrumb","itemListElement":[{"@type":"ListItem","position":1,"name":"Home","item":"https:\/\/evolve-fitness.eu\/lt\/"},{"@type":"ListItem","position":2,"name":"Produktai","item":"https:\/\/evolve-fitness.eu\/lt\/shop\/"},{"@type":"ListItem","position":3,"name":"&#8220;Evolve Prime Series Dip &amp; Pull Up Station&#8221; (PR-219)"}]},{"@type":"WebSite","@id":"https:\/\/evolve-fitness.eu\/lt\/#website","url":"https:\/\/evolve-fitness.eu\/lt\/","name":"Evolve","description":"Your Evolved Gear Arrived","publisher":{"@id":"https:\/\/evolve-fitness.eu\/lt\/#organization"},"potentialAction":[{"@type":"SearchAction","target":{"@type":"EntryPoint","urlTemplate":"https:\/\/evolve-fitness.eu\/lt\/?s={search_term_string}"},"query-input":{"@type":"PropertyValueSpecification","valueRequired":true,"valueName":"search_term_string"}}],"inLanguage":"lt-LT"},{"@type":"Organization","@id":"https:\/\/evolve-fitness.eu\/lt\/#organization","name":"Evolve","url":"https:\/\/evolve-fitness.eu\/lt\/","logo":{"@type":"ImageObject","inLanguage":"lt-LT","@id":"https:\/\/evolve-fitness.eu\/lt\/#\/schema\/logo\/image\/","url":"https:\/\/evolve-fitness.eu\/wp-content\/uploads\/2023\/05\/Evolve-logo.svg","contentUrl":"https:\/\/evolve-fitness.eu\/wp-content\/uploads\/2023\/05\/Evolve-logo.svg","width":176,"height":20,"caption":"Evolve"},"image":{"@id":"https:\/\/evolve-fitness.eu\/lt\/#\/schema\/logo\/image\/"},"sameAs":["https:\/\/www.facebook.com\/EvolveFitnessEurope"]}]}},"_links":{"self":[{"href":"https:\/\/evolve-fitness.eu\/lt\/wp-json\/wp\/v2\/product\/13863","targetHints":{"allow":["GET"]}}],"collection":[{"href":"https:\/\/evolve-fitness.eu\/lt\/wp-json\/wp\/v2\/product"}],"about":[{"href":"https:\/\/evolve-fitness.eu\/lt\/wp-json\/wp\/v2\/types\/product"}],"wp:featuredmedia":[{"embeddable":true,"href":"https:\/\/evolve-fitness.eu\/lt\/wp-json\/wp\/v2\/media\/10345"}],"wp:attachment":[{"href":"https:\/\/evolve-fitness.eu\/lt\/wp-json\/wp\/v2\/media?parent=13863"}],"wp:term":[{"taxonomy":"product_brand","embeddable":true,"href":"https:\/\/evolve-fitness.eu\/lt\/wp-json\/wp\/v2\/product_brand?post=13863"},{"taxonomy":"product_cat","embeddable":true,"href":"https:\/\/evolve-fitness.eu\/lt\/wp-json\/wp\/v2\/product_cat?post=13863"},{"taxonomy":"product_tag","embeddable":true,"href":"https:\/\/evolve-fitness.eu\/lt\/wp-json\/wp\/v2\/product_tag?post=13863"}],"curies":[{"name":"wp","href":"https:\/\/api.w.org\/{rel}","templated":true}]}}