{"id":14297,"date":"2023-12-18T12:04:19","date_gmt":"2023-12-18T12:04:19","guid":{"rendered":"https:\/\/evolve-fitness.eu\/product\/evolve-urethane-body-pump-rinkinys\/"},"modified":"2026-04-04T20:13:43","modified_gmt":"2026-04-04T17:13:43","slug":"evolve-urethane-body-pump-rinkinys","status":"publish","type":"product","link":"https:\/\/evolve-fitness.eu\/lt\/produktas\/evolve-urethane-body-pump-rinkinys\/","title":{"rendered":"&#8222;Evolve Urethane Studio&#8221; siurbli\u0173 rinkinys"},"content":{"rendered":"\n<section class=\"wp-block-group alignfull has-lightgray-background-color has-background is-layout-constrained wp-block-group-is-layout-constrained\">\n<div class=\"wp-block-columns alignwide is-layout-flex wp-container-core-columns-is-layout-2edb0647 wp-block-columns-is-layout-flex\" style=\"margin-top:0;margin-bottom:0\">\n<div class=\"wp-block-column is-layout-flow wp-block-column-is-layout-flow\" style=\"flex-basis:33.33%\"><\/div>\n\n\n\n<div class=\"wp-block-column is-layout-flow wp-block-column-is-layout-flow\" style=\"flex-basis:66.66%\"><\/div>\n<\/div>\n<\/section>\n\n<section class=\"wp-block-group alignfull black-content has-white-color has-darkgray-background-color has-text-color has-background is-layout-constrained wp-block-group-is-layout-constrained\" style=\"padding-top:var(--wp--preset--spacing--section-bottom);padding-bottom:var(--wp--preset--spacing--section-bottom)\">\n<div class=\"wp-block-columns alignwide mobile-reverse is-layout-flex wp-container-core-columns-is-layout-ca64bf2d wp-block-columns-is-layout-flex\" style=\"margin-bottom:var(--wp--preset--spacing--side-padding)\">\n<div class=\"wp-block-column is-vertically-aligned-center is-layout-flow wp-block-column-is-layout-flow\">\n<h3 class=\"wp-block-heading\" style=\"margin-bottom:var(--wp--preset--spacing--h-3-bottom)\"><strong>Neprilygstamas patvarumas ir na\u0161umas<\/strong><\/h3>\n\n\n\n<p><em><strong>Auk\u0161\u010diausios kokyb\u0117s dizainas veiksmingoms treniruot\u0117ms<\/strong><\/em><\/p>\n\n\n\n<p style=\"margin-bottom:var(--wp--preset--spacing--tb-section-padding)\">Atraskite ilgaam\u017ei\u0161kumo vir\u0161\u016bn\u0119 su &#8222;Evolve Urethane Studio Pump Set&#8221; &#8211; 19,5 kg. \u0160is rinkinys pagamintas i\u0161 auk\u0161\u010diausios kokyb\u0117s uretano med\u017eiagos, tod\u0117l yra ilgaam\u017eis ir puikiai tinka tiek komercin\u0117ms treniruokli\u0173 sal\u0117ms, tiek treniruot\u0117ms namuose. Tvirta konstrukcija u\u017etikrina atsparum\u0105 \u012fbr\u0117\u017eimams, \u012fskilimams ar lupimuisi, tod\u0117l ilgus metus i\u0161laiko nepriekai\u0161ting\u0105 i\u0161vaizd\u0105 ir nereikia jos da\u017enai keisti.  <\/p>\n\n\n\n<h3 class=\"wp-block-heading\" style=\"margin-bottom:var(--wp--preset--spacing--h-3-bottom)\">Tiksliai pagaminti uretano svarmenys<\/h3>\n\n\n\n<p><strong><em>Nuoseklus efektyvi\u0173 treniruo\u010di\u0173 na\u0161umas<\/em><\/strong><\/p>\n\n\n\n<p>Patirkite skland\u0173 plok\u0161\u010di\u0173 pakrovim\u0105 ir i\u0161krovim\u0105 naudodami &#8222;Evolve Urethane Studio Pump&#8221; siurblio rinkinio suapvalintus \u012fvori\u0173 antgalius. Kiekvienas uretano svarmuo, \u012fskaitant 2 x 1,25 kg, 2 x 2,5 kg ir 2 x 5 kg, yra pagamintas tiksliai pagal specifikacijas, tod\u0117l u\u017etikrina vienod\u0105 svor\u012f ir poj\u016bt\u012f, reikaling\u0105 tikslioms treniruot\u0117ms. <\/p>\n<\/div>\n\n\n\n<div class=\"wp-block-column is-vertically-aligned-center is-layout-flow wp-block-column-is-layout-flow\">\n<figure class=\"wp-block-video\"><video height=\"2160\" style=\"aspect-ratio: 3840 \/ 2160;\" width=\"3840\" autoplay=\"\" controls=\"\" loop=\"\" muted=\"\" src=\"https:\/\/evolve-fitness.eu\/wp-content\/uploads\/2023\/12\/1.mp4\"><\/video><\/figure>\n<\/div>\n<\/div>\n\n\n\n<div class=\"wp-block-columns alignwide is-layout-flex wp-container-core-columns-is-layout-c45ee707 wp-block-columns-is-layout-flex\" style=\"margin-bottom:var(--wp--preset--spacing--side-padding);padding-top:var(--wp--preset--spacing--side-padding)\">\n<div class=\"wp-block-column is-vertically-aligned-center is-layout-flow wp-block-column-is-layout-flow\">\n<figure class=\"wp-block-image size-full is-resized is-style-rounded\"><img loading=\"lazy\" decoding=\"async\" width=\"1000\" height=\"665\" src=\"https:\/\/evolve-fitness.eu\/wp-content\/uploads\/2023\/08\/TPU-urethane-weight-plates-6.jpg\" alt=\"\" class=\"wp-image-838\" style=\"object-fit:cover;width:680px;height:600px\" srcset=\"https:\/\/evolve-fitness.eu\/wp-content\/uploads\/2023\/08\/TPU-urethane-weight-plates-6.jpg 1000w, https:\/\/evolve-fitness.eu\/wp-content\/uploads\/2023\/08\/TPU-urethane-weight-plates-6-300x200.jpg 300w, https:\/\/evolve-fitness.eu\/wp-content\/uploads\/2023\/08\/TPU-urethane-weight-plates-6-226x150.jpg 226w, https:\/\/evolve-fitness.eu\/wp-content\/uploads\/2023\/08\/TPU-urethane-weight-plates-6-600x399.jpg 600w, https:\/\/evolve-fitness.eu\/wp-content\/uploads\/2023\/08\/TPU-urethane-weight-plates-6-150x100.jpg 150w, https:\/\/evolve-fitness.eu\/wp-content\/uploads\/2023\/08\/TPU-urethane-weight-plates-6-768x511.jpg 768w\" sizes=\"auto, (max-width: 1000px) 100vw, 1000px\" \/><\/figure>\n<\/div>\n\n\n\n<div class=\"wp-block-column is-vertically-aligned-center is-layout-flow wp-block-column-is-layout-flow\">\n<h3 class=\"wp-block-heading\" style=\"margin-bottom:var(--wp--preset--spacing--h-3-bottom)\">Pritaikymas ir stilius<\/h3>\n\n\n\n<p><strong><em><strong><em><strong><em>Pagerinkite savo sporto sal\u0117s prek\u0117s \u017eenkl\u0105 naudodami &#8222;Body Pump&#8221; rinkin\u012f<\/em><\/strong><\/em><\/strong><\/em><\/strong><\/p>\n\n\n\n<p style=\"margin-bottom:var(--wp--preset--spacing--tb-section-padding)\">Si\u016blomos pritaikymo galimyb\u0117s, tod\u0117l galite prid\u0117ti savo logotip\u0105 ir pasirinkti pasirinktines spalvas, kad sukurtum\u0117te unikali\u0105 treniruo\u010di\u0173 patirt\u012f, i\u0161skirian\u010di\u0105 j\u016bs\u0173 sporto sal\u0119 i\u0161 konkurent\u0173. &#8222;Evolve Urethane Studio Pump Set&#8221; pasi\u017eymi vizualiai \u012fsp\u016bdinga ir vientisa i\u0161vaizda, kuri puikiai papildo fitneso prek\u0117s \u017eenklo identitet\u0105. Spalv\u0173 parinkimas yra labai svarbus u\u017etikrinant, kad rinkinys ne tik i\u0161siskirt\u0173, bet ir atitikt\u0173 prek\u0117s \u017eenklo estetik\u0105. &#8222;Evolve Urethane Studio Pump Set&#8221; yra lazeriu i\u0161pjaustytas, uretanu i\u0161pildytas logotipas ir svorio nuoroda, kuri laikui b\u0117gant nenusilups ir nenusid\u0117v\u0117s.   <\/p>\n<\/div>\n<\/div>\n\n\n\n<div class=\"wp-block-columns alignwide mobile-reverse is-layout-flex wp-container-core-columns-is-layout-ca64bf2d wp-block-columns-is-layout-flex\" style=\"margin-bottom:var(--wp--preset--spacing--side-padding)\">\n<div class=\"wp-block-column is-vertically-aligned-center is-layout-flow wp-block-column-is-layout-flow\">\n<h3 class=\"wp-block-heading\" style=\"margin-bottom:var(--wp--preset--spacing--h-3-bottom)\">FUNKCIONALUMAS<\/h3>\n\n\n\n<p>Unikali konstrukcija neleid\u017eia svoriui u\u017estrigti ant strypo<\/p>\n\n\n\n<p style=\"margin-bottom:var(--wp--preset--spacing--tb-section-padding)\">&#8222;Evolve&#8221; svori\u0173 plok\u0161t\u0117s turi tekst\u016bruot\u0105 pavir\u0161i\u0173, kur\u012f lengva valyti, jis neslidus ir puikiai sukimba. \u0160ios savyb\u0117s taip pat u\u017etikrina saugum\u0105 ir suma\u017eina galimyb\u0119 naudotojams suspausti pir\u0161tus kraunant plok\u0161tes ant strypo ir nuo jo. <\/p>\n\n\n\n<h3 class=\"wp-block-heading\" style=\"margin-bottom:var(--wp--preset--spacing--h-3-bottom)\">Uretano danga<\/h3>\n\n\n\n<p>Uretano danga labai atspari sm\u016bgiams ir dvigubai patvaresn\u0117 u\u017e gumin\u0119 dang\u0105<\/p>\n\n\n\n<p>Da\u017eyti pavir\u0161iai gali suskilin\u0117ti ir r\u016bdyti, o guma ilgainiui gali nusilupti arba \u012ftr\u016bkti. &#8222;Evolve&#8221; uretano svori\u0173 plok\u0161t\u0117s yra itin patvarios ir nesugenda. \u0160ie svoriai i\u0161laikys ry\u0161ki\u0105 vientis\u0105 spalv\u0105 vis\u0105 gyvenim\u0105. <\/p>\n<\/div>\n\n\n\n<div class=\"wp-block-column is-vertically-aligned-center is-layout-flow wp-block-column-is-layout-flow\">\n<figure class=\"wp-block-image alignleft size-full is-resized is-style-rounded\"><img loading=\"lazy\" decoding=\"async\" width=\"1920\" height=\"1280\" src=\"https:\/\/evolve-fitness.eu\/wp-content\/uploads\/2023\/12\/A7_05432.jpg\" alt=\"\" class=\"wp-image-7840\" style=\"width:686px;height:652px\" srcset=\"https:\/\/evolve-fitness.eu\/wp-content\/uploads\/2023\/12\/A7_05432.jpg 1920w, https:\/\/evolve-fitness.eu\/wp-content\/uploads\/2023\/12\/A7_05432-300x200.jpg 300w, https:\/\/evolve-fitness.eu\/wp-content\/uploads\/2023\/12\/A7_05432-225x150.jpg 225w, https:\/\/evolve-fitness.eu\/wp-content\/uploads\/2023\/12\/A7_05432-600x400.jpg 600w, https:\/\/evolve-fitness.eu\/wp-content\/uploads\/2023\/12\/A7_05432-1024x683.jpg 1024w, https:\/\/evolve-fitness.eu\/wp-content\/uploads\/2023\/12\/A7_05432-150x100.jpg 150w, https:\/\/evolve-fitness.eu\/wp-content\/uploads\/2023\/12\/A7_05432-768x512.jpg 768w, https:\/\/evolve-fitness.eu\/wp-content\/uploads\/2023\/12\/A7_05432-1536x1024.jpg 1536w\" sizes=\"auto, (max-width: 1920px) 100vw, 1920px\" \/><\/figure>\n<\/div>\n<\/div>\n\n\n\n<div class=\"wp-block-columns alignwide is-layout-flex wp-container-core-columns-is-layout-c45ee707 wp-block-columns-is-layout-flex\" style=\"margin-bottom:var(--wp--preset--spacing--side-padding);padding-top:var(--wp--preset--spacing--side-padding)\">\n<div class=\"wp-block-column is-vertically-aligned-center is-layout-flow wp-block-column-is-layout-flow\">\n<figure class=\"wp-block-image size-large\"><img loading=\"lazy\" decoding=\"async\" width=\"1024\" height=\"768\" src=\"https:\/\/evolve-fitness.eu\/wp-content\/uploads\/2023\/12\/Lemon-Gym-Teika-3-1024x768.jpg\" alt=\"\" class=\"wp-image-8985\" srcset=\"https:\/\/evolve-fitness.eu\/wp-content\/uploads\/2023\/12\/Lemon-Gym-Teika-3-1024x768.jpg 1024w, https:\/\/evolve-fitness.eu\/wp-content\/uploads\/2023\/12\/Lemon-Gym-Teika-3-300x225.jpg 300w, https:\/\/evolve-fitness.eu\/wp-content\/uploads\/2023\/12\/Lemon-Gym-Teika-3-200x150.jpg 200w, https:\/\/evolve-fitness.eu\/wp-content\/uploads\/2023\/12\/Lemon-Gym-Teika-3-600x450.jpg 600w, https:\/\/evolve-fitness.eu\/wp-content\/uploads\/2023\/12\/Lemon-Gym-Teika-3-150x113.jpg 150w, https:\/\/evolve-fitness.eu\/wp-content\/uploads\/2023\/12\/Lemon-Gym-Teika-3-768x576.jpg 768w, https:\/\/evolve-fitness.eu\/wp-content\/uploads\/2023\/12\/Lemon-Gym-Teika-3-1536x1152.jpg 1536w, https:\/\/evolve-fitness.eu\/wp-content\/uploads\/2023\/12\/Lemon-Gym-Teika-3.jpg 2048w\" sizes=\"auto, (max-width: 1024px) 100vw, 1024px\" \/><\/figure>\n<\/div>\n\n\n\n<div class=\"wp-block-column is-vertically-aligned-center is-layout-flow wp-block-column-is-layout-flow\">\n<h3 class=\"wp-block-heading\" style=\"margin-bottom:var(--wp--preset--spacing--h-3-bottom)\">Sauga &#8211; svarbiausia<\/h3>\n\n\n\n<p><strong><em>Saugi ir patikima treniruo\u010di\u0173 patirtis<\/em><\/strong><\/p>\n\n\n\n<p>&#8222;Evolve&#8221; saugumas yra m\u016bs\u0173 svarbiausias prioritetas. M\u016bs\u0173 uretano svori\u0173 plok\u0161t\u0117s pagamintos i\u0161 auk\u0161tos kokyb\u0117s, netoksi\u0161kos ir bekvap\u0117s uretano med\u017eiagos, u\u017etikrinan\u010dios saugi\u0105 ir sveik\u0105 treniruo\u010di\u0173 aplink\u0105.<\/p>\n<\/div>\n<\/div>\n\n\n\n<div class=\"wp-block-columns alignwide is-layout-flex wp-container-core-columns-is-layout-c45ee707 wp-block-columns-is-layout-flex\" style=\"margin-bottom:var(--wp--preset--spacing--side-padding);padding-top:var(--wp--preset--spacing--side-padding)\">\n<div class=\"wp-block-column is-vertically-aligned-center is-layout-flow wp-block-column-is-layout-flow\">\n<h3 class=\"wp-block-heading\" style=\"margin-bottom:var(--wp--preset--spacing--h-3-bottom)\">Atsisveikinimas su sugipsuotais pir\u0161tais<\/h3>\n\n\n\n<p><strong><em>Su &#8222;Evolve Urethane&#8221; svorio plok\u0161tel\u0117mis<\/em><\/strong><\/p>\n\n\n\n<p>&#8222;Evolve Urethane Weight Plates&#8221; sukurtos taip, kad sporto sal\u0117s lankytojams b\u016bt\u0173 saugiau ir efektyviau pakrauti ir i\u0161krauti svarmenis. Rinkinyje yra 140 cm ilgio \u0161tanga ir spyruoklin\u0117s apykakl\u0117s, u\u017etikrinan\u010dios saugi\u0105 ir patikim\u0105 treniruo\u010di\u0173 patirt\u012f. Tekst\u016bruotas pavir\u0161ius ir suapvalinta l\u0117k\u0161\u010di\u0173 forma taip pat neleid\u017eia joms prilipti vienai prie kitos ar kit\u0173 pavir\u0161i\u0173. Plok\u0161tes galima lengvai ne\u0161iotis ir naudoti \u012fvairiems pratimams atlikti.   Nesvarbu, ar darote \u012ft\u016bpstus, ar \u0161uolius, d\u0117l keturi\u0173 ranken\u0173 lengva transportuoti ir naudoti svori\u0173 plok\u0161tes, tod\u0117l treniruot\u0117s bus veiksmingesn\u0117s ir efektyvesn\u0117s.<\/p>\n<\/div>\n\n\n\n<div class=\"wp-block-column is-vertically-aligned-center is-layout-flow wp-block-column-is-layout-flow\">\n<div class=\"wp-block-columns is-layout-flex wp-container-core-columns-is-layout-9d6595d7 wp-block-columns-is-layout-flex\">\n<div class=\"wp-block-column is-layout-flow wp-block-column-is-layout-flow\"><\/div>\n<\/div>\n<\/div>\n<\/div>\n<\/section>\n","protected":false},"excerpt":{"rendered":"<p>Patirkite i\u0161skirtines treniruotes su &#8222;Evolve Urethane Studio Pump Set&#8221; &#8211; 19,5 kg &#8211; ilgaam\u017ei\u0161kumo ir na\u0161umo vir\u0161\u016bne. \u0160is rinkinys pagamintas i\u0161 auk\u0161\u010diausios kokyb\u0117s uretano med\u017eiagos, tod\u0117l yra nepakartojamai ilgaam\u017eis ir puikiai tinka tiek komercin\u0117ms treniruokli\u0173 sal\u0117ms, tiek treniruot\u0117ms namuose. Atsisveikinkite su r\u016bpes\u010diais d\u0117l nusid\u0117v\u0117jimo, nes tvirta rinkinio konstrukcija u\u017etikrina atsparum\u0105 \u012fbr\u0117\u017eimams ir \u012fskilimams, tod\u0117l laikui b\u0117gant i\u0161saugo nepriekai\u0161ting\u0105 i\u0161vaizd\u0105. I\u0161ry\u0161kinkite savo sporto sal\u0117s identitet\u0105 naudodami pritaikomas parinktis, leid\u017eian\u010dias prid\u0117ti logotip\u0105 ir pasirinkti individualias spalvas. Tiksliai pagaminti uretano svarmenys u\u017etikrina skland\u0173 plok\u0161teli\u0173 pakrovim\u0105 ir i\u0161krovim\u0105, tod\u0117l treniruot\u0117s vyksta nuosekliai ir tiksliai. Saugumas ir patogumas yra svarbiausi, nes \u012f komplekt\u0105 \u012feina 140 cm ilgio \u0161tanga ir spyruokliniai apvadai, u\u017etikrinantys saugias treniruotes. Su &#8222;Evolve Urethane Studio Pump&#8221; komplektu, pritaikytu \u012fvairiems pratimams ir fizinio pasirengimo lygiams, gal\u0117site treniruotis \u012fvairiapusi\u0161kai.<\/p>\n","protected":false},"featured_media":7242,"template":"","meta":{"_acf_changed":false,"inline_featured_image":false},"product_brand":[],"product_cat":[13070,756],"product_tag":[],"class_list":{"0":"post-14297","1":"product","2":"type-product","3":"status-publish","4":"has-post-thumbnail","6":"product_cat-baru-rinkiniai","7":"product_cat-studija","9":"first","10":"instock","11":"shipping-taxable","12":"purchasable","13":"product-type-simple"},"acf":{"long_title":"","subtitle":"","specifications":[{"label":"SKU","text_value":"EV-GT-UPS","icon":"x"}]},"yoast_head":"<!-- This site is optimized with the Yoast SEO plugin v26.6 - https:\/\/yoast.com\/wordpress\/plugins\/seo\/ -->\n<title>&quot;Evolve Urethane Studio&quot; siurbli\u0173 rinkinys - Evolve<\/title>\n<meta name=\"description\" content=\"Patirkite i\u0161skirtines treniruotes su &quot;Evolve Urethane Studio Pump Set&quot; - 19,5 kg - ilgaam\u017ei\u0161kumo ir na\u0161umo vir\u0161\u016bne.\" \/>\n<meta name=\"robots\" content=\"index, follow, max-snippet:-1, max-image-preview:large, max-video-preview:-1\" \/>\n<link rel=\"canonical\" href=\"https:\/\/evolve-fitness.eu\/lt\/produktas\/evolve-urethane-body-pump-rinkinys\/\" \/>\n<meta property=\"og:locale\" content=\"lt_LT\" \/>\n<meta property=\"og:type\" content=\"article\" \/>\n<meta property=\"og:title\" content=\"&quot;Evolve Urethane Studio&quot; siurbli\u0173 rinkinys - Evolve\" \/>\n<meta property=\"og:description\" content=\"Patirkite i\u0161skirtines treniruotes su &quot;Evolve Urethane Studio Pump Set&quot; - 19,5 kg - ilgaam\u017ei\u0161kumo ir na\u0161umo vir\u0161\u016bne.\" \/>\n<meta property=\"og:url\" content=\"https:\/\/evolve-fitness.eu\/lt\/produktas\/evolve-urethane-body-pump-rinkinys\/\" \/>\n<meta property=\"og:site_name\" content=\"Evolve\" \/>\n<meta property=\"article:publisher\" content=\"https:\/\/www.facebook.com\/EvolveFitnessEurope\" \/>\n<meta property=\"article:modified_time\" content=\"2026-04-04T17:13:43+00:00\" \/>\n<meta property=\"og:image\" content=\"https:\/\/evolve-fitness.eu\/wp-content\/uploads\/2023\/09\/Evolve-Body-Pump.png\" \/>\n\t<meta property=\"og:image:width\" content=\"680\" \/>\n\t<meta property=\"og:image:height\" content=\"600\" \/>\n\t<meta property=\"og:image:type\" content=\"image\/png\" \/>\n<meta name=\"twitter:card\" content=\"summary_large_image\" \/>\n<script type=\"application\/ld+json\" class=\"yoast-schema-graph\">{\"@context\":\"https:\/\/schema.org\",\"@graph\":[{\"@type\":\"WebPage\",\"@id\":\"https:\/\/evolve-fitness.eu\/lt\/produktas\/evolve-urethane-body-pump-rinkinys\/\",\"url\":\"https:\/\/evolve-fitness.eu\/lt\/produktas\/evolve-urethane-body-pump-rinkinys\/\",\"name\":\"\\\"Evolve Urethane Studio\\\" siurbli\u0173 rinkinys - Evolve\",\"isPartOf\":{\"@id\":\"https:\/\/evolve-fitness.eu\/lt\/#website\"},\"primaryImageOfPage\":{\"@id\":\"https:\/\/evolve-fitness.eu\/lt\/produktas\/evolve-urethane-body-pump-rinkinys\/#primaryimage\"},\"image\":{\"@id\":\"https:\/\/evolve-fitness.eu\/lt\/produktas\/evolve-urethane-body-pump-rinkinys\/#primaryimage\"},\"thumbnailUrl\":\"https:\/\/evolve-fitness.eu\/wp-content\/uploads\/2023\/09\/Evolve-Body-Pump.png\",\"datePublished\":\"2023-12-18T12:04:19+00:00\",\"dateModified\":\"2026-04-04T17:13:43+00:00\",\"description\":\"Patirkite i\u0161skirtines treniruotes su \\\"Evolve Urethane Studio Pump Set\\\" - 19,5 kg - ilgaam\u017ei\u0161kumo ir na\u0161umo vir\u0161\u016bne.\",\"breadcrumb\":{\"@id\":\"https:\/\/evolve-fitness.eu\/lt\/produktas\/evolve-urethane-body-pump-rinkinys\/#breadcrumb\"},\"inLanguage\":\"lt-LT\",\"potentialAction\":[{\"@type\":\"ReadAction\",\"target\":[\"https:\/\/evolve-fitness.eu\/lt\/produktas\/evolve-urethane-body-pump-rinkinys\/\"]}]},{\"@type\":\"ImageObject\",\"inLanguage\":\"lt-LT\",\"@id\":\"https:\/\/evolve-fitness.eu\/lt\/produktas\/evolve-urethane-body-pump-rinkinys\/#primaryimage\",\"url\":\"https:\/\/evolve-fitness.eu\/wp-content\/uploads\/2023\/09\/Evolve-Body-Pump.png\",\"contentUrl\":\"https:\/\/evolve-fitness.eu\/wp-content\/uploads\/2023\/09\/Evolve-Body-Pump.png\",\"width\":680,\"height\":600,\"caption\":\"EV-GT-UPS\"},{\"@type\":\"BreadcrumbList\",\"@id\":\"https:\/\/evolve-fitness.eu\/lt\/produktas\/evolve-urethane-body-pump-rinkinys\/#breadcrumb\",\"itemListElement\":[{\"@type\":\"ListItem\",\"position\":1,\"name\":\"Home\",\"item\":\"https:\/\/evolve-fitness.eu\/lt\/\"},{\"@type\":\"ListItem\",\"position\":2,\"name\":\"Produktai\",\"item\":\"https:\/\/evolve-fitness.eu\/lt\/shop\/\"},{\"@type\":\"ListItem\",\"position\":3,\"name\":\"&#8220;Evolve Urethane Studio&#8221; siurbli\u0173 rinkinys\"}]},{\"@type\":\"WebSite\",\"@id\":\"https:\/\/evolve-fitness.eu\/lt\/#website\",\"url\":\"https:\/\/evolve-fitness.eu\/lt\/\",\"name\":\"Evolve\",\"description\":\"Your Evolved Gear Arrived\",\"publisher\":{\"@id\":\"https:\/\/evolve-fitness.eu\/lt\/#organization\"},\"potentialAction\":[{\"@type\":\"SearchAction\",\"target\":{\"@type\":\"EntryPoint\",\"urlTemplate\":\"https:\/\/evolve-fitness.eu\/lt\/?s={search_term_string}\"},\"query-input\":{\"@type\":\"PropertyValueSpecification\",\"valueRequired\":true,\"valueName\":\"search_term_string\"}}],\"inLanguage\":\"lt-LT\"},{\"@type\":\"Organization\",\"@id\":\"https:\/\/evolve-fitness.eu\/lt\/#organization\",\"name\":\"Evolve\",\"url\":\"https:\/\/evolve-fitness.eu\/lt\/\",\"logo\":{\"@type\":\"ImageObject\",\"inLanguage\":\"lt-LT\",\"@id\":\"https:\/\/evolve-fitness.eu\/lt\/#\/schema\/logo\/image\/\",\"url\":\"https:\/\/evolve-fitness.eu\/wp-content\/uploads\/2023\/05\/Evolve-logo.svg\",\"contentUrl\":\"https:\/\/evolve-fitness.eu\/wp-content\/uploads\/2023\/05\/Evolve-logo.svg\",\"width\":176,\"height\":20,\"caption\":\"Evolve\"},\"image\":{\"@id\":\"https:\/\/evolve-fitness.eu\/lt\/#\/schema\/logo\/image\/\"},\"sameAs\":[\"https:\/\/www.facebook.com\/EvolveFitnessEurope\"]}]}<\/script>\n<!-- \/ Yoast SEO plugin. -->","yoast_head_json":{"title":"\"Evolve Urethane Studio\" siurbli\u0173 rinkinys - Evolve","description":"Patirkite i\u0161skirtines treniruotes su \"Evolve Urethane Studio Pump Set\" - 19,5 kg - ilgaam\u017ei\u0161kumo ir na\u0161umo vir\u0161\u016bne.","robots":{"index":"index","follow":"follow","max-snippet":"max-snippet:-1","max-image-preview":"max-image-preview:large","max-video-preview":"max-video-preview:-1"},"canonical":"https:\/\/evolve-fitness.eu\/lt\/produktas\/evolve-urethane-body-pump-rinkinys\/","og_locale":"lt_LT","og_type":"article","og_title":"\"Evolve Urethane Studio\" siurbli\u0173 rinkinys - Evolve","og_description":"Patirkite i\u0161skirtines treniruotes su \"Evolve Urethane Studio Pump Set\" - 19,5 kg - ilgaam\u017ei\u0161kumo ir na\u0161umo vir\u0161\u016bne.","og_url":"https:\/\/evolve-fitness.eu\/lt\/produktas\/evolve-urethane-body-pump-rinkinys\/","og_site_name":"Evolve","article_publisher":"https:\/\/www.facebook.com\/EvolveFitnessEurope","article_modified_time":"2026-04-04T17:13:43+00:00","og_image":[{"width":680,"height":600,"url":"https:\/\/evolve-fitness.eu\/wp-content\/uploads\/2023\/09\/Evolve-Body-Pump.png","type":"image\/png"}],"twitter_card":"summary_large_image","schema":{"@context":"https:\/\/schema.org","@graph":[{"@type":"WebPage","@id":"https:\/\/evolve-fitness.eu\/lt\/produktas\/evolve-urethane-body-pump-rinkinys\/","url":"https:\/\/evolve-fitness.eu\/lt\/produktas\/evolve-urethane-body-pump-rinkinys\/","name":"\"Evolve Urethane Studio\" siurbli\u0173 rinkinys - Evolve","isPartOf":{"@id":"https:\/\/evolve-fitness.eu\/lt\/#website"},"primaryImageOfPage":{"@id":"https:\/\/evolve-fitness.eu\/lt\/produktas\/evolve-urethane-body-pump-rinkinys\/#primaryimage"},"image":{"@id":"https:\/\/evolve-fitness.eu\/lt\/produktas\/evolve-urethane-body-pump-rinkinys\/#primaryimage"},"thumbnailUrl":"https:\/\/evolve-fitness.eu\/wp-content\/uploads\/2023\/09\/Evolve-Body-Pump.png","datePublished":"2023-12-18T12:04:19+00:00","dateModified":"2026-04-04T17:13:43+00:00","description":"Patirkite i\u0161skirtines treniruotes su \"Evolve Urethane Studio Pump Set\" - 19,5 kg - ilgaam\u017ei\u0161kumo ir na\u0161umo vir\u0161\u016bne.","breadcrumb":{"@id":"https:\/\/evolve-fitness.eu\/lt\/produktas\/evolve-urethane-body-pump-rinkinys\/#breadcrumb"},"inLanguage":"lt-LT","potentialAction":[{"@type":"ReadAction","target":["https:\/\/evolve-fitness.eu\/lt\/produktas\/evolve-urethane-body-pump-rinkinys\/"]}]},{"@type":"ImageObject","inLanguage":"lt-LT","@id":"https:\/\/evolve-fitness.eu\/lt\/produktas\/evolve-urethane-body-pump-rinkinys\/#primaryimage","url":"https:\/\/evolve-fitness.eu\/wp-content\/uploads\/2023\/09\/Evolve-Body-Pump.png","contentUrl":"https:\/\/evolve-fitness.eu\/wp-content\/uploads\/2023\/09\/Evolve-Body-Pump.png","width":680,"height":600,"caption":"EV-GT-UPS"},{"@type":"BreadcrumbList","@id":"https:\/\/evolve-fitness.eu\/lt\/produktas\/evolve-urethane-body-pump-rinkinys\/#breadcrumb","itemListElement":[{"@type":"ListItem","position":1,"name":"Home","item":"https:\/\/evolve-fitness.eu\/lt\/"},{"@type":"ListItem","position":2,"name":"Produktai","item":"https:\/\/evolve-fitness.eu\/lt\/shop\/"},{"@type":"ListItem","position":3,"name":"&#8220;Evolve Urethane Studio&#8221; siurbli\u0173 rinkinys"}]},{"@type":"WebSite","@id":"https:\/\/evolve-fitness.eu\/lt\/#website","url":"https:\/\/evolve-fitness.eu\/lt\/","name":"Evolve","description":"Your Evolved Gear Arrived","publisher":{"@id":"https:\/\/evolve-fitness.eu\/lt\/#organization"},"potentialAction":[{"@type":"SearchAction","target":{"@type":"EntryPoint","urlTemplate":"https:\/\/evolve-fitness.eu\/lt\/?s={search_term_string}"},"query-input":{"@type":"PropertyValueSpecification","valueRequired":true,"valueName":"search_term_string"}}],"inLanguage":"lt-LT"},{"@type":"Organization","@id":"https:\/\/evolve-fitness.eu\/lt\/#organization","name":"Evolve","url":"https:\/\/evolve-fitness.eu\/lt\/","logo":{"@type":"ImageObject","inLanguage":"lt-LT","@id":"https:\/\/evolve-fitness.eu\/lt\/#\/schema\/logo\/image\/","url":"https:\/\/evolve-fitness.eu\/wp-content\/uploads\/2023\/05\/Evolve-logo.svg","contentUrl":"https:\/\/evolve-fitness.eu\/wp-content\/uploads\/2023\/05\/Evolve-logo.svg","width":176,"height":20,"caption":"Evolve"},"image":{"@id":"https:\/\/evolve-fitness.eu\/lt\/#\/schema\/logo\/image\/"},"sameAs":["https:\/\/www.facebook.com\/EvolveFitnessEurope"]}]}},"_links":{"self":[{"href":"https:\/\/evolve-fitness.eu\/lt\/wp-json\/wp\/v2\/product\/14297","targetHints":{"allow":["GET"]}}],"collection":[{"href":"https:\/\/evolve-fitness.eu\/lt\/wp-json\/wp\/v2\/product"}],"about":[{"href":"https:\/\/evolve-fitness.eu\/lt\/wp-json\/wp\/v2\/types\/product"}],"wp:featuredmedia":[{"embeddable":true,"href":"https:\/\/evolve-fitness.eu\/lt\/wp-json\/wp\/v2\/media\/7242"}],"wp:attachment":[{"href":"https:\/\/evolve-fitness.eu\/lt\/wp-json\/wp\/v2\/media?parent=14297"}],"wp:term":[{"taxonomy":"product_brand","embeddable":true,"href":"https:\/\/evolve-fitness.eu\/lt\/wp-json\/wp\/v2\/product_brand?post=14297"},{"taxonomy":"product_cat","embeddable":true,"href":"https:\/\/evolve-fitness.eu\/lt\/wp-json\/wp\/v2\/product_cat?post=14297"},{"taxonomy":"product_tag","embeddable":true,"href":"https:\/\/evolve-fitness.eu\/lt\/wp-json\/wp\/v2\/product_tag?post=14297"}],"curies":[{"name":"wp","href":"https:\/\/api.w.org\/{rel}","templated":true}]}}