{"id":14608,"date":"2023-11-20T14:26:42","date_gmt":"2023-11-20T14:26:42","guid":{"rendered":"https:\/\/evolve-fitness.eu\/product\/evolve-olimpinis-sesiakampis-strypas-150-cm\/"},"modified":"2026-04-09T15:41:26","modified_gmt":"2026-04-09T12:41:26","slug":"evolve-olimpinis-sesiakampis-strypas-150-cm","status":"publish","type":"product","link":"https:\/\/evolve-fitness.eu\/lt\/produktas\/evolve-olimpinis-sesiakampis-strypas-150-cm\/","title":{"rendered":"&#8222;Evolve&#8221; olimpinis \u0161e\u0161iakampis strypas &#8211; 150 cm (HB-150)"},"content":{"rendered":"\n<section class=\"wp-block-group alignfull has-lightgray-background-color has-background is-layout-constrained wp-block-group-is-layout-constrained\">\n<div class=\"wp-block-columns alignwide is-layout-flex wp-container-core-columns-is-layout-2edb0647 wp-block-columns-is-layout-flex\" style=\"margin-top:0;margin-bottom:0\">\n<div class=\"wp-block-column is-layout-flow wp-block-column-is-layout-flow\" style=\"flex-basis:33.33%\"><\/div>\n\n\n\n<div class=\"wp-block-column is-layout-flow wp-block-column-is-layout-flow\" style=\"flex-basis:66.66%\"><\/div>\n<\/div>\n<\/section>\n","protected":false},"excerpt":{"rendered":"<p>Atraskite &#8222;Evolve&#8221; olimpin\u012f \u0161e\u0161iabriaun\u012f stryp\u0105 &#8211; tvirt\u0105 ir universal\u0173 sunkiosios atletikos \u012frank\u012f, sukurt\u0105 optimaliems rezultatams pasiekti. D\u0117l skland\u017eiai besisukan\u010di\u0173 \u012fvori\u0173 jis suma\u017eina rie\u0161o ir alk\u016bn\u0117s \u012ftamp\u0105 treniruo\u010di\u0173 metu. Unikali \u0161e\u0161iakamp\u0117 konstrukcija ir chromo apdaila u\u017etikrina ilgaam\u017ei\u0161kum\u0105 ir atsparum\u0105 r\u016bdims, o 1,5 mm kietas ranken\u0173 rai\u017eymas u\u017etikrina patikim\u0105 sukibim\u0105. \u0160i \u0161tanga gali i\u0161laikyti iki 500 kg svor\u012f, tod\u0117l tinka ir pradedantiesiems, ir patyrusiems sportininkams. Kompakti\u0161ko dyd\u017eio (1415 x 610 x 610 cm) ir 25 kg svorio treniruokliui suteikiama 2 met\u0173 garantija, tod\u0117l jis yra patikimas pasirinkimas j\u016bs\u0173 fitneso kelion\u0117je.    <\/p>\n","protected":false},"featured_media":6452,"template":"","meta":{"_acf_changed":false,"inline_featured_image":false},"product_brand":[],"product_cat":[13031,771,499],"product_tag":[],"class_list":{"0":"post-14608","1":"product","2":"type-product","3":"status-publish","4":"has-post-thumbnail","6":"product_cat-hyrox-gear","7":"product_cat-barai-ir-priedai","8":"product_cat-laisvieji-svarmenys","10":"first","11":"instock","12":"shipping-taxable","13":"purchasable","14":"product-type-simple"},"acf":{"long_title":"\"Evolve\" olimpinis \u0161e\u0161iakampis strypas - 150 cm (HB-150)","subtitle":"","specifications":[{"label":"SKU","text_value":"EV-OB-HB-150","icon":"x"},{"label":"MEAS","text_value":"1415 x 610 x 610 cm","icon":"v"},{"label":"Svoris","text_value":"25 kg","icon":"v"},{"label":"Garantija","text_value":"2 metai","icon":"v"},{"label":"Maksimali apkrova","text_value":"500 kg","icon":"v"},{"label":"Svorio plok\u0161t\u0117s \u012fvor\u0117s skersmuo","text_value":"\u00d8 51 mm","icon":"v"},{"label":"Guoliai ir \u012fvor\u0117s","text_value":"\u012evor\u0117s","icon":"v"},{"label":"Vidinis strypo pavir\u0161ius","text_value":"\"Chrome\"","icon":"v"},{"label":"Strypo svorio \u012fvor\u0117s pavir\u0161ius","text_value":"\"Chrome\"","icon":"v"},{"label":"\u012evor\u0117s ilgis svarmenims","text_value":"250 mm","icon":"v"},{"label":"Stryp\u0173 i\u0161gaubimo gylis","text_value":"1 mm","icon":"v"},{"label":"Stryp\u0173 i\u0161gaubtumo a\u0161trumas","text_value":"Vidutinio a\u0161trumo","icon":"v"}],"product_frequently_asked_questions":null},"yoast_head":"<!-- This site is optimized with the Yoast SEO plugin v27.4 - https:\/\/yoast.com\/product\/yoast-seo-wordpress\/ -->\n<title>&quot;Evolve&quot; olimpinis \u0161e\u0161iakampis strypas - 150 cm (HB-150) - Evolve<\/title>\n<meta name=\"robots\" content=\"index, follow, max-snippet:-1, max-image-preview:large, max-video-preview:-1\" \/>\n<link rel=\"canonical\" href=\"https:\/\/evolve-fitness.eu\/lt\/produktas\/evolve-olimpinis-sesiakampis-strypas-150-cm\/\" \/>\n<meta property=\"og:locale\" content=\"lt_LT\" \/>\n<meta property=\"og:type\" content=\"article\" \/>\n<meta property=\"og:title\" content=\"&quot;Evolve&quot; olimpinis \u0161e\u0161iakampis strypas - 150 cm (HB-150) - Evolve\" \/>\n<meta property=\"og:url\" content=\"https:\/\/evolve-fitness.eu\/lt\/produktas\/evolve-olimpinis-sesiakampis-strypas-150-cm\/\" \/>\n<meta property=\"og:site_name\" content=\"Evolve\" \/>\n<meta property=\"article:publisher\" content=\"https:\/\/www.facebook.com\/EvolveFitnessEurope\" \/>\n<meta property=\"article:modified_time\" content=\"2026-04-09T12:41:26+00:00\" \/>\n<meta property=\"og:image\" content=\"https:\/\/evolve-fitness.eu\/wp-content\/uploads\/2023\/11\/Evolve-Olympic-Hex-Bar-150-cm.png\" \/>\n\t<meta property=\"og:image:width\" content=\"680\" \/>\n\t<meta property=\"og:image:height\" content=\"600\" \/>\n\t<meta property=\"og:image:type\" content=\"image\/png\" \/>\n<meta name=\"twitter:card\" content=\"summary_large_image\" \/>\n<script type=\"application\/ld+json\" class=\"yoast-schema-graph\">{\"@context\":\"https:\\\/\\\/schema.org\",\"@graph\":[{\"@type\":\"WebPage\",\"@id\":\"https:\\\/\\\/evolve-fitness.eu\\\/lt\\\/produktas\\\/evolve-olimpinis-sesiakampis-strypas-150-cm\\\/\",\"url\":\"https:\\\/\\\/evolve-fitness.eu\\\/lt\\\/produktas\\\/evolve-olimpinis-sesiakampis-strypas-150-cm\\\/\",\"name\":\"\\\"Evolve\\\" olimpinis \u0161e\u0161iakampis strypas - 150 cm (HB-150) - Evolve\",\"isPartOf\":{\"@id\":\"https:\\\/\\\/evolve-fitness.eu\\\/lt\\\/#website\"},\"primaryImageOfPage\":{\"@id\":\"https:\\\/\\\/evolve-fitness.eu\\\/lt\\\/produktas\\\/evolve-olimpinis-sesiakampis-strypas-150-cm\\\/#primaryimage\"},\"image\":{\"@id\":\"https:\\\/\\\/evolve-fitness.eu\\\/lt\\\/produktas\\\/evolve-olimpinis-sesiakampis-strypas-150-cm\\\/#primaryimage\"},\"thumbnailUrl\":\"https:\\\/\\\/evolve-fitness.eu\\\/wp-content\\\/uploads\\\/2023\\\/11\\\/Evolve-Olympic-Hex-Bar-150-cm.png\",\"datePublished\":\"2023-11-20T14:26:42+00:00\",\"dateModified\":\"2026-04-09T12:41:26+00:00\",\"breadcrumb\":{\"@id\":\"https:\\\/\\\/evolve-fitness.eu\\\/lt\\\/produktas\\\/evolve-olimpinis-sesiakampis-strypas-150-cm\\\/#breadcrumb\"},\"inLanguage\":\"lt-LT\",\"potentialAction\":[{\"@type\":\"ReadAction\",\"target\":[\"https:\\\/\\\/evolve-fitness.eu\\\/lt\\\/produktas\\\/evolve-olimpinis-sesiakampis-strypas-150-cm\\\/\"]}]},{\"@type\":\"ImageObject\",\"inLanguage\":\"lt-LT\",\"@id\":\"https:\\\/\\\/evolve-fitness.eu\\\/lt\\\/produktas\\\/evolve-olimpinis-sesiakampis-strypas-150-cm\\\/#primaryimage\",\"url\":\"https:\\\/\\\/evolve-fitness.eu\\\/wp-content\\\/uploads\\\/2023\\\/11\\\/Evolve-Olympic-Hex-Bar-150-cm.png\",\"contentUrl\":\"https:\\\/\\\/evolve-fitness.eu\\\/wp-content\\\/uploads\\\/2023\\\/11\\\/Evolve-Olympic-Hex-Bar-150-cm.png\",\"width\":680,\"height\":600,\"caption\":\"EV-OB-HB-150\"},{\"@type\":\"BreadcrumbList\",\"@id\":\"https:\\\/\\\/evolve-fitness.eu\\\/lt\\\/produktas\\\/evolve-olimpinis-sesiakampis-strypas-150-cm\\\/#breadcrumb\",\"itemListElement\":[{\"@type\":\"ListItem\",\"position\":1,\"name\":\"Home\",\"item\":\"https:\\\/\\\/evolve-fitness.eu\\\/lt\\\/\"},{\"@type\":\"ListItem\",\"position\":2,\"name\":\"Produktai\",\"item\":\"https:\\\/\\\/evolve-fitness.eu\\\/lt\\\/shop\\\/\"},{\"@type\":\"ListItem\",\"position\":3,\"name\":\"&#8220;Evolve&#8221; olimpinis \u0161e\u0161iakampis strypas &#8211; 150 cm (HB-150)\"}]},{\"@type\":\"WebSite\",\"@id\":\"https:\\\/\\\/evolve-fitness.eu\\\/lt\\\/#website\",\"url\":\"https:\\\/\\\/evolve-fitness.eu\\\/lt\\\/\",\"name\":\"Evolve\",\"description\":\"Your Evolved Gear Arrived\",\"publisher\":{\"@id\":\"https:\\\/\\\/evolve-fitness.eu\\\/lt\\\/#organization\"},\"potentialAction\":[{\"@type\":\"SearchAction\",\"target\":{\"@type\":\"EntryPoint\",\"urlTemplate\":\"https:\\\/\\\/evolve-fitness.eu\\\/lt\\\/?s={search_term_string}\"},\"query-input\":{\"@type\":\"PropertyValueSpecification\",\"valueRequired\":true,\"valueName\":\"search_term_string\"}}],\"inLanguage\":\"lt-LT\"},{\"@type\":\"Organization\",\"@id\":\"https:\\\/\\\/evolve-fitness.eu\\\/lt\\\/#organization\",\"name\":\"Evolve\",\"url\":\"https:\\\/\\\/evolve-fitness.eu\\\/lt\\\/\",\"logo\":{\"@type\":\"ImageObject\",\"inLanguage\":\"lt-LT\",\"@id\":\"https:\\\/\\\/evolve-fitness.eu\\\/lt\\\/#\\\/schema\\\/logo\\\/image\\\/\",\"url\":\"https:\\\/\\\/evolve-fitness.eu\\\/wp-content\\\/uploads\\\/2023\\\/05\\\/Evolve-logo.svg\",\"contentUrl\":\"https:\\\/\\\/evolve-fitness.eu\\\/wp-content\\\/uploads\\\/2023\\\/05\\\/Evolve-logo.svg\",\"width\":176,\"height\":20,\"caption\":\"Evolve\"},\"image\":{\"@id\":\"https:\\\/\\\/evolve-fitness.eu\\\/lt\\\/#\\\/schema\\\/logo\\\/image\\\/\"},\"sameAs\":[\"https:\\\/\\\/www.facebook.com\\\/EvolveFitnessEurope\"]}]}<\/script>\n<!-- \/ Yoast SEO plugin. -->","yoast_head_json":{"title":"\"Evolve\" olimpinis \u0161e\u0161iakampis strypas - 150 cm (HB-150) - Evolve","robots":{"index":"index","follow":"follow","max-snippet":"max-snippet:-1","max-image-preview":"max-image-preview:large","max-video-preview":"max-video-preview:-1"},"canonical":"https:\/\/evolve-fitness.eu\/lt\/produktas\/evolve-olimpinis-sesiakampis-strypas-150-cm\/","og_locale":"lt_LT","og_type":"article","og_title":"\"Evolve\" olimpinis \u0161e\u0161iakampis strypas - 150 cm (HB-150) - Evolve","og_url":"https:\/\/evolve-fitness.eu\/lt\/produktas\/evolve-olimpinis-sesiakampis-strypas-150-cm\/","og_site_name":"Evolve","article_publisher":"https:\/\/www.facebook.com\/EvolveFitnessEurope","article_modified_time":"2026-04-09T12:41:26+00:00","og_image":[{"width":680,"height":600,"url":"https:\/\/evolve-fitness.eu\/wp-content\/uploads\/2023\/11\/Evolve-Olympic-Hex-Bar-150-cm.png","type":"image\/png"}],"twitter_card":"summary_large_image","schema":{"@context":"https:\/\/schema.org","@graph":[{"@type":"WebPage","@id":"https:\/\/evolve-fitness.eu\/lt\/produktas\/evolve-olimpinis-sesiakampis-strypas-150-cm\/","url":"https:\/\/evolve-fitness.eu\/lt\/produktas\/evolve-olimpinis-sesiakampis-strypas-150-cm\/","name":"\"Evolve\" olimpinis \u0161e\u0161iakampis strypas - 150 cm (HB-150) - Evolve","isPartOf":{"@id":"https:\/\/evolve-fitness.eu\/lt\/#website"},"primaryImageOfPage":{"@id":"https:\/\/evolve-fitness.eu\/lt\/produktas\/evolve-olimpinis-sesiakampis-strypas-150-cm\/#primaryimage"},"image":{"@id":"https:\/\/evolve-fitness.eu\/lt\/produktas\/evolve-olimpinis-sesiakampis-strypas-150-cm\/#primaryimage"},"thumbnailUrl":"https:\/\/evolve-fitness.eu\/wp-content\/uploads\/2023\/11\/Evolve-Olympic-Hex-Bar-150-cm.png","datePublished":"2023-11-20T14:26:42+00:00","dateModified":"2026-04-09T12:41:26+00:00","breadcrumb":{"@id":"https:\/\/evolve-fitness.eu\/lt\/produktas\/evolve-olimpinis-sesiakampis-strypas-150-cm\/#breadcrumb"},"inLanguage":"lt-LT","potentialAction":[{"@type":"ReadAction","target":["https:\/\/evolve-fitness.eu\/lt\/produktas\/evolve-olimpinis-sesiakampis-strypas-150-cm\/"]}]},{"@type":"ImageObject","inLanguage":"lt-LT","@id":"https:\/\/evolve-fitness.eu\/lt\/produktas\/evolve-olimpinis-sesiakampis-strypas-150-cm\/#primaryimage","url":"https:\/\/evolve-fitness.eu\/wp-content\/uploads\/2023\/11\/Evolve-Olympic-Hex-Bar-150-cm.png","contentUrl":"https:\/\/evolve-fitness.eu\/wp-content\/uploads\/2023\/11\/Evolve-Olympic-Hex-Bar-150-cm.png","width":680,"height":600,"caption":"EV-OB-HB-150"},{"@type":"BreadcrumbList","@id":"https:\/\/evolve-fitness.eu\/lt\/produktas\/evolve-olimpinis-sesiakampis-strypas-150-cm\/#breadcrumb","itemListElement":[{"@type":"ListItem","position":1,"name":"Home","item":"https:\/\/evolve-fitness.eu\/lt\/"},{"@type":"ListItem","position":2,"name":"Produktai","item":"https:\/\/evolve-fitness.eu\/lt\/shop\/"},{"@type":"ListItem","position":3,"name":"&#8220;Evolve&#8221; olimpinis \u0161e\u0161iakampis strypas &#8211; 150 cm (HB-150)"}]},{"@type":"WebSite","@id":"https:\/\/evolve-fitness.eu\/lt\/#website","url":"https:\/\/evolve-fitness.eu\/lt\/","name":"Evolve","description":"Your Evolved Gear Arrived","publisher":{"@id":"https:\/\/evolve-fitness.eu\/lt\/#organization"},"potentialAction":[{"@type":"SearchAction","target":{"@type":"EntryPoint","urlTemplate":"https:\/\/evolve-fitness.eu\/lt\/?s={search_term_string}"},"query-input":{"@type":"PropertyValueSpecification","valueRequired":true,"valueName":"search_term_string"}}],"inLanguage":"lt-LT"},{"@type":"Organization","@id":"https:\/\/evolve-fitness.eu\/lt\/#organization","name":"Evolve","url":"https:\/\/evolve-fitness.eu\/lt\/","logo":{"@type":"ImageObject","inLanguage":"lt-LT","@id":"https:\/\/evolve-fitness.eu\/lt\/#\/schema\/logo\/image\/","url":"https:\/\/evolve-fitness.eu\/wp-content\/uploads\/2023\/05\/Evolve-logo.svg","contentUrl":"https:\/\/evolve-fitness.eu\/wp-content\/uploads\/2023\/05\/Evolve-logo.svg","width":176,"height":20,"caption":"Evolve"},"image":{"@id":"https:\/\/evolve-fitness.eu\/lt\/#\/schema\/logo\/image\/"},"sameAs":["https:\/\/www.facebook.com\/EvolveFitnessEurope"]}]}},"_links":{"self":[{"href":"https:\/\/evolve-fitness.eu\/lt\/wp-json\/wp\/v2\/product\/14608","targetHints":{"allow":["GET"]}}],"collection":[{"href":"https:\/\/evolve-fitness.eu\/lt\/wp-json\/wp\/v2\/product"}],"about":[{"href":"https:\/\/evolve-fitness.eu\/lt\/wp-json\/wp\/v2\/types\/product"}],"wp:featuredmedia":[{"embeddable":true,"href":"https:\/\/evolve-fitness.eu\/lt\/wp-json\/wp\/v2\/media\/6452"}],"wp:attachment":[{"href":"https:\/\/evolve-fitness.eu\/lt\/wp-json\/wp\/v2\/media?parent=14608"}],"wp:term":[{"taxonomy":"product_brand","embeddable":true,"href":"https:\/\/evolve-fitness.eu\/lt\/wp-json\/wp\/v2\/product_brand?post=14608"},{"taxonomy":"product_cat","embeddable":true,"href":"https:\/\/evolve-fitness.eu\/lt\/wp-json\/wp\/v2\/product_cat?post=14608"},{"taxonomy":"product_tag","embeddable":true,"href":"https:\/\/evolve-fitness.eu\/lt\/wp-json\/wp\/v2\/product_tag?post=14608"}],"curies":[{"name":"wp","href":"https:\/\/api.w.org\/{rel}","templated":true}]}}