{"id":14689,"date":"2023-11-21T07:20:07","date_gmt":"2023-11-21T07:20:07","guid":{"rendered":"https:\/\/evolve-fitness.eu\/product\/evolve-cerakote-serijos-olimpine-stanga-220-cm-20-kg\/"},"modified":"2026-04-09T15:24:18","modified_gmt":"2026-04-09T12:24:18","slug":"evolve-cerakote-serijos-olimpine-stanga-220-cm-20-kg","status":"publish","type":"product","link":"https:\/\/evolve-fitness.eu\/lt\/produktas\/evolve-cerakote-serijos-olimpine-stanga-220-cm-20-kg\/","title":{"rendered":"&#8222;Evolve Cerakote&#8221; serijos olimpin\u0117 \u0161tanga &#8211; 220 cm \/ 20 kg (CK-220)"},"content":{"rendered":"\n<section class=\"wp-block-group alignfull has-lightgray-background-color has-background is-layout-constrained wp-block-group-is-layout-constrained\">\n<div class=\"wp-block-columns alignwide is-layout-flex wp-container-core-columns-is-layout-2edb0647 wp-block-columns-is-layout-flex\" style=\"margin-top:0;margin-bottom:0\">\n<div class=\"wp-block-column is-layout-flow wp-block-column-is-layout-flow\" style=\"flex-basis:33.33%\"><\/div>\n\n\n\n<div class=\"wp-block-column is-layout-flow wp-block-column-is-layout-flow\" style=\"flex-basis:66.66%\"><\/div>\n<\/div>\n<\/section>\n","protected":false},"excerpt":{"rendered":"<p>&#8222;Evolve Cerakote Olympic Bar&#8221; &#8211; tai auk\u0161\u010diausios klas\u0117s profesionaliems treniruo\u010di\u0173 ir nam\u0173 sportininkams skirtas treniruoklis, pasi\u017eymintis did\u017eiausia j\u0117ga ir patvarumu. \u012esp\u016bdingo 220 cm ilgio ir 20 kg svorio \u0161tanga sukurta taip, kad i\u0161laikyt\u0173 did\u017eiausi\u0105 1043 kg apkrov\u0105, tod\u0117l idealiai tinka sunkiems svoriams kelti. 8 adatiniai guoliai ir 2 varin\u0117s \u012fvor\u0117s u\u017etikrina skland\u0173 sukim\u0105si ir stabilum\u0105 naudojant. Jos \u00d850 mm skersmens \u012fvor\u0117 pritaikyta standartiniams svoriams, o \u00d828 mm skersmens vidin\u0117 \u0161tangos dalis pagerina sukibim\u0105 ir valdym\u0105. Chromuota rankenos pavir\u0161iaus ir vidin\u0117s strypo dalies apdaila ne tik suteikia strypui eleganti\u0161k\u0105 i\u0161vaizd\u0105, bet ir prisideda prie jo ilgaam\u017ei\u0161kumo. 415 mm ilgio \u012fvor\u0117s svoriams ir 1,5 mm skersmens nelygum\u0173 gylis u\u017etikrina did\u017eiausi\u0105 efektyvum\u0105 ir patogum\u0105. &#8222;Evolve Cerakote&#8221; olimpinis strypas, sertifikuotas pagal TVF \u0161iurk\u0161tumo standartus ir kuriam suteikiama 2 met\u0173 garantija, yra puikus na\u0161umo ir kokyb\u0117s derinys rimtiems sportininkams.<\/p>\n","protected":false},"featured_media":6756,"template":"","meta":{"_acf_changed":false,"inline_featured_image":false},"product_brand":[],"product_cat":[13031,771,499],"product_tag":[],"class_list":{"0":"post-14689","1":"product","2":"type-product","3":"status-publish","4":"has-post-thumbnail","6":"product_cat-hyrox-gear","7":"product_cat-barai-ir-priedai","8":"product_cat-laisvieji-svarmenys","10":"first","11":"instock","12":"shipping-taxable","13":"purchasable","14":"product-type-simple"},"acf":{"long_title":"\"Evolve Cerakote\" serijos olimpin\u0117 \u0161tanga - 220 cm \/ 20 kg (CK-220)","subtitle":"","specifications":[{"label":"SKU","text_value":"EV-OB-CK-220","icon":"x"},{"label":"Svoris","text_value":"20 kg","icon":"v"},{"label":"Garantija","text_value":"2 metai","icon":"v"},{"label":"Maksimali apkrova","text_value":"1043 kg","icon":"v"},{"label":"Svorio plok\u0161t\u0117s \u012fvor\u0117s skersmuo","text_value":"\u00d8 50 mm","icon":"v"},{"label":"Ilgis","text_value":"2200 mm","icon":"v"},{"label":"Vidinis strypo skersmuo","text_value":"\u00d8 28 mm","icon":"v"},{"label":"Guoliai ir \u012fvor\u0117s","text_value":"8 adatiniai guoliai, 2 varin\u0117s \u012fvor\u0117s","icon":"v"},{"label":"Vidin\u0117s pir\u0161tuko dalies pavir\u0161ius","text_value":"\"Chrome\"","icon":"v"},{"label":"Svarmen\u0173 sukibimo pavir\u0161ius","text_value":"\"Chrome\"","icon":"v"},{"label":"Rankovi\u0173 ilgis svoriams","text_value":"415 mm","icon":"v"},{"label":"Grie\u017etuko nelygum\u0173 gylis","text_value":"1,5 mm","icon":"v"},{"label":"Pir\u0161tuko nelygum\u0173 tipas","text_value":"TVF","icon":"v"}],"product_frequently_asked_questions":null},"yoast_head":"<!-- This site is optimized with the Yoast SEO plugin v27.4 - https:\/\/yoast.com\/product\/yoast-seo-wordpress\/ -->\n<title>&quot;Evolve Cerakote&quot; serijos olimpin\u0117 \u0161tanga - 220 cm \/ 20 kg (CK-220) - Evolve<\/title>\n<meta name=\"robots\" content=\"index, follow, max-snippet:-1, max-image-preview:large, max-video-preview:-1\" \/>\n<link rel=\"canonical\" href=\"https:\/\/evolve-fitness.eu\/lt\/produktas\/evolve-cerakote-serijos-olimpine-stanga-220-cm-20-kg\/\" \/>\n<meta property=\"og:locale\" content=\"lt_LT\" \/>\n<meta property=\"og:type\" content=\"article\" \/>\n<meta property=\"og:title\" content=\"&quot;Evolve Cerakote&quot; serijos olimpin\u0117 \u0161tanga - 220 cm \/ 20 kg (CK-220) - Evolve\" \/>\n<meta property=\"og:url\" content=\"https:\/\/evolve-fitness.eu\/lt\/produktas\/evolve-cerakote-serijos-olimpine-stanga-220-cm-20-kg\/\" \/>\n<meta property=\"og:site_name\" content=\"Evolve\" \/>\n<meta property=\"article:publisher\" content=\"https:\/\/www.facebook.com\/EvolveFitnessEurope\" \/>\n<meta property=\"article:modified_time\" content=\"2026-04-09T12:24:18+00:00\" \/>\n<meta property=\"og:image\" content=\"https:\/\/evolve-fitness.eu\/wp-content\/uploads\/2023\/11\/Evolve-Cerakote-Olympic-Womens-Grip-201-cm.png\" \/>\n\t<meta property=\"og:image:width\" content=\"680\" \/>\n\t<meta property=\"og:image:height\" content=\"600\" \/>\n\t<meta property=\"og:image:type\" content=\"image\/png\" \/>\n<meta name=\"twitter:card\" content=\"summary_large_image\" \/>\n<script type=\"application\/ld+json\" class=\"yoast-schema-graph\">{\"@context\":\"https:\\\/\\\/schema.org\",\"@graph\":[{\"@type\":\"WebPage\",\"@id\":\"https:\\\/\\\/evolve-fitness.eu\\\/lt\\\/produktas\\\/evolve-cerakote-serijos-olimpine-stanga-220-cm-20-kg\\\/\",\"url\":\"https:\\\/\\\/evolve-fitness.eu\\\/lt\\\/produktas\\\/evolve-cerakote-serijos-olimpine-stanga-220-cm-20-kg\\\/\",\"name\":\"\\\"Evolve Cerakote\\\" serijos olimpin\u0117 \u0161tanga - 220 cm \\\/ 20 kg (CK-220) - Evolve\",\"isPartOf\":{\"@id\":\"https:\\\/\\\/evolve-fitness.eu\\\/lt\\\/#website\"},\"primaryImageOfPage\":{\"@id\":\"https:\\\/\\\/evolve-fitness.eu\\\/lt\\\/produktas\\\/evolve-cerakote-serijos-olimpine-stanga-220-cm-20-kg\\\/#primaryimage\"},\"image\":{\"@id\":\"https:\\\/\\\/evolve-fitness.eu\\\/lt\\\/produktas\\\/evolve-cerakote-serijos-olimpine-stanga-220-cm-20-kg\\\/#primaryimage\"},\"thumbnailUrl\":\"https:\\\/\\\/evolve-fitness.eu\\\/wp-content\\\/uploads\\\/2023\\\/11\\\/Evolve-Cerakote-Olympic-Womens-Grip-201-cm.png\",\"datePublished\":\"2023-11-21T07:20:07+00:00\",\"dateModified\":\"2026-04-09T12:24:18+00:00\",\"breadcrumb\":{\"@id\":\"https:\\\/\\\/evolve-fitness.eu\\\/lt\\\/produktas\\\/evolve-cerakote-serijos-olimpine-stanga-220-cm-20-kg\\\/#breadcrumb\"},\"inLanguage\":\"lt-LT\",\"potentialAction\":[{\"@type\":\"ReadAction\",\"target\":[\"https:\\\/\\\/evolve-fitness.eu\\\/lt\\\/produktas\\\/evolve-cerakote-serijos-olimpine-stanga-220-cm-20-kg\\\/\"]}]},{\"@type\":\"ImageObject\",\"inLanguage\":\"lt-LT\",\"@id\":\"https:\\\/\\\/evolve-fitness.eu\\\/lt\\\/produktas\\\/evolve-cerakote-serijos-olimpine-stanga-220-cm-20-kg\\\/#primaryimage\",\"url\":\"https:\\\/\\\/evolve-fitness.eu\\\/wp-content\\\/uploads\\\/2023\\\/11\\\/Evolve-Cerakote-Olympic-Womens-Grip-201-cm.png\",\"contentUrl\":\"https:\\\/\\\/evolve-fitness.eu\\\/wp-content\\\/uploads\\\/2023\\\/11\\\/Evolve-Cerakote-Olympic-Womens-Grip-201-cm.png\",\"width\":680,\"height\":600,\"caption\":\"EV-OB-CK-201\"},{\"@type\":\"BreadcrumbList\",\"@id\":\"https:\\\/\\\/evolve-fitness.eu\\\/lt\\\/produktas\\\/evolve-cerakote-serijos-olimpine-stanga-220-cm-20-kg\\\/#breadcrumb\",\"itemListElement\":[{\"@type\":\"ListItem\",\"position\":1,\"name\":\"Home\",\"item\":\"https:\\\/\\\/evolve-fitness.eu\\\/lt\\\/\"},{\"@type\":\"ListItem\",\"position\":2,\"name\":\"Produktai\",\"item\":\"https:\\\/\\\/evolve-fitness.eu\\\/lt\\\/shop\\\/\"},{\"@type\":\"ListItem\",\"position\":3,\"name\":\"&#8220;Evolve Cerakote&#8221; serijos olimpin\u0117 \u0161tanga &#8211; 220 cm \\\/ 20 kg (CK-220)\"}]},{\"@type\":\"WebSite\",\"@id\":\"https:\\\/\\\/evolve-fitness.eu\\\/lt\\\/#website\",\"url\":\"https:\\\/\\\/evolve-fitness.eu\\\/lt\\\/\",\"name\":\"Evolve\",\"description\":\"Your Evolved Gear Arrived\",\"publisher\":{\"@id\":\"https:\\\/\\\/evolve-fitness.eu\\\/lt\\\/#organization\"},\"potentialAction\":[{\"@type\":\"SearchAction\",\"target\":{\"@type\":\"EntryPoint\",\"urlTemplate\":\"https:\\\/\\\/evolve-fitness.eu\\\/lt\\\/?s={search_term_string}\"},\"query-input\":{\"@type\":\"PropertyValueSpecification\",\"valueRequired\":true,\"valueName\":\"search_term_string\"}}],\"inLanguage\":\"lt-LT\"},{\"@type\":\"Organization\",\"@id\":\"https:\\\/\\\/evolve-fitness.eu\\\/lt\\\/#organization\",\"name\":\"Evolve\",\"url\":\"https:\\\/\\\/evolve-fitness.eu\\\/lt\\\/\",\"logo\":{\"@type\":\"ImageObject\",\"inLanguage\":\"lt-LT\",\"@id\":\"https:\\\/\\\/evolve-fitness.eu\\\/lt\\\/#\\\/schema\\\/logo\\\/image\\\/\",\"url\":\"https:\\\/\\\/evolve-fitness.eu\\\/wp-content\\\/uploads\\\/2023\\\/05\\\/Evolve-logo.svg\",\"contentUrl\":\"https:\\\/\\\/evolve-fitness.eu\\\/wp-content\\\/uploads\\\/2023\\\/05\\\/Evolve-logo.svg\",\"width\":176,\"height\":20,\"caption\":\"Evolve\"},\"image\":{\"@id\":\"https:\\\/\\\/evolve-fitness.eu\\\/lt\\\/#\\\/schema\\\/logo\\\/image\\\/\"},\"sameAs\":[\"https:\\\/\\\/www.facebook.com\\\/EvolveFitnessEurope\"]}]}<\/script>\n<!-- \/ Yoast SEO plugin. -->","yoast_head_json":{"title":"\"Evolve Cerakote\" serijos olimpin\u0117 \u0161tanga - 220 cm \/ 20 kg (CK-220) - Evolve","robots":{"index":"index","follow":"follow","max-snippet":"max-snippet:-1","max-image-preview":"max-image-preview:large","max-video-preview":"max-video-preview:-1"},"canonical":"https:\/\/evolve-fitness.eu\/lt\/produktas\/evolve-cerakote-serijos-olimpine-stanga-220-cm-20-kg\/","og_locale":"lt_LT","og_type":"article","og_title":"\"Evolve Cerakote\" serijos olimpin\u0117 \u0161tanga - 220 cm \/ 20 kg (CK-220) - Evolve","og_url":"https:\/\/evolve-fitness.eu\/lt\/produktas\/evolve-cerakote-serijos-olimpine-stanga-220-cm-20-kg\/","og_site_name":"Evolve","article_publisher":"https:\/\/www.facebook.com\/EvolveFitnessEurope","article_modified_time":"2026-04-09T12:24:18+00:00","og_image":[{"width":680,"height":600,"url":"https:\/\/evolve-fitness.eu\/wp-content\/uploads\/2023\/11\/Evolve-Cerakote-Olympic-Womens-Grip-201-cm.png","type":"image\/png"}],"twitter_card":"summary_large_image","schema":{"@context":"https:\/\/schema.org","@graph":[{"@type":"WebPage","@id":"https:\/\/evolve-fitness.eu\/lt\/produktas\/evolve-cerakote-serijos-olimpine-stanga-220-cm-20-kg\/","url":"https:\/\/evolve-fitness.eu\/lt\/produktas\/evolve-cerakote-serijos-olimpine-stanga-220-cm-20-kg\/","name":"\"Evolve Cerakote\" serijos olimpin\u0117 \u0161tanga - 220 cm \/ 20 kg (CK-220) - Evolve","isPartOf":{"@id":"https:\/\/evolve-fitness.eu\/lt\/#website"},"primaryImageOfPage":{"@id":"https:\/\/evolve-fitness.eu\/lt\/produktas\/evolve-cerakote-serijos-olimpine-stanga-220-cm-20-kg\/#primaryimage"},"image":{"@id":"https:\/\/evolve-fitness.eu\/lt\/produktas\/evolve-cerakote-serijos-olimpine-stanga-220-cm-20-kg\/#primaryimage"},"thumbnailUrl":"https:\/\/evolve-fitness.eu\/wp-content\/uploads\/2023\/11\/Evolve-Cerakote-Olympic-Womens-Grip-201-cm.png","datePublished":"2023-11-21T07:20:07+00:00","dateModified":"2026-04-09T12:24:18+00:00","breadcrumb":{"@id":"https:\/\/evolve-fitness.eu\/lt\/produktas\/evolve-cerakote-serijos-olimpine-stanga-220-cm-20-kg\/#breadcrumb"},"inLanguage":"lt-LT","potentialAction":[{"@type":"ReadAction","target":["https:\/\/evolve-fitness.eu\/lt\/produktas\/evolve-cerakote-serijos-olimpine-stanga-220-cm-20-kg\/"]}]},{"@type":"ImageObject","inLanguage":"lt-LT","@id":"https:\/\/evolve-fitness.eu\/lt\/produktas\/evolve-cerakote-serijos-olimpine-stanga-220-cm-20-kg\/#primaryimage","url":"https:\/\/evolve-fitness.eu\/wp-content\/uploads\/2023\/11\/Evolve-Cerakote-Olympic-Womens-Grip-201-cm.png","contentUrl":"https:\/\/evolve-fitness.eu\/wp-content\/uploads\/2023\/11\/Evolve-Cerakote-Olympic-Womens-Grip-201-cm.png","width":680,"height":600,"caption":"EV-OB-CK-201"},{"@type":"BreadcrumbList","@id":"https:\/\/evolve-fitness.eu\/lt\/produktas\/evolve-cerakote-serijos-olimpine-stanga-220-cm-20-kg\/#breadcrumb","itemListElement":[{"@type":"ListItem","position":1,"name":"Home","item":"https:\/\/evolve-fitness.eu\/lt\/"},{"@type":"ListItem","position":2,"name":"Produktai","item":"https:\/\/evolve-fitness.eu\/lt\/shop\/"},{"@type":"ListItem","position":3,"name":"&#8220;Evolve Cerakote&#8221; serijos olimpin\u0117 \u0161tanga &#8211; 220 cm \/ 20 kg (CK-220)"}]},{"@type":"WebSite","@id":"https:\/\/evolve-fitness.eu\/lt\/#website","url":"https:\/\/evolve-fitness.eu\/lt\/","name":"Evolve","description":"Your Evolved Gear Arrived","publisher":{"@id":"https:\/\/evolve-fitness.eu\/lt\/#organization"},"potentialAction":[{"@type":"SearchAction","target":{"@type":"EntryPoint","urlTemplate":"https:\/\/evolve-fitness.eu\/lt\/?s={search_term_string}"},"query-input":{"@type":"PropertyValueSpecification","valueRequired":true,"valueName":"search_term_string"}}],"inLanguage":"lt-LT"},{"@type":"Organization","@id":"https:\/\/evolve-fitness.eu\/lt\/#organization","name":"Evolve","url":"https:\/\/evolve-fitness.eu\/lt\/","logo":{"@type":"ImageObject","inLanguage":"lt-LT","@id":"https:\/\/evolve-fitness.eu\/lt\/#\/schema\/logo\/image\/","url":"https:\/\/evolve-fitness.eu\/wp-content\/uploads\/2023\/05\/Evolve-logo.svg","contentUrl":"https:\/\/evolve-fitness.eu\/wp-content\/uploads\/2023\/05\/Evolve-logo.svg","width":176,"height":20,"caption":"Evolve"},"image":{"@id":"https:\/\/evolve-fitness.eu\/lt\/#\/schema\/logo\/image\/"},"sameAs":["https:\/\/www.facebook.com\/EvolveFitnessEurope"]}]}},"_links":{"self":[{"href":"https:\/\/evolve-fitness.eu\/lt\/wp-json\/wp\/v2\/product\/14689","targetHints":{"allow":["GET"]}}],"collection":[{"href":"https:\/\/evolve-fitness.eu\/lt\/wp-json\/wp\/v2\/product"}],"about":[{"href":"https:\/\/evolve-fitness.eu\/lt\/wp-json\/wp\/v2\/types\/product"}],"wp:featuredmedia":[{"embeddable":true,"href":"https:\/\/evolve-fitness.eu\/lt\/wp-json\/wp\/v2\/media\/6756"}],"wp:attachment":[{"href":"https:\/\/evolve-fitness.eu\/lt\/wp-json\/wp\/v2\/media?parent=14689"}],"wp:term":[{"taxonomy":"product_brand","embeddable":true,"href":"https:\/\/evolve-fitness.eu\/lt\/wp-json\/wp\/v2\/product_brand?post=14689"},{"taxonomy":"product_cat","embeddable":true,"href":"https:\/\/evolve-fitness.eu\/lt\/wp-json\/wp\/v2\/product_cat?post=14689"},{"taxonomy":"product_tag","embeddable":true,"href":"https:\/\/evolve-fitness.eu\/lt\/wp-json\/wp\/v2\/product_tag?post=14689"}],"curies":[{"name":"wp","href":"https:\/\/api.w.org\/{rel}","templated":true}]}}