{"id":14722,"date":"2023-11-16T08:35:52","date_gmt":"2023-11-16T08:35:52","guid":{"rendered":"https:\/\/evolve-fitness.eu\/product\/evolve-ultra-series-plokstes-pakrauta-hack-squat-2\/"},"modified":"2026-03-31T15:35:53","modified_gmt":"2026-03-31T12:35:53","slug":"evolve-ultra-series-plokstes-pakrauta-hack-squat-ul-360","status":"publish","type":"product","link":"https:\/\/evolve-fitness.eu\/lt\/produktas\/evolve-ultra-series-plokstes-pakrauta-hack-squat-ul-360\/","title":{"rendered":"&#8222;Evolve Ultra Series&#8221; plok\u0161t\u0117s pakrautas Hack Squat (UL-360)"},"content":{"rendered":"\n<section class=\"wp-block-group alignfull has-lightgray-background-color has-background is-layout-constrained wp-block-group-is-layout-constrained\">\n<div class=\"wp-block-columns alignwide is-layout-flex wp-container-core-columns-is-layout-2edb0647 wp-block-columns-is-layout-flex\" style=\"margin-top:0;margin-bottom:0\">\n<div class=\"wp-block-column is-layout-flow wp-block-column-is-layout-flow\" style=\"flex-basis:33.33%\"><\/div>\n\n\n\n<div class=\"wp-block-column is-layout-flow wp-block-column-is-layout-flow\" style=\"flex-basis:66.66%\"><\/div>\n<\/div>\n<\/section>\n\n<section class=\"wp-block-group alignfull black-content has-white-color has-darkgray-background-color has-text-color has-background is-layout-constrained wp-block-group-is-layout-constrained\" style=\"padding-top:var(--wp--preset--spacing--section-bottom);padding-bottom:var(--wp--preset--spacing--section-bottom)\">\n<section class=\"wp-block-group alignfull black-content has-white-color has-darkgray-background-color has-text-color has-background is-layout-constrained wp-block-group-is-layout-constrained\" style=\"margin-bottom:0;padding-top:var(--wp--preset--spacing--tb-padding);padding-bottom:var(--wp--preset--spacing--tb-padding)\">\n<div class=\"wp-block-columns alignwide mobile-reverse is-layout-flex wp-container-core-columns-is-layout-7a02faa9 wp-block-columns-is-layout-flex\" style=\"margin-bottom:var(--wp--preset--spacing--tb-section-padding)\">\n<div class=\"wp-block-column is-vertically-aligned-center is-layout-flow wp-block-column-is-layout-flow\">\n<h3 class=\"wp-block-heading\" style=\"margin-bottom:var(--wp--preset--spacing--h-3-bottom)\"><strong><strong><strong><strong><strong><strong><strong>Tikslinis raumen\u0173 \u012ftraukimas<\/strong><\/strong><\/strong><\/strong><\/strong><\/strong><\/strong><\/h3>\n\n\n\n<p><strong><em><strong><strong><strong><strong><strong>Vienpusis rankos judesys (prieinamas kai kuriose ma\u0161inose)<\/strong><\/strong><\/strong><\/strong><\/strong><\/em><\/strong><\/p>\n\n\n\n<p>&#8222;Evolve Ultra Series Plate Loaded Hack Squat&#8221; treniruoklis sukurtas taip, kad b\u016bt\u0173 galima visapusi\u0161kai treniruoti apatin\u0119 k\u016bno dal\u012f ir treniruoti keturgalvius raumenis, str\u0117nas ir s\u0117dmenis. Ergonomi\u0161kas dizainas u\u017etikrina tinkam\u0105 k\u016bno pad\u0117t\u012f ir stabilum\u0105 treniruo\u010di\u0173 metu, o reguliuojama kojel\u0117 pritaikyta \u012fvairaus \u016bgio ir pageidavim\u0173 naudotojams. Naudotojai gali pritaikyti treniruotes prie savo j\u0117gos ir fitneso tiksl\u0173, nes yra pritaikomi \u012fvair\u016bs pasiprie\u0161inimo lygiai. &#8222;Hack Squat&#8221; treniruoklis padeda pagerinti apatin\u0117s k\u016bno dalies j\u0117g\u0105, stabilum\u0105 ir bendr\u0105 funkcij\u0105, nes pabr\u0117\u017eia tinkam\u0105 form\u0105 ir technik\u0105. Nesvarbu, ar naudotojai siekia auginti raumen\u0173 mas\u0119, didinti j\u0117g\u0105, ar stiprinti raumen\u0173 i\u0161tverm\u0119, &#8222;Hack Squat&#8221; yra veiksmingas ir efektyvus sprendimas, padedantis pasiekti fitneso tikslus.<\/p>\n<\/div>\n\n\n\n<div class=\"wp-block-column is-vertically-aligned-center is-layout-flow wp-block-column-is-layout-flow\">\n<figure class=\"wp-block-video\"><video height=\"2000\" style=\"aspect-ratio: 2000 \/ 2000;\" width=\"2000\" autoplay=\"\" controls=\"\" loop=\"\" muted=\"\" src=\"https:\/\/evolve-fitness.eu\/wp-content\/uploads\/2024\/03\/EV-PL-UL-360-Evolve-Ultra-Series-Plate-Loaded-Hack-Squat-1.mp4\"><\/video><\/figure>\n<\/div>\n<\/div>\n\n\n\n<div class=\"wp-block-columns alignwide mobile-reverse is-layout-flex wp-container-core-columns-is-layout-7a02faa9 wp-block-columns-is-layout-flex\" style=\"margin-bottom:var(--wp--preset--spacing--tb-section-padding)\">\n<div class=\"wp-block-column is-vertically-aligned-center is-layout-flow wp-block-column-is-layout-flow\">\n<figure class=\"wp-block-image size-large\"><img loading=\"lazy\" decoding=\"async\" width=\"1024\" height=\"1024\" src=\"https:\/\/evolve-fitness.eu\/wp-content\/uploads\/2024\/03\/EV-PL-UL-360-Evolve-Ultra-Series-Plate-Loaded-Hack-Squat-7-1024x1024.jpg\" alt=\"\" class=\"wp-image-116661\" srcset=\"https:\/\/evolve-fitness.eu\/wp-content\/uploads\/2024\/03\/EV-PL-UL-360-Evolve-Ultra-Series-Plate-Loaded-Hack-Squat-7-1024x1024.jpg 1024w, https:\/\/evolve-fitness.eu\/wp-content\/uploads\/2024\/03\/EV-PL-UL-360-Evolve-Ultra-Series-Plate-Loaded-Hack-Squat-7-300x300.jpg 300w, https:\/\/evolve-fitness.eu\/wp-content\/uploads\/2024\/03\/EV-PL-UL-360-Evolve-Ultra-Series-Plate-Loaded-Hack-Squat-7-150x150.jpg 150w, https:\/\/evolve-fitness.eu\/wp-content\/uploads\/2024\/03\/EV-PL-UL-360-Evolve-Ultra-Series-Plate-Loaded-Hack-Squat-7-600x600.jpg 600w, https:\/\/evolve-fitness.eu\/wp-content\/uploads\/2024\/03\/EV-PL-UL-360-Evolve-Ultra-Series-Plate-Loaded-Hack-Squat-7-768x768.jpg 768w, https:\/\/evolve-fitness.eu\/wp-content\/uploads\/2024\/03\/EV-PL-UL-360-Evolve-Ultra-Series-Plate-Loaded-Hack-Squat-7-1536x1536.jpg 1536w, https:\/\/evolve-fitness.eu\/wp-content\/uploads\/2024\/03\/EV-PL-UL-360-Evolve-Ultra-Series-Plate-Loaded-Hack-Squat-7.jpg 2000w\" sizes=\"auto, (max-width: 1024px) 100vw, 1024px\" \/><\/figure>\n<\/div>\n\n\n\n<div class=\"wp-block-column is-vertically-aligned-center is-layout-flow wp-block-column-is-layout-flow\">\n<h3 class=\"wp-block-heading\" style=\"margin-bottom:var(--wp--preset--spacing--h-3-bottom)\"><strong><strong><strong><strong><strong><strong><strong><strong><strong>Reguliuojamas pasiprie\u0161inimas<\/strong><\/strong><\/strong><\/strong><\/strong><\/strong><\/strong><\/strong><\/strong><\/h3>\n\n\n\n<p><strong><em><strong><strong><strong><strong><strong><strong>Pritaikomi svorio kaminai<\/strong><\/strong><\/strong><\/strong><\/strong><\/strong><\/em><\/strong><\/p>\n\n\n\n<p>Naudotojai gali lengvai reguliuoti pasiprie\u0161inimo lygius, prid\u0117dami arba i\u0161imdami svorio plok\u0161teles, tod\u0117l treniruot\u0117s gali b\u016bti pritaikytos individualiam blauzd\u0173 stiprumo lygiui ir progresui. Nesvarbu, ar norite padidinti blauzd\u0173 i\u0161tverm\u0119, ar j\u0117g\u0105, reguliuojamo pasiprie\u0161inimo funkcija u\u017etikrina universalum\u0105, kad gal\u0117tum\u0117te prisitaikyti prie \u012fvairi\u0173 treniruo\u010di\u0173 tiksl\u0173.<\/p>\n\n\n\n<p><\/p>\n\n\n\n<h3 class=\"wp-block-heading\" style=\"margin-bottom:var(--wp--preset--spacing--h-3-bottom)\"><strong><strong><strong><strong><strong><strong><strong><strong>Patogus dizainas<\/strong><\/strong><\/strong><\/strong><\/strong><\/strong><\/strong><\/strong><\/h3>\n\n\n\n<p><strong><em><strong><strong><strong><strong><strong><strong>Ergonomi\u0161kas pamink\u0161tinimas ir rankenos<\/strong><\/strong><\/strong><\/strong><\/strong><\/strong><\/em><\/strong><\/p>\n\n\n\n<p>S\u0117dimas blauzd\u0173 k\u0117limo treniruoklis, sukurtas atsi\u017evelgiant \u012f naudotoj\u0173 patogum\u0105, turi ergonomi\u0161kas pagalv\u0117les ir rankenas, kurios skatina tinkam\u0105 koj\u0173 pad\u0117t\u012f ir atram\u0105 atliekant pratimus.<\/p>\n<\/div>\n<\/div>\n\n\n\n<div class=\"wp-block-columns alignwide mobile-reverse is-layout-flex wp-container-core-columns-is-layout-035fa626 wp-block-columns-is-layout-flex\" style=\"margin-bottom:var(--wp--preset--spacing--side-padding);padding-top:var(--wp--preset--spacing--tb-padding);padding-bottom:var(--wp--preset--spacing--tb-padding)\">\n<div class=\"wp-block-column is-vertically-aligned-center is-layout-flow wp-block-column-is-layout-flow\">\n<h3 class=\"wp-block-heading\" style=\"margin-bottom:var(--wp--preset--spacing--h-3-bottom)\"><strong><strong><strong><strong><strong><strong><strong><strong><strong>Kompakti\u0161kas p\u0117dsakas<\/strong><\/strong><\/strong><\/strong><\/strong><\/strong><\/strong><\/strong><\/strong><\/h3>\n\n\n\n<p><strong><em><strong><strong><strong><strong><strong><strong>Erdv\u0117s po\u017ei\u016briu efektyvus dizainas<\/strong><\/strong><\/strong><\/strong><\/strong><\/strong><\/em><\/strong><\/p>\n\n\n\n<p>Nepaisant savo funkcionalumo, stovin\u010dio koj\u0173 lenkimo treniruoklio plotas yra nedidelis, tod\u0117l jis tinka asmenims, turintiems ribot\u0105 treniruo\u010di\u0173 erdv\u0119. Jo supaprastintas dizainas maksimaliai padidina erdv\u0117s efektyvum\u0105, nesuma\u017eindamas funkcionalumo, tod\u0117l u\u017etikrinama optimali treniruo\u010di\u0173 zona, skirta veiksmingoms str\u0117n\u0173 raumen\u0173 treniruot\u0117ms.<\/p>\n\n\n\n<p><\/p>\n\n\n\n<h3 class=\"wp-block-heading\" style=\"margin-bottom:var(--wp--preset--spacing--h-3-bottom)\"><strong><strong><strong><strong><strong><strong><strong><strong><strong>Ilgalaik\u0117 apdaila<\/strong><\/strong><\/strong><\/strong><\/strong><\/strong><\/strong><\/strong><\/strong><\/h3>\n\n\n\n<p><strong><em><strong><strong><strong><strong><strong><strong>Termoreaktyvi\u0173j\u0173 milteli\u0173 elektrostatinio pur\u0161kimo technologija<\/strong><\/strong><\/strong><\/strong><\/strong><\/strong><\/em><\/strong><\/p>\n\n\n\n<p>M\u016bs\u0173 ma\u0161inose \u012fdiegta termoreaktyvi\u0173j\u0173 milteli\u0173 elektrostatinio pur\u0161kimo technologija, u\u017etikrinanti ilgalaik\u0119 apdail\u0105. \u0160i pa\u017eangi danga ilgainiui i\u0161laiko \u012frangos i\u0161vaizd\u0105.<\/p>\n<\/div>\n\n\n\n<div class=\"wp-block-column is-vertically-aligned-center is-layout-flow wp-block-column-is-layout-flow\">\n<figure class=\"wp-block-image size-large\"><img loading=\"lazy\" decoding=\"async\" width=\"1024\" height=\"1024\" src=\"https:\/\/evolve-fitness.eu\/wp-content\/uploads\/2024\/03\/EV-PL-UL-360-Evolve-Ultra-Series-Plate-Loaded-Hack-Squat-8-1024x1024.jpg\" alt=\"\" class=\"wp-image-116686\" srcset=\"https:\/\/evolve-fitness.eu\/wp-content\/uploads\/2024\/03\/EV-PL-UL-360-Evolve-Ultra-Series-Plate-Loaded-Hack-Squat-8-1024x1024.jpg 1024w, https:\/\/evolve-fitness.eu\/wp-content\/uploads\/2024\/03\/EV-PL-UL-360-Evolve-Ultra-Series-Plate-Loaded-Hack-Squat-8-300x300.jpg 300w, https:\/\/evolve-fitness.eu\/wp-content\/uploads\/2024\/03\/EV-PL-UL-360-Evolve-Ultra-Series-Plate-Loaded-Hack-Squat-8-150x150.jpg 150w, https:\/\/evolve-fitness.eu\/wp-content\/uploads\/2024\/03\/EV-PL-UL-360-Evolve-Ultra-Series-Plate-Loaded-Hack-Squat-8-600x600.jpg 600w, https:\/\/evolve-fitness.eu\/wp-content\/uploads\/2024\/03\/EV-PL-UL-360-Evolve-Ultra-Series-Plate-Loaded-Hack-Squat-8-768x768.jpg 768w, https:\/\/evolve-fitness.eu\/wp-content\/uploads\/2024\/03\/EV-PL-UL-360-Evolve-Ultra-Series-Plate-Loaded-Hack-Squat-8-1536x1536.jpg 1536w, https:\/\/evolve-fitness.eu\/wp-content\/uploads\/2024\/03\/EV-PL-UL-360-Evolve-Ultra-Series-Plate-Loaded-Hack-Squat-8.jpg 2000w\" sizes=\"auto, (max-width: 1024px) 100vw, 1024px\" \/><\/figure>\n<\/div>\n<\/div>\n<\/section>\n<\/section>\n","protected":false},"excerpt":{"rendered":"<p>Pagerinkite savo sporto sal\u0119 naudodami &#8222;Evolve Ultra Series Plate Loaded Hack Squat&#8221; (UL-360) &#8211; auk\u0161\u010diausios kokyb\u0117s ir ilgalaikio na\u0161umo derin\u012f. \u0160is treniruoklis, pagamintas i\u0161 tvirtos PU odos apmu\u0161al\u0173, suteikia i\u0161skirtin\u012f komfort\u0105 ir eleganti\u0161k\u0105, patvari\u0105 apdail\u0105, u\u017etikrinan\u010di\u0105 prabang\u0105 ir ilgaam\u017ei\u0161kum\u0105 treniruo\u010di\u0173 metu. Naudojant termoreaktyvi\u0173j\u0173 milteli\u0173 elektrostatinio pur\u0161kimo technologij\u0105, UL-360 u\u017etikrina ilgalaik\u0119, vizualiai patraukli\u0105 apdail\u0105. Naujovi\u0161ko dizaino krep\u0161yje yra patvarios grind\u0173 apsaugos, kad b\u016bt\u0173 apsaugotos sporto sal\u0117s grindys, ir smeigtukai, kad b\u016bt\u0173 patogu laikyti svorio plok\u0161tes, ir taip skatinama organizuota treniruo\u010di\u0173 erdv\u0117. D\u0117l ner\u016bdijan\u010dio plieno var\u017et\u0173 ir ver\u017eli\u0173, kuriais sutvirtinama konstrukcija, \u0161i \u012franga yra bekompromisi\u0161kai ilgaam\u017e\u0117. Idealiai tinka fitneso entuziastams, ie\u0161kantiems auk\u0161\u010diausio lygio, atsparaus &#8222;Hack Squat&#8221; treniruoklio. 244 kg sverian\u010diam UL-360 suteikiama 2 met\u0173 garantija ir tokios technin\u0117s savyb\u0117s kaip storas PU odos apmu\u0161alas ir efektyvus svori\u0173 plok\u0161\u010di\u0173 laikymas, tod\u0117l jis yra i\u0161skirtinis pasirinkimas bet kuriai sporto salei.<\/p>\n","protected":false},"featured_media":116624,"template":"","meta":{"_acf_changed":true,"inline_featured_image":false},"product_brand":[],"product_cat":[745,750],"product_tag":[],"class_list":{"0":"post-14722","1":"product","2":"type-product","3":"status-publish","4":"has-post-thumbnail","6":"product_cat-plokstelemis-kraunamos-masinos","7":"product_cat-ultra-series-laisvu-svoriu","9":"first","10":"instock","11":"virtual","12":"purchasable","13":"product-type-simple"},"acf":{"long_title":"\"Evolve Ultra Series\" plok\u0161t\u0117s pakrautas Hack Squat (UL-360)","subtitle":"","specifications":[{"label":"SKU","text_value":"EV-PL-UL-360","icon":"x"},{"label":"Matmenys","text_value":"2225 x 1786 x 1578 mm","icon":"x"},{"label":"Svoris","text_value":"244 kg","icon":"x"},{"label":"Maksimali apkrova","text_value":"300 kg","icon":"x"},{"label":"R\u0117mo storis","text_value":"3 mm","icon":"x"},{"label":"Smeigtukai svorio plok\u0161tei laikyti","text_value":"4","icon":"v"},{"label":"Pasiprie\u0161inimas","text_value":"pakraunant svorio plok\u0161tes su 51 mm \u012fvor\u0117s anga.","icon":"x"},{"label":"Svorio plok\u0161teli\u0173 laikikliai atsparumui didinti","text_value":"2","icon":"x"},{"label":"Integruota apsauga su reguliuojamu auk\u0161\u010diu","text_value":"","icon":"v"},{"label":"Rankenos, skirtos suimti per pratimus","text_value":"","icon":"x"},{"label":"Ry\u0161kios spalvos reguliavimo rankenos, kad b\u016bt\u0173 lengva atpa\u017einti","text_value":"","icon":"v"},{"label":"Apmu\u0161alai padengti antibakterine sintetine oda","text_value":"","icon":"v"},{"label":"Integruotas reguliuojamo auk\u0161\u010dio saugos \u012ftaisas","text_value":"2 metai","icon":"v"},{"label":"Antikoroziniai da\u017eai","text_value":"","icon":"v"},{"label":"Metalinis r\u0117mas be a\u0161tri\u0173 kra\u0161t\u0173","text_value":"","icon":"v"},{"label":"Patvarios grind\u0173 apsaugos priemon\u0117s","text_value":"","icon":"v"},{"label":"Neslystan\u010dios rankenos","text_value":"","icon":"v"},{"label":"Garantija ","text_value":"2 metai","icon":"x"}]},"yoast_head":"<!-- This site is optimized with the Yoast SEO plugin v27.4 - https:\/\/yoast.com\/product\/yoast-seo-wordpress\/ -->\n<title>&quot;Evolve Ultra Series&quot; plok\u0161t\u0117s pakrautas Hack Squat (UL-360) - Evolve<\/title>\n<meta name=\"robots\" content=\"index, follow, max-snippet:-1, max-image-preview:large, max-video-preview:-1\" \/>\n<link rel=\"canonical\" href=\"https:\/\/evolve-fitness.eu\/lt\/produktas\/evolve-ultra-series-plokstes-pakrauta-hack-squat-ul-360\/\" \/>\n<meta property=\"og:locale\" content=\"lt_LT\" \/>\n<meta property=\"og:type\" content=\"article\" \/>\n<meta property=\"og:title\" content=\"&quot;Evolve Ultra Series&quot; plok\u0161t\u0117s pakrautas Hack Squat (UL-360) - Evolve\" \/>\n<meta property=\"og:url\" content=\"https:\/\/evolve-fitness.eu\/lt\/produktas\/evolve-ultra-series-plokstes-pakrauta-hack-squat-ul-360\/\" \/>\n<meta property=\"og:site_name\" content=\"Evolve\" \/>\n<meta property=\"article:publisher\" content=\"https:\/\/www.facebook.com\/EvolveFitnessEurope\" \/>\n<meta property=\"article:modified_time\" content=\"2026-03-31T12:35:53+00:00\" \/>\n<meta property=\"og:image\" content=\"https:\/\/evolve-fitness.eu\/wp-content\/uploads\/2023\/11\/EV-PL-UL-360-Evolve-Ultra-Series-Plate-Loaded-Hack-Squat-1.png\" \/>\n\t<meta property=\"og:image:width\" content=\"680\" \/>\n\t<meta property=\"og:image:height\" content=\"600\" \/>\n\t<meta property=\"og:image:type\" content=\"image\/png\" \/>\n<meta name=\"twitter:card\" content=\"summary_large_image\" \/>\n<script type=\"application\/ld+json\" class=\"yoast-schema-graph\">{\"@context\":\"https:\\\/\\\/schema.org\",\"@graph\":[{\"@type\":\"WebPage\",\"@id\":\"https:\\\/\\\/evolve-fitness.eu\\\/lt\\\/produktas\\\/evolve-ultra-series-plokstes-pakrauta-hack-squat-ul-360\\\/\",\"url\":\"https:\\\/\\\/evolve-fitness.eu\\\/lt\\\/produktas\\\/evolve-ultra-series-plokstes-pakrauta-hack-squat-ul-360\\\/\",\"name\":\"\\\"Evolve Ultra Series\\\" plok\u0161t\u0117s pakrautas Hack Squat (UL-360) - Evolve\",\"isPartOf\":{\"@id\":\"https:\\\/\\\/evolve-fitness.eu\\\/lt\\\/#website\"},\"primaryImageOfPage\":{\"@id\":\"https:\\\/\\\/evolve-fitness.eu\\\/lt\\\/produktas\\\/evolve-ultra-series-plokstes-pakrauta-hack-squat-ul-360\\\/#primaryimage\"},\"image\":{\"@id\":\"https:\\\/\\\/evolve-fitness.eu\\\/lt\\\/produktas\\\/evolve-ultra-series-plokstes-pakrauta-hack-squat-ul-360\\\/#primaryimage\"},\"thumbnailUrl\":\"https:\\\/\\\/evolve-fitness.eu\\\/wp-content\\\/uploads\\\/2023\\\/11\\\/EV-PL-UL-360-Evolve-Ultra-Series-Plate-Loaded-Hack-Squat-1.png\",\"datePublished\":\"2023-11-16T08:35:52+00:00\",\"dateModified\":\"2026-03-31T12:35:53+00:00\",\"breadcrumb\":{\"@id\":\"https:\\\/\\\/evolve-fitness.eu\\\/lt\\\/produktas\\\/evolve-ultra-series-plokstes-pakrauta-hack-squat-ul-360\\\/#breadcrumb\"},\"inLanguage\":\"lt-LT\",\"potentialAction\":[{\"@type\":\"ReadAction\",\"target\":[\"https:\\\/\\\/evolve-fitness.eu\\\/lt\\\/produktas\\\/evolve-ultra-series-plokstes-pakrauta-hack-squat-ul-360\\\/\"]}]},{\"@type\":\"ImageObject\",\"inLanguage\":\"lt-LT\",\"@id\":\"https:\\\/\\\/evolve-fitness.eu\\\/lt\\\/produktas\\\/evolve-ultra-series-plokstes-pakrauta-hack-squat-ul-360\\\/#primaryimage\",\"url\":\"https:\\\/\\\/evolve-fitness.eu\\\/wp-content\\\/uploads\\\/2023\\\/11\\\/EV-PL-UL-360-Evolve-Ultra-Series-Plate-Loaded-Hack-Squat-1.png\",\"contentUrl\":\"https:\\\/\\\/evolve-fitness.eu\\\/wp-content\\\/uploads\\\/2023\\\/11\\\/EV-PL-UL-360-Evolve-Ultra-Series-Plate-Loaded-Hack-Squat-1.png\",\"width\":680,\"height\":600,\"caption\":\"EV-PL-UL-360\"},{\"@type\":\"BreadcrumbList\",\"@id\":\"https:\\\/\\\/evolve-fitness.eu\\\/lt\\\/produktas\\\/evolve-ultra-series-plokstes-pakrauta-hack-squat-ul-360\\\/#breadcrumb\",\"itemListElement\":[{\"@type\":\"ListItem\",\"position\":1,\"name\":\"Home\",\"item\":\"https:\\\/\\\/evolve-fitness.eu\\\/lt\\\/\"},{\"@type\":\"ListItem\",\"position\":2,\"name\":\"Produktai\",\"item\":\"https:\\\/\\\/evolve-fitness.eu\\\/lt\\\/shop\\\/\"},{\"@type\":\"ListItem\",\"position\":3,\"name\":\"&#8220;Evolve Ultra Series&#8221; plok\u0161t\u0117s pakrautas Hack Squat (UL-360)\"}]},{\"@type\":\"WebSite\",\"@id\":\"https:\\\/\\\/evolve-fitness.eu\\\/lt\\\/#website\",\"url\":\"https:\\\/\\\/evolve-fitness.eu\\\/lt\\\/\",\"name\":\"Evolve\",\"description\":\"Your Evolved Gear Arrived\",\"publisher\":{\"@id\":\"https:\\\/\\\/evolve-fitness.eu\\\/lt\\\/#organization\"},\"potentialAction\":[{\"@type\":\"SearchAction\",\"target\":{\"@type\":\"EntryPoint\",\"urlTemplate\":\"https:\\\/\\\/evolve-fitness.eu\\\/lt\\\/?s={search_term_string}\"},\"query-input\":{\"@type\":\"PropertyValueSpecification\",\"valueRequired\":true,\"valueName\":\"search_term_string\"}}],\"inLanguage\":\"lt-LT\"},{\"@type\":\"Organization\",\"@id\":\"https:\\\/\\\/evolve-fitness.eu\\\/lt\\\/#organization\",\"name\":\"Evolve\",\"url\":\"https:\\\/\\\/evolve-fitness.eu\\\/lt\\\/\",\"logo\":{\"@type\":\"ImageObject\",\"inLanguage\":\"lt-LT\",\"@id\":\"https:\\\/\\\/evolve-fitness.eu\\\/lt\\\/#\\\/schema\\\/logo\\\/image\\\/\",\"url\":\"https:\\\/\\\/evolve-fitness.eu\\\/wp-content\\\/uploads\\\/2023\\\/05\\\/Evolve-logo.svg\",\"contentUrl\":\"https:\\\/\\\/evolve-fitness.eu\\\/wp-content\\\/uploads\\\/2023\\\/05\\\/Evolve-logo.svg\",\"width\":176,\"height\":20,\"caption\":\"Evolve\"},\"image\":{\"@id\":\"https:\\\/\\\/evolve-fitness.eu\\\/lt\\\/#\\\/schema\\\/logo\\\/image\\\/\"},\"sameAs\":[\"https:\\\/\\\/www.facebook.com\\\/EvolveFitnessEurope\"]}]}<\/script>\n<!-- \/ Yoast SEO plugin. -->","yoast_head_json":{"title":"\"Evolve Ultra Series\" plok\u0161t\u0117s pakrautas Hack Squat (UL-360) - Evolve","robots":{"index":"index","follow":"follow","max-snippet":"max-snippet:-1","max-image-preview":"max-image-preview:large","max-video-preview":"max-video-preview:-1"},"canonical":"https:\/\/evolve-fitness.eu\/lt\/produktas\/evolve-ultra-series-plokstes-pakrauta-hack-squat-ul-360\/","og_locale":"lt_LT","og_type":"article","og_title":"\"Evolve Ultra Series\" plok\u0161t\u0117s pakrautas Hack Squat (UL-360) - Evolve","og_url":"https:\/\/evolve-fitness.eu\/lt\/produktas\/evolve-ultra-series-plokstes-pakrauta-hack-squat-ul-360\/","og_site_name":"Evolve","article_publisher":"https:\/\/www.facebook.com\/EvolveFitnessEurope","article_modified_time":"2026-03-31T12:35:53+00:00","og_image":[{"width":680,"height":600,"url":"https:\/\/evolve-fitness.eu\/wp-content\/uploads\/2023\/11\/EV-PL-UL-360-Evolve-Ultra-Series-Plate-Loaded-Hack-Squat-1.png","type":"image\/png"}],"twitter_card":"summary_large_image","schema":{"@context":"https:\/\/schema.org","@graph":[{"@type":"WebPage","@id":"https:\/\/evolve-fitness.eu\/lt\/produktas\/evolve-ultra-series-plokstes-pakrauta-hack-squat-ul-360\/","url":"https:\/\/evolve-fitness.eu\/lt\/produktas\/evolve-ultra-series-plokstes-pakrauta-hack-squat-ul-360\/","name":"\"Evolve Ultra Series\" plok\u0161t\u0117s pakrautas Hack Squat (UL-360) - Evolve","isPartOf":{"@id":"https:\/\/evolve-fitness.eu\/lt\/#website"},"primaryImageOfPage":{"@id":"https:\/\/evolve-fitness.eu\/lt\/produktas\/evolve-ultra-series-plokstes-pakrauta-hack-squat-ul-360\/#primaryimage"},"image":{"@id":"https:\/\/evolve-fitness.eu\/lt\/produktas\/evolve-ultra-series-plokstes-pakrauta-hack-squat-ul-360\/#primaryimage"},"thumbnailUrl":"https:\/\/evolve-fitness.eu\/wp-content\/uploads\/2023\/11\/EV-PL-UL-360-Evolve-Ultra-Series-Plate-Loaded-Hack-Squat-1.png","datePublished":"2023-11-16T08:35:52+00:00","dateModified":"2026-03-31T12:35:53+00:00","breadcrumb":{"@id":"https:\/\/evolve-fitness.eu\/lt\/produktas\/evolve-ultra-series-plokstes-pakrauta-hack-squat-ul-360\/#breadcrumb"},"inLanguage":"lt-LT","potentialAction":[{"@type":"ReadAction","target":["https:\/\/evolve-fitness.eu\/lt\/produktas\/evolve-ultra-series-plokstes-pakrauta-hack-squat-ul-360\/"]}]},{"@type":"ImageObject","inLanguage":"lt-LT","@id":"https:\/\/evolve-fitness.eu\/lt\/produktas\/evolve-ultra-series-plokstes-pakrauta-hack-squat-ul-360\/#primaryimage","url":"https:\/\/evolve-fitness.eu\/wp-content\/uploads\/2023\/11\/EV-PL-UL-360-Evolve-Ultra-Series-Plate-Loaded-Hack-Squat-1.png","contentUrl":"https:\/\/evolve-fitness.eu\/wp-content\/uploads\/2023\/11\/EV-PL-UL-360-Evolve-Ultra-Series-Plate-Loaded-Hack-Squat-1.png","width":680,"height":600,"caption":"EV-PL-UL-360"},{"@type":"BreadcrumbList","@id":"https:\/\/evolve-fitness.eu\/lt\/produktas\/evolve-ultra-series-plokstes-pakrauta-hack-squat-ul-360\/#breadcrumb","itemListElement":[{"@type":"ListItem","position":1,"name":"Home","item":"https:\/\/evolve-fitness.eu\/lt\/"},{"@type":"ListItem","position":2,"name":"Produktai","item":"https:\/\/evolve-fitness.eu\/lt\/shop\/"},{"@type":"ListItem","position":3,"name":"&#8220;Evolve Ultra Series&#8221; plok\u0161t\u0117s pakrautas Hack Squat (UL-360)"}]},{"@type":"WebSite","@id":"https:\/\/evolve-fitness.eu\/lt\/#website","url":"https:\/\/evolve-fitness.eu\/lt\/","name":"Evolve","description":"Your Evolved Gear Arrived","publisher":{"@id":"https:\/\/evolve-fitness.eu\/lt\/#organization"},"potentialAction":[{"@type":"SearchAction","target":{"@type":"EntryPoint","urlTemplate":"https:\/\/evolve-fitness.eu\/lt\/?s={search_term_string}"},"query-input":{"@type":"PropertyValueSpecification","valueRequired":true,"valueName":"search_term_string"}}],"inLanguage":"lt-LT"},{"@type":"Organization","@id":"https:\/\/evolve-fitness.eu\/lt\/#organization","name":"Evolve","url":"https:\/\/evolve-fitness.eu\/lt\/","logo":{"@type":"ImageObject","inLanguage":"lt-LT","@id":"https:\/\/evolve-fitness.eu\/lt\/#\/schema\/logo\/image\/","url":"https:\/\/evolve-fitness.eu\/wp-content\/uploads\/2023\/05\/Evolve-logo.svg","contentUrl":"https:\/\/evolve-fitness.eu\/wp-content\/uploads\/2023\/05\/Evolve-logo.svg","width":176,"height":20,"caption":"Evolve"},"image":{"@id":"https:\/\/evolve-fitness.eu\/lt\/#\/schema\/logo\/image\/"},"sameAs":["https:\/\/www.facebook.com\/EvolveFitnessEurope"]}]}},"_links":{"self":[{"href":"https:\/\/evolve-fitness.eu\/lt\/wp-json\/wp\/v2\/product\/14722","targetHints":{"allow":["GET"]}}],"collection":[{"href":"https:\/\/evolve-fitness.eu\/lt\/wp-json\/wp\/v2\/product"}],"about":[{"href":"https:\/\/evolve-fitness.eu\/lt\/wp-json\/wp\/v2\/types\/product"}],"wp:featuredmedia":[{"embeddable":true,"href":"https:\/\/evolve-fitness.eu\/lt\/wp-json\/wp\/v2\/media\/116624"}],"wp:attachment":[{"href":"https:\/\/evolve-fitness.eu\/lt\/wp-json\/wp\/v2\/media?parent=14722"}],"wp:term":[{"taxonomy":"product_brand","embeddable":true,"href":"https:\/\/evolve-fitness.eu\/lt\/wp-json\/wp\/v2\/product_brand?post=14722"},{"taxonomy":"product_cat","embeddable":true,"href":"https:\/\/evolve-fitness.eu\/lt\/wp-json\/wp\/v2\/product_cat?post=14722"},{"taxonomy":"product_tag","embeddable":true,"href":"https:\/\/evolve-fitness.eu\/lt\/wp-json\/wp\/v2\/product_tag?post=14722"}],"curies":[{"name":"wp","href":"https:\/\/api.w.org\/{rel}","templated":true}]}}