{"id":14758,"date":"2023-11-16T06:59:07","date_gmt":"2023-11-16T06:59:07","guid":{"rendered":"https:\/\/evolve-fitness.eu\/product\/evolve-sienine-kamuoliu-ir-buferio-ploksciu-saugykla-1100-1800-mm\/"},"modified":"2026-04-08T15:40:00","modified_gmt":"2026-04-08T12:40:00","slug":"evolve-sienine-kamuoliu-ir-buferio-ploksciu-saugykla-1100-1800-mm","status":"publish","type":"product","link":"https:\/\/evolve-fitness.eu\/lt\/produktas\/evolve-sienine-kamuoliu-ir-buferio-ploksciu-saugykla-1100-1800-mm\/","title":{"rendered":"&#8222;Evolve&#8221; Sienin\u0117 kamuolio ir buferio plok\u0161t\u0117s laikymo vieta &#8211; 1100 \/ 1800 mm (ST-WB)"},"content":{"rendered":"\n<section class=\"wp-block-group alignfull has-lightgray-background-color has-background is-layout-constrained wp-block-group-is-layout-constrained\">\n<div class=\"wp-block-columns alignwide is-layout-flex wp-container-core-columns-is-layout-2edb0647 wp-block-columns-is-layout-flex\" style=\"margin-top:0;margin-bottom:0\">\n<div class=\"wp-block-column is-layout-flow wp-block-column-is-layout-flow\" style=\"flex-basis:33.33%\"><\/div>\n\n\n\n<div class=\"wp-block-column is-layout-flow wp-block-column-is-layout-flow\" style=\"flex-basis:66.66%\"><\/div>\n<\/div>\n<\/section>\n","protected":false},"excerpt":{"rendered":"<p>Patobulinkite savo treniruokli\u0173 sal\u0119 naudodami universal\u0173 &#8222;Evolve&#8221; sienin\u012f kamuoli\u0173 ir plok\u0161\u010di\u0173 laikymo sprendim\u0105, kur\u012f galima \u012fsigyti dviej\u0173 patogi\u0173 ilgi\u0173: 1100 mm ir 1800 mm. \u0160iuos modulinius treniruoklius, skirtus funkciniams, crossfit, grupiniams ar individualiems mokymams, galima pritaikyti pagal konkre\u010dius poreikius. Tur\u0117dami galimyb\u0119 prijungti daugyb\u0119 pried\u0173, galite be vargo pagerinti savo treniruo\u010di\u0173 patirt\u012f. Investuokite \u012f tvarkingesn\u0119 ir efektyvesn\u0119 treniruo\u010di\u0173 erdv\u0119, naudodami \u0161i\u0105 svarbi\u0105 \u012frang\u0105, kuri pad\u0117s u\u017etikrinti, kad j\u016bs\u0173 erdv\u0117je nelikt\u0173 netvarkos, o treniruot\u0117s b\u016bt\u0173 tikslingos.<\/p>\n","protected":false},"featured_media":6787,"template":"","meta":{"_acf_changed":false,"inline_featured_image":false},"product_brand":[],"product_cat":[760,881,883],"product_tag":[],"class_list":{"0":"post-14758","1":"product","2":"type-product","3":"status-publish","4":"has-post-thumbnail","6":"product_cat-kryzminis-ir-funkcinis","7":"product_cat-irangos-komponentai","8":"product_cat-saugykla","10":"first","11":"instock","12":"shipping-taxable","13":"purchasable","14":"product-type-variable"},"acf":{"long_title":"\"Evolve\" sienin\u0117 kamuolio ir bamperio plok\u0161\u010di\u0173 saugykla - 1100 \/ 1800 mm (ST-WB)","subtitle":"","specifications":[{"label":"SKU","text_value":"EV-ST-WB","icon":"x"}]},"yoast_head":"<!-- This site is optimized with the Yoast SEO plugin v27.4 - https:\/\/yoast.com\/product\/yoast-seo-wordpress\/ -->\n<title>&quot;Evolve&quot; Sienin\u0117 kamuolio ir buferio plok\u0161t\u0117s laikymo vieta - 1100 \/ 1800 mm (ST-WB) - Evolve<\/title>\n<meta name=\"robots\" content=\"index, follow, max-snippet:-1, max-image-preview:large, max-video-preview:-1\" \/>\n<link rel=\"canonical\" href=\"https:\/\/evolve-fitness.eu\/lt\/produktas\/evolve-sienine-kamuoliu-ir-buferio-ploksciu-saugykla-1100-1800-mm\/\" \/>\n<meta property=\"og:locale\" content=\"lt_LT\" \/>\n<meta property=\"og:type\" content=\"article\" \/>\n<meta property=\"og:title\" content=\"&quot;Evolve&quot; Sienin\u0117 kamuolio ir buferio plok\u0161t\u0117s laikymo vieta - 1100 \/ 1800 mm (ST-WB) - Evolve\" \/>\n<meta property=\"og:url\" content=\"https:\/\/evolve-fitness.eu\/lt\/produktas\/evolve-sienine-kamuoliu-ir-buferio-ploksciu-saugykla-1100-1800-mm\/\" \/>\n<meta property=\"og:site_name\" content=\"Evolve\" \/>\n<meta property=\"article:publisher\" content=\"https:\/\/www.facebook.com\/EvolveFitnessEurope\" \/>\n<meta property=\"article:modified_time\" content=\"2026-04-08T12:40:00+00:00\" \/>\n<meta property=\"og:image\" content=\"https:\/\/evolve-fitness.eu\/wp-content\/uploads\/2023\/11\/Evolve-Wall-ball-and-bumper-plate-storage-1100-1800-mm.png\" \/>\n\t<meta property=\"og:image:width\" content=\"680\" \/>\n\t<meta property=\"og:image:height\" content=\"600\" \/>\n\t<meta property=\"og:image:type\" content=\"image\/png\" \/>\n<meta name=\"twitter:card\" content=\"summary_large_image\" \/>\n<script type=\"application\/ld+json\" class=\"yoast-schema-graph\">{\"@context\":\"https:\\\/\\\/schema.org\",\"@graph\":[{\"@type\":\"WebPage\",\"@id\":\"https:\\\/\\\/evolve-fitness.eu\\\/lt\\\/produktas\\\/evolve-sienine-kamuoliu-ir-buferio-ploksciu-saugykla-1100-1800-mm\\\/\",\"url\":\"https:\\\/\\\/evolve-fitness.eu\\\/lt\\\/produktas\\\/evolve-sienine-kamuoliu-ir-buferio-ploksciu-saugykla-1100-1800-mm\\\/\",\"name\":\"\\\"Evolve\\\" Sienin\u0117 kamuolio ir buferio plok\u0161t\u0117s laikymo vieta - 1100 \\\/ 1800 mm (ST-WB) - Evolve\",\"isPartOf\":{\"@id\":\"https:\\\/\\\/evolve-fitness.eu\\\/lt\\\/#website\"},\"primaryImageOfPage\":{\"@id\":\"https:\\\/\\\/evolve-fitness.eu\\\/lt\\\/produktas\\\/evolve-sienine-kamuoliu-ir-buferio-ploksciu-saugykla-1100-1800-mm\\\/#primaryimage\"},\"image\":{\"@id\":\"https:\\\/\\\/evolve-fitness.eu\\\/lt\\\/produktas\\\/evolve-sienine-kamuoliu-ir-buferio-ploksciu-saugykla-1100-1800-mm\\\/#primaryimage\"},\"thumbnailUrl\":\"https:\\\/\\\/evolve-fitness.eu\\\/wp-content\\\/uploads\\\/2023\\\/11\\\/Evolve-Wall-ball-and-bumper-plate-storage-1100-1800-mm.png\",\"datePublished\":\"2023-11-16T06:59:07+00:00\",\"dateModified\":\"2026-04-08T12:40:00+00:00\",\"breadcrumb\":{\"@id\":\"https:\\\/\\\/evolve-fitness.eu\\\/lt\\\/produktas\\\/evolve-sienine-kamuoliu-ir-buferio-ploksciu-saugykla-1100-1800-mm\\\/#breadcrumb\"},\"inLanguage\":\"lt-LT\",\"potentialAction\":[{\"@type\":\"ReadAction\",\"target\":[\"https:\\\/\\\/evolve-fitness.eu\\\/lt\\\/produktas\\\/evolve-sienine-kamuoliu-ir-buferio-ploksciu-saugykla-1100-1800-mm\\\/\"]}]},{\"@type\":\"ImageObject\",\"inLanguage\":\"lt-LT\",\"@id\":\"https:\\\/\\\/evolve-fitness.eu\\\/lt\\\/produktas\\\/evolve-sienine-kamuoliu-ir-buferio-ploksciu-saugykla-1100-1800-mm\\\/#primaryimage\",\"url\":\"https:\\\/\\\/evolve-fitness.eu\\\/wp-content\\\/uploads\\\/2023\\\/11\\\/Evolve-Wall-ball-and-bumper-plate-storage-1100-1800-mm.png\",\"contentUrl\":\"https:\\\/\\\/evolve-fitness.eu\\\/wp-content\\\/uploads\\\/2023\\\/11\\\/Evolve-Wall-ball-and-bumper-plate-storage-1100-1800-mm.png\",\"width\":680,\"height\":600,\"caption\":\"ER-ST-WB\"},{\"@type\":\"BreadcrumbList\",\"@id\":\"https:\\\/\\\/evolve-fitness.eu\\\/lt\\\/produktas\\\/evolve-sienine-kamuoliu-ir-buferio-ploksciu-saugykla-1100-1800-mm\\\/#breadcrumb\",\"itemListElement\":[{\"@type\":\"ListItem\",\"position\":1,\"name\":\"Home\",\"item\":\"https:\\\/\\\/evolve-fitness.eu\\\/lt\\\/\"},{\"@type\":\"ListItem\",\"position\":2,\"name\":\"Produktai\",\"item\":\"https:\\\/\\\/evolve-fitness.eu\\\/lt\\\/shop\\\/\"},{\"@type\":\"ListItem\",\"position\":3,\"name\":\"&#8220;Evolve&#8221; Sienin\u0117 kamuolio ir buferio plok\u0161t\u0117s laikymo vieta &#8211; 1100 \\\/ 1800 mm (ST-WB)\"}]},{\"@type\":\"WebSite\",\"@id\":\"https:\\\/\\\/evolve-fitness.eu\\\/lt\\\/#website\",\"url\":\"https:\\\/\\\/evolve-fitness.eu\\\/lt\\\/\",\"name\":\"Evolve\",\"description\":\"Your Evolved Gear Arrived\",\"publisher\":{\"@id\":\"https:\\\/\\\/evolve-fitness.eu\\\/lt\\\/#organization\"},\"potentialAction\":[{\"@type\":\"SearchAction\",\"target\":{\"@type\":\"EntryPoint\",\"urlTemplate\":\"https:\\\/\\\/evolve-fitness.eu\\\/lt\\\/?s={search_term_string}\"},\"query-input\":{\"@type\":\"PropertyValueSpecification\",\"valueRequired\":true,\"valueName\":\"search_term_string\"}}],\"inLanguage\":\"lt-LT\"},{\"@type\":\"Organization\",\"@id\":\"https:\\\/\\\/evolve-fitness.eu\\\/lt\\\/#organization\",\"name\":\"Evolve\",\"url\":\"https:\\\/\\\/evolve-fitness.eu\\\/lt\\\/\",\"logo\":{\"@type\":\"ImageObject\",\"inLanguage\":\"lt-LT\",\"@id\":\"https:\\\/\\\/evolve-fitness.eu\\\/lt\\\/#\\\/schema\\\/logo\\\/image\\\/\",\"url\":\"https:\\\/\\\/evolve-fitness.eu\\\/wp-content\\\/uploads\\\/2023\\\/05\\\/Evolve-logo.svg\",\"contentUrl\":\"https:\\\/\\\/evolve-fitness.eu\\\/wp-content\\\/uploads\\\/2023\\\/05\\\/Evolve-logo.svg\",\"width\":176,\"height\":20,\"caption\":\"Evolve\"},\"image\":{\"@id\":\"https:\\\/\\\/evolve-fitness.eu\\\/lt\\\/#\\\/schema\\\/logo\\\/image\\\/\"},\"sameAs\":[\"https:\\\/\\\/www.facebook.com\\\/EvolveFitnessEurope\"]}]}<\/script>\n<!-- \/ Yoast SEO plugin. -->","yoast_head_json":{"title":"\"Evolve\" Sienin\u0117 kamuolio ir buferio plok\u0161t\u0117s laikymo vieta - 1100 \/ 1800 mm (ST-WB) - Evolve","robots":{"index":"index","follow":"follow","max-snippet":"max-snippet:-1","max-image-preview":"max-image-preview:large","max-video-preview":"max-video-preview:-1"},"canonical":"https:\/\/evolve-fitness.eu\/lt\/produktas\/evolve-sienine-kamuoliu-ir-buferio-ploksciu-saugykla-1100-1800-mm\/","og_locale":"lt_LT","og_type":"article","og_title":"\"Evolve\" Sienin\u0117 kamuolio ir buferio plok\u0161t\u0117s laikymo vieta - 1100 \/ 1800 mm (ST-WB) - Evolve","og_url":"https:\/\/evolve-fitness.eu\/lt\/produktas\/evolve-sienine-kamuoliu-ir-buferio-ploksciu-saugykla-1100-1800-mm\/","og_site_name":"Evolve","article_publisher":"https:\/\/www.facebook.com\/EvolveFitnessEurope","article_modified_time":"2026-04-08T12:40:00+00:00","og_image":[{"width":680,"height":600,"url":"https:\/\/evolve-fitness.eu\/wp-content\/uploads\/2023\/11\/Evolve-Wall-ball-and-bumper-plate-storage-1100-1800-mm.png","type":"image\/png"}],"twitter_card":"summary_large_image","schema":{"@context":"https:\/\/schema.org","@graph":[{"@type":"WebPage","@id":"https:\/\/evolve-fitness.eu\/lt\/produktas\/evolve-sienine-kamuoliu-ir-buferio-ploksciu-saugykla-1100-1800-mm\/","url":"https:\/\/evolve-fitness.eu\/lt\/produktas\/evolve-sienine-kamuoliu-ir-buferio-ploksciu-saugykla-1100-1800-mm\/","name":"\"Evolve\" Sienin\u0117 kamuolio ir buferio plok\u0161t\u0117s laikymo vieta - 1100 \/ 1800 mm (ST-WB) - Evolve","isPartOf":{"@id":"https:\/\/evolve-fitness.eu\/lt\/#website"},"primaryImageOfPage":{"@id":"https:\/\/evolve-fitness.eu\/lt\/produktas\/evolve-sienine-kamuoliu-ir-buferio-ploksciu-saugykla-1100-1800-mm\/#primaryimage"},"image":{"@id":"https:\/\/evolve-fitness.eu\/lt\/produktas\/evolve-sienine-kamuoliu-ir-buferio-ploksciu-saugykla-1100-1800-mm\/#primaryimage"},"thumbnailUrl":"https:\/\/evolve-fitness.eu\/wp-content\/uploads\/2023\/11\/Evolve-Wall-ball-and-bumper-plate-storage-1100-1800-mm.png","datePublished":"2023-11-16T06:59:07+00:00","dateModified":"2026-04-08T12:40:00+00:00","breadcrumb":{"@id":"https:\/\/evolve-fitness.eu\/lt\/produktas\/evolve-sienine-kamuoliu-ir-buferio-ploksciu-saugykla-1100-1800-mm\/#breadcrumb"},"inLanguage":"lt-LT","potentialAction":[{"@type":"ReadAction","target":["https:\/\/evolve-fitness.eu\/lt\/produktas\/evolve-sienine-kamuoliu-ir-buferio-ploksciu-saugykla-1100-1800-mm\/"]}]},{"@type":"ImageObject","inLanguage":"lt-LT","@id":"https:\/\/evolve-fitness.eu\/lt\/produktas\/evolve-sienine-kamuoliu-ir-buferio-ploksciu-saugykla-1100-1800-mm\/#primaryimage","url":"https:\/\/evolve-fitness.eu\/wp-content\/uploads\/2023\/11\/Evolve-Wall-ball-and-bumper-plate-storage-1100-1800-mm.png","contentUrl":"https:\/\/evolve-fitness.eu\/wp-content\/uploads\/2023\/11\/Evolve-Wall-ball-and-bumper-plate-storage-1100-1800-mm.png","width":680,"height":600,"caption":"ER-ST-WB"},{"@type":"BreadcrumbList","@id":"https:\/\/evolve-fitness.eu\/lt\/produktas\/evolve-sienine-kamuoliu-ir-buferio-ploksciu-saugykla-1100-1800-mm\/#breadcrumb","itemListElement":[{"@type":"ListItem","position":1,"name":"Home","item":"https:\/\/evolve-fitness.eu\/lt\/"},{"@type":"ListItem","position":2,"name":"Produktai","item":"https:\/\/evolve-fitness.eu\/lt\/shop\/"},{"@type":"ListItem","position":3,"name":"&#8220;Evolve&#8221; Sienin\u0117 kamuolio ir buferio plok\u0161t\u0117s laikymo vieta &#8211; 1100 \/ 1800 mm (ST-WB)"}]},{"@type":"WebSite","@id":"https:\/\/evolve-fitness.eu\/lt\/#website","url":"https:\/\/evolve-fitness.eu\/lt\/","name":"Evolve","description":"Your Evolved Gear Arrived","publisher":{"@id":"https:\/\/evolve-fitness.eu\/lt\/#organization"},"potentialAction":[{"@type":"SearchAction","target":{"@type":"EntryPoint","urlTemplate":"https:\/\/evolve-fitness.eu\/lt\/?s={search_term_string}"},"query-input":{"@type":"PropertyValueSpecification","valueRequired":true,"valueName":"search_term_string"}}],"inLanguage":"lt-LT"},{"@type":"Organization","@id":"https:\/\/evolve-fitness.eu\/lt\/#organization","name":"Evolve","url":"https:\/\/evolve-fitness.eu\/lt\/","logo":{"@type":"ImageObject","inLanguage":"lt-LT","@id":"https:\/\/evolve-fitness.eu\/lt\/#\/schema\/logo\/image\/","url":"https:\/\/evolve-fitness.eu\/wp-content\/uploads\/2023\/05\/Evolve-logo.svg","contentUrl":"https:\/\/evolve-fitness.eu\/wp-content\/uploads\/2023\/05\/Evolve-logo.svg","width":176,"height":20,"caption":"Evolve"},"image":{"@id":"https:\/\/evolve-fitness.eu\/lt\/#\/schema\/logo\/image\/"},"sameAs":["https:\/\/www.facebook.com\/EvolveFitnessEurope"]}]}},"_links":{"self":[{"href":"https:\/\/evolve-fitness.eu\/lt\/wp-json\/wp\/v2\/product\/14758","targetHints":{"allow":["GET"]}}],"collection":[{"href":"https:\/\/evolve-fitness.eu\/lt\/wp-json\/wp\/v2\/product"}],"about":[{"href":"https:\/\/evolve-fitness.eu\/lt\/wp-json\/wp\/v2\/types\/product"}],"wp:featuredmedia":[{"embeddable":true,"href":"https:\/\/evolve-fitness.eu\/lt\/wp-json\/wp\/v2\/media\/6787"}],"wp:attachment":[{"href":"https:\/\/evolve-fitness.eu\/lt\/wp-json\/wp\/v2\/media?parent=14758"}],"wp:term":[{"taxonomy":"product_brand","embeddable":true,"href":"https:\/\/evolve-fitness.eu\/lt\/wp-json\/wp\/v2\/product_brand?post=14758"},{"taxonomy":"product_cat","embeddable":true,"href":"https:\/\/evolve-fitness.eu\/lt\/wp-json\/wp\/v2\/product_cat?post=14758"},{"taxonomy":"product_tag","embeddable":true,"href":"https:\/\/evolve-fitness.eu\/lt\/wp-json\/wp\/v2\/product_tag?post=14758"}],"curies":[{"name":"wp","href":"https:\/\/api.w.org\/{rel}","templated":true}]}}