{"id":152127,"date":"2024-08-01T11:17:01","date_gmt":"2024-08-01T11:17:01","guid":{"rendered":"https:\/\/evolve-fitness.eu\/product\/evolve-prime-series-plokstes-pakrautos-lat-pull-down\/"},"modified":"2025-10-07T11:45:00","modified_gmt":"2025-10-07T11:45:00","slug":"evolve-prime-series-plokstes-pakrautos-lat-pull-down","status":"publish","type":"product","link":"https:\/\/evolve-fitness.eu\/lt\/produktas\/evolve-prime-series-plokstes-pakrautos-lat-pull-down\/","title":{"rendered":"&#8222;Evolve Prime Series&#8221; plok\u0161t\u0117s pakrautos Lat Pull Down (PR-027-OLD)"},"content":{"rendered":"\n<section class=\"wp-block-group alignfull has-lightgray-background-color has-background is-layout-constrained wp-block-group-is-layout-constrained\">\n<div class=\"wp-block-columns alignwide is-layout-flex wp-container-core-columns-is-layout-2edb0647 wp-block-columns-is-layout-flex\" style=\"margin-top:0;margin-bottom:0\">\n<div class=\"wp-block-column is-layout-flow wp-block-column-is-layout-flow\" style=\"flex-basis:33.33%\"><\/div>\n\n\n\n<div class=\"wp-block-column is-layout-flow wp-block-column-is-layout-flow\" style=\"flex-basis:66.66%\"><\/div>\n<\/div>\n<\/section>\n\n<section class=\"wp-block-group alignfull black-content has-white-color has-darkgray-background-color has-text-color has-background is-layout-constrained wp-block-group-is-layout-constrained\" style=\"padding-top:var(--wp--preset--spacing--section-bottom);padding-bottom:var(--wp--preset--spacing--section-bottom)\">\n<h3 class=\"wp-block-heading has-text-align-center\"><strong><strong>EVOLIUCIONUOJA PLOK\u0160TEL\u0116 SU PAGRINDINE \u012eKROVA<\/strong><\/strong><\/h3>\n\n\n\n<p>&#8222;Evolve Plate Loaded Prime Series&#8221; gaminiuose meistri\u0161kumas yra standartas.\nPagerinkite savo j\u0117gos treniruotes su treniruokliais, sukurtais patogumui, ilgaam\u017ei\u0161kumui ir na\u0161umui u\u017etikrinti.\nI\u0161nagrin\u0117kite vis\u0105 linij\u0105 \u0161iandien ir i\u0161 naujo apibr\u0117\u017ekite savo sveikatingumo kelion\u0119.  <\/p>\n\n\n\n<section class=\"wp-block-group alignfull black-content has-white-color has-darkgray-background-color has-text-color has-background is-layout-constrained wp-block-group-is-layout-constrained\" style=\"padding-top:var(--wp--preset--spacing--section-bottom);padding-bottom:var(--wp--preset--spacing--section-bottom)\">\n<div class=\"wp-block-columns alignwide mobile-reverse is-layout-flex wp-container-core-columns-is-layout-ca64bf2d wp-block-columns-is-layout-flex\" style=\"margin-bottom:var(--wp--preset--spacing--side-padding)\">\n<div class=\"wp-block-column is-vertically-aligned-center is-layout-flow wp-block-column-is-layout-flow\">\n<h3 class=\"wp-block-heading\" style=\"margin-bottom:var(--wp--preset--spacing--h-3-bottom)\"><strong><strong><strong>Efektyvios nugaros treniruot\u0117s<\/strong><\/strong><\/strong><\/h3>\n\n\n\n<p><strong><em><strong>Tikslinis raumen\u0173 \u012ftraukimas<\/strong><\/em><\/strong><\/p>\n\n\n\n<p style=\"margin-bottom:var(--wp--preset--spacing--tb-section-padding)\">&#8222;Evolve Prime Series&#8221; plok\u0161tel\u0117mis apkrautas Lat Pull Down efektyviai veikia latissimus dorsi, bicepsus ir vir\u0161utin\u0117s nugaros dalies raumenis.\nPatogi reguliavimo sistema ir ry\u0161kiai geltonos spalvos komponentai leid\u017eia lengvai nustatyti ir keisti pratimus, tod\u0117l treniruot\u0117s yra universalios. <\/p>\n\n\n\n<h3 class=\"wp-block-heading\" style=\"margin-bottom:var(--wp--preset--spacing--h-3-bottom)\"><strong><strong><strong><strong><strong>Auk\u0161\u010diausios kokyb\u0117s funkcijos<\/strong><\/strong><\/strong><\/strong><\/strong><\/h3>\n\n\n\n<p><strong><em>Ilgaam\u017ei\u0161kumas ir efektyvumas<\/em><\/strong><\/p>\n\n\n\n<p>\u0160i ma\u0161ina pagaminta i\u0161 auk\u0161tos kokyb\u0117s didelio atsparumo audinio ir ner\u016bdijan\u010dio plieno aparat\u016bros, tod\u0117l garantuoja ilgalaik\u012f naudojim\u0105.\nTermoreaktyvi\u0173j\u0173 milteli\u0173 elektrostatinio pur\u0161kimo technologija u\u017etikrina patvari\u0105 apdail\u0105, i\u0161laikan\u010di\u0105 \u012frangos i\u0161vaizd\u0105.  Integruoti svori\u0173 plok\u0161\u010di\u0173 laikymo kai\u0161\u010diai padidina erdv\u0117s efektyvum\u0105, tod\u0117l treniruo\u010di\u0173 erdv\u0117 bus tvarkinga.<\/p>\n<\/div>\n\n\n\n<div class=\"wp-block-column is-vertically-aligned-center is-layout-flow wp-block-column-is-layout-flow\">\n<figure class=\"wp-block-image size-large\"><img loading=\"lazy\" decoding=\"async\" width=\"1024\" height=\"1024\" src=\"https:\/\/evolve-fitness.eu\/wp-content\/uploads\/2024\/08\/Dizainas-be-pavadinimo-45-1024x1024.png\" alt=\"\" class=\"wp-image-180775\" srcset=\"https:\/\/evolve-fitness.eu\/wp-content\/uploads\/2024\/08\/Dizainas-be-pavadinimo-45-1024x1024.png 1024w, https:\/\/evolve-fitness.eu\/wp-content\/uploads\/2024\/08\/Dizainas-be-pavadinimo-45-300x300.png 300w, https:\/\/evolve-fitness.eu\/wp-content\/uploads\/2024\/08\/Dizainas-be-pavadinimo-45-150x150.png 150w, https:\/\/evolve-fitness.eu\/wp-content\/uploads\/2024\/08\/Dizainas-be-pavadinimo-45-768x768.png 768w, https:\/\/evolve-fitness.eu\/wp-content\/uploads\/2024\/08\/Dizainas-be-pavadinimo-45-1536x1536.png 1536w, https:\/\/evolve-fitness.eu\/wp-content\/uploads\/2024\/08\/Dizainas-be-pavadinimo-45-600x600.png 600w, https:\/\/evolve-fitness.eu\/wp-content\/uploads\/2024\/08\/Dizainas-be-pavadinimo-45.png 1755w\" sizes=\"auto, (max-width: 1024px) 100vw, 1024px\" \/><\/figure>\n<\/div>\n<\/div>\n<\/section>\n<\/section>\n","protected":false},"excerpt":{"rendered":"<p>&#8222;Evolve Prime Series&#8221; plok\u0161t\u0117mis apkrautas &#8222;Lat Pull Down&#8221; (EV-PL-PR-027-OLD) &#8211; tai treniruoklis, skirtas vir\u0161utin\u0117s k\u016bno dalies treniruot\u0117ms optimizuoti.<br \/>\n\u0160is treniruoklis pagamintas i\u0161 komercin\u0117s klas\u0117s med\u017eiag\u0173, tod\u0117l u\u017etikrina auk\u0161\u010diausi\u0105 komfort\u0105, ilgaam\u017ei\u0161kum\u0105 ir na\u0161um\u0105.<br \/>\nD\u0117l ergonomi\u0161kos konstrukcijos ir reguliuojam\u0173 funkcij\u0173 jis tinka vis\u0173 fizinio pasirengimo lygi\u0173 naudotojams, puikiai tinka profesionaliose sporto sal\u0117se.  <\/p>\n","protected":false},"featured_media":180789,"template":"","meta":{"_acf_changed":false,"inline_featured_image":false},"product_brand":[],"product_cat":[745,749],"product_tag":[],"class_list":{"0":"post-152127","1":"product","2":"type-product","3":"status-publish","4":"has-post-thumbnail","6":"product_cat-plokstelemis-kraunamos-masinos","7":"product_cat-prime-series-laisvu-svoriu","9":"first","10":"instock","11":"shipping-taxable","12":"purchasable","13":"product-type-simple"},"acf":{"long_title":"\"Evolve Prime Series\" plok\u0161t\u0117s pakrautos Lat Pull Down (PR-027-OLD)","subtitle":"","specifications":[{"label":"SKU","text_value":"EV-PL-PR-027-OLD","icon":"x"},{"label":"Ilgis","text_value":"1760 mm","icon":"x"},{"label":"Plotis","text_value":"1180 mm","icon":"x"},{"label":"Auk\u0161tis","text_value":"2010 m.","icon":"x"},{"label":"Svoris","text_value":"145 kg","icon":"v"},{"label":"Maksimalus naudotojo svoris","text_value":"180 kg","icon":"v"},{"label":"Svorio plok\u0161teli\u0173 laikymas","text_value":"","icon":"v"},{"label":"Storas apmu\u0161alas","text_value":"","icon":"v"},{"label":"Patvarios grind\u0173 apsaugos priemon\u0117s","text_value":"","icon":"v"},{"label":"Metalin\u0117 konstrukcija","text_value":"","icon":"v"},{"label":"Pritaikykite r\u0117mo ir apmu\u0161al\u0173 spalvas","text_value":"","icon":"x"}]},"yoast_head":"<!-- This site is optimized with the Yoast SEO plugin v27.4 - https:\/\/yoast.com\/product\/yoast-seo-wordpress\/ -->\n<title>&quot;Evolve Prime Series&quot; plok\u0161t\u0117s pakrautos Lat Pull Down (PR-027-OLD) - Evolve<\/title>\n<meta name=\"robots\" content=\"index, follow, max-snippet:-1, max-image-preview:large, max-video-preview:-1\" \/>\n<link rel=\"canonical\" href=\"https:\/\/evolve-fitness.eu\/lt\/produktas\/evolve-prime-series-plokstes-pakrautos-lat-pull-down\/\" \/>\n<meta property=\"og:locale\" content=\"lt_LT\" \/>\n<meta property=\"og:type\" content=\"article\" \/>\n<meta property=\"og:title\" content=\"&quot;Evolve Prime Series&quot; plok\u0161t\u0117s pakrautos Lat Pull Down (PR-027-OLD) - Evolve\" \/>\n<meta property=\"og:url\" content=\"https:\/\/evolve-fitness.eu\/lt\/produktas\/evolve-prime-series-plokstes-pakrautos-lat-pull-down\/\" \/>\n<meta property=\"og:site_name\" content=\"Evolve\" \/>\n<meta property=\"article:publisher\" content=\"https:\/\/www.facebook.com\/EvolveFitnessEurope\" \/>\n<meta property=\"article:modified_time\" content=\"2025-10-07T11:45:00+00:00\" \/>\n<meta property=\"og:image\" content=\"https:\/\/evolve-fitness.eu\/wp-content\/uploads\/2024\/08\/Dizainas-be-pavadinimo-45.png\" \/>\n\t<meta property=\"og:image:width\" content=\"1755\" \/>\n\t<meta property=\"og:image:height\" content=\"1755\" \/>\n\t<meta property=\"og:image:type\" content=\"image\/png\" \/>\n<meta name=\"twitter:card\" content=\"summary_large_image\" \/>\n<script type=\"application\/ld+json\" class=\"yoast-schema-graph\">{\"@context\":\"https:\\\/\\\/schema.org\",\"@graph\":[{\"@type\":\"WebPage\",\"@id\":\"https:\\\/\\\/evolve-fitness.eu\\\/lt\\\/produktas\\\/evolve-prime-series-plokstes-pakrautos-lat-pull-down\\\/\",\"url\":\"https:\\\/\\\/evolve-fitness.eu\\\/lt\\\/produktas\\\/evolve-prime-series-plokstes-pakrautos-lat-pull-down\\\/\",\"name\":\"\\\"Evolve Prime Series\\\" plok\u0161t\u0117s pakrautos Lat Pull Down (PR-027-OLD) - Evolve\",\"isPartOf\":{\"@id\":\"https:\\\/\\\/evolve-fitness.eu\\\/lt\\\/#website\"},\"primaryImageOfPage\":{\"@id\":\"https:\\\/\\\/evolve-fitness.eu\\\/lt\\\/produktas\\\/evolve-prime-series-plokstes-pakrautos-lat-pull-down\\\/#primaryimage\"},\"image\":{\"@id\":\"https:\\\/\\\/evolve-fitness.eu\\\/lt\\\/produktas\\\/evolve-prime-series-plokstes-pakrautos-lat-pull-down\\\/#primaryimage\"},\"thumbnailUrl\":\"https:\\\/\\\/evolve-fitness.eu\\\/wp-content\\\/uploads\\\/2024\\\/08\\\/Dizainas-be-pavadinimo-45.png\",\"datePublished\":\"2024-08-01T11:17:01+00:00\",\"dateModified\":\"2025-10-07T11:45:00+00:00\",\"breadcrumb\":{\"@id\":\"https:\\\/\\\/evolve-fitness.eu\\\/lt\\\/produktas\\\/evolve-prime-series-plokstes-pakrautos-lat-pull-down\\\/#breadcrumb\"},\"inLanguage\":\"lt-LT\",\"potentialAction\":[{\"@type\":\"ReadAction\",\"target\":[\"https:\\\/\\\/evolve-fitness.eu\\\/lt\\\/produktas\\\/evolve-prime-series-plokstes-pakrautos-lat-pull-down\\\/\"]}]},{\"@type\":\"ImageObject\",\"inLanguage\":\"lt-LT\",\"@id\":\"https:\\\/\\\/evolve-fitness.eu\\\/lt\\\/produktas\\\/evolve-prime-series-plokstes-pakrautos-lat-pull-down\\\/#primaryimage\",\"url\":\"https:\\\/\\\/evolve-fitness.eu\\\/wp-content\\\/uploads\\\/2024\\\/08\\\/Dizainas-be-pavadinimo-45.png\",\"contentUrl\":\"https:\\\/\\\/evolve-fitness.eu\\\/wp-content\\\/uploads\\\/2024\\\/08\\\/Dizainas-be-pavadinimo-45.png\",\"width\":1755,\"height\":1755},{\"@type\":\"BreadcrumbList\",\"@id\":\"https:\\\/\\\/evolve-fitness.eu\\\/lt\\\/produktas\\\/evolve-prime-series-plokstes-pakrautos-lat-pull-down\\\/#breadcrumb\",\"itemListElement\":[{\"@type\":\"ListItem\",\"position\":1,\"name\":\"Home\",\"item\":\"https:\\\/\\\/evolve-fitness.eu\\\/lt\\\/\"},{\"@type\":\"ListItem\",\"position\":2,\"name\":\"Produktai\",\"item\":\"https:\\\/\\\/evolve-fitness.eu\\\/lt\\\/shop\\\/\"},{\"@type\":\"ListItem\",\"position\":3,\"name\":\"&#8220;Evolve Prime Series&#8221; plok\u0161t\u0117s pakrautos Lat Pull Down (PR-027-OLD)\"}]},{\"@type\":\"WebSite\",\"@id\":\"https:\\\/\\\/evolve-fitness.eu\\\/lt\\\/#website\",\"url\":\"https:\\\/\\\/evolve-fitness.eu\\\/lt\\\/\",\"name\":\"Evolve\",\"description\":\"Your Evolved Gear Arrived\",\"publisher\":{\"@id\":\"https:\\\/\\\/evolve-fitness.eu\\\/lt\\\/#organization\"},\"potentialAction\":[{\"@type\":\"SearchAction\",\"target\":{\"@type\":\"EntryPoint\",\"urlTemplate\":\"https:\\\/\\\/evolve-fitness.eu\\\/lt\\\/?s={search_term_string}\"},\"query-input\":{\"@type\":\"PropertyValueSpecification\",\"valueRequired\":true,\"valueName\":\"search_term_string\"}}],\"inLanguage\":\"lt-LT\"},{\"@type\":\"Organization\",\"@id\":\"https:\\\/\\\/evolve-fitness.eu\\\/lt\\\/#organization\",\"name\":\"Evolve\",\"url\":\"https:\\\/\\\/evolve-fitness.eu\\\/lt\\\/\",\"logo\":{\"@type\":\"ImageObject\",\"inLanguage\":\"lt-LT\",\"@id\":\"https:\\\/\\\/evolve-fitness.eu\\\/lt\\\/#\\\/schema\\\/logo\\\/image\\\/\",\"url\":\"https:\\\/\\\/evolve-fitness.eu\\\/wp-content\\\/uploads\\\/2023\\\/05\\\/Evolve-logo.svg\",\"contentUrl\":\"https:\\\/\\\/evolve-fitness.eu\\\/wp-content\\\/uploads\\\/2023\\\/05\\\/Evolve-logo.svg\",\"width\":176,\"height\":20,\"caption\":\"Evolve\"},\"image\":{\"@id\":\"https:\\\/\\\/evolve-fitness.eu\\\/lt\\\/#\\\/schema\\\/logo\\\/image\\\/\"},\"sameAs\":[\"https:\\\/\\\/www.facebook.com\\\/EvolveFitnessEurope\"]}]}<\/script>\n<!-- \/ Yoast SEO plugin. -->","yoast_head_json":{"title":"\"Evolve Prime Series\" plok\u0161t\u0117s pakrautos Lat Pull Down (PR-027-OLD) - Evolve","robots":{"index":"index","follow":"follow","max-snippet":"max-snippet:-1","max-image-preview":"max-image-preview:large","max-video-preview":"max-video-preview:-1"},"canonical":"https:\/\/evolve-fitness.eu\/lt\/produktas\/evolve-prime-series-plokstes-pakrautos-lat-pull-down\/","og_locale":"lt_LT","og_type":"article","og_title":"\"Evolve Prime Series\" plok\u0161t\u0117s pakrautos Lat Pull Down (PR-027-OLD) - Evolve","og_url":"https:\/\/evolve-fitness.eu\/lt\/produktas\/evolve-prime-series-plokstes-pakrautos-lat-pull-down\/","og_site_name":"Evolve","article_publisher":"https:\/\/www.facebook.com\/EvolveFitnessEurope","article_modified_time":"2025-10-07T11:45:00+00:00","og_image":[{"width":1755,"height":1755,"url":"https:\/\/evolve-fitness.eu\/wp-content\/uploads\/2024\/08\/Dizainas-be-pavadinimo-45.png","type":"image\/png"}],"twitter_card":"summary_large_image","schema":{"@context":"https:\/\/schema.org","@graph":[{"@type":"WebPage","@id":"https:\/\/evolve-fitness.eu\/lt\/produktas\/evolve-prime-series-plokstes-pakrautos-lat-pull-down\/","url":"https:\/\/evolve-fitness.eu\/lt\/produktas\/evolve-prime-series-plokstes-pakrautos-lat-pull-down\/","name":"\"Evolve Prime Series\" plok\u0161t\u0117s pakrautos Lat Pull Down (PR-027-OLD) - Evolve","isPartOf":{"@id":"https:\/\/evolve-fitness.eu\/lt\/#website"},"primaryImageOfPage":{"@id":"https:\/\/evolve-fitness.eu\/lt\/produktas\/evolve-prime-series-plokstes-pakrautos-lat-pull-down\/#primaryimage"},"image":{"@id":"https:\/\/evolve-fitness.eu\/lt\/produktas\/evolve-prime-series-plokstes-pakrautos-lat-pull-down\/#primaryimage"},"thumbnailUrl":"https:\/\/evolve-fitness.eu\/wp-content\/uploads\/2024\/08\/Dizainas-be-pavadinimo-45.png","datePublished":"2024-08-01T11:17:01+00:00","dateModified":"2025-10-07T11:45:00+00:00","breadcrumb":{"@id":"https:\/\/evolve-fitness.eu\/lt\/produktas\/evolve-prime-series-plokstes-pakrautos-lat-pull-down\/#breadcrumb"},"inLanguage":"lt-LT","potentialAction":[{"@type":"ReadAction","target":["https:\/\/evolve-fitness.eu\/lt\/produktas\/evolve-prime-series-plokstes-pakrautos-lat-pull-down\/"]}]},{"@type":"ImageObject","inLanguage":"lt-LT","@id":"https:\/\/evolve-fitness.eu\/lt\/produktas\/evolve-prime-series-plokstes-pakrautos-lat-pull-down\/#primaryimage","url":"https:\/\/evolve-fitness.eu\/wp-content\/uploads\/2024\/08\/Dizainas-be-pavadinimo-45.png","contentUrl":"https:\/\/evolve-fitness.eu\/wp-content\/uploads\/2024\/08\/Dizainas-be-pavadinimo-45.png","width":1755,"height":1755},{"@type":"BreadcrumbList","@id":"https:\/\/evolve-fitness.eu\/lt\/produktas\/evolve-prime-series-plokstes-pakrautos-lat-pull-down\/#breadcrumb","itemListElement":[{"@type":"ListItem","position":1,"name":"Home","item":"https:\/\/evolve-fitness.eu\/lt\/"},{"@type":"ListItem","position":2,"name":"Produktai","item":"https:\/\/evolve-fitness.eu\/lt\/shop\/"},{"@type":"ListItem","position":3,"name":"&#8220;Evolve Prime Series&#8221; plok\u0161t\u0117s pakrautos Lat Pull Down (PR-027-OLD)"}]},{"@type":"WebSite","@id":"https:\/\/evolve-fitness.eu\/lt\/#website","url":"https:\/\/evolve-fitness.eu\/lt\/","name":"Evolve","description":"Your Evolved Gear Arrived","publisher":{"@id":"https:\/\/evolve-fitness.eu\/lt\/#organization"},"potentialAction":[{"@type":"SearchAction","target":{"@type":"EntryPoint","urlTemplate":"https:\/\/evolve-fitness.eu\/lt\/?s={search_term_string}"},"query-input":{"@type":"PropertyValueSpecification","valueRequired":true,"valueName":"search_term_string"}}],"inLanguage":"lt-LT"},{"@type":"Organization","@id":"https:\/\/evolve-fitness.eu\/lt\/#organization","name":"Evolve","url":"https:\/\/evolve-fitness.eu\/lt\/","logo":{"@type":"ImageObject","inLanguage":"lt-LT","@id":"https:\/\/evolve-fitness.eu\/lt\/#\/schema\/logo\/image\/","url":"https:\/\/evolve-fitness.eu\/wp-content\/uploads\/2023\/05\/Evolve-logo.svg","contentUrl":"https:\/\/evolve-fitness.eu\/wp-content\/uploads\/2023\/05\/Evolve-logo.svg","width":176,"height":20,"caption":"Evolve"},"image":{"@id":"https:\/\/evolve-fitness.eu\/lt\/#\/schema\/logo\/image\/"},"sameAs":["https:\/\/www.facebook.com\/EvolveFitnessEurope"]}]}},"_links":{"self":[{"href":"https:\/\/evolve-fitness.eu\/lt\/wp-json\/wp\/v2\/product\/152127","targetHints":{"allow":["GET"]}}],"collection":[{"href":"https:\/\/evolve-fitness.eu\/lt\/wp-json\/wp\/v2\/product"}],"about":[{"href":"https:\/\/evolve-fitness.eu\/lt\/wp-json\/wp\/v2\/types\/product"}],"wp:featuredmedia":[{"embeddable":true,"href":"https:\/\/evolve-fitness.eu\/lt\/wp-json\/wp\/v2\/media\/180789"}],"wp:attachment":[{"href":"https:\/\/evolve-fitness.eu\/lt\/wp-json\/wp\/v2\/media?parent=152127"}],"wp:term":[{"taxonomy":"product_brand","embeddable":true,"href":"https:\/\/evolve-fitness.eu\/lt\/wp-json\/wp\/v2\/product_brand?post=152127"},{"taxonomy":"product_cat","embeddable":true,"href":"https:\/\/evolve-fitness.eu\/lt\/wp-json\/wp\/v2\/product_cat?post=152127"},{"taxonomy":"product_tag","embeddable":true,"href":"https:\/\/evolve-fitness.eu\/lt\/wp-json\/wp\/v2\/product_tag?post=152127"}],"curies":[{"name":"wp","href":"https:\/\/api.w.org\/{rel}","templated":true}]}}