{"id":176307,"date":"2025-01-28T13:48:52","date_gmt":"2025-01-28T13:48:52","guid":{"rendered":"https:\/\/evolve-fitness.eu\/product\/evolve-dirbtines-odos-perforavimo-maisas-100-cm-180-cm\/"},"modified":"2025-02-06T14:11:46","modified_gmt":"2025-02-06T14:11:46","slug":"evolve-dirbtines-odos-perforavimo-maisas-100-cm-180-cm","status":"publish","type":"product","link":"https:\/\/evolve-fitness.eu\/lt\/produktas\/evolve-dirbtines-odos-perforavimo-maisas-100-cm-180-cm\/","title":{"rendered":"&#8222;Evolve&#8221; dirbtin\u0117s odos perforavimo mai\u0161as 100 CM \/ 180 CM"},"content":{"rendered":"\n<section class=\"wp-block-group alignfull black-content has-white-color has-darkgray-background-color has-text-color has-background is-layout-constrained wp-block-group-is-layout-constrained\" style=\"padding-top:var(--wp--preset--spacing--section-bottom);padding-bottom:var(--wp--preset--spacing--section-bottom)\">\n<div class=\"wp-block-columns alignwide mobile-reverse is-layout-flex wp-container-core-columns-is-layout-ca64bf2d wp-block-columns-is-layout-flex\" style=\"margin-bottom:var(--wp--preset--spacing--side-padding)\">\n<div class=\"wp-block-column is-vertically-aligned-center is-layout-flow wp-block-column-is-layout-flow\">\n<h3 class=\"wp-block-heading\" style=\"margin-bottom:var(--wp--preset--spacing--h-3-bottom)\"><strong><strong>Auk\u0161\u010diausios kokyb\u0117s statyba<\/strong><\/strong><\/h3>\n\n\n\n<p style=\"margin-bottom:var(--wp--preset--spacing--tb-section-padding)\">Vidinis sluoksnis pagamintas i\u0161 PVC dengtos austos drob\u0117s, o i\u0161orinis sluoksnis &#8211; i\u0161 itin storos dirbtin\u0117s odos, kuri u\u017etikrina didesn\u012f patvarum\u0105. Bokso mai\u0161as turi <strong>daugiasluoksn\u0119 itin stor\u0105 sienel\u0119<\/strong>, tod\u0117l net ir po ilgesnio naudojimo i\u0161lieka lygus ir atsparus deformacijai. Visos si\u016bl\u0117s susi\u016btos <strong>kelis kartus<\/strong>, kad b\u016bt\u0173 i\u0161vengta ply\u0161imo ir u\u017etikrintas ilgalaikis veikimas.  <\/p>\n<\/div>\n\n\n\n<div class=\"wp-block-column is-vertically-aligned-center is-layout-flow wp-block-column-is-layout-flow\">\n<figure class=\"wp-block-image size-large\"><img loading=\"lazy\" decoding=\"async\" width=\"1024\" height=\"728\" src=\"https:\/\/evolve-fitness.eu\/wp-content\/uploads\/2025\/01\/IMG_5850-1024x728.png\" alt=\"\" class=\"wp-image-176736\" srcset=\"https:\/\/evolve-fitness.eu\/wp-content\/uploads\/2025\/01\/IMG_5850-1024x728.png 1024w, https:\/\/evolve-fitness.eu\/wp-content\/uploads\/2025\/01\/IMG_5850-300x213.png 300w, https:\/\/evolve-fitness.eu\/wp-content\/uploads\/2025\/01\/IMG_5850-150x107.png 150w, https:\/\/evolve-fitness.eu\/wp-content\/uploads\/2025\/01\/IMG_5850-768x546.png 768w, https:\/\/evolve-fitness.eu\/wp-content\/uploads\/2025\/01\/IMG_5850-1536x1092.png 1536w, https:\/\/evolve-fitness.eu\/wp-content\/uploads\/2025\/01\/IMG_5850-2048x1455.png 2048w, https:\/\/evolve-fitness.eu\/wp-content\/uploads\/2025\/01\/IMG_5850-600x426.png 600w, https:\/\/evolve-fitness.eu\/wp-content\/uploads\/2025\/01\/IMG_5850-211x150.png 211w\" sizes=\"auto, (max-width: 1024px) 100vw, 1024px\" \/><\/figure>\n<\/div>\n<\/div>\n\n\n\n<div class=\"wp-block-columns alignwide is-layout-flex wp-container-core-columns-is-layout-c45ee707 wp-block-columns-is-layout-flex\" style=\"margin-bottom:var(--wp--preset--spacing--side-padding);padding-top:var(--wp--preset--spacing--side-padding)\">\n<div class=\"wp-block-column is-vertically-aligned-center is-layout-flow wp-block-column-is-layout-flow\">\n<figure class=\"wp-block-image size-large\"><img loading=\"lazy\" decoding=\"async\" width=\"1024\" height=\"684\" src=\"https:\/\/evolve-fitness.eu\/wp-content\/uploads\/2025\/01\/SaveClip.App_474237713_18386456146128446_2497216198967624731_n-1024x684.jpg\" alt=\"\" class=\"wp-image-176761\" srcset=\"https:\/\/evolve-fitness.eu\/wp-content\/uploads\/2025\/01\/SaveClip.App_474237713_18386456146128446_2497216198967624731_n-1024x684.jpg 1024w, https:\/\/evolve-fitness.eu\/wp-content\/uploads\/2025\/01\/SaveClip.App_474237713_18386456146128446_2497216198967624731_n-300x200.jpg 300w, https:\/\/evolve-fitness.eu\/wp-content\/uploads\/2025\/01\/SaveClip.App_474237713_18386456146128446_2497216198967624731_n-150x100.jpg 150w, https:\/\/evolve-fitness.eu\/wp-content\/uploads\/2025\/01\/SaveClip.App_474237713_18386456146128446_2497216198967624731_n-768x513.jpg 768w, https:\/\/evolve-fitness.eu\/wp-content\/uploads\/2025\/01\/SaveClip.App_474237713_18386456146128446_2497216198967624731_n-600x401.jpg 600w, https:\/\/evolve-fitness.eu\/wp-content\/uploads\/2025\/01\/SaveClip.App_474237713_18386456146128446_2497216198967624731_n-225x150.jpg 225w, https:\/\/evolve-fitness.eu\/wp-content\/uploads\/2025\/01\/SaveClip.App_474237713_18386456146128446_2497216198967624731_n.jpg 1080w\" sizes=\"auto, (max-width: 1024px) 100vw, 1024px\" \/><\/figure>\n<\/div>\n\n\n\n<div class=\"wp-block-column is-vertically-aligned-center is-layout-flow wp-block-column-is-layout-flow\">\n<h3 class=\"wp-block-heading\" style=\"margin-bottom:var(--wp--preset--spacing--h-3-bottom)\"><strong>Pasirinktinio prek\u0117s \u017eenklo parinktis<\/strong><\/h3>\n\n\n\n<p>Personalizuokite bokso mai\u0161\u0105 su <strong>savo sporto sal\u0117s logotipu<\/strong>, kad jis atrodyt\u0173 profesionaliai ir firminis. <strong>Galimi dyd\u017eiai:<\/strong> 100 CM \/ 180 CM &#8211; tinka \u012fvairiems treniruo\u010di\u0173 poreikiams, nuo pradedan\u010di\u0173j\u0173 iki profesionali\u0173 sportinink\u0173.  <\/p>\n\n\n\n<p>Puikiai tinka <strong>bokso, kikbokso, MMA ir bendrojo fizinio pasirengimo treniruot\u0117ms<\/strong>, nes \u0161is bokso mai\u0161as u\u017etikrina nuosekl\u0173 ir patikim\u0105 pavir\u0161i\u0173 sm\u016bgi\u0173 j\u0117gai ir i\u0161tvermei lavinti.<\/p>\n<\/div>\n<\/div>\n<\/section>\n","protected":false},"excerpt":{"rendered":"<p>Vidinis krep\u0161io sluoksnis pagamintas i\u0161 austos drob\u0117s su PVC danga, o i\u0161orinis &#8211; i\u0161 labai storos dirbtin\u0117s odos. Taip sukuriama labai stora sienel\u0117, tod\u0117l bokso mai\u0161as visada i\u0161liks lygus net ir po labai ilgo naudojimo. \u0160onuose yra keturi papildomi sutvirtinti dir\u017eai su \u017eiedais, skirti bokso mai\u0161ui pakabinti. Visos bokso mai\u0161o si\u016bl\u0117s susi\u016btos kelis kartus, kad nesuply\u0161t\u0173.   <\/p>\n","protected":false},"featured_media":176067,"template":"","meta":{"_acf_changed":false,"inline_featured_image":false},"product_brand":[],"product_cat":[761,760],"product_tag":[],"class_list":{"0":"post-176307","1":"product","2":"type-product","3":"status-publish","4":"has-post-thumbnail","6":"product_cat-funkcine-iranga","7":"product_cat-kryzminis-ir-funkcinis","9":"first","10":"instock","11":"shipping-taxable","12":"purchasable","13":"product-type-variable"},"acf":{"long_title":"\"Evolve\" dirbtin\u0117s odos perforavimo mai\u0161as 100 CM \/ 180 CM","subtitle":"","specifications":[{"label":"SKU","text_value":"EV-BE-BB-100-AL","icon":"x"},{"label":"Ilgis","text_value":"100 cm \/ 180 cm","icon":"x"},{"label":"Skersmuo","text_value":"35 cm","icon":"x"}]},"yoast_head":"<!-- This site is optimized with the Yoast SEO plugin v27.4 - https:\/\/yoast.com\/product\/yoast-seo-wordpress\/ -->\n<title>&quot;Evolve&quot; dirbtin\u0117s odos perforavimo mai\u0161as 100 CM \/ 180 CM - Evolve<\/title>\n<meta name=\"robots\" content=\"index, follow, max-snippet:-1, max-image-preview:large, max-video-preview:-1\" \/>\n<link rel=\"canonical\" href=\"https:\/\/evolve-fitness.eu\/lt\/produktas\/evolve-dirbtines-odos-perforavimo-maisas-100-cm-180-cm\/\" \/>\n<meta property=\"og:locale\" content=\"lt_LT\" \/>\n<meta property=\"og:type\" content=\"article\" \/>\n<meta property=\"og:title\" content=\"&quot;Evolve&quot; dirbtin\u0117s odos perforavimo mai\u0161as 100 CM \/ 180 CM - Evolve\" \/>\n<meta property=\"og:url\" content=\"https:\/\/evolve-fitness.eu\/lt\/produktas\/evolve-dirbtines-odos-perforavimo-maisas-100-cm-180-cm\/\" \/>\n<meta property=\"og:site_name\" content=\"Evolve\" \/>\n<meta property=\"article:publisher\" content=\"https:\/\/www.facebook.com\/EvolveFitnessEurope\" \/>\n<meta property=\"article:modified_time\" content=\"2025-02-06T14:11:46+00:00\" \/>\n<meta property=\"og:image\" content=\"https:\/\/evolve-fitness.eu\/wp-content\/uploads\/2025\/01\/evolve-dirbtines-odos-bokso-maisas-180-cm-100-cm.png\" \/>\n\t<meta property=\"og:image:width\" content=\"680\" \/>\n\t<meta property=\"og:image:height\" content=\"600\" \/>\n\t<meta property=\"og:image:type\" content=\"image\/png\" \/>\n<meta name=\"twitter:card\" content=\"summary_large_image\" \/>\n<script type=\"application\/ld+json\" class=\"yoast-schema-graph\">{\"@context\":\"https:\\\/\\\/schema.org\",\"@graph\":[{\"@type\":\"WebPage\",\"@id\":\"https:\\\/\\\/evolve-fitness.eu\\\/lt\\\/produktas\\\/evolve-dirbtines-odos-perforavimo-maisas-100-cm-180-cm\\\/\",\"url\":\"https:\\\/\\\/evolve-fitness.eu\\\/lt\\\/produktas\\\/evolve-dirbtines-odos-perforavimo-maisas-100-cm-180-cm\\\/\",\"name\":\"\\\"Evolve\\\" dirbtin\u0117s odos perforavimo mai\u0161as 100 CM \\\/ 180 CM - Evolve\",\"isPartOf\":{\"@id\":\"https:\\\/\\\/evolve-fitness.eu\\\/lt\\\/#website\"},\"primaryImageOfPage\":{\"@id\":\"https:\\\/\\\/evolve-fitness.eu\\\/lt\\\/produktas\\\/evolve-dirbtines-odos-perforavimo-maisas-100-cm-180-cm\\\/#primaryimage\"},\"image\":{\"@id\":\"https:\\\/\\\/evolve-fitness.eu\\\/lt\\\/produktas\\\/evolve-dirbtines-odos-perforavimo-maisas-100-cm-180-cm\\\/#primaryimage\"},\"thumbnailUrl\":\"https:\\\/\\\/evolve-fitness.eu\\\/wp-content\\\/uploads\\\/2025\\\/01\\\/evolve-dirbtines-odos-bokso-maisas-180-cm-100-cm.png\",\"datePublished\":\"2025-01-28T13:48:52+00:00\",\"dateModified\":\"2025-02-06T14:11:46+00:00\",\"breadcrumb\":{\"@id\":\"https:\\\/\\\/evolve-fitness.eu\\\/lt\\\/produktas\\\/evolve-dirbtines-odos-perforavimo-maisas-100-cm-180-cm\\\/#breadcrumb\"},\"inLanguage\":\"lt-LT\",\"potentialAction\":[{\"@type\":\"ReadAction\",\"target\":[\"https:\\\/\\\/evolve-fitness.eu\\\/lt\\\/produktas\\\/evolve-dirbtines-odos-perforavimo-maisas-100-cm-180-cm\\\/\"]}]},{\"@type\":\"ImageObject\",\"inLanguage\":\"lt-LT\",\"@id\":\"https:\\\/\\\/evolve-fitness.eu\\\/lt\\\/produktas\\\/evolve-dirbtines-odos-perforavimo-maisas-100-cm-180-cm\\\/#primaryimage\",\"url\":\"https:\\\/\\\/evolve-fitness.eu\\\/wp-content\\\/uploads\\\/2025\\\/01\\\/evolve-dirbtines-odos-bokso-maisas-180-cm-100-cm.png\",\"contentUrl\":\"https:\\\/\\\/evolve-fitness.eu\\\/wp-content\\\/uploads\\\/2025\\\/01\\\/evolve-dirbtines-odos-bokso-maisas-180-cm-100-cm.png\",\"width\":680,\"height\":600},{\"@type\":\"BreadcrumbList\",\"@id\":\"https:\\\/\\\/evolve-fitness.eu\\\/lt\\\/produktas\\\/evolve-dirbtines-odos-perforavimo-maisas-100-cm-180-cm\\\/#breadcrumb\",\"itemListElement\":[{\"@type\":\"ListItem\",\"position\":1,\"name\":\"Home\",\"item\":\"https:\\\/\\\/evolve-fitness.eu\\\/lt\\\/\"},{\"@type\":\"ListItem\",\"position\":2,\"name\":\"Produktai\",\"item\":\"https:\\\/\\\/evolve-fitness.eu\\\/lt\\\/shop\\\/\"},{\"@type\":\"ListItem\",\"position\":3,\"name\":\"&#8222;Evolve&#8221; dirbtin\u0117s odos perforavimo mai\u0161as 100 CM \\\/ 180 CM\"}]},{\"@type\":\"WebSite\",\"@id\":\"https:\\\/\\\/evolve-fitness.eu\\\/lt\\\/#website\",\"url\":\"https:\\\/\\\/evolve-fitness.eu\\\/lt\\\/\",\"name\":\"Evolve\",\"description\":\"Your Evolved Gear Arrived\",\"publisher\":{\"@id\":\"https:\\\/\\\/evolve-fitness.eu\\\/lt\\\/#organization\"},\"potentialAction\":[{\"@type\":\"SearchAction\",\"target\":{\"@type\":\"EntryPoint\",\"urlTemplate\":\"https:\\\/\\\/evolve-fitness.eu\\\/lt\\\/?s={search_term_string}\"},\"query-input\":{\"@type\":\"PropertyValueSpecification\",\"valueRequired\":true,\"valueName\":\"search_term_string\"}}],\"inLanguage\":\"lt-LT\"},{\"@type\":\"Organization\",\"@id\":\"https:\\\/\\\/evolve-fitness.eu\\\/lt\\\/#organization\",\"name\":\"Evolve\",\"url\":\"https:\\\/\\\/evolve-fitness.eu\\\/lt\\\/\",\"logo\":{\"@type\":\"ImageObject\",\"inLanguage\":\"lt-LT\",\"@id\":\"https:\\\/\\\/evolve-fitness.eu\\\/lt\\\/#\\\/schema\\\/logo\\\/image\\\/\",\"url\":\"https:\\\/\\\/evolve-fitness.eu\\\/wp-content\\\/uploads\\\/2023\\\/05\\\/Evolve-logo.svg\",\"contentUrl\":\"https:\\\/\\\/evolve-fitness.eu\\\/wp-content\\\/uploads\\\/2023\\\/05\\\/Evolve-logo.svg\",\"width\":176,\"height\":20,\"caption\":\"Evolve\"},\"image\":{\"@id\":\"https:\\\/\\\/evolve-fitness.eu\\\/lt\\\/#\\\/schema\\\/logo\\\/image\\\/\"},\"sameAs\":[\"https:\\\/\\\/www.facebook.com\\\/EvolveFitnessEurope\"]}]}<\/script>\n<!-- \/ Yoast SEO plugin. -->","yoast_head_json":{"title":"\"Evolve\" dirbtin\u0117s odos perforavimo mai\u0161as 100 CM \/ 180 CM - Evolve","robots":{"index":"index","follow":"follow","max-snippet":"max-snippet:-1","max-image-preview":"max-image-preview:large","max-video-preview":"max-video-preview:-1"},"canonical":"https:\/\/evolve-fitness.eu\/lt\/produktas\/evolve-dirbtines-odos-perforavimo-maisas-100-cm-180-cm\/","og_locale":"lt_LT","og_type":"article","og_title":"\"Evolve\" dirbtin\u0117s odos perforavimo mai\u0161as 100 CM \/ 180 CM - Evolve","og_url":"https:\/\/evolve-fitness.eu\/lt\/produktas\/evolve-dirbtines-odos-perforavimo-maisas-100-cm-180-cm\/","og_site_name":"Evolve","article_publisher":"https:\/\/www.facebook.com\/EvolveFitnessEurope","article_modified_time":"2025-02-06T14:11:46+00:00","og_image":[{"width":680,"height":600,"url":"https:\/\/evolve-fitness.eu\/wp-content\/uploads\/2025\/01\/evolve-dirbtines-odos-bokso-maisas-180-cm-100-cm.png","type":"image\/png"}],"twitter_card":"summary_large_image","schema":{"@context":"https:\/\/schema.org","@graph":[{"@type":"WebPage","@id":"https:\/\/evolve-fitness.eu\/lt\/produktas\/evolve-dirbtines-odos-perforavimo-maisas-100-cm-180-cm\/","url":"https:\/\/evolve-fitness.eu\/lt\/produktas\/evolve-dirbtines-odos-perforavimo-maisas-100-cm-180-cm\/","name":"\"Evolve\" dirbtin\u0117s odos perforavimo mai\u0161as 100 CM \/ 180 CM - Evolve","isPartOf":{"@id":"https:\/\/evolve-fitness.eu\/lt\/#website"},"primaryImageOfPage":{"@id":"https:\/\/evolve-fitness.eu\/lt\/produktas\/evolve-dirbtines-odos-perforavimo-maisas-100-cm-180-cm\/#primaryimage"},"image":{"@id":"https:\/\/evolve-fitness.eu\/lt\/produktas\/evolve-dirbtines-odos-perforavimo-maisas-100-cm-180-cm\/#primaryimage"},"thumbnailUrl":"https:\/\/evolve-fitness.eu\/wp-content\/uploads\/2025\/01\/evolve-dirbtines-odos-bokso-maisas-180-cm-100-cm.png","datePublished":"2025-01-28T13:48:52+00:00","dateModified":"2025-02-06T14:11:46+00:00","breadcrumb":{"@id":"https:\/\/evolve-fitness.eu\/lt\/produktas\/evolve-dirbtines-odos-perforavimo-maisas-100-cm-180-cm\/#breadcrumb"},"inLanguage":"lt-LT","potentialAction":[{"@type":"ReadAction","target":["https:\/\/evolve-fitness.eu\/lt\/produktas\/evolve-dirbtines-odos-perforavimo-maisas-100-cm-180-cm\/"]}]},{"@type":"ImageObject","inLanguage":"lt-LT","@id":"https:\/\/evolve-fitness.eu\/lt\/produktas\/evolve-dirbtines-odos-perforavimo-maisas-100-cm-180-cm\/#primaryimage","url":"https:\/\/evolve-fitness.eu\/wp-content\/uploads\/2025\/01\/evolve-dirbtines-odos-bokso-maisas-180-cm-100-cm.png","contentUrl":"https:\/\/evolve-fitness.eu\/wp-content\/uploads\/2025\/01\/evolve-dirbtines-odos-bokso-maisas-180-cm-100-cm.png","width":680,"height":600},{"@type":"BreadcrumbList","@id":"https:\/\/evolve-fitness.eu\/lt\/produktas\/evolve-dirbtines-odos-perforavimo-maisas-100-cm-180-cm\/#breadcrumb","itemListElement":[{"@type":"ListItem","position":1,"name":"Home","item":"https:\/\/evolve-fitness.eu\/lt\/"},{"@type":"ListItem","position":2,"name":"Produktai","item":"https:\/\/evolve-fitness.eu\/lt\/shop\/"},{"@type":"ListItem","position":3,"name":"&#8222;Evolve&#8221; dirbtin\u0117s odos perforavimo mai\u0161as 100 CM \/ 180 CM"}]},{"@type":"WebSite","@id":"https:\/\/evolve-fitness.eu\/lt\/#website","url":"https:\/\/evolve-fitness.eu\/lt\/","name":"Evolve","description":"Your Evolved Gear Arrived","publisher":{"@id":"https:\/\/evolve-fitness.eu\/lt\/#organization"},"potentialAction":[{"@type":"SearchAction","target":{"@type":"EntryPoint","urlTemplate":"https:\/\/evolve-fitness.eu\/lt\/?s={search_term_string}"},"query-input":{"@type":"PropertyValueSpecification","valueRequired":true,"valueName":"search_term_string"}}],"inLanguage":"lt-LT"},{"@type":"Organization","@id":"https:\/\/evolve-fitness.eu\/lt\/#organization","name":"Evolve","url":"https:\/\/evolve-fitness.eu\/lt\/","logo":{"@type":"ImageObject","inLanguage":"lt-LT","@id":"https:\/\/evolve-fitness.eu\/lt\/#\/schema\/logo\/image\/","url":"https:\/\/evolve-fitness.eu\/wp-content\/uploads\/2023\/05\/Evolve-logo.svg","contentUrl":"https:\/\/evolve-fitness.eu\/wp-content\/uploads\/2023\/05\/Evolve-logo.svg","width":176,"height":20,"caption":"Evolve"},"image":{"@id":"https:\/\/evolve-fitness.eu\/lt\/#\/schema\/logo\/image\/"},"sameAs":["https:\/\/www.facebook.com\/EvolveFitnessEurope"]}]}},"_links":{"self":[{"href":"https:\/\/evolve-fitness.eu\/lt\/wp-json\/wp\/v2\/product\/176307","targetHints":{"allow":["GET"]}}],"collection":[{"href":"https:\/\/evolve-fitness.eu\/lt\/wp-json\/wp\/v2\/product"}],"about":[{"href":"https:\/\/evolve-fitness.eu\/lt\/wp-json\/wp\/v2\/types\/product"}],"wp:featuredmedia":[{"embeddable":true,"href":"https:\/\/evolve-fitness.eu\/lt\/wp-json\/wp\/v2\/media\/176067"}],"wp:attachment":[{"href":"https:\/\/evolve-fitness.eu\/lt\/wp-json\/wp\/v2\/media?parent=176307"}],"wp:term":[{"taxonomy":"product_brand","embeddable":true,"href":"https:\/\/evolve-fitness.eu\/lt\/wp-json\/wp\/v2\/product_brand?post=176307"},{"taxonomy":"product_cat","embeddable":true,"href":"https:\/\/evolve-fitness.eu\/lt\/wp-json\/wp\/v2\/product_cat?post=176307"},{"taxonomy":"product_tag","embeddable":true,"href":"https:\/\/evolve-fitness.eu\/lt\/wp-json\/wp\/v2\/product_tag?post=176307"}],"curies":[{"name":"wp","href":"https:\/\/api.w.org\/{rel}","templated":true}]}}