{"id":208778,"date":"2025-09-24T07:42:33","date_gmt":"2025-09-24T07:42:33","guid":{"rendered":"https:\/\/evolve-fitness.eu\/?post_type=product&#038;p=208778"},"modified":"2026-04-09T15:50:22","modified_gmt":"2026-04-09T12:50:22","slug":"evolve-fiksuotu-svareliu-stovas-10-vnt-copy-copy-copy","status":"publish","type":"product","link":"https:\/\/evolve-fitness.eu\/lt\/produktas\/evolve-fiksuotu-svareliu-stovas-10-vnt-copy-copy-copy\/","title":{"rendered":"&#8222;Evolve&#8221; juostos ir dir\u017eo pakaba (BB-005)"},"content":{"rendered":"\n<section class=\"wp-block-group alignfull black-content has-white-color has-darkgray-background-color has-text-color has-background is-layout-constrained wp-block-group-is-layout-constrained\" style=\"padding-top:var(--wp--preset--spacing--section-bottom);padding-bottom:var(--wp--preset--spacing--section-bottom)\">\n<div class=\"wp-block-columns alignwide mobile-reverse is-layout-flex wp-container-core-columns-is-layout-ca64bf2d wp-block-columns-is-layout-flex\" style=\"margin-bottom:var(--wp--preset--spacing--side-padding)\">\n<div class=\"wp-block-column is-vertically-aligned-center is-layout-flow wp-block-column-is-layout-flow\">\n<h3 class=\"wp-block-heading\" style=\"margin-bottom:var(--wp--preset--spacing--h-3-bottom)\"><strong><strong><strong><strong><strong><strong><strong><strong><strong>KOMPAKTI\u0160KAS IR PRAKTI\u0160KAS SAUGOJIMO SPRENDIMAS<\/strong><\/strong><\/strong><\/strong><\/strong><\/strong><\/strong><\/strong><\/strong><\/h3>\n\n\n\n<p>&#8222;Evolve&#8221; juost\u0173 ir dir\u017e\u0173 pakaba sukurta taip, kad b\u016bt\u0173 paprasta ir efektyvu tvarkyti pasiprie\u0161inimo juostas, k\u0117limo dir\u017eus ir kitus treniruokli\u0173 sal\u0117s reikmenis. D\u0117l prie sienos tvirtinamos konstrukcijos ir keli\u0173 kampini\u0173 kabliuk\u0173 \u012franga nelaikoma ant grind\u0173, tod\u0117l treniruo\u010di\u0173 erdv\u0117 tampa \u0161varesn\u0117 ir lengviau pasiekiama. <\/p>\n<\/div>\n\n\n\n<div class=\"wp-block-column is-vertically-aligned-center is-layout-flow wp-block-column-is-layout-flow\">\n<figure class=\"wp-block-image size-full is-resized\"><img loading=\"lazy\" decoding=\"async\" width=\"600\" height=\"450\" src=\"https:\/\/evolve-fitness.eu\/wp-content\/uploads\/2025\/09\/Dizainas-be-pavadinimo-6-1.png\" alt=\"\" class=\"wp-image-208815\" style=\"width:660px;height:auto\" srcset=\"https:\/\/evolve-fitness.eu\/wp-content\/uploads\/2025\/09\/Dizainas-be-pavadinimo-6-1.png 600w, https:\/\/evolve-fitness.eu\/wp-content\/uploads\/2025\/09\/Dizainas-be-pavadinimo-6-1-300x225.png 300w, https:\/\/evolve-fitness.eu\/wp-content\/uploads\/2025\/09\/Dizainas-be-pavadinimo-6-1-150x113.png 150w, https:\/\/evolve-fitness.eu\/wp-content\/uploads\/2025\/09\/Dizainas-be-pavadinimo-6-1-200x150.png 200w\" sizes=\"auto, (max-width: 600px) 100vw, 600px\" \/><\/figure>\n<\/div>\n<\/div>\n\n\n\n<div class=\"wp-block-columns alignwide is-layout-flex wp-container-core-columns-is-layout-c45ee707 wp-block-columns-is-layout-flex\" style=\"margin-bottom:var(--wp--preset--spacing--side-padding);padding-top:var(--wp--preset--spacing--side-padding)\">\n<div class=\"wp-block-column is-vertically-aligned-center is-layout-flow wp-block-column-is-layout-flow\">\n<figure class=\"wp-block-image size-full\"><img loading=\"lazy\" decoding=\"async\" width=\"600\" height=\"450\" src=\"https:\/\/evolve-fitness.eu\/wp-content\/uploads\/2025\/09\/Dizainas-be-pavadinimo-6-2.png\" alt=\"\" class=\"wp-image-208840\" srcset=\"https:\/\/evolve-fitness.eu\/wp-content\/uploads\/2025\/09\/Dizainas-be-pavadinimo-6-2.png 600w, https:\/\/evolve-fitness.eu\/wp-content\/uploads\/2025\/09\/Dizainas-be-pavadinimo-6-2-300x225.png 300w, https:\/\/evolve-fitness.eu\/wp-content\/uploads\/2025\/09\/Dizainas-be-pavadinimo-6-2-150x113.png 150w, https:\/\/evolve-fitness.eu\/wp-content\/uploads\/2025\/09\/Dizainas-be-pavadinimo-6-2-200x150.png 200w\" sizes=\"auto, (max-width: 600px) 100vw, 600px\" \/><\/figure>\n<\/div>\n\n\n\n<div class=\"wp-block-column is-vertically-aligned-center is-layout-constrained wp-block-column-is-layout-constrained\">\n<h3 class=\"wp-block-heading\" style=\"margin-bottom:var(--wp--preset--spacing--h-3-bottom)\"><strong><strong><strong><strong><strong><strong><strong><strong><strong>PATVARUS PLIENAS IR FUNKCIONALUS DIZAINAS<\/strong><\/strong><\/strong><\/strong><\/strong><\/strong><\/strong><\/strong><\/strong><\/h3>\n\n\n\n<p>Pagaminta i\u0161 didelio atsparumo plieno ir padengta apsaugine juoda milteline danga, pakaba atspari nuolatiniam naudojimui, ta\u010diau i\u0161laiko eleganti\u0161k\u0105 i\u0161vaizd\u0105. Kampu pasvir\u0119 kabliukai patikimai laiko \u012fvairius priedus, o i\u0161 anksto i\u0161gr\u0119\u017etos skyl\u0117s leid\u017eia greitai ir saugiai sumontuoti kabykl\u0105 sienoje. Suderinus tvirtum\u0105 ir prakti\u0161kum\u0105, tai idealus sprendimas profesionaliam sporto sal\u0117s organizavimui.  <br\/><\/p>\n<\/div>\n<\/div>\n\n\n\n<p class=\"has-text-align-center has-medium-2-font-size\" style=\"padding-top:var(--wp--preset--spacing--tb-padding);padding-bottom:var(--wp--preset--spacing--tb-padding)\"><\/p>\n<\/section>\n","protected":false},"excerpt":{"rendered":"<p>&#8222;Evolve Band and Belt Hanger&#8221;, EV- ST-BB-005, yra prakti\u0161kas ir viet\u0105 taupantis b\u016bdas laikyti svarbiausius treniruo\u010di\u0173 reikmenis bet kurioje sporto sal\u0117je ar fitneso studijoje. Pagamintas i\u0161 auk\u0161tos kokyb\u0117s plieno, padengto milteliniu b\u016bdu, jis u\u017etikrina ilgaam\u017ei\u0161kum\u0105 ir ilgalaik\u012f atsparum\u0105 nusid\u0117v\u0117jimui. \u0160ioje pakaboje yra daug kabliuk\u0173, tod\u0117l joje galima pakabinti pasiprie\u0161inimo juostas, k\u0117limo dir\u017eus ir kitus treniruo\u010di\u0173 reikmenis, kad jie b\u016bt\u0173 tvarkingi ir lengvai pasiekiami. Eleganti\u0161kas dizainas su &#8222;Evolve&#8221; logotipu suteikia profesionali\u0105 i\u0161vaizd\u0105, kartu prisideda prie tvarkingos ir efektyvios treniruo\u010di\u0173 aplinkos.  <\/p>\n","protected":false},"featured_media":208804,"template":"","meta":{"_acf_changed":false,"inline_featured_image":false},"product_brand":[],"product_cat":[499,828],"product_tag":[],"class_list":{"0":"post-208778","1":"product","2":"type-product","3":"status-publish","4":"has-post-thumbnail","6":"product_cat-laisvieji-svarmenys","7":"product_cat-stelazai-ir-saugojimo-sprendimai","9":"first","10":"instock","11":"shipping-taxable","12":"purchasable","13":"product-type-simple"},"acf":{"long_title":"\"Evolve\" juostos ir dir\u017eo pakaba (BB-005)","subtitle":"","specifications":[{"label":"SKU","text_value":"EV-ST-BB-005","icon":"x"},{"label":"Matmenys","text_value":"600 x 160 x 90 mm","icon":"x"},{"label":"Svoris","text_value":"2,40 kg","icon":"x"},{"label":"Garantija","text_value":"2 metai","icon":"x"}],"product_frequently_asked_questions":null},"yoast_head":"<!-- This site is optimized with the Yoast SEO plugin v27.4 - https:\/\/yoast.com\/product\/yoast-seo-wordpress\/ -->\n<title>&quot;Evolve&quot; juostos ir dir\u017eo pakaba (BB-005) - Evolve<\/title>\n<meta name=\"description\" content=\"&quot;Evolve Band and Belt Hanger&quot;, EV- ST-BB-005, yra prakti\u0161kas ir viet\u0105 taupantis b\u016bdas laikyti svarbiausius treniruo\u010di\u0173 reikmenis bet kurioje sporto sal\u0117je ar fitneso studijoje.\" \/>\n<meta name=\"robots\" content=\"index, follow, max-snippet:-1, max-image-preview:large, max-video-preview:-1\" \/>\n<link rel=\"canonical\" href=\"https:\/\/evolve-fitness.eu\/lt\/produktas\/evolve-fiksuotu-svareliu-stovas-10-vnt-copy-copy-copy\/\" \/>\n<meta property=\"og:locale\" content=\"lt_LT\" \/>\n<meta property=\"og:type\" content=\"article\" \/>\n<meta property=\"og:title\" content=\"&quot;Evolve&quot; juostos ir dir\u017eo pakaba (BB-005) - Evolve\" \/>\n<meta property=\"og:description\" content=\"&quot;Evolve Band and Belt Hanger&quot;, EV- ST-BB-005, yra prakti\u0161kas ir viet\u0105 taupantis b\u016bdas laikyti svarbiausius treniruo\u010di\u0173 reikmenis bet kurioje sporto sal\u0117je ar fitneso studijoje.\" \/>\n<meta property=\"og:url\" content=\"https:\/\/evolve-fitness.eu\/lt\/produktas\/evolve-fiksuotu-svareliu-stovas-10-vnt-copy-copy-copy\/\" \/>\n<meta property=\"og:site_name\" content=\"Evolve\" \/>\n<meta property=\"article:publisher\" content=\"https:\/\/www.facebook.com\/EvolveFitnessEurope\" \/>\n<meta property=\"article:modified_time\" content=\"2026-04-09T12:50:22+00:00\" \/>\n<meta property=\"og:image\" content=\"https:\/\/evolve-fitness.eu\/wp-content\/uploads\/2025\/09\/Dizainas-be-pavadinimo-6.png\" \/>\n\t<meta property=\"og:image:width\" content=\"600\" \/>\n\t<meta property=\"og:image:height\" content=\"450\" \/>\n\t<meta property=\"og:image:type\" content=\"image\/png\" \/>\n<meta name=\"twitter:card\" content=\"summary_large_image\" \/>\n<script type=\"application\/ld+json\" class=\"yoast-schema-graph\">{\"@context\":\"https:\\\/\\\/schema.org\",\"@graph\":[{\"@type\":\"WebPage\",\"@id\":\"https:\\\/\\\/evolve-fitness.eu\\\/lt\\\/produktas\\\/evolve-fiksuotu-svareliu-stovas-10-vnt-copy-copy-copy\\\/\",\"url\":\"https:\\\/\\\/evolve-fitness.eu\\\/lt\\\/produktas\\\/evolve-fiksuotu-svareliu-stovas-10-vnt-copy-copy-copy\\\/\",\"name\":\"\\\"Evolve\\\" juostos ir dir\u017eo pakaba (BB-005) - Evolve\",\"isPartOf\":{\"@id\":\"https:\\\/\\\/evolve-fitness.eu\\\/lt\\\/#website\"},\"primaryImageOfPage\":{\"@id\":\"https:\\\/\\\/evolve-fitness.eu\\\/lt\\\/produktas\\\/evolve-fiksuotu-svareliu-stovas-10-vnt-copy-copy-copy\\\/#primaryimage\"},\"image\":{\"@id\":\"https:\\\/\\\/evolve-fitness.eu\\\/lt\\\/produktas\\\/evolve-fiksuotu-svareliu-stovas-10-vnt-copy-copy-copy\\\/#primaryimage\"},\"thumbnailUrl\":\"https:\\\/\\\/evolve-fitness.eu\\\/wp-content\\\/uploads\\\/2025\\\/09\\\/Dizainas-be-pavadinimo-6.png\",\"datePublished\":\"2025-09-24T07:42:33+00:00\",\"dateModified\":\"2026-04-09T12:50:22+00:00\",\"description\":\"\\\"Evolve Band and Belt Hanger\\\", EV- ST-BB-005, yra prakti\u0161kas ir viet\u0105 taupantis b\u016bdas laikyti svarbiausius treniruo\u010di\u0173 reikmenis bet kurioje sporto sal\u0117je ar fitneso studijoje.\",\"breadcrumb\":{\"@id\":\"https:\\\/\\\/evolve-fitness.eu\\\/lt\\\/produktas\\\/evolve-fiksuotu-svareliu-stovas-10-vnt-copy-copy-copy\\\/#breadcrumb\"},\"inLanguage\":\"lt-LT\",\"potentialAction\":[{\"@type\":\"ReadAction\",\"target\":[\"https:\\\/\\\/evolve-fitness.eu\\\/lt\\\/produktas\\\/evolve-fiksuotu-svareliu-stovas-10-vnt-copy-copy-copy\\\/\"]}]},{\"@type\":\"ImageObject\",\"inLanguage\":\"lt-LT\",\"@id\":\"https:\\\/\\\/evolve-fitness.eu\\\/lt\\\/produktas\\\/evolve-fiksuotu-svareliu-stovas-10-vnt-copy-copy-copy\\\/#primaryimage\",\"url\":\"https:\\\/\\\/evolve-fitness.eu\\\/wp-content\\\/uploads\\\/2025\\\/09\\\/Dizainas-be-pavadinimo-6.png\",\"contentUrl\":\"https:\\\/\\\/evolve-fitness.eu\\\/wp-content\\\/uploads\\\/2025\\\/09\\\/Dizainas-be-pavadinimo-6.png\",\"width\":600,\"height\":450},{\"@type\":\"BreadcrumbList\",\"@id\":\"https:\\\/\\\/evolve-fitness.eu\\\/lt\\\/produktas\\\/evolve-fiksuotu-svareliu-stovas-10-vnt-copy-copy-copy\\\/#breadcrumb\",\"itemListElement\":[{\"@type\":\"ListItem\",\"position\":1,\"name\":\"Home\",\"item\":\"https:\\\/\\\/evolve-fitness.eu\\\/lt\\\/\"},{\"@type\":\"ListItem\",\"position\":2,\"name\":\"Produktai\",\"item\":\"https:\\\/\\\/evolve-fitness.eu\\\/lt\\\/shop\\\/\"},{\"@type\":\"ListItem\",\"position\":3,\"name\":\"&#8220;Evolve&#8221; juostos ir dir\u017eo pakaba (BB-005)\"}]},{\"@type\":\"WebSite\",\"@id\":\"https:\\\/\\\/evolve-fitness.eu\\\/lt\\\/#website\",\"url\":\"https:\\\/\\\/evolve-fitness.eu\\\/lt\\\/\",\"name\":\"Evolve\",\"description\":\"Your Evolved Gear Arrived\",\"publisher\":{\"@id\":\"https:\\\/\\\/evolve-fitness.eu\\\/lt\\\/#organization\"},\"potentialAction\":[{\"@type\":\"SearchAction\",\"target\":{\"@type\":\"EntryPoint\",\"urlTemplate\":\"https:\\\/\\\/evolve-fitness.eu\\\/lt\\\/?s={search_term_string}\"},\"query-input\":{\"@type\":\"PropertyValueSpecification\",\"valueRequired\":true,\"valueName\":\"search_term_string\"}}],\"inLanguage\":\"lt-LT\"},{\"@type\":\"Organization\",\"@id\":\"https:\\\/\\\/evolve-fitness.eu\\\/lt\\\/#organization\",\"name\":\"Evolve\",\"url\":\"https:\\\/\\\/evolve-fitness.eu\\\/lt\\\/\",\"logo\":{\"@type\":\"ImageObject\",\"inLanguage\":\"lt-LT\",\"@id\":\"https:\\\/\\\/evolve-fitness.eu\\\/lt\\\/#\\\/schema\\\/logo\\\/image\\\/\",\"url\":\"https:\\\/\\\/evolve-fitness.eu\\\/wp-content\\\/uploads\\\/2023\\\/05\\\/Evolve-logo.svg\",\"contentUrl\":\"https:\\\/\\\/evolve-fitness.eu\\\/wp-content\\\/uploads\\\/2023\\\/05\\\/Evolve-logo.svg\",\"width\":176,\"height\":20,\"caption\":\"Evolve\"},\"image\":{\"@id\":\"https:\\\/\\\/evolve-fitness.eu\\\/lt\\\/#\\\/schema\\\/logo\\\/image\\\/\"},\"sameAs\":[\"https:\\\/\\\/www.facebook.com\\\/EvolveFitnessEurope\"]}]}<\/script>\n<!-- \/ Yoast SEO plugin. -->","yoast_head_json":{"title":"\"Evolve\" juostos ir dir\u017eo pakaba (BB-005) - Evolve","description":"\"Evolve Band and Belt Hanger\", EV- ST-BB-005, yra prakti\u0161kas ir viet\u0105 taupantis b\u016bdas laikyti svarbiausius treniruo\u010di\u0173 reikmenis bet kurioje sporto sal\u0117je ar fitneso studijoje.","robots":{"index":"index","follow":"follow","max-snippet":"max-snippet:-1","max-image-preview":"max-image-preview:large","max-video-preview":"max-video-preview:-1"},"canonical":"https:\/\/evolve-fitness.eu\/lt\/produktas\/evolve-fiksuotu-svareliu-stovas-10-vnt-copy-copy-copy\/","og_locale":"lt_LT","og_type":"article","og_title":"\"Evolve\" juostos ir dir\u017eo pakaba (BB-005) - Evolve","og_description":"\"Evolve Band and Belt Hanger\", EV- ST-BB-005, yra prakti\u0161kas ir viet\u0105 taupantis b\u016bdas laikyti svarbiausius treniruo\u010di\u0173 reikmenis bet kurioje sporto sal\u0117je ar fitneso studijoje.","og_url":"https:\/\/evolve-fitness.eu\/lt\/produktas\/evolve-fiksuotu-svareliu-stovas-10-vnt-copy-copy-copy\/","og_site_name":"Evolve","article_publisher":"https:\/\/www.facebook.com\/EvolveFitnessEurope","article_modified_time":"2026-04-09T12:50:22+00:00","og_image":[{"width":600,"height":450,"url":"https:\/\/evolve-fitness.eu\/wp-content\/uploads\/2025\/09\/Dizainas-be-pavadinimo-6.png","type":"image\/png"}],"twitter_card":"summary_large_image","schema":{"@context":"https:\/\/schema.org","@graph":[{"@type":"WebPage","@id":"https:\/\/evolve-fitness.eu\/lt\/produktas\/evolve-fiksuotu-svareliu-stovas-10-vnt-copy-copy-copy\/","url":"https:\/\/evolve-fitness.eu\/lt\/produktas\/evolve-fiksuotu-svareliu-stovas-10-vnt-copy-copy-copy\/","name":"\"Evolve\" juostos ir dir\u017eo pakaba (BB-005) - Evolve","isPartOf":{"@id":"https:\/\/evolve-fitness.eu\/lt\/#website"},"primaryImageOfPage":{"@id":"https:\/\/evolve-fitness.eu\/lt\/produktas\/evolve-fiksuotu-svareliu-stovas-10-vnt-copy-copy-copy\/#primaryimage"},"image":{"@id":"https:\/\/evolve-fitness.eu\/lt\/produktas\/evolve-fiksuotu-svareliu-stovas-10-vnt-copy-copy-copy\/#primaryimage"},"thumbnailUrl":"https:\/\/evolve-fitness.eu\/wp-content\/uploads\/2025\/09\/Dizainas-be-pavadinimo-6.png","datePublished":"2025-09-24T07:42:33+00:00","dateModified":"2026-04-09T12:50:22+00:00","description":"\"Evolve Band and Belt Hanger\", EV- ST-BB-005, yra prakti\u0161kas ir viet\u0105 taupantis b\u016bdas laikyti svarbiausius treniruo\u010di\u0173 reikmenis bet kurioje sporto sal\u0117je ar fitneso studijoje.","breadcrumb":{"@id":"https:\/\/evolve-fitness.eu\/lt\/produktas\/evolve-fiksuotu-svareliu-stovas-10-vnt-copy-copy-copy\/#breadcrumb"},"inLanguage":"lt-LT","potentialAction":[{"@type":"ReadAction","target":["https:\/\/evolve-fitness.eu\/lt\/produktas\/evolve-fiksuotu-svareliu-stovas-10-vnt-copy-copy-copy\/"]}]},{"@type":"ImageObject","inLanguage":"lt-LT","@id":"https:\/\/evolve-fitness.eu\/lt\/produktas\/evolve-fiksuotu-svareliu-stovas-10-vnt-copy-copy-copy\/#primaryimage","url":"https:\/\/evolve-fitness.eu\/wp-content\/uploads\/2025\/09\/Dizainas-be-pavadinimo-6.png","contentUrl":"https:\/\/evolve-fitness.eu\/wp-content\/uploads\/2025\/09\/Dizainas-be-pavadinimo-6.png","width":600,"height":450},{"@type":"BreadcrumbList","@id":"https:\/\/evolve-fitness.eu\/lt\/produktas\/evolve-fiksuotu-svareliu-stovas-10-vnt-copy-copy-copy\/#breadcrumb","itemListElement":[{"@type":"ListItem","position":1,"name":"Home","item":"https:\/\/evolve-fitness.eu\/lt\/"},{"@type":"ListItem","position":2,"name":"Produktai","item":"https:\/\/evolve-fitness.eu\/lt\/shop\/"},{"@type":"ListItem","position":3,"name":"&#8220;Evolve&#8221; juostos ir dir\u017eo pakaba (BB-005)"}]},{"@type":"WebSite","@id":"https:\/\/evolve-fitness.eu\/lt\/#website","url":"https:\/\/evolve-fitness.eu\/lt\/","name":"Evolve","description":"Your Evolved Gear Arrived","publisher":{"@id":"https:\/\/evolve-fitness.eu\/lt\/#organization"},"potentialAction":[{"@type":"SearchAction","target":{"@type":"EntryPoint","urlTemplate":"https:\/\/evolve-fitness.eu\/lt\/?s={search_term_string}"},"query-input":{"@type":"PropertyValueSpecification","valueRequired":true,"valueName":"search_term_string"}}],"inLanguage":"lt-LT"},{"@type":"Organization","@id":"https:\/\/evolve-fitness.eu\/lt\/#organization","name":"Evolve","url":"https:\/\/evolve-fitness.eu\/lt\/","logo":{"@type":"ImageObject","inLanguage":"lt-LT","@id":"https:\/\/evolve-fitness.eu\/lt\/#\/schema\/logo\/image\/","url":"https:\/\/evolve-fitness.eu\/wp-content\/uploads\/2023\/05\/Evolve-logo.svg","contentUrl":"https:\/\/evolve-fitness.eu\/wp-content\/uploads\/2023\/05\/Evolve-logo.svg","width":176,"height":20,"caption":"Evolve"},"image":{"@id":"https:\/\/evolve-fitness.eu\/lt\/#\/schema\/logo\/image\/"},"sameAs":["https:\/\/www.facebook.com\/EvolveFitnessEurope"]}]}},"_links":{"self":[{"href":"https:\/\/evolve-fitness.eu\/lt\/wp-json\/wp\/v2\/product\/208778","targetHints":{"allow":["GET"]}}],"collection":[{"href":"https:\/\/evolve-fitness.eu\/lt\/wp-json\/wp\/v2\/product"}],"about":[{"href":"https:\/\/evolve-fitness.eu\/lt\/wp-json\/wp\/v2\/types\/product"}],"wp:featuredmedia":[{"embeddable":true,"href":"https:\/\/evolve-fitness.eu\/lt\/wp-json\/wp\/v2\/media\/208804"}],"wp:attachment":[{"href":"https:\/\/evolve-fitness.eu\/lt\/wp-json\/wp\/v2\/media?parent=208778"}],"wp:term":[{"taxonomy":"product_brand","embeddable":true,"href":"https:\/\/evolve-fitness.eu\/lt\/wp-json\/wp\/v2\/product_brand?post=208778"},{"taxonomy":"product_cat","embeddable":true,"href":"https:\/\/evolve-fitness.eu\/lt\/wp-json\/wp\/v2\/product_cat?post=208778"},{"taxonomy":"product_tag","embeddable":true,"href":"https:\/\/evolve-fitness.eu\/lt\/wp-json\/wp\/v2\/product_tag?post=208778"}],"curies":[{"name":"wp","href":"https:\/\/api.w.org\/{rel}","templated":true}]}}