{"id":227810,"date":"2025-03-26T07:04:29","date_gmt":"2025-03-26T07:04:29","guid":{"rendered":"https:\/\/evolve-fitness.eu\/product\/evolve-mini-band-set-3-in-1\/"},"modified":"2026-04-07T17:31:46","modified_gmt":"2026-04-07T14:31:46","slug":"evolve-mini-band-set-3-in-1","status":"publish","type":"product","link":"https:\/\/evolve-fitness.eu\/lt\/produktas\/evolve-mini-band-set-3-in-1\/","title":{"rendered":"&#8222;Evolve Mini Band Set 3 in 1&#8221; (FB-300)"},"content":{"rendered":"\n<section class=\"wp-block-group alignfull has-lightgray-background-color has-background is-layout-constrained wp-block-group-is-layout-constrained\">\n<div class=\"wp-block-columns alignwide is-layout-flex wp-container-core-columns-is-layout-2edb0647 wp-block-columns-is-layout-flex\" style=\"margin-top:0;margin-bottom:0\">\n<div class=\"wp-block-column is-layout-flow wp-block-column-is-layout-flow\" style=\"flex-basis:33.33%\"><\/div>\n\n\n\n<div class=\"wp-block-column is-layout-flow wp-block-column-is-layout-flow\" style=\"flex-basis:66.66%\"><\/div>\n<\/div>\n<\/section>\n\n<section class=\"wp-block-group alignfull black-content has-white-color has-darkgray-background-color has-text-color has-background is-layout-constrained wp-block-group-is-layout-constrained\" style=\"padding-top:var(--wp--preset--spacing--section-bottom);padding-bottom:var(--wp--preset--spacing--section-bottom)\">\n<section class=\"wp-block-group alignfull black-content has-white-color has-darkgray-background-color has-text-color has-background is-layout-constrained wp-block-group-is-layout-constrained\" style=\"margin-bottom:0;padding-top:var(--wp--preset--spacing--tb-padding);padding-bottom:var(--wp--preset--spacing--tb-padding)\">\n<div class=\"wp-block-columns alignwide mobile-reverse is-layout-flex wp-container-core-columns-is-layout-7a02faa9 wp-block-columns-is-layout-flex\" style=\"margin-bottom:var(--wp--preset--spacing--tb-section-padding)\">\n<div class=\"wp-block-column is-vertically-aligned-center is-layout-flow wp-block-column-is-layout-flow\">\n<h3 class=\"wp-block-heading\" style=\"margin-bottom:var(--wp--preset--spacing--h-3-bottom)\"><strong><strong><strong><strong><strong><strong><strong><strong>&#8222;Evolve Mini Band 3-in-1&#8221; rinkinys<\/strong><\/strong><\/strong><\/strong><\/strong><\/strong><\/strong><\/strong><\/h3>\n\n\n\n<p><strong><em><strong><strong><strong><strong><strong><strong><strong><strong><strong><strong><strong><strong><strong>Universali pasiprie\u0161inimo treniruot\u0117 bet kur<\/strong><\/strong><\/strong><\/strong><\/strong><\/strong><\/strong><\/strong><\/strong><\/strong><\/strong><\/strong><\/strong><\/em><\/strong><\/p>\n\n\n\n<p><strong>&#8222;Evolve Mini Band 3-in-1&#8221; rinkinys<\/strong> yra universalus pasiprie\u0161inimo juost\u0173 rinkinys, skirtas j\u0117gos treniruot\u0117ms, judrumui ir viso k\u016bno treniruot\u0117ms. D\u0117l trij\u0173 skirting\u0173 pasiprie\u0161inimo lygi\u0173 jis tinka ir pradedantiesiems, ir pa\u017eengusiems naudotojams, padeda gerinti raumen\u0173 j\u0117g\u0105, lankstum\u0105 ir bendr\u0105 fizin\u0119 b\u016bkl\u0119. <\/p>\n\n\n\n<p>Kompakti\u0161kas, lengvas ir lengvai ne\u0161iojamas mini juost\u0173 rinkinys puikiai tinka treniruot\u0117ms namuose, sporto sal\u0117je ar keliaujant. Kad treniruotis b\u016bt\u0173 dar lengviau, rinkin\u012f galima naudoti kartu su treniruo\u010di\u0173 patarim\u0173 vaizdo \u012fra\u0161ais, kuriuose pateikiamos pratim\u0173 id\u0117jos ir tinkama technika. <\/p>\n\n\n\n<p>&#8222;Evolve Mini Band 3-in-1&#8221; komplektas, sukurtas patogumui ir efektyviems rezultatams pasiekti, yra prakti\u0161kas pasirinkimas visiems, ie\u0161kantiems paprasto ir efektyvaus treniruoklio.<\/p>\n<\/div>\n\n\n\n<div class=\"wp-block-column is-vertically-aligned-center is-layout-flow wp-block-column-is-layout-flow\">\n<figure class=\"wp-block-video\"><video height=\"1280\" style=\"aspect-ratio: 720 \/ 1280;\" width=\"720\" controls=\"\" src=\"https:\/\/evolve-fitness.eu\/wp-content\/uploads\/2025\/03\/Evolve-Mini-Band-Set-3-in-1.mp4\"><\/video><\/figure>\n<\/div>\n<\/div>\n<\/section>\n<\/section>\n","protected":false},"excerpt":{"rendered":"<p>&#8222;Evolve Mini Band 3-in-1&#8221; rinkinys yra prakti\u0161ka ir universali treniruo\u010di\u0173 priemon\u0117, kuri\u0105 sudaro trys skirtingos pasiprie\u0161inimo juostos. Kiekviena juosta pasi\u017eymi skirtingu pasiprie\u0161inimo lygiu, tod\u0117l puikiai tinka ir pradedantiesiems, ir pa\u017eengusiems naudotojams. Rinkinys padeda stiprinti raumenis, gerinti lankstum\u0105 ir atlikti \u012fvairius fitneso pratimus. Kompakti\u0161kas ir lengvas, tod\u0117l idealiai tinka naudoti namuose ar keliaujant.<\/p>\n","protected":false},"featured_media":189081,"template":"","meta":{"_acf_changed":false,"inline_featured_image":false},"product_brand":[],"product_cat":[13031,761,760,756],"product_tag":[],"class_list":{"0":"post-227810","1":"product","2":"type-product","3":"status-publish","4":"has-post-thumbnail","6":"product_cat-hyrox-gear","7":"product_cat-funkcine-iranga","8":"product_cat-kryzminis-ir-funkcinis","9":"product_cat-studija","11":"first","12":"instock","13":"virtual","14":"purchasable","15":"product-type-simple"},"acf":{"long_title":"\"Evolve Mini Band Set 3 in 1\" (FB-300)","subtitle":"","specifications":[{"label":"SKU","text_value":"EV-BD-FB-300","icon":"x"},{"label":"Tinka kasdieniam naudojimui","text_value":"","icon":"v"},{"label":"Rinkin\u012f sudaro 3 atsparumo lygi\u0173 mini juostos ir laikymo krep\u0161ys","text_value":"","icon":"v"}],"product_frequently_asked_questions":null},"yoast_head":"<!-- This site is optimized with the Yoast SEO plugin v27.4 - https:\/\/yoast.com\/product\/yoast-seo-wordpress\/ -->\n<title>&quot;Evolve Mini Band Set 3 in 1&quot; (FB-300) - Evolve<\/title>\n<meta name=\"description\" content=\"&quot;Evolve Mini Band 3-in-1&quot; rinkinys yra prakti\u0161ka ir universali treniruo\u010di\u0173 priemon\u0117, kuri\u0105 sudaro trys skirtingos pasiprie\u0161inimo juostos.\" \/>\n<meta name=\"robots\" content=\"index, follow, max-snippet:-1, max-image-preview:large, max-video-preview:-1\" \/>\n<link rel=\"canonical\" href=\"https:\/\/evolve-fitness.eu\/lt\/produktas\/evolve-mini-band-set-3-in-1\/\" \/>\n<meta property=\"og:locale\" content=\"lt_LT\" \/>\n<meta property=\"og:type\" content=\"article\" \/>\n<meta property=\"og:title\" content=\"&quot;Evolve Mini Band Set 3 in 1&quot; (FB-300) - Evolve\" \/>\n<meta property=\"og:description\" content=\"&quot;Evolve Mini Band 3-in-1&quot; rinkinys yra prakti\u0161ka ir universali treniruo\u010di\u0173 priemon\u0117, kuri\u0105 sudaro trys skirtingos pasiprie\u0161inimo juostos.\" \/>\n<meta property=\"og:url\" content=\"https:\/\/evolve-fitness.eu\/lt\/produktas\/evolve-mini-band-set-3-in-1\/\" \/>\n<meta property=\"og:site_name\" content=\"Evolve\" \/>\n<meta property=\"article:publisher\" content=\"https:\/\/www.facebook.com\/EvolveFitnessEurope\" \/>\n<meta property=\"article:modified_time\" content=\"2026-04-07T14:31:46+00:00\" \/>\n<meta property=\"og:image\" content=\"https:\/\/evolve-fitness.eu\/wp-content\/uploads\/2025\/03\/EV-BD-FB-300-Evolve-Mini-Band-Set-3-in-1-4.jpg\" \/>\n\t<meta property=\"og:image:width\" content=\"2060\" \/>\n\t<meta property=\"og:image:height\" content=\"1373\" \/>\n\t<meta property=\"og:image:type\" content=\"image\/jpeg\" \/>\n<meta name=\"twitter:card\" content=\"summary_large_image\" \/>\n<script type=\"application\/ld+json\" class=\"yoast-schema-graph\">{\"@context\":\"https:\\\/\\\/schema.org\",\"@graph\":[{\"@type\":\"WebPage\",\"@id\":\"https:\\\/\\\/evolve-fitness.eu\\\/lt\\\/produktas\\\/evolve-mini-band-set-3-in-1\\\/\",\"url\":\"https:\\\/\\\/evolve-fitness.eu\\\/lt\\\/produktas\\\/evolve-mini-band-set-3-in-1\\\/\",\"name\":\"\\\"Evolve Mini Band Set 3 in 1\\\" (FB-300) - Evolve\",\"isPartOf\":{\"@id\":\"https:\\\/\\\/evolve-fitness.eu\\\/lt\\\/#website\"},\"primaryImageOfPage\":{\"@id\":\"https:\\\/\\\/evolve-fitness.eu\\\/lt\\\/produktas\\\/evolve-mini-band-set-3-in-1\\\/#primaryimage\"},\"image\":{\"@id\":\"https:\\\/\\\/evolve-fitness.eu\\\/lt\\\/produktas\\\/evolve-mini-band-set-3-in-1\\\/#primaryimage\"},\"thumbnailUrl\":\"https:\\\/\\\/evolve-fitness.eu\\\/wp-content\\\/uploads\\\/2025\\\/03\\\/EV-BD-FB-300-Evolve-Mini-Band-Set-3-in-1-4.jpg\",\"datePublished\":\"2025-03-26T07:04:29+00:00\",\"dateModified\":\"2026-04-07T14:31:46+00:00\",\"description\":\"\\\"Evolve Mini Band 3-in-1\\\" rinkinys yra prakti\u0161ka ir universali treniruo\u010di\u0173 priemon\u0117, kuri\u0105 sudaro trys skirtingos pasiprie\u0161inimo juostos.\",\"breadcrumb\":{\"@id\":\"https:\\\/\\\/evolve-fitness.eu\\\/lt\\\/produktas\\\/evolve-mini-band-set-3-in-1\\\/#breadcrumb\"},\"inLanguage\":\"lt-LT\",\"potentialAction\":[{\"@type\":\"ReadAction\",\"target\":[\"https:\\\/\\\/evolve-fitness.eu\\\/lt\\\/produktas\\\/evolve-mini-band-set-3-in-1\\\/\"]}]},{\"@type\":\"ImageObject\",\"inLanguage\":\"lt-LT\",\"@id\":\"https:\\\/\\\/evolve-fitness.eu\\\/lt\\\/produktas\\\/evolve-mini-band-set-3-in-1\\\/#primaryimage\",\"url\":\"https:\\\/\\\/evolve-fitness.eu\\\/wp-content\\\/uploads\\\/2025\\\/03\\\/EV-BD-FB-300-Evolve-Mini-Band-Set-3-in-1-4.jpg\",\"contentUrl\":\"https:\\\/\\\/evolve-fitness.eu\\\/wp-content\\\/uploads\\\/2025\\\/03\\\/EV-BD-FB-300-Evolve-Mini-Band-Set-3-in-1-4.jpg\",\"width\":2060,\"height\":1373},{\"@type\":\"BreadcrumbList\",\"@id\":\"https:\\\/\\\/evolve-fitness.eu\\\/lt\\\/produktas\\\/evolve-mini-band-set-3-in-1\\\/#breadcrumb\",\"itemListElement\":[{\"@type\":\"ListItem\",\"position\":1,\"name\":\"Home\",\"item\":\"https:\\\/\\\/evolve-fitness.eu\\\/lt\\\/\"},{\"@type\":\"ListItem\",\"position\":2,\"name\":\"Produktai\",\"item\":\"https:\\\/\\\/evolve-fitness.eu\\\/lt\\\/shop\\\/\"},{\"@type\":\"ListItem\",\"position\":3,\"name\":\"&#8220;Evolve Mini Band Set 3 in 1&#8221; (FB-300)\"}]},{\"@type\":\"WebSite\",\"@id\":\"https:\\\/\\\/evolve-fitness.eu\\\/lt\\\/#website\",\"url\":\"https:\\\/\\\/evolve-fitness.eu\\\/lt\\\/\",\"name\":\"Evolve\",\"description\":\"Your Evolved Gear Arrived\",\"publisher\":{\"@id\":\"https:\\\/\\\/evolve-fitness.eu\\\/lt\\\/#organization\"},\"potentialAction\":[{\"@type\":\"SearchAction\",\"target\":{\"@type\":\"EntryPoint\",\"urlTemplate\":\"https:\\\/\\\/evolve-fitness.eu\\\/lt\\\/?s={search_term_string}\"},\"query-input\":{\"@type\":\"PropertyValueSpecification\",\"valueRequired\":true,\"valueName\":\"search_term_string\"}}],\"inLanguage\":\"lt-LT\"},{\"@type\":\"Organization\",\"@id\":\"https:\\\/\\\/evolve-fitness.eu\\\/lt\\\/#organization\",\"name\":\"Evolve\",\"url\":\"https:\\\/\\\/evolve-fitness.eu\\\/lt\\\/\",\"logo\":{\"@type\":\"ImageObject\",\"inLanguage\":\"lt-LT\",\"@id\":\"https:\\\/\\\/evolve-fitness.eu\\\/lt\\\/#\\\/schema\\\/logo\\\/image\\\/\",\"url\":\"https:\\\/\\\/evolve-fitness.eu\\\/wp-content\\\/uploads\\\/2023\\\/05\\\/Evolve-logo.svg\",\"contentUrl\":\"https:\\\/\\\/evolve-fitness.eu\\\/wp-content\\\/uploads\\\/2023\\\/05\\\/Evolve-logo.svg\",\"width\":176,\"height\":20,\"caption\":\"Evolve\"},\"image\":{\"@id\":\"https:\\\/\\\/evolve-fitness.eu\\\/lt\\\/#\\\/schema\\\/logo\\\/image\\\/\"},\"sameAs\":[\"https:\\\/\\\/www.facebook.com\\\/EvolveFitnessEurope\"]}]}<\/script>\n<!-- \/ Yoast SEO plugin. -->","yoast_head_json":{"title":"\"Evolve Mini Band Set 3 in 1\" (FB-300) - Evolve","description":"\"Evolve Mini Band 3-in-1\" rinkinys yra prakti\u0161ka ir universali treniruo\u010di\u0173 priemon\u0117, kuri\u0105 sudaro trys skirtingos pasiprie\u0161inimo juostos.","robots":{"index":"index","follow":"follow","max-snippet":"max-snippet:-1","max-image-preview":"max-image-preview:large","max-video-preview":"max-video-preview:-1"},"canonical":"https:\/\/evolve-fitness.eu\/lt\/produktas\/evolve-mini-band-set-3-in-1\/","og_locale":"lt_LT","og_type":"article","og_title":"\"Evolve Mini Band Set 3 in 1\" (FB-300) - Evolve","og_description":"\"Evolve Mini Band 3-in-1\" rinkinys yra prakti\u0161ka ir universali treniruo\u010di\u0173 priemon\u0117, kuri\u0105 sudaro trys skirtingos pasiprie\u0161inimo juostos.","og_url":"https:\/\/evolve-fitness.eu\/lt\/produktas\/evolve-mini-band-set-3-in-1\/","og_site_name":"Evolve","article_publisher":"https:\/\/www.facebook.com\/EvolveFitnessEurope","article_modified_time":"2026-04-07T14:31:46+00:00","og_image":[{"width":2060,"height":1373,"url":"https:\/\/evolve-fitness.eu\/wp-content\/uploads\/2025\/03\/EV-BD-FB-300-Evolve-Mini-Band-Set-3-in-1-4.jpg","type":"image\/jpeg"}],"twitter_card":"summary_large_image","schema":{"@context":"https:\/\/schema.org","@graph":[{"@type":"WebPage","@id":"https:\/\/evolve-fitness.eu\/lt\/produktas\/evolve-mini-band-set-3-in-1\/","url":"https:\/\/evolve-fitness.eu\/lt\/produktas\/evolve-mini-band-set-3-in-1\/","name":"\"Evolve Mini Band Set 3 in 1\" (FB-300) - Evolve","isPartOf":{"@id":"https:\/\/evolve-fitness.eu\/lt\/#website"},"primaryImageOfPage":{"@id":"https:\/\/evolve-fitness.eu\/lt\/produktas\/evolve-mini-band-set-3-in-1\/#primaryimage"},"image":{"@id":"https:\/\/evolve-fitness.eu\/lt\/produktas\/evolve-mini-band-set-3-in-1\/#primaryimage"},"thumbnailUrl":"https:\/\/evolve-fitness.eu\/wp-content\/uploads\/2025\/03\/EV-BD-FB-300-Evolve-Mini-Band-Set-3-in-1-4.jpg","datePublished":"2025-03-26T07:04:29+00:00","dateModified":"2026-04-07T14:31:46+00:00","description":"\"Evolve Mini Band 3-in-1\" rinkinys yra prakti\u0161ka ir universali treniruo\u010di\u0173 priemon\u0117, kuri\u0105 sudaro trys skirtingos pasiprie\u0161inimo juostos.","breadcrumb":{"@id":"https:\/\/evolve-fitness.eu\/lt\/produktas\/evolve-mini-band-set-3-in-1\/#breadcrumb"},"inLanguage":"lt-LT","potentialAction":[{"@type":"ReadAction","target":["https:\/\/evolve-fitness.eu\/lt\/produktas\/evolve-mini-band-set-3-in-1\/"]}]},{"@type":"ImageObject","inLanguage":"lt-LT","@id":"https:\/\/evolve-fitness.eu\/lt\/produktas\/evolve-mini-band-set-3-in-1\/#primaryimage","url":"https:\/\/evolve-fitness.eu\/wp-content\/uploads\/2025\/03\/EV-BD-FB-300-Evolve-Mini-Band-Set-3-in-1-4.jpg","contentUrl":"https:\/\/evolve-fitness.eu\/wp-content\/uploads\/2025\/03\/EV-BD-FB-300-Evolve-Mini-Band-Set-3-in-1-4.jpg","width":2060,"height":1373},{"@type":"BreadcrumbList","@id":"https:\/\/evolve-fitness.eu\/lt\/produktas\/evolve-mini-band-set-3-in-1\/#breadcrumb","itemListElement":[{"@type":"ListItem","position":1,"name":"Home","item":"https:\/\/evolve-fitness.eu\/lt\/"},{"@type":"ListItem","position":2,"name":"Produktai","item":"https:\/\/evolve-fitness.eu\/lt\/shop\/"},{"@type":"ListItem","position":3,"name":"&#8220;Evolve Mini Band Set 3 in 1&#8221; (FB-300)"}]},{"@type":"WebSite","@id":"https:\/\/evolve-fitness.eu\/lt\/#website","url":"https:\/\/evolve-fitness.eu\/lt\/","name":"Evolve","description":"Your Evolved Gear Arrived","publisher":{"@id":"https:\/\/evolve-fitness.eu\/lt\/#organization"},"potentialAction":[{"@type":"SearchAction","target":{"@type":"EntryPoint","urlTemplate":"https:\/\/evolve-fitness.eu\/lt\/?s={search_term_string}"},"query-input":{"@type":"PropertyValueSpecification","valueRequired":true,"valueName":"search_term_string"}}],"inLanguage":"lt-LT"},{"@type":"Organization","@id":"https:\/\/evolve-fitness.eu\/lt\/#organization","name":"Evolve","url":"https:\/\/evolve-fitness.eu\/lt\/","logo":{"@type":"ImageObject","inLanguage":"lt-LT","@id":"https:\/\/evolve-fitness.eu\/lt\/#\/schema\/logo\/image\/","url":"https:\/\/evolve-fitness.eu\/wp-content\/uploads\/2023\/05\/Evolve-logo.svg","contentUrl":"https:\/\/evolve-fitness.eu\/wp-content\/uploads\/2023\/05\/Evolve-logo.svg","width":176,"height":20,"caption":"Evolve"},"image":{"@id":"https:\/\/evolve-fitness.eu\/lt\/#\/schema\/logo\/image\/"},"sameAs":["https:\/\/www.facebook.com\/EvolveFitnessEurope"]}]}},"_links":{"self":[{"href":"https:\/\/evolve-fitness.eu\/lt\/wp-json\/wp\/v2\/product\/227810","targetHints":{"allow":["GET"]}}],"collection":[{"href":"https:\/\/evolve-fitness.eu\/lt\/wp-json\/wp\/v2\/product"}],"about":[{"href":"https:\/\/evolve-fitness.eu\/lt\/wp-json\/wp\/v2\/types\/product"}],"wp:featuredmedia":[{"embeddable":true,"href":"https:\/\/evolve-fitness.eu\/lt\/wp-json\/wp\/v2\/media\/189081"}],"wp:attachment":[{"href":"https:\/\/evolve-fitness.eu\/lt\/wp-json\/wp\/v2\/media?parent=227810"}],"wp:term":[{"taxonomy":"product_brand","embeddable":true,"href":"https:\/\/evolve-fitness.eu\/lt\/wp-json\/wp\/v2\/product_brand?post=227810"},{"taxonomy":"product_cat","embeddable":true,"href":"https:\/\/evolve-fitness.eu\/lt\/wp-json\/wp\/v2\/product_cat?post=227810"},{"taxonomy":"product_tag","embeddable":true,"href":"https:\/\/evolve-fitness.eu\/lt\/wp-json\/wp\/v2\/product_tag?post=227810"}],"curies":[{"name":"wp","href":"https:\/\/api.w.org\/{rel}","templated":true}]}}