{"id":228055,"date":"2025-03-17T11:55:11","date_gmt":"2025-03-17T09:55:11","guid":{"rendered":"https:\/\/evolve-fitness.eu\/product\/evolve-econ-serijos-sissy-squat-bench-ec-092\/"},"modified":"2026-04-07T12:05:48","modified_gmt":"2026-04-07T09:05:48","slug":"evolve-econ-serijos-sissy-squat-bench-ec-092","status":"publish","type":"product","link":"https:\/\/evolve-fitness.eu\/lt\/produktas\/evolve-econ-serijos-sissy-squat-bench-ec-092\/","title":{"rendered":"&#8222;Evolve Econ&#8221; serijos &#8222;Sissy Squat Bench&#8221; (EC-092)"},"content":{"rendered":"\n<section class=\"wp-block-group alignfull has-lightgray-background-color has-background is-layout-constrained wp-block-group-is-layout-constrained\">\n<div class=\"wp-block-columns alignwide is-layout-flex wp-container-core-columns-is-layout-2edb0647 wp-block-columns-is-layout-flex\" style=\"margin-top:0;margin-bottom:0\">\n<div class=\"wp-block-column is-layout-flow wp-block-column-is-layout-flow\" style=\"flex-basis:33.33%\"><\/div>\n\n\n\n<div class=\"wp-block-column is-layout-flow wp-block-column-is-layout-flow\" style=\"flex-basis:66.66%\"><\/div>\n<\/div>\n<\/section>\n\n<p><\/p>\n","protected":false},"excerpt":{"rendered":"<p>&#8222;Evolve Econ&#8221; serijos &#8222;Sissy Squat Bench&#8221; yra kompakti\u0161kas, ta\u010diau galingas apatin\u0117s k\u016bno dalies treniruoklis, skirtas keturgalviams treniruokliams vystyti, branduolio stabilumui stiprinti ir funkciniams judesiams gerinti. \u0160i \u012franga idealiai tinka sprogstamajai koj\u0173 j\u0117gai stiprinti, tod\u0117l puikiai tinka sportininkams, fitneso entuziastams ir reabilitacijos treniruot\u0117ms. Nesvarbu, ar prit\u016bpimai atliekami su k\u016bno svoriu, ar su svoriu, &#8222;Sissy Squat&#8221; veiksmingai izoliuoja keturgalv\u012f \u0161launies raumen\u012f, tod\u0117l j\u0105 b\u016btina tur\u0117ti visiems, norintiems patobulinti koj\u0173 treniruotes. <\/p>\n","protected":false},"featured_media":200126,"template":"","meta":{"_acf_changed":false,"inline_featured_image":false},"product_brand":[],"product_cat":[775,774],"product_tag":[],"class_list":{"0":"post-228055","1":"product","2":"type-product","3":"status-publish","4":"has-post-thumbnail","6":"product_cat-econ-series-suoliukai","7":"product_cat-suoliukai","9":"first","10":"instock","11":"shipping-taxable","12":"purchasable","13":"product-type-simple"},"acf":{"long_title":"\"Evolve Econ\" serijos \"Sissy Squat Bench\" (EC-092)","subtitle":"","specifications":[{"label":"SKU","text_value":"EV-BN-EC-092","icon":"x"},{"label":"Ilgis","text_value":"1110 mm","icon":"x"},{"label":"Plotis","text_value":"570 mm","icon":"x"},{"label":"Auk\u0161tis","text_value":"500 mm","icon":"x"},{"label":"Svoris","text_value":"43 kg","icon":"x"},{"label":"Storas apmu\u0161alas","text_value":"","icon":"v"},{"label":"Garantija","text_value":"2 metai  ","icon":"x"}],"product_frequently_asked_questions":null},"yoast_head":"<!-- This site is optimized with the Yoast SEO plugin v27.4 - https:\/\/yoast.com\/product\/yoast-seo-wordpress\/ -->\n<title>&quot;Evolve Econ&quot; serijos &quot;Sissy Squat Bench&quot; (EC-092) - Evolve<\/title>\n<meta name=\"robots\" content=\"index, follow, max-snippet:-1, max-image-preview:large, max-video-preview:-1\" \/>\n<link rel=\"canonical\" href=\"https:\/\/evolve-fitness.eu\/lt\/produktas\/evolve-econ-serijos-sissy-squat-bench-ec-092\/\" \/>\n<meta property=\"og:locale\" content=\"lt_LT\" \/>\n<meta property=\"og:type\" content=\"article\" \/>\n<meta property=\"og:title\" content=\"&quot;Evolve Econ&quot; serijos &quot;Sissy Squat Bench&quot; (EC-092) - Evolve\" \/>\n<meta property=\"og:url\" content=\"https:\/\/evolve-fitness.eu\/lt\/produktas\/evolve-econ-serijos-sissy-squat-bench-ec-092\/\" \/>\n<meta property=\"og:site_name\" content=\"Evolve\" \/>\n<meta property=\"article:publisher\" content=\"https:\/\/www.facebook.com\/EvolveFitnessEurope\" \/>\n<meta property=\"article:modified_time\" content=\"2026-04-07T09:05:48+00:00\" \/>\n<meta property=\"og:image\" content=\"https:\/\/evolve-fitness.eu\/wp-content\/uploads\/2025\/03\/EV-BN-EC-092-Evolve-Econ-Series-Sissy-Squat-scaled.jpg\" \/>\n\t<meta property=\"og:image:width\" content=\"2560\" \/>\n\t<meta property=\"og:image:height\" content=\"2560\" \/>\n\t<meta property=\"og:image:type\" content=\"image\/jpeg\" \/>\n<meta name=\"twitter:card\" content=\"summary_large_image\" \/>\n<script type=\"application\/ld+json\" class=\"yoast-schema-graph\">{\"@context\":\"https:\\\/\\\/schema.org\",\"@graph\":[{\"@type\":\"WebPage\",\"@id\":\"https:\\\/\\\/evolve-fitness.eu\\\/lt\\\/produktas\\\/evolve-econ-serijos-sissy-squat-bench-ec-092\\\/\",\"url\":\"https:\\\/\\\/evolve-fitness.eu\\\/lt\\\/produktas\\\/evolve-econ-serijos-sissy-squat-bench-ec-092\\\/\",\"name\":\"\\\"Evolve Econ\\\" serijos \\\"Sissy Squat Bench\\\" (EC-092) - Evolve\",\"isPartOf\":{\"@id\":\"https:\\\/\\\/evolve-fitness.eu\\\/lt\\\/#website\"},\"primaryImageOfPage\":{\"@id\":\"https:\\\/\\\/evolve-fitness.eu\\\/lt\\\/produktas\\\/evolve-econ-serijos-sissy-squat-bench-ec-092\\\/#primaryimage\"},\"image\":{\"@id\":\"https:\\\/\\\/evolve-fitness.eu\\\/lt\\\/produktas\\\/evolve-econ-serijos-sissy-squat-bench-ec-092\\\/#primaryimage\"},\"thumbnailUrl\":\"https:\\\/\\\/evolve-fitness.eu\\\/wp-content\\\/uploads\\\/2025\\\/03\\\/EV-BN-EC-092-Evolve-Econ-Series-Sissy-Squat-scaled.jpg\",\"datePublished\":\"2025-03-17T09:55:11+00:00\",\"dateModified\":\"2026-04-07T09:05:48+00:00\",\"breadcrumb\":{\"@id\":\"https:\\\/\\\/evolve-fitness.eu\\\/lt\\\/produktas\\\/evolve-econ-serijos-sissy-squat-bench-ec-092\\\/#breadcrumb\"},\"inLanguage\":\"lt-LT\",\"potentialAction\":[{\"@type\":\"ReadAction\",\"target\":[\"https:\\\/\\\/evolve-fitness.eu\\\/lt\\\/produktas\\\/evolve-econ-serijos-sissy-squat-bench-ec-092\\\/\"]}]},{\"@type\":\"ImageObject\",\"inLanguage\":\"lt-LT\",\"@id\":\"https:\\\/\\\/evolve-fitness.eu\\\/lt\\\/produktas\\\/evolve-econ-serijos-sissy-squat-bench-ec-092\\\/#primaryimage\",\"url\":\"https:\\\/\\\/evolve-fitness.eu\\\/wp-content\\\/uploads\\\/2025\\\/03\\\/EV-BN-EC-092-Evolve-Econ-Series-Sissy-Squat-scaled.jpg\",\"contentUrl\":\"https:\\\/\\\/evolve-fitness.eu\\\/wp-content\\\/uploads\\\/2025\\\/03\\\/EV-BN-EC-092-Evolve-Econ-Series-Sissy-Squat-scaled.jpg\",\"width\":2560,\"height\":2560},{\"@type\":\"BreadcrumbList\",\"@id\":\"https:\\\/\\\/evolve-fitness.eu\\\/lt\\\/produktas\\\/evolve-econ-serijos-sissy-squat-bench-ec-092\\\/#breadcrumb\",\"itemListElement\":[{\"@type\":\"ListItem\",\"position\":1,\"name\":\"Home\",\"item\":\"https:\\\/\\\/evolve-fitness.eu\\\/lt\\\/\"},{\"@type\":\"ListItem\",\"position\":2,\"name\":\"Produktai\",\"item\":\"https:\\\/\\\/evolve-fitness.eu\\\/lt\\\/shop\\\/\"},{\"@type\":\"ListItem\",\"position\":3,\"name\":\"&#8220;Evolve Econ&#8221; serijos &#8220;Sissy Squat Bench&#8221; (EC-092)\"}]},{\"@type\":\"WebSite\",\"@id\":\"https:\\\/\\\/evolve-fitness.eu\\\/lt\\\/#website\",\"url\":\"https:\\\/\\\/evolve-fitness.eu\\\/lt\\\/\",\"name\":\"Evolve\",\"description\":\"Your Evolved Gear Arrived\",\"publisher\":{\"@id\":\"https:\\\/\\\/evolve-fitness.eu\\\/lt\\\/#organization\"},\"potentialAction\":[{\"@type\":\"SearchAction\",\"target\":{\"@type\":\"EntryPoint\",\"urlTemplate\":\"https:\\\/\\\/evolve-fitness.eu\\\/lt\\\/?s={search_term_string}\"},\"query-input\":{\"@type\":\"PropertyValueSpecification\",\"valueRequired\":true,\"valueName\":\"search_term_string\"}}],\"inLanguage\":\"lt-LT\"},{\"@type\":\"Organization\",\"@id\":\"https:\\\/\\\/evolve-fitness.eu\\\/lt\\\/#organization\",\"name\":\"Evolve\",\"url\":\"https:\\\/\\\/evolve-fitness.eu\\\/lt\\\/\",\"logo\":{\"@type\":\"ImageObject\",\"inLanguage\":\"lt-LT\",\"@id\":\"https:\\\/\\\/evolve-fitness.eu\\\/lt\\\/#\\\/schema\\\/logo\\\/image\\\/\",\"url\":\"https:\\\/\\\/evolve-fitness.eu\\\/wp-content\\\/uploads\\\/2023\\\/05\\\/Evolve-logo.svg\",\"contentUrl\":\"https:\\\/\\\/evolve-fitness.eu\\\/wp-content\\\/uploads\\\/2023\\\/05\\\/Evolve-logo.svg\",\"width\":176,\"height\":20,\"caption\":\"Evolve\"},\"image\":{\"@id\":\"https:\\\/\\\/evolve-fitness.eu\\\/lt\\\/#\\\/schema\\\/logo\\\/image\\\/\"},\"sameAs\":[\"https:\\\/\\\/www.facebook.com\\\/EvolveFitnessEurope\"]}]}<\/script>\n<!-- \/ Yoast SEO plugin. -->","yoast_head_json":{"title":"\"Evolve Econ\" serijos \"Sissy Squat Bench\" (EC-092) - Evolve","robots":{"index":"index","follow":"follow","max-snippet":"max-snippet:-1","max-image-preview":"max-image-preview:large","max-video-preview":"max-video-preview:-1"},"canonical":"https:\/\/evolve-fitness.eu\/lt\/produktas\/evolve-econ-serijos-sissy-squat-bench-ec-092\/","og_locale":"lt_LT","og_type":"article","og_title":"\"Evolve Econ\" serijos \"Sissy Squat Bench\" (EC-092) - Evolve","og_url":"https:\/\/evolve-fitness.eu\/lt\/produktas\/evolve-econ-serijos-sissy-squat-bench-ec-092\/","og_site_name":"Evolve","article_publisher":"https:\/\/www.facebook.com\/EvolveFitnessEurope","article_modified_time":"2026-04-07T09:05:48+00:00","og_image":[{"width":2560,"height":2560,"url":"https:\/\/evolve-fitness.eu\/wp-content\/uploads\/2025\/03\/EV-BN-EC-092-Evolve-Econ-Series-Sissy-Squat-scaled.jpg","type":"image\/jpeg"}],"twitter_card":"summary_large_image","schema":{"@context":"https:\/\/schema.org","@graph":[{"@type":"WebPage","@id":"https:\/\/evolve-fitness.eu\/lt\/produktas\/evolve-econ-serijos-sissy-squat-bench-ec-092\/","url":"https:\/\/evolve-fitness.eu\/lt\/produktas\/evolve-econ-serijos-sissy-squat-bench-ec-092\/","name":"\"Evolve Econ\" serijos \"Sissy Squat Bench\" (EC-092) - Evolve","isPartOf":{"@id":"https:\/\/evolve-fitness.eu\/lt\/#website"},"primaryImageOfPage":{"@id":"https:\/\/evolve-fitness.eu\/lt\/produktas\/evolve-econ-serijos-sissy-squat-bench-ec-092\/#primaryimage"},"image":{"@id":"https:\/\/evolve-fitness.eu\/lt\/produktas\/evolve-econ-serijos-sissy-squat-bench-ec-092\/#primaryimage"},"thumbnailUrl":"https:\/\/evolve-fitness.eu\/wp-content\/uploads\/2025\/03\/EV-BN-EC-092-Evolve-Econ-Series-Sissy-Squat-scaled.jpg","datePublished":"2025-03-17T09:55:11+00:00","dateModified":"2026-04-07T09:05:48+00:00","breadcrumb":{"@id":"https:\/\/evolve-fitness.eu\/lt\/produktas\/evolve-econ-serijos-sissy-squat-bench-ec-092\/#breadcrumb"},"inLanguage":"lt-LT","potentialAction":[{"@type":"ReadAction","target":["https:\/\/evolve-fitness.eu\/lt\/produktas\/evolve-econ-serijos-sissy-squat-bench-ec-092\/"]}]},{"@type":"ImageObject","inLanguage":"lt-LT","@id":"https:\/\/evolve-fitness.eu\/lt\/produktas\/evolve-econ-serijos-sissy-squat-bench-ec-092\/#primaryimage","url":"https:\/\/evolve-fitness.eu\/wp-content\/uploads\/2025\/03\/EV-BN-EC-092-Evolve-Econ-Series-Sissy-Squat-scaled.jpg","contentUrl":"https:\/\/evolve-fitness.eu\/wp-content\/uploads\/2025\/03\/EV-BN-EC-092-Evolve-Econ-Series-Sissy-Squat-scaled.jpg","width":2560,"height":2560},{"@type":"BreadcrumbList","@id":"https:\/\/evolve-fitness.eu\/lt\/produktas\/evolve-econ-serijos-sissy-squat-bench-ec-092\/#breadcrumb","itemListElement":[{"@type":"ListItem","position":1,"name":"Home","item":"https:\/\/evolve-fitness.eu\/lt\/"},{"@type":"ListItem","position":2,"name":"Produktai","item":"https:\/\/evolve-fitness.eu\/lt\/shop\/"},{"@type":"ListItem","position":3,"name":"&#8220;Evolve Econ&#8221; serijos &#8220;Sissy Squat Bench&#8221; (EC-092)"}]},{"@type":"WebSite","@id":"https:\/\/evolve-fitness.eu\/lt\/#website","url":"https:\/\/evolve-fitness.eu\/lt\/","name":"Evolve","description":"Your Evolved Gear Arrived","publisher":{"@id":"https:\/\/evolve-fitness.eu\/lt\/#organization"},"potentialAction":[{"@type":"SearchAction","target":{"@type":"EntryPoint","urlTemplate":"https:\/\/evolve-fitness.eu\/lt\/?s={search_term_string}"},"query-input":{"@type":"PropertyValueSpecification","valueRequired":true,"valueName":"search_term_string"}}],"inLanguage":"lt-LT"},{"@type":"Organization","@id":"https:\/\/evolve-fitness.eu\/lt\/#organization","name":"Evolve","url":"https:\/\/evolve-fitness.eu\/lt\/","logo":{"@type":"ImageObject","inLanguage":"lt-LT","@id":"https:\/\/evolve-fitness.eu\/lt\/#\/schema\/logo\/image\/","url":"https:\/\/evolve-fitness.eu\/wp-content\/uploads\/2023\/05\/Evolve-logo.svg","contentUrl":"https:\/\/evolve-fitness.eu\/wp-content\/uploads\/2023\/05\/Evolve-logo.svg","width":176,"height":20,"caption":"Evolve"},"image":{"@id":"https:\/\/evolve-fitness.eu\/lt\/#\/schema\/logo\/image\/"},"sameAs":["https:\/\/www.facebook.com\/EvolveFitnessEurope"]}]}},"_links":{"self":[{"href":"https:\/\/evolve-fitness.eu\/lt\/wp-json\/wp\/v2\/product\/228055","targetHints":{"allow":["GET"]}}],"collection":[{"href":"https:\/\/evolve-fitness.eu\/lt\/wp-json\/wp\/v2\/product"}],"about":[{"href":"https:\/\/evolve-fitness.eu\/lt\/wp-json\/wp\/v2\/types\/product"}],"wp:featuredmedia":[{"embeddable":true,"href":"https:\/\/evolve-fitness.eu\/lt\/wp-json\/wp\/v2\/media\/200126"}],"wp:attachment":[{"href":"https:\/\/evolve-fitness.eu\/lt\/wp-json\/wp\/v2\/media?parent=228055"}],"wp:term":[{"taxonomy":"product_brand","embeddable":true,"href":"https:\/\/evolve-fitness.eu\/lt\/wp-json\/wp\/v2\/product_brand?post=228055"},{"taxonomy":"product_cat","embeddable":true,"href":"https:\/\/evolve-fitness.eu\/lt\/wp-json\/wp\/v2\/product_cat?post=228055"},{"taxonomy":"product_tag","embeddable":true,"href":"https:\/\/evolve-fitness.eu\/lt\/wp-json\/wp\/v2\/product_tag?post=228055"}],"curies":[{"name":"wp","href":"https:\/\/api.w.org\/{rel}","templated":true}]}}