{"id":229133,"date":"2025-03-28T09:47:53","date_gmt":"2025-03-28T07:47:53","guid":{"rendered":"https:\/\/evolve-fitness.eu\/product\/evolve-laisvai-pastatomas-reguliuojamas-kilimeliu-laikiklis-ah-300\/"},"modified":"2026-04-09T15:48:23","modified_gmt":"2026-04-09T12:48:23","slug":"evolve-laisvai-pastatomas-reguliuojamas-kilimeliu-laikiklis-ah-300","status":"publish","type":"product","link":"https:\/\/evolve-fitness.eu\/lt\/produktas\/evolve-laisvai-pastatomas-reguliuojamas-kilimeliu-laikiklis-ah-300\/","title":{"rendered":"&#8222;Evolve&#8221; laisvai pastatomas reguliuojamas kilim\u0117li\u0173 laikiklis (AH-300)"},"content":{"rendered":"\n<section class=\"wp-block-group alignfull black-content has-white-color has-darkgray-background-color has-text-color has-background is-layout-constrained wp-block-group-is-layout-constrained\" style=\"padding-top:var(--wp--preset--spacing--section-bottom);padding-bottom:var(--wp--preset--spacing--section-bottom)\">\n<div class=\"wp-block-columns alignwide mobile-reverse is-layout-flex wp-container-core-columns-is-layout-ca64bf2d wp-block-columns-is-layout-flex\" style=\"margin-bottom:var(--wp--preset--spacing--side-padding)\">\n<div class=\"wp-block-column is-vertically-aligned-center is-layout-flow wp-block-column-is-layout-flow\">\n<h3 class=\"wp-block-heading\" style=\"margin-bottom:var(--wp--preset--spacing--h-3-bottom)\"><strong><strong>Laisvai pastatomas reguliuojamas kilim\u0117lio laikiklis  <\/strong><\/strong><\/h3>\n\n\n\n<p>&#8221; <strong>Evolve&#8221; laisvai pastatomas reguliuojamas kilim\u0117li\u0173 laikiklis (AH-300<\/strong> ) yra prakti\u0161kas laikymo sprendimas, skirtas treniruo\u010di\u0173 kilim\u0117liams laikyti tvarkingai, prieinamai ir ant grind\u0173 tiek komercin\u0117se, tiek nam\u0173 sporto sal\u0117se. Laisvai pastatoma konstrukcija leid\u017eia lanks\u010diai i\u0161d\u0117styti kilim\u0117lius, nereikia j\u0173 tvirtinti prie sienos. <\/p>\n\n\n\n<p>Reguliuojama konstrukcija pritaikyta \u012fvairaus dyd\u017eio ir storio kilim\u0117liams, tod\u0117l tinka jogos, fitneso, tempimo ir reabilitacijos kilim\u0117liams. Vertikalus laikymo i\u0161d\u0117stymas padeda maksimaliai i\u0161naudoti grind\u0173 plot\u0105, kartu i\u0161laikant \u0161vari\u0105 ir profesionali\u0105 treniruo\u010di\u0173 erdv\u0119. <\/p>\n<\/div>\n\n\n\n<div class=\"wp-block-column is-vertically-aligned-center is-layout-flow wp-block-column-is-layout-flow\">\n<figure class=\"wp-block-image size-large is-style-rounded\"><img loading=\"lazy\" decoding=\"async\" width=\"683\" height=\"1024\" src=\"https:\/\/evolve-fitness.eu\/wp-content\/uploads\/2025\/03\/A7_00863-683x1024.jpg\" alt=\"\" class=\"wp-image-222525\" srcset=\"https:\/\/evolve-fitness.eu\/wp-content\/uploads\/2025\/03\/A7_00863-683x1024.jpg 683w, https:\/\/evolve-fitness.eu\/wp-content\/uploads\/2025\/03\/A7_00863-200x300.jpg 200w, https:\/\/evolve-fitness.eu\/wp-content\/uploads\/2025\/03\/A7_00863-100x150.jpg 100w, https:\/\/evolve-fitness.eu\/wp-content\/uploads\/2025\/03\/A7_00863-768x1152.jpg 768w, https:\/\/evolve-fitness.eu\/wp-content\/uploads\/2025\/03\/A7_00863-1024x1536.jpg 1024w, https:\/\/evolve-fitness.eu\/wp-content\/uploads\/2025\/03\/A7_00863-300x450.jpg 300w, https:\/\/evolve-fitness.eu\/wp-content\/uploads\/2025\/03\/A7_00863-600x900.jpg 600w, https:\/\/evolve-fitness.eu\/wp-content\/uploads\/2025\/03\/A7_00863.jpg 1365w\" sizes=\"auto, (max-width: 683px) 100vw, 683px\" \/><\/figure>\n<\/div>\n<\/div>\n\n\n\n<div class=\"wp-block-columns alignwide mobile-reverse is-layout-flex wp-container-core-columns-is-layout-ca64bf2d wp-block-columns-is-layout-flex\" style=\"margin-bottom:var(--wp--preset--spacing--side-padding)\">\n<div class=\"wp-block-column is-layout-flow wp-block-column-is-layout-flow\">\n<figure class=\"wp-block-image size-large is-style-rounded\"><img loading=\"lazy\" decoding=\"async\" width=\"683\" height=\"1024\" src=\"https:\/\/evolve-fitness.eu\/wp-content\/uploads\/2025\/03\/A7_00889-683x1024.jpg\" alt=\"\" class=\"wp-image-222526\" srcset=\"https:\/\/evolve-fitness.eu\/wp-content\/uploads\/2025\/03\/A7_00889-683x1024.jpg 683w, https:\/\/evolve-fitness.eu\/wp-content\/uploads\/2025\/03\/A7_00889-200x300.jpg 200w, https:\/\/evolve-fitness.eu\/wp-content\/uploads\/2025\/03\/A7_00889-100x150.jpg 100w, https:\/\/evolve-fitness.eu\/wp-content\/uploads\/2025\/03\/A7_00889-768x1152.jpg 768w, https:\/\/evolve-fitness.eu\/wp-content\/uploads\/2025\/03\/A7_00889-1024x1536.jpg 1024w, https:\/\/evolve-fitness.eu\/wp-content\/uploads\/2025\/03\/A7_00889-300x450.jpg 300w, https:\/\/evolve-fitness.eu\/wp-content\/uploads\/2025\/03\/A7_00889-600x900.jpg 600w, https:\/\/evolve-fitness.eu\/wp-content\/uploads\/2025\/03\/A7_00889.jpg 1365w\" sizes=\"auto, (max-width: 683px) 100vw, 683px\" \/><\/figure>\n<\/div>\n\n\n\n<div class=\"wp-block-column is-vertically-aligned-center is-layout-flow wp-block-column-is-layout-flow\">\n<h3 class=\"wp-block-heading\" style=\"margin-bottom:var(--wp--preset--spacing--h-3-bottom)\"><strong><strong>JUD\u0116JIMAS BE PASTANG\u0172<\/strong><\/strong><\/h3>\n\n\n\n<p>Laikiklyje \u012frengti <strong>didelio atsparumo pasukamieji ratai su stabd\u017eiais<\/strong>, tod\u0117l j\u012f galima be vargo perkelti i\u0161 vienos treniruo\u010di\u0173 vietos \u012f kit\u0105, o pad\u0117tas jis i\u0161lieka stabilus. Ergonomi\u0161kos <strong>\u0161onin\u0117s rankenos<\/strong> leid\u017eia lengvai ir saugiai keisti laikiklio pad\u0117t\u012f, net kai jis visi\u0161kai pakrautas. <\/p>\n<\/div>\n<\/div>\n\n\n\n<div class=\"wp-block-columns alignwide mobile-reverse is-layout-flex wp-container-core-columns-is-layout-ca64bf2d wp-block-columns-is-layout-flex\" style=\"margin-bottom:var(--wp--preset--spacing--side-padding)\">\n<div class=\"wp-block-column is-vertically-aligned-center is-layout-flow wp-block-column-is-layout-flow\">\n<h3 class=\"wp-block-heading\" style=\"margin-bottom:var(--wp--preset--spacing--h-3-bottom)\"><strong><strong>lengvai pritaikomas prie \u012fvairaus plo\u010dio kilim\u0117li\u0173<\/strong><\/strong><\/h3>\n\n\n\n<p><strong>Reguliuojamos \u0161onin\u0117s atramos<\/strong> leid\u017eia lengvai prisitaikyti prie \u012fvairaus plo\u010dio kilim\u0117li\u0173 ir yra suderinamos su \u012fvairiais treniruo\u010di\u0173 kilim\u0117liais. Integruota <strong>fiksavimo ranken\u0117li\u0173 sistema<\/strong> leid\u017eia greitai ir saugiai sureguliuoti kilim\u0117lius, kad jie b\u016bt\u0173 stabil\u016bs laikant ir transportuojant. <\/p>\n<\/div>\n\n\n\n<div class=\"wp-block-column is-vertically-aligned-center is-layout-flow wp-block-column-is-layout-flow\">\n<div class=\"wp-block-columns is-layout-flex wp-container-core-columns-is-layout-9d6595d7 wp-block-columns-is-layout-flex\">\n<div class=\"wp-block-column is-layout-flow wp-block-column-is-layout-flow\">\n<figure class=\"wp-block-image size-full is-style-rounded\"><img loading=\"lazy\" decoding=\"async\" width=\"683\" height=\"455\" src=\"https:\/\/evolve-fitness.eu\/wp-content\/uploads\/2026\/01\/Dizainas-be-pavadinimo-3-edited-1.png\" alt=\"\" class=\"wp-image-222531\" srcset=\"https:\/\/evolve-fitness.eu\/wp-content\/uploads\/2026\/01\/Dizainas-be-pavadinimo-3-edited-1.png 683w, https:\/\/evolve-fitness.eu\/wp-content\/uploads\/2026\/01\/Dizainas-be-pavadinimo-3-edited-1-300x200.png 300w, https:\/\/evolve-fitness.eu\/wp-content\/uploads\/2026\/01\/Dizainas-be-pavadinimo-3-edited-1-150x100.png 150w, https:\/\/evolve-fitness.eu\/wp-content\/uploads\/2026\/01\/Dizainas-be-pavadinimo-3-edited-1-600x400.png 600w, https:\/\/evolve-fitness.eu\/wp-content\/uploads\/2026\/01\/Dizainas-be-pavadinimo-3-edited-1-225x150.png 225w\" sizes=\"auto, (max-width: 683px) 100vw, 683px\" \/><\/figure>\n<\/div>\n<\/div>\n<\/div>\n<\/div>\n\n\n\n<div class=\"wp-block-columns alignwide mobile-reverse is-layout-flex wp-container-core-columns-is-layout-ca64bf2d wp-block-columns-is-layout-flex\" style=\"margin-bottom:var(--wp--preset--spacing--side-padding)\">\n<div class=\"wp-block-column is-layout-flow wp-block-column-is-layout-flow\">\n<figure class=\"wp-block-image size-large is-style-rounded\"><img loading=\"lazy\" decoding=\"async\" width=\"683\" height=\"1024\" src=\"https:\/\/evolve-fitness.eu\/wp-content\/uploads\/2025\/03\/A7_03222-683x1024.jpg\" alt=\"\" class=\"wp-image-222532\" srcset=\"https:\/\/evolve-fitness.eu\/wp-content\/uploads\/2025\/03\/A7_03222-683x1024.jpg 683w, https:\/\/evolve-fitness.eu\/wp-content\/uploads\/2025\/03\/A7_03222-200x300.jpg 200w, https:\/\/evolve-fitness.eu\/wp-content\/uploads\/2025\/03\/A7_03222-100x150.jpg 100w, https:\/\/evolve-fitness.eu\/wp-content\/uploads\/2025\/03\/A7_03222-768x1152.jpg 768w, https:\/\/evolve-fitness.eu\/wp-content\/uploads\/2025\/03\/A7_03222-1024x1536.jpg 1024w, https:\/\/evolve-fitness.eu\/wp-content\/uploads\/2025\/03\/A7_03222-1365x2048.jpg 1365w, https:\/\/evolve-fitness.eu\/wp-content\/uploads\/2025\/03\/A7_03222-300x450.jpg 300w, https:\/\/evolve-fitness.eu\/wp-content\/uploads\/2025\/03\/A7_03222-600x900.jpg 600w, https:\/\/evolve-fitness.eu\/wp-content\/uploads\/2025\/03\/A7_03222-scaled.jpg 1707w\" sizes=\"auto, (max-width: 683px) 100vw, 683px\" \/><\/figure>\n<\/div>\n\n\n\n<div class=\"wp-block-column is-vertically-aligned-center is-layout-flow wp-block-column-is-layout-flow\">\n<h3 class=\"wp-block-heading\" style=\"margin-bottom:var(--wp--preset--spacing--h-3-bottom)\"><strong><strong>Pagamintas i\u0161 patvaraus plieno<\/strong><\/strong><\/h3>\n\n\n\n<p>AH-300 pagamintas i\u0161 patvaraus plieno, tod\u0117l jis u\u017etikrina ilgalaik\u012f stabilum\u0105 ir patikimum\u0105 kasdienio naudojimo s\u0105lygomis. Tvirtas pagrindas u\u017etikrina patikim\u0105 atram\u0105, o paprastas, funkcionalus dizainas leid\u017eia greitai pakrauti ir i\u0161imti kilim\u0117lius, taip padidinant bendr\u0105 sporto sal\u0117s efektyvum\u0105. <\/p>\n\n\n\n<p>\u0160is kilim\u0117li\u0173 laikiklis puikiai tinka treniruo\u010di\u0173 klubams, studijoms ir treniruo\u010di\u0173 centrams, ie\u0161kantiems organizuoto, taupaus ir profesionalaus kilim\u0117li\u0173 laikymo sprendimo.<\/p>\n<\/div>\n<\/div>\n<\/section>\n","protected":false},"excerpt":{"rendered":"<p>&#8222;Evolve&#8221; EV-RS-AH-300 laikymo stovas pad\u0117s i\u0161laikyti tvarking\u0105 ir organizuot\u0105 mokym\u0173 erdv\u0119. \u0160is tvirtas ir kompakti\u0161kas stela\u017eas, skirtas \u012fvairiems treniruokli\u0173 reikmenims laikyti, u\u017etikrina greit\u0105 prieig\u0105 prie j\u016bs\u0173 \u012frangos ir kartu u\u017etikrina, kad treniruo\u010di\u0173 erdv\u0117je neb\u016bt\u0173 netvarkos. <\/p>\n","protected":false},"featured_media":229134,"template":"","meta":{"_acf_changed":false,"inline_featured_image":false},"product_brand":[],"product_cat":[499,828,756],"product_tag":[],"class_list":{"0":"post-229133","1":"product","2":"type-product","3":"status-publish","4":"has-post-thumbnail","6":"product_cat-laisvieji-svarmenys","7":"product_cat-stelazai-ir-saugojimo-sprendimai","8":"product_cat-studija","10":"first","11":"instock","12":"shipping-taxable","13":"purchasable","14":"product-type-simple"},"acf":{"long_title":"\"Evolve\" laisvai pastatomas reguliuojamas kilim\u0117li\u0173 laikiklis (AH-300)","subtitle":"","specifications":[{"label":"SKU","text_value":"EV-RS-AH-300","icon":"x"}],"product_frequently_asked_questions":null},"yoast_head":"<!-- This site is optimized with the Yoast SEO plugin v27.4 - https:\/\/yoast.com\/product\/yoast-seo-wordpress\/ -->\n<title>&quot;Evolve&quot; laisvai pastatomas reguliuojamas kilim\u0117li\u0173 laikiklis (AH-300) - Evolve<\/title>\n<meta name=\"description\" content=\"Pasir\u016bpinkite, kad treniruo\u010di\u0173 erdv\u0117 b\u016bt\u0173 tvarkinga ir organizuota, naudodami &quot;Evolve&quot; laikymo stov\u0105. \u0160is tvirtas ir kompakti\u0161kas stovas skirtas \u012fvairiems treniruokli\u0173 reikmenims laikyti.\" \/>\n<meta name=\"robots\" content=\"index, follow, max-snippet:-1, max-image-preview:large, max-video-preview:-1\" \/>\n<link rel=\"canonical\" href=\"https:\/\/evolve-fitness.eu\/lt\/produktas\/evolve-laisvai-pastatomas-reguliuojamas-kilimeliu-laikiklis-ah-300\/\" \/>\n<meta property=\"og:locale\" content=\"lt_LT\" \/>\n<meta property=\"og:type\" content=\"article\" \/>\n<meta property=\"og:title\" content=\"&quot;Evolve&quot; laisvai pastatomas reguliuojamas kilim\u0117li\u0173 laikiklis (AH-300) - Evolve\" \/>\n<meta property=\"og:description\" content=\"Pasir\u016bpinkite, kad treniruo\u010di\u0173 erdv\u0117 b\u016bt\u0173 tvarkinga ir organizuota, naudodami &quot;Evolve&quot; laikymo stov\u0105. \u0160is tvirtas ir kompakti\u0161kas stovas skirtas \u012fvairiems treniruokli\u0173 reikmenims laikyti.\" \/>\n<meta property=\"og:url\" content=\"https:\/\/evolve-fitness.eu\/lt\/produktas\/evolve-laisvai-pastatomas-reguliuojamas-kilimeliu-laikiklis-ah-300\/\" \/>\n<meta property=\"og:site_name\" content=\"Evolve\" \/>\n<meta property=\"article:publisher\" content=\"https:\/\/www.facebook.com\/EvolveFitnessEurope\" \/>\n<meta property=\"article:modified_time\" content=\"2026-04-09T12:48:23+00:00\" \/>\n<meta property=\"og:image\" content=\"https:\/\/evolve-fitness.eu\/wp-content\/uploads\/2025\/03\/EV-RS-AH-300-1.png\" \/>\n\t<meta property=\"og:image:width\" content=\"1600\" \/>\n\t<meta property=\"og:image:height\" content=\"1600\" \/>\n\t<meta property=\"og:image:type\" content=\"image\/png\" \/>\n<meta name=\"twitter:card\" content=\"summary_large_image\" \/>\n<script type=\"application\/ld+json\" class=\"yoast-schema-graph\">{\"@context\":\"https:\\\/\\\/schema.org\",\"@graph\":[{\"@type\":\"WebPage\",\"@id\":\"https:\\\/\\\/evolve-fitness.eu\\\/lt\\\/produktas\\\/evolve-laisvai-pastatomas-reguliuojamas-kilimeliu-laikiklis-ah-300\\\/\",\"url\":\"https:\\\/\\\/evolve-fitness.eu\\\/lt\\\/produktas\\\/evolve-laisvai-pastatomas-reguliuojamas-kilimeliu-laikiklis-ah-300\\\/\",\"name\":\"\\\"Evolve\\\" laisvai pastatomas reguliuojamas kilim\u0117li\u0173 laikiklis (AH-300) - Evolve\",\"isPartOf\":{\"@id\":\"https:\\\/\\\/evolve-fitness.eu\\\/lt\\\/#website\"},\"primaryImageOfPage\":{\"@id\":\"https:\\\/\\\/evolve-fitness.eu\\\/lt\\\/produktas\\\/evolve-laisvai-pastatomas-reguliuojamas-kilimeliu-laikiklis-ah-300\\\/#primaryimage\"},\"image\":{\"@id\":\"https:\\\/\\\/evolve-fitness.eu\\\/lt\\\/produktas\\\/evolve-laisvai-pastatomas-reguliuojamas-kilimeliu-laikiklis-ah-300\\\/#primaryimage\"},\"thumbnailUrl\":\"https:\\\/\\\/evolve-fitness.eu\\\/wp-content\\\/uploads\\\/2025\\\/03\\\/EV-RS-AH-300-1.png\",\"datePublished\":\"2025-03-28T07:47:53+00:00\",\"dateModified\":\"2026-04-09T12:48:23+00:00\",\"description\":\"Pasir\u016bpinkite, kad treniruo\u010di\u0173 erdv\u0117 b\u016bt\u0173 tvarkinga ir organizuota, naudodami \\\"Evolve\\\" laikymo stov\u0105. \u0160is tvirtas ir kompakti\u0161kas stovas skirtas \u012fvairiems treniruokli\u0173 reikmenims laikyti.\",\"breadcrumb\":{\"@id\":\"https:\\\/\\\/evolve-fitness.eu\\\/lt\\\/produktas\\\/evolve-laisvai-pastatomas-reguliuojamas-kilimeliu-laikiklis-ah-300\\\/#breadcrumb\"},\"inLanguage\":\"lt-LT\",\"potentialAction\":[{\"@type\":\"ReadAction\",\"target\":[\"https:\\\/\\\/evolve-fitness.eu\\\/lt\\\/produktas\\\/evolve-laisvai-pastatomas-reguliuojamas-kilimeliu-laikiklis-ah-300\\\/\"]}]},{\"@type\":\"ImageObject\",\"inLanguage\":\"lt-LT\",\"@id\":\"https:\\\/\\\/evolve-fitness.eu\\\/lt\\\/produktas\\\/evolve-laisvai-pastatomas-reguliuojamas-kilimeliu-laikiklis-ah-300\\\/#primaryimage\",\"url\":\"https:\\\/\\\/evolve-fitness.eu\\\/wp-content\\\/uploads\\\/2025\\\/03\\\/EV-RS-AH-300-1.png\",\"contentUrl\":\"https:\\\/\\\/evolve-fitness.eu\\\/wp-content\\\/uploads\\\/2025\\\/03\\\/EV-RS-AH-300-1.png\",\"width\":1600,\"height\":1600},{\"@type\":\"BreadcrumbList\",\"@id\":\"https:\\\/\\\/evolve-fitness.eu\\\/lt\\\/produktas\\\/evolve-laisvai-pastatomas-reguliuojamas-kilimeliu-laikiklis-ah-300\\\/#breadcrumb\",\"itemListElement\":[{\"@type\":\"ListItem\",\"position\":1,\"name\":\"Home\",\"item\":\"https:\\\/\\\/evolve-fitness.eu\\\/lt\\\/\"},{\"@type\":\"ListItem\",\"position\":2,\"name\":\"Produktai\",\"item\":\"https:\\\/\\\/evolve-fitness.eu\\\/lt\\\/shop\\\/\"},{\"@type\":\"ListItem\",\"position\":3,\"name\":\"&#8220;Evolve&#8221; laisvai pastatomas reguliuojamas kilim\u0117li\u0173 laikiklis (AH-300)\"}]},{\"@type\":\"WebSite\",\"@id\":\"https:\\\/\\\/evolve-fitness.eu\\\/lt\\\/#website\",\"url\":\"https:\\\/\\\/evolve-fitness.eu\\\/lt\\\/\",\"name\":\"Evolve\",\"description\":\"Your Evolved Gear Arrived\",\"publisher\":{\"@id\":\"https:\\\/\\\/evolve-fitness.eu\\\/lt\\\/#organization\"},\"potentialAction\":[{\"@type\":\"SearchAction\",\"target\":{\"@type\":\"EntryPoint\",\"urlTemplate\":\"https:\\\/\\\/evolve-fitness.eu\\\/lt\\\/?s={search_term_string}\"},\"query-input\":{\"@type\":\"PropertyValueSpecification\",\"valueRequired\":true,\"valueName\":\"search_term_string\"}}],\"inLanguage\":\"lt-LT\"},{\"@type\":\"Organization\",\"@id\":\"https:\\\/\\\/evolve-fitness.eu\\\/lt\\\/#organization\",\"name\":\"Evolve\",\"url\":\"https:\\\/\\\/evolve-fitness.eu\\\/lt\\\/\",\"logo\":{\"@type\":\"ImageObject\",\"inLanguage\":\"lt-LT\",\"@id\":\"https:\\\/\\\/evolve-fitness.eu\\\/lt\\\/#\\\/schema\\\/logo\\\/image\\\/\",\"url\":\"https:\\\/\\\/evolve-fitness.eu\\\/wp-content\\\/uploads\\\/2023\\\/05\\\/Evolve-logo.svg\",\"contentUrl\":\"https:\\\/\\\/evolve-fitness.eu\\\/wp-content\\\/uploads\\\/2023\\\/05\\\/Evolve-logo.svg\",\"width\":176,\"height\":20,\"caption\":\"Evolve\"},\"image\":{\"@id\":\"https:\\\/\\\/evolve-fitness.eu\\\/lt\\\/#\\\/schema\\\/logo\\\/image\\\/\"},\"sameAs\":[\"https:\\\/\\\/www.facebook.com\\\/EvolveFitnessEurope\"]}]}<\/script>\n<!-- \/ Yoast SEO plugin. -->","yoast_head_json":{"title":"\"Evolve\" laisvai pastatomas reguliuojamas kilim\u0117li\u0173 laikiklis (AH-300) - Evolve","description":"Pasir\u016bpinkite, kad treniruo\u010di\u0173 erdv\u0117 b\u016bt\u0173 tvarkinga ir organizuota, naudodami \"Evolve\" laikymo stov\u0105. \u0160is tvirtas ir kompakti\u0161kas stovas skirtas \u012fvairiems treniruokli\u0173 reikmenims laikyti.","robots":{"index":"index","follow":"follow","max-snippet":"max-snippet:-1","max-image-preview":"max-image-preview:large","max-video-preview":"max-video-preview:-1"},"canonical":"https:\/\/evolve-fitness.eu\/lt\/produktas\/evolve-laisvai-pastatomas-reguliuojamas-kilimeliu-laikiklis-ah-300\/","og_locale":"lt_LT","og_type":"article","og_title":"\"Evolve\" laisvai pastatomas reguliuojamas kilim\u0117li\u0173 laikiklis (AH-300) - Evolve","og_description":"Pasir\u016bpinkite, kad treniruo\u010di\u0173 erdv\u0117 b\u016bt\u0173 tvarkinga ir organizuota, naudodami \"Evolve\" laikymo stov\u0105. \u0160is tvirtas ir kompakti\u0161kas stovas skirtas \u012fvairiems treniruokli\u0173 reikmenims laikyti.","og_url":"https:\/\/evolve-fitness.eu\/lt\/produktas\/evolve-laisvai-pastatomas-reguliuojamas-kilimeliu-laikiklis-ah-300\/","og_site_name":"Evolve","article_publisher":"https:\/\/www.facebook.com\/EvolveFitnessEurope","article_modified_time":"2026-04-09T12:48:23+00:00","og_image":[{"width":1600,"height":1600,"url":"https:\/\/evolve-fitness.eu\/wp-content\/uploads\/2025\/03\/EV-RS-AH-300-1.png","type":"image\/png"}],"twitter_card":"summary_large_image","schema":{"@context":"https:\/\/schema.org","@graph":[{"@type":"WebPage","@id":"https:\/\/evolve-fitness.eu\/lt\/produktas\/evolve-laisvai-pastatomas-reguliuojamas-kilimeliu-laikiklis-ah-300\/","url":"https:\/\/evolve-fitness.eu\/lt\/produktas\/evolve-laisvai-pastatomas-reguliuojamas-kilimeliu-laikiklis-ah-300\/","name":"\"Evolve\" laisvai pastatomas reguliuojamas kilim\u0117li\u0173 laikiklis (AH-300) - Evolve","isPartOf":{"@id":"https:\/\/evolve-fitness.eu\/lt\/#website"},"primaryImageOfPage":{"@id":"https:\/\/evolve-fitness.eu\/lt\/produktas\/evolve-laisvai-pastatomas-reguliuojamas-kilimeliu-laikiklis-ah-300\/#primaryimage"},"image":{"@id":"https:\/\/evolve-fitness.eu\/lt\/produktas\/evolve-laisvai-pastatomas-reguliuojamas-kilimeliu-laikiklis-ah-300\/#primaryimage"},"thumbnailUrl":"https:\/\/evolve-fitness.eu\/wp-content\/uploads\/2025\/03\/EV-RS-AH-300-1.png","datePublished":"2025-03-28T07:47:53+00:00","dateModified":"2026-04-09T12:48:23+00:00","description":"Pasir\u016bpinkite, kad treniruo\u010di\u0173 erdv\u0117 b\u016bt\u0173 tvarkinga ir organizuota, naudodami \"Evolve\" laikymo stov\u0105. \u0160is tvirtas ir kompakti\u0161kas stovas skirtas \u012fvairiems treniruokli\u0173 reikmenims laikyti.","breadcrumb":{"@id":"https:\/\/evolve-fitness.eu\/lt\/produktas\/evolve-laisvai-pastatomas-reguliuojamas-kilimeliu-laikiklis-ah-300\/#breadcrumb"},"inLanguage":"lt-LT","potentialAction":[{"@type":"ReadAction","target":["https:\/\/evolve-fitness.eu\/lt\/produktas\/evolve-laisvai-pastatomas-reguliuojamas-kilimeliu-laikiklis-ah-300\/"]}]},{"@type":"ImageObject","inLanguage":"lt-LT","@id":"https:\/\/evolve-fitness.eu\/lt\/produktas\/evolve-laisvai-pastatomas-reguliuojamas-kilimeliu-laikiklis-ah-300\/#primaryimage","url":"https:\/\/evolve-fitness.eu\/wp-content\/uploads\/2025\/03\/EV-RS-AH-300-1.png","contentUrl":"https:\/\/evolve-fitness.eu\/wp-content\/uploads\/2025\/03\/EV-RS-AH-300-1.png","width":1600,"height":1600},{"@type":"BreadcrumbList","@id":"https:\/\/evolve-fitness.eu\/lt\/produktas\/evolve-laisvai-pastatomas-reguliuojamas-kilimeliu-laikiklis-ah-300\/#breadcrumb","itemListElement":[{"@type":"ListItem","position":1,"name":"Home","item":"https:\/\/evolve-fitness.eu\/lt\/"},{"@type":"ListItem","position":2,"name":"Produktai","item":"https:\/\/evolve-fitness.eu\/lt\/shop\/"},{"@type":"ListItem","position":3,"name":"&#8220;Evolve&#8221; laisvai pastatomas reguliuojamas kilim\u0117li\u0173 laikiklis (AH-300)"}]},{"@type":"WebSite","@id":"https:\/\/evolve-fitness.eu\/lt\/#website","url":"https:\/\/evolve-fitness.eu\/lt\/","name":"Evolve","description":"Your Evolved Gear Arrived","publisher":{"@id":"https:\/\/evolve-fitness.eu\/lt\/#organization"},"potentialAction":[{"@type":"SearchAction","target":{"@type":"EntryPoint","urlTemplate":"https:\/\/evolve-fitness.eu\/lt\/?s={search_term_string}"},"query-input":{"@type":"PropertyValueSpecification","valueRequired":true,"valueName":"search_term_string"}}],"inLanguage":"lt-LT"},{"@type":"Organization","@id":"https:\/\/evolve-fitness.eu\/lt\/#organization","name":"Evolve","url":"https:\/\/evolve-fitness.eu\/lt\/","logo":{"@type":"ImageObject","inLanguage":"lt-LT","@id":"https:\/\/evolve-fitness.eu\/lt\/#\/schema\/logo\/image\/","url":"https:\/\/evolve-fitness.eu\/wp-content\/uploads\/2023\/05\/Evolve-logo.svg","contentUrl":"https:\/\/evolve-fitness.eu\/wp-content\/uploads\/2023\/05\/Evolve-logo.svg","width":176,"height":20,"caption":"Evolve"},"image":{"@id":"https:\/\/evolve-fitness.eu\/lt\/#\/schema\/logo\/image\/"},"sameAs":["https:\/\/www.facebook.com\/EvolveFitnessEurope"]}]}},"_links":{"self":[{"href":"https:\/\/evolve-fitness.eu\/lt\/wp-json\/wp\/v2\/product\/229133","targetHints":{"allow":["GET"]}}],"collection":[{"href":"https:\/\/evolve-fitness.eu\/lt\/wp-json\/wp\/v2\/product"}],"about":[{"href":"https:\/\/evolve-fitness.eu\/lt\/wp-json\/wp\/v2\/types\/product"}],"wp:featuredmedia":[{"embeddable":true,"href":"https:\/\/evolve-fitness.eu\/lt\/wp-json\/wp\/v2\/media\/229134"}],"wp:attachment":[{"href":"https:\/\/evolve-fitness.eu\/lt\/wp-json\/wp\/v2\/media?parent=229133"}],"wp:term":[{"taxonomy":"product_brand","embeddable":true,"href":"https:\/\/evolve-fitness.eu\/lt\/wp-json\/wp\/v2\/product_brand?post=229133"},{"taxonomy":"product_cat","embeddable":true,"href":"https:\/\/evolve-fitness.eu\/lt\/wp-json\/wp\/v2\/product_cat?post=229133"},{"taxonomy":"product_tag","embeddable":true,"href":"https:\/\/evolve-fitness.eu\/lt\/wp-json\/wp\/v2\/product_tag?post=229133"}],"curies":[{"name":"wp","href":"https:\/\/api.w.org\/{rel}","templated":true}]}}