{"id":232343,"date":"2026-02-13T13:50:01","date_gmt":"2026-02-13T11:50:01","guid":{"rendered":"https:\/\/evolve-fitness.eu\/product\/evolve-mediniu-kopeciu-rinkinys-su-statramsciais-gw-010\/"},"modified":"2026-02-13T13:50:01","modified_gmt":"2026-02-13T11:50:01","slug":"evolve-mediniu-kopeciu-rinkinys-su-statramsciais-gw-010","status":"publish","type":"product","link":"https:\/\/evolve-fitness.eu\/lt\/produktas\/evolve-mediniu-kopeciu-rinkinys-su-statramsciais-gw-010\/","title":{"rendered":"&#8222;Evolve&#8221; medini\u0173 kop\u0117\u010di\u0173 rinkinys su statrams\u010diais (GW-010)"},"content":{"rendered":"","protected":false},"excerpt":{"rendered":"<p>&#8222;Evolve&#8221; medini\u0173 kop\u0117\u010di\u0173 rinkinys su statrams\u010diais yra profesionalus treniruo\u010di\u0173 priedas, skirtas montuoti ant sienini\u0173 arba laisvai pastatom\u0173 stela\u017e\u0173 sistem\u0173. \u0160is komponentas leid\u017eia saugiai ir patogiai atlikti jud\u0117jimo, tempimo ir koordinacijos pratimus. <\/p>\n<p>\u012eranga sukurta intensyviam naudojimui sporto sal\u0117se, reabilitacijos centruose ar funkcini\u0173 treniruo\u010di\u0173 zonose, kur labai vertinamas nat\u016bralus sukibimas, stabilumas ir ilgalaikis patvarumas.<\/p>\n<p>\n","protected":false},"featured_media":232344,"template":"","meta":{"_acf_changed":false,"inline_featured_image":false},"product_brand":[],"product_cat":[881,957,756],"product_tag":[],"class_list":{"0":"post-232343","1":"product","2":"type-product","3":"status-publish","4":"has-post-thumbnail","6":"product_cat-irangos-komponentai","7":"product_cat-pagrindines-dalys","8":"product_cat-studija","10":"first","11":"instock","12":"shipping-taxable","13":"purchasable","14":"product-type-simple"},"acf":{"long_title":"\"Evolve\" medini\u0173 kop\u0117\u010di\u0173 rinkinys su statrams\u010diais (GW-010)","subtitle":"","specifications":[{"label":"SKU","text_value":"EV-AT-GW-010","icon":"x"},{"label":"Auk\u0161tis","text_value":"2700 mm","icon":"x"},{"label":"Plotis","text_value":"1100 mm","icon":"x"},{"label":"Atstumas tarp pakop\u0173","text_value":"175 mm","icon":"x"},{"label":"Skersmuo","text_value":"\u00d8 30 mm","icon":"x"},{"label":"Statybos","text_value":"Plieninis r\u0117mas ir mediena","icon":"x"},{"label":"Naudojimas","text_value":"Komercin\u0117s \/ profesionalios","icon":"x"},{"label":"Garantija","text_value":"2 metai","icon":"x"}],"product_frequently_asked_questions":null},"yoast_head":"<!-- This site is optimized with the Yoast SEO plugin v27.4 - https:\/\/yoast.com\/product\/yoast-seo-wordpress\/ -->\n<title>&quot;Evolve&quot; medini\u0173 kop\u0117\u010di\u0173 rinkinys su statrams\u010diais (GW-010) - Evolve<\/title>\n<meta name=\"description\" content=\"&quot;Evolve&quot; pagrindo plok\u0161t\u0117 - 110 cm - tai tvirtas konstrukcinis pagrindas, skirtas u\u017etikrinti maksimal\u0173 stabilum\u0105 ir i\u0161lyginim\u0105 jungiant du statrams\u010dius.\" \/>\n<meta name=\"robots\" content=\"index, follow, max-snippet:-1, max-image-preview:large, max-video-preview:-1\" \/>\n<link rel=\"canonical\" href=\"https:\/\/evolve-fitness.eu\/lt\/produktas\/evolve-mediniu-kopeciu-rinkinys-su-statramsciais-gw-010\/\" \/>\n<meta property=\"og:locale\" content=\"lt_LT\" \/>\n<meta property=\"og:type\" content=\"article\" \/>\n<meta property=\"og:title\" content=\"&quot;Evolve&quot; medini\u0173 kop\u0117\u010di\u0173 rinkinys su statrams\u010diais (GW-010) - Evolve\" \/>\n<meta property=\"og:description\" content=\"&quot;Evolve&quot; pagrindo plok\u0161t\u0117 - 110 cm - tai tvirtas konstrukcinis pagrindas, skirtas u\u017etikrinti maksimal\u0173 stabilum\u0105 ir i\u0161lyginim\u0105 jungiant du statrams\u010dius.\" \/>\n<meta property=\"og:url\" content=\"https:\/\/evolve-fitness.eu\/lt\/produktas\/evolve-mediniu-kopeciu-rinkinys-su-statramsciais-gw-010\/\" \/>\n<meta property=\"og:site_name\" content=\"Evolve\" \/>\n<meta property=\"article:publisher\" content=\"https:\/\/www.facebook.com\/EvolveFitnessEurope\" \/>\n<meta property=\"og:image\" content=\"https:\/\/evolve-fitness.eu\/wp-content\/uploads\/2026\/02\/EV-AT-GW-010.png\" \/>\n\t<meta property=\"og:image:width\" content=\"1080\" \/>\n\t<meta property=\"og:image:height\" content=\"1080\" \/>\n\t<meta property=\"og:image:type\" content=\"image\/png\" \/>\n<meta name=\"twitter:card\" content=\"summary_large_image\" \/>\n<script type=\"application\/ld+json\" class=\"yoast-schema-graph\">{\"@context\":\"https:\\\/\\\/schema.org\",\"@graph\":[{\"@type\":\"WebPage\",\"@id\":\"https:\\\/\\\/evolve-fitness.eu\\\/lt\\\/produktas\\\/evolve-mediniu-kopeciu-rinkinys-su-statramsciais-gw-010\\\/\",\"url\":\"https:\\\/\\\/evolve-fitness.eu\\\/lt\\\/produktas\\\/evolve-mediniu-kopeciu-rinkinys-su-statramsciais-gw-010\\\/\",\"name\":\"\\\"Evolve\\\" medini\u0173 kop\u0117\u010di\u0173 rinkinys su statrams\u010diais (GW-010) - Evolve\",\"isPartOf\":{\"@id\":\"https:\\\/\\\/evolve-fitness.eu\\\/lt\\\/#website\"},\"primaryImageOfPage\":{\"@id\":\"https:\\\/\\\/evolve-fitness.eu\\\/lt\\\/produktas\\\/evolve-mediniu-kopeciu-rinkinys-su-statramsciais-gw-010\\\/#primaryimage\"},\"image\":{\"@id\":\"https:\\\/\\\/evolve-fitness.eu\\\/lt\\\/produktas\\\/evolve-mediniu-kopeciu-rinkinys-su-statramsciais-gw-010\\\/#primaryimage\"},\"thumbnailUrl\":\"https:\\\/\\\/evolve-fitness.eu\\\/wp-content\\\/uploads\\\/2026\\\/02\\\/EV-AT-GW-010.png\",\"datePublished\":\"2026-02-13T11:50:01+00:00\",\"description\":\"\\\"Evolve\\\" pagrindo plok\u0161t\u0117 - 110 cm - tai tvirtas konstrukcinis pagrindas, skirtas u\u017etikrinti maksimal\u0173 stabilum\u0105 ir i\u0161lyginim\u0105 jungiant du statrams\u010dius.\",\"breadcrumb\":{\"@id\":\"https:\\\/\\\/evolve-fitness.eu\\\/lt\\\/produktas\\\/evolve-mediniu-kopeciu-rinkinys-su-statramsciais-gw-010\\\/#breadcrumb\"},\"inLanguage\":\"lt-LT\",\"potentialAction\":[{\"@type\":\"ReadAction\",\"target\":[\"https:\\\/\\\/evolve-fitness.eu\\\/lt\\\/produktas\\\/evolve-mediniu-kopeciu-rinkinys-su-statramsciais-gw-010\\\/\"]}]},{\"@type\":\"ImageObject\",\"inLanguage\":\"lt-LT\",\"@id\":\"https:\\\/\\\/evolve-fitness.eu\\\/lt\\\/produktas\\\/evolve-mediniu-kopeciu-rinkinys-su-statramsciais-gw-010\\\/#primaryimage\",\"url\":\"https:\\\/\\\/evolve-fitness.eu\\\/wp-content\\\/uploads\\\/2026\\\/02\\\/EV-AT-GW-010.png\",\"contentUrl\":\"https:\\\/\\\/evolve-fitness.eu\\\/wp-content\\\/uploads\\\/2026\\\/02\\\/EV-AT-GW-010.png\",\"width\":1080,\"height\":1080},{\"@type\":\"BreadcrumbList\",\"@id\":\"https:\\\/\\\/evolve-fitness.eu\\\/lt\\\/produktas\\\/evolve-mediniu-kopeciu-rinkinys-su-statramsciais-gw-010\\\/#breadcrumb\",\"itemListElement\":[{\"@type\":\"ListItem\",\"position\":1,\"name\":\"Home\",\"item\":\"https:\\\/\\\/evolve-fitness.eu\\\/lt\\\/\"},{\"@type\":\"ListItem\",\"position\":2,\"name\":\"Produktai\",\"item\":\"https:\\\/\\\/evolve-fitness.eu\\\/lt\\\/shop\\\/\"},{\"@type\":\"ListItem\",\"position\":3,\"name\":\"&#8220;Evolve&#8221; medini\u0173 kop\u0117\u010di\u0173 rinkinys su statrams\u010diais (GW-010)\"}]},{\"@type\":\"WebSite\",\"@id\":\"https:\\\/\\\/evolve-fitness.eu\\\/lt\\\/#website\",\"url\":\"https:\\\/\\\/evolve-fitness.eu\\\/lt\\\/\",\"name\":\"Evolve\",\"description\":\"Your Evolved Gear Arrived\",\"publisher\":{\"@id\":\"https:\\\/\\\/evolve-fitness.eu\\\/lt\\\/#organization\"},\"potentialAction\":[{\"@type\":\"SearchAction\",\"target\":{\"@type\":\"EntryPoint\",\"urlTemplate\":\"https:\\\/\\\/evolve-fitness.eu\\\/lt\\\/?s={search_term_string}\"},\"query-input\":{\"@type\":\"PropertyValueSpecification\",\"valueRequired\":true,\"valueName\":\"search_term_string\"}}],\"inLanguage\":\"lt-LT\"},{\"@type\":\"Organization\",\"@id\":\"https:\\\/\\\/evolve-fitness.eu\\\/lt\\\/#organization\",\"name\":\"Evolve\",\"url\":\"https:\\\/\\\/evolve-fitness.eu\\\/lt\\\/\",\"logo\":{\"@type\":\"ImageObject\",\"inLanguage\":\"lt-LT\",\"@id\":\"https:\\\/\\\/evolve-fitness.eu\\\/lt\\\/#\\\/schema\\\/logo\\\/image\\\/\",\"url\":\"https:\\\/\\\/evolve-fitness.eu\\\/wp-content\\\/uploads\\\/2023\\\/05\\\/Evolve-logo.svg\",\"contentUrl\":\"https:\\\/\\\/evolve-fitness.eu\\\/wp-content\\\/uploads\\\/2023\\\/05\\\/Evolve-logo.svg\",\"width\":176,\"height\":20,\"caption\":\"Evolve\"},\"image\":{\"@id\":\"https:\\\/\\\/evolve-fitness.eu\\\/lt\\\/#\\\/schema\\\/logo\\\/image\\\/\"},\"sameAs\":[\"https:\\\/\\\/www.facebook.com\\\/EvolveFitnessEurope\"]}]}<\/script>\n<!-- \/ Yoast SEO plugin. -->","yoast_head_json":{"title":"\"Evolve\" medini\u0173 kop\u0117\u010di\u0173 rinkinys su statrams\u010diais (GW-010) - Evolve","description":"\"Evolve\" pagrindo plok\u0161t\u0117 - 110 cm - tai tvirtas konstrukcinis pagrindas, skirtas u\u017etikrinti maksimal\u0173 stabilum\u0105 ir i\u0161lyginim\u0105 jungiant du statrams\u010dius.","robots":{"index":"index","follow":"follow","max-snippet":"max-snippet:-1","max-image-preview":"max-image-preview:large","max-video-preview":"max-video-preview:-1"},"canonical":"https:\/\/evolve-fitness.eu\/lt\/produktas\/evolve-mediniu-kopeciu-rinkinys-su-statramsciais-gw-010\/","og_locale":"lt_LT","og_type":"article","og_title":"\"Evolve\" medini\u0173 kop\u0117\u010di\u0173 rinkinys su statrams\u010diais (GW-010) - Evolve","og_description":"\"Evolve\" pagrindo plok\u0161t\u0117 - 110 cm - tai tvirtas konstrukcinis pagrindas, skirtas u\u017etikrinti maksimal\u0173 stabilum\u0105 ir i\u0161lyginim\u0105 jungiant du statrams\u010dius.","og_url":"https:\/\/evolve-fitness.eu\/lt\/produktas\/evolve-mediniu-kopeciu-rinkinys-su-statramsciais-gw-010\/","og_site_name":"Evolve","article_publisher":"https:\/\/www.facebook.com\/EvolveFitnessEurope","og_image":[{"width":1080,"height":1080,"url":"https:\/\/evolve-fitness.eu\/wp-content\/uploads\/2026\/02\/EV-AT-GW-010.png","type":"image\/png"}],"twitter_card":"summary_large_image","schema":{"@context":"https:\/\/schema.org","@graph":[{"@type":"WebPage","@id":"https:\/\/evolve-fitness.eu\/lt\/produktas\/evolve-mediniu-kopeciu-rinkinys-su-statramsciais-gw-010\/","url":"https:\/\/evolve-fitness.eu\/lt\/produktas\/evolve-mediniu-kopeciu-rinkinys-su-statramsciais-gw-010\/","name":"\"Evolve\" medini\u0173 kop\u0117\u010di\u0173 rinkinys su statrams\u010diais (GW-010) - Evolve","isPartOf":{"@id":"https:\/\/evolve-fitness.eu\/lt\/#website"},"primaryImageOfPage":{"@id":"https:\/\/evolve-fitness.eu\/lt\/produktas\/evolve-mediniu-kopeciu-rinkinys-su-statramsciais-gw-010\/#primaryimage"},"image":{"@id":"https:\/\/evolve-fitness.eu\/lt\/produktas\/evolve-mediniu-kopeciu-rinkinys-su-statramsciais-gw-010\/#primaryimage"},"thumbnailUrl":"https:\/\/evolve-fitness.eu\/wp-content\/uploads\/2026\/02\/EV-AT-GW-010.png","datePublished":"2026-02-13T11:50:01+00:00","description":"\"Evolve\" pagrindo plok\u0161t\u0117 - 110 cm - tai tvirtas konstrukcinis pagrindas, skirtas u\u017etikrinti maksimal\u0173 stabilum\u0105 ir i\u0161lyginim\u0105 jungiant du statrams\u010dius.","breadcrumb":{"@id":"https:\/\/evolve-fitness.eu\/lt\/produktas\/evolve-mediniu-kopeciu-rinkinys-su-statramsciais-gw-010\/#breadcrumb"},"inLanguage":"lt-LT","potentialAction":[{"@type":"ReadAction","target":["https:\/\/evolve-fitness.eu\/lt\/produktas\/evolve-mediniu-kopeciu-rinkinys-su-statramsciais-gw-010\/"]}]},{"@type":"ImageObject","inLanguage":"lt-LT","@id":"https:\/\/evolve-fitness.eu\/lt\/produktas\/evolve-mediniu-kopeciu-rinkinys-su-statramsciais-gw-010\/#primaryimage","url":"https:\/\/evolve-fitness.eu\/wp-content\/uploads\/2026\/02\/EV-AT-GW-010.png","contentUrl":"https:\/\/evolve-fitness.eu\/wp-content\/uploads\/2026\/02\/EV-AT-GW-010.png","width":1080,"height":1080},{"@type":"BreadcrumbList","@id":"https:\/\/evolve-fitness.eu\/lt\/produktas\/evolve-mediniu-kopeciu-rinkinys-su-statramsciais-gw-010\/#breadcrumb","itemListElement":[{"@type":"ListItem","position":1,"name":"Home","item":"https:\/\/evolve-fitness.eu\/lt\/"},{"@type":"ListItem","position":2,"name":"Produktai","item":"https:\/\/evolve-fitness.eu\/lt\/shop\/"},{"@type":"ListItem","position":3,"name":"&#8220;Evolve&#8221; medini\u0173 kop\u0117\u010di\u0173 rinkinys su statrams\u010diais (GW-010)"}]},{"@type":"WebSite","@id":"https:\/\/evolve-fitness.eu\/lt\/#website","url":"https:\/\/evolve-fitness.eu\/lt\/","name":"Evolve","description":"Your Evolved Gear Arrived","publisher":{"@id":"https:\/\/evolve-fitness.eu\/lt\/#organization"},"potentialAction":[{"@type":"SearchAction","target":{"@type":"EntryPoint","urlTemplate":"https:\/\/evolve-fitness.eu\/lt\/?s={search_term_string}"},"query-input":{"@type":"PropertyValueSpecification","valueRequired":true,"valueName":"search_term_string"}}],"inLanguage":"lt-LT"},{"@type":"Organization","@id":"https:\/\/evolve-fitness.eu\/lt\/#organization","name":"Evolve","url":"https:\/\/evolve-fitness.eu\/lt\/","logo":{"@type":"ImageObject","inLanguage":"lt-LT","@id":"https:\/\/evolve-fitness.eu\/lt\/#\/schema\/logo\/image\/","url":"https:\/\/evolve-fitness.eu\/wp-content\/uploads\/2023\/05\/Evolve-logo.svg","contentUrl":"https:\/\/evolve-fitness.eu\/wp-content\/uploads\/2023\/05\/Evolve-logo.svg","width":176,"height":20,"caption":"Evolve"},"image":{"@id":"https:\/\/evolve-fitness.eu\/lt\/#\/schema\/logo\/image\/"},"sameAs":["https:\/\/www.facebook.com\/EvolveFitnessEurope"]}]}},"_links":{"self":[{"href":"https:\/\/evolve-fitness.eu\/lt\/wp-json\/wp\/v2\/product\/232343","targetHints":{"allow":["GET"]}}],"collection":[{"href":"https:\/\/evolve-fitness.eu\/lt\/wp-json\/wp\/v2\/product"}],"about":[{"href":"https:\/\/evolve-fitness.eu\/lt\/wp-json\/wp\/v2\/types\/product"}],"wp:featuredmedia":[{"embeddable":true,"href":"https:\/\/evolve-fitness.eu\/lt\/wp-json\/wp\/v2\/media\/232344"}],"wp:attachment":[{"href":"https:\/\/evolve-fitness.eu\/lt\/wp-json\/wp\/v2\/media?parent=232343"}],"wp:term":[{"taxonomy":"product_brand","embeddable":true,"href":"https:\/\/evolve-fitness.eu\/lt\/wp-json\/wp\/v2\/product_brand?post=232343"},{"taxonomy":"product_cat","embeddable":true,"href":"https:\/\/evolve-fitness.eu\/lt\/wp-json\/wp\/v2\/product_cat?post=232343"},{"taxonomy":"product_tag","embeddable":true,"href":"https:\/\/evolve-fitness.eu\/lt\/wp-json\/wp\/v2\/product_tag?post=232343"}],"curies":[{"name":"wp","href":"https:\/\/api.w.org\/{rel}","templated":true}]}}