{"id":101830,"date":"2023-11-21T08:52:15","date_gmt":"2023-11-21T08:52:15","guid":{"rendered":"https:\/\/evolve-fitness.eu\/product\/evolve-olympische-stangkragen\/"},"modified":"2024-07-16T11:34:26","modified_gmt":"2024-07-16T11:34:26","slug":"evolve-olympische-stangkragen","status":"publish","type":"product","link":"https:\/\/evolve-fitness.eu\/nl\/product\/evolve-olympische-stangkragen\/","title":{"rendered":"Evolve Olympische Stangkragen"},"content":{"rendered":"\n<section class=\"wp-block-group alignfull has-lightgray-background-color has-background is-layout-constrained wp-block-group-is-layout-constrained\">\n<div class=\"wp-block-columns alignwide is-layout-flex wp-container-core-columns-is-layout-2edb0647 wp-block-columns-is-layout-flex\" style=\"margin-top:0;margin-bottom:0\">\n<div class=\"wp-block-column is-layout-flow wp-block-column-is-layout-flow\" style=\"flex-basis:33.33%\"><\/div>\n\n\n\n<div class=\"wp-block-column is-layout-flow wp-block-column-is-layout-flow\" style=\"flex-basis:66.66%\"><\/div>\n<\/div>\n<\/section>\n\n<section class=\"wp-block-group alignfull black-content has-white-color has-darkgray-background-color has-text-color has-background is-layout-constrained wp-block-group-is-layout-constrained\" style=\"padding-top:var(--wp--preset--spacing--section-bottom);padding-bottom:var(--wp--preset--spacing--section-bottom)\">\n<div class=\"wp-block-columns alignwide mobile-reverse is-layout-flex wp-container-core-columns-is-layout-ca64bf2d wp-block-columns-is-layout-flex\" style=\"margin-bottom:var(--wp--preset--spacing--side-padding)\">\n<div class=\"wp-block-column is-vertically-aligned-center is-layout-flow wp-block-column-is-layout-flow\">\n<h3 class=\"wp-block-heading\" style=\"margin-bottom:var(--wp--preset--spacing--h-3-bottom)\"><strong>montage van standaard olympische stangen  <\/strong><\/h3>\n\n\n\n<p><strong><em><strong><em><strong><em><strong>Met een sleutelgatdiameter van 50 mm<\/strong><\/em><\/strong><\/em><\/strong><\/em><\/strong><\/p>\n\n\n\n<p>De Evolve Olympische Stangkragen zijn ontworpen voor veilig en effici\u00ebnt gewichtheffen. Ze zijn met \u00e9\u00e9n hand te bedienen voor gebruiksgemak en zijn gemaakt met een duurzaam nylon frame en elastomeerkussentjes voor bescherming van de uitrusting. Met een gewicht van slechts 0,4 kg en passend op standaard Olympische stangen met een sleutelgatdiameter van 50 mm zijn deze kragen ideaal voor zowel thuis- als commerci\u00eble sportscholen.<\/p>\n<\/div>\n\n\n\n<div class=\"wp-block-column is-vertically-aligned-center is-layout-flow wp-block-column-is-layout-flow\">\n<figure class=\"wp-block-video\"><video height=\"1080\" style=\"aspect-ratio: 1920 \/ 1080;\" width=\"1920\" autoplay=\"\" controls=\"\" loop=\"\" muted=\"\" src=\"https:\/\/evolve-fitness.eu\/wp-content\/uploads\/2024\/01\/EV-OC-CC-02.mp4\"><\/video><\/figure>\n<\/div>\n<\/div>\n\n\n\n<div class=\"wp-block-columns alignwide is-layout-flex wp-container-core-columns-is-layout-c45ee707 wp-block-columns-is-layout-flex\" style=\"margin-bottom:var(--wp--preset--spacing--side-padding);padding-top:var(--wp--preset--spacing--side-padding)\">\n<div class=\"wp-block-column is-vertically-aligned-center is-layout-flow wp-block-column-is-layout-flow\">\n<figure class=\"wp-block-video\"><video height=\"1080\" style=\"aspect-ratio: 1920 \/ 1080;\" width=\"1920\" autoplay=\"\" controls=\"\" loop=\"\" muted=\"\" src=\"https:\/\/evolve-fitness.eu\/wp-content\/uploads\/2023\/11\/EV-OC-CC-02-2.mp4\"><\/video><\/figure>\n<\/div>\n\n\n\n<div class=\"wp-block-column is-vertically-aligned-center is-layout-flow wp-block-column-is-layout-flow\">\n<h3 class=\"wp-block-heading\" style=\"margin-bottom:var(--wp--preset--spacing--h-3-bottom)\"><strong><strong>magnetische aansluitpunten<\/strong><\/strong><\/h3>\n\n\n\n<p><strong><em>Een functie die hun functionaliteit en opslaggemak verbetert<\/em><\/strong><\/p>\n\n\n\n<p>Met deze magneten kunnen de halsbanden gemakkelijk worden bevestigd aan elk metalen oppervlak, zoals een rek of rig, zodat ze altijd binnen handbereik zijn en niet zoekraken. Dit innovatieve ontwerp maakt de halsbanden bijzonder gebruiksvriendelijk en effici\u00ebnt voor gewichtheffers en sportschoolfanaten.<\/p>\n<\/div>\n<\/div>\n<\/section>\n","protected":false},"excerpt":{"rendered":"<p>Verbeter je training met Evolve&#8217;s Press-On Olympic Fret Locks (EV-OC-CC-04), een perfecte mix van innovatie en kwaliteit. Deze klemmen zijn ontworpen voor eenvoudig gebruik met \u00e9\u00e9n hand en beschermen je apparatuur met elastomeer pads en een duurzaam nylon frame. Ze zijn ideaal voor zowel thuis- als commerci\u00eble sportscholen, passen op standaard Olympische stangen met een sleutelgatdiameter van 50 mm en wegen slechts 0,4 kg. Koop vandaag nog om je trainingsroutine effici\u00ebnter te maken en spaar spaarpunten met Evolve.<\/p>\n","protected":false},"featured_media":101831,"template":"","meta":{"_acf_changed":false,"inline_featured_image":false},"product_brand":[],"product_cat":[2004,5011],"product_tag":[],"class_list":{"0":"post-101830","1":"product","2":"type-product","3":"status-publish","4":"has-post-thumbnail","6":"product_cat-vrije-gewichten","7":"product_cat-bars-accessoires","9":"first","10":"instock","11":"shipping-taxable","12":"purchasable","13":"product-type-simple"},"acf":{"long_title":"Evolve Olympische Stangkragen","subtitle":"","specifications":[{"label":"SKU","text_value":"EV-OC-CC-02","icon":"x"},{"label":"Gewicht","text_value":"0,4 kg","icon":"v"},{"label":"Diameter sleutelgat","text_value":"50 mm","icon":"v"}]},"yoast_head":"<!-- This site is optimized with the Yoast SEO plugin v27.4 - https:\/\/yoast.com\/product\/yoast-seo-wordpress\/ -->\n<title>Evolve Olympische Stangkragen - Evolve<\/title>\n<meta name=\"robots\" content=\"index, follow, max-snippet:-1, max-image-preview:large, max-video-preview:-1\" \/>\n<link rel=\"canonical\" href=\"https:\/\/evolve-fitness.eu\/nl\/product\/evolve-olympische-stangkragen\/\" \/>\n<meta property=\"og:locale\" content=\"nl_NL\" \/>\n<meta property=\"og:type\" content=\"article\" \/>\n<meta property=\"og:title\" content=\"Evolve Olympische Stangkragen - Evolve\" \/>\n<meta property=\"og:url\" content=\"https:\/\/evolve-fitness.eu\/nl\/product\/evolve-olympische-stangkragen\/\" \/>\n<meta property=\"og:site_name\" content=\"Evolve\" \/>\n<meta property=\"article:publisher\" content=\"https:\/\/www.facebook.com\/EvolveFitnessEurope\" \/>\n<meta property=\"article:modified_time\" content=\"2024-07-16T11:34:26+00:00\" \/>\n<meta property=\"og:image\" content=\"https:\/\/evolve-fitness.eu\/wp-content\/uploads\/2023\/11\/EV-OC-CC-02.webp\" \/>\n\t<meta property=\"og:image:width\" content=\"680\" \/>\n\t<meta property=\"og:image:height\" content=\"600\" \/>\n\t<meta property=\"og:image:type\" content=\"image\/webp\" \/>\n<meta name=\"twitter:card\" content=\"summary_large_image\" \/>\n<script type=\"application\/ld+json\" class=\"yoast-schema-graph\">{\"@context\":\"https:\\\/\\\/schema.org\",\"@graph\":[{\"@type\":\"WebPage\",\"@id\":\"https:\\\/\\\/evolve-fitness.eu\\\/nl\\\/product\\\/evolve-olympische-stangkragen\\\/\",\"url\":\"https:\\\/\\\/evolve-fitness.eu\\\/nl\\\/product\\\/evolve-olympische-stangkragen\\\/\",\"name\":\"Evolve Olympische Stangkragen - Evolve\",\"isPartOf\":{\"@id\":\"https:\\\/\\\/evolve-fitness.eu\\\/nl\\\/#website\"},\"primaryImageOfPage\":{\"@id\":\"https:\\\/\\\/evolve-fitness.eu\\\/nl\\\/product\\\/evolve-olympische-stangkragen\\\/#primaryimage\"},\"image\":{\"@id\":\"https:\\\/\\\/evolve-fitness.eu\\\/nl\\\/product\\\/evolve-olympische-stangkragen\\\/#primaryimage\"},\"thumbnailUrl\":\"https:\\\/\\\/evolve-fitness.eu\\\/wp-content\\\/uploads\\\/2023\\\/11\\\/EV-OC-CC-02.webp\",\"datePublished\":\"2023-11-21T08:52:15+00:00\",\"dateModified\":\"2024-07-16T11:34:26+00:00\",\"breadcrumb\":{\"@id\":\"https:\\\/\\\/evolve-fitness.eu\\\/nl\\\/product\\\/evolve-olympische-stangkragen\\\/#breadcrumb\"},\"inLanguage\":\"nl-NL\",\"potentialAction\":[{\"@type\":\"ReadAction\",\"target\":[\"https:\\\/\\\/evolve-fitness.eu\\\/nl\\\/product\\\/evolve-olympische-stangkragen\\\/\"]}]},{\"@type\":\"ImageObject\",\"inLanguage\":\"nl-NL\",\"@id\":\"https:\\\/\\\/evolve-fitness.eu\\\/nl\\\/product\\\/evolve-olympische-stangkragen\\\/#primaryimage\",\"url\":\"https:\\\/\\\/evolve-fitness.eu\\\/wp-content\\\/uploads\\\/2023\\\/11\\\/EV-OC-CC-02.webp\",\"contentUrl\":\"https:\\\/\\\/evolve-fitness.eu\\\/wp-content\\\/uploads\\\/2023\\\/11\\\/EV-OC-CC-02.webp\",\"width\":680,\"height\":600,\"caption\":\"EV-OC-CC-02\"},{\"@type\":\"BreadcrumbList\",\"@id\":\"https:\\\/\\\/evolve-fitness.eu\\\/nl\\\/product\\\/evolve-olympische-stangkragen\\\/#breadcrumb\",\"itemListElement\":[{\"@type\":\"ListItem\",\"position\":1,\"name\":\"Home\",\"item\":\"https:\\\/\\\/evolve-fitness.eu\\\/nl\\\/\"},{\"@type\":\"ListItem\",\"position\":2,\"name\":\"Producten\",\"item\":\"https:\\\/\\\/evolve-fitness.eu\\\/nl\\\/shop\\\/\"},{\"@type\":\"ListItem\",\"position\":3,\"name\":\"Evolve Olympische Stangkragen\"}]},{\"@type\":\"WebSite\",\"@id\":\"https:\\\/\\\/evolve-fitness.eu\\\/nl\\\/#website\",\"url\":\"https:\\\/\\\/evolve-fitness.eu\\\/nl\\\/\",\"name\":\"Evolve\",\"description\":\"Your Evolved Gear Arrived\",\"publisher\":{\"@id\":\"https:\\\/\\\/evolve-fitness.eu\\\/nl\\\/#organization\"},\"potentialAction\":[{\"@type\":\"SearchAction\",\"target\":{\"@type\":\"EntryPoint\",\"urlTemplate\":\"https:\\\/\\\/evolve-fitness.eu\\\/nl\\\/?s={search_term_string}\"},\"query-input\":{\"@type\":\"PropertyValueSpecification\",\"valueRequired\":true,\"valueName\":\"search_term_string\"}}],\"inLanguage\":\"nl-NL\"},{\"@type\":\"Organization\",\"@id\":\"https:\\\/\\\/evolve-fitness.eu\\\/nl\\\/#organization\",\"name\":\"Evolve\",\"url\":\"https:\\\/\\\/evolve-fitness.eu\\\/nl\\\/\",\"logo\":{\"@type\":\"ImageObject\",\"inLanguage\":\"nl-NL\",\"@id\":\"https:\\\/\\\/evolve-fitness.eu\\\/nl\\\/#\\\/schema\\\/logo\\\/image\\\/\",\"url\":\"https:\\\/\\\/evolve-fitness.eu\\\/wp-content\\\/uploads\\\/2023\\\/05\\\/Evolve-logo.svg\",\"contentUrl\":\"https:\\\/\\\/evolve-fitness.eu\\\/wp-content\\\/uploads\\\/2023\\\/05\\\/Evolve-logo.svg\",\"width\":176,\"height\":20,\"caption\":\"Evolve\"},\"image\":{\"@id\":\"https:\\\/\\\/evolve-fitness.eu\\\/nl\\\/#\\\/schema\\\/logo\\\/image\\\/\"},\"sameAs\":[\"https:\\\/\\\/www.facebook.com\\\/EvolveFitnessEurope\"]}]}<\/script>\n<!-- \/ Yoast SEO plugin. -->","yoast_head_json":{"title":"Evolve Olympische Stangkragen - Evolve","robots":{"index":"index","follow":"follow","max-snippet":"max-snippet:-1","max-image-preview":"max-image-preview:large","max-video-preview":"max-video-preview:-1"},"canonical":"https:\/\/evolve-fitness.eu\/nl\/product\/evolve-olympische-stangkragen\/","og_locale":"nl_NL","og_type":"article","og_title":"Evolve Olympische Stangkragen - Evolve","og_url":"https:\/\/evolve-fitness.eu\/nl\/product\/evolve-olympische-stangkragen\/","og_site_name":"Evolve","article_publisher":"https:\/\/www.facebook.com\/EvolveFitnessEurope","article_modified_time":"2024-07-16T11:34:26+00:00","og_image":[{"width":680,"height":600,"url":"https:\/\/evolve-fitness.eu\/wp-content\/uploads\/2023\/11\/EV-OC-CC-02.webp","type":"image\/webp"}],"twitter_card":"summary_large_image","schema":{"@context":"https:\/\/schema.org","@graph":[{"@type":"WebPage","@id":"https:\/\/evolve-fitness.eu\/nl\/product\/evolve-olympische-stangkragen\/","url":"https:\/\/evolve-fitness.eu\/nl\/product\/evolve-olympische-stangkragen\/","name":"Evolve Olympische Stangkragen - Evolve","isPartOf":{"@id":"https:\/\/evolve-fitness.eu\/nl\/#website"},"primaryImageOfPage":{"@id":"https:\/\/evolve-fitness.eu\/nl\/product\/evolve-olympische-stangkragen\/#primaryimage"},"image":{"@id":"https:\/\/evolve-fitness.eu\/nl\/product\/evolve-olympische-stangkragen\/#primaryimage"},"thumbnailUrl":"https:\/\/evolve-fitness.eu\/wp-content\/uploads\/2023\/11\/EV-OC-CC-02.webp","datePublished":"2023-11-21T08:52:15+00:00","dateModified":"2024-07-16T11:34:26+00:00","breadcrumb":{"@id":"https:\/\/evolve-fitness.eu\/nl\/product\/evolve-olympische-stangkragen\/#breadcrumb"},"inLanguage":"nl-NL","potentialAction":[{"@type":"ReadAction","target":["https:\/\/evolve-fitness.eu\/nl\/product\/evolve-olympische-stangkragen\/"]}]},{"@type":"ImageObject","inLanguage":"nl-NL","@id":"https:\/\/evolve-fitness.eu\/nl\/product\/evolve-olympische-stangkragen\/#primaryimage","url":"https:\/\/evolve-fitness.eu\/wp-content\/uploads\/2023\/11\/EV-OC-CC-02.webp","contentUrl":"https:\/\/evolve-fitness.eu\/wp-content\/uploads\/2023\/11\/EV-OC-CC-02.webp","width":680,"height":600,"caption":"EV-OC-CC-02"},{"@type":"BreadcrumbList","@id":"https:\/\/evolve-fitness.eu\/nl\/product\/evolve-olympische-stangkragen\/#breadcrumb","itemListElement":[{"@type":"ListItem","position":1,"name":"Home","item":"https:\/\/evolve-fitness.eu\/nl\/"},{"@type":"ListItem","position":2,"name":"Producten","item":"https:\/\/evolve-fitness.eu\/nl\/shop\/"},{"@type":"ListItem","position":3,"name":"Evolve Olympische Stangkragen"}]},{"@type":"WebSite","@id":"https:\/\/evolve-fitness.eu\/nl\/#website","url":"https:\/\/evolve-fitness.eu\/nl\/","name":"Evolve","description":"Your Evolved Gear Arrived","publisher":{"@id":"https:\/\/evolve-fitness.eu\/nl\/#organization"},"potentialAction":[{"@type":"SearchAction","target":{"@type":"EntryPoint","urlTemplate":"https:\/\/evolve-fitness.eu\/nl\/?s={search_term_string}"},"query-input":{"@type":"PropertyValueSpecification","valueRequired":true,"valueName":"search_term_string"}}],"inLanguage":"nl-NL"},{"@type":"Organization","@id":"https:\/\/evolve-fitness.eu\/nl\/#organization","name":"Evolve","url":"https:\/\/evolve-fitness.eu\/nl\/","logo":{"@type":"ImageObject","inLanguage":"nl-NL","@id":"https:\/\/evolve-fitness.eu\/nl\/#\/schema\/logo\/image\/","url":"https:\/\/evolve-fitness.eu\/wp-content\/uploads\/2023\/05\/Evolve-logo.svg","contentUrl":"https:\/\/evolve-fitness.eu\/wp-content\/uploads\/2023\/05\/Evolve-logo.svg","width":176,"height":20,"caption":"Evolve"},"image":{"@id":"https:\/\/evolve-fitness.eu\/nl\/#\/schema\/logo\/image\/"},"sameAs":["https:\/\/www.facebook.com\/EvolveFitnessEurope"]}]}},"_links":{"self":[{"href":"https:\/\/evolve-fitness.eu\/nl\/wp-json\/wp\/v2\/product\/101830","targetHints":{"allow":["GET"]}}],"collection":[{"href":"https:\/\/evolve-fitness.eu\/nl\/wp-json\/wp\/v2\/product"}],"about":[{"href":"https:\/\/evolve-fitness.eu\/nl\/wp-json\/wp\/v2\/types\/product"}],"wp:featuredmedia":[{"embeddable":true,"href":"https:\/\/evolve-fitness.eu\/nl\/wp-json\/wp\/v2\/media\/101831"}],"wp:attachment":[{"href":"https:\/\/evolve-fitness.eu\/nl\/wp-json\/wp\/v2\/media?parent=101830"}],"wp:term":[{"taxonomy":"product_brand","embeddable":true,"href":"https:\/\/evolve-fitness.eu\/nl\/wp-json\/wp\/v2\/product_brand?post=101830"},{"taxonomy":"product_cat","embeddable":true,"href":"https:\/\/evolve-fitness.eu\/nl\/wp-json\/wp\/v2\/product_cat?post=101830"},{"taxonomy":"product_tag","embeddable":true,"href":"https:\/\/evolve-fitness.eu\/nl\/wp-json\/wp\/v2\/product_tag?post=101830"}],"curies":[{"name":"wp","href":"https:\/\/api.w.org\/{rel}","templated":true}]}}