{"id":119269,"date":"2023-09-14T08:51:48","date_gmt":"2023-09-14T08:51:48","guid":{"rendered":"https:\/\/evolve-fitness.eu\/product\/evolve-inclinacoes-para-ladrilhos-com-bom-acabamento-superior-evolve-inclinacoes-com-para-ladrilhos-com-bom-acabamento-superior-50-x-15-x-2-cm\/"},"modified":"2023-09-14T08:51:48","modified_gmt":"2023-09-14T08:51:48","slug":"evolve-inclinacoes-para-ladrilhos-com-bom-acabamento-superior-evolve-inclinacoes-com-para-ladrilhos-com-bom-acabamento-superior-50-x-15-x-2-cm","status":"publish","type":"product","link":"https:\/\/evolve-fitness.eu\/nl\/product\/evolve-inclinacoes-para-ladrilhos-com-bom-acabamento-superior-evolve-inclinacoes-com-para-ladrilhos-com-bom-acabamento-superior-50-x-15-x-2-cm\/","title":{"rendered":"Evolve Inclina\u00e7\u00f5es Para Ladrilhos Com Bom Acabamento Superior Evolve Inclina\u00e7\u00f5es Com Para Ladrilhos Com Bom Acabamento Superior 50 x 15 x 2 cm"},"content":{"rendered":"","protected":false},"excerpt":{"rendered":"<p>Evolve Ladrilhos para pavimentos interiores com bom acabamento superior 100 x 100 x 1,5 &#8211; 5 cm<\/p>\n","protected":false},"featured_media":0,"template":"","meta":{"_acf_changed":false,"inline_featured_image":false},"product_brand":[],"product_cat":[17],"product_tag":[],"class_list":{"0":"post-119269","1":"product","2":"type-product","3":"status-publish","5":"product_cat-be-kategorijos","7":"first","8":"instock","9":"shipping-taxable","10":"purchasable","11":"product-type-simple"},"acf":{"long_title":"","subtitle":"","specifications":null},"yoast_head":"<!-- This site is optimized with the Yoast SEO plugin v27.4 - https:\/\/yoast.com\/product\/yoast-seo-wordpress\/ -->\n<title>Evolve Inclina\u00e7\u00f5es Para Ladrilhos Com Bom Acabamento Superior Evolve Inclina\u00e7\u00f5es Com Para Ladrilhos Com Bom Acabamento Superior 50 x 15 x 2 cm - Evolve<\/title>\n<meta name=\"robots\" content=\"index, follow, max-snippet:-1, max-image-preview:large, max-video-preview:-1\" \/>\n<link rel=\"canonical\" href=\"https:\/\/evolve-fitness.eu\/nl\/product\/evolve-inclinacoes-para-ladrilhos-com-bom-acabamento-superior-evolve-inclinacoes-com-para-ladrilhos-com-bom-acabamento-superior-50-x-15-x-2-cm\/\" \/>\n<meta property=\"og:locale\" content=\"nl_NL\" \/>\n<meta property=\"og:type\" content=\"article\" \/>\n<meta property=\"og:title\" content=\"Evolve Inclina\u00e7\u00f5es Para Ladrilhos Com Bom Acabamento Superior Evolve Inclina\u00e7\u00f5es Com Para Ladrilhos Com Bom Acabamento Superior 50 x 15 x 2 cm - Evolve\" \/>\n<meta property=\"og:url\" content=\"https:\/\/evolve-fitness.eu\/nl\/product\/evolve-inclinacoes-para-ladrilhos-com-bom-acabamento-superior-evolve-inclinacoes-com-para-ladrilhos-com-bom-acabamento-superior-50-x-15-x-2-cm\/\" \/>\n<meta property=\"og:site_name\" content=\"Evolve\" \/>\n<meta property=\"article:publisher\" content=\"https:\/\/www.facebook.com\/EvolveFitnessEurope\" \/>\n<meta name=\"twitter:card\" content=\"summary_large_image\" \/>\n<script type=\"application\/ld+json\" class=\"yoast-schema-graph\">{\"@context\":\"https:\\\/\\\/schema.org\",\"@graph\":[{\"@type\":\"WebPage\",\"@id\":\"https:\\\/\\\/evolve-fitness.eu\\\/nl\\\/product\\\/evolve-inclinacoes-para-ladrilhos-com-bom-acabamento-superior-evolve-inclinacoes-com-para-ladrilhos-com-bom-acabamento-superior-50-x-15-x-2-cm\\\/\",\"url\":\"https:\\\/\\\/evolve-fitness.eu\\\/nl\\\/product\\\/evolve-inclinacoes-para-ladrilhos-com-bom-acabamento-superior-evolve-inclinacoes-com-para-ladrilhos-com-bom-acabamento-superior-50-x-15-x-2-cm\\\/\",\"name\":\"Evolve Inclina\u00e7\u00f5es Para Ladrilhos Com Bom Acabamento Superior Evolve Inclina\u00e7\u00f5es Com Para Ladrilhos Com Bom Acabamento Superior 50 x 15 x 2 cm - Evolve\",\"isPartOf\":{\"@id\":\"https:\\\/\\\/evolve-fitness.eu\\\/nl\\\/#website\"},\"datePublished\":\"2023-09-14T08:51:48+00:00\",\"breadcrumb\":{\"@id\":\"https:\\\/\\\/evolve-fitness.eu\\\/nl\\\/product\\\/evolve-inclinacoes-para-ladrilhos-com-bom-acabamento-superior-evolve-inclinacoes-com-para-ladrilhos-com-bom-acabamento-superior-50-x-15-x-2-cm\\\/#breadcrumb\"},\"inLanguage\":\"nl-NL\",\"potentialAction\":[{\"@type\":\"ReadAction\",\"target\":[\"https:\\\/\\\/evolve-fitness.eu\\\/nl\\\/product\\\/evolve-inclinacoes-para-ladrilhos-com-bom-acabamento-superior-evolve-inclinacoes-com-para-ladrilhos-com-bom-acabamento-superior-50-x-15-x-2-cm\\\/\"]}]},{\"@type\":\"BreadcrumbList\",\"@id\":\"https:\\\/\\\/evolve-fitness.eu\\\/nl\\\/product\\\/evolve-inclinacoes-para-ladrilhos-com-bom-acabamento-superior-evolve-inclinacoes-com-para-ladrilhos-com-bom-acabamento-superior-50-x-15-x-2-cm\\\/#breadcrumb\",\"itemListElement\":[{\"@type\":\"ListItem\",\"position\":1,\"name\":\"Home\",\"item\":\"https:\\\/\\\/evolve-fitness.eu\\\/nl\\\/\"},{\"@type\":\"ListItem\",\"position\":2,\"name\":\"Producten\",\"item\":\"https:\\\/\\\/evolve-fitness.eu\\\/nl\\\/shop\\\/\"},{\"@type\":\"ListItem\",\"position\":3,\"name\":\"Evolve Inclina\u00e7\u00f5es Para Ladrilhos Com Bom Acabamento Superior Evolve Inclina\u00e7\u00f5es Com Para Ladrilhos Com Bom Acabamento Superior 50 x 15 x 2 cm\"}]},{\"@type\":\"WebSite\",\"@id\":\"https:\\\/\\\/evolve-fitness.eu\\\/nl\\\/#website\",\"url\":\"https:\\\/\\\/evolve-fitness.eu\\\/nl\\\/\",\"name\":\"Evolve\",\"description\":\"Your Evolved Gear Arrived\",\"publisher\":{\"@id\":\"https:\\\/\\\/evolve-fitness.eu\\\/nl\\\/#organization\"},\"potentialAction\":[{\"@type\":\"SearchAction\",\"target\":{\"@type\":\"EntryPoint\",\"urlTemplate\":\"https:\\\/\\\/evolve-fitness.eu\\\/nl\\\/?s={search_term_string}\"},\"query-input\":{\"@type\":\"PropertyValueSpecification\",\"valueRequired\":true,\"valueName\":\"search_term_string\"}}],\"inLanguage\":\"nl-NL\"},{\"@type\":\"Organization\",\"@id\":\"https:\\\/\\\/evolve-fitness.eu\\\/nl\\\/#organization\",\"name\":\"Evolve\",\"url\":\"https:\\\/\\\/evolve-fitness.eu\\\/nl\\\/\",\"logo\":{\"@type\":\"ImageObject\",\"inLanguage\":\"nl-NL\",\"@id\":\"https:\\\/\\\/evolve-fitness.eu\\\/nl\\\/#\\\/schema\\\/logo\\\/image\\\/\",\"url\":\"https:\\\/\\\/evolve-fitness.eu\\\/wp-content\\\/uploads\\\/2023\\\/05\\\/Evolve-logo.svg\",\"contentUrl\":\"https:\\\/\\\/evolve-fitness.eu\\\/wp-content\\\/uploads\\\/2023\\\/05\\\/Evolve-logo.svg\",\"width\":176,\"height\":20,\"caption\":\"Evolve\"},\"image\":{\"@id\":\"https:\\\/\\\/evolve-fitness.eu\\\/nl\\\/#\\\/schema\\\/logo\\\/image\\\/\"},\"sameAs\":[\"https:\\\/\\\/www.facebook.com\\\/EvolveFitnessEurope\"]}]}<\/script>\n<!-- \/ Yoast SEO plugin. -->","yoast_head_json":{"title":"Evolve Inclina\u00e7\u00f5es Para Ladrilhos Com Bom Acabamento Superior Evolve Inclina\u00e7\u00f5es Com Para Ladrilhos Com Bom Acabamento Superior 50 x 15 x 2 cm - Evolve","robots":{"index":"index","follow":"follow","max-snippet":"max-snippet:-1","max-image-preview":"max-image-preview:large","max-video-preview":"max-video-preview:-1"},"canonical":"https:\/\/evolve-fitness.eu\/nl\/product\/evolve-inclinacoes-para-ladrilhos-com-bom-acabamento-superior-evolve-inclinacoes-com-para-ladrilhos-com-bom-acabamento-superior-50-x-15-x-2-cm\/","og_locale":"nl_NL","og_type":"article","og_title":"Evolve Inclina\u00e7\u00f5es Para Ladrilhos Com Bom Acabamento Superior Evolve Inclina\u00e7\u00f5es Com Para Ladrilhos Com Bom Acabamento Superior 50 x 15 x 2 cm - Evolve","og_url":"https:\/\/evolve-fitness.eu\/nl\/product\/evolve-inclinacoes-para-ladrilhos-com-bom-acabamento-superior-evolve-inclinacoes-com-para-ladrilhos-com-bom-acabamento-superior-50-x-15-x-2-cm\/","og_site_name":"Evolve","article_publisher":"https:\/\/www.facebook.com\/EvolveFitnessEurope","twitter_card":"summary_large_image","schema":{"@context":"https:\/\/schema.org","@graph":[{"@type":"WebPage","@id":"https:\/\/evolve-fitness.eu\/nl\/product\/evolve-inclinacoes-para-ladrilhos-com-bom-acabamento-superior-evolve-inclinacoes-com-para-ladrilhos-com-bom-acabamento-superior-50-x-15-x-2-cm\/","url":"https:\/\/evolve-fitness.eu\/nl\/product\/evolve-inclinacoes-para-ladrilhos-com-bom-acabamento-superior-evolve-inclinacoes-com-para-ladrilhos-com-bom-acabamento-superior-50-x-15-x-2-cm\/","name":"Evolve Inclina\u00e7\u00f5es Para Ladrilhos Com Bom Acabamento Superior Evolve Inclina\u00e7\u00f5es Com Para Ladrilhos Com Bom Acabamento Superior 50 x 15 x 2 cm - Evolve","isPartOf":{"@id":"https:\/\/evolve-fitness.eu\/nl\/#website"},"datePublished":"2023-09-14T08:51:48+00:00","breadcrumb":{"@id":"https:\/\/evolve-fitness.eu\/nl\/product\/evolve-inclinacoes-para-ladrilhos-com-bom-acabamento-superior-evolve-inclinacoes-com-para-ladrilhos-com-bom-acabamento-superior-50-x-15-x-2-cm\/#breadcrumb"},"inLanguage":"nl-NL","potentialAction":[{"@type":"ReadAction","target":["https:\/\/evolve-fitness.eu\/nl\/product\/evolve-inclinacoes-para-ladrilhos-com-bom-acabamento-superior-evolve-inclinacoes-com-para-ladrilhos-com-bom-acabamento-superior-50-x-15-x-2-cm\/"]}]},{"@type":"BreadcrumbList","@id":"https:\/\/evolve-fitness.eu\/nl\/product\/evolve-inclinacoes-para-ladrilhos-com-bom-acabamento-superior-evolve-inclinacoes-com-para-ladrilhos-com-bom-acabamento-superior-50-x-15-x-2-cm\/#breadcrumb","itemListElement":[{"@type":"ListItem","position":1,"name":"Home","item":"https:\/\/evolve-fitness.eu\/nl\/"},{"@type":"ListItem","position":2,"name":"Producten","item":"https:\/\/evolve-fitness.eu\/nl\/shop\/"},{"@type":"ListItem","position":3,"name":"Evolve Inclina\u00e7\u00f5es Para Ladrilhos Com Bom Acabamento Superior Evolve Inclina\u00e7\u00f5es Com Para Ladrilhos Com Bom Acabamento Superior 50 x 15 x 2 cm"}]},{"@type":"WebSite","@id":"https:\/\/evolve-fitness.eu\/nl\/#website","url":"https:\/\/evolve-fitness.eu\/nl\/","name":"Evolve","description":"Your Evolved Gear Arrived","publisher":{"@id":"https:\/\/evolve-fitness.eu\/nl\/#organization"},"potentialAction":[{"@type":"SearchAction","target":{"@type":"EntryPoint","urlTemplate":"https:\/\/evolve-fitness.eu\/nl\/?s={search_term_string}"},"query-input":{"@type":"PropertyValueSpecification","valueRequired":true,"valueName":"search_term_string"}}],"inLanguage":"nl-NL"},{"@type":"Organization","@id":"https:\/\/evolve-fitness.eu\/nl\/#organization","name":"Evolve","url":"https:\/\/evolve-fitness.eu\/nl\/","logo":{"@type":"ImageObject","inLanguage":"nl-NL","@id":"https:\/\/evolve-fitness.eu\/nl\/#\/schema\/logo\/image\/","url":"https:\/\/evolve-fitness.eu\/wp-content\/uploads\/2023\/05\/Evolve-logo.svg","contentUrl":"https:\/\/evolve-fitness.eu\/wp-content\/uploads\/2023\/05\/Evolve-logo.svg","width":176,"height":20,"caption":"Evolve"},"image":{"@id":"https:\/\/evolve-fitness.eu\/nl\/#\/schema\/logo\/image\/"},"sameAs":["https:\/\/www.facebook.com\/EvolveFitnessEurope"]}]}},"_links":{"self":[{"href":"https:\/\/evolve-fitness.eu\/nl\/wp-json\/wp\/v2\/product\/119269","targetHints":{"allow":["GET"]}}],"collection":[{"href":"https:\/\/evolve-fitness.eu\/nl\/wp-json\/wp\/v2\/product"}],"about":[{"href":"https:\/\/evolve-fitness.eu\/nl\/wp-json\/wp\/v2\/types\/product"}],"wp:attachment":[{"href":"https:\/\/evolve-fitness.eu\/nl\/wp-json\/wp\/v2\/media?parent=119269"}],"wp:term":[{"taxonomy":"product_brand","embeddable":true,"href":"https:\/\/evolve-fitness.eu\/nl\/wp-json\/wp\/v2\/product_brand?post=119269"},{"taxonomy":"product_cat","embeddable":true,"href":"https:\/\/evolve-fitness.eu\/nl\/wp-json\/wp\/v2\/product_cat?post=119269"},{"taxonomy":"product_tag","embeddable":true,"href":"https:\/\/evolve-fitness.eu\/nl\/wp-json\/wp\/v2\/product_tag?post=119269"}],"curies":[{"name":"wp","href":"https:\/\/api.w.org\/{rel}","templated":true}]}}