{"id":214585,"date":"2025-11-17T14:38:08","date_gmt":"2025-11-17T12:38:08","guid":{"rendered":"https:\/\/evolve-fitness.eu\/product\/evolve-ultra-series-selectorized-tricepsverlenging-ul-070\/"},"modified":"2026-03-27T09:11:53","modified_gmt":"2026-03-27T07:11:53","slug":"evolve-ultra-series-selectorized-tricepsverlenging-ul-070","status":"publish","type":"product","link":"https:\/\/evolve-fitness.eu\/nl\/product\/evolve-ultra-series-selectorized-tricepsverlenging-ul-070\/","title":{"rendered":"Evolve Ultra Series Selectorized Tricepsverlenging (UL-070)"},"content":{"rendered":"\n<section class=\"wp-block-group alignfull black-content has-white-color has-darkgray-background-color has-text-color has-background is-layout-constrained wp-block-group-is-layout-constrained\" style=\"padding-top:var(--wp--preset--spacing--section-bottom);padding-bottom:var(--wp--preset--spacing--section-bottom)\">\n<div class=\"wp-block-columns alignwide mobile-reverse is-layout-flex wp-container-core-columns-is-layout-ca64bf2d wp-block-columns-is-layout-flex\" style=\"margin-bottom:var(--wp--preset--spacing--side-padding)\">\n<div class=\"wp-block-column is-vertically-aligned-center is-layout-flow wp-block-column-is-layout-flow\">\n<h3 class=\"wp-block-heading\" style=\"margin-bottom:var(--wp--preset--spacing--h-3-bottom)\">Evolve Ultra Series Selectorized Tricepsverlenging (UL-070)<\/h3>\n\n\n\n<p style=\"margin-bottom:var(--wp--preset--spacing--tb-section-padding)\">De Evolve Ultra Series Selectorized Triceps Extension (UL-070) is ontworpen voor precieze, ge\u00efsoleerde triceps training met een soepele, verstelbare selectorized gewichtstapel. De ergonomische armsteunen, geoptimaliseerde positie van de handgrepen en het geleide bewegingstraject bevorderen de juiste uitlijning, consistente weerstand en effectieve spieractivering over het volledige bewegingsbereik. Het toestel is gemaakt van commercieel staal met eersteklas bekleding en biedt duurzame duurzaamheid, stabiliteit en comfort voor zowel professionele sportscholen als hoogwaardige thuisfitnessruimtes.  <\/p>\n<\/div>\n\n\n\n<div class=\"wp-block-column is-vertically-aligned-center is-layout-flow wp-block-column-is-layout-flow\">\n<figure class=\"wp-block-image size-full\"><img decoding=\"async\" src=\"https:\/\/store.evolve-fitness.eu\/wp-content\/uploads\/2025\/11\/EV-SC-UL-070-Evolve-Ultra-Series-Selectorized-Triceps-Extension-1.png\" alt=\"\" class=\"wp-image-147033\"\/><\/figure>\n<\/div>\n<\/div>\n\n\n\n<div class=\"wp-block-columns alignwide mobile-reverse is-layout-flex wp-container-core-columns-is-layout-ca64bf2d wp-block-columns-is-layout-flex\" style=\"margin-bottom:var(--wp--preset--spacing--side-padding)\">\n<div class=\"wp-block-column is-vertically-aligned-center is-layout-flow wp-block-column-is-layout-flow\">\n<figure class=\"wp-block-image size-large is-style-rounded\"><img loading=\"lazy\" decoding=\"async\" width=\"1024\" height=\"576\" src=\"https:\/\/evolve-fitness.eu\/wp-content\/uploads\/2023\/08\/Moulded-Seats-Precise-Seat-Adjustments-UL-010-1024x576.jpg\" alt=\"UL-010\" class=\"wp-image-9934\" srcset=\"https:\/\/evolve-fitness.eu\/wp-content\/uploads\/2023\/08\/Moulded-Seats-Precise-Seat-Adjustments-UL-010-1024x576.jpg 1024w, https:\/\/evolve-fitness.eu\/wp-content\/uploads\/2023\/08\/Moulded-Seats-Precise-Seat-Adjustments-UL-010-300x169.jpg 300w, https:\/\/evolve-fitness.eu\/wp-content\/uploads\/2023\/08\/Moulded-Seats-Precise-Seat-Adjustments-UL-010-267x150.jpg 267w, https:\/\/evolve-fitness.eu\/wp-content\/uploads\/2023\/08\/Moulded-Seats-Precise-Seat-Adjustments-UL-010-600x338.jpg 600w, https:\/\/evolve-fitness.eu\/wp-content\/uploads\/2023\/08\/Moulded-Seats-Precise-Seat-Adjustments-UL-010-150x84.jpg 150w, https:\/\/evolve-fitness.eu\/wp-content\/uploads\/2023\/08\/Moulded-Seats-Precise-Seat-Adjustments-UL-010-768x432.jpg 768w, https:\/\/evolve-fitness.eu\/wp-content\/uploads\/2023\/08\/Moulded-Seats-Precise-Seat-Adjustments-UL-010-1536x864.jpg 1536w, https:\/\/evolve-fitness.eu\/wp-content\/uploads\/2023\/08\/Moulded-Seats-Precise-Seat-Adjustments-UL-010.jpg 1920w\" sizes=\"auto, (max-width: 1024px) 100vw, 1024px\" \/><\/figure>\n<\/div>\n\n\n\n<div class=\"wp-block-column is-vertically-aligned-center is-layout-flow wp-block-column-is-layout-flow\">\n<h3 class=\"wp-block-heading\" style=\"margin-bottom:var(--wp--preset--spacing--h-3-bottom)\">Voorgevormde stoelen &amp; nauwkeurige stoelverstellingen<\/h3>\n\n\n\n<p><strong><em>Uitzonderlijke duurzaamheid en comfort<\/em><\/strong><\/p>\n\n\n\n<p style=\"margin-bottom:var(--wp--preset--spacing--tb-section-padding)\">Evolve Ultra Series polyurethaan stoelen zijn ontworpen met een gegoten structuur en dubbel gestikte bekleding om uitstekende duurzaamheid en comfort te leveren. Ze bieden ergonomische ondersteuning van de wervelkolom, zijn gemakkelijk te onderhouden en hebben een hygi\u00ebnisch trainingsoppervlak, zodat ze bestand zijn tegen intensieve krachttraining. De hydraulisch ondersteunde zitting kan met \u00e9\u00e9n hand worden versteld en heeft 18 posities voor optimaal gebruikerscomfort en trainingseffici\u00ebntie.  <br\/><\/p>\n<\/div>\n<\/div>\n\n\n\n<div class=\"wp-block-columns alignwide mobile-reverse is-layout-flex wp-container-core-columns-is-layout-ca64bf2d wp-block-columns-is-layout-flex\" style=\"margin-bottom:var(--wp--preset--spacing--side-padding)\">\n<div class=\"wp-block-column is-vertically-aligned-center is-layout-flow wp-block-column-is-layout-flow\">\n<h3 class=\"wp-block-heading\" style=\"margin-bottom:var(--wp--preset--spacing--h-3-bottom)\">Volledig omhuld 122,5 kg gewichtstapel<\/h3>\n\n\n\n<p style=\"margin-bottom:var(--wp--preset--spacing--tb-section-padding)\">De Evolve Ultra Series Selectorized Triceps Extension machine heeft een totaalgewicht van 148 kg en is uitgerust met een 122,5 kg gewichtstapel. De volledig gesloten gewichtstapel verhoogt de veiligheid van de gebruiker tijdens de training en draagt bij aan het strakke, duurzame en professionele ontwerp van de machine. <br\/><\/p>\n<\/div>\n\n\n\n<div class=\"wp-block-column is-vertically-aligned-center is-layout-flow wp-block-column-is-layout-flow\">\n<figure class=\"wp-block-image size-full is-style-rounded\"><img loading=\"lazy\" decoding=\"async\" width=\"768\" height=\"779\" src=\"https:\/\/evolve-fitness.eu\/wp-content\/uploads\/2024\/01\/stack.webp\" alt=\"\" class=\"wp-image-9940\" srcset=\"https:\/\/evolve-fitness.eu\/wp-content\/uploads\/2024\/01\/stack.webp 768w, https:\/\/evolve-fitness.eu\/wp-content\/uploads\/2024\/01\/stack-300x304.webp 300w, https:\/\/evolve-fitness.eu\/wp-content\/uploads\/2024\/01\/stack-148x150.webp 148w, https:\/\/evolve-fitness.eu\/wp-content\/uploads\/2024\/01\/stack-600x609.webp 600w, https:\/\/evolve-fitness.eu\/wp-content\/uploads\/2024\/01\/stack-296x300.webp 296w\" sizes=\"auto, (max-width: 768px) 100vw, 768px\" \/><\/figure>\n<\/div>\n<\/div>\n\n\n\n<div class=\"wp-block-columns alignwide mobile-reverse is-layout-flex wp-container-core-columns-is-layout-ca64bf2d wp-block-columns-is-layout-flex\" style=\"margin-bottom:var(--wp--preset--spacing--side-padding)\">\n<div class=\"wp-block-column is-vertically-aligned-center is-layout-flow wp-block-column-is-layout-flow\">\n<figure class=\"wp-block-video\"><video height=\"720\" style=\"aspect-ratio: 1280 \/ 720;\" width=\"1280\" autoplay=\"\" controls=\"\" loop=\"\" muted=\"\" src=\"https:\/\/evolve-fitness.eu\/wp-content\/uploads\/2023\/10\/Evolve-cable.mp4\"><\/video><\/figure>\n<\/div>\n\n\n\n<div class=\"wp-block-column is-vertically-aligned-center is-layout-flow wp-block-column-is-layout-flow\">\n<h3 class=\"wp-block-heading\" style=\"margin-bottom:var(--wp--preset--spacing--h-3-bottom)\">Kabel<\/h3>\n\n\n\n<p>Superieure kwaliteit<\/p>\n\n\n\n<p style=\"margin-bottom:var(--wp--preset--spacing--tb-section-padding)\">Evolve Ultra Series machines gebruiken kabels van superieure kwaliteit, er zijn zes hoofdstrengen en elke streng bestaat uit 19 in elkaar gedraaide draden, polyamide 12 (PA12) materiaal en een diameter van 5 mm. Deze kabels zijn ontworpen voor kracht en duurzaamheid, met een breekkracht van 9000 kN, waardoor ze de beste keuze zijn voor toepassingen waar uitzonderlijke betrouwbaarheid, duurzaamheid en prestaties nodig zijn.Als je van de ene oefening naar de andere gaat, of het nu bicep curls, chest presses, lat pulldowns, of een andere kracht opbouwende activiteit is, de uitzonderlijke prestaties van de Evolve Ultra serie kabel zorgt ervoor dat je bewegingen soepel zijn, en de weerstand is consistent, het bevorderen van een workout ervaring die zowel effectief als plezierig is.<\/p>\n<\/div>\n<\/div>\n\n\n\n<div class=\"wp-block-columns alignwide mobile-reverse is-layout-flex wp-container-core-columns-is-layout-ca64bf2d wp-block-columns-is-layout-flex\" style=\"margin-bottom:var(--wp--preset--spacing--side-padding)\">\n<div class=\"wp-block-column is-vertically-aligned-center is-layout-flow wp-block-column-is-layout-flow\">\n<h3 class=\"wp-block-heading\" style=\"margin-bottom:var(--wp--preset--spacing--h-3-bottom)\">Dubbele poedercoating<\/h3>\n\n\n\n<p><strong><em>Parelmoer met elektrostatische poedercoating<\/em><\/strong><\/p>\n\n\n\n<p style=\"margin-bottom:var(--wp--preset--spacing--tb-section-padding)\">De Evolve Ultra Series krachtmachines met een elektrostatisch gepoedercoat parelzwart mat frame zijn een voorbeeld van zowel vorm als functie. De esthetische aantrekkingskracht wordt versterkt door de matzwarte afwerking, terwijl de praktische eigenschappen, waaronder wrijvingsweerstand, anticorrosie-eigenschappen en krasbestendigheid, ervoor zorgen dat het een betrouwbare en duurzame fitnesspartner is.<\/p>\n<\/div>\n\n\n\n<div class=\"wp-block-column is-vertically-aligned-center is-layout-flow wp-block-column-is-layout-flow\">\n<figure class=\"wp-block-video\"><video height=\"720\" style=\"aspect-ratio: 1280 \/ 720;\" width=\"1280\" autoplay=\"\" controls=\"\" loop=\"\" muted=\"\" src=\"https:\/\/evolve-fitness.eu\/wp-content\/uploads\/2023\/10\/Evolve-Double-powder-coated-Frame.mp4\"><\/video><\/figure>\n<\/div>\n<\/div>\n<\/section>\n","protected":false},"excerpt":{"rendered":"<p>  De Evolve Ultra Series Selectorized Triceps Extension (UL-070) is ontworpen om nauwkeurige en ge\u00efsoleerde tricepsactivering te bieden door middel van een soepel selecteerbaar gewichtstapelsysteem. De ergonomische armsteunen en geoptimaliseerde positie van de handgrepen zorgen voor een goede uitlijning, verminderen de belasting en maximaliseren de spierinspanning over het volledige extensiebereik. Deze machine is gebouwd met staal van commerci\u00eble kwaliteit en hoogwaardige afwerkingen, waardoor hij betrouwbare prestaties en duurzaamheid levert in intensief gebruikte trainingsomgevingen. Het compacte, ruimtebesparende ontwerp maakt het een ideale aanvulling voor zowel commerci\u00eble als professionele sportscholen thuis.  <\/p>\n","protected":false},"featured_media":214587,"template":"","meta":{"_acf_changed":false,"inline_featured_image":false},"product_brand":[],"product_cat":[2832,3862],"product_tag":[],"class_list":{"0":"post-214585","1":"product","2":"type-product","3":"status-publish","4":"has-post-thumbnail","6":"product_cat-geselecteerde-machines","7":"product_cat-ultra-series-machines-met-selectiemotor","9":"first","10":"instock","11":"shipping-taxable","12":"purchasable","13":"product-type-simple"},"acf":{"long_title":"Evolve Ultra Series Selectorized Tricepsverlenging (UL-070)","subtitle":"","specifications":[{"label":"SKU","text_value":"EV-SC-UL-070","icon":"x"},{"label":"Afmetingen","text_value":"1737 x 1270 x 1603 mm","icon":"x"},{"label":"Gewicht","text_value":"148 kg","icon":"x"},{"label":"Gewicht Stapel","text_value":"122,5 kg","icon":"x"},{"label":"Max. Gewicht Stapel","text_value":"117,5 kg","icon":"x"},{"label":"Bovenste gewichtplaat","text_value":"2 x 2,5 kg","icon":"x"},{"label":"Dikte frame","text_value":"3 mm","icon":"x"},{"label":"Bovenste gewichtplaat","text_value":"","icon":"v"},{"label":"Verstelbare trainingspositie","text_value":"","icon":"v"},{"label":"Magnetische gewichtstapelpen  ","text_value":"","icon":"v"},{"label":"Plakkaat met trainingsinstructie  ","text_value":"","icon":"v"},{"label":"Omhulde gewichtstapel","text_value":"","icon":"v"},{"label":"Duurzame vloerbeschermers","text_value":"","icon":"v"},{"label":"Corrosiewerende verf","text_value":"2 jaar","icon":"v"},{"label":"Dikke bekleding bedekt met PU leer","text_value":"","icon":"v"},{"label":"Nylon kabel  ","text_value":"","icon":"v"},{"label":"Antislip handgrepen","text_value":"","icon":"v"},{"label":"Waterfles en accessoirekoffer","text_value":"2 jaar","icon":"v"},{"label":"Garantie","text_value":"2 jaar","icon":"x"}]},"yoast_head":"<!-- This site is optimized with the Yoast SEO plugin v27.4 - https:\/\/yoast.com\/product\/yoast-seo-wordpress\/ -->\n<title>Evolve Ultra Series Selectorized Tricepsverlenging (UL-070) - Evolve<\/title>\n<meta name=\"description\" content=\"De Evolve Ultra Series Selectorized Triceps Extension (UL-070) is ontworpen voor nauwkeurige en ge\u00efsoleerde tricepsactivering door middel van\" \/>\n<meta name=\"robots\" content=\"index, follow, max-snippet:-1, max-image-preview:large, max-video-preview:-1\" \/>\n<link rel=\"canonical\" href=\"https:\/\/evolve-fitness.eu\/nl\/product\/evolve-ultra-series-selectorized-tricepsverlenging-ul-070\/\" \/>\n<meta property=\"og:locale\" content=\"nl_NL\" \/>\n<meta property=\"og:type\" content=\"article\" \/>\n<meta property=\"og:title\" content=\"Evolve Ultra Series Selectorized Tricepsverlenging (UL-070) - Evolve\" \/>\n<meta property=\"og:description\" content=\"De Evolve Ultra Series Selectorized Triceps Extension (UL-070) is ontworpen voor nauwkeurige en ge\u00efsoleerde tricepsactivering door middel van\" \/>\n<meta property=\"og:url\" content=\"https:\/\/evolve-fitness.eu\/nl\/product\/evolve-ultra-series-selectorized-tricepsverlenging-ul-070\/\" \/>\n<meta property=\"og:site_name\" content=\"Evolve\" \/>\n<meta property=\"article:publisher\" content=\"https:\/\/www.facebook.com\/EvolveFitnessEurope\" \/>\n<meta property=\"article:modified_time\" content=\"2026-03-27T07:11:53+00:00\" \/>\n<meta property=\"og:image\" content=\"https:\/\/evolve-fitness.eu\/wp-content\/uploads\/2025\/11\/EV-SC-UL-070-Evolve-Ultra-Series-Selectorized-Triceps-Extension-1.png\" \/>\n\t<meta property=\"og:image:width\" content=\"1000\" \/>\n\t<meta property=\"og:image:height\" content=\"1000\" \/>\n\t<meta property=\"og:image:type\" content=\"image\/png\" \/>\n<meta name=\"twitter:card\" content=\"summary_large_image\" \/>\n<script type=\"application\/ld+json\" class=\"yoast-schema-graph\">{\"@context\":\"https:\\\/\\\/schema.org\",\"@graph\":[{\"@type\":\"WebPage\",\"@id\":\"https:\\\/\\\/evolve-fitness.eu\\\/nl\\\/product\\\/evolve-ultra-series-selectorized-tricepsverlenging-ul-070\\\/\",\"url\":\"https:\\\/\\\/evolve-fitness.eu\\\/nl\\\/product\\\/evolve-ultra-series-selectorized-tricepsverlenging-ul-070\\\/\",\"name\":\"Evolve Ultra Series Selectorized Tricepsverlenging (UL-070) - Evolve\",\"isPartOf\":{\"@id\":\"https:\\\/\\\/evolve-fitness.eu\\\/nl\\\/#website\"},\"primaryImageOfPage\":{\"@id\":\"https:\\\/\\\/evolve-fitness.eu\\\/nl\\\/product\\\/evolve-ultra-series-selectorized-tricepsverlenging-ul-070\\\/#primaryimage\"},\"image\":{\"@id\":\"https:\\\/\\\/evolve-fitness.eu\\\/nl\\\/product\\\/evolve-ultra-series-selectorized-tricepsverlenging-ul-070\\\/#primaryimage\"},\"thumbnailUrl\":\"https:\\\/\\\/evolve-fitness.eu\\\/wp-content\\\/uploads\\\/2025\\\/11\\\/EV-SC-UL-070-Evolve-Ultra-Series-Selectorized-Triceps-Extension-1.png\",\"datePublished\":\"2025-11-17T12:38:08+00:00\",\"dateModified\":\"2026-03-27T07:11:53+00:00\",\"description\":\"De Evolve Ultra Series Selectorized Triceps Extension (UL-070) is ontworpen voor nauwkeurige en ge\u00efsoleerde tricepsactivering door middel van\",\"breadcrumb\":{\"@id\":\"https:\\\/\\\/evolve-fitness.eu\\\/nl\\\/product\\\/evolve-ultra-series-selectorized-tricepsverlenging-ul-070\\\/#breadcrumb\"},\"inLanguage\":\"nl-NL\",\"potentialAction\":[{\"@type\":\"ReadAction\",\"target\":[\"https:\\\/\\\/evolve-fitness.eu\\\/nl\\\/product\\\/evolve-ultra-series-selectorized-tricepsverlenging-ul-070\\\/\"]}]},{\"@type\":\"ImageObject\",\"inLanguage\":\"nl-NL\",\"@id\":\"https:\\\/\\\/evolve-fitness.eu\\\/nl\\\/product\\\/evolve-ultra-series-selectorized-tricepsverlenging-ul-070\\\/#primaryimage\",\"url\":\"https:\\\/\\\/evolve-fitness.eu\\\/wp-content\\\/uploads\\\/2025\\\/11\\\/EV-SC-UL-070-Evolve-Ultra-Series-Selectorized-Triceps-Extension-1.png\",\"contentUrl\":\"https:\\\/\\\/evolve-fitness.eu\\\/wp-content\\\/uploads\\\/2025\\\/11\\\/EV-SC-UL-070-Evolve-Ultra-Series-Selectorized-Triceps-Extension-1.png\",\"width\":1000,\"height\":1000},{\"@type\":\"BreadcrumbList\",\"@id\":\"https:\\\/\\\/evolve-fitness.eu\\\/nl\\\/product\\\/evolve-ultra-series-selectorized-tricepsverlenging-ul-070\\\/#breadcrumb\",\"itemListElement\":[{\"@type\":\"ListItem\",\"position\":1,\"name\":\"Home\",\"item\":\"https:\\\/\\\/evolve-fitness.eu\\\/nl\\\/\"},{\"@type\":\"ListItem\",\"position\":2,\"name\":\"Producten\",\"item\":\"https:\\\/\\\/evolve-fitness.eu\\\/nl\\\/shop\\\/\"},{\"@type\":\"ListItem\",\"position\":3,\"name\":\"Evolve Ultra Series Selectorized Tricepsverlenging (UL-070)\"}]},{\"@type\":\"WebSite\",\"@id\":\"https:\\\/\\\/evolve-fitness.eu\\\/nl\\\/#website\",\"url\":\"https:\\\/\\\/evolve-fitness.eu\\\/nl\\\/\",\"name\":\"Evolve\",\"description\":\"Your Evolved Gear Arrived\",\"publisher\":{\"@id\":\"https:\\\/\\\/evolve-fitness.eu\\\/nl\\\/#organization\"},\"potentialAction\":[{\"@type\":\"SearchAction\",\"target\":{\"@type\":\"EntryPoint\",\"urlTemplate\":\"https:\\\/\\\/evolve-fitness.eu\\\/nl\\\/?s={search_term_string}\"},\"query-input\":{\"@type\":\"PropertyValueSpecification\",\"valueRequired\":true,\"valueName\":\"search_term_string\"}}],\"inLanguage\":\"nl-NL\"},{\"@type\":\"Organization\",\"@id\":\"https:\\\/\\\/evolve-fitness.eu\\\/nl\\\/#organization\",\"name\":\"Evolve\",\"url\":\"https:\\\/\\\/evolve-fitness.eu\\\/nl\\\/\",\"logo\":{\"@type\":\"ImageObject\",\"inLanguage\":\"nl-NL\",\"@id\":\"https:\\\/\\\/evolve-fitness.eu\\\/nl\\\/#\\\/schema\\\/logo\\\/image\\\/\",\"url\":\"https:\\\/\\\/evolve-fitness.eu\\\/wp-content\\\/uploads\\\/2023\\\/05\\\/Evolve-logo.svg\",\"contentUrl\":\"https:\\\/\\\/evolve-fitness.eu\\\/wp-content\\\/uploads\\\/2023\\\/05\\\/Evolve-logo.svg\",\"width\":176,\"height\":20,\"caption\":\"Evolve\"},\"image\":{\"@id\":\"https:\\\/\\\/evolve-fitness.eu\\\/nl\\\/#\\\/schema\\\/logo\\\/image\\\/\"},\"sameAs\":[\"https:\\\/\\\/www.facebook.com\\\/EvolveFitnessEurope\"]}]}<\/script>\n<!-- \/ Yoast SEO plugin. -->","yoast_head_json":{"title":"Evolve Ultra Series Selectorized Tricepsverlenging (UL-070) - Evolve","description":"De Evolve Ultra Series Selectorized Triceps Extension (UL-070) is ontworpen voor nauwkeurige en ge\u00efsoleerde tricepsactivering door middel van","robots":{"index":"index","follow":"follow","max-snippet":"max-snippet:-1","max-image-preview":"max-image-preview:large","max-video-preview":"max-video-preview:-1"},"canonical":"https:\/\/evolve-fitness.eu\/nl\/product\/evolve-ultra-series-selectorized-tricepsverlenging-ul-070\/","og_locale":"nl_NL","og_type":"article","og_title":"Evolve Ultra Series Selectorized Tricepsverlenging (UL-070) - Evolve","og_description":"De Evolve Ultra Series Selectorized Triceps Extension (UL-070) is ontworpen voor nauwkeurige en ge\u00efsoleerde tricepsactivering door middel van","og_url":"https:\/\/evolve-fitness.eu\/nl\/product\/evolve-ultra-series-selectorized-tricepsverlenging-ul-070\/","og_site_name":"Evolve","article_publisher":"https:\/\/www.facebook.com\/EvolveFitnessEurope","article_modified_time":"2026-03-27T07:11:53+00:00","og_image":[{"width":1000,"height":1000,"url":"https:\/\/evolve-fitness.eu\/wp-content\/uploads\/2025\/11\/EV-SC-UL-070-Evolve-Ultra-Series-Selectorized-Triceps-Extension-1.png","type":"image\/png"}],"twitter_card":"summary_large_image","schema":{"@context":"https:\/\/schema.org","@graph":[{"@type":"WebPage","@id":"https:\/\/evolve-fitness.eu\/nl\/product\/evolve-ultra-series-selectorized-tricepsverlenging-ul-070\/","url":"https:\/\/evolve-fitness.eu\/nl\/product\/evolve-ultra-series-selectorized-tricepsverlenging-ul-070\/","name":"Evolve Ultra Series Selectorized Tricepsverlenging (UL-070) - Evolve","isPartOf":{"@id":"https:\/\/evolve-fitness.eu\/nl\/#website"},"primaryImageOfPage":{"@id":"https:\/\/evolve-fitness.eu\/nl\/product\/evolve-ultra-series-selectorized-tricepsverlenging-ul-070\/#primaryimage"},"image":{"@id":"https:\/\/evolve-fitness.eu\/nl\/product\/evolve-ultra-series-selectorized-tricepsverlenging-ul-070\/#primaryimage"},"thumbnailUrl":"https:\/\/evolve-fitness.eu\/wp-content\/uploads\/2025\/11\/EV-SC-UL-070-Evolve-Ultra-Series-Selectorized-Triceps-Extension-1.png","datePublished":"2025-11-17T12:38:08+00:00","dateModified":"2026-03-27T07:11:53+00:00","description":"De Evolve Ultra Series Selectorized Triceps Extension (UL-070) is ontworpen voor nauwkeurige en ge\u00efsoleerde tricepsactivering door middel van","breadcrumb":{"@id":"https:\/\/evolve-fitness.eu\/nl\/product\/evolve-ultra-series-selectorized-tricepsverlenging-ul-070\/#breadcrumb"},"inLanguage":"nl-NL","potentialAction":[{"@type":"ReadAction","target":["https:\/\/evolve-fitness.eu\/nl\/product\/evolve-ultra-series-selectorized-tricepsverlenging-ul-070\/"]}]},{"@type":"ImageObject","inLanguage":"nl-NL","@id":"https:\/\/evolve-fitness.eu\/nl\/product\/evolve-ultra-series-selectorized-tricepsverlenging-ul-070\/#primaryimage","url":"https:\/\/evolve-fitness.eu\/wp-content\/uploads\/2025\/11\/EV-SC-UL-070-Evolve-Ultra-Series-Selectorized-Triceps-Extension-1.png","contentUrl":"https:\/\/evolve-fitness.eu\/wp-content\/uploads\/2025\/11\/EV-SC-UL-070-Evolve-Ultra-Series-Selectorized-Triceps-Extension-1.png","width":1000,"height":1000},{"@type":"BreadcrumbList","@id":"https:\/\/evolve-fitness.eu\/nl\/product\/evolve-ultra-series-selectorized-tricepsverlenging-ul-070\/#breadcrumb","itemListElement":[{"@type":"ListItem","position":1,"name":"Home","item":"https:\/\/evolve-fitness.eu\/nl\/"},{"@type":"ListItem","position":2,"name":"Producten","item":"https:\/\/evolve-fitness.eu\/nl\/shop\/"},{"@type":"ListItem","position":3,"name":"Evolve Ultra Series Selectorized Tricepsverlenging (UL-070)"}]},{"@type":"WebSite","@id":"https:\/\/evolve-fitness.eu\/nl\/#website","url":"https:\/\/evolve-fitness.eu\/nl\/","name":"Evolve","description":"Your Evolved Gear Arrived","publisher":{"@id":"https:\/\/evolve-fitness.eu\/nl\/#organization"},"potentialAction":[{"@type":"SearchAction","target":{"@type":"EntryPoint","urlTemplate":"https:\/\/evolve-fitness.eu\/nl\/?s={search_term_string}"},"query-input":{"@type":"PropertyValueSpecification","valueRequired":true,"valueName":"search_term_string"}}],"inLanguage":"nl-NL"},{"@type":"Organization","@id":"https:\/\/evolve-fitness.eu\/nl\/#organization","name":"Evolve","url":"https:\/\/evolve-fitness.eu\/nl\/","logo":{"@type":"ImageObject","inLanguage":"nl-NL","@id":"https:\/\/evolve-fitness.eu\/nl\/#\/schema\/logo\/image\/","url":"https:\/\/evolve-fitness.eu\/wp-content\/uploads\/2023\/05\/Evolve-logo.svg","contentUrl":"https:\/\/evolve-fitness.eu\/wp-content\/uploads\/2023\/05\/Evolve-logo.svg","width":176,"height":20,"caption":"Evolve"},"image":{"@id":"https:\/\/evolve-fitness.eu\/nl\/#\/schema\/logo\/image\/"},"sameAs":["https:\/\/www.facebook.com\/EvolveFitnessEurope"]}]}},"_links":{"self":[{"href":"https:\/\/evolve-fitness.eu\/nl\/wp-json\/wp\/v2\/product\/214585","targetHints":{"allow":["GET"]}}],"collection":[{"href":"https:\/\/evolve-fitness.eu\/nl\/wp-json\/wp\/v2\/product"}],"about":[{"href":"https:\/\/evolve-fitness.eu\/nl\/wp-json\/wp\/v2\/types\/product"}],"wp:featuredmedia":[{"embeddable":true,"href":"https:\/\/evolve-fitness.eu\/nl\/wp-json\/wp\/v2\/media\/214587"}],"wp:attachment":[{"href":"https:\/\/evolve-fitness.eu\/nl\/wp-json\/wp\/v2\/media?parent=214585"}],"wp:term":[{"taxonomy":"product_brand","embeddable":true,"href":"https:\/\/evolve-fitness.eu\/nl\/wp-json\/wp\/v2\/product_brand?post=214585"},{"taxonomy":"product_cat","embeddable":true,"href":"https:\/\/evolve-fitness.eu\/nl\/wp-json\/wp\/v2\/product_cat?post=214585"},{"taxonomy":"product_tag","embeddable":true,"href":"https:\/\/evolve-fitness.eu\/nl\/wp-json\/wp\/v2\/product_tag?post=214585"}],"curies":[{"name":"wp","href":"https:\/\/api.w.org\/{rel}","templated":true}]}}