{"id":225927,"date":"2025-07-04T11:47:29","date_gmt":"2025-07-04T11:47:29","guid":{"rendered":"https:\/\/evolve-fitness.eu\/product\/evolve-ultra-series-geselecteerde-iso-laterale-zittende-rijen\/"},"modified":"2026-03-30T13:55:30","modified_gmt":"2026-03-30T10:55:30","slug":"evolve-ultra-series-geselecteerde-iso-laterale-zittende-rijen","status":"publish","type":"product","link":"https:\/\/evolve-fitness.eu\/nl\/product\/evolve-ultra-series-geselecteerde-iso-laterale-zittende-rijen\/","title":{"rendered":"Evolve Ultra Series Geselecteerde Iso Zittende Rijen (UL-300)"},"content":{"rendered":"\n<section class=\"wp-block-group alignfull black-content has-white-color has-darkgray-background-color has-text-color has-background is-layout-constrained wp-block-group-is-layout-constrained\" style=\"padding-top:var(--wp--preset--spacing--section-bottom);padding-bottom:var(--wp--preset--spacing--section-bottom)\">\n<div class=\"wp-block-columns alignwide mobile-reverse is-layout-flex wp-container-core-columns-is-layout-ca64bf2d wp-block-columns-is-layout-flex\" style=\"margin-bottom:var(--wp--preset--spacing--side-padding)\">\n<div class=\"wp-block-column is-vertically-aligned-center is-layout-flow wp-block-column-is-layout-flow\">\n<figure class=\"wp-block-image size-large\"><img loading=\"lazy\" decoding=\"async\" width=\"1024\" height=\"1024\" src=\"https:\/\/evolve-fitness.eu\/wp-content\/uploads\/2025\/07\/EV-SC-UL-300-Evolve-Ultra-Series-Selectorized-Iso-Lateral-Seated-Row-1024x1024.png\" alt=\"\" class=\"wp-image-200732\" srcset=\"https:\/\/evolve-fitness.eu\/wp-content\/uploads\/2025\/07\/EV-SC-UL-300-Evolve-Ultra-Series-Selectorized-Iso-Lateral-Seated-Row-1024x1024.png 1024w, https:\/\/evolve-fitness.eu\/wp-content\/uploads\/2025\/07\/EV-SC-UL-300-Evolve-Ultra-Series-Selectorized-Iso-Lateral-Seated-Row-300x300.png 300w, https:\/\/evolve-fitness.eu\/wp-content\/uploads\/2025\/07\/EV-SC-UL-300-Evolve-Ultra-Series-Selectorized-Iso-Lateral-Seated-Row-150x150.png 150w, https:\/\/evolve-fitness.eu\/wp-content\/uploads\/2025\/07\/EV-SC-UL-300-Evolve-Ultra-Series-Selectorized-Iso-Lateral-Seated-Row-768x768.png 768w, https:\/\/evolve-fitness.eu\/wp-content\/uploads\/2025\/07\/EV-SC-UL-300-Evolve-Ultra-Series-Selectorized-Iso-Lateral-Seated-Row-600x600.png 600w, https:\/\/evolve-fitness.eu\/wp-content\/uploads\/2025\/07\/EV-SC-UL-300-Evolve-Ultra-Series-Selectorized-Iso-Lateral-Seated-Row.png 1500w\" sizes=\"auto, (max-width: 1024px) 100vw, 1024px\" \/><\/figure>\n<\/div>\n\n\n\n<div class=\"wp-block-column is-vertically-aligned-center is-layout-flow wp-block-column-is-layout-flow\">\n<h3 class=\"wp-block-heading\" style=\"margin-bottom:var(--wp--preset--spacing--h-3-bottom)\"><strong>Onafhankelijk precisieroeien<\/strong><\/h3>\n\n\n\n<p><strong><em><strong><strong><strong><strong><strong><strong><strong><em><strong><em><strong>Uitgebalanceerde rugtraining voor maximale symmetrie<\/strong><\/em><\/strong><\/em><\/strong><\/strong><\/strong><\/strong><\/strong><\/strong><\/strong><\/em><\/strong><\/p>\n\n\n\n<p style=\"margin-bottom:var(--wp--preset--spacing--tb-section-padding)\">De Iso-Lateral Seated Row is ontworpen om effectief de latissimus dorsi, rhomboids en trapezius te trainen door middel van een gecontroleerde en natuurlijke roeibeweging. Het onafhankelijke ontwerp met twee armen zorgt ervoor dat elke kant van de rug apart kan werken, waardoor onevenwichtigheden in de spieren worden verminderd en een evenwichtige spierontwikkeling wordt bevorderd. Het verstelbare borstkussen en de ergonomische zitting zorgen voor een optimale positionering, terwijl het soepele weerstandssysteem zorgt voor een vloeiende en consistente trekbeweging over het hele bewegingsbereik.  <br\/><\/p>\n<\/div>\n<\/div>\n\n\n\n<div class=\"wp-block-columns alignwide mobile-reverse is-layout-flex wp-container-core-columns-is-layout-ca64bf2d wp-block-columns-is-layout-flex\" style=\"margin-bottom:var(--wp--preset--spacing--side-padding)\">\n<div class=\"wp-block-column is-vertically-aligned-center is-layout-flow wp-block-column-is-layout-flow\">\n<h3 class=\"wp-block-heading\" style=\"margin-bottom:var(--wp--preset--spacing--h-3-bottom)\">Volledig afgeschermde gewichtstapel van 110 kg<\/h3>\n\n\n\n<p style=\"margin-bottom:var(--wp--preset--spacing--tb-section-padding)\">De Evolve Ultra Series Selectorized Iso Lateral Seated Row Machine heeft een totaalgewicht van 150 kg en is uitgerust met een 110 kg gewichtstapel. De volledig gesloten gewichtstapel verhoogt de veiligheid van de gebruiker tijdens de training en draagt bij aan het strakke, duurzame en professionele ontwerp van de machine. <br\/><\/p>\n<\/div>\n\n\n\n<div class=\"wp-block-column is-vertically-aligned-center is-layout-flow wp-block-column-is-layout-flow\">\n<figure class=\"wp-block-image size-full is-style-rounded\"><img loading=\"lazy\" decoding=\"async\" width=\"768\" height=\"779\" src=\"https:\/\/evolve-fitness.eu\/wp-content\/uploads\/2024\/01\/stack.webp\" alt=\"\" class=\"wp-image-9940\" srcset=\"https:\/\/evolve-fitness.eu\/wp-content\/uploads\/2024\/01\/stack.webp 768w, https:\/\/evolve-fitness.eu\/wp-content\/uploads\/2024\/01\/stack-300x304.webp 300w, https:\/\/evolve-fitness.eu\/wp-content\/uploads\/2024\/01\/stack-148x150.webp 148w, https:\/\/evolve-fitness.eu\/wp-content\/uploads\/2024\/01\/stack-600x609.webp 600w, https:\/\/evolve-fitness.eu\/wp-content\/uploads\/2024\/01\/stack-296x300.webp 296w\" sizes=\"auto, (max-width: 768px) 100vw, 768px\" \/><\/figure>\n<\/div>\n<\/div>\n\n\n\n<div class=\"wp-block-columns alignwide is-layout-flex wp-container-core-columns-is-layout-c45ee707 wp-block-columns-is-layout-flex\" style=\"margin-bottom:var(--wp--preset--spacing--side-padding);padding-top:var(--wp--preset--spacing--side-padding)\">\n<div class=\"wp-block-column is-vertically-aligned-center is-layout-flow wp-block-column-is-layout-flow\">\n<figure class=\"wp-block-image size-full is-style-rounded\"><img loading=\"lazy\" decoding=\"async\" width=\"768\" height=\"779\" src=\"https:\/\/evolve-fitness.eu\/wp-content\/uploads\/2024\/01\/plate.webp\" alt=\"\" class=\"wp-image-9942\" srcset=\"https:\/\/evolve-fitness.eu\/wp-content\/uploads\/2024\/01\/plate.webp 768w, https:\/\/evolve-fitness.eu\/wp-content\/uploads\/2024\/01\/plate-300x304.webp 300w, https:\/\/evolve-fitness.eu\/wp-content\/uploads\/2024\/01\/plate-148x150.webp 148w, https:\/\/evolve-fitness.eu\/wp-content\/uploads\/2024\/01\/plate-600x609.webp 600w, https:\/\/evolve-fitness.eu\/wp-content\/uploads\/2024\/01\/plate-296x300.webp 296w\" sizes=\"auto, (max-width: 768px) 100vw, 768px\" \/><\/figure>\n<\/div>\n\n\n\n<div class=\"wp-block-column is-vertically-aligned-center is-layout-flow wp-block-column-is-layout-flow\">\n<h3 class=\"wp-block-heading\" style=\"margin-bottom:var(--wp--preset--spacing--h-3-bottom)\">Bovenste gewichtsplaat<\/h3>\n\n\n\n<p><strong><em>Voor betere prestaties<\/em><\/strong> <\/p>\n\n\n\n<p style=\"margin-bottom:var(--wp--preset--spacing--tb-section-padding)\">De Evolve Ultra Series Selectorized Iso Lateral Seated Row Machine heeft twee extra 2,5 kg top halterschijven die een dubbel doel dienen in het verbeteren van de prestaties van de fitnessmachine. Ten eerste vergroot het de maximale weerstand die het apparaat kan bieden, zodat gebruikers zichzelf nog meer kunnen uitdagen tijdens hun workouts. Bovendien bieden deze extra halterschijven een uniek voordeel doordat ze gebruikers in staat stellen kleinere, nauwkeurigere stappen te maken in hun weerstandsaanpassingen, waarbij elke plaat een toename van 2,5 kg biedt. Deze precisie in weerstandselectie stelt mensen in staat om hun workouts nauwkeurig af te stemmen op hun specifieke behoeften en doelen, zodat elke trainingssessie is afgestemd op optimale resultaten.<\/p>\n<\/div>\n<\/div>\n\n\n\n<div class=\"wp-block-columns alignwide mobile-reverse is-layout-flex wp-container-core-columns-is-layout-ca64bf2d wp-block-columns-is-layout-flex\" style=\"margin-bottom:var(--wp--preset--spacing--side-padding)\">\n<div class=\"wp-block-column is-vertically-aligned-center is-layout-flow wp-block-column-is-layout-flow\">\n<h3 class=\"wp-block-heading\" style=\"margin-bottom:var(--wp--preset--spacing--h-3-bottom)\">Dubbele poedercoating<\/h3>\n\n\n\n<p><strong><em>Parelmoer met elektrostatische poedercoating<\/em><\/strong><\/p>\n\n\n\n<p style=\"margin-bottom:var(--wp--preset--spacing--tb-section-padding)\">De Evolve Ultra Series krachtmachines met een elektrostatisch gepoedercoat parelzwart mat frame zijn een voorbeeld van zowel vorm als functie. De esthetische aantrekkingskracht wordt versterkt door de matzwarte afwerking, terwijl de praktische eigenschappen, waaronder wrijvingsweerstand, anticorrosie-eigenschappen en krasbestendigheid, ervoor zorgen dat het een betrouwbare en duurzame fitnesspartner is.<\/p>\n<\/div>\n\n\n\n<div class=\"wp-block-column is-vertically-aligned-center is-layout-flow wp-block-column-is-layout-flow\">\n<figure class=\"wp-block-video\"><video height=\"720\" style=\"aspect-ratio: 1280 \/ 720;\" width=\"1280\" autoplay=\"\" controls=\"\" loop=\"\" muted=\"\" src=\"https:\/\/evolve-fitness.eu\/wp-content\/uploads\/2023\/10\/Evolve-Double-powder-coated-Frame.mp4\"><\/video><\/figure>\n<\/div>\n<\/div>\n\n\n\n<div class=\"wp-block-columns alignwide mobile-reverse is-layout-flex wp-container-core-columns-is-layout-ca64bf2d wp-block-columns-is-layout-flex\" style=\"margin-bottom:var(--wp--preset--spacing--side-padding)\">\n<div class=\"wp-block-column is-vertically-aligned-center is-layout-flow wp-block-column-is-layout-flow\">\n<figure class=\"wp-block-video\"><video height=\"720\" style=\"aspect-ratio: 1280 \/ 720;\" width=\"1280\" autoplay=\"\" controls=\"\" loop=\"\" muted=\"\" src=\"https:\/\/evolve-fitness.eu\/wp-content\/uploads\/2023\/10\/Evolve-cable.mp4\"><\/video><\/figure>\n<\/div>\n\n\n\n<div class=\"wp-block-column is-vertically-aligned-center is-layout-flow wp-block-column-is-layout-flow\">\n<h3 class=\"wp-block-heading\" style=\"margin-bottom:var(--wp--preset--spacing--h-3-bottom)\">Kabel<\/h3>\n\n\n\n<p>Superieure kwaliteit<\/p>\n\n\n\n<p style=\"margin-bottom:var(--wp--preset--spacing--tb-section-padding)\">Evolve Ultra Series machines gebruiken kabels van superieure kwaliteit, er zijn zes hoofdstrengen en elke streng bestaat uit 19 in elkaar gedraaide draden, polyamide 12 (PA12) materiaal en een diameter van 5 mm. Deze kabels zijn ontworpen voor kracht en duurzaamheid, met een breekkracht van 9000 kN, waardoor ze de beste keuze zijn voor toepassingen waar uitzonderlijke betrouwbaarheid, duurzaamheid en prestaties nodig zijn.Als je van de ene oefening naar de andere gaat, of het nu bicep curls, chest presses, lat pulldowns, of een andere kracht opbouwende activiteit is, de uitzonderlijke prestaties van de Evolve Ultra serie kabel zorgt ervoor dat je bewegingen soepel zijn, en de weerstand is consistent, het bevorderen van een workout ervaring die zowel effectief als plezierig is.<\/p>\n<\/div>\n<\/div>\n<\/section>\n","protected":false},"excerpt":{"rendered":"<p>De Evolve Ultra Series Selectorized Iso Lateral Seated Row (EV-SC-UL-300) is een eersteklas krachttrainingstoestel ontworpen voor een precieze, ge\u00efsoleerde ontwikkeling van de rug. Met onafhankelijke bewegingsarmen en een biomechanisch geoptimaliseerde zitting en borstkussentje zorgt het voor een evenwichtige spierbetrokkenheid en een ergonomische trainingservaring. Dit toestel is ideaal voor alle fitnessniveaus en combineert een superieure bouwkwaliteit met moderne digitale integratie voor effici\u00ebnte, veilige en effectieve workouts.  <\/p>\n","protected":false},"featured_media":200762,"template":"","meta":{"_acf_changed":false,"inline_featured_image":false},"product_brand":[],"product_cat":[2832,3862],"product_tag":[],"class_list":{"0":"post-225927","1":"product","2":"type-product","3":"status-publish","4":"has-post-thumbnail","6":"product_cat-geselecteerde-machines","7":"product_cat-ultra-series-machines-met-selectiemotor","9":"first","10":"instock","11":"shipping-taxable","12":"purchasable","13":"product-type-simple"},"acf":{"long_title":"  Evolve Ultra Series Geselecteerde Iso Zittende Rijen (UL-300)","subtitle":"","specifications":[{"label":"SKU","text_value":"EV-SC-UL-300","icon":"x"},{"label":"Afmetingen","text_value":"1650 \u00d7 1200 \u00d7 1602 mm","icon":"x"},{"label":"Gewicht","text_value":"150 kg","icon":"x"},{"label":"Stapel gewichten","text_value":"110 kg","icon":"x"},{"label":"Optionele gewichtstapel","text_value":"122,5 kg","icon":"x"},{"label":"Minimale weerstand","text_value":"5 kg","icon":"x"},{"label":"Bovenste gewichtplaat","text_value":"2 x 2,5 kg","icon":"x"},{"label":"Verstelbare borststeunposities","text_value":"5","icon":"x"},{"label":"Zitting verstelbaar","text_value":"18","icon":"x"},{"label":"Max. gewicht gebruiker","text_value":"180 kg","icon":"x"},{"label":"Dikte frame","text_value":"3 mm","icon":"x"},{"label":"Bovenste gewichtplaat","text_value":"","icon":"v"},{"label":"Verstelbare trainingspositie","text_value":"","icon":"v"},{"label":"Zitting verstelbaar","text_value":"","icon":"v"},{"label":"360 graden draaibare handgrepen","text_value":"","icon":"v"},{"label":"Elke arm werkt onafhankelijk van de andere","text_value":"","icon":"v"},{"label":"Ge\u00efntegreerde extra handgreep voor het uitvoeren van oefeningen met \u00e9\u00e9n arm","text_value":"","icon":"v"},{"label":"Magnetische gewichtstapelpen","text_value":"","icon":"v"},{"label":"Heldergekleurde magnetische gewichtstapelpen voor eenvoudige identificatie","text_value":"","icon":"v"},{"label":"Heldergekleurde verstelhendels voor eenvoudige identificatie","text_value":"","icon":"v"},{"label":"Plakkaat met trainingsinstructie","text_value":"","icon":"v"},{"label":"Omhulde gewichtstapel","text_value":"","icon":"v"},{"label":"Duurzame vloerbeschermers","text_value":"2 jaar","icon":"v"},{"label":"Corrosiewerende verf","text_value":"2 jaar","icon":"v"},{"label":"Dikke bekleding bedekt met PU leer","text_value":"2 jaar","icon":"v"},{"label":"Nylon kabel","text_value":"","icon":"v"},{"label":"Antislip handgrepen","text_value":"","icon":"v"},{"label":"Waterfles en accessoirekoffer","text_value":"","icon":"v"},{"label":"Garantie","text_value":"2 jaar","icon":"x"}]},"yoast_head":"<!-- This site is optimized with the Yoast SEO plugin v27.4 - https:\/\/yoast.com\/product\/yoast-seo-wordpress\/ -->\n<title>Evolve Ultra Series Geselecteerde Iso Zittende Rijen (UL-300) - Evolve<\/title>\n<meta name=\"description\" content=\"De Evolve Ultra Series Selectorized Iso Lateral Seated Row (EV-SC-UL-300) is een eersteklas krachttrainingstoestel ontworpen voor nauwkeurige, ge\u00efsoleerde rugtraining.\" \/>\n<meta name=\"robots\" content=\"index, follow, max-snippet:-1, max-image-preview:large, max-video-preview:-1\" \/>\n<link rel=\"canonical\" href=\"https:\/\/evolve-fitness.eu\/nl\/product\/evolve-ultra-series-geselecteerde-iso-laterale-zittende-rijen\/\" \/>\n<meta property=\"og:locale\" content=\"nl_NL\" \/>\n<meta property=\"og:type\" content=\"article\" \/>\n<meta property=\"og:title\" content=\"Evolve Ultra Series Geselecteerde Iso Zittende Rijen (UL-300) - Evolve\" \/>\n<meta property=\"og:description\" content=\"De Evolve Ultra Series Selectorized Iso Lateral Seated Row (EV-SC-UL-300) is een eersteklas krachttrainingstoestel ontworpen voor nauwkeurige, ge\u00efsoleerde rugtraining.\" \/>\n<meta property=\"og:url\" content=\"https:\/\/evolve-fitness.eu\/nl\/product\/evolve-ultra-series-geselecteerde-iso-laterale-zittende-rijen\/\" \/>\n<meta property=\"og:site_name\" content=\"Evolve\" \/>\n<meta property=\"article:publisher\" content=\"https:\/\/www.facebook.com\/EvolveFitnessEurope\" \/>\n<meta property=\"article:modified_time\" content=\"2026-03-30T10:55:30+00:00\" \/>\n<meta property=\"og:image\" content=\"https:\/\/evolve-fitness.eu\/wp-content\/uploads\/2025\/07\/EV-SC-UL-300-Evolve-Ultra-Series-Selectorized-Iso-Lateral-Seated-Row-1.png\" \/>\n\t<meta property=\"og:image:width\" content=\"1500\" \/>\n\t<meta property=\"og:image:height\" content=\"1500\" \/>\n\t<meta property=\"og:image:type\" content=\"image\/png\" \/>\n<meta name=\"twitter:card\" content=\"summary_large_image\" \/>\n<script type=\"application\/ld+json\" class=\"yoast-schema-graph\">{\"@context\":\"https:\\\/\\\/schema.org\",\"@graph\":[{\"@type\":\"WebPage\",\"@id\":\"https:\\\/\\\/evolve-fitness.eu\\\/nl\\\/product\\\/evolve-ultra-series-geselecteerde-iso-laterale-zittende-rijen\\\/\",\"url\":\"https:\\\/\\\/evolve-fitness.eu\\\/nl\\\/product\\\/evolve-ultra-series-geselecteerde-iso-laterale-zittende-rijen\\\/\",\"name\":\"Evolve Ultra Series Geselecteerde Iso Zittende Rijen (UL-300) - Evolve\",\"isPartOf\":{\"@id\":\"https:\\\/\\\/evolve-fitness.eu\\\/nl\\\/#website\"},\"primaryImageOfPage\":{\"@id\":\"https:\\\/\\\/evolve-fitness.eu\\\/nl\\\/product\\\/evolve-ultra-series-geselecteerde-iso-laterale-zittende-rijen\\\/#primaryimage\"},\"image\":{\"@id\":\"https:\\\/\\\/evolve-fitness.eu\\\/nl\\\/product\\\/evolve-ultra-series-geselecteerde-iso-laterale-zittende-rijen\\\/#primaryimage\"},\"thumbnailUrl\":\"https:\\\/\\\/evolve-fitness.eu\\\/wp-content\\\/uploads\\\/2025\\\/07\\\/EV-SC-UL-300-Evolve-Ultra-Series-Selectorized-Iso-Lateral-Seated-Row-1.png\",\"datePublished\":\"2025-07-04T11:47:29+00:00\",\"dateModified\":\"2026-03-30T10:55:30+00:00\",\"description\":\"De Evolve Ultra Series Selectorized Iso Lateral Seated Row (EV-SC-UL-300) is een eersteklas krachttrainingstoestel ontworpen voor nauwkeurige, ge\u00efsoleerde rugtraining.\",\"breadcrumb\":{\"@id\":\"https:\\\/\\\/evolve-fitness.eu\\\/nl\\\/product\\\/evolve-ultra-series-geselecteerde-iso-laterale-zittende-rijen\\\/#breadcrumb\"},\"inLanguage\":\"nl-NL\",\"potentialAction\":[{\"@type\":\"ReadAction\",\"target\":[\"https:\\\/\\\/evolve-fitness.eu\\\/nl\\\/product\\\/evolve-ultra-series-geselecteerde-iso-laterale-zittende-rijen\\\/\"]}]},{\"@type\":\"ImageObject\",\"inLanguage\":\"nl-NL\",\"@id\":\"https:\\\/\\\/evolve-fitness.eu\\\/nl\\\/product\\\/evolve-ultra-series-geselecteerde-iso-laterale-zittende-rijen\\\/#primaryimage\",\"url\":\"https:\\\/\\\/evolve-fitness.eu\\\/wp-content\\\/uploads\\\/2025\\\/07\\\/EV-SC-UL-300-Evolve-Ultra-Series-Selectorized-Iso-Lateral-Seated-Row-1.png\",\"contentUrl\":\"https:\\\/\\\/evolve-fitness.eu\\\/wp-content\\\/uploads\\\/2025\\\/07\\\/EV-SC-UL-300-Evolve-Ultra-Series-Selectorized-Iso-Lateral-Seated-Row-1.png\",\"width\":1500,\"height\":1500},{\"@type\":\"BreadcrumbList\",\"@id\":\"https:\\\/\\\/evolve-fitness.eu\\\/nl\\\/product\\\/evolve-ultra-series-geselecteerde-iso-laterale-zittende-rijen\\\/#breadcrumb\",\"itemListElement\":[{\"@type\":\"ListItem\",\"position\":1,\"name\":\"Home\",\"item\":\"https:\\\/\\\/evolve-fitness.eu\\\/nl\\\/\"},{\"@type\":\"ListItem\",\"position\":2,\"name\":\"Producten\",\"item\":\"https:\\\/\\\/evolve-fitness.eu\\\/nl\\\/shop\\\/\"},{\"@type\":\"ListItem\",\"position\":3,\"name\":\"Evolve Ultra Series Geselecteerde Iso Zittende Rijen (UL-300)\"}]},{\"@type\":\"WebSite\",\"@id\":\"https:\\\/\\\/evolve-fitness.eu\\\/nl\\\/#website\",\"url\":\"https:\\\/\\\/evolve-fitness.eu\\\/nl\\\/\",\"name\":\"Evolve\",\"description\":\"Your Evolved Gear Arrived\",\"publisher\":{\"@id\":\"https:\\\/\\\/evolve-fitness.eu\\\/nl\\\/#organization\"},\"potentialAction\":[{\"@type\":\"SearchAction\",\"target\":{\"@type\":\"EntryPoint\",\"urlTemplate\":\"https:\\\/\\\/evolve-fitness.eu\\\/nl\\\/?s={search_term_string}\"},\"query-input\":{\"@type\":\"PropertyValueSpecification\",\"valueRequired\":true,\"valueName\":\"search_term_string\"}}],\"inLanguage\":\"nl-NL\"},{\"@type\":\"Organization\",\"@id\":\"https:\\\/\\\/evolve-fitness.eu\\\/nl\\\/#organization\",\"name\":\"Evolve\",\"url\":\"https:\\\/\\\/evolve-fitness.eu\\\/nl\\\/\",\"logo\":{\"@type\":\"ImageObject\",\"inLanguage\":\"nl-NL\",\"@id\":\"https:\\\/\\\/evolve-fitness.eu\\\/nl\\\/#\\\/schema\\\/logo\\\/image\\\/\",\"url\":\"https:\\\/\\\/evolve-fitness.eu\\\/wp-content\\\/uploads\\\/2023\\\/05\\\/Evolve-logo.svg\",\"contentUrl\":\"https:\\\/\\\/evolve-fitness.eu\\\/wp-content\\\/uploads\\\/2023\\\/05\\\/Evolve-logo.svg\",\"width\":176,\"height\":20,\"caption\":\"Evolve\"},\"image\":{\"@id\":\"https:\\\/\\\/evolve-fitness.eu\\\/nl\\\/#\\\/schema\\\/logo\\\/image\\\/\"},\"sameAs\":[\"https:\\\/\\\/www.facebook.com\\\/EvolveFitnessEurope\"]}]}<\/script>\n<!-- \/ Yoast SEO plugin. -->","yoast_head_json":{"title":"Evolve Ultra Series Geselecteerde Iso Zittende Rijen (UL-300) - Evolve","description":"De Evolve Ultra Series Selectorized Iso Lateral Seated Row (EV-SC-UL-300) is een eersteklas krachttrainingstoestel ontworpen voor nauwkeurige, ge\u00efsoleerde rugtraining.","robots":{"index":"index","follow":"follow","max-snippet":"max-snippet:-1","max-image-preview":"max-image-preview:large","max-video-preview":"max-video-preview:-1"},"canonical":"https:\/\/evolve-fitness.eu\/nl\/product\/evolve-ultra-series-geselecteerde-iso-laterale-zittende-rijen\/","og_locale":"nl_NL","og_type":"article","og_title":"Evolve Ultra Series Geselecteerde Iso Zittende Rijen (UL-300) - Evolve","og_description":"De Evolve Ultra Series Selectorized Iso Lateral Seated Row (EV-SC-UL-300) is een eersteklas krachttrainingstoestel ontworpen voor nauwkeurige, ge\u00efsoleerde rugtraining.","og_url":"https:\/\/evolve-fitness.eu\/nl\/product\/evolve-ultra-series-geselecteerde-iso-laterale-zittende-rijen\/","og_site_name":"Evolve","article_publisher":"https:\/\/www.facebook.com\/EvolveFitnessEurope","article_modified_time":"2026-03-30T10:55:30+00:00","og_image":[{"width":1500,"height":1500,"url":"https:\/\/evolve-fitness.eu\/wp-content\/uploads\/2025\/07\/EV-SC-UL-300-Evolve-Ultra-Series-Selectorized-Iso-Lateral-Seated-Row-1.png","type":"image\/png"}],"twitter_card":"summary_large_image","schema":{"@context":"https:\/\/schema.org","@graph":[{"@type":"WebPage","@id":"https:\/\/evolve-fitness.eu\/nl\/product\/evolve-ultra-series-geselecteerde-iso-laterale-zittende-rijen\/","url":"https:\/\/evolve-fitness.eu\/nl\/product\/evolve-ultra-series-geselecteerde-iso-laterale-zittende-rijen\/","name":"Evolve Ultra Series Geselecteerde Iso Zittende Rijen (UL-300) - Evolve","isPartOf":{"@id":"https:\/\/evolve-fitness.eu\/nl\/#website"},"primaryImageOfPage":{"@id":"https:\/\/evolve-fitness.eu\/nl\/product\/evolve-ultra-series-geselecteerde-iso-laterale-zittende-rijen\/#primaryimage"},"image":{"@id":"https:\/\/evolve-fitness.eu\/nl\/product\/evolve-ultra-series-geselecteerde-iso-laterale-zittende-rijen\/#primaryimage"},"thumbnailUrl":"https:\/\/evolve-fitness.eu\/wp-content\/uploads\/2025\/07\/EV-SC-UL-300-Evolve-Ultra-Series-Selectorized-Iso-Lateral-Seated-Row-1.png","datePublished":"2025-07-04T11:47:29+00:00","dateModified":"2026-03-30T10:55:30+00:00","description":"De Evolve Ultra Series Selectorized Iso Lateral Seated Row (EV-SC-UL-300) is een eersteklas krachttrainingstoestel ontworpen voor nauwkeurige, ge\u00efsoleerde rugtraining.","breadcrumb":{"@id":"https:\/\/evolve-fitness.eu\/nl\/product\/evolve-ultra-series-geselecteerde-iso-laterale-zittende-rijen\/#breadcrumb"},"inLanguage":"nl-NL","potentialAction":[{"@type":"ReadAction","target":["https:\/\/evolve-fitness.eu\/nl\/product\/evolve-ultra-series-geselecteerde-iso-laterale-zittende-rijen\/"]}]},{"@type":"ImageObject","inLanguage":"nl-NL","@id":"https:\/\/evolve-fitness.eu\/nl\/product\/evolve-ultra-series-geselecteerde-iso-laterale-zittende-rijen\/#primaryimage","url":"https:\/\/evolve-fitness.eu\/wp-content\/uploads\/2025\/07\/EV-SC-UL-300-Evolve-Ultra-Series-Selectorized-Iso-Lateral-Seated-Row-1.png","contentUrl":"https:\/\/evolve-fitness.eu\/wp-content\/uploads\/2025\/07\/EV-SC-UL-300-Evolve-Ultra-Series-Selectorized-Iso-Lateral-Seated-Row-1.png","width":1500,"height":1500},{"@type":"BreadcrumbList","@id":"https:\/\/evolve-fitness.eu\/nl\/product\/evolve-ultra-series-geselecteerde-iso-laterale-zittende-rijen\/#breadcrumb","itemListElement":[{"@type":"ListItem","position":1,"name":"Home","item":"https:\/\/evolve-fitness.eu\/nl\/"},{"@type":"ListItem","position":2,"name":"Producten","item":"https:\/\/evolve-fitness.eu\/nl\/shop\/"},{"@type":"ListItem","position":3,"name":"Evolve Ultra Series Geselecteerde Iso Zittende Rijen (UL-300)"}]},{"@type":"WebSite","@id":"https:\/\/evolve-fitness.eu\/nl\/#website","url":"https:\/\/evolve-fitness.eu\/nl\/","name":"Evolve","description":"Your Evolved Gear Arrived","publisher":{"@id":"https:\/\/evolve-fitness.eu\/nl\/#organization"},"potentialAction":[{"@type":"SearchAction","target":{"@type":"EntryPoint","urlTemplate":"https:\/\/evolve-fitness.eu\/nl\/?s={search_term_string}"},"query-input":{"@type":"PropertyValueSpecification","valueRequired":true,"valueName":"search_term_string"}}],"inLanguage":"nl-NL"},{"@type":"Organization","@id":"https:\/\/evolve-fitness.eu\/nl\/#organization","name":"Evolve","url":"https:\/\/evolve-fitness.eu\/nl\/","logo":{"@type":"ImageObject","inLanguage":"nl-NL","@id":"https:\/\/evolve-fitness.eu\/nl\/#\/schema\/logo\/image\/","url":"https:\/\/evolve-fitness.eu\/wp-content\/uploads\/2023\/05\/Evolve-logo.svg","contentUrl":"https:\/\/evolve-fitness.eu\/wp-content\/uploads\/2023\/05\/Evolve-logo.svg","width":176,"height":20,"caption":"Evolve"},"image":{"@id":"https:\/\/evolve-fitness.eu\/nl\/#\/schema\/logo\/image\/"},"sameAs":["https:\/\/www.facebook.com\/EvolveFitnessEurope"]}]}},"_links":{"self":[{"href":"https:\/\/evolve-fitness.eu\/nl\/wp-json\/wp\/v2\/product\/225927","targetHints":{"allow":["GET"]}}],"collection":[{"href":"https:\/\/evolve-fitness.eu\/nl\/wp-json\/wp\/v2\/product"}],"about":[{"href":"https:\/\/evolve-fitness.eu\/nl\/wp-json\/wp\/v2\/types\/product"}],"wp:featuredmedia":[{"embeddable":true,"href":"https:\/\/evolve-fitness.eu\/nl\/wp-json\/wp\/v2\/media\/200762"}],"wp:attachment":[{"href":"https:\/\/evolve-fitness.eu\/nl\/wp-json\/wp\/v2\/media?parent=225927"}],"wp:term":[{"taxonomy":"product_brand","embeddable":true,"href":"https:\/\/evolve-fitness.eu\/nl\/wp-json\/wp\/v2\/product_brand?post=225927"},{"taxonomy":"product_cat","embeddable":true,"href":"https:\/\/evolve-fitness.eu\/nl\/wp-json\/wp\/v2\/product_cat?post=225927"},{"taxonomy":"product_tag","embeddable":true,"href":"https:\/\/evolve-fitness.eu\/nl\/wp-json\/wp\/v2\/product_tag?post=225927"}],"curies":[{"name":"wp","href":"https:\/\/api.w.org\/{rel}","templated":true}]}}