{"id":235116,"date":"2025-10-14T16:01:04","date_gmt":"2025-10-14T13:01:04","guid":{"rendered":"https:\/\/evolve-fitness.eu\/product\/evolve-econ-series-plaatbeladen-hack-squat-leg-press-ec-220\/"},"modified":"2025-10-14T16:01:04","modified_gmt":"2025-10-14T13:01:04","slug":"evolve-econ-series-plaatbeladen-hack-squat-leg-press-ec-220","status":"publish","type":"product","link":"https:\/\/evolve-fitness.eu\/nl\/product\/evolve-econ-series-plaatbeladen-hack-squat-leg-press-ec-220\/","title":{"rendered":"Evolve Econ Series Plaatbeladen Hack Squat &amp; Leg Press (EC-220)"},"content":{"rendered":"","protected":false},"excerpt":{"rendered":"<p>De Evolve Econ Series Plate Loaded Hack Squat &amp; Leg Press combineert twee essenti\u00eble oefeningen voor het onderlichaam in \u00e9\u00e9n veelzijdige machine en richt zich op de quadriceps, hamstrings en bilspieren met precisie en controle. Het plaatbelaste systeem biedt een soepele en instelbare weerstand, terwijl de ergonomische rugleuning en voetplaat zorgen voor comfort en een goede uitlijning. Het toestel is gemaakt van heavy-duty materialen voor een lange levensduur en is ideaal voor commerci\u00eble en professionele fitnessomgevingen die op zoek zijn naar ruimtebesparende prestaties.  <\/p>\n","protected":false},"featured_media":235119,"template":"","meta":{"_acf_changed":false,"inline_featured_image":false},"product_brand":[],"product_cat":[5431,2932],"product_tag":[13197,13162],"class_list":{"0":"post-235116","1":"product","2":"type-product","3":"status-publish","4":"has-post-thumbnail","6":"product_cat-econ-series-plaatbelaste-machines","7":"product_cat-machines-met-plaatbelading","8":"product_tag-benenpers","9":"product_tag-hack-squat","11":"first","12":"instock","13":"shipping-taxable","14":"purchasable","15":"product-type-simple"},"acf":{"long_title":"Evolve Econ Series Plaatbeladen Hack Squat & Leg Press (EC-220)","subtitle":"","specifications":[{"label":"SKU","text_value":"EV-PL-EC-220","icon":"x"},{"label":"Afmetingen","text_value":"2634 x 1020 x 1373 mm","icon":"x"},{"label":"Gewicht","text_value":"150,5 kg","icon":"x"},{"label":"Max. belasting","text_value":"2 x 175 kg","icon":"x"},{"label":"Max. gebruikersgewicht","text_value":"150 kg","icon":"x"},{"label":"Anti-corrosie verf","text_value":"","icon":"v"},{"label":"Metalen frame zonder scherpe randen","text_value":"","icon":"v"},{"label":"Duurzame vloerbeschermers","text_value":"","icon":"v"},{"label":"Garantie","text_value":"2 jaar","icon":"x"}],"product_frequently_asked_questions":null},"yoast_head":"<!-- This site is optimized with the Yoast SEO plugin v27.4 - https:\/\/yoast.com\/product\/yoast-seo-wordpress\/ -->\n<title>Evolve Econ Series Plaatbeladen Hack Squat &amp; Leg Press (EC-220) - Evolve<\/title>\n<meta name=\"description\" content=\"De Evolve Econ Series Plate Loaded Hack Squat &amp; Leg Press combineert twee essenti\u00eble oefeningen voor het onderlichaam in \u00e9\u00e9n veelzijdige machine.\" \/>\n<meta name=\"robots\" content=\"index, follow, max-snippet:-1, max-image-preview:large, max-video-preview:-1\" \/>\n<link rel=\"canonical\" href=\"https:\/\/evolve-fitness.eu\/nl\/product\/evolve-econ-series-plaatbeladen-hack-squat-leg-press-ec-220\/\" \/>\n<meta property=\"og:locale\" content=\"nl_NL\" \/>\n<meta property=\"og:type\" content=\"article\" \/>\n<meta property=\"og:title\" content=\"Evolve Econ Series Plaatbeladen Hack Squat &amp; Leg Press (EC-220) - Evolve\" \/>\n<meta property=\"og:description\" content=\"De Evolve Econ Series Plate Loaded Hack Squat &amp; Leg Press combineert twee essenti\u00eble oefeningen voor het onderlichaam in \u00e9\u00e9n veelzijdige machine.\" \/>\n<meta property=\"og:url\" content=\"https:\/\/evolve-fitness.eu\/nl\/product\/evolve-econ-series-plaatbeladen-hack-squat-leg-press-ec-220\/\" \/>\n<meta property=\"og:site_name\" content=\"Evolve\" \/>\n<meta property=\"article:publisher\" content=\"https:\/\/www.facebook.com\/EvolveFitnessEurope\" \/>\n<meta property=\"og:image\" content=\"https:\/\/evolve-fitness.eu\/wp-content\/uploads\/2025\/10\/ev-pl-ec-2201.png\" \/>\n\t<meta property=\"og:image:width\" content=\"675\" \/>\n\t<meta property=\"og:image:height\" content=\"675\" \/>\n\t<meta property=\"og:image:type\" content=\"image\/png\" \/>\n<meta name=\"twitter:card\" content=\"summary_large_image\" \/>\n<script type=\"application\/ld+json\" class=\"yoast-schema-graph\">{\"@context\":\"https:\\\/\\\/schema.org\",\"@graph\":[{\"@type\":\"WebPage\",\"@id\":\"https:\\\/\\\/evolve-fitness.eu\\\/nl\\\/product\\\/evolve-econ-series-plaatbeladen-hack-squat-leg-press-ec-220\\\/\",\"url\":\"https:\\\/\\\/evolve-fitness.eu\\\/nl\\\/product\\\/evolve-econ-series-plaatbeladen-hack-squat-leg-press-ec-220\\\/\",\"name\":\"Evolve Econ Series Plaatbeladen Hack Squat &amp; Leg Press (EC-220) - Evolve\",\"isPartOf\":{\"@id\":\"https:\\\/\\\/evolve-fitness.eu\\\/nl\\\/#website\"},\"primaryImageOfPage\":{\"@id\":\"https:\\\/\\\/evolve-fitness.eu\\\/nl\\\/product\\\/evolve-econ-series-plaatbeladen-hack-squat-leg-press-ec-220\\\/#primaryimage\"},\"image\":{\"@id\":\"https:\\\/\\\/evolve-fitness.eu\\\/nl\\\/product\\\/evolve-econ-series-plaatbeladen-hack-squat-leg-press-ec-220\\\/#primaryimage\"},\"thumbnailUrl\":\"https:\\\/\\\/evolve-fitness.eu\\\/wp-content\\\/uploads\\\/2025\\\/10\\\/ev-pl-ec-2201.png\",\"datePublished\":\"2025-10-14T13:01:04+00:00\",\"description\":\"De Evolve Econ Series Plate Loaded Hack Squat & Leg Press combineert twee essenti\u00eble oefeningen voor het onderlichaam in \u00e9\u00e9n veelzijdige machine.\",\"breadcrumb\":{\"@id\":\"https:\\\/\\\/evolve-fitness.eu\\\/nl\\\/product\\\/evolve-econ-series-plaatbeladen-hack-squat-leg-press-ec-220\\\/#breadcrumb\"},\"inLanguage\":\"nl-NL\",\"potentialAction\":[{\"@type\":\"ReadAction\",\"target\":[\"https:\\\/\\\/evolve-fitness.eu\\\/nl\\\/product\\\/evolve-econ-series-plaatbeladen-hack-squat-leg-press-ec-220\\\/\"]}]},{\"@type\":\"ImageObject\",\"inLanguage\":\"nl-NL\",\"@id\":\"https:\\\/\\\/evolve-fitness.eu\\\/nl\\\/product\\\/evolve-econ-series-plaatbeladen-hack-squat-leg-press-ec-220\\\/#primaryimage\",\"url\":\"https:\\\/\\\/evolve-fitness.eu\\\/wp-content\\\/uploads\\\/2025\\\/10\\\/ev-pl-ec-2201.png\",\"contentUrl\":\"https:\\\/\\\/evolve-fitness.eu\\\/wp-content\\\/uploads\\\/2025\\\/10\\\/ev-pl-ec-2201.png\",\"width\":675,\"height\":675},{\"@type\":\"BreadcrumbList\",\"@id\":\"https:\\\/\\\/evolve-fitness.eu\\\/nl\\\/product\\\/evolve-econ-series-plaatbeladen-hack-squat-leg-press-ec-220\\\/#breadcrumb\",\"itemListElement\":[{\"@type\":\"ListItem\",\"position\":1,\"name\":\"Home\",\"item\":\"https:\\\/\\\/evolve-fitness.eu\\\/nl\\\/\"},{\"@type\":\"ListItem\",\"position\":2,\"name\":\"Producten\",\"item\":\"https:\\\/\\\/evolve-fitness.eu\\\/nl\\\/shop\\\/\"},{\"@type\":\"ListItem\",\"position\":3,\"name\":\"Evolve Econ Series Plaatbeladen Hack Squat &amp; Leg Press (EC-220)\"}]},{\"@type\":\"WebSite\",\"@id\":\"https:\\\/\\\/evolve-fitness.eu\\\/nl\\\/#website\",\"url\":\"https:\\\/\\\/evolve-fitness.eu\\\/nl\\\/\",\"name\":\"Evolve\",\"description\":\"Your Evolved Gear Arrived\",\"publisher\":{\"@id\":\"https:\\\/\\\/evolve-fitness.eu\\\/nl\\\/#organization\"},\"potentialAction\":[{\"@type\":\"SearchAction\",\"target\":{\"@type\":\"EntryPoint\",\"urlTemplate\":\"https:\\\/\\\/evolve-fitness.eu\\\/nl\\\/?s={search_term_string}\"},\"query-input\":{\"@type\":\"PropertyValueSpecification\",\"valueRequired\":true,\"valueName\":\"search_term_string\"}}],\"inLanguage\":\"nl-NL\"},{\"@type\":\"Organization\",\"@id\":\"https:\\\/\\\/evolve-fitness.eu\\\/nl\\\/#organization\",\"name\":\"Evolve\",\"url\":\"https:\\\/\\\/evolve-fitness.eu\\\/nl\\\/\",\"logo\":{\"@type\":\"ImageObject\",\"inLanguage\":\"nl-NL\",\"@id\":\"https:\\\/\\\/evolve-fitness.eu\\\/nl\\\/#\\\/schema\\\/logo\\\/image\\\/\",\"url\":\"https:\\\/\\\/evolve-fitness.eu\\\/wp-content\\\/uploads\\\/2023\\\/05\\\/Evolve-logo.svg\",\"contentUrl\":\"https:\\\/\\\/evolve-fitness.eu\\\/wp-content\\\/uploads\\\/2023\\\/05\\\/Evolve-logo.svg\",\"width\":176,\"height\":20,\"caption\":\"Evolve\"},\"image\":{\"@id\":\"https:\\\/\\\/evolve-fitness.eu\\\/nl\\\/#\\\/schema\\\/logo\\\/image\\\/\"},\"sameAs\":[\"https:\\\/\\\/www.facebook.com\\\/EvolveFitnessEurope\"]}]}<\/script>\n<!-- \/ Yoast SEO plugin. -->","yoast_head_json":{"title":"Evolve Econ Series Plaatbeladen Hack Squat &amp; Leg Press (EC-220) - Evolve","description":"De Evolve Econ Series Plate Loaded Hack Squat & Leg Press combineert twee essenti\u00eble oefeningen voor het onderlichaam in \u00e9\u00e9n veelzijdige machine.","robots":{"index":"index","follow":"follow","max-snippet":"max-snippet:-1","max-image-preview":"max-image-preview:large","max-video-preview":"max-video-preview:-1"},"canonical":"https:\/\/evolve-fitness.eu\/nl\/product\/evolve-econ-series-plaatbeladen-hack-squat-leg-press-ec-220\/","og_locale":"nl_NL","og_type":"article","og_title":"Evolve Econ Series Plaatbeladen Hack Squat &amp; Leg Press (EC-220) - Evolve","og_description":"De Evolve Econ Series Plate Loaded Hack Squat & Leg Press combineert twee essenti\u00eble oefeningen voor het onderlichaam in \u00e9\u00e9n veelzijdige machine.","og_url":"https:\/\/evolve-fitness.eu\/nl\/product\/evolve-econ-series-plaatbeladen-hack-squat-leg-press-ec-220\/","og_site_name":"Evolve","article_publisher":"https:\/\/www.facebook.com\/EvolveFitnessEurope","og_image":[{"width":675,"height":675,"url":"https:\/\/evolve-fitness.eu\/wp-content\/uploads\/2025\/10\/ev-pl-ec-2201.png","type":"image\/png"}],"twitter_card":"summary_large_image","schema":{"@context":"https:\/\/schema.org","@graph":[{"@type":"WebPage","@id":"https:\/\/evolve-fitness.eu\/nl\/product\/evolve-econ-series-plaatbeladen-hack-squat-leg-press-ec-220\/","url":"https:\/\/evolve-fitness.eu\/nl\/product\/evolve-econ-series-plaatbeladen-hack-squat-leg-press-ec-220\/","name":"Evolve Econ Series Plaatbeladen Hack Squat &amp; Leg Press (EC-220) - Evolve","isPartOf":{"@id":"https:\/\/evolve-fitness.eu\/nl\/#website"},"primaryImageOfPage":{"@id":"https:\/\/evolve-fitness.eu\/nl\/product\/evolve-econ-series-plaatbeladen-hack-squat-leg-press-ec-220\/#primaryimage"},"image":{"@id":"https:\/\/evolve-fitness.eu\/nl\/product\/evolve-econ-series-plaatbeladen-hack-squat-leg-press-ec-220\/#primaryimage"},"thumbnailUrl":"https:\/\/evolve-fitness.eu\/wp-content\/uploads\/2025\/10\/ev-pl-ec-2201.png","datePublished":"2025-10-14T13:01:04+00:00","description":"De Evolve Econ Series Plate Loaded Hack Squat & Leg Press combineert twee essenti\u00eble oefeningen voor het onderlichaam in \u00e9\u00e9n veelzijdige machine.","breadcrumb":{"@id":"https:\/\/evolve-fitness.eu\/nl\/product\/evolve-econ-series-plaatbeladen-hack-squat-leg-press-ec-220\/#breadcrumb"},"inLanguage":"nl-NL","potentialAction":[{"@type":"ReadAction","target":["https:\/\/evolve-fitness.eu\/nl\/product\/evolve-econ-series-plaatbeladen-hack-squat-leg-press-ec-220\/"]}]},{"@type":"ImageObject","inLanguage":"nl-NL","@id":"https:\/\/evolve-fitness.eu\/nl\/product\/evolve-econ-series-plaatbeladen-hack-squat-leg-press-ec-220\/#primaryimage","url":"https:\/\/evolve-fitness.eu\/wp-content\/uploads\/2025\/10\/ev-pl-ec-2201.png","contentUrl":"https:\/\/evolve-fitness.eu\/wp-content\/uploads\/2025\/10\/ev-pl-ec-2201.png","width":675,"height":675},{"@type":"BreadcrumbList","@id":"https:\/\/evolve-fitness.eu\/nl\/product\/evolve-econ-series-plaatbeladen-hack-squat-leg-press-ec-220\/#breadcrumb","itemListElement":[{"@type":"ListItem","position":1,"name":"Home","item":"https:\/\/evolve-fitness.eu\/nl\/"},{"@type":"ListItem","position":2,"name":"Producten","item":"https:\/\/evolve-fitness.eu\/nl\/shop\/"},{"@type":"ListItem","position":3,"name":"Evolve Econ Series Plaatbeladen Hack Squat &amp; Leg Press (EC-220)"}]},{"@type":"WebSite","@id":"https:\/\/evolve-fitness.eu\/nl\/#website","url":"https:\/\/evolve-fitness.eu\/nl\/","name":"Evolve","description":"Your Evolved Gear Arrived","publisher":{"@id":"https:\/\/evolve-fitness.eu\/nl\/#organization"},"potentialAction":[{"@type":"SearchAction","target":{"@type":"EntryPoint","urlTemplate":"https:\/\/evolve-fitness.eu\/nl\/?s={search_term_string}"},"query-input":{"@type":"PropertyValueSpecification","valueRequired":true,"valueName":"search_term_string"}}],"inLanguage":"nl-NL"},{"@type":"Organization","@id":"https:\/\/evolve-fitness.eu\/nl\/#organization","name":"Evolve","url":"https:\/\/evolve-fitness.eu\/nl\/","logo":{"@type":"ImageObject","inLanguage":"nl-NL","@id":"https:\/\/evolve-fitness.eu\/nl\/#\/schema\/logo\/image\/","url":"https:\/\/evolve-fitness.eu\/wp-content\/uploads\/2023\/05\/Evolve-logo.svg","contentUrl":"https:\/\/evolve-fitness.eu\/wp-content\/uploads\/2023\/05\/Evolve-logo.svg","width":176,"height":20,"caption":"Evolve"},"image":{"@id":"https:\/\/evolve-fitness.eu\/nl\/#\/schema\/logo\/image\/"},"sameAs":["https:\/\/www.facebook.com\/EvolveFitnessEurope"]}]}},"_links":{"self":[{"href":"https:\/\/evolve-fitness.eu\/nl\/wp-json\/wp\/v2\/product\/235116","targetHints":{"allow":["GET"]}}],"collection":[{"href":"https:\/\/evolve-fitness.eu\/nl\/wp-json\/wp\/v2\/product"}],"about":[{"href":"https:\/\/evolve-fitness.eu\/nl\/wp-json\/wp\/v2\/types\/product"}],"wp:featuredmedia":[{"embeddable":true,"href":"https:\/\/evolve-fitness.eu\/nl\/wp-json\/wp\/v2\/media\/235119"}],"wp:attachment":[{"href":"https:\/\/evolve-fitness.eu\/nl\/wp-json\/wp\/v2\/media?parent=235116"}],"wp:term":[{"taxonomy":"product_brand","embeddable":true,"href":"https:\/\/evolve-fitness.eu\/nl\/wp-json\/wp\/v2\/product_brand?post=235116"},{"taxonomy":"product_cat","embeddable":true,"href":"https:\/\/evolve-fitness.eu\/nl\/wp-json\/wp\/v2\/product_cat?post=235116"},{"taxonomy":"product_tag","embeddable":true,"href":"https:\/\/evolve-fitness.eu\/nl\/wp-json\/wp\/v2\/product_tag?post=235116"}],"curies":[{"name":"wp","href":"https:\/\/api.w.org\/{rel}","templated":true}]}}