{"id":238525,"date":"2023-11-15T11:38:39","date_gmt":"2023-11-15T09:38:39","guid":{"rendered":"https:\/\/evolve-fitness.eu\/product\/evolve-studio-halterschijvenrek-2\/"},"modified":"2026-04-23T09:54:42","modified_gmt":"2026-04-23T06:54:42","slug":"evolve-studio-halterschijvenrek-2","status":"publish","type":"product","link":"https:\/\/evolve-fitness.eu\/nl\/product\/evolve-studio-halterschijvenrek-2\/","title":{"rendered":"Evolve Studio Halterschijvenrek"},"content":{"rendered":"\n<section class=\"wp-block-group alignfull black-content has-white-color has-darkgray-background-color has-text-color has-background is-layout-constrained wp-block-group-is-layout-constrained\" style=\"padding-top:var(--wp--preset--spacing--section-bottom);padding-bottom:var(--wp--preset--spacing--section-bottom)\">\n<p class=\"has-text-align-center has-medium-2-font-size\" style=\"padding-top:var(--wp--preset--spacing--tb-padding);padding-bottom:var(--wp--preset--spacing--tb-padding)\"><strong>Maximaliseer spa\u021biul dvs. de fitness cu raftul de haltere Aerobic de la Evolve Studio <\/strong><\/p>\n\n\n\n<p>Transforma\u021bi-v\u0103 studioul de fitness sau sala de gimnastic\u0103 de acas\u0103 cu <strong>suportul pentru haltere aerobice Evolve<\/strong>, proiectat \u00een mod expert pentru a \u00eembun\u0103t\u0103\u021bi organizarea \u0219i accesibilitatea. Het verticale ontwerp is ideaal voor fitnesscentra, wellnesscentra en spa&#8217;s voor thuisgebruik, met verschillende aerobice- en vinilhallen. <\/p>\n\n\n\n<div class=\"wp-block-columns alignwide mobile-reverse is-layout-flex wp-container-core-columns-is-layout-ca64bf2d wp-block-columns-is-layout-flex\" style=\"margin-bottom:var(--wp--preset--spacing--side-padding)\">\n<div class=\"wp-block-column is-vertically-aligned-center is-layout-flow wp-block-column-is-layout-flow\">\n<h3 class=\"wp-block-heading\" style=\"margin-bottom:var(--wp--preset--spacing--h-3-bottom)\"><strong>\n  <strong>\n    <strong>\n      <strong>\n        <strong>\n          <strong>\n            <strong>\n              <strong>\n                <strong>\n                  <strong>Kenmerken<\/strong>\n                <\/strong>\n              <\/strong>\n            <\/strong>\n          <\/strong>\n        <\/strong>\n      <\/strong>\n    <\/strong>\n  <\/strong>\n<\/strong>:<\/h3>\n\n\n\n<ul class=\"wp-block-list\">\n<li><strong>Economisch ontwerp voor spa\u021biului:<\/strong> Structura vertical\u0103 a raftului pentru haltere Evolve permite o depozitare maxim\u0103 f\u0103r\u0103 a sacrifica spa\u021biul pe podea, perfect pentru zonele compact.<\/li>\n\n\n\n<li><strong>Mobiel:<\/strong> Echipat cu patru ro\u021bi robuste cu fr\u00e2ne sigure, acest suport poate fi deplasat \u0219i pozi\u021bionat f\u0103r\u0103 efort, oferind un confort de neegalat.<\/li>\n\n\n\n<li><strong>Duurzame constructie:<\/strong> Suportul are un cadru acoperit cu pulbere, asigur\u00e2nd longevitate \u0219i rezisten\u021b\u0103 la uzur\u0103, potrivit pentru mediile de fitness riguroase.<\/li>\n\n\n\n<li><strong>Stabiel en compact:<\/strong> Cadrul s\u0103u stabil ofer\u0103 o solu\u021bie de depozitare sigur\u0103, p\u0103str\u00e2nd zona de antrenament \u00eengrijit\u0103 \u0219i organizat\u0103.<\/li>\n<\/ul>\n<\/div>\n\n\n\n<div class=\"wp-block-column is-vertically-aligned-center is-layout-flow wp-block-column-is-layout-flow\">\n<figure class=\"wp-block-video\"><video height=\"2160\" style=\"aspect-ratio: 3840 \/ 2160;\" width=\"3840\" autoplay=\"\" controls=\"\" loop=\"\" muted=\"\" src=\"https:\/\/evolve-fitness.eu\/wp-content\/uploads\/2023\/12\/1-2.mp4\"><\/video><\/figure>\n<\/div>\n<\/div>\n\n\n\n<div class=\"wp-block-columns alignwide is-layout-flex wp-container-core-columns-is-layout-c45ee707 wp-block-columns-is-layout-flex\" style=\"margin-bottom:var(--wp--preset--spacing--side-padding);padding-top:var(--wp--preset--spacing--side-padding)\">\n<div class=\"wp-block-column is-vertically-aligned-center is-layout-flow wp-block-column-is-layout-flow\">\n<figure class=\"wp-block-video\"><video height=\"2160\" style=\"aspect-ratio: 3840 \/ 2160;\" width=\"3840\" autoplay=\"\" controls=\"\" loop=\"\" muted=\"\" src=\"https:\/\/evolve-fitness.eu\/wp-content\/uploads\/2023\/12\/2-2.mp4\"><\/video><\/figure>\n<\/div>\n\n\n\n<div class=\"wp-block-column is-vertically-aligned-center is-layout-constrained wp-block-column-is-layout-constrained\">\n<h3 class=\"wp-block-heading\" style=\"margin-bottom:var(--wp--preset--spacing--h-3-bottom)\"><strong><strong><strong><strong><strong><strong><strong><strong><strong><strong>Wat is het doel van Evolve Aerobic?<\/strong><\/strong><\/strong><\/strong><\/strong><\/strong><\/strong><\/strong><\/strong><\/strong><\/h3>\n\n\n\n<p>Acest suport nu este doar o solu\u021bie de depozitare; este un accesoriu pentru c\u0103l\u0103toria dvs. de fitness. Fie c\u0103 este vorba de un centru de fitness profesionist sau de o sal\u0103 de gimnastic\u0103 personal\u0103, suportul nostru asigur\u0103 c\u0103 ganterele dvs. sunt \u00eentotdeauna la \u00eendem\u00e2n\u0103, organizate \u0219i depozitate \u00een siguran\u021b\u0103. Het elegante en mobiele ontwerp is ideaal voor fitnessprofessionals.    <\/p>\n<\/div>\n<\/div>\n\n\n\n<p class=\"has-text-align-center has-medium-2-font-size\">Investi\u021bi \u00een <strong>suportul pentru gantere Evolve Studio<\/strong> \u0219i experimenta\u021bi combina\u021bia perfect\u0103 de func\u021bionalitate, durabilitate \u0219i stil. Comanda\u021bi acum \u0219i ridica\u021bi spa\u021biul de fitness! <\/p>\n<\/section>\n","protected":false},"excerpt":{"rendered":"<p>Ridica\u021bi spa\u021biul de fitness cu suportul pentru haltere aerobice Evolve (EV-RS-SD-500), o solu\u021bie mobil\u0103 \u0219i eficient\u0103 din punct de vedere al spa\u021biului pentru organizarea halterelor aerobice \u0219i de vinil. Het ontwerp is verticaal, compact en gemakkelijk te bedienen met pulbere en is ideaal voor fitnessstudenten en sportscholen, omdat het gewicht van 34 kg zo stabiel is. Dankzij de transportkosten en -garantie is deze suport een perfect functioneel en duurzaam hulpmiddel voor fitnesspublieken die op zoek zijn naar een geschikt en toegankelijk fitnessapparaat.  <\/p>\n","protected":false},"featured_media":0,"template":"","meta":{"_acf_changed":false,"inline_featured_image":false},"product_brand":[],"product_cat":[13035],"product_tag":[],"class_list":{"0":"post-238525","1":"product","2":"type-product","3":"status-publish","5":"product_cat-hyrox-tandwiel","7":"first","8":"instock","9":"shipping-taxable","10":"purchasable","11":"product-type-simple"},"acf":{"long_title":"","subtitle":"","specifications":null,"product_frequently_asked_questions":null},"yoast_head":"<!-- This site is optimized with the Yoast SEO plugin v27.4 - https:\/\/yoast.com\/product\/yoast-seo-wordpress\/ -->\n<title>Evolve Studio Halterschijvenrek - Evolve<\/title>\n<meta name=\"robots\" content=\"index, follow, max-snippet:-1, max-image-preview:large, max-video-preview:-1\" \/>\n<link rel=\"canonical\" href=\"https:\/\/evolve-fitness.eu\/nl\/product\/evolve-studio-halterschijvenrek-2\/\" \/>\n<meta property=\"og:locale\" content=\"nl_NL\" \/>\n<meta property=\"og:type\" content=\"article\" \/>\n<meta property=\"og:title\" content=\"Evolve Studio Halterschijvenrek - Evolve\" \/>\n<meta property=\"og:url\" content=\"https:\/\/evolve-fitness.eu\/nl\/product\/evolve-studio-halterschijvenrek-2\/\" \/>\n<meta property=\"og:site_name\" content=\"Evolve\" \/>\n<meta property=\"article:publisher\" content=\"https:\/\/www.facebook.com\/EvolveFitnessEurope\" \/>\n<meta property=\"article:modified_time\" content=\"2026-04-23T06:54:42+00:00\" \/>\n<meta name=\"twitter:card\" content=\"summary_large_image\" \/>\n<script type=\"application\/ld+json\" class=\"yoast-schema-graph\">{\"@context\":\"https:\\\/\\\/schema.org\",\"@graph\":[{\"@type\":\"WebPage\",\"@id\":\"https:\\\/\\\/evolve-fitness.eu\\\/nl\\\/product\\\/evolve-studio-halterschijvenrek-2\\\/\",\"url\":\"https:\\\/\\\/evolve-fitness.eu\\\/nl\\\/product\\\/evolve-studio-halterschijvenrek-2\\\/\",\"name\":\"Evolve Studio Halterschijvenrek - Evolve\",\"isPartOf\":{\"@id\":\"https:\\\/\\\/evolve-fitness.eu\\\/nl\\\/#website\"},\"datePublished\":\"2023-11-15T09:38:39+00:00\",\"dateModified\":\"2026-04-23T06:54:42+00:00\",\"breadcrumb\":{\"@id\":\"https:\\\/\\\/evolve-fitness.eu\\\/nl\\\/product\\\/evolve-studio-halterschijvenrek-2\\\/#breadcrumb\"},\"inLanguage\":\"nl-NL\",\"potentialAction\":[{\"@type\":\"ReadAction\",\"target\":[\"https:\\\/\\\/evolve-fitness.eu\\\/nl\\\/product\\\/evolve-studio-halterschijvenrek-2\\\/\"]}]},{\"@type\":\"BreadcrumbList\",\"@id\":\"https:\\\/\\\/evolve-fitness.eu\\\/nl\\\/product\\\/evolve-studio-halterschijvenrek-2\\\/#breadcrumb\",\"itemListElement\":[{\"@type\":\"ListItem\",\"position\":1,\"name\":\"Home\",\"item\":\"https:\\\/\\\/evolve-fitness.eu\\\/nl\\\/\"},{\"@type\":\"ListItem\",\"position\":2,\"name\":\"Producten\",\"item\":\"https:\\\/\\\/evolve-fitness.eu\\\/nl\\\/shop\\\/\"},{\"@type\":\"ListItem\",\"position\":3,\"name\":\"Evolve Studio Halterschijvenrek\"}]},{\"@type\":\"WebSite\",\"@id\":\"https:\\\/\\\/evolve-fitness.eu\\\/nl\\\/#website\",\"url\":\"https:\\\/\\\/evolve-fitness.eu\\\/nl\\\/\",\"name\":\"Evolve\",\"description\":\"Your Evolved Gear Arrived\",\"publisher\":{\"@id\":\"https:\\\/\\\/evolve-fitness.eu\\\/nl\\\/#organization\"},\"potentialAction\":[{\"@type\":\"SearchAction\",\"target\":{\"@type\":\"EntryPoint\",\"urlTemplate\":\"https:\\\/\\\/evolve-fitness.eu\\\/nl\\\/?s={search_term_string}\"},\"query-input\":{\"@type\":\"PropertyValueSpecification\",\"valueRequired\":true,\"valueName\":\"search_term_string\"}}],\"inLanguage\":\"nl-NL\"},{\"@type\":\"Organization\",\"@id\":\"https:\\\/\\\/evolve-fitness.eu\\\/nl\\\/#organization\",\"name\":\"Evolve\",\"url\":\"https:\\\/\\\/evolve-fitness.eu\\\/nl\\\/\",\"logo\":{\"@type\":\"ImageObject\",\"inLanguage\":\"nl-NL\",\"@id\":\"https:\\\/\\\/evolve-fitness.eu\\\/nl\\\/#\\\/schema\\\/logo\\\/image\\\/\",\"url\":\"https:\\\/\\\/evolve-fitness.eu\\\/wp-content\\\/uploads\\\/2023\\\/05\\\/Evolve-logo.svg\",\"contentUrl\":\"https:\\\/\\\/evolve-fitness.eu\\\/wp-content\\\/uploads\\\/2023\\\/05\\\/Evolve-logo.svg\",\"width\":176,\"height\":20,\"caption\":\"Evolve\"},\"image\":{\"@id\":\"https:\\\/\\\/evolve-fitness.eu\\\/nl\\\/#\\\/schema\\\/logo\\\/image\\\/\"},\"sameAs\":[\"https:\\\/\\\/www.facebook.com\\\/EvolveFitnessEurope\"]}]}<\/script>\n<!-- \/ Yoast SEO plugin. -->","yoast_head_json":{"title":"Evolve Studio Halterschijvenrek - Evolve","robots":{"index":"index","follow":"follow","max-snippet":"max-snippet:-1","max-image-preview":"max-image-preview:large","max-video-preview":"max-video-preview:-1"},"canonical":"https:\/\/evolve-fitness.eu\/nl\/product\/evolve-studio-halterschijvenrek-2\/","og_locale":"nl_NL","og_type":"article","og_title":"Evolve Studio Halterschijvenrek - Evolve","og_url":"https:\/\/evolve-fitness.eu\/nl\/product\/evolve-studio-halterschijvenrek-2\/","og_site_name":"Evolve","article_publisher":"https:\/\/www.facebook.com\/EvolveFitnessEurope","article_modified_time":"2026-04-23T06:54:42+00:00","twitter_card":"summary_large_image","schema":{"@context":"https:\/\/schema.org","@graph":[{"@type":"WebPage","@id":"https:\/\/evolve-fitness.eu\/nl\/product\/evolve-studio-halterschijvenrek-2\/","url":"https:\/\/evolve-fitness.eu\/nl\/product\/evolve-studio-halterschijvenrek-2\/","name":"Evolve Studio Halterschijvenrek - Evolve","isPartOf":{"@id":"https:\/\/evolve-fitness.eu\/nl\/#website"},"datePublished":"2023-11-15T09:38:39+00:00","dateModified":"2026-04-23T06:54:42+00:00","breadcrumb":{"@id":"https:\/\/evolve-fitness.eu\/nl\/product\/evolve-studio-halterschijvenrek-2\/#breadcrumb"},"inLanguage":"nl-NL","potentialAction":[{"@type":"ReadAction","target":["https:\/\/evolve-fitness.eu\/nl\/product\/evolve-studio-halterschijvenrek-2\/"]}]},{"@type":"BreadcrumbList","@id":"https:\/\/evolve-fitness.eu\/nl\/product\/evolve-studio-halterschijvenrek-2\/#breadcrumb","itemListElement":[{"@type":"ListItem","position":1,"name":"Home","item":"https:\/\/evolve-fitness.eu\/nl\/"},{"@type":"ListItem","position":2,"name":"Producten","item":"https:\/\/evolve-fitness.eu\/nl\/shop\/"},{"@type":"ListItem","position":3,"name":"Evolve Studio Halterschijvenrek"}]},{"@type":"WebSite","@id":"https:\/\/evolve-fitness.eu\/nl\/#website","url":"https:\/\/evolve-fitness.eu\/nl\/","name":"Evolve","description":"Your Evolved Gear Arrived","publisher":{"@id":"https:\/\/evolve-fitness.eu\/nl\/#organization"},"potentialAction":[{"@type":"SearchAction","target":{"@type":"EntryPoint","urlTemplate":"https:\/\/evolve-fitness.eu\/nl\/?s={search_term_string}"},"query-input":{"@type":"PropertyValueSpecification","valueRequired":true,"valueName":"search_term_string"}}],"inLanguage":"nl-NL"},{"@type":"Organization","@id":"https:\/\/evolve-fitness.eu\/nl\/#organization","name":"Evolve","url":"https:\/\/evolve-fitness.eu\/nl\/","logo":{"@type":"ImageObject","inLanguage":"nl-NL","@id":"https:\/\/evolve-fitness.eu\/nl\/#\/schema\/logo\/image\/","url":"https:\/\/evolve-fitness.eu\/wp-content\/uploads\/2023\/05\/Evolve-logo.svg","contentUrl":"https:\/\/evolve-fitness.eu\/wp-content\/uploads\/2023\/05\/Evolve-logo.svg","width":176,"height":20,"caption":"Evolve"},"image":{"@id":"https:\/\/evolve-fitness.eu\/nl\/#\/schema\/logo\/image\/"},"sameAs":["https:\/\/www.facebook.com\/EvolveFitnessEurope"]}]}},"_links":{"self":[{"href":"https:\/\/evolve-fitness.eu\/nl\/wp-json\/wp\/v2\/product\/238525","targetHints":{"allow":["GET"]}}],"collection":[{"href":"https:\/\/evolve-fitness.eu\/nl\/wp-json\/wp\/v2\/product"}],"about":[{"href":"https:\/\/evolve-fitness.eu\/nl\/wp-json\/wp\/v2\/types\/product"}],"wp:attachment":[{"href":"https:\/\/evolve-fitness.eu\/nl\/wp-json\/wp\/v2\/media?parent=238525"}],"wp:term":[{"taxonomy":"product_brand","embeddable":true,"href":"https:\/\/evolve-fitness.eu\/nl\/wp-json\/wp\/v2\/product_brand?post=238525"},{"taxonomy":"product_cat","embeddable":true,"href":"https:\/\/evolve-fitness.eu\/nl\/wp-json\/wp\/v2\/product_cat?post=238525"},{"taxonomy":"product_tag","embeddable":true,"href":"https:\/\/evolve-fitness.eu\/nl\/wp-json\/wp\/v2\/product_tag?post=238525"}],"curies":[{"name":"wp","href":"https:\/\/api.w.org\/{rel}","templated":true}]}}